{"id":43822,"date":"2026-04-13T14:42:04","date_gmt":"2026-04-13T13:42:04","guid":{"rendered":"https:\/\/csefrs.lifemoz.com\/?post_type=product&#038;p=43822"},"modified":"2026-04-13T15:35:09","modified_gmt":"2026-04-13T14:35:09","slug":"enquete-internationale-sur-lenseignement-et-lapprentissage-talis-2024-maroc","status":"publish","type":"product","link":"https:\/\/csefrs.lifemoz.com\/fr\/publications\/enquete-internationale-sur-lenseignement-et-lapprentissage-talis-2024-maroc\/","title":{"rendered":"Enqu\u00eate internationale sur l&rsquo;enseignement et l&rsquo;apprentissage TALIS 2024 &#8211; Maroc"},"content":{"rendered":"<div class=\"wpb-content-wrapper\"><div class=\"vc_row wpb_row vc_row-fluid\"><div class=\"wpb_column vc_column_container vc_col-sm-12\"><div class=\"vc_column-inner\"><div class=\"wpb_wrapper\">\n\t<div class=\"wpb_text_column wpb_content_element \" >\n\t\t<div class=\"wpb_wrapper\">\n\t\t\t<p style=\"text-align: justify;\"><a class=\"download-button-intern-fr\" href=\"https:\/\/www.csefrs.ma\/wp-content\/uploads\/2026\/03\/Rapport-TALIS-Fr-23-03.pdf\" target=\"_blank\" rel=\"noopener\"> T\u00e9l\u00e9charger le rapport<\/a><\/p>\n<p style=\"text-align: justify;\"><a class=\"download-button-intern-fr\" href=\"https:\/\/www.csefrs.ma\/wp-content\/uploads\/2026\/03\/Resume-Rapport-Talis-2024-AR.pdf\" target=\"_blank\" rel=\"noopener\">T\u00e9l\u00e9charger le r\u00e9sum\u00e9 du rapport (Arabe)<\/a><\/p>\n<p style=\"text-align: justify;\"><a class=\"download-button-intern-fr\" href=\"https:\/\/www.csefrs.ma\/wp-content\/uploads\/2026\/03\/Resume-TALIS-2024-V-Fr.pdf\" target=\"_blank\" rel=\"noopener\"> T\u00e9l\u00e9charger le r\u00e9sum\u00e9 du rapport<\/a><\/p>\n<p style=\"text-align: justify;\"><a class=\"download-button-intern-fr\" href=\"https:\/\/www.csefrs.ma\/wp-content\/uploads\/2026\/03\/Resume-TALIS-2024-V-EN.pdf\" target=\"_blank\" rel=\"noopener\"> T\u00e9l\u00e9charger le r\u00e9sum\u00e9 du rapport (Anglais)<\/a><\/p>\n\n\t\t<\/div>\n\t<\/div>\n<\/div><\/div><\/div><\/div>\n<\/div>","protected":false},"excerpt":{"rendered":"<p>T\u00e9l\u00e9charger le rapport T\u00e9l\u00e9charger le r\u00e9sum\u00e9 du rapport (Arabe) T\u00e9l\u00e9charger le r\u00e9sum\u00e9 du rapport T\u00e9l\u00e9charger le r\u00e9sum\u00e9 du rapport (Anglais)<\/p>\n","protected":false},"featured_media":43809,"template":"","meta":[],"product_brand":[],"product_cat":[505,506],"product_tag":[],"class_list":{"0":"post-43822","1":"product","2":"type-product","3":"status-publish","4":"has-post-thumbnail","6":"product_cat-rapports","7":"product_cat-rapports-devaluation-etudes","8":"description-off","10":"first","11":"instock","12":"downloadable","13":"sold-individually","14":"shipping-taxable","15":"purchasable","16":"product-type-simple"},"yoast_head":"<!-- This site is optimized with the Yoast SEO plugin v27.4 - https:\/\/yoast.com\/product\/yoast-seo-wordpress\/ -->\n<title>Enqu\u00eate internationale sur l&#039;enseignement et l&#039;apprentissage TALIS 2024 - Maroc - Conseil sup\u00e9rieur de l\u2019\u00e9ducation, de la formation et de la recherche scientifique<\/title>\n<meta name=\"robots\" content=\"noindex, follow, max-snippet:-1, max-image-preview:large, max-video-preview:-1\" \/>\n<meta property=\"og:locale\" content=\"fr_FR\" \/>\n<meta property=\"og:type\" content=\"article\" \/>\n<meta property=\"og:title\" content=\"Enqu\u00eate internationale sur l&#039;enseignement et l&#039;apprentissage TALIS 2024 - Maroc - Conseil sup\u00e9rieur de l\u2019\u00e9ducation, de la formation et de la recherche scientifique\" \/>\n<meta property=\"og:url\" content=\"https:\/\/csefrs.lifemoz.com\/fr\/publications\/enquete-internationale-sur-lenseignement-et-lapprentissage-talis-2024-maroc\/\" \/>\n<meta property=\"og:site_name\" content=\"Conseil sup\u00e9rieur de l\u2019\u00e9ducation, de la formation et de la recherche scientifique\" \/>\n<meta property=\"article:modified_time\" content=\"2026-04-13T14:35:09+00:00\" \/>\n<meta property=\"og:image\" content=\"https:\/\/csefrs.lifemoz.com\/wp-content\/uploads\/2026\/04\/talis.jpg\" \/>\n\t<meta property=\"og:image:width\" content=\"535\" \/>\n\t<meta property=\"og:image:height\" content=\"757\" \/>\n\t<meta property=\"og:image:type\" content=\"image\/jpeg\" \/>\n<meta name=\"twitter:card\" content=\"summary_large_image\" \/>\n<script type=\"application\/ld+json\" class=\"yoast-schema-graph\">{\"@context\":\"https:\\\/\\\/schema.org\",\"@graph\":[{\"@type\":\"WebPage\",\"@id\":\"https:\\\/\\\/csefrs.lifemoz.com\\\/fr\\\/publications\\\/enquete-internationale-sur-lenseignement-et-lapprentissage-talis-2024-maroc\\\/\",\"url\":\"https:\\\/\\\/csefrs.lifemoz.com\\\/fr\\\/publications\\\/enquete-internationale-sur-lenseignement-et-lapprentissage-talis-2024-maroc\\\/\",\"name\":\"Enqu\u00eate internationale sur l'enseignement et l'apprentissage TALIS 2024 - Maroc - Conseil sup\u00e9rieur de l\u2019\u00e9ducation, de la formation et de la recherche scientifique\",\"isPartOf\":{\"@id\":\"https:\\\/\\\/csefrs.lifemoz.com\\\/#website\"},\"primaryImageOfPage\":{\"@id\":\"https:\\\/\\\/csefrs.lifemoz.com\\\/fr\\\/publications\\\/enquete-internationale-sur-lenseignement-et-lapprentissage-talis-2024-maroc\\\/#primaryimage\"},\"image\":{\"@id\":\"https:\\\/\\\/csefrs.lifemoz.com\\\/fr\\\/publications\\\/enquete-internationale-sur-lenseignement-et-lapprentissage-talis-2024-maroc\\\/#primaryimage\"},\"thumbnailUrl\":\"https:\\\/\\\/csefrs.lifemoz.com\\\/wp-content\\\/uploads\\\/2026\\\/04\\\/talis.jpg\",\"datePublished\":\"2026-04-13T13:42:04+00:00\",\"dateModified\":\"2026-04-13T14:35:09+00:00\",\"breadcrumb\":{\"@id\":\"https:\\\/\\\/csefrs.lifemoz.com\\\/fr\\\/publications\\\/enquete-internationale-sur-lenseignement-et-lapprentissage-talis-2024-maroc\\\/#breadcrumb\"},\"inLanguage\":\"fr-FR\",\"potentialAction\":[{\"@type\":\"ReadAction\",\"target\":[\"https:\\\/\\\/csefrs.lifemoz.com\\\/fr\\\/publications\\\/enquete-internationale-sur-lenseignement-et-lapprentissage-talis-2024-maroc\\\/\"]}]},{\"@type\":\"ImageObject\",\"inLanguage\":\"fr-FR\",\"@id\":\"https:\\\/\\\/csefrs.lifemoz.com\\\/fr\\\/publications\\\/enquete-internationale-sur-lenseignement-et-lapprentissage-talis-2024-maroc\\\/#primaryimage\",\"url\":\"https:\\\/\\\/csefrs.lifemoz.com\\\/wp-content\\\/uploads\\\/2026\\\/04\\\/talis.jpg\",\"contentUrl\":\"https:\\\/\\\/csefrs.lifemoz.com\\\/wp-content\\\/uploads\\\/2026\\\/04\\\/talis.jpg\",\"width\":535,\"height\":757},{\"@type\":\"BreadcrumbList\",\"@id\":\"https:\\\/\\\/csefrs.lifemoz.com\\\/fr\\\/publications\\\/enquete-internationale-sur-lenseignement-et-lapprentissage-talis-2024-maroc\\\/#breadcrumb\",\"itemListElement\":[{\"@type\":\"ListItem\",\"position\":1,\"name\":\"Accueil\",\"item\":\"https:\\\/\\\/csefrs.lifemoz.com\\\/fr\\\/\"},{\"@type\":\"ListItem\",\"position\":2,\"name\":\"Publications\",\"item\":\"https:\\\/\\\/csefrs.lifemoz.com\\\/\u0627\u0644\u0645\u0646\u0634\u0648\u0631\u0627\u062a\\\/\"},{\"@type\":\"ListItem\",\"position\":3,\"name\":\"Enqu\u00eate internationale sur l&rsquo;enseignement et l&rsquo;apprentissage TALIS 2024 &#8211; Maroc\"}]},{\"@type\":\"WebSite\",\"@id\":\"https:\\\/\\\/csefrs.lifemoz.com\\\/#website\",\"url\":\"https:\\\/\\\/csefrs.lifemoz.com\\\/\",\"name\":\"Conseil sup\u00e9rieur de l\u2019\u00e9ducation, de la formation et de la recherche scientifique\",\"description\":\"\",\"potentialAction\":[{\"@type\":\"SearchAction\",\"target\":{\"@type\":\"EntryPoint\",\"urlTemplate\":\"https:\\\/\\\/csefrs.lifemoz.com\\\/?s={search_term_string}\"},\"query-input\":{\"@type\":\"PropertyValueSpecification\",\"valueRequired\":true,\"valueName\":\"search_term_string\"}}],\"inLanguage\":\"fr-FR\"}]}<\/script>\n<!-- \/ Yoast SEO plugin. -->","yoast_head_json":{"title":"Enqu\u00eate internationale sur l'enseignement et l'apprentissage TALIS 2024 - Maroc - Conseil sup\u00e9rieur de l\u2019\u00e9ducation, de la formation et de la recherche scientifique","robots":{"index":"noindex","follow":"follow","max-snippet":"max-snippet:-1","max-image-preview":"max-image-preview:large","max-video-preview":"max-video-preview:-1"},"og_locale":"fr_FR","og_type":"article","og_title":"Enqu\u00eate internationale sur l'enseignement et l'apprentissage TALIS 2024 - Maroc - Conseil sup\u00e9rieur de l\u2019\u00e9ducation, de la formation et de la recherche scientifique","og_url":"https:\/\/csefrs.lifemoz.com\/fr\/publications\/enquete-internationale-sur-lenseignement-et-lapprentissage-talis-2024-maroc\/","og_site_name":"Conseil sup\u00e9rieur de l\u2019\u00e9ducation, de la formation et de la recherche scientifique","article_modified_time":"2026-04-13T14:35:09+00:00","og_image":[{"width":535,"height":757,"url":"https:\/\/csefrs.lifemoz.com\/wp-content\/uploads\/2026\/04\/talis.jpg","type":"image\/jpeg"}],"twitter_card":"summary_large_image","schema":{"@context":"https:\/\/schema.org","@graph":[{"@type":"WebPage","@id":"https:\/\/csefrs.lifemoz.com\/fr\/publications\/enquete-internationale-sur-lenseignement-et-lapprentissage-talis-2024-maroc\/","url":"https:\/\/csefrs.lifemoz.com\/fr\/publications\/enquete-internationale-sur-lenseignement-et-lapprentissage-talis-2024-maroc\/","name":"Enqu\u00eate internationale sur l'enseignement et l'apprentissage TALIS 2024 - Maroc - Conseil sup\u00e9rieur de l\u2019\u00e9ducation, de la formation et de la recherche scientifique","isPartOf":{"@id":"https:\/\/csefrs.lifemoz.com\/#website"},"primaryImageOfPage":{"@id":"https:\/\/csefrs.lifemoz.com\/fr\/publications\/enquete-internationale-sur-lenseignement-et-lapprentissage-talis-2024-maroc\/#primaryimage"},"image":{"@id":"https:\/\/csefrs.lifemoz.com\/fr\/publications\/enquete-internationale-sur-lenseignement-et-lapprentissage-talis-2024-maroc\/#primaryimage"},"thumbnailUrl":"https:\/\/csefrs.lifemoz.com\/wp-content\/uploads\/2026\/04\/talis.jpg","datePublished":"2026-04-13T13:42:04+00:00","dateModified":"2026-04-13T14:35:09+00:00","breadcrumb":{"@id":"https:\/\/csefrs.lifemoz.com\/fr\/publications\/enquete-internationale-sur-lenseignement-et-lapprentissage-talis-2024-maroc\/#breadcrumb"},"inLanguage":"fr-FR","potentialAction":[{"@type":"ReadAction","target":["https:\/\/csefrs.lifemoz.com\/fr\/publications\/enquete-internationale-sur-lenseignement-et-lapprentissage-talis-2024-maroc\/"]}]},{"@type":"ImageObject","inLanguage":"fr-FR","@id":"https:\/\/csefrs.lifemoz.com\/fr\/publications\/enquete-internationale-sur-lenseignement-et-lapprentissage-talis-2024-maroc\/#primaryimage","url":"https:\/\/csefrs.lifemoz.com\/wp-content\/uploads\/2026\/04\/talis.jpg","contentUrl":"https:\/\/csefrs.lifemoz.com\/wp-content\/uploads\/2026\/04\/talis.jpg","width":535,"height":757},{"@type":"BreadcrumbList","@id":"https:\/\/csefrs.lifemoz.com\/fr\/publications\/enquete-internationale-sur-lenseignement-et-lapprentissage-talis-2024-maroc\/#breadcrumb","itemListElement":[{"@type":"ListItem","position":1,"name":"Accueil","item":"https:\/\/csefrs.lifemoz.com\/fr\/"},{"@type":"ListItem","position":2,"name":"Publications","item":"https:\/\/csefrs.lifemoz.com\/\u0627\u0644\u0645\u0646\u0634\u0648\u0631\u0627\u062a\/"},{"@type":"ListItem","position":3,"name":"Enqu\u00eate internationale sur l&rsquo;enseignement et l&rsquo;apprentissage TALIS 2024 &#8211; Maroc"}]},{"@type":"WebSite","@id":"https:\/\/csefrs.lifemoz.com\/#website","url":"https:\/\/csefrs.lifemoz.com\/","name":"Conseil sup\u00e9rieur de l\u2019\u00e9ducation, de la formation et de la recherche scientifique","description":"","potentialAction":[{"@type":"SearchAction","target":{"@type":"EntryPoint","urlTemplate":"https:\/\/csefrs.lifemoz.com\/?s={search_term_string}"},"query-input":{"@type":"PropertyValueSpecification","valueRequired":true,"valueName":"search_term_string"}}],"inLanguage":"fr-FR"}]}},"_links":{"self":[{"href":"https:\/\/csefrs.lifemoz.com\/fr\/wp-json\/wp\/v2\/product\/43822","targetHints":{"allow":["GET"]}}],"collection":[{"href":"https:\/\/csefrs.lifemoz.com\/fr\/wp-json\/wp\/v2\/product"}],"about":[{"href":"https:\/\/csefrs.lifemoz.com\/fr\/wp-json\/wp\/v2\/types\/product"}],"wp:featuredmedia":[{"embeddable":true,"href":"https:\/\/csefrs.lifemoz.com\/fr\/wp-json\/wp\/v2\/media\/43809"}],"wp:attachment":[{"href":"https:\/\/csefrs.lifemoz.com\/fr\/wp-json\/wp\/v2\/media?parent=43822"}],"wp:term":[{"taxonomy":"product_brand","embeddable":true,"href":"https:\/\/csefrs.lifemoz.com\/fr\/wp-json\/wp\/v2\/product_brand?post=43822"},{"taxonomy":"product_cat","embeddable":true,"href":"https:\/\/csefrs.lifemoz.com\/fr\/wp-json\/wp\/v2\/product_cat?post=43822"},{"taxonomy":"product_tag","embeddable":true,"href":"https:\/\/csefrs.lifemoz.com\/fr\/wp-json\/wp\/v2\/product_tag?post=43822"}],"curies":[{"name":"wp","href":"https:\/\/api.w.org\/{rel}","templated":true}]}}