{"id":43815,"date":"2026-04-13T14:31:42","date_gmt":"2026-04-13T13:31:42","guid":{"rendered":"https:\/\/csefrs.lifemoz.com\/?post_type=product&#038;p=43815"},"modified":"2026-04-13T15:12:18","modified_gmt":"2026-04-13T14:12:18","slug":"levaluation-du-prescolaire-au-maroc","status":"publish","type":"product","link":"https:\/\/csefrs.lifemoz.com\/fr\/publications\/levaluation-du-prescolaire-au-maroc\/","title":{"rendered":"L&rsquo;\u00e9valuation du pr\u00e9scolaire au Maroc"},"content":{"rendered":"<div class=\"wpb-content-wrapper\"><div class=\"vc_row wpb_row vc_row-fluid\"><div class=\"wpb_column vc_column_container vc_col-sm-12\"><div class=\"vc_column-inner\"><div class=\"wpb_wrapper\">\n\t<div class=\"wpb_text_column wpb_content_element \" >\n\t\t<div class=\"wpb_wrapper\">\n\t\t\t<p>R\u00e9alis\u00e9e par l\u2019Instance Nationale d\u2019\u00c9valuation aupr\u00e8s du Conseil Sup\u00e9rieur de l\u2019\u00c9ducation, de la Formation et de la Recherche Scientifique, en partenariat avec l\u2019UNICEF, cette \u00e9valuation analyse la situation de l\u2019enseignement pr\u00e9scolaire au Maroc dans un contexte de transformations structurelles.<\/p>\n<p>Elle porte sur la qualit\u00e9 des environnements d\u2019apprentissage, les conditions d\u2019accueil et les pratiques p\u00e9dagogiques, ainsi que sur les comp\u00e9tences socio-\u00e9motionnelles et cognitives, et les fonctions ex\u00e9cutives d\u00e9velopp\u00e9es par les enfants \u00e0 la fin du pr\u00e9scolaire, en tenant compte de la diversit\u00e9 des milieux (urbains et ruraux) et des modes d\u2019offre (public, partenariat, priv\u00e9 et non structur\u00e9).<\/p>\n<p>Le rapport s\u2019articule autour de plusieurs axes couvrant la m\u00e9thodologie d\u2019\u00e9valuation, les politiques publiques et la dynamique de g\u00e9n\u00e9ralisation du pr\u00e9scolaire, l\u2019\u00e9valuation des comp\u00e9tences pr\u00e9coces, l\u2019environnement d\u2019apprentissage, les profils et conditions professionnelles des \u00e9ducatrices et \u00e9ducateurs, les pratiques \u00e9ducatives, ainsi que les d\u00e9fis et perspectives.<\/p>\n<p>Sur le plan m\u00e9thodologique, l\u2019\u00e9valuation adopte une approche globale combinant analyse documentaire, examen des r\u00e9f\u00e9rentiels juridiques, revue de la litt\u00e9rature internationale et collecte de donn\u00e9es de terrain quantitatives et qualitatives. Elle mobilise le cadre international MELQO, adapt\u00e9 au contexte marocain, et repose sur une \u00e9valuation \u00e0 double volet portant sur les acquis des enfants et la qualit\u00e9 des environnements d\u2019apprentissage.<\/p>\n<p>L\u2019\u00e9valuation porte sur un \u00e9chantillon repr\u00e9sentatif de 871 enfants r\u00e9partis dans 180 unit\u00e9s repr\u00e9sentant les diff\u00e9rents types d\u2019enseignement pr\u00e9scolaire. Elle concerne \u00e9galement 180 \u00e9ducatrices et \u00e9ducateurs, 180 responsables d\u2019\u00e9tablissements, 624 parents, ainsi que 180 s\u00e9ances d\u2019observation en classe.<\/p>\n<p style=\"text-align: justify;\"><a class=\"download-button-intern-fr\" href=\"https:\/\/csefrs.lifemoz.com\/wp-content\/uploads\/woocommerce_uploads\/2026\/04\/Rapport-Prescolaire-FR-24-02-1.pdf\" target=\"_blank\" rel=\"noopener\">T\u00e9l\u00e9charger le rapport<\/a><\/p>\n\n\t\t<\/div>\n\t<\/div>\n<\/div><\/div><\/div><\/div>\n<\/div>","protected":false},"excerpt":{"rendered":"<p>R\u00e9alis\u00e9e par l\u2019Instance Nationale d\u2019\u00c9valuation aupr\u00e8s du Conseil Sup\u00e9rieur de l\u2019\u00c9ducation, de la Formation et de la Recherche Scientifique, en partenariat avec l\u2019UNICEF, cette \u00e9valuation analyse la situation de l\u2019enseignement&hellip;<\/p>\n","protected":false},"featured_media":43816,"template":"","meta":[],"product_brand":[],"product_cat":[505,506],"product_tag":[],"class_list":{"0":"post-43815","1":"product","2":"type-product","3":"status-publish","4":"has-post-thumbnail","6":"product_cat-rapports","7":"product_cat-rapports-devaluation-etudes","8":"description-off","10":"first","11":"instock","12":"downloadable","13":"sold-individually","14":"shipping-taxable","15":"purchasable","16":"product-type-simple"},"yoast_head":"<!-- This site is optimized with the Yoast SEO plugin v27.4 - https:\/\/yoast.com\/product\/yoast-seo-wordpress\/ -->\n<title>L&#039;\u00e9valuation du pr\u00e9scolaire au Maroc - Conseil sup\u00e9rieur de l\u2019\u00e9ducation, de la formation et de la recherche scientifique<\/title>\n<meta name=\"robots\" content=\"noindex, follow, max-snippet:-1, max-image-preview:large, max-video-preview:-1\" \/>\n<meta property=\"og:locale\" content=\"fr_FR\" \/>\n<meta property=\"og:type\" content=\"article\" \/>\n<meta property=\"og:title\" content=\"L&#039;\u00e9valuation du pr\u00e9scolaire au Maroc - Conseil sup\u00e9rieur de l\u2019\u00e9ducation, de la formation et de la recherche scientifique\" \/>\n<meta property=\"og:url\" content=\"https:\/\/csefrs.lifemoz.com\/\u0627\u0644\u0645\u0646\u0634\u0648\u0631\u0627\u062a\/\u062a\u0642\u064a\u064a\u0645-\u0627\u0644\u062a\u0639\u0644\u064a\u0645-\u0627\u0644\u0623\u0648\u0644\u064a-\u0628\u0627\u0644\u0645\u063a\u0631\u0628\/\" \/>\n<meta property=\"og:site_name\" content=\"Conseil sup\u00e9rieur de l\u2019\u00e9ducation, de la formation et de la recherche scientifique\" \/>\n<meta property=\"article:modified_time\" content=\"2026-04-13T14:12:18+00:00\" \/>\n<meta property=\"og:image\" content=\"https:\/\/csefrs.lifemoz.com\/wp-content\/uploads\/2026\/04\/rapport-prescolaire-1.jpg\" \/>\n\t<meta property=\"og:image:width\" content=\"535\" \/>\n\t<meta property=\"og:image:height\" content=\"757\" \/>\n\t<meta property=\"og:image:type\" content=\"image\/jpeg\" \/>\n<meta name=\"twitter:card\" content=\"summary_large_image\" \/>\n<meta name=\"twitter:label1\" content=\"Dur\u00e9e de lecture estim\u00e9e\" \/>\n\t<meta name=\"twitter:data1\" content=\"2 minutes\" \/>\n<script type=\"application\/ld+json\" class=\"yoast-schema-graph\">{\"@context\":\"https:\\\/\\\/schema.org\",\"@graph\":[{\"@type\":\"WebPage\",\"@id\":\"https:\\\/\\\/csefrs.lifemoz.com\\\/\u0627\u0644\u0645\u0646\u0634\u0648\u0631\u0627\u062a\\\/%d8%aa%d9%82%d9%8a%d9%8a%d9%85-%d8%a7%d9%84%d8%aa%d8%b9%d9%84%d9%8a%d9%85-%d8%a7%d9%84%d8%a3%d9%88%d9%84%d9%8a-%d8%a8%d8%a7%d9%84%d9%85%d8%ba%d8%b1%d8%a8\\\/\",\"url\":\"https:\\\/\\\/csefrs.lifemoz.com\\\/\u0627\u0644\u0645\u0646\u0634\u0648\u0631\u0627\u062a\\\/%d8%aa%d9%82%d9%8a%d9%8a%d9%85-%d8%a7%d9%84%d8%aa%d8%b9%d9%84%d9%8a%d9%85-%d8%a7%d9%84%d8%a3%d9%88%d9%84%d9%8a-%d8%a8%d8%a7%d9%84%d9%85%d8%ba%d8%b1%d8%a8\\\/\",\"name\":\"L'\u00e9valuation du pr\u00e9scolaire au Maroc - Conseil sup\u00e9rieur de l\u2019\u00e9ducation, de la formation et de la recherche scientifique\",\"isPartOf\":{\"@id\":\"https:\\\/\\\/csefrs.lifemoz.com\\\/#website\"},\"primaryImageOfPage\":{\"@id\":\"https:\\\/\\\/csefrs.lifemoz.com\\\/\u0627\u0644\u0645\u0646\u0634\u0648\u0631\u0627\u062a\\\/%d8%aa%d9%82%d9%8a%d9%8a%d9%85-%d8%a7%d9%84%d8%aa%d8%b9%d9%84%d9%8a%d9%85-%d8%a7%d9%84%d8%a3%d9%88%d9%84%d9%8a-%d8%a8%d8%a7%d9%84%d9%85%d8%ba%d8%b1%d8%a8\\\/#primaryimage\"},\"image\":{\"@id\":\"https:\\\/\\\/csefrs.lifemoz.com\\\/\u0627\u0644\u0645\u0646\u0634\u0648\u0631\u0627\u062a\\\/%d8%aa%d9%82%d9%8a%d9%8a%d9%85-%d8%a7%d9%84%d8%aa%d8%b9%d9%84%d9%8a%d9%85-%d8%a7%d9%84%d8%a3%d9%88%d9%84%d9%8a-%d8%a8%d8%a7%d9%84%d9%85%d8%ba%d8%b1%d8%a8\\\/#primaryimage\"},\"thumbnailUrl\":\"https:\\\/\\\/csefrs.lifemoz.com\\\/wp-content\\\/uploads\\\/2026\\\/04\\\/rapport-prescolaire-1.jpg\",\"datePublished\":\"2026-04-13T13:31:42+00:00\",\"dateModified\":\"2026-04-13T14:12:18+00:00\",\"breadcrumb\":{\"@id\":\"https:\\\/\\\/csefrs.lifemoz.com\\\/\u0627\u0644\u0645\u0646\u0634\u0648\u0631\u0627\u062a\\\/%d8%aa%d9%82%d9%8a%d9%8a%d9%85-%d8%a7%d9%84%d8%aa%d8%b9%d9%84%d9%8a%d9%85-%d8%a7%d9%84%d8%a3%d9%88%d9%84%d9%8a-%d8%a8%d8%a7%d9%84%d9%85%d8%ba%d8%b1%d8%a8\\\/#breadcrumb\"},\"inLanguage\":\"fr-FR\",\"potentialAction\":[{\"@type\":\"ReadAction\",\"target\":[\"https:\\\/\\\/csefrs.lifemoz.com\\\/\u0627\u0644\u0645\u0646\u0634\u0648\u0631\u0627\u062a\\\/%d8%aa%d9%82%d9%8a%d9%8a%d9%85-%d8%a7%d9%84%d8%aa%d8%b9%d9%84%d9%8a%d9%85-%d8%a7%d9%84%d8%a3%d9%88%d9%84%d9%8a-%d8%a8%d8%a7%d9%84%d9%85%d8%ba%d8%b1%d8%a8\\\/\"]}]},{\"@type\":\"ImageObject\",\"inLanguage\":\"fr-FR\",\"@id\":\"https:\\\/\\\/csefrs.lifemoz.com\\\/\u0627\u0644\u0645\u0646\u0634\u0648\u0631\u0627\u062a\\\/%d8%aa%d9%82%d9%8a%d9%8a%d9%85-%d8%a7%d9%84%d8%aa%d8%b9%d9%84%d9%8a%d9%85-%d8%a7%d9%84%d8%a3%d9%88%d9%84%d9%8a-%d8%a8%d8%a7%d9%84%d9%85%d8%ba%d8%b1%d8%a8\\\/#primaryimage\",\"url\":\"https:\\\/\\\/csefrs.lifemoz.com\\\/wp-content\\\/uploads\\\/2026\\\/04\\\/rapport-prescolaire-1.jpg\",\"contentUrl\":\"https:\\\/\\\/csefrs.lifemoz.com\\\/wp-content\\\/uploads\\\/2026\\\/04\\\/rapport-prescolaire-1.jpg\",\"width\":535,\"height\":757},{\"@type\":\"BreadcrumbList\",\"@id\":\"https:\\\/\\\/csefrs.lifemoz.com\\\/\u0627\u0644\u0645\u0646\u0634\u0648\u0631\u0627\u062a\\\/%d8%aa%d9%82%d9%8a%d9%8a%d9%85-%d8%a7%d9%84%d8%aa%d8%b9%d9%84%d9%8a%d9%85-%d8%a7%d9%84%d8%a3%d9%88%d9%84%d9%8a-%d8%a8%d8%a7%d9%84%d9%85%d8%ba%d8%b1%d8%a8\\\/#breadcrumb\",\"itemListElement\":[{\"@type\":\"ListItem\",\"position\":1,\"name\":\"Accueil\",\"item\":\"https:\\\/\\\/csefrs.lifemoz.com\\\/fr\\\/\"},{\"@type\":\"ListItem\",\"position\":2,\"name\":\"Publications\",\"item\":\"https:\\\/\\\/csefrs.lifemoz.com\\\/\u0627\u0644\u0645\u0646\u0634\u0648\u0631\u0627\u062a\\\/\"},{\"@type\":\"ListItem\",\"position\":3,\"name\":\"L&#8217;\u00e9valuation du pr\u00e9scolaire au Maroc\"}]},{\"@type\":\"WebSite\",\"@id\":\"https:\\\/\\\/csefrs.lifemoz.com\\\/#website\",\"url\":\"https:\\\/\\\/csefrs.lifemoz.com\\\/\",\"name\":\"Conseil sup\u00e9rieur de l\u2019\u00e9ducation, de la formation et de la recherche scientifique\",\"description\":\"\",\"potentialAction\":[{\"@type\":\"SearchAction\",\"target\":{\"@type\":\"EntryPoint\",\"urlTemplate\":\"https:\\\/\\\/csefrs.lifemoz.com\\\/?s={search_term_string}\"},\"query-input\":{\"@type\":\"PropertyValueSpecification\",\"valueRequired\":true,\"valueName\":\"search_term_string\"}}],\"inLanguage\":\"fr-FR\"}]}<\/script>\n<!-- \/ Yoast SEO plugin. -->","yoast_head_json":{"title":"L'\u00e9valuation du pr\u00e9scolaire au Maroc - Conseil sup\u00e9rieur de l\u2019\u00e9ducation, de la formation et de la recherche scientifique","robots":{"index":"noindex","follow":"follow","max-snippet":"max-snippet:-1","max-image-preview":"max-image-preview:large","max-video-preview":"max-video-preview:-1"},"og_locale":"fr_FR","og_type":"article","og_title":"L'\u00e9valuation du pr\u00e9scolaire au Maroc - Conseil sup\u00e9rieur de l\u2019\u00e9ducation, de la formation et de la recherche scientifique","og_url":"https:\/\/csefrs.lifemoz.com\/\u0627\u0644\u0645\u0646\u0634\u0648\u0631\u0627\u062a\/\u062a\u0642\u064a\u064a\u0645-\u0627\u0644\u062a\u0639\u0644\u064a\u0645-\u0627\u0644\u0623\u0648\u0644\u064a-\u0628\u0627\u0644\u0645\u063a\u0631\u0628\/","og_site_name":"Conseil sup\u00e9rieur de l\u2019\u00e9ducation, de la formation et de la recherche scientifique","article_modified_time":"2026-04-13T14:12:18+00:00","og_image":[{"width":535,"height":757,"url":"https:\/\/csefrs.lifemoz.com\/wp-content\/uploads\/2026\/04\/rapport-prescolaire-1.jpg","type":"image\/jpeg"}],"twitter_card":"summary_large_image","twitter_misc":{"Dur\u00e9e de lecture estim\u00e9e":"2 minutes"},"schema":{"@context":"https:\/\/schema.org","@graph":[{"@type":"WebPage","@id":"https:\/\/csefrs.lifemoz.com\/\u0627\u0644\u0645\u0646\u0634\u0648\u0631\u0627\u062a\/%d8%aa%d9%82%d9%8a%d9%8a%d9%85-%d8%a7%d9%84%d8%aa%d8%b9%d9%84%d9%8a%d9%85-%d8%a7%d9%84%d8%a3%d9%88%d9%84%d9%8a-%d8%a8%d8%a7%d9%84%d9%85%d8%ba%d8%b1%d8%a8\/","url":"https:\/\/csefrs.lifemoz.com\/\u0627\u0644\u0645\u0646\u0634\u0648\u0631\u0627\u062a\/%d8%aa%d9%82%d9%8a%d9%8a%d9%85-%d8%a7%d9%84%d8%aa%d8%b9%d9%84%d9%8a%d9%85-%d8%a7%d9%84%d8%a3%d9%88%d9%84%d9%8a-%d8%a8%d8%a7%d9%84%d9%85%d8%ba%d8%b1%d8%a8\/","name":"L'\u00e9valuation du pr\u00e9scolaire au Maroc - Conseil sup\u00e9rieur de l\u2019\u00e9ducation, de la formation et de la recherche scientifique","isPartOf":{"@id":"https:\/\/csefrs.lifemoz.com\/#website"},"primaryImageOfPage":{"@id":"https:\/\/csefrs.lifemoz.com\/\u0627\u0644\u0645\u0646\u0634\u0648\u0631\u0627\u062a\/%d8%aa%d9%82%d9%8a%d9%8a%d9%85-%d8%a7%d9%84%d8%aa%d8%b9%d9%84%d9%8a%d9%85-%d8%a7%d9%84%d8%a3%d9%88%d9%84%d9%8a-%d8%a8%d8%a7%d9%84%d9%85%d8%ba%d8%b1%d8%a8\/#primaryimage"},"image":{"@id":"https:\/\/csefrs.lifemoz.com\/\u0627\u0644\u0645\u0646\u0634\u0648\u0631\u0627\u062a\/%d8%aa%d9%82%d9%8a%d9%8a%d9%85-%d8%a7%d9%84%d8%aa%d8%b9%d9%84%d9%8a%d9%85-%d8%a7%d9%84%d8%a3%d9%88%d9%84%d9%8a-%d8%a8%d8%a7%d9%84%d9%85%d8%ba%d8%b1%d8%a8\/#primaryimage"},"thumbnailUrl":"https:\/\/csefrs.lifemoz.com\/wp-content\/uploads\/2026\/04\/rapport-prescolaire-1.jpg","datePublished":"2026-04-13T13:31:42+00:00","dateModified":"2026-04-13T14:12:18+00:00","breadcrumb":{"@id":"https:\/\/csefrs.lifemoz.com\/\u0627\u0644\u0645\u0646\u0634\u0648\u0631\u0627\u062a\/%d8%aa%d9%82%d9%8a%d9%8a%d9%85-%d8%a7%d9%84%d8%aa%d8%b9%d9%84%d9%8a%d9%85-%d8%a7%d9%84%d8%a3%d9%88%d9%84%d9%8a-%d8%a8%d8%a7%d9%84%d9%85%d8%ba%d8%b1%d8%a8\/#breadcrumb"},"inLanguage":"fr-FR","potentialAction":[{"@type":"ReadAction","target":["https:\/\/csefrs.lifemoz.com\/\u0627\u0644\u0645\u0646\u0634\u0648\u0631\u0627\u062a\/%d8%aa%d9%82%d9%8a%d9%8a%d9%85-%d8%a7%d9%84%d8%aa%d8%b9%d9%84%d9%8a%d9%85-%d8%a7%d9%84%d8%a3%d9%88%d9%84%d9%8a-%d8%a8%d8%a7%d9%84%d9%85%d8%ba%d8%b1%d8%a8\/"]}]},{"@type":"ImageObject","inLanguage":"fr-FR","@id":"https:\/\/csefrs.lifemoz.com\/\u0627\u0644\u0645\u0646\u0634\u0648\u0631\u0627\u062a\/%d8%aa%d9%82%d9%8a%d9%8a%d9%85-%d8%a7%d9%84%d8%aa%d8%b9%d9%84%d9%8a%d9%85-%d8%a7%d9%84%d8%a3%d9%88%d9%84%d9%8a-%d8%a8%d8%a7%d9%84%d9%85%d8%ba%d8%b1%d8%a8\/#primaryimage","url":"https:\/\/csefrs.lifemoz.com\/wp-content\/uploads\/2026\/04\/rapport-prescolaire-1.jpg","contentUrl":"https:\/\/csefrs.lifemoz.com\/wp-content\/uploads\/2026\/04\/rapport-prescolaire-1.jpg","width":535,"height":757},{"@type":"BreadcrumbList","@id":"https:\/\/csefrs.lifemoz.com\/\u0627\u0644\u0645\u0646\u0634\u0648\u0631\u0627\u062a\/%d8%aa%d9%82%d9%8a%d9%8a%d9%85-%d8%a7%d9%84%d8%aa%d8%b9%d9%84%d9%8a%d9%85-%d8%a7%d9%84%d8%a3%d9%88%d9%84%d9%8a-%d8%a8%d8%a7%d9%84%d9%85%d8%ba%d8%b1%d8%a8\/#breadcrumb","itemListElement":[{"@type":"ListItem","position":1,"name":"Accueil","item":"https:\/\/csefrs.lifemoz.com\/fr\/"},{"@type":"ListItem","position":2,"name":"Publications","item":"https:\/\/csefrs.lifemoz.com\/\u0627\u0644\u0645\u0646\u0634\u0648\u0631\u0627\u062a\/"},{"@type":"ListItem","position":3,"name":"L&#8217;\u00e9valuation du pr\u00e9scolaire au Maroc"}]},{"@type":"WebSite","@id":"https:\/\/csefrs.lifemoz.com\/#website","url":"https:\/\/csefrs.lifemoz.com\/","name":"Conseil sup\u00e9rieur de l\u2019\u00e9ducation, de la formation et de la recherche scientifique","description":"","potentialAction":[{"@type":"SearchAction","target":{"@type":"EntryPoint","urlTemplate":"https:\/\/csefrs.lifemoz.com\/?s={search_term_string}"},"query-input":{"@type":"PropertyValueSpecification","valueRequired":true,"valueName":"search_term_string"}}],"inLanguage":"fr-FR"}]}},"_links":{"self":[{"href":"https:\/\/csefrs.lifemoz.com\/fr\/wp-json\/wp\/v2\/product\/43815","targetHints":{"allow":["GET"]}}],"collection":[{"href":"https:\/\/csefrs.lifemoz.com\/fr\/wp-json\/wp\/v2\/product"}],"about":[{"href":"https:\/\/csefrs.lifemoz.com\/fr\/wp-json\/wp\/v2\/types\/product"}],"wp:featuredmedia":[{"embeddable":true,"href":"https:\/\/csefrs.lifemoz.com\/fr\/wp-json\/wp\/v2\/media\/43816"}],"wp:attachment":[{"href":"https:\/\/csefrs.lifemoz.com\/fr\/wp-json\/wp\/v2\/media?parent=43815"}],"wp:term":[{"taxonomy":"product_brand","embeddable":true,"href":"https:\/\/csefrs.lifemoz.com\/fr\/wp-json\/wp\/v2\/product_brand?post=43815"},{"taxonomy":"product_cat","embeddable":true,"href":"https:\/\/csefrs.lifemoz.com\/fr\/wp-json\/wp\/v2\/product_cat?post=43815"},{"taxonomy":"product_tag","embeddable":true,"href":"https:\/\/csefrs.lifemoz.com\/fr\/wp-json\/wp\/v2\/product_tag?post=43815"}],"curies":[{"name":"wp","href":"https:\/\/api.w.org\/{rel}","templated":true}]}}