{"id":43813,"date":"2026-04-13T14:26:36","date_gmt":"2026-04-13T13:26:36","guid":{"rendered":"https:\/\/csefrs.lifemoz.com\/?post_type=product&#038;p=43813"},"modified":"2026-04-13T15:09:02","modified_gmt":"2026-04-13T14:09:02","slug":"colloque-international-sur-la-violence-en-milieu-scolaire-connaissances-politiques-et-pratiques","status":"publish","type":"product","link":"https:\/\/csefrs.lifemoz.com\/fr\/publications\/colloque-international-sur-la-violence-en-milieu-scolaire-connaissances-politiques-et-pratiques\/","title":{"rendered":"Colloque international sur \u00ab La violence en milieu scolaire : connaissances, politiques et pratiques \u00bb"},"content":{"rendered":"<div class=\"wpb-content-wrapper\"><div class=\"vc_row wpb_row vc_row-fluid\"><div class=\"wpb_column vc_column_container vc_col-sm-12\"><div class=\"vc_column-inner\"><div class=\"wpb_wrapper\">\n\t<div class=\"wpb_text_column wpb_content_element \" >\n\t\t<div class=\"wpb_wrapper\">\n\t\t\t<p align=\"justify\">En marge de la Journ\u00e9e internationale contre la violence et le harc\u00e8lement en milieu scolaire, qui a eu lieu le jeudi 2 novembre 2023, le Conseil Sup\u00e9rieur de l\u2019\u00c9ducation, de la Formation et de la Recherche Scientifique (CSEFRS) a organis\u00e9, en partenariat avec le Fonds des Nations Unies pour l\u2019enfance (UNICEF), les 1er et 2 novembre 2023, un colloque international sur le th\u00e8me : \u00ab La violence en milieu scolaire : connaissances, politiques et pratiques \u00bb, au si\u00e8ge du Conseil \u00e0 Rabat.<\/p>\n<p align=\"justify\">Ce colloque avait pour objectif d\u2019aboutir \u00e0 des recommandations concr\u00e8tes pour lutter contre et pr\u00e9venir la violence en milieu scolaire. \u00c0 cet effet, ses travaux ont examin\u00e9, \u00e0 la lumi\u00e8re des exp\u00e9riences nationales et internationales, les domaines cl\u00e9s o\u00f9 des changements pouvaient et devaient \u00eatre op\u00e9r\u00e9s. Cette rencontre visait ainsi \u00e0 contribuer \u00e0 la construction et \u00e0 la mise en commun de connaissances susceptibles de promouvoir un environnement scolaire sain, s\u00fbr et respectueux, dans lequel les \u00e9l\u00e8ves puissent \u00e9voluer dans les meilleures conditions d\u2019apprentissage et de d\u00e9veloppement personnel.<\/p>\n<p align=\"justify\">Les travaux de cette rencontre se sont appuy\u00e9s notamment sur les r\u00e9sultats de l\u2019\u00e9tude sur la violence en milieu scolaire au Maroc, men\u00e9e par le CSEFRS en partenariat avec l\u2019UNICEF. Ces r\u00e9sultats, pr\u00e9sent\u00e9s pour la premi\u00e8re fois, ont permis de mener une r\u00e9flexion visant \u00e0 identifier les initiatives, les bonnes pratiques et les mod\u00e8les \u00e9ducatifs favorisant la non-violence, dans une perspective comparative et interdisciplinaire. L\u2019objectif \u00e9tait d\u2019identifier les principaux facteurs de r\u00e9ussite ainsi que les freins aux r\u00e9ponses efficaces en mati\u00e8re de pr\u00e9vention et de lutte contre la violence en milieu scolaire au Maroc.<\/p>\n<p align=\"justify\">\u00c0 cette fin, le colloque a r\u00e9uni des experts et des praticiens de diff\u00e9rents pays et de divers horizons \u2014 notamment en \u00e9ducation et en droits de l\u2019enfant \u2014, des sociologues, des psychologues, des acteurs de la soci\u00e9t\u00e9 civile, des chercheurs et universitaires, des d\u00e9cideurs politiques, ainsi que des repr\u00e9sentants d\u2019organisations internationales et des professionnels de l\u2019\u00e9ducation. Il a \u00e9galement connu la participation de la Repr\u00e9sentante sp\u00e9ciale des Nations Unies charg\u00e9e de la question de la violence contre les enfants.<\/p>\n<p style=\"text-align: justify;\"><a class=\"download-button-intern-fr\" href=\"https:\/\/csefrs.lifemoz.com\/wp-content\/uploads\/woocommerce_uploads\/2026\/04\/V-FR-Actes-du-colloque-VMS-sans-photos-web.pdf\" target=\"_blank\" rel=\"noopener\">T\u00e9l\u00e9charger les actes du colloque <\/a><\/p>\n\n\t\t<\/div>\n\t<\/div>\n<\/div><\/div><\/div><\/div>\n<\/div>","protected":false},"excerpt":{"rendered":"<p>En marge de la Journ\u00e9e internationale contre la violence et le harc\u00e8lement en milieu scolaire, qui a eu lieu le jeudi 2 novembre 2023, le Conseil Sup\u00e9rieur de l\u2019\u00c9ducation, de&hellip;<\/p>\n","protected":false},"featured_media":43793,"template":"","meta":[],"product_brand":[],"product_cat":[511],"product_tag":[],"class_list":{"0":"post-43813","1":"product","2":"type-product","3":"status-publish","4":"has-post-thumbnail","6":"product_cat-actes-des-colloques-et-rencontres","7":"description-off","9":"first","10":"instock","11":"downloadable","12":"sold-individually","13":"shipping-taxable","14":"purchasable","15":"product-type-simple"},"yoast_head":"<!-- This site is optimized with the Yoast SEO plugin v27.4 - https:\/\/yoast.com\/product\/yoast-seo-wordpress\/ -->\n<title>Colloque international sur \u00ab La violence en milieu scolaire : connaissances, politiques et pratiques \u00bb - Conseil sup\u00e9rieur de l\u2019\u00e9ducation, de la formation et de la recherche scientifique<\/title>\n<meta name=\"robots\" content=\"noindex, follow, max-snippet:-1, max-image-preview:large, max-video-preview:-1\" \/>\n<meta property=\"og:locale\" content=\"fr_FR\" \/>\n<meta property=\"og:type\" content=\"article\" \/>\n<meta property=\"og:title\" content=\"Colloque international sur \u00ab La violence en milieu scolaire : connaissances, politiques et pratiques \u00bb - Conseil sup\u00e9rieur de l\u2019\u00e9ducation, de la formation et de la recherche scientifique\" \/>\n<meta property=\"og:url\" content=\"https:\/\/csefrs.lifemoz.com\/\u0627\u0644\u0645\u0646\u0634\u0648\u0631\u0627\u062a\/\u0646\u062f\u0648\u0629-\u062f\u0648\u0644\u064a\u0629-\u0627\u0644\u0639\u0646\u0641-\u0641\u064a-\u0627\u0644\u0648\u0633\u0637-\u0627\u0644\u0645\u062f\u0631\u0633\u064a-\u0627\u0644\u0645\u0639\/\" \/>\n<meta property=\"og:site_name\" content=\"Conseil sup\u00e9rieur de l\u2019\u00e9ducation, de la formation et de la recherche scientifique\" \/>\n<meta property=\"article:modified_time\" content=\"2026-04-13T14:09:02+00:00\" \/>\n<meta property=\"og:image\" content=\"https:\/\/csefrs.lifemoz.com\/wp-content\/uploads\/2026\/04\/vms-ar.jpg\" \/>\n\t<meta property=\"og:image:width\" content=\"535\" \/>\n\t<meta property=\"og:image:height\" content=\"757\" \/>\n\t<meta property=\"og:image:type\" content=\"image\/jpeg\" \/>\n<meta name=\"twitter:card\" content=\"summary_large_image\" \/>\n<meta name=\"twitter:label1\" content=\"Dur\u00e9e de lecture estim\u00e9e\" \/>\n\t<meta name=\"twitter:data1\" content=\"2 minutes\" \/>\n<script type=\"application\/ld+json\" class=\"yoast-schema-graph\">{\"@context\":\"https:\\\/\\\/schema.org\",\"@graph\":[{\"@type\":\"WebPage\",\"@id\":\"https:\\\/\\\/csefrs.lifemoz.com\\\/\u0627\u0644\u0645\u0646\u0634\u0648\u0631\u0627\u062a\\\/%d9%86%d8%af%d9%88%d8%a9-%d8%af%d9%88%d9%84%d9%8a%d8%a9-%d8%a7%d9%84%d8%b9%d9%86%d9%81-%d9%81%d9%8a-%d8%a7%d9%84%d9%88%d8%b3%d8%b7-%d8%a7%d9%84%d9%85%d8%af%d8%b1%d8%b3%d9%8a-%d8%a7%d9%84%d9%85%d8%b9\\\/\",\"url\":\"https:\\\/\\\/csefrs.lifemoz.com\\\/\u0627\u0644\u0645\u0646\u0634\u0648\u0631\u0627\u062a\\\/%d9%86%d8%af%d9%88%d8%a9-%d8%af%d9%88%d9%84%d9%8a%d8%a9-%d8%a7%d9%84%d8%b9%d9%86%d9%81-%d9%81%d9%8a-%d8%a7%d9%84%d9%88%d8%b3%d8%b7-%d8%a7%d9%84%d9%85%d8%af%d8%b1%d8%b3%d9%8a-%d8%a7%d9%84%d9%85%d8%b9\\\/\",\"name\":\"Colloque international sur \u00ab La violence en milieu scolaire : connaissances, politiques et pratiques \u00bb - Conseil sup\u00e9rieur de l\u2019\u00e9ducation, de la formation et de la recherche scientifique\",\"isPartOf\":{\"@id\":\"https:\\\/\\\/csefrs.lifemoz.com\\\/#website\"},\"primaryImageOfPage\":{\"@id\":\"https:\\\/\\\/csefrs.lifemoz.com\\\/\u0627\u0644\u0645\u0646\u0634\u0648\u0631\u0627\u062a\\\/%d9%86%d8%af%d9%88%d8%a9-%d8%af%d9%88%d9%84%d9%8a%d8%a9-%d8%a7%d9%84%d8%b9%d9%86%d9%81-%d9%81%d9%8a-%d8%a7%d9%84%d9%88%d8%b3%d8%b7-%d8%a7%d9%84%d9%85%d8%af%d8%b1%d8%b3%d9%8a-%d8%a7%d9%84%d9%85%d8%b9\\\/#primaryimage\"},\"image\":{\"@id\":\"https:\\\/\\\/csefrs.lifemoz.com\\\/\u0627\u0644\u0645\u0646\u0634\u0648\u0631\u0627\u062a\\\/%d9%86%d8%af%d9%88%d8%a9-%d8%af%d9%88%d9%84%d9%8a%d8%a9-%d8%a7%d9%84%d8%b9%d9%86%d9%81-%d9%81%d9%8a-%d8%a7%d9%84%d9%88%d8%b3%d8%b7-%d8%a7%d9%84%d9%85%d8%af%d8%b1%d8%b3%d9%8a-%d8%a7%d9%84%d9%85%d8%b9\\\/#primaryimage\"},\"thumbnailUrl\":\"https:\\\/\\\/csefrs.lifemoz.com\\\/wp-content\\\/uploads\\\/2026\\\/04\\\/vms-ar.jpg\",\"datePublished\":\"2026-04-13T13:26:36+00:00\",\"dateModified\":\"2026-04-13T14:09:02+00:00\",\"breadcrumb\":{\"@id\":\"https:\\\/\\\/csefrs.lifemoz.com\\\/\u0627\u0644\u0645\u0646\u0634\u0648\u0631\u0627\u062a\\\/%d9%86%d8%af%d9%88%d8%a9-%d8%af%d9%88%d9%84%d9%8a%d8%a9-%d8%a7%d9%84%d8%b9%d9%86%d9%81-%d9%81%d9%8a-%d8%a7%d9%84%d9%88%d8%b3%d8%b7-%d8%a7%d9%84%d9%85%d8%af%d8%b1%d8%b3%d9%8a-%d8%a7%d9%84%d9%85%d8%b9\\\/#breadcrumb\"},\"inLanguage\":\"fr-FR\",\"potentialAction\":[{\"@type\":\"ReadAction\",\"target\":[\"https:\\\/\\\/csefrs.lifemoz.com\\\/\u0627\u0644\u0645\u0646\u0634\u0648\u0631\u0627\u062a\\\/%d9%86%d8%af%d9%88%d8%a9-%d8%af%d9%88%d9%84%d9%8a%d8%a9-%d8%a7%d9%84%d8%b9%d9%86%d9%81-%d9%81%d9%8a-%d8%a7%d9%84%d9%88%d8%b3%d8%b7-%d8%a7%d9%84%d9%85%d8%af%d8%b1%d8%b3%d9%8a-%d8%a7%d9%84%d9%85%d8%b9\\\/\"]}]},{\"@type\":\"ImageObject\",\"inLanguage\":\"fr-FR\",\"@id\":\"https:\\\/\\\/csefrs.lifemoz.com\\\/\u0627\u0644\u0645\u0646\u0634\u0648\u0631\u0627\u062a\\\/%d9%86%d8%af%d9%88%d8%a9-%d8%af%d9%88%d9%84%d9%8a%d8%a9-%d8%a7%d9%84%d8%b9%d9%86%d9%81-%d9%81%d9%8a-%d8%a7%d9%84%d9%88%d8%b3%d8%b7-%d8%a7%d9%84%d9%85%d8%af%d8%b1%d8%b3%d9%8a-%d8%a7%d9%84%d9%85%d8%b9\\\/#primaryimage\",\"url\":\"https:\\\/\\\/csefrs.lifemoz.com\\\/wp-content\\\/uploads\\\/2026\\\/04\\\/vms-ar.jpg\",\"contentUrl\":\"https:\\\/\\\/csefrs.lifemoz.com\\\/wp-content\\\/uploads\\\/2026\\\/04\\\/vms-ar.jpg\",\"width\":535,\"height\":757},{\"@type\":\"BreadcrumbList\",\"@id\":\"https:\\\/\\\/csefrs.lifemoz.com\\\/\u0627\u0644\u0645\u0646\u0634\u0648\u0631\u0627\u062a\\\/%d9%86%d8%af%d9%88%d8%a9-%d8%af%d9%88%d9%84%d9%8a%d8%a9-%d8%a7%d9%84%d8%b9%d9%86%d9%81-%d9%81%d9%8a-%d8%a7%d9%84%d9%88%d8%b3%d8%b7-%d8%a7%d9%84%d9%85%d8%af%d8%b1%d8%b3%d9%8a-%d8%a7%d9%84%d9%85%d8%b9\\\/#breadcrumb\",\"itemListElement\":[{\"@type\":\"ListItem\",\"position\":1,\"name\":\"Accueil\",\"item\":\"https:\\\/\\\/csefrs.lifemoz.com\\\/fr\\\/\"},{\"@type\":\"ListItem\",\"position\":2,\"name\":\"Publications\",\"item\":\"https:\\\/\\\/csefrs.lifemoz.com\\\/\u0627\u0644\u0645\u0646\u0634\u0648\u0631\u0627\u062a\\\/\"},{\"@type\":\"ListItem\",\"position\":3,\"name\":\"Colloque international sur \u00ab La violence en milieu scolaire : connaissances, politiques et pratiques \u00bb\"}]},{\"@type\":\"WebSite\",\"@id\":\"https:\\\/\\\/csefrs.lifemoz.com\\\/#website\",\"url\":\"https:\\\/\\\/csefrs.lifemoz.com\\\/\",\"name\":\"Conseil sup\u00e9rieur de l\u2019\u00e9ducation, de la formation et de la recherche scientifique\",\"description\":\"\",\"potentialAction\":[{\"@type\":\"SearchAction\",\"target\":{\"@type\":\"EntryPoint\",\"urlTemplate\":\"https:\\\/\\\/csefrs.lifemoz.com\\\/?s={search_term_string}\"},\"query-input\":{\"@type\":\"PropertyValueSpecification\",\"valueRequired\":true,\"valueName\":\"search_term_string\"}}],\"inLanguage\":\"fr-FR\"}]}<\/script>\n<!-- \/ Yoast SEO plugin. -->","yoast_head_json":{"title":"Colloque international sur \u00ab La violence en milieu scolaire : connaissances, politiques et pratiques \u00bb - Conseil sup\u00e9rieur de l\u2019\u00e9ducation, de la formation et de la recherche scientifique","robots":{"index":"noindex","follow":"follow","max-snippet":"max-snippet:-1","max-image-preview":"max-image-preview:large","max-video-preview":"max-video-preview:-1"},"og_locale":"fr_FR","og_type":"article","og_title":"Colloque international sur \u00ab La violence en milieu scolaire : connaissances, politiques et pratiques \u00bb - Conseil sup\u00e9rieur de l\u2019\u00e9ducation, de la formation et de la recherche scientifique","og_url":"https:\/\/csefrs.lifemoz.com\/\u0627\u0644\u0645\u0646\u0634\u0648\u0631\u0627\u062a\/\u0646\u062f\u0648\u0629-\u062f\u0648\u0644\u064a\u0629-\u0627\u0644\u0639\u0646\u0641-\u0641\u064a-\u0627\u0644\u0648\u0633\u0637-\u0627\u0644\u0645\u062f\u0631\u0633\u064a-\u0627\u0644\u0645\u0639\/","og_site_name":"Conseil sup\u00e9rieur de l\u2019\u00e9ducation, de la formation et de la recherche scientifique","article_modified_time":"2026-04-13T14:09:02+00:00","og_image":[{"width":535,"height":757,"url":"https:\/\/csefrs.lifemoz.com\/wp-content\/uploads\/2026\/04\/vms-ar.jpg","type":"image\/jpeg"}],"twitter_card":"summary_large_image","twitter_misc":{"Dur\u00e9e de lecture estim\u00e9e":"2 minutes"},"schema":{"@context":"https:\/\/schema.org","@graph":[{"@type":"WebPage","@id":"https:\/\/csefrs.lifemoz.com\/\u0627\u0644\u0645\u0646\u0634\u0648\u0631\u0627\u062a\/%d9%86%d8%af%d9%88%d8%a9-%d8%af%d9%88%d9%84%d9%8a%d8%a9-%d8%a7%d9%84%d8%b9%d9%86%d9%81-%d9%81%d9%8a-%d8%a7%d9%84%d9%88%d8%b3%d8%b7-%d8%a7%d9%84%d9%85%d8%af%d8%b1%d8%b3%d9%8a-%d8%a7%d9%84%d9%85%d8%b9\/","url":"https:\/\/csefrs.lifemoz.com\/\u0627\u0644\u0645\u0646\u0634\u0648\u0631\u0627\u062a\/%d9%86%d8%af%d9%88%d8%a9-%d8%af%d9%88%d9%84%d9%8a%d8%a9-%d8%a7%d9%84%d8%b9%d9%86%d9%81-%d9%81%d9%8a-%d8%a7%d9%84%d9%88%d8%b3%d8%b7-%d8%a7%d9%84%d9%85%d8%af%d8%b1%d8%b3%d9%8a-%d8%a7%d9%84%d9%85%d8%b9\/","name":"Colloque international sur \u00ab La violence en milieu scolaire : connaissances, politiques et pratiques \u00bb - Conseil sup\u00e9rieur de l\u2019\u00e9ducation, de la formation et de la recherche scientifique","isPartOf":{"@id":"https:\/\/csefrs.lifemoz.com\/#website"},"primaryImageOfPage":{"@id":"https:\/\/csefrs.lifemoz.com\/\u0627\u0644\u0645\u0646\u0634\u0648\u0631\u0627\u062a\/%d9%86%d8%af%d9%88%d8%a9-%d8%af%d9%88%d9%84%d9%8a%d8%a9-%d8%a7%d9%84%d8%b9%d9%86%d9%81-%d9%81%d9%8a-%d8%a7%d9%84%d9%88%d8%b3%d8%b7-%d8%a7%d9%84%d9%85%d8%af%d8%b1%d8%b3%d9%8a-%d8%a7%d9%84%d9%85%d8%b9\/#primaryimage"},"image":{"@id":"https:\/\/csefrs.lifemoz.com\/\u0627\u0644\u0645\u0646\u0634\u0648\u0631\u0627\u062a\/%d9%86%d8%af%d9%88%d8%a9-%d8%af%d9%88%d9%84%d9%8a%d8%a9-%d8%a7%d9%84%d8%b9%d9%86%d9%81-%d9%81%d9%8a-%d8%a7%d9%84%d9%88%d8%b3%d8%b7-%d8%a7%d9%84%d9%85%d8%af%d8%b1%d8%b3%d9%8a-%d8%a7%d9%84%d9%85%d8%b9\/#primaryimage"},"thumbnailUrl":"https:\/\/csefrs.lifemoz.com\/wp-content\/uploads\/2026\/04\/vms-ar.jpg","datePublished":"2026-04-13T13:26:36+00:00","dateModified":"2026-04-13T14:09:02+00:00","breadcrumb":{"@id":"https:\/\/csefrs.lifemoz.com\/\u0627\u0644\u0645\u0646\u0634\u0648\u0631\u0627\u062a\/%d9%86%d8%af%d9%88%d8%a9-%d8%af%d9%88%d9%84%d9%8a%d8%a9-%d8%a7%d9%84%d8%b9%d9%86%d9%81-%d9%81%d9%8a-%d8%a7%d9%84%d9%88%d8%b3%d8%b7-%d8%a7%d9%84%d9%85%d8%af%d8%b1%d8%b3%d9%8a-%d8%a7%d9%84%d9%85%d8%b9\/#breadcrumb"},"inLanguage":"fr-FR","potentialAction":[{"@type":"ReadAction","target":["https:\/\/csefrs.lifemoz.com\/\u0627\u0644\u0645\u0646\u0634\u0648\u0631\u0627\u062a\/%d9%86%d8%af%d9%88%d8%a9-%d8%af%d9%88%d9%84%d9%8a%d8%a9-%d8%a7%d9%84%d8%b9%d9%86%d9%81-%d9%81%d9%8a-%d8%a7%d9%84%d9%88%d8%b3%d8%b7-%d8%a7%d9%84%d9%85%d8%af%d8%b1%d8%b3%d9%8a-%d8%a7%d9%84%d9%85%d8%b9\/"]}]},{"@type":"ImageObject","inLanguage":"fr-FR","@id":"https:\/\/csefrs.lifemoz.com\/\u0627\u0644\u0645\u0646\u0634\u0648\u0631\u0627\u062a\/%d9%86%d8%af%d9%88%d8%a9-%d8%af%d9%88%d9%84%d9%8a%d8%a9-%d8%a7%d9%84%d8%b9%d9%86%d9%81-%d9%81%d9%8a-%d8%a7%d9%84%d9%88%d8%b3%d8%b7-%d8%a7%d9%84%d9%85%d8%af%d8%b1%d8%b3%d9%8a-%d8%a7%d9%84%d9%85%d8%b9\/#primaryimage","url":"https:\/\/csefrs.lifemoz.com\/wp-content\/uploads\/2026\/04\/vms-ar.jpg","contentUrl":"https:\/\/csefrs.lifemoz.com\/wp-content\/uploads\/2026\/04\/vms-ar.jpg","width":535,"height":757},{"@type":"BreadcrumbList","@id":"https:\/\/csefrs.lifemoz.com\/\u0627\u0644\u0645\u0646\u0634\u0648\u0631\u0627\u062a\/%d9%86%d8%af%d9%88%d8%a9-%d8%af%d9%88%d9%84%d9%8a%d8%a9-%d8%a7%d9%84%d8%b9%d9%86%d9%81-%d9%81%d9%8a-%d8%a7%d9%84%d9%88%d8%b3%d8%b7-%d8%a7%d9%84%d9%85%d8%af%d8%b1%d8%b3%d9%8a-%d8%a7%d9%84%d9%85%d8%b9\/#breadcrumb","itemListElement":[{"@type":"ListItem","position":1,"name":"Accueil","item":"https:\/\/csefrs.lifemoz.com\/fr\/"},{"@type":"ListItem","position":2,"name":"Publications","item":"https:\/\/csefrs.lifemoz.com\/\u0627\u0644\u0645\u0646\u0634\u0648\u0631\u0627\u062a\/"},{"@type":"ListItem","position":3,"name":"Colloque international sur \u00ab La violence en milieu scolaire : connaissances, politiques et pratiques \u00bb"}]},{"@type":"WebSite","@id":"https:\/\/csefrs.lifemoz.com\/#website","url":"https:\/\/csefrs.lifemoz.com\/","name":"Conseil sup\u00e9rieur de l\u2019\u00e9ducation, de la formation et de la recherche scientifique","description":"","potentialAction":[{"@type":"SearchAction","target":{"@type":"EntryPoint","urlTemplate":"https:\/\/csefrs.lifemoz.com\/?s={search_term_string}"},"query-input":{"@type":"PropertyValueSpecification","valueRequired":true,"valueName":"search_term_string"}}],"inLanguage":"fr-FR"}]}},"_links":{"self":[{"href":"https:\/\/csefrs.lifemoz.com\/fr\/wp-json\/wp\/v2\/product\/43813","targetHints":{"allow":["GET"]}}],"collection":[{"href":"https:\/\/csefrs.lifemoz.com\/fr\/wp-json\/wp\/v2\/product"}],"about":[{"href":"https:\/\/csefrs.lifemoz.com\/fr\/wp-json\/wp\/v2\/types\/product"}],"wp:featuredmedia":[{"embeddable":true,"href":"https:\/\/csefrs.lifemoz.com\/fr\/wp-json\/wp\/v2\/media\/43793"}],"wp:attachment":[{"href":"https:\/\/csefrs.lifemoz.com\/fr\/wp-json\/wp\/v2\/media?parent=43813"}],"wp:term":[{"taxonomy":"product_brand","embeddable":true,"href":"https:\/\/csefrs.lifemoz.com\/fr\/wp-json\/wp\/v2\/product_brand?post=43813"},{"taxonomy":"product_cat","embeddable":true,"href":"https:\/\/csefrs.lifemoz.com\/fr\/wp-json\/wp\/v2\/product_cat?post=43813"},{"taxonomy":"product_tag","embeddable":true,"href":"https:\/\/csefrs.lifemoz.com\/fr\/wp-json\/wp\/v2\/product_tag?post=43813"}],"curies":[{"name":"wp","href":"https:\/\/api.w.org\/{rel}","templated":true}]}}