{"id":37622,"date":"2025-06-26T00:00:00","date_gmt":"2025-06-25T23:00:00","guid":{"rendered":"https:\/\/csefrs.lifemoz.com\/\u0627\u0644\u0645\u0646\u0634\u0648\u0631\u0627\u062a\/avis-du-conseil-superieur-de-leducation-de-la-formation-et-de-la-recherche-scientifique-concernant-le-projet-de-loi-relatif-a-lenseignement-superieur-a-la-recherche-scientifique-et\/"},"modified":"2026-02-11T17:57:06","modified_gmt":"2026-02-11T16:57:06","slug":"avis-du-conseil-superieur-de-leducation-de-la-formation-et-de-la-recherche-scientifique-concernant-le-projet-de-loi-relatif-a-lenseignement-superieur-a-la-recherche-scientifique-et","status":"publish","type":"product","link":"https:\/\/csefrs.lifemoz.com\/fr\/publications\/avis-du-conseil-superieur-de-leducation-de-la-formation-et-de-la-recherche-scientifique-concernant-le-projet-de-loi-relatif-a-lenseignement-superieur-a-la-recherche-scientifique-et\/","title":{"rendered":"Avis du Conseil sup\u00e9rieur de l\u2019\u00e9ducation, de la formation et de la recherche scientifique concernant le projet de loi relatif \u00e0 l\u2019enseignement sup\u00e9rieur, \u00e0 la recherche scientifique et \u00e0 l\u2019innovation"},"content":{"rendered":"<div align=\"justify\">\u00c0 travers l\u2019avis concernant le projet de loi relatif \u00e0 l\u2019enseignement sup\u00e9rieur, \u00e0 la recherche scientifique et \u00e0 l\u2019innovation, le Conseil souligne le bien-fond\u00e9 de la promulgation d\u2019une nouvelle loi abrogeant la loi 01.00, devenue obsol\u00e8te en raison des transformations que conna\u00eet les syst\u00e8mes d\u2019\u00e9ducation, de formation et de recherche scientifique au niveau national et \u00e0 travers le monde, les attentes constantes et renouvel\u00e9es, et l\u2019apparition de d\u00e9fis sans pr\u00e9c\u00e8dent.<br \/>\nLes recommandations formul\u00e9es par le Conseil visent \u00e0 approfondir la vision structurante du syst\u00e8me de l\u2019enseignement sup\u00e9rieur et de la recherche scientifique , les choix strat\u00e9giques majeurs et la philosophie m\u00eame du projet de loi, en insistant sur la n\u00e9cessit\u00e9 pour le nouveau texte l\u00e9gislatif d\u2019aller au-del\u00e0 des r\u00e9formes partielles et de garantir une transformation tangible du syst\u00e8me de l\u2019enseignement sup\u00e9rieur qui prenne en compte notamment : l\u2019autonomie de l\u2019universit\u00e9 et son r\u00f4le moteur en tant que choix strat\u00e9gique ; l\u2019articulation entre l\u2019action acad\u00e9mique et le d\u00e9veloppement nationale et territorial ; les exigences de la transition num\u00e9rique ; le renforcement de la bonne gouvernance, du financement et de l\u2019\u00e9valuation ; la clarification des relations entre les secteurs public et priv\u00e9,<br \/>\nen focalisant sur la place centrale de l\u2019\u00e9tudiant au sein d\u2019un mod\u00e8le p\u00e9dagogique innovant et de caract\u00e8re central<\/div>\n<div style=\"height: 35px;\"><\/div>\n<table dir=\"ltr\" border=\"0\">\n<tbody>\n<tr>\n<td><span style=\"color: #808080;\">Date de saisine du Conseil <\/span><\/td>\n<td>janvier 2025<\/td>\n<\/tr>\n<tr>\n<td><span style=\"color: #808080;\">Date de publication de l\u2019avis<\/span><\/td>\n<td>mai 2025<\/td>\n<\/tr>\n<tr>\n<td><span style=\"color: #808080;\">Mots cl\u00e9s <\/span><\/td>\n<td>Passage de la r\u00e9forme \u00e0 la transformation\/ r\u00f4le moteur de l\u2019universit\u00e9\/l\u2019universit\u00e9 levier de d\u00e9veloppement territorial\/centralit\u00e9 de l\u2019apprenant-\u00e9tudiant\/mobilit\u00e9 flexible\/ centralit\u00e9 du mod\u00e8le p\u00e9dagogique\/ sch\u00e9ma directeur national d\u2019orientation et sch\u00e9mas r\u00e9gionaux\/\u00e9quit\u00e9 en mati\u00e8re de la connaissance \/capacit\u00e9 de prise de d\u00e9cision coll\u00e9giale \/ \u00e9tablissements de l\u2019enseignement num\u00e9rique\/souverainet\u00e9 num\u00e9rique\/ souverainet\u00e9 cognitive\/transition num\u00e9rique de l\u2019enseignement sup\u00e9rieur\/ int\u00e9grit\u00e9 acad\u00e9mique\/culture d\u2019\u0153uvrer suivant une charte d\u00e9ontologique\/ dimension morale dans l\u2019utilisation de la technologie\/ charte contractuelle des m\u00e9tiers de l\u2019enseignement sup\u00e9rieur et de la recherche scientifique.<\/td>\n<\/tr>\n<\/tbody>\n<\/table>\n<div style=\"height: 35px;\"><\/div>\n<p style=\"text-align: justify;\"><a class=\"download-button-intern-fr\" href=\"https:\/\/csefrs.lifemoz.com\/wp-content\/uploads\/2025\/06\/\u0631\u0623\u064a-\u0627\u0644\u0645\u062c\u0644\u0633-\u0628\u0634\u0623\u0646-\u0645\u0634\u0631\u0648\u0639-\u0627\u0644\u062f\u0644\u0627\u0626\u0644-\u0627\u0644\u0645\u0631\u062c\u0639\u064a\u0629-\u0644\u0644\u0648\u0638\u0627\u0626\u0641-\u0648\u0627\u0644\u0643\u0641\u0627\u0621\u0627\u062a-\u0627\u0644\u062e\u0627\u0635\u0629-\u0628\u0648\u0632\u0627\u0631\u0629-\u0627\u0644\u062a\u0639\u0644\u064a\u0645-\u0627\u0644\u0639\u0627\u0644\u064a-\u0648\u0627\u0644\u0628\u062d\u062b-\u0627\u0644\u0639\u0644\u0645\u064a-\u0648\u0627\u0644\u0627\u0628\u062a\u0643\u0627\u0631.pdf\" target=\"_blank\" rel=\"noopener\">T\u00e9l\u00e9charger l\u2019Avis (en arabe)<\/a><\/p>\n","protected":false},"excerpt":{"rendered":"<p>\u00c0 travers l\u2019avis concernant le projet de loi relatif \u00e0 l\u2019enseignement sup\u00e9rieur, \u00e0 la recherche scientifique et \u00e0 l\u2019innovation, le Conseil souligne le bien-fond\u00e9 de la promulgation d\u2019une nouvelle loi abrogeant la loi 01.00, devenue obsol\u00e8te en raison des transformations que conna\u00eet les syst\u00e8mes d\u2019\u00e9ducation, de formation et de recherche scientifique au niveau national et&hellip;<\/p>\n","protected":false},"featured_media":37623,"template":"","meta":[],"product_brand":[],"product_cat":[507],"product_tag":[569],"class_list":{"0":"post-37622","1":"product","2":"type-product","3":"status-publish","4":"has-post-thumbnail","6":"product_cat-avis-saisine","7":"product_tag-recherche-scientifique","8":"description-off","10":"first","11":"instock","12":"downloadable","13":"virtual","14":"sold-individually","15":"purchasable","16":"product-type-simple"},"yoast_head":"<!-- This site is optimized with the Yoast SEO plugin v27.5 - https:\/\/yoast.com\/product\/yoast-seo-wordpress\/ -->\n<title>Avis du Conseil sup\u00e9rieur de l\u2019\u00e9ducation, de la formation et de la recherche scientifique concernant le projet de loi relatif \u00e0 l\u2019enseignement sup\u00e9rieur, \u00e0 la recherche scientifique et \u00e0 l\u2019innovation - Conseil sup\u00e9rieur de l\u2019\u00e9ducation, de la formation et de la recherche scientifique<\/title>\n<meta name=\"robots\" content=\"noindex, follow, max-snippet:-1, max-image-preview:large, max-video-preview:-1\" \/>\n<meta property=\"og:locale\" content=\"fr_FR\" \/>\n<meta property=\"og:type\" content=\"article\" \/>\n<meta property=\"og:title\" content=\"Avis du Conseil sup\u00e9rieur de l\u2019\u00e9ducation, de la formation et de la recherche scientifique concernant le projet de loi relatif \u00e0 l\u2019enseignement sup\u00e9rieur, \u00e0 la recherche scientifique et \u00e0 l\u2019innovation - Conseil sup\u00e9rieur de l\u2019\u00e9ducation, de la formation et de la recherche scientifique\" \/>\n<meta property=\"og:description\" content=\"\u00c0 travers l\u2019avis concernant le projet de loi relatif \u00e0 l\u2019enseignement sup\u00e9rieur, \u00e0 la recherche scientifique et \u00e0 l\u2019innovation, le Conseil souligne le bien-fond\u00e9 de la promulgation d\u2019une nouvelle loi abrogeant la loi 01.00, devenue obsol\u00e8te en raison des transformations que conna\u00eet les syst\u00e8mes d\u2019\u00e9ducation, de formation et de recherche scientifique au niveau national et&hellip;\" \/>\n<meta property=\"og:url\" content=\"https:\/\/csefrs.lifemoz.com\/fr\/publications\/avis-du-conseil-superieur-de-leducation-de-la-formation-et-de-la-recherche-scientifique-concernant-le-projet-de-loi-relatif-a-lenseignement-superieur-a-la-recherche-scientifique-et\/\" \/>\n<meta property=\"og:site_name\" content=\"Conseil sup\u00e9rieur de l\u2019\u00e9ducation, de la formation et de la recherche scientifique\" \/>\n<meta property=\"article:modified_time\" content=\"2026-02-11T16:57:06+00:00\" \/>\n<meta property=\"og:image\" content=\"https:\/\/csefrs.lifemoz.com\/wp-content\/uploads\/2025\/12\/Avis-Ens-Sup-2025-MIN.jpg\" \/>\n\t<meta property=\"og:image:width\" content=\"535\" \/>\n\t<meta property=\"og:image:height\" content=\"757\" \/>\n\t<meta property=\"og:image:type\" content=\"image\/jpeg\" \/>\n<meta name=\"twitter:card\" content=\"summary_large_image\" \/>\n<meta name=\"twitter:label1\" content=\"Dur\u00e9e de lecture estim\u00e9e\" \/>\n\t<meta name=\"twitter:data1\" content=\"2 minutes\" \/>\n<script type=\"application\/ld+json\" class=\"yoast-schema-graph\">{\"@context\":\"https:\\\/\\\/schema.org\",\"@graph\":[{\"@type\":\"WebPage\",\"@id\":\"https:\\\/\\\/csefrs.lifemoz.com\\\/fr\\\/publications\\\/avis-du-conseil-superieur-de-leducation-de-la-formation-et-de-la-recherche-scientifique-concernant-le-projet-de-loi-relatif-a-lenseignement-superieur-a-la-recherche-scientifique-et\\\/\",\"url\":\"https:\\\/\\\/csefrs.lifemoz.com\\\/fr\\\/publications\\\/avis-du-conseil-superieur-de-leducation-de-la-formation-et-de-la-recherche-scientifique-concernant-le-projet-de-loi-relatif-a-lenseignement-superieur-a-la-recherche-scientifique-et\\\/\",\"name\":\"Avis du Conseil sup\u00e9rieur de l\u2019\u00e9ducation, de la formation et de la recherche scientifique concernant le projet de loi relatif \u00e0 l\u2019enseignement sup\u00e9rieur, \u00e0 la recherche scientifique et \u00e0 l\u2019innovation - Conseil sup\u00e9rieur de l\u2019\u00e9ducation, de la formation et de la recherche scientifique\",\"isPartOf\":{\"@id\":\"https:\\\/\\\/csefrs.lifemoz.com\\\/#website\"},\"primaryImageOfPage\":{\"@id\":\"https:\\\/\\\/csefrs.lifemoz.com\\\/fr\\\/publications\\\/avis-du-conseil-superieur-de-leducation-de-la-formation-et-de-la-recherche-scientifique-concernant-le-projet-de-loi-relatif-a-lenseignement-superieur-a-la-recherche-scientifique-et\\\/#primaryimage\"},\"image\":{\"@id\":\"https:\\\/\\\/csefrs.lifemoz.com\\\/fr\\\/publications\\\/avis-du-conseil-superieur-de-leducation-de-la-formation-et-de-la-recherche-scientifique-concernant-le-projet-de-loi-relatif-a-lenseignement-superieur-a-la-recherche-scientifique-et\\\/#primaryimage\"},\"thumbnailUrl\":\"https:\\\/\\\/csefrs.lifemoz.com\\\/wp-content\\\/uploads\\\/2025\\\/12\\\/Avis-Ens-Sup-2025-MIN.jpg\",\"datePublished\":\"2025-06-25T23:00:00+00:00\",\"dateModified\":\"2026-02-11T16:57:06+00:00\",\"breadcrumb\":{\"@id\":\"https:\\\/\\\/csefrs.lifemoz.com\\\/fr\\\/publications\\\/avis-du-conseil-superieur-de-leducation-de-la-formation-et-de-la-recherche-scientifique-concernant-le-projet-de-loi-relatif-a-lenseignement-superieur-a-la-recherche-scientifique-et\\\/#breadcrumb\"},\"inLanguage\":\"fr-FR\",\"potentialAction\":[{\"@type\":\"ReadAction\",\"target\":[\"https:\\\/\\\/csefrs.lifemoz.com\\\/fr\\\/publications\\\/avis-du-conseil-superieur-de-leducation-de-la-formation-et-de-la-recherche-scientifique-concernant-le-projet-de-loi-relatif-a-lenseignement-superieur-a-la-recherche-scientifique-et\\\/\"]}]},{\"@type\":\"ImageObject\",\"inLanguage\":\"fr-FR\",\"@id\":\"https:\\\/\\\/csefrs.lifemoz.com\\\/fr\\\/publications\\\/avis-du-conseil-superieur-de-leducation-de-la-formation-et-de-la-recherche-scientifique-concernant-le-projet-de-loi-relatif-a-lenseignement-superieur-a-la-recherche-scientifique-et\\\/#primaryimage\",\"url\":\"https:\\\/\\\/csefrs.lifemoz.com\\\/wp-content\\\/uploads\\\/2025\\\/12\\\/Avis-Ens-Sup-2025-MIN.jpg\",\"contentUrl\":\"https:\\\/\\\/csefrs.lifemoz.com\\\/wp-content\\\/uploads\\\/2025\\\/12\\\/Avis-Ens-Sup-2025-MIN.jpg\",\"width\":535,\"height\":757},{\"@type\":\"BreadcrumbList\",\"@id\":\"https:\\\/\\\/csefrs.lifemoz.com\\\/fr\\\/publications\\\/avis-du-conseil-superieur-de-leducation-de-la-formation-et-de-la-recherche-scientifique-concernant-le-projet-de-loi-relatif-a-lenseignement-superieur-a-la-recherche-scientifique-et\\\/#breadcrumb\",\"itemListElement\":[{\"@type\":\"ListItem\",\"position\":1,\"name\":\"Accueil\",\"item\":\"https:\\\/\\\/csefrs.lifemoz.com\\\/fr\\\/\"},{\"@type\":\"ListItem\",\"position\":2,\"name\":\"Publications\",\"item\":\"https:\\\/\\\/csefrs.lifemoz.com\\\/\u0627\u0644\u0645\u0646\u0634\u0648\u0631\u0627\u062a\\\/\"},{\"@type\":\"ListItem\",\"position\":3,\"name\":\"Avis du Conseil sup\u00e9rieur de l\u2019\u00e9ducation, de la formation et de la recherche scientifique concernant le projet de loi relatif \u00e0 l\u2019enseignement sup\u00e9rieur, \u00e0 la recherche scientifique et \u00e0 l\u2019innovation\"}]},{\"@type\":\"WebSite\",\"@id\":\"https:\\\/\\\/csefrs.lifemoz.com\\\/#website\",\"url\":\"https:\\\/\\\/csefrs.lifemoz.com\\\/\",\"name\":\"Conseil sup\u00e9rieur de l\u2019\u00e9ducation, de la formation et de la recherche scientifique\",\"description\":\"\",\"potentialAction\":[{\"@type\":\"SearchAction\",\"target\":{\"@type\":\"EntryPoint\",\"urlTemplate\":\"https:\\\/\\\/csefrs.lifemoz.com\\\/?s={search_term_string}\"},\"query-input\":{\"@type\":\"PropertyValueSpecification\",\"valueRequired\":true,\"valueName\":\"search_term_string\"}}],\"inLanguage\":\"fr-FR\"}]}<\/script>\n<!-- \/ Yoast SEO plugin. -->","yoast_head_json":{"title":"Avis du Conseil sup\u00e9rieur de l\u2019\u00e9ducation, de la formation et de la recherche scientifique concernant le projet de loi relatif \u00e0 l\u2019enseignement sup\u00e9rieur, \u00e0 la recherche scientifique et \u00e0 l\u2019innovation - Conseil sup\u00e9rieur de l\u2019\u00e9ducation, de la formation et de la recherche scientifique","robots":{"index":"noindex","follow":"follow","max-snippet":"max-snippet:-1","max-image-preview":"max-image-preview:large","max-video-preview":"max-video-preview:-1"},"og_locale":"fr_FR","og_type":"article","og_title":"Avis du Conseil sup\u00e9rieur de l\u2019\u00e9ducation, de la formation et de la recherche scientifique concernant le projet de loi relatif \u00e0 l\u2019enseignement sup\u00e9rieur, \u00e0 la recherche scientifique et \u00e0 l\u2019innovation - Conseil sup\u00e9rieur de l\u2019\u00e9ducation, de la formation et de la recherche scientifique","og_description":"\u00c0 travers l\u2019avis concernant le projet de loi relatif \u00e0 l\u2019enseignement sup\u00e9rieur, \u00e0 la recherche scientifique et \u00e0 l\u2019innovation, le Conseil souligne le bien-fond\u00e9 de la promulgation d\u2019une nouvelle loi abrogeant la loi 01.00, devenue obsol\u00e8te en raison des transformations que conna\u00eet les syst\u00e8mes d\u2019\u00e9ducation, de formation et de recherche scientifique au niveau national et&hellip;","og_url":"https:\/\/csefrs.lifemoz.com\/fr\/publications\/avis-du-conseil-superieur-de-leducation-de-la-formation-et-de-la-recherche-scientifique-concernant-le-projet-de-loi-relatif-a-lenseignement-superieur-a-la-recherche-scientifique-et\/","og_site_name":"Conseil sup\u00e9rieur de l\u2019\u00e9ducation, de la formation et de la recherche scientifique","article_modified_time":"2026-02-11T16:57:06+00:00","og_image":[{"width":535,"height":757,"url":"https:\/\/csefrs.lifemoz.com\/wp-content\/uploads\/2025\/12\/Avis-Ens-Sup-2025-MIN.jpg","type":"image\/jpeg"}],"twitter_card":"summary_large_image","twitter_misc":{"Dur\u00e9e de lecture estim\u00e9e":"2 minutes"},"schema":{"@context":"https:\/\/schema.org","@graph":[{"@type":"WebPage","@id":"https:\/\/csefrs.lifemoz.com\/fr\/publications\/avis-du-conseil-superieur-de-leducation-de-la-formation-et-de-la-recherche-scientifique-concernant-le-projet-de-loi-relatif-a-lenseignement-superieur-a-la-recherche-scientifique-et\/","url":"https:\/\/csefrs.lifemoz.com\/fr\/publications\/avis-du-conseil-superieur-de-leducation-de-la-formation-et-de-la-recherche-scientifique-concernant-le-projet-de-loi-relatif-a-lenseignement-superieur-a-la-recherche-scientifique-et\/","name":"Avis du Conseil sup\u00e9rieur de l\u2019\u00e9ducation, de la formation et de la recherche scientifique concernant le projet de loi relatif \u00e0 l\u2019enseignement sup\u00e9rieur, \u00e0 la recherche scientifique et \u00e0 l\u2019innovation - Conseil sup\u00e9rieur de l\u2019\u00e9ducation, de la formation et de la recherche scientifique","isPartOf":{"@id":"https:\/\/csefrs.lifemoz.com\/#website"},"primaryImageOfPage":{"@id":"https:\/\/csefrs.lifemoz.com\/fr\/publications\/avis-du-conseil-superieur-de-leducation-de-la-formation-et-de-la-recherche-scientifique-concernant-le-projet-de-loi-relatif-a-lenseignement-superieur-a-la-recherche-scientifique-et\/#primaryimage"},"image":{"@id":"https:\/\/csefrs.lifemoz.com\/fr\/publications\/avis-du-conseil-superieur-de-leducation-de-la-formation-et-de-la-recherche-scientifique-concernant-le-projet-de-loi-relatif-a-lenseignement-superieur-a-la-recherche-scientifique-et\/#primaryimage"},"thumbnailUrl":"https:\/\/csefrs.lifemoz.com\/wp-content\/uploads\/2025\/12\/Avis-Ens-Sup-2025-MIN.jpg","datePublished":"2025-06-25T23:00:00+00:00","dateModified":"2026-02-11T16:57:06+00:00","breadcrumb":{"@id":"https:\/\/csefrs.lifemoz.com\/fr\/publications\/avis-du-conseil-superieur-de-leducation-de-la-formation-et-de-la-recherche-scientifique-concernant-le-projet-de-loi-relatif-a-lenseignement-superieur-a-la-recherche-scientifique-et\/#breadcrumb"},"inLanguage":"fr-FR","potentialAction":[{"@type":"ReadAction","target":["https:\/\/csefrs.lifemoz.com\/fr\/publications\/avis-du-conseil-superieur-de-leducation-de-la-formation-et-de-la-recherche-scientifique-concernant-le-projet-de-loi-relatif-a-lenseignement-superieur-a-la-recherche-scientifique-et\/"]}]},{"@type":"ImageObject","inLanguage":"fr-FR","@id":"https:\/\/csefrs.lifemoz.com\/fr\/publications\/avis-du-conseil-superieur-de-leducation-de-la-formation-et-de-la-recherche-scientifique-concernant-le-projet-de-loi-relatif-a-lenseignement-superieur-a-la-recherche-scientifique-et\/#primaryimage","url":"https:\/\/csefrs.lifemoz.com\/wp-content\/uploads\/2025\/12\/Avis-Ens-Sup-2025-MIN.jpg","contentUrl":"https:\/\/csefrs.lifemoz.com\/wp-content\/uploads\/2025\/12\/Avis-Ens-Sup-2025-MIN.jpg","width":535,"height":757},{"@type":"BreadcrumbList","@id":"https:\/\/csefrs.lifemoz.com\/fr\/publications\/avis-du-conseil-superieur-de-leducation-de-la-formation-et-de-la-recherche-scientifique-concernant-le-projet-de-loi-relatif-a-lenseignement-superieur-a-la-recherche-scientifique-et\/#breadcrumb","itemListElement":[{"@type":"ListItem","position":1,"name":"Accueil","item":"https:\/\/csefrs.lifemoz.com\/fr\/"},{"@type":"ListItem","position":2,"name":"Publications","item":"https:\/\/csefrs.lifemoz.com\/\u0627\u0644\u0645\u0646\u0634\u0648\u0631\u0627\u062a\/"},{"@type":"ListItem","position":3,"name":"Avis du Conseil sup\u00e9rieur de l\u2019\u00e9ducation, de la formation et de la recherche scientifique concernant le projet de loi relatif \u00e0 l\u2019enseignement sup\u00e9rieur, \u00e0 la recherche scientifique et \u00e0 l\u2019innovation"}]},{"@type":"WebSite","@id":"https:\/\/csefrs.lifemoz.com\/#website","url":"https:\/\/csefrs.lifemoz.com\/","name":"Conseil sup\u00e9rieur de l\u2019\u00e9ducation, de la formation et de la recherche scientifique","description":"","potentialAction":[{"@type":"SearchAction","target":{"@type":"EntryPoint","urlTemplate":"https:\/\/csefrs.lifemoz.com\/?s={search_term_string}"},"query-input":{"@type":"PropertyValueSpecification","valueRequired":true,"valueName":"search_term_string"}}],"inLanguage":"fr-FR"}]}},"_links":{"self":[{"href":"https:\/\/csefrs.lifemoz.com\/fr\/wp-json\/wp\/v2\/product\/37622","targetHints":{"allow":["GET"]}}],"collection":[{"href":"https:\/\/csefrs.lifemoz.com\/fr\/wp-json\/wp\/v2\/product"}],"about":[{"href":"https:\/\/csefrs.lifemoz.com\/fr\/wp-json\/wp\/v2\/types\/product"}],"wp:featuredmedia":[{"embeddable":true,"href":"https:\/\/csefrs.lifemoz.com\/fr\/wp-json\/wp\/v2\/media\/37623"}],"wp:attachment":[{"href":"https:\/\/csefrs.lifemoz.com\/fr\/wp-json\/wp\/v2\/media?parent=37622"}],"wp:term":[{"taxonomy":"product_brand","embeddable":true,"href":"https:\/\/csefrs.lifemoz.com\/fr\/wp-json\/wp\/v2\/product_brand?post=37622"},{"taxonomy":"product_cat","embeddable":true,"href":"https:\/\/csefrs.lifemoz.com\/fr\/wp-json\/wp\/v2\/product_cat?post=37622"},{"taxonomy":"product_tag","embeddable":true,"href":"https:\/\/csefrs.lifemoz.com\/fr\/wp-json\/wp\/v2\/product_tag?post=37622"}],"curies":[{"name":"wp","href":"https:\/\/api.w.org\/{rel}","templated":true}]}}