{"id":37618,"date":"2025-06-17T00:00:00","date_gmt":"2025-06-16T23:00:00","guid":{"rendered":"https:\/\/csefrs.lifemoz.com\/\u0627\u0644\u0645\u0646\u0634\u0648\u0631\u0627\u062a\/evaluation-externe-de-la-phase-experimentale-du-projet-des-ecoles-pionnieres\/"},"modified":"2026-02-08T14:08:22","modified_gmt":"2026-02-08T13:08:22","slug":"evaluation-externe-de-la-phase-experimentale-du-projet-des-ecoles-pionnieres","status":"publish","type":"product","link":"https:\/\/csefrs.lifemoz.com\/fr\/publications\/evaluation-externe-de-la-phase-experimentale-du-projet-des-ecoles-pionnieres\/","title":{"rendered":"\u00c9valuation externe de la phase exp\u00e9rimentale du projet \u00ab\u00a0Des \u00e9coles pionni\u00e8res\u00a0\u00bb"},"content":{"rendered":"<div align=\"justify\">\n<p>Ce rapport restitue les r\u00e9sultats de l\u2019\u00e9valuation externe de la phase exp\u00e9rimentale du projet des \u00ab \u00e9coles pionni\u00e8res \u00bb. R\u00e9alis\u00e9e par l\u2019Instance Nationale d\u2019\u00c9valuation aupr\u00e8s du Conseil Sup\u00e9rieur de l\u2019\u00c9ducation, de la Formation et de la Recherche Scientifique (INE-CSEFRS), \u00e0 la demande du Minist\u00e8re de l\u2019\u00c9ducation Nationale, du Pr\u00e9scolaire et des Sports, cette \u00e9tude est fond\u00e9e sur une enqu\u00eate men\u00e9e \u00e0 la fin de l\u2019ann\u00e9e scolaire 2023-2024, et vise essentiellement \u00e0 analyser la conformit\u00e9 de la phase exp\u00e9rimentale avec les objectifs initialement fix\u00e9s, tout en identifiant les points forts ainsi que les d\u00e9fis \u00e0 relever notamment lors de la phase de g\u00e9n\u00e9ralisation. L\u2019objectif de cette \u00e9valuation est d\u2019appr\u00e9cier le potentiel de l\u2019initiative des \u00ab \u00e9coles pionni\u00e8res \u00bb dans l\u2019am\u00e9lioration des pratiques p\u00e9dagogiques, les acquis des \u00e9l\u00e8ves et l\u2019environnement des apprentissages, entre autres. \u00c0 ce titre, elle permet de nourrir une r\u00e9flexion approfondie, non seulement pour valider les acquis de la phase pilote, mais \u00e9galement pour informer les orientations futures.<\/p>\n<p>Ce rapport est accompagn\u00e9 d\u2019un rapport m\u00e9thodologique qui documente les fondements techniques et analytiques de l\u2019\u00e9valuation.<\/p>\n<p style=\"text-align: justify;\"><a class=\"download-button-intern-fr\" href=\"https:\/\/csefrs.lifemoz.com\/wp-content\/uploads\/2025\/06\/Rapport-ecoles-pionnieres-FR-10-06-V3.pdf\" target=\"_blank\" rel=\"noopener\">T\u00e9l\u00e9charger le rapport d&rsquo;\u00e9valuation<\/a><\/p>\n<p style=\"text-align: justify;\"><a class=\"download-button-intern-fr\" href=\"https:\/\/csefrs.lifemoz.com\/wp-content\/uploads\/2025\/06\/Rapport-Methodologique-EEPs-10-06-V3.pdf\" target=\"_blank\" rel=\"noopener\">T\u00e9l\u00e9charger le rapport m\u00e9thodologique <\/a><\/p>\n<p style=\"text-align: justify;\"><a class=\"download-button-intern-fr\" href=\"https:\/\/csefrs.lifemoz.com\/wp-content\/uploads\/2025\/06\/Resume_rapport_EcolesPionnieresFrancais_finale.pdf\" target=\"_blank\" rel=\"noopener\">T\u00e9l\u00e9charger le r\u00e9sum\u00e9 du rapport<\/a><\/p>\n<\/div>\n","protected":false},"excerpt":{"rendered":"<p>Ce rapport restitue les r\u00e9sultats de l\u2019\u00e9valuation externe de la phase exp\u00e9rimentale du projet des \u00ab \u00e9coles pionni\u00e8res \u00bb. R\u00e9alis\u00e9e par l\u2019Instance Nationale d\u2019\u00c9valuation aupr\u00e8s du Conseil Sup\u00e9rieur de l\u2019\u00c9ducation, de la Formation et de la Recherche Scientifique (INE-CSEFRS), \u00e0 la demande du Minist\u00e8re de l\u2019\u00c9ducation Nationale, du Pr\u00e9scolaire et des Sports, cette \u00e9tude est&hellip;<\/p>\n","protected":false},"featured_media":37148,"template":"","meta":[],"product_brand":[],"product_cat":[505,506],"product_tag":[],"class_list":{"0":"post-37618","1":"product","2":"type-product","3":"status-publish","4":"has-post-thumbnail","6":"product_cat-rapports","7":"product_cat-rapports-devaluation-etudes","8":"description-off","10":"first","11":"instock","12":"downloadable","13":"virtual","14":"sold-individually","15":"purchasable","16":"product-type-simple"},"yoast_head":"<!-- This site is optimized with the Yoast SEO plugin v27.5 - https:\/\/yoast.com\/product\/yoast-seo-wordpress\/ -->\n<title>\u00c9valuation externe de la phase exp\u00e9rimentale du projet \u00ab\u00a0Des \u00e9coles pionni\u00e8res\u00a0\u00bb - Conseil sup\u00e9rieur de l\u2019\u00e9ducation, de la formation et de la recherche scientifique<\/title>\n<meta name=\"robots\" content=\"noindex, follow, max-snippet:-1, max-image-preview:large, max-video-preview:-1\" \/>\n<meta property=\"og:locale\" content=\"fr_FR\" \/>\n<meta property=\"og:type\" content=\"article\" \/>\n<meta property=\"og:title\" content=\"\u00c9valuation externe de la phase exp\u00e9rimentale du projet \u00ab\u00a0Des \u00e9coles pionni\u00e8res\u00a0\u00bb - Conseil sup\u00e9rieur de l\u2019\u00e9ducation, de la formation et de la recherche scientifique\" \/>\n<meta property=\"og:description\" content=\"Ce rapport restitue les r\u00e9sultats de l\u2019\u00e9valuation externe de la phase exp\u00e9rimentale du projet des \u00ab \u00e9coles pionni\u00e8res \u00bb. R\u00e9alis\u00e9e par l\u2019Instance Nationale d\u2019\u00c9valuation aupr\u00e8s du Conseil Sup\u00e9rieur de l\u2019\u00c9ducation, de la Formation et de la Recherche Scientifique (INE-CSEFRS), \u00e0 la demande du Minist\u00e8re de l\u2019\u00c9ducation Nationale, du Pr\u00e9scolaire et des Sports, cette \u00e9tude est&hellip;\" \/>\n<meta property=\"og:url\" content=\"https:\/\/csefrs.lifemoz.com\/fr\/publications\/evaluation-externe-de-la-phase-experimentale-du-projet-des-ecoles-pionnieres\/\" \/>\n<meta property=\"og:site_name\" content=\"Conseil sup\u00e9rieur de l\u2019\u00e9ducation, de la formation et de la recherche scientifique\" \/>\n<meta property=\"article:modified_time\" content=\"2026-02-08T13:08:22+00:00\" \/>\n<meta property=\"og:image\" content=\"https:\/\/csefrs.lifemoz.com\/wp-content\/uploads\/2025\/12\/ecoles-pionnieres-fr-min.jpg\" \/>\n\t<meta property=\"og:image:width\" content=\"535\" \/>\n\t<meta property=\"og:image:height\" content=\"757\" \/>\n\t<meta property=\"og:image:type\" content=\"image\/jpeg\" \/>\n<meta name=\"twitter:card\" content=\"summary_large_image\" \/>\n<meta name=\"twitter:label1\" content=\"Dur\u00e9e de lecture estim\u00e9e\" \/>\n\t<meta name=\"twitter:data1\" content=\"1 minute\" \/>\n<script type=\"application\/ld+json\" class=\"yoast-schema-graph\">{\"@context\":\"https:\\\/\\\/schema.org\",\"@graph\":[{\"@type\":\"WebPage\",\"@id\":\"https:\\\/\\\/csefrs.lifemoz.com\\\/fr\\\/publications\\\/evaluation-externe-de-la-phase-experimentale-du-projet-des-ecoles-pionnieres\\\/\",\"url\":\"https:\\\/\\\/csefrs.lifemoz.com\\\/fr\\\/publications\\\/evaluation-externe-de-la-phase-experimentale-du-projet-des-ecoles-pionnieres\\\/\",\"name\":\"\u00c9valuation externe de la phase exp\u00e9rimentale du projet \u00ab\u00a0Des \u00e9coles pionni\u00e8res\u00a0\u00bb - Conseil sup\u00e9rieur de l\u2019\u00e9ducation, de la formation et de la recherche scientifique\",\"isPartOf\":{\"@id\":\"https:\\\/\\\/csefrs.lifemoz.com\\\/#website\"},\"primaryImageOfPage\":{\"@id\":\"https:\\\/\\\/csefrs.lifemoz.com\\\/fr\\\/publications\\\/evaluation-externe-de-la-phase-experimentale-du-projet-des-ecoles-pionnieres\\\/#primaryimage\"},\"image\":{\"@id\":\"https:\\\/\\\/csefrs.lifemoz.com\\\/fr\\\/publications\\\/evaluation-externe-de-la-phase-experimentale-du-projet-des-ecoles-pionnieres\\\/#primaryimage\"},\"thumbnailUrl\":\"https:\\\/\\\/csefrs.lifemoz.com\\\/wp-content\\\/uploads\\\/2025\\\/12\\\/ecoles-pionnieres-fr-min.jpg\",\"datePublished\":\"2025-06-16T23:00:00+00:00\",\"dateModified\":\"2026-02-08T13:08:22+00:00\",\"breadcrumb\":{\"@id\":\"https:\\\/\\\/csefrs.lifemoz.com\\\/fr\\\/publications\\\/evaluation-externe-de-la-phase-experimentale-du-projet-des-ecoles-pionnieres\\\/#breadcrumb\"},\"inLanguage\":\"fr-FR\",\"potentialAction\":[{\"@type\":\"ReadAction\",\"target\":[\"https:\\\/\\\/csefrs.lifemoz.com\\\/fr\\\/publications\\\/evaluation-externe-de-la-phase-experimentale-du-projet-des-ecoles-pionnieres\\\/\"]}]},{\"@type\":\"ImageObject\",\"inLanguage\":\"fr-FR\",\"@id\":\"https:\\\/\\\/csefrs.lifemoz.com\\\/fr\\\/publications\\\/evaluation-externe-de-la-phase-experimentale-du-projet-des-ecoles-pionnieres\\\/#primaryimage\",\"url\":\"https:\\\/\\\/csefrs.lifemoz.com\\\/wp-content\\\/uploads\\\/2025\\\/12\\\/ecoles-pionnieres-fr-min.jpg\",\"contentUrl\":\"https:\\\/\\\/csefrs.lifemoz.com\\\/wp-content\\\/uploads\\\/2025\\\/12\\\/ecoles-pionnieres-fr-min.jpg\",\"width\":535,\"height\":757},{\"@type\":\"BreadcrumbList\",\"@id\":\"https:\\\/\\\/csefrs.lifemoz.com\\\/fr\\\/publications\\\/evaluation-externe-de-la-phase-experimentale-du-projet-des-ecoles-pionnieres\\\/#breadcrumb\",\"itemListElement\":[{\"@type\":\"ListItem\",\"position\":1,\"name\":\"Accueil\",\"item\":\"https:\\\/\\\/csefrs.lifemoz.com\\\/fr\\\/\"},{\"@type\":\"ListItem\",\"position\":2,\"name\":\"Publications\",\"item\":\"https:\\\/\\\/csefrs.lifemoz.com\\\/\u0627\u0644\u0645\u0646\u0634\u0648\u0631\u0627\u062a\\\/\"},{\"@type\":\"ListItem\",\"position\":3,\"name\":\"\u00c9valuation externe de la phase exp\u00e9rimentale du projet \u00ab\u00a0Des \u00e9coles pionni\u00e8res\u00a0\u00bb\"}]},{\"@type\":\"WebSite\",\"@id\":\"https:\\\/\\\/csefrs.lifemoz.com\\\/#website\",\"url\":\"https:\\\/\\\/csefrs.lifemoz.com\\\/\",\"name\":\"Conseil sup\u00e9rieur de l\u2019\u00e9ducation, de la formation et de la recherche scientifique\",\"description\":\"\",\"potentialAction\":[{\"@type\":\"SearchAction\",\"target\":{\"@type\":\"EntryPoint\",\"urlTemplate\":\"https:\\\/\\\/csefrs.lifemoz.com\\\/?s={search_term_string}\"},\"query-input\":{\"@type\":\"PropertyValueSpecification\",\"valueRequired\":true,\"valueName\":\"search_term_string\"}}],\"inLanguage\":\"fr-FR\"}]}<\/script>\n<!-- \/ Yoast SEO plugin. -->","yoast_head_json":{"title":"\u00c9valuation externe de la phase exp\u00e9rimentale du projet \u00ab\u00a0Des \u00e9coles pionni\u00e8res\u00a0\u00bb - Conseil sup\u00e9rieur de l\u2019\u00e9ducation, de la formation et de la recherche scientifique","robots":{"index":"noindex","follow":"follow","max-snippet":"max-snippet:-1","max-image-preview":"max-image-preview:large","max-video-preview":"max-video-preview:-1"},"og_locale":"fr_FR","og_type":"article","og_title":"\u00c9valuation externe de la phase exp\u00e9rimentale du projet \u00ab\u00a0Des \u00e9coles pionni\u00e8res\u00a0\u00bb - Conseil sup\u00e9rieur de l\u2019\u00e9ducation, de la formation et de la recherche scientifique","og_description":"Ce rapport restitue les r\u00e9sultats de l\u2019\u00e9valuation externe de la phase exp\u00e9rimentale du projet des \u00ab \u00e9coles pionni\u00e8res \u00bb. R\u00e9alis\u00e9e par l\u2019Instance Nationale d\u2019\u00c9valuation aupr\u00e8s du Conseil Sup\u00e9rieur de l\u2019\u00c9ducation, de la Formation et de la Recherche Scientifique (INE-CSEFRS), \u00e0 la demande du Minist\u00e8re de l\u2019\u00c9ducation Nationale, du Pr\u00e9scolaire et des Sports, cette \u00e9tude est&hellip;","og_url":"https:\/\/csefrs.lifemoz.com\/fr\/publications\/evaluation-externe-de-la-phase-experimentale-du-projet-des-ecoles-pionnieres\/","og_site_name":"Conseil sup\u00e9rieur de l\u2019\u00e9ducation, de la formation et de la recherche scientifique","article_modified_time":"2026-02-08T13:08:22+00:00","og_image":[{"width":535,"height":757,"url":"https:\/\/csefrs.lifemoz.com\/wp-content\/uploads\/2025\/12\/ecoles-pionnieres-fr-min.jpg","type":"image\/jpeg"}],"twitter_card":"summary_large_image","twitter_misc":{"Dur\u00e9e de lecture estim\u00e9e":"1 minute"},"schema":{"@context":"https:\/\/schema.org","@graph":[{"@type":"WebPage","@id":"https:\/\/csefrs.lifemoz.com\/fr\/publications\/evaluation-externe-de-la-phase-experimentale-du-projet-des-ecoles-pionnieres\/","url":"https:\/\/csefrs.lifemoz.com\/fr\/publications\/evaluation-externe-de-la-phase-experimentale-du-projet-des-ecoles-pionnieres\/","name":"\u00c9valuation externe de la phase exp\u00e9rimentale du projet \u00ab\u00a0Des \u00e9coles pionni\u00e8res\u00a0\u00bb - Conseil sup\u00e9rieur de l\u2019\u00e9ducation, de la formation et de la recherche scientifique","isPartOf":{"@id":"https:\/\/csefrs.lifemoz.com\/#website"},"primaryImageOfPage":{"@id":"https:\/\/csefrs.lifemoz.com\/fr\/publications\/evaluation-externe-de-la-phase-experimentale-du-projet-des-ecoles-pionnieres\/#primaryimage"},"image":{"@id":"https:\/\/csefrs.lifemoz.com\/fr\/publications\/evaluation-externe-de-la-phase-experimentale-du-projet-des-ecoles-pionnieres\/#primaryimage"},"thumbnailUrl":"https:\/\/csefrs.lifemoz.com\/wp-content\/uploads\/2025\/12\/ecoles-pionnieres-fr-min.jpg","datePublished":"2025-06-16T23:00:00+00:00","dateModified":"2026-02-08T13:08:22+00:00","breadcrumb":{"@id":"https:\/\/csefrs.lifemoz.com\/fr\/publications\/evaluation-externe-de-la-phase-experimentale-du-projet-des-ecoles-pionnieres\/#breadcrumb"},"inLanguage":"fr-FR","potentialAction":[{"@type":"ReadAction","target":["https:\/\/csefrs.lifemoz.com\/fr\/publications\/evaluation-externe-de-la-phase-experimentale-du-projet-des-ecoles-pionnieres\/"]}]},{"@type":"ImageObject","inLanguage":"fr-FR","@id":"https:\/\/csefrs.lifemoz.com\/fr\/publications\/evaluation-externe-de-la-phase-experimentale-du-projet-des-ecoles-pionnieres\/#primaryimage","url":"https:\/\/csefrs.lifemoz.com\/wp-content\/uploads\/2025\/12\/ecoles-pionnieres-fr-min.jpg","contentUrl":"https:\/\/csefrs.lifemoz.com\/wp-content\/uploads\/2025\/12\/ecoles-pionnieres-fr-min.jpg","width":535,"height":757},{"@type":"BreadcrumbList","@id":"https:\/\/csefrs.lifemoz.com\/fr\/publications\/evaluation-externe-de-la-phase-experimentale-du-projet-des-ecoles-pionnieres\/#breadcrumb","itemListElement":[{"@type":"ListItem","position":1,"name":"Accueil","item":"https:\/\/csefrs.lifemoz.com\/fr\/"},{"@type":"ListItem","position":2,"name":"Publications","item":"https:\/\/csefrs.lifemoz.com\/\u0627\u0644\u0645\u0646\u0634\u0648\u0631\u0627\u062a\/"},{"@type":"ListItem","position":3,"name":"\u00c9valuation externe de la phase exp\u00e9rimentale du projet \u00ab\u00a0Des \u00e9coles pionni\u00e8res\u00a0\u00bb"}]},{"@type":"WebSite","@id":"https:\/\/csefrs.lifemoz.com\/#website","url":"https:\/\/csefrs.lifemoz.com\/","name":"Conseil sup\u00e9rieur de l\u2019\u00e9ducation, de la formation et de la recherche scientifique","description":"","potentialAction":[{"@type":"SearchAction","target":{"@type":"EntryPoint","urlTemplate":"https:\/\/csefrs.lifemoz.com\/?s={search_term_string}"},"query-input":{"@type":"PropertyValueSpecification","valueRequired":true,"valueName":"search_term_string"}}],"inLanguage":"fr-FR"}]}},"_links":{"self":[{"href":"https:\/\/csefrs.lifemoz.com\/fr\/wp-json\/wp\/v2\/product\/37618","targetHints":{"allow":["GET"]}}],"collection":[{"href":"https:\/\/csefrs.lifemoz.com\/fr\/wp-json\/wp\/v2\/product"}],"about":[{"href":"https:\/\/csefrs.lifemoz.com\/fr\/wp-json\/wp\/v2\/types\/product"}],"wp:featuredmedia":[{"embeddable":true,"href":"https:\/\/csefrs.lifemoz.com\/fr\/wp-json\/wp\/v2\/media\/37148"}],"wp:attachment":[{"href":"https:\/\/csefrs.lifemoz.com\/fr\/wp-json\/wp\/v2\/media?parent=37618"}],"wp:term":[{"taxonomy":"product_brand","embeddable":true,"href":"https:\/\/csefrs.lifemoz.com\/fr\/wp-json\/wp\/v2\/product_brand?post=37618"},{"taxonomy":"product_cat","embeddable":true,"href":"https:\/\/csefrs.lifemoz.com\/fr\/wp-json\/wp\/v2\/product_cat?post=37618"},{"taxonomy":"product_tag","embeddable":true,"href":"https:\/\/csefrs.lifemoz.com\/fr\/wp-json\/wp\/v2\/product_tag?post=37618"}],"curies":[{"name":"wp","href":"https:\/\/api.w.org\/{rel}","templated":true}]}}