{"id":37616,"date":"2025-05-14T00:00:00","date_gmt":"2025-05-13T23:00:00","guid":{"rendered":"https:\/\/csefrs.lifemoz.com\/\u0627\u0644\u0645\u0646\u0634\u0648\u0631\u0627\u062a\/latlas-territorial-de-linfrastructure-scolaire\/"},"modified":"2026-02-08T14:08:23","modified_gmt":"2026-02-08T13:08:23","slug":"latlas-territorial-de-linfrastructure-scolaire","status":"publish","type":"product","link":"https:\/\/csefrs.lifemoz.com\/fr\/publications\/latlas-territorial-de-linfrastructure-scolaire\/","title":{"rendered":"L\u2019Atlas territorial de l\u2019infrastructure scolaire"},"content":{"rendered":"<p>L\u2019Atlas territorial de l\u2019infrastructure scolaire constitue le septi\u00e8me Atlas \u00e9labor\u00e9 par l\u2019Instance Nationale d\u2019\u00e9valuation aupr\u00e8s du Conseil Sup\u00e9rieur de l\u2019\u00c9ducation, de la Formation et de la Recherche Scientifique (INE-CSEFRS) CSEFRS. Il fournit une \u00e9valuation d\u00e9taill\u00e9e de l\u2019\u00e9tat des infrastructures dans les \u00e9tablissements d\u2019enseignement scolaire, en mettant en lumi\u00e8re les disparit\u00e9s territoriales et les enjeux li\u00e9s \u00e0 la qualit\u00e9 et la disponibilit\u00e9 des infrastructures n\u00e9cessaires au d\u00e9veloppement et au bon fonctionnement de ces \u00e9tablissements \u00e0 l\u2019\u00e9chelle r\u00e9gionale, provinciale et communale. Cette \u00e9valuation repose sur un indice composite \u00e9labor\u00e9 par l\u2019INE-CSEFRS, qui permet d\u2019analyser de mani\u00e8re rigoureuse et objective la qualit\u00e9 et la disponibilit\u00e9 des infrastructures scolaires. Cet Atlas constitue ainsi un outil strat\u00e9gique pour am\u00e9liorer l\u2019\u00e9quit\u00e9 territoriale et garantir \u00e0 chaque \u00e9l\u00e8ve des conditions d\u2019apprentissage convenables, quel que soit son lieu de r\u00e9sidence.<\/p>\n<p style=\"text-align: justify;\"><a class=\"download-button-intern-fr\" href=\"https:\/\/csefrsma-my.sharepoint.com\/:b:\/g\/personal\/mjbilou_csefrs_ma\/EffsAOWZxWRAsvC7pYS8k9ABOyQ4hOWEzQR-r6HczpttOg?e=RTZcD2\" target=\"_blank\" rel=\"noopener\">T\u00e9l\u00e9charger l&rsquo;Atlas<\/a><\/p>\n<p style=\"text-align: justify;\"><a class=\"download-button-intern-fr\" href=\"https:\/\/csefrs.lifemoz.com\/wp-content\/uploads\/2025\/05\/24-02-AR-ATLAS-TERRITORIAL-DE-LINFRASTRUCTURE-SCOLAIRE.pdf\" target=\"_blank\" rel=\"noopener\">T\u00e9l\u00e9charger l&rsquo;introduction de l&rsquo;Atlas en arabe<\/a><\/p>\n","protected":false},"excerpt":{"rendered":"<p>L\u2019Atlas territorial de l\u2019infrastructure scolaire constitue le septi\u00e8me Atlas \u00e9labor\u00e9 par l\u2019Instance Nationale d\u2019\u00e9valuation aupr\u00e8s du Conseil Sup\u00e9rieur de l\u2019\u00c9ducation, de la Formation et de la Recherche Scientifique (INE-CSEFRS) CSEFRS. Il fournit une \u00e9valuation d\u00e9taill\u00e9e de l\u2019\u00e9tat des infrastructures dans les \u00e9tablissements d\u2019enseignement scolaire, en mettant en lumi\u00e8re les disparit\u00e9s territoriales et les enjeux li\u00e9s&hellip;<\/p>\n","protected":false},"featured_media":36496,"template":"","meta":[],"product_brand":[],"product_cat":[506],"product_tag":[],"class_list":{"0":"post-37616","1":"product","2":"type-product","3":"status-publish","4":"has-post-thumbnail","6":"product_cat-rapports-devaluation-etudes","7":"description-off","9":"first","10":"instock","11":"downloadable","12":"virtual","13":"sold-individually","14":"purchasable","15":"product-type-simple"},"yoast_head":"<!-- This site is optimized with the Yoast SEO plugin v27.5 - https:\/\/yoast.com\/product\/yoast-seo-wordpress\/ -->\n<title>L\u2019Atlas territorial de l\u2019infrastructure scolaire - Conseil sup\u00e9rieur de l\u2019\u00e9ducation, de la formation et de la recherche scientifique<\/title>\n<meta name=\"robots\" content=\"noindex, follow, max-snippet:-1, max-image-preview:large, max-video-preview:-1\" \/>\n<meta property=\"og:locale\" content=\"fr_FR\" \/>\n<meta property=\"og:type\" content=\"article\" \/>\n<meta property=\"og:title\" content=\"L\u2019Atlas territorial de l\u2019infrastructure scolaire - Conseil sup\u00e9rieur de l\u2019\u00e9ducation, de la formation et de la recherche scientifique\" \/>\n<meta property=\"og:description\" content=\"L\u2019Atlas territorial de l\u2019infrastructure scolaire constitue le septi\u00e8me Atlas \u00e9labor\u00e9 par l\u2019Instance Nationale d\u2019\u00e9valuation aupr\u00e8s du Conseil Sup\u00e9rieur de l\u2019\u00c9ducation, de la Formation et de la Recherche Scientifique (INE-CSEFRS) CSEFRS. Il fournit une \u00e9valuation d\u00e9taill\u00e9e de l\u2019\u00e9tat des infrastructures dans les \u00e9tablissements d\u2019enseignement scolaire, en mettant en lumi\u00e8re les disparit\u00e9s territoriales et les enjeux li\u00e9s&hellip;\" \/>\n<meta property=\"og:url\" content=\"https:\/\/csefrs.lifemoz.com\/fr\/publications\/latlas-territorial-de-linfrastructure-scolaire\/\" \/>\n<meta property=\"og:site_name\" content=\"Conseil sup\u00e9rieur de l\u2019\u00e9ducation, de la formation et de la recherche scientifique\" \/>\n<meta property=\"article:modified_time\" content=\"2026-02-08T13:08:23+00:00\" \/>\n<meta property=\"og:image\" content=\"https:\/\/csefrs.lifemoz.com\/wp-content\/uploads\/2025\/12\/atlas.jpg\" \/>\n\t<meta property=\"og:image:width\" content=\"535\" \/>\n\t<meta property=\"og:image:height\" content=\"757\" \/>\n\t<meta property=\"og:image:type\" content=\"image\/jpeg\" \/>\n<meta name=\"twitter:card\" content=\"summary_large_image\" \/>\n<meta name=\"twitter:label1\" content=\"Dur\u00e9e de lecture estim\u00e9e\" \/>\n\t<meta name=\"twitter:data1\" content=\"1 minute\" \/>\n<script type=\"application\/ld+json\" class=\"yoast-schema-graph\">{\"@context\":\"https:\\\/\\\/schema.org\",\"@graph\":[{\"@type\":\"WebPage\",\"@id\":\"https:\\\/\\\/csefrs.lifemoz.com\\\/fr\\\/publications\\\/latlas-territorial-de-linfrastructure-scolaire\\\/\",\"url\":\"https:\\\/\\\/csefrs.lifemoz.com\\\/fr\\\/publications\\\/latlas-territorial-de-linfrastructure-scolaire\\\/\",\"name\":\"L\u2019Atlas territorial de l\u2019infrastructure scolaire - Conseil sup\u00e9rieur de l\u2019\u00e9ducation, de la formation et de la recherche scientifique\",\"isPartOf\":{\"@id\":\"https:\\\/\\\/csefrs.lifemoz.com\\\/#website\"},\"primaryImageOfPage\":{\"@id\":\"https:\\\/\\\/csefrs.lifemoz.com\\\/fr\\\/publications\\\/latlas-territorial-de-linfrastructure-scolaire\\\/#primaryimage\"},\"image\":{\"@id\":\"https:\\\/\\\/csefrs.lifemoz.com\\\/fr\\\/publications\\\/latlas-territorial-de-linfrastructure-scolaire\\\/#primaryimage\"},\"thumbnailUrl\":\"https:\\\/\\\/csefrs.lifemoz.com\\\/wp-content\\\/uploads\\\/2025\\\/12\\\/atlas.jpg\",\"datePublished\":\"2025-05-13T23:00:00+00:00\",\"dateModified\":\"2026-02-08T13:08:23+00:00\",\"breadcrumb\":{\"@id\":\"https:\\\/\\\/csefrs.lifemoz.com\\\/fr\\\/publications\\\/latlas-territorial-de-linfrastructure-scolaire\\\/#breadcrumb\"},\"inLanguage\":\"fr-FR\",\"potentialAction\":[{\"@type\":\"ReadAction\",\"target\":[\"https:\\\/\\\/csefrs.lifemoz.com\\\/fr\\\/publications\\\/latlas-territorial-de-linfrastructure-scolaire\\\/\"]}]},{\"@type\":\"ImageObject\",\"inLanguage\":\"fr-FR\",\"@id\":\"https:\\\/\\\/csefrs.lifemoz.com\\\/fr\\\/publications\\\/latlas-territorial-de-linfrastructure-scolaire\\\/#primaryimage\",\"url\":\"https:\\\/\\\/csefrs.lifemoz.com\\\/wp-content\\\/uploads\\\/2025\\\/12\\\/atlas.jpg\",\"contentUrl\":\"https:\\\/\\\/csefrs.lifemoz.com\\\/wp-content\\\/uploads\\\/2025\\\/12\\\/atlas.jpg\",\"width\":535,\"height\":757},{\"@type\":\"BreadcrumbList\",\"@id\":\"https:\\\/\\\/csefrs.lifemoz.com\\\/fr\\\/publications\\\/latlas-territorial-de-linfrastructure-scolaire\\\/#breadcrumb\",\"itemListElement\":[{\"@type\":\"ListItem\",\"position\":1,\"name\":\"Accueil\",\"item\":\"https:\\\/\\\/csefrs.lifemoz.com\\\/fr\\\/\"},{\"@type\":\"ListItem\",\"position\":2,\"name\":\"Publications\",\"item\":\"https:\\\/\\\/csefrs.lifemoz.com\\\/\u0627\u0644\u0645\u0646\u0634\u0648\u0631\u0627\u062a\\\/\"},{\"@type\":\"ListItem\",\"position\":3,\"name\":\"L\u2019Atlas territorial de l\u2019infrastructure scolaire\"}]},{\"@type\":\"WebSite\",\"@id\":\"https:\\\/\\\/csefrs.lifemoz.com\\\/#website\",\"url\":\"https:\\\/\\\/csefrs.lifemoz.com\\\/\",\"name\":\"Conseil sup\u00e9rieur de l\u2019\u00e9ducation, de la formation et de la recherche scientifique\",\"description\":\"\",\"potentialAction\":[{\"@type\":\"SearchAction\",\"target\":{\"@type\":\"EntryPoint\",\"urlTemplate\":\"https:\\\/\\\/csefrs.lifemoz.com\\\/?s={search_term_string}\"},\"query-input\":{\"@type\":\"PropertyValueSpecification\",\"valueRequired\":true,\"valueName\":\"search_term_string\"}}],\"inLanguage\":\"fr-FR\"}]}<\/script>\n<!-- \/ Yoast SEO plugin. -->","yoast_head_json":{"title":"L\u2019Atlas territorial de l\u2019infrastructure scolaire - Conseil sup\u00e9rieur de l\u2019\u00e9ducation, de la formation et de la recherche scientifique","robots":{"index":"noindex","follow":"follow","max-snippet":"max-snippet:-1","max-image-preview":"max-image-preview:large","max-video-preview":"max-video-preview:-1"},"og_locale":"fr_FR","og_type":"article","og_title":"L\u2019Atlas territorial de l\u2019infrastructure scolaire - Conseil sup\u00e9rieur de l\u2019\u00e9ducation, de la formation et de la recherche scientifique","og_description":"L\u2019Atlas territorial de l\u2019infrastructure scolaire constitue le septi\u00e8me Atlas \u00e9labor\u00e9 par l\u2019Instance Nationale d\u2019\u00e9valuation aupr\u00e8s du Conseil Sup\u00e9rieur de l\u2019\u00c9ducation, de la Formation et de la Recherche Scientifique (INE-CSEFRS) CSEFRS. Il fournit une \u00e9valuation d\u00e9taill\u00e9e de l\u2019\u00e9tat des infrastructures dans les \u00e9tablissements d\u2019enseignement scolaire, en mettant en lumi\u00e8re les disparit\u00e9s territoriales et les enjeux li\u00e9s&hellip;","og_url":"https:\/\/csefrs.lifemoz.com\/fr\/publications\/latlas-territorial-de-linfrastructure-scolaire\/","og_site_name":"Conseil sup\u00e9rieur de l\u2019\u00e9ducation, de la formation et de la recherche scientifique","article_modified_time":"2026-02-08T13:08:23+00:00","og_image":[{"width":535,"height":757,"url":"https:\/\/csefrs.lifemoz.com\/wp-content\/uploads\/2025\/12\/atlas.jpg","type":"image\/jpeg"}],"twitter_card":"summary_large_image","twitter_misc":{"Dur\u00e9e de lecture estim\u00e9e":"1 minute"},"schema":{"@context":"https:\/\/schema.org","@graph":[{"@type":"WebPage","@id":"https:\/\/csefrs.lifemoz.com\/fr\/publications\/latlas-territorial-de-linfrastructure-scolaire\/","url":"https:\/\/csefrs.lifemoz.com\/fr\/publications\/latlas-territorial-de-linfrastructure-scolaire\/","name":"L\u2019Atlas territorial de l\u2019infrastructure scolaire - Conseil sup\u00e9rieur de l\u2019\u00e9ducation, de la formation et de la recherche scientifique","isPartOf":{"@id":"https:\/\/csefrs.lifemoz.com\/#website"},"primaryImageOfPage":{"@id":"https:\/\/csefrs.lifemoz.com\/fr\/publications\/latlas-territorial-de-linfrastructure-scolaire\/#primaryimage"},"image":{"@id":"https:\/\/csefrs.lifemoz.com\/fr\/publications\/latlas-territorial-de-linfrastructure-scolaire\/#primaryimage"},"thumbnailUrl":"https:\/\/csefrs.lifemoz.com\/wp-content\/uploads\/2025\/12\/atlas.jpg","datePublished":"2025-05-13T23:00:00+00:00","dateModified":"2026-02-08T13:08:23+00:00","breadcrumb":{"@id":"https:\/\/csefrs.lifemoz.com\/fr\/publications\/latlas-territorial-de-linfrastructure-scolaire\/#breadcrumb"},"inLanguage":"fr-FR","potentialAction":[{"@type":"ReadAction","target":["https:\/\/csefrs.lifemoz.com\/fr\/publications\/latlas-territorial-de-linfrastructure-scolaire\/"]}]},{"@type":"ImageObject","inLanguage":"fr-FR","@id":"https:\/\/csefrs.lifemoz.com\/fr\/publications\/latlas-territorial-de-linfrastructure-scolaire\/#primaryimage","url":"https:\/\/csefrs.lifemoz.com\/wp-content\/uploads\/2025\/12\/atlas.jpg","contentUrl":"https:\/\/csefrs.lifemoz.com\/wp-content\/uploads\/2025\/12\/atlas.jpg","width":535,"height":757},{"@type":"BreadcrumbList","@id":"https:\/\/csefrs.lifemoz.com\/fr\/publications\/latlas-territorial-de-linfrastructure-scolaire\/#breadcrumb","itemListElement":[{"@type":"ListItem","position":1,"name":"Accueil","item":"https:\/\/csefrs.lifemoz.com\/fr\/"},{"@type":"ListItem","position":2,"name":"Publications","item":"https:\/\/csefrs.lifemoz.com\/\u0627\u0644\u0645\u0646\u0634\u0648\u0631\u0627\u062a\/"},{"@type":"ListItem","position":3,"name":"L\u2019Atlas territorial de l\u2019infrastructure scolaire"}]},{"@type":"WebSite","@id":"https:\/\/csefrs.lifemoz.com\/#website","url":"https:\/\/csefrs.lifemoz.com\/","name":"Conseil sup\u00e9rieur de l\u2019\u00e9ducation, de la formation et de la recherche scientifique","description":"","potentialAction":[{"@type":"SearchAction","target":{"@type":"EntryPoint","urlTemplate":"https:\/\/csefrs.lifemoz.com\/?s={search_term_string}"},"query-input":{"@type":"PropertyValueSpecification","valueRequired":true,"valueName":"search_term_string"}}],"inLanguage":"fr-FR"}]}},"_links":{"self":[{"href":"https:\/\/csefrs.lifemoz.com\/fr\/wp-json\/wp\/v2\/product\/37616","targetHints":{"allow":["GET"]}}],"collection":[{"href":"https:\/\/csefrs.lifemoz.com\/fr\/wp-json\/wp\/v2\/product"}],"about":[{"href":"https:\/\/csefrs.lifemoz.com\/fr\/wp-json\/wp\/v2\/types\/product"}],"wp:featuredmedia":[{"embeddable":true,"href":"https:\/\/csefrs.lifemoz.com\/fr\/wp-json\/wp\/v2\/media\/36496"}],"wp:attachment":[{"href":"https:\/\/csefrs.lifemoz.com\/fr\/wp-json\/wp\/v2\/media?parent=37616"}],"wp:term":[{"taxonomy":"product_brand","embeddable":true,"href":"https:\/\/csefrs.lifemoz.com\/fr\/wp-json\/wp\/v2\/product_brand?post=37616"},{"taxonomy":"product_cat","embeddable":true,"href":"https:\/\/csefrs.lifemoz.com\/fr\/wp-json\/wp\/v2\/product_cat?post=37616"},{"taxonomy":"product_tag","embeddable":true,"href":"https:\/\/csefrs.lifemoz.com\/fr\/wp-json\/wp\/v2\/product_tag?post=37616"}],"curies":[{"name":"wp","href":"https:\/\/api.w.org\/{rel}","templated":true}]}}