{"id":37610,"date":"2024-11-20T00:00:00","date_gmt":"2024-11-19T23:00:00","guid":{"rendered":"https:\/\/csefrs.lifemoz.com\/\u0627\u0644\u0645\u0646\u0634\u0648\u0631\u0627\u062a\/revue-transformations-educatives\/"},"modified":"2026-02-08T14:08:23","modified_gmt":"2026-02-08T13:08:23","slug":"revue-transformations-educatives","status":"publish","type":"product","link":"https:\/\/csefrs.lifemoz.com\/fr\/publications\/revue-transformations-educatives\/","title":{"rendered":"Revue Transformations \u00c9ducatives"},"content":{"rendered":"<p><strong>La revue Transformations \u00c9ducatives<\/strong>, une revue de r\u00e9flexion scientifique, \u00e0 comit\u00e9 de lecture intitul\u00e9e\u00a0\u00ab\u00a0<a href=\"https:\/\/journals.imist.ma\/index.php\/Transformations-Educatives\">Transformations \u00c9ducatives<\/a>\u00a0\u00bb, dans un contexte national et international marqu\u00e9 par de multiples d\u00e9fis.<\/p>\n<p>Le premier num\u00e9ro de cette revue est consacr\u00e9 au th\u00e8me <strong>\u00ab l\u2019\u00e9ducation, la formation et la recherche scientifique dans un contexte de transformation num\u00e9rique au Maroc \u00bb<\/strong>. Un num\u00e9ro qui souhaite contribuer \u00e0 la r\u00e9flexion en cours sur les impacts de cette mutation majeure sur le syst\u00e8me \u00e9ducatif. Il s&rsquo;agit d&rsquo;une invitation ouverte aux chercheurs pour\u00a0approfondir la r\u00e9flexion sur la question du num\u00e9rique, mettre en lumi\u00e8re les probl\u00e9matiques persistantes et proposer des solutions \u00e0 m\u00eame de contribuer \u00e0 induire la transformation n\u00e9cessaire pour construire une nouvelle \u00e9cole marocaine en phase avec les objectifs strat\u00e9giques et les orientations de la r\u00e9forme \u00e9ducative du pays.<\/p>\n<p><a class=\"download-button-intern-fr\" href=\"https:\/\/revue.csefrs.lifemoz.com\" target=\"_blank\" rel=\"noopener\">Num\u00e9ro 1 de la Revue<\/a><\/p>\n","protected":false},"excerpt":{"rendered":"<p>La revue Transformations \u00c9ducatives, une revue de r\u00e9flexion scientifique, \u00e0 comit\u00e9 de lecture intitul\u00e9e\u00a0\u00ab\u00a0Transformations \u00c9ducatives\u00a0\u00bb, dans un contexte national et international marqu\u00e9 par de multiples d\u00e9fis. Le premier num\u00e9ro de cette revue est consacr\u00e9 au th\u00e8me \u00ab l\u2019\u00e9ducation, la formation et la recherche scientifique dans un contexte de transformation num\u00e9rique au Maroc \u00bb. Un num\u00e9ro&hellip;<\/p>\n","protected":false},"featured_media":37145,"template":"","meta":[],"product_brand":[],"product_cat":[510],"product_tag":[],"class_list":{"0":"post-37610","1":"product","2":"type-product","3":"status-publish","4":"has-post-thumbnail","6":"product_cat-revues-et-periodiques","7":"description-off","9":"first","10":"instock","11":"downloadable","12":"virtual","13":"sold-individually","14":"purchasable","15":"product-type-simple"},"yoast_head":"<!-- This site is optimized with the Yoast SEO plugin v27.5 - https:\/\/yoast.com\/product\/yoast-seo-wordpress\/ -->\n<title>Revue Transformations \u00c9ducatives - Conseil sup\u00e9rieur de l\u2019\u00e9ducation, de la formation et de la recherche scientifique<\/title>\n<meta name=\"robots\" content=\"noindex, follow, max-snippet:-1, max-image-preview:large, max-video-preview:-1\" \/>\n<meta property=\"og:locale\" content=\"fr_FR\" \/>\n<meta property=\"og:type\" content=\"article\" \/>\n<meta property=\"og:title\" content=\"Revue Transformations \u00c9ducatives - Conseil sup\u00e9rieur de l\u2019\u00e9ducation, de la formation et de la recherche scientifique\" \/>\n<meta property=\"og:description\" content=\"La revue Transformations \u00c9ducatives, une revue de r\u00e9flexion scientifique, \u00e0 comit\u00e9 de lecture intitul\u00e9e\u00a0\u00ab\u00a0Transformations \u00c9ducatives\u00a0\u00bb, dans un contexte national et international marqu\u00e9 par de multiples d\u00e9fis. Le premier num\u00e9ro de cette revue est consacr\u00e9 au th\u00e8me \u00ab l\u2019\u00e9ducation, la formation et la recherche scientifique dans un contexte de transformation num\u00e9rique au Maroc \u00bb. Un num\u00e9ro&hellip;\" \/>\n<meta property=\"og:url\" content=\"https:\/\/csefrs.lifemoz.com\/fr\/publications\/revue-transformations-educatives\/\" \/>\n<meta property=\"og:site_name\" content=\"Conseil sup\u00e9rieur de l\u2019\u00e9ducation, de la formation et de la recherche scientifique\" \/>\n<meta property=\"article:modified_time\" content=\"2026-02-08T13:08:23+00:00\" \/>\n<meta property=\"og:image\" content=\"https:\/\/csefrs.lifemoz.com\/wp-content\/uploads\/2025\/12\/ta7awolat-fr.jpg\" \/>\n\t<meta property=\"og:image:width\" content=\"535\" \/>\n\t<meta property=\"og:image:height\" content=\"757\" \/>\n\t<meta property=\"og:image:type\" content=\"image\/jpeg\" \/>\n<meta name=\"twitter:card\" content=\"summary_large_image\" \/>\n<meta name=\"twitter:label1\" content=\"Dur\u00e9e de lecture estim\u00e9e\" \/>\n\t<meta name=\"twitter:data1\" content=\"1 minute\" \/>\n<script type=\"application\/ld+json\" class=\"yoast-schema-graph\">{\"@context\":\"https:\\\/\\\/schema.org\",\"@graph\":[{\"@type\":\"WebPage\",\"@id\":\"https:\\\/\\\/csefrs.lifemoz.com\\\/fr\\\/publications\\\/revue-transformations-educatives\\\/\",\"url\":\"https:\\\/\\\/csefrs.lifemoz.com\\\/fr\\\/publications\\\/revue-transformations-educatives\\\/\",\"name\":\"Revue Transformations \u00c9ducatives - Conseil sup\u00e9rieur de l\u2019\u00e9ducation, de la formation et de la recherche scientifique\",\"isPartOf\":{\"@id\":\"https:\\\/\\\/csefrs.lifemoz.com\\\/#website\"},\"primaryImageOfPage\":{\"@id\":\"https:\\\/\\\/csefrs.lifemoz.com\\\/fr\\\/publications\\\/revue-transformations-educatives\\\/#primaryimage\"},\"image\":{\"@id\":\"https:\\\/\\\/csefrs.lifemoz.com\\\/fr\\\/publications\\\/revue-transformations-educatives\\\/#primaryimage\"},\"thumbnailUrl\":\"https:\\\/\\\/csefrs.lifemoz.com\\\/wp-content\\\/uploads\\\/2025\\\/12\\\/ta7awolat-fr.jpg\",\"datePublished\":\"2024-11-19T23:00:00+00:00\",\"dateModified\":\"2026-02-08T13:08:23+00:00\",\"breadcrumb\":{\"@id\":\"https:\\\/\\\/csefrs.lifemoz.com\\\/fr\\\/publications\\\/revue-transformations-educatives\\\/#breadcrumb\"},\"inLanguage\":\"fr-FR\",\"potentialAction\":[{\"@type\":\"ReadAction\",\"target\":[\"https:\\\/\\\/csefrs.lifemoz.com\\\/fr\\\/publications\\\/revue-transformations-educatives\\\/\"]}]},{\"@type\":\"ImageObject\",\"inLanguage\":\"fr-FR\",\"@id\":\"https:\\\/\\\/csefrs.lifemoz.com\\\/fr\\\/publications\\\/revue-transformations-educatives\\\/#primaryimage\",\"url\":\"https:\\\/\\\/csefrs.lifemoz.com\\\/wp-content\\\/uploads\\\/2025\\\/12\\\/ta7awolat-fr.jpg\",\"contentUrl\":\"https:\\\/\\\/csefrs.lifemoz.com\\\/wp-content\\\/uploads\\\/2025\\\/12\\\/ta7awolat-fr.jpg\",\"width\":535,\"height\":757},{\"@type\":\"BreadcrumbList\",\"@id\":\"https:\\\/\\\/csefrs.lifemoz.com\\\/fr\\\/publications\\\/revue-transformations-educatives\\\/#breadcrumb\",\"itemListElement\":[{\"@type\":\"ListItem\",\"position\":1,\"name\":\"Accueil\",\"item\":\"https:\\\/\\\/csefrs.lifemoz.com\\\/fr\\\/\"},{\"@type\":\"ListItem\",\"position\":2,\"name\":\"Publications\",\"item\":\"https:\\\/\\\/csefrs.lifemoz.com\\\/\u0627\u0644\u0645\u0646\u0634\u0648\u0631\u0627\u062a\\\/\"},{\"@type\":\"ListItem\",\"position\":3,\"name\":\"Revue Transformations \u00c9ducatives\"}]},{\"@type\":\"WebSite\",\"@id\":\"https:\\\/\\\/csefrs.lifemoz.com\\\/#website\",\"url\":\"https:\\\/\\\/csefrs.lifemoz.com\\\/\",\"name\":\"Conseil sup\u00e9rieur de l\u2019\u00e9ducation, de la formation et de la recherche scientifique\",\"description\":\"\",\"potentialAction\":[{\"@type\":\"SearchAction\",\"target\":{\"@type\":\"EntryPoint\",\"urlTemplate\":\"https:\\\/\\\/csefrs.lifemoz.com\\\/?s={search_term_string}\"},\"query-input\":{\"@type\":\"PropertyValueSpecification\",\"valueRequired\":true,\"valueName\":\"search_term_string\"}}],\"inLanguage\":\"fr-FR\"}]}<\/script>\n<!-- \/ Yoast SEO plugin. -->","yoast_head_json":{"title":"Revue Transformations \u00c9ducatives - Conseil sup\u00e9rieur de l\u2019\u00e9ducation, de la formation et de la recherche scientifique","robots":{"index":"noindex","follow":"follow","max-snippet":"max-snippet:-1","max-image-preview":"max-image-preview:large","max-video-preview":"max-video-preview:-1"},"og_locale":"fr_FR","og_type":"article","og_title":"Revue Transformations \u00c9ducatives - Conseil sup\u00e9rieur de l\u2019\u00e9ducation, de la formation et de la recherche scientifique","og_description":"La revue Transformations \u00c9ducatives, une revue de r\u00e9flexion scientifique, \u00e0 comit\u00e9 de lecture intitul\u00e9e\u00a0\u00ab\u00a0Transformations \u00c9ducatives\u00a0\u00bb, dans un contexte national et international marqu\u00e9 par de multiples d\u00e9fis. Le premier num\u00e9ro de cette revue est consacr\u00e9 au th\u00e8me \u00ab l\u2019\u00e9ducation, la formation et la recherche scientifique dans un contexte de transformation num\u00e9rique au Maroc \u00bb. Un num\u00e9ro&hellip;","og_url":"https:\/\/csefrs.lifemoz.com\/fr\/publications\/revue-transformations-educatives\/","og_site_name":"Conseil sup\u00e9rieur de l\u2019\u00e9ducation, de la formation et de la recherche scientifique","article_modified_time":"2026-02-08T13:08:23+00:00","og_image":[{"width":535,"height":757,"url":"https:\/\/csefrs.lifemoz.com\/wp-content\/uploads\/2025\/12\/ta7awolat-fr.jpg","type":"image\/jpeg"}],"twitter_card":"summary_large_image","twitter_misc":{"Dur\u00e9e de lecture estim\u00e9e":"1 minute"},"schema":{"@context":"https:\/\/schema.org","@graph":[{"@type":"WebPage","@id":"https:\/\/csefrs.lifemoz.com\/fr\/publications\/revue-transformations-educatives\/","url":"https:\/\/csefrs.lifemoz.com\/fr\/publications\/revue-transformations-educatives\/","name":"Revue Transformations \u00c9ducatives - Conseil sup\u00e9rieur de l\u2019\u00e9ducation, de la formation et de la recherche scientifique","isPartOf":{"@id":"https:\/\/csefrs.lifemoz.com\/#website"},"primaryImageOfPage":{"@id":"https:\/\/csefrs.lifemoz.com\/fr\/publications\/revue-transformations-educatives\/#primaryimage"},"image":{"@id":"https:\/\/csefrs.lifemoz.com\/fr\/publications\/revue-transformations-educatives\/#primaryimage"},"thumbnailUrl":"https:\/\/csefrs.lifemoz.com\/wp-content\/uploads\/2025\/12\/ta7awolat-fr.jpg","datePublished":"2024-11-19T23:00:00+00:00","dateModified":"2026-02-08T13:08:23+00:00","breadcrumb":{"@id":"https:\/\/csefrs.lifemoz.com\/fr\/publications\/revue-transformations-educatives\/#breadcrumb"},"inLanguage":"fr-FR","potentialAction":[{"@type":"ReadAction","target":["https:\/\/csefrs.lifemoz.com\/fr\/publications\/revue-transformations-educatives\/"]}]},{"@type":"ImageObject","inLanguage":"fr-FR","@id":"https:\/\/csefrs.lifemoz.com\/fr\/publications\/revue-transformations-educatives\/#primaryimage","url":"https:\/\/csefrs.lifemoz.com\/wp-content\/uploads\/2025\/12\/ta7awolat-fr.jpg","contentUrl":"https:\/\/csefrs.lifemoz.com\/wp-content\/uploads\/2025\/12\/ta7awolat-fr.jpg","width":535,"height":757},{"@type":"BreadcrumbList","@id":"https:\/\/csefrs.lifemoz.com\/fr\/publications\/revue-transformations-educatives\/#breadcrumb","itemListElement":[{"@type":"ListItem","position":1,"name":"Accueil","item":"https:\/\/csefrs.lifemoz.com\/fr\/"},{"@type":"ListItem","position":2,"name":"Publications","item":"https:\/\/csefrs.lifemoz.com\/\u0627\u0644\u0645\u0646\u0634\u0648\u0631\u0627\u062a\/"},{"@type":"ListItem","position":3,"name":"Revue Transformations \u00c9ducatives"}]},{"@type":"WebSite","@id":"https:\/\/csefrs.lifemoz.com\/#website","url":"https:\/\/csefrs.lifemoz.com\/","name":"Conseil sup\u00e9rieur de l\u2019\u00e9ducation, de la formation et de la recherche scientifique","description":"","potentialAction":[{"@type":"SearchAction","target":{"@type":"EntryPoint","urlTemplate":"https:\/\/csefrs.lifemoz.com\/?s={search_term_string}"},"query-input":{"@type":"PropertyValueSpecification","valueRequired":true,"valueName":"search_term_string"}}],"inLanguage":"fr-FR"}]}},"_links":{"self":[{"href":"https:\/\/csefrs.lifemoz.com\/fr\/wp-json\/wp\/v2\/product\/37610","targetHints":{"allow":["GET"]}}],"collection":[{"href":"https:\/\/csefrs.lifemoz.com\/fr\/wp-json\/wp\/v2\/product"}],"about":[{"href":"https:\/\/csefrs.lifemoz.com\/fr\/wp-json\/wp\/v2\/types\/product"}],"wp:featuredmedia":[{"embeddable":true,"href":"https:\/\/csefrs.lifemoz.com\/fr\/wp-json\/wp\/v2\/media\/37145"}],"wp:attachment":[{"href":"https:\/\/csefrs.lifemoz.com\/fr\/wp-json\/wp\/v2\/media?parent=37610"}],"wp:term":[{"taxonomy":"product_brand","embeddable":true,"href":"https:\/\/csefrs.lifemoz.com\/fr\/wp-json\/wp\/v2\/product_brand?post=37610"},{"taxonomy":"product_cat","embeddable":true,"href":"https:\/\/csefrs.lifemoz.com\/fr\/wp-json\/wp\/v2\/product_cat?post=37610"},{"taxonomy":"product_tag","embeddable":true,"href":"https:\/\/csefrs.lifemoz.com\/fr\/wp-json\/wp\/v2\/product_tag?post=37610"}],"curies":[{"name":"wp","href":"https:\/\/api.w.org\/{rel}","templated":true}]}}