{"id":37606,"date":"2024-09-30T00:00:00","date_gmt":"2024-09-29T23:00:00","guid":{"rendered":"https:\/\/csefrs.lifemoz.com\/\u0627\u0644\u0645\u0646\u0634\u0648\u0631\u0627\u062a\/egalite-hommes-femmes-dans-et-a-travers-leducation\/"},"modified":"2026-02-08T14:08:23","modified_gmt":"2026-02-08T13:08:23","slug":"egalite-hommes-femmes-dans-et-a-travers-leducation","status":"publish","type":"product","link":"https:\/\/csefrs.lifemoz.com\/fr\/publications\/egalite-hommes-femmes-dans-et-a-travers-leducation\/","title":{"rendered":"\u00c9galit\u00e9 Hommes-Femmes dans et \u00e0 travers l&rsquo;\u00c9ducation"},"content":{"rendered":"<p style=\"text-align: justify;\">Le pr\u00e9sent rapport th\u00e9matique constitue une contribution \u00e0 la connaissance sur les questions relatives \u00e0 l\u2019\u00e9galit\u00e9 entre les sexes, et \u00e0 l\u2019\u00e9ducation \u00e0 travers le prisme de l\u2019\u00e9valuation. Cette derni\u00e8re met en avant les avanc\u00e9es r\u00e9alis\u00e9es en mati\u00e8re d\u2019\u00e9galit\u00e9 des genres en lien avec l\u2019\u00e9ducation et identifie, \u00e9galement, les voies d\u2019am\u00e9lioration \u00e0 partir des diff\u00e9rentes analyses men\u00e9es. Les principales dimensions trait\u00e9es concernent les grandes orientations strat\u00e9giques dans le domaine de l\u2019\u00e9ducation selon le principe d\u2019\u00e9galit\u00e9 entre les sexes, les perceptions, les attitudes et les aspirations des m\u00e9nages marocains vis-\u00e0-vis de l\u2019\u00e9ducation, l\u2019acc\u00e8s \u00e0 l\u2019\u00e9ducation, les curricula et de la vie scolaire \u00e0 l\u2019\u00e9preuve de l\u2019\u00e9galit\u00e9 des sexes, l\u2019environnement et le climat scolaires. Ces dimensions sont approch\u00e9es par la violence en milieu scolaire, la qualit\u00e9 des apprentissages, en l\u2019occurrence les acquis d\u2019apprentissages des \u00e9l\u00e8ves tels que mesur\u00e9s par les enqu\u00eates nationales et internationales en la mati\u00e8re, ainsi que le rendement externe du syst\u00e8me \u00e9ducatif, en se focalisant sur l\u2019insertion professionnelle des laur\u00e9ats de l\u2019enseignement sup\u00e9rieur.<\/p>\n<p style=\"text-align: justify;\">Pour l\u2019\u00e9laboration de ce rapport, une approche intersectionnelle est adopt\u00e9e, afin d\u2019analyser l\u2019interaction du genre avec d\u2019autres facteurs. Cette analyse permet d\u2019informer sur la mani\u00e8re dont les individus subissent des in\u00e9galit\u00e9s syst\u00e9miques d\u00e9termin\u00e9es par des facteurs socio-\u00e9conomiques et culturels qui se chevauchent, s\u2019alimentent et sont \u00e0 m\u00eame d\u2019influencer le processus de l\u2019\u00e9ducation inclusive.<\/p>\n<p style=\"text-align: justify;\"><a class=\"download-button-intern-fr\" href=\"https:\/\/csefrs.lifemoz.com\/wp-content\/uploads\/2024\/11\/Rapport-Genre-FR-22-11.pdf\" target=\"_blank\" rel=\"noopener\">T\u00e9l\u00e9charger le rapport<\/a><\/p>\n","protected":false},"excerpt":{"rendered":"<p>Le pr\u00e9sent rapport th\u00e9matique constitue une contribution \u00e0 la connaissance sur les questions relatives \u00e0 l\u2019\u00e9galit\u00e9 entre les sexes, et \u00e0 l\u2019\u00e9ducation \u00e0 travers le prisme de l\u2019\u00e9valuation. Cette derni\u00e8re met en avant les avanc\u00e9es r\u00e9alis\u00e9es en mati\u00e8re d\u2019\u00e9galit\u00e9 des genres en lien avec l\u2019\u00e9ducation et identifie, \u00e9galement, les voies d\u2019am\u00e9lioration \u00e0 partir des diff\u00e9rentes&hellip;<\/p>\n","protected":false},"featured_media":37144,"template":"","meta":[],"product_brand":[],"product_cat":[505],"product_tag":[],"class_list":{"0":"post-37606","1":"product","2":"type-product","3":"status-publish","4":"has-post-thumbnail","6":"product_cat-rapports","7":"description-off","9":"first","10":"instock","11":"downloadable","12":"virtual","13":"sold-individually","14":"purchasable","15":"product-type-simple"},"yoast_head":"<!-- This site is optimized with the Yoast SEO plugin v27.5 - https:\/\/yoast.com\/product\/yoast-seo-wordpress\/ -->\n<title>\u00c9galit\u00e9 Hommes-Femmes dans et \u00e0 travers l&#039;\u00c9ducation - Conseil sup\u00e9rieur de l\u2019\u00e9ducation, de la formation et de la recherche scientifique<\/title>\n<meta name=\"robots\" content=\"noindex, follow, max-snippet:-1, max-image-preview:large, max-video-preview:-1\" \/>\n<meta property=\"og:locale\" content=\"fr_FR\" \/>\n<meta property=\"og:type\" content=\"article\" \/>\n<meta property=\"og:title\" content=\"\u00c9galit\u00e9 Hommes-Femmes dans et \u00e0 travers l&#039;\u00c9ducation - Conseil sup\u00e9rieur de l\u2019\u00e9ducation, de la formation et de la recherche scientifique\" \/>\n<meta property=\"og:description\" content=\"Le pr\u00e9sent rapport th\u00e9matique constitue une contribution \u00e0 la connaissance sur les questions relatives \u00e0 l\u2019\u00e9galit\u00e9 entre les sexes, et \u00e0 l\u2019\u00e9ducation \u00e0 travers le prisme de l\u2019\u00e9valuation. Cette derni\u00e8re met en avant les avanc\u00e9es r\u00e9alis\u00e9es en mati\u00e8re d\u2019\u00e9galit\u00e9 des genres en lien avec l\u2019\u00e9ducation et identifie, \u00e9galement, les voies d\u2019am\u00e9lioration \u00e0 partir des diff\u00e9rentes&hellip;\" \/>\n<meta property=\"og:url\" content=\"https:\/\/csefrs.lifemoz.com\/fr\/publications\/egalite-hommes-femmes-dans-et-a-travers-leducation\/\" \/>\n<meta property=\"og:site_name\" content=\"Conseil sup\u00e9rieur de l\u2019\u00e9ducation, de la formation et de la recherche scientifique\" \/>\n<meta property=\"article:modified_time\" content=\"2026-02-08T13:08:23+00:00\" \/>\n<meta property=\"og:image\" content=\"https:\/\/csefrs.lifemoz.com\/wp-content\/uploads\/2025\/12\/rapport-egalite-fr-scaled-1.jpg\" \/>\n\t<meta property=\"og:image:width\" content=\"1810\" \/>\n\t<meta property=\"og:image:height\" content=\"2560\" \/>\n\t<meta property=\"og:image:type\" content=\"image\/jpeg\" \/>\n<meta name=\"twitter:card\" content=\"summary_large_image\" \/>\n<meta name=\"twitter:label1\" content=\"Dur\u00e9e de lecture estim\u00e9e\" \/>\n\t<meta name=\"twitter:data1\" content=\"1 minute\" \/>\n<script type=\"application\/ld+json\" class=\"yoast-schema-graph\">{\"@context\":\"https:\\\/\\\/schema.org\",\"@graph\":[{\"@type\":\"WebPage\",\"@id\":\"https:\\\/\\\/csefrs.lifemoz.com\\\/fr\\\/publications\\\/egalite-hommes-femmes-dans-et-a-travers-leducation\\\/\",\"url\":\"https:\\\/\\\/csefrs.lifemoz.com\\\/fr\\\/publications\\\/egalite-hommes-femmes-dans-et-a-travers-leducation\\\/\",\"name\":\"\u00c9galit\u00e9 Hommes-Femmes dans et \u00e0 travers l'\u00c9ducation - Conseil sup\u00e9rieur de l\u2019\u00e9ducation, de la formation et de la recherche scientifique\",\"isPartOf\":{\"@id\":\"https:\\\/\\\/csefrs.lifemoz.com\\\/#website\"},\"primaryImageOfPage\":{\"@id\":\"https:\\\/\\\/csefrs.lifemoz.com\\\/fr\\\/publications\\\/egalite-hommes-femmes-dans-et-a-travers-leducation\\\/#primaryimage\"},\"image\":{\"@id\":\"https:\\\/\\\/csefrs.lifemoz.com\\\/fr\\\/publications\\\/egalite-hommes-femmes-dans-et-a-travers-leducation\\\/#primaryimage\"},\"thumbnailUrl\":\"https:\\\/\\\/csefrs.lifemoz.com\\\/wp-content\\\/uploads\\\/2025\\\/12\\\/rapport-egalite-fr-scaled-1.jpg\",\"datePublished\":\"2024-09-29T23:00:00+00:00\",\"dateModified\":\"2026-02-08T13:08:23+00:00\",\"breadcrumb\":{\"@id\":\"https:\\\/\\\/csefrs.lifemoz.com\\\/fr\\\/publications\\\/egalite-hommes-femmes-dans-et-a-travers-leducation\\\/#breadcrumb\"},\"inLanguage\":\"fr-FR\",\"potentialAction\":[{\"@type\":\"ReadAction\",\"target\":[\"https:\\\/\\\/csefrs.lifemoz.com\\\/fr\\\/publications\\\/egalite-hommes-femmes-dans-et-a-travers-leducation\\\/\"]}]},{\"@type\":\"ImageObject\",\"inLanguage\":\"fr-FR\",\"@id\":\"https:\\\/\\\/csefrs.lifemoz.com\\\/fr\\\/publications\\\/egalite-hommes-femmes-dans-et-a-travers-leducation\\\/#primaryimage\",\"url\":\"https:\\\/\\\/csefrs.lifemoz.com\\\/wp-content\\\/uploads\\\/2025\\\/12\\\/rapport-egalite-fr-scaled-1.jpg\",\"contentUrl\":\"https:\\\/\\\/csefrs.lifemoz.com\\\/wp-content\\\/uploads\\\/2025\\\/12\\\/rapport-egalite-fr-scaled-1.jpg\",\"width\":1810,\"height\":2560},{\"@type\":\"BreadcrumbList\",\"@id\":\"https:\\\/\\\/csefrs.lifemoz.com\\\/fr\\\/publications\\\/egalite-hommes-femmes-dans-et-a-travers-leducation\\\/#breadcrumb\",\"itemListElement\":[{\"@type\":\"ListItem\",\"position\":1,\"name\":\"Accueil\",\"item\":\"https:\\\/\\\/csefrs.lifemoz.com\\\/fr\\\/\"},{\"@type\":\"ListItem\",\"position\":2,\"name\":\"Publications\",\"item\":\"https:\\\/\\\/csefrs.lifemoz.com\\\/\u0627\u0644\u0645\u0646\u0634\u0648\u0631\u0627\u062a\\\/\"},{\"@type\":\"ListItem\",\"position\":3,\"name\":\"\u00c9galit\u00e9 Hommes-Femmes dans et \u00e0 travers l&rsquo;\u00c9ducation\"}]},{\"@type\":\"WebSite\",\"@id\":\"https:\\\/\\\/csefrs.lifemoz.com\\\/#website\",\"url\":\"https:\\\/\\\/csefrs.lifemoz.com\\\/\",\"name\":\"Conseil sup\u00e9rieur de l\u2019\u00e9ducation, de la formation et de la recherche scientifique\",\"description\":\"\",\"potentialAction\":[{\"@type\":\"SearchAction\",\"target\":{\"@type\":\"EntryPoint\",\"urlTemplate\":\"https:\\\/\\\/csefrs.lifemoz.com\\\/?s={search_term_string}\"},\"query-input\":{\"@type\":\"PropertyValueSpecification\",\"valueRequired\":true,\"valueName\":\"search_term_string\"}}],\"inLanguage\":\"fr-FR\"}]}<\/script>\n<!-- \/ Yoast SEO plugin. -->","yoast_head_json":{"title":"\u00c9galit\u00e9 Hommes-Femmes dans et \u00e0 travers l'\u00c9ducation - Conseil sup\u00e9rieur de l\u2019\u00e9ducation, de la formation et de la recherche scientifique","robots":{"index":"noindex","follow":"follow","max-snippet":"max-snippet:-1","max-image-preview":"max-image-preview:large","max-video-preview":"max-video-preview:-1"},"og_locale":"fr_FR","og_type":"article","og_title":"\u00c9galit\u00e9 Hommes-Femmes dans et \u00e0 travers l'\u00c9ducation - Conseil sup\u00e9rieur de l\u2019\u00e9ducation, de la formation et de la recherche scientifique","og_description":"Le pr\u00e9sent rapport th\u00e9matique constitue une contribution \u00e0 la connaissance sur les questions relatives \u00e0 l\u2019\u00e9galit\u00e9 entre les sexes, et \u00e0 l\u2019\u00e9ducation \u00e0 travers le prisme de l\u2019\u00e9valuation. Cette derni\u00e8re met en avant les avanc\u00e9es r\u00e9alis\u00e9es en mati\u00e8re d\u2019\u00e9galit\u00e9 des genres en lien avec l\u2019\u00e9ducation et identifie, \u00e9galement, les voies d\u2019am\u00e9lioration \u00e0 partir des diff\u00e9rentes&hellip;","og_url":"https:\/\/csefrs.lifemoz.com\/fr\/publications\/egalite-hommes-femmes-dans-et-a-travers-leducation\/","og_site_name":"Conseil sup\u00e9rieur de l\u2019\u00e9ducation, de la formation et de la recherche scientifique","article_modified_time":"2026-02-08T13:08:23+00:00","og_image":[{"width":1810,"height":2560,"url":"https:\/\/csefrs.lifemoz.com\/wp-content\/uploads\/2025\/12\/rapport-egalite-fr-scaled-1.jpg","type":"image\/jpeg"}],"twitter_card":"summary_large_image","twitter_misc":{"Dur\u00e9e de lecture estim\u00e9e":"1 minute"},"schema":{"@context":"https:\/\/schema.org","@graph":[{"@type":"WebPage","@id":"https:\/\/csefrs.lifemoz.com\/fr\/publications\/egalite-hommes-femmes-dans-et-a-travers-leducation\/","url":"https:\/\/csefrs.lifemoz.com\/fr\/publications\/egalite-hommes-femmes-dans-et-a-travers-leducation\/","name":"\u00c9galit\u00e9 Hommes-Femmes dans et \u00e0 travers l'\u00c9ducation - Conseil sup\u00e9rieur de l\u2019\u00e9ducation, de la formation et de la recherche scientifique","isPartOf":{"@id":"https:\/\/csefrs.lifemoz.com\/#website"},"primaryImageOfPage":{"@id":"https:\/\/csefrs.lifemoz.com\/fr\/publications\/egalite-hommes-femmes-dans-et-a-travers-leducation\/#primaryimage"},"image":{"@id":"https:\/\/csefrs.lifemoz.com\/fr\/publications\/egalite-hommes-femmes-dans-et-a-travers-leducation\/#primaryimage"},"thumbnailUrl":"https:\/\/csefrs.lifemoz.com\/wp-content\/uploads\/2025\/12\/rapport-egalite-fr-scaled-1.jpg","datePublished":"2024-09-29T23:00:00+00:00","dateModified":"2026-02-08T13:08:23+00:00","breadcrumb":{"@id":"https:\/\/csefrs.lifemoz.com\/fr\/publications\/egalite-hommes-femmes-dans-et-a-travers-leducation\/#breadcrumb"},"inLanguage":"fr-FR","potentialAction":[{"@type":"ReadAction","target":["https:\/\/csefrs.lifemoz.com\/fr\/publications\/egalite-hommes-femmes-dans-et-a-travers-leducation\/"]}]},{"@type":"ImageObject","inLanguage":"fr-FR","@id":"https:\/\/csefrs.lifemoz.com\/fr\/publications\/egalite-hommes-femmes-dans-et-a-travers-leducation\/#primaryimage","url":"https:\/\/csefrs.lifemoz.com\/wp-content\/uploads\/2025\/12\/rapport-egalite-fr-scaled-1.jpg","contentUrl":"https:\/\/csefrs.lifemoz.com\/wp-content\/uploads\/2025\/12\/rapport-egalite-fr-scaled-1.jpg","width":1810,"height":2560},{"@type":"BreadcrumbList","@id":"https:\/\/csefrs.lifemoz.com\/fr\/publications\/egalite-hommes-femmes-dans-et-a-travers-leducation\/#breadcrumb","itemListElement":[{"@type":"ListItem","position":1,"name":"Accueil","item":"https:\/\/csefrs.lifemoz.com\/fr\/"},{"@type":"ListItem","position":2,"name":"Publications","item":"https:\/\/csefrs.lifemoz.com\/\u0627\u0644\u0645\u0646\u0634\u0648\u0631\u0627\u062a\/"},{"@type":"ListItem","position":3,"name":"\u00c9galit\u00e9 Hommes-Femmes dans et \u00e0 travers l&rsquo;\u00c9ducation"}]},{"@type":"WebSite","@id":"https:\/\/csefrs.lifemoz.com\/#website","url":"https:\/\/csefrs.lifemoz.com\/","name":"Conseil sup\u00e9rieur de l\u2019\u00e9ducation, de la formation et de la recherche scientifique","description":"","potentialAction":[{"@type":"SearchAction","target":{"@type":"EntryPoint","urlTemplate":"https:\/\/csefrs.lifemoz.com\/?s={search_term_string}"},"query-input":{"@type":"PropertyValueSpecification","valueRequired":true,"valueName":"search_term_string"}}],"inLanguage":"fr-FR"}]}},"_links":{"self":[{"href":"https:\/\/csefrs.lifemoz.com\/fr\/wp-json\/wp\/v2\/product\/37606","targetHints":{"allow":["GET"]}}],"collection":[{"href":"https:\/\/csefrs.lifemoz.com\/fr\/wp-json\/wp\/v2\/product"}],"about":[{"href":"https:\/\/csefrs.lifemoz.com\/fr\/wp-json\/wp\/v2\/types\/product"}],"wp:featuredmedia":[{"embeddable":true,"href":"https:\/\/csefrs.lifemoz.com\/fr\/wp-json\/wp\/v2\/media\/37144"}],"wp:attachment":[{"href":"https:\/\/csefrs.lifemoz.com\/fr\/wp-json\/wp\/v2\/media?parent=37606"}],"wp:term":[{"taxonomy":"product_brand","embeddable":true,"href":"https:\/\/csefrs.lifemoz.com\/fr\/wp-json\/wp\/v2\/product_brand?post=37606"},{"taxonomy":"product_cat","embeddable":true,"href":"https:\/\/csefrs.lifemoz.com\/fr\/wp-json\/wp\/v2\/product_cat?post=37606"},{"taxonomy":"product_tag","embeddable":true,"href":"https:\/\/csefrs.lifemoz.com\/fr\/wp-json\/wp\/v2\/product_tag?post=37606"}],"curies":[{"name":"wp","href":"https:\/\/api.w.org\/{rel}","templated":true}]}}