{"id":37602,"date":"2023-07-04T00:00:00","date_gmt":"2023-07-03T23:00:00","guid":{"rendered":"https:\/\/csefrs.lifemoz.com\/\u0627\u0644\u0645\u0646\u0634\u0648\u0631\u0627\u062a\/avis-du-conseil-sur-le-projet-de-decret-fixant-la-vocation-des-etablissements-universitaires-les-cycles-des-etudes-superieures-ainsi-que-les-diplomes-nationaux-correspondants-et-le-projet-da\/"},"modified":"2026-02-08T14:08:24","modified_gmt":"2026-02-08T13:08:24","slug":"avis-du-conseil-sur-le-projet-de-decret-fixant-la-vocation-des-etablissements-universitaires-les-cycles-des-etudes-superieures-ainsi-que-les-diplomes-nationaux-correspondants-et-le-projet-da","status":"publish","type":"product","link":"https:\/\/csefrs.lifemoz.com\/fr\/publications\/avis-du-conseil-sur-le-projet-de-decret-fixant-la-vocation-des-etablissements-universitaires-les-cycles-des-etudes-superieures-ainsi-que-les-diplomes-nationaux-correspondants-et-le-projet-da\/","title":{"rendered":"Avis du Conseil sur le projet de d\u00e9cret fixant la vocation des \u00e9tablissements universitaires, les cycles des \u00e9tudes sup\u00e9rieures ainsi que les dipl\u00f4mes nationaux correspondants et le projet d\u2019arr\u00eat\u00e9 approuvant le Cahier des normes p\u00e9dagogiques nationales du cycle de la licence"},"content":{"rendered":"<p style=\"text-align: justify;\">Le projet de d\u00e9cret propose de modifier et de compl\u00e9ter les articles 1, 5, 6, 8 et 9 du d\u00e9cret n\u00b0 2.04.89. Il vise principalement \u00e0 adopter le dipl\u00f4me de licence et de licence en sciences de l&rsquo;\u00e9ducation, ainsi qu&rsquo;\u00e0 mettre en place un syst\u00e8me de cr\u00e9dits standardis\u00e9s pour les fili\u00e8res de formation dans les \u00e9tablissements universitaires et un certificat de qualification universitaire. Les principales propositions du projet d\u2019arr\u00eat\u00e9 consistent \u00e0 d\u00e9terminer le nombre de cr\u00e9dits standards pour chaque cat\u00e9gorie d&rsquo;unit\u00e9s (connaissances, langues, comp\u00e9tences principales), en supprimant le projet de fin d&rsquo;\u00e9tudes (PFE) et les stages professionnels, tout en permettant la possibilit\u00e9 de se r\u00e9orienter en conservant les cr\u00e9dits standards acquis.<\/p>\n<p style=\"text-align: justify;\">Apr\u00e8s avoir examin\u00e9 les projets de d\u00e9cret et d\u2019arr\u00eat\u00e9 soumis pour avis, le Conseil souligne l&rsquo;importance de compl\u00e9ter les dispositions du projet de d\u00e9cret afin de le mettre en conformit\u00e9 avec les normes internationales. Il propose d&rsquo;accompagner ces deux projets par un ensemble de recommandations, notamment\u00a0:<\/p>\n<ul style=\"text-align: justify;\">\n<li>la mise en place des conditions et des exigences n\u00e9cessaires pour la mise en \u0153uvre optimale du syst\u00e8me de cr\u00e9dits standardis\u00e9s et du certificat de qualification universitaire (post-doctorat)\u00a0;<\/li>\n<li>l\u2019adoption d\u2019alternatives appropri\u00e9es en remplacement du projet de fin d&rsquo;\u00e9tudes\u00a0;<\/li>\n<li>la r\u00e9vision du syst\u00e8me d&rsquo;orientation, de conseil universitaire et de r\u00e9orientation, en particulier pour les \u00e9tablissements \u00e0 acc\u00e8s ouvert\u00a0;<\/li>\n<li>la transformation radicale de la m\u00e9thode de formation en langues nationales et \u00e9trang\u00e8res, en adoptant l\u2019alternance linguistique et en fournissant des ressources p\u00e9dagogiques renouvel\u00e9es, num\u00e9riques et un encadrement ad\u00e9quat.<\/li>\n<\/ul>\n<p style=\"text-align: justify;\">De plus, le Conseil recommande de d\u00e9ployer tous les efforts logistiques, humains et financiers n\u00e9cessaires pour garantir \u00e0 tous les \u00e9tudiants, quelle que soit leur situation sociale, la possibilit\u00e9 de suivre leurs cours \u00e0 distance, ais\u00e9ment et sans discrimination, conform\u00e9ment \u00e0 l&rsquo;article 33 de la Loi-cadre 51.17.<\/p>\n<p style=\"text-align: justify;\"><a class=\"download-button-intern\" href=\"https:\/\/csefrs.lifemoz.com\/wp-content\/uploads\/2023\/07\/avis-CNPN-ISBN.pdf\" target=\"_blank\" rel=\"noopener\">T\u00e9l\u00e9charger l&rsquo;Avis (Disponible en Arabe)<\/a><\/p>\n","protected":false},"excerpt":{"rendered":"<p>Le projet de d\u00e9cret propose de modifier et de compl\u00e9ter les articles 1, 5, 6, 8 et 9 du d\u00e9cret n\u00b0 2.04.89. Il vise principalement \u00e0 adopter le dipl\u00f4me de licence et de licence en sciences de l&rsquo;\u00e9ducation, ainsi qu&rsquo;\u00e0 mettre en place un syst\u00e8me de cr\u00e9dits standardis\u00e9s pour les fili\u00e8res de formation dans les&hellip;<\/p>\n","protected":false},"featured_media":36474,"template":"","meta":[],"product_brand":[],"product_cat":[507],"product_tag":[],"class_list":{"0":"post-37602","1":"product","2":"type-product","3":"status-publish","4":"has-post-thumbnail","6":"product_cat-avis-saisine","7":"description-off","9":"first","10":"instock","11":"downloadable","12":"virtual","13":"sold-individually","14":"purchasable","15":"product-type-simple"},"yoast_head":"<!-- This site is optimized with the Yoast SEO plugin v27.5 - https:\/\/yoast.com\/product\/yoast-seo-wordpress\/ -->\n<title>Avis du Conseil sur le projet de d\u00e9cret fixant la vocation des \u00e9tablissements universitaires, les cycles des \u00e9tudes sup\u00e9rieures ainsi que les dipl\u00f4mes nationaux correspondants et le projet d\u2019arr\u00eat\u00e9 approuvant le Cahier des normes p\u00e9dagogiques nationales du cycle de la licence - Conseil sup\u00e9rieur de l\u2019\u00e9ducation, de la formation et de la recherche scientifique<\/title>\n<meta name=\"robots\" content=\"noindex, follow, max-snippet:-1, max-image-preview:large, max-video-preview:-1\" \/>\n<meta property=\"og:locale\" content=\"fr_FR\" \/>\n<meta property=\"og:type\" content=\"article\" \/>\n<meta property=\"og:title\" content=\"Avis du Conseil sur le projet de d\u00e9cret fixant la vocation des \u00e9tablissements universitaires, les cycles des \u00e9tudes sup\u00e9rieures ainsi que les dipl\u00f4mes nationaux correspondants et le projet d\u2019arr\u00eat\u00e9 approuvant le Cahier des normes p\u00e9dagogiques nationales du cycle de la licence - Conseil sup\u00e9rieur de l\u2019\u00e9ducation, de la formation et de la recherche scientifique\" \/>\n<meta property=\"og:description\" content=\"Le projet de d\u00e9cret propose de modifier et de compl\u00e9ter les articles 1, 5, 6, 8 et 9 du d\u00e9cret n\u00b0 2.04.89. Il vise principalement \u00e0 adopter le dipl\u00f4me de licence et de licence en sciences de l&rsquo;\u00e9ducation, ainsi qu&rsquo;\u00e0 mettre en place un syst\u00e8me de cr\u00e9dits standardis\u00e9s pour les fili\u00e8res de formation dans les&hellip;\" \/>\n<meta property=\"og:url\" content=\"https:\/\/csefrs.lifemoz.com\/fr\/publications\/avis-du-conseil-sur-le-projet-de-decret-fixant-la-vocation-des-etablissements-universitaires-les-cycles-des-etudes-superieures-ainsi-que-les-diplomes-nationaux-correspondants-et-le-projet-da\/\" \/>\n<meta property=\"og:site_name\" content=\"Conseil sup\u00e9rieur de l\u2019\u00e9ducation, de la formation et de la recherche scientifique\" \/>\n<meta property=\"article:modified_time\" content=\"2026-02-08T13:08:24+00:00\" \/>\n<meta property=\"og:image\" content=\"https:\/\/csefrs.lifemoz.com\/wp-content\/uploads\/2025\/12\/avis-CNPN-scaled-1.jpg\" \/>\n\t<meta property=\"og:image:width\" content=\"724\" \/>\n\t<meta property=\"og:image:height\" content=\"1024\" \/>\n\t<meta property=\"og:image:type\" content=\"image\/jpeg\" \/>\n<meta name=\"twitter:card\" content=\"summary_large_image\" \/>\n<meta name=\"twitter:label1\" content=\"Dur\u00e9e de lecture estim\u00e9e\" \/>\n\t<meta name=\"twitter:data1\" content=\"2 minutes\" \/>\n<script type=\"application\/ld+json\" class=\"yoast-schema-graph\">{\"@context\":\"https:\\\/\\\/schema.org\",\"@graph\":[{\"@type\":\"WebPage\",\"@id\":\"https:\\\/\\\/csefrs.lifemoz.com\\\/fr\\\/publications\\\/avis-du-conseil-sur-le-projet-de-decret-fixant-la-vocation-des-etablissements-universitaires-les-cycles-des-etudes-superieures-ainsi-que-les-diplomes-nationaux-correspondants-et-le-projet-da\\\/\",\"url\":\"https:\\\/\\\/csefrs.lifemoz.com\\\/fr\\\/publications\\\/avis-du-conseil-sur-le-projet-de-decret-fixant-la-vocation-des-etablissements-universitaires-les-cycles-des-etudes-superieures-ainsi-que-les-diplomes-nationaux-correspondants-et-le-projet-da\\\/\",\"name\":\"Avis du Conseil sur le projet de d\u00e9cret fixant la vocation des \u00e9tablissements universitaires, les cycles des \u00e9tudes sup\u00e9rieures ainsi que les dipl\u00f4mes nationaux correspondants et le projet d\u2019arr\u00eat\u00e9 approuvant le Cahier des normes p\u00e9dagogiques nationales du cycle de la licence - Conseil sup\u00e9rieur de l\u2019\u00e9ducation, de la formation et de la recherche scientifique\",\"isPartOf\":{\"@id\":\"https:\\\/\\\/csefrs.lifemoz.com\\\/#website\"},\"primaryImageOfPage\":{\"@id\":\"https:\\\/\\\/csefrs.lifemoz.com\\\/fr\\\/publications\\\/avis-du-conseil-sur-le-projet-de-decret-fixant-la-vocation-des-etablissements-universitaires-les-cycles-des-etudes-superieures-ainsi-que-les-diplomes-nationaux-correspondants-et-le-projet-da\\\/#primaryimage\"},\"image\":{\"@id\":\"https:\\\/\\\/csefrs.lifemoz.com\\\/fr\\\/publications\\\/avis-du-conseil-sur-le-projet-de-decret-fixant-la-vocation-des-etablissements-universitaires-les-cycles-des-etudes-superieures-ainsi-que-les-diplomes-nationaux-correspondants-et-le-projet-da\\\/#primaryimage\"},\"thumbnailUrl\":\"https:\\\/\\\/csefrs.lifemoz.com\\\/wp-content\\\/uploads\\\/2025\\\/12\\\/avis-CNPN-scaled-1.jpg\",\"datePublished\":\"2023-07-03T23:00:00+00:00\",\"dateModified\":\"2026-02-08T13:08:24+00:00\",\"breadcrumb\":{\"@id\":\"https:\\\/\\\/csefrs.lifemoz.com\\\/fr\\\/publications\\\/avis-du-conseil-sur-le-projet-de-decret-fixant-la-vocation-des-etablissements-universitaires-les-cycles-des-etudes-superieures-ainsi-que-les-diplomes-nationaux-correspondants-et-le-projet-da\\\/#breadcrumb\"},\"inLanguage\":\"fr-FR\",\"potentialAction\":[{\"@type\":\"ReadAction\",\"target\":[\"https:\\\/\\\/csefrs.lifemoz.com\\\/fr\\\/publications\\\/avis-du-conseil-sur-le-projet-de-decret-fixant-la-vocation-des-etablissements-universitaires-les-cycles-des-etudes-superieures-ainsi-que-les-diplomes-nationaux-correspondants-et-le-projet-da\\\/\"]}]},{\"@type\":\"ImageObject\",\"inLanguage\":\"fr-FR\",\"@id\":\"https:\\\/\\\/csefrs.lifemoz.com\\\/fr\\\/publications\\\/avis-du-conseil-sur-le-projet-de-decret-fixant-la-vocation-des-etablissements-universitaires-les-cycles-des-etudes-superieures-ainsi-que-les-diplomes-nationaux-correspondants-et-le-projet-da\\\/#primaryimage\",\"url\":\"https:\\\/\\\/csefrs.lifemoz.com\\\/wp-content\\\/uploads\\\/2025\\\/12\\\/avis-CNPN-scaled-1.jpg\",\"contentUrl\":\"https:\\\/\\\/csefrs.lifemoz.com\\\/wp-content\\\/uploads\\\/2025\\\/12\\\/avis-CNPN-scaled-1.jpg\",\"width\":724,\"height\":1024},{\"@type\":\"BreadcrumbList\",\"@id\":\"https:\\\/\\\/csefrs.lifemoz.com\\\/fr\\\/publications\\\/avis-du-conseil-sur-le-projet-de-decret-fixant-la-vocation-des-etablissements-universitaires-les-cycles-des-etudes-superieures-ainsi-que-les-diplomes-nationaux-correspondants-et-le-projet-da\\\/#breadcrumb\",\"itemListElement\":[{\"@type\":\"ListItem\",\"position\":1,\"name\":\"Accueil\",\"item\":\"https:\\\/\\\/csefrs.lifemoz.com\\\/fr\\\/\"},{\"@type\":\"ListItem\",\"position\":2,\"name\":\"Publications\",\"item\":\"https:\\\/\\\/csefrs.lifemoz.com\\\/\u0627\u0644\u0645\u0646\u0634\u0648\u0631\u0627\u062a\\\/\"},{\"@type\":\"ListItem\",\"position\":3,\"name\":\"Avis du Conseil sur le projet de d\u00e9cret fixant la vocation des \u00e9tablissements universitaires, les cycles des \u00e9tudes sup\u00e9rieures ainsi que les dipl\u00f4mes nationaux correspondants et le projet d\u2019arr\u00eat\u00e9 approuvant le Cahier des normes p\u00e9dagogiques nationales du cycle de la licence\"}]},{\"@type\":\"WebSite\",\"@id\":\"https:\\\/\\\/csefrs.lifemoz.com\\\/#website\",\"url\":\"https:\\\/\\\/csefrs.lifemoz.com\\\/\",\"name\":\"Conseil sup\u00e9rieur de l\u2019\u00e9ducation, de la formation et de la recherche scientifique\",\"description\":\"\",\"potentialAction\":[{\"@type\":\"SearchAction\",\"target\":{\"@type\":\"EntryPoint\",\"urlTemplate\":\"https:\\\/\\\/csefrs.lifemoz.com\\\/?s={search_term_string}\"},\"query-input\":{\"@type\":\"PropertyValueSpecification\",\"valueRequired\":true,\"valueName\":\"search_term_string\"}}],\"inLanguage\":\"fr-FR\"}]}<\/script>\n<!-- \/ Yoast SEO plugin. -->","yoast_head_json":{"title":"Avis du Conseil sur le projet de d\u00e9cret fixant la vocation des \u00e9tablissements universitaires, les cycles des \u00e9tudes sup\u00e9rieures ainsi que les dipl\u00f4mes nationaux correspondants et le projet d\u2019arr\u00eat\u00e9 approuvant le Cahier des normes p\u00e9dagogiques nationales du cycle de la licence - Conseil sup\u00e9rieur de l\u2019\u00e9ducation, de la formation et de la recherche scientifique","robots":{"index":"noindex","follow":"follow","max-snippet":"max-snippet:-1","max-image-preview":"max-image-preview:large","max-video-preview":"max-video-preview:-1"},"og_locale":"fr_FR","og_type":"article","og_title":"Avis du Conseil sur le projet de d\u00e9cret fixant la vocation des \u00e9tablissements universitaires, les cycles des \u00e9tudes sup\u00e9rieures ainsi que les dipl\u00f4mes nationaux correspondants et le projet d\u2019arr\u00eat\u00e9 approuvant le Cahier des normes p\u00e9dagogiques nationales du cycle de la licence - Conseil sup\u00e9rieur de l\u2019\u00e9ducation, de la formation et de la recherche scientifique","og_description":"Le projet de d\u00e9cret propose de modifier et de compl\u00e9ter les articles 1, 5, 6, 8 et 9 du d\u00e9cret n\u00b0 2.04.89. Il vise principalement \u00e0 adopter le dipl\u00f4me de licence et de licence en sciences de l&rsquo;\u00e9ducation, ainsi qu&rsquo;\u00e0 mettre en place un syst\u00e8me de cr\u00e9dits standardis\u00e9s pour les fili\u00e8res de formation dans les&hellip;","og_url":"https:\/\/csefrs.lifemoz.com\/fr\/publications\/avis-du-conseil-sur-le-projet-de-decret-fixant-la-vocation-des-etablissements-universitaires-les-cycles-des-etudes-superieures-ainsi-que-les-diplomes-nationaux-correspondants-et-le-projet-da\/","og_site_name":"Conseil sup\u00e9rieur de l\u2019\u00e9ducation, de la formation et de la recherche scientifique","article_modified_time":"2026-02-08T13:08:24+00:00","og_image":[{"width":724,"height":1024,"url":"https:\/\/csefrs.lifemoz.com\/wp-content\/uploads\/2025\/12\/avis-CNPN-scaled-1.jpg","type":"image\/jpeg"}],"twitter_card":"summary_large_image","twitter_misc":{"Dur\u00e9e de lecture estim\u00e9e":"2 minutes"},"schema":{"@context":"https:\/\/schema.org","@graph":[{"@type":"WebPage","@id":"https:\/\/csefrs.lifemoz.com\/fr\/publications\/avis-du-conseil-sur-le-projet-de-decret-fixant-la-vocation-des-etablissements-universitaires-les-cycles-des-etudes-superieures-ainsi-que-les-diplomes-nationaux-correspondants-et-le-projet-da\/","url":"https:\/\/csefrs.lifemoz.com\/fr\/publications\/avis-du-conseil-sur-le-projet-de-decret-fixant-la-vocation-des-etablissements-universitaires-les-cycles-des-etudes-superieures-ainsi-que-les-diplomes-nationaux-correspondants-et-le-projet-da\/","name":"Avis du Conseil sur le projet de d\u00e9cret fixant la vocation des \u00e9tablissements universitaires, les cycles des \u00e9tudes sup\u00e9rieures ainsi que les dipl\u00f4mes nationaux correspondants et le projet d\u2019arr\u00eat\u00e9 approuvant le Cahier des normes p\u00e9dagogiques nationales du cycle de la licence - Conseil sup\u00e9rieur de l\u2019\u00e9ducation, de la formation et de la recherche scientifique","isPartOf":{"@id":"https:\/\/csefrs.lifemoz.com\/#website"},"primaryImageOfPage":{"@id":"https:\/\/csefrs.lifemoz.com\/fr\/publications\/avis-du-conseil-sur-le-projet-de-decret-fixant-la-vocation-des-etablissements-universitaires-les-cycles-des-etudes-superieures-ainsi-que-les-diplomes-nationaux-correspondants-et-le-projet-da\/#primaryimage"},"image":{"@id":"https:\/\/csefrs.lifemoz.com\/fr\/publications\/avis-du-conseil-sur-le-projet-de-decret-fixant-la-vocation-des-etablissements-universitaires-les-cycles-des-etudes-superieures-ainsi-que-les-diplomes-nationaux-correspondants-et-le-projet-da\/#primaryimage"},"thumbnailUrl":"https:\/\/csefrs.lifemoz.com\/wp-content\/uploads\/2025\/12\/avis-CNPN-scaled-1.jpg","datePublished":"2023-07-03T23:00:00+00:00","dateModified":"2026-02-08T13:08:24+00:00","breadcrumb":{"@id":"https:\/\/csefrs.lifemoz.com\/fr\/publications\/avis-du-conseil-sur-le-projet-de-decret-fixant-la-vocation-des-etablissements-universitaires-les-cycles-des-etudes-superieures-ainsi-que-les-diplomes-nationaux-correspondants-et-le-projet-da\/#breadcrumb"},"inLanguage":"fr-FR","potentialAction":[{"@type":"ReadAction","target":["https:\/\/csefrs.lifemoz.com\/fr\/publications\/avis-du-conseil-sur-le-projet-de-decret-fixant-la-vocation-des-etablissements-universitaires-les-cycles-des-etudes-superieures-ainsi-que-les-diplomes-nationaux-correspondants-et-le-projet-da\/"]}]},{"@type":"ImageObject","inLanguage":"fr-FR","@id":"https:\/\/csefrs.lifemoz.com\/fr\/publications\/avis-du-conseil-sur-le-projet-de-decret-fixant-la-vocation-des-etablissements-universitaires-les-cycles-des-etudes-superieures-ainsi-que-les-diplomes-nationaux-correspondants-et-le-projet-da\/#primaryimage","url":"https:\/\/csefrs.lifemoz.com\/wp-content\/uploads\/2025\/12\/avis-CNPN-scaled-1.jpg","contentUrl":"https:\/\/csefrs.lifemoz.com\/wp-content\/uploads\/2025\/12\/avis-CNPN-scaled-1.jpg","width":724,"height":1024},{"@type":"BreadcrumbList","@id":"https:\/\/csefrs.lifemoz.com\/fr\/publications\/avis-du-conseil-sur-le-projet-de-decret-fixant-la-vocation-des-etablissements-universitaires-les-cycles-des-etudes-superieures-ainsi-que-les-diplomes-nationaux-correspondants-et-le-projet-da\/#breadcrumb","itemListElement":[{"@type":"ListItem","position":1,"name":"Accueil","item":"https:\/\/csefrs.lifemoz.com\/fr\/"},{"@type":"ListItem","position":2,"name":"Publications","item":"https:\/\/csefrs.lifemoz.com\/\u0627\u0644\u0645\u0646\u0634\u0648\u0631\u0627\u062a\/"},{"@type":"ListItem","position":3,"name":"Avis du Conseil sur le projet de d\u00e9cret fixant la vocation des \u00e9tablissements universitaires, les cycles des \u00e9tudes sup\u00e9rieures ainsi que les dipl\u00f4mes nationaux correspondants et le projet d\u2019arr\u00eat\u00e9 approuvant le Cahier des normes p\u00e9dagogiques nationales du cycle de la licence"}]},{"@type":"WebSite","@id":"https:\/\/csefrs.lifemoz.com\/#website","url":"https:\/\/csefrs.lifemoz.com\/","name":"Conseil sup\u00e9rieur de l\u2019\u00e9ducation, de la formation et de la recherche scientifique","description":"","potentialAction":[{"@type":"SearchAction","target":{"@type":"EntryPoint","urlTemplate":"https:\/\/csefrs.lifemoz.com\/?s={search_term_string}"},"query-input":{"@type":"PropertyValueSpecification","valueRequired":true,"valueName":"search_term_string"}}],"inLanguage":"fr-FR"}]}},"_links":{"self":[{"href":"https:\/\/csefrs.lifemoz.com\/fr\/wp-json\/wp\/v2\/product\/37602","targetHints":{"allow":["GET"]}}],"collection":[{"href":"https:\/\/csefrs.lifemoz.com\/fr\/wp-json\/wp\/v2\/product"}],"about":[{"href":"https:\/\/csefrs.lifemoz.com\/fr\/wp-json\/wp\/v2\/types\/product"}],"wp:featuredmedia":[{"embeddable":true,"href":"https:\/\/csefrs.lifemoz.com\/fr\/wp-json\/wp\/v2\/media\/36474"}],"wp:attachment":[{"href":"https:\/\/csefrs.lifemoz.com\/fr\/wp-json\/wp\/v2\/media?parent=37602"}],"wp:term":[{"taxonomy":"product_brand","embeddable":true,"href":"https:\/\/csefrs.lifemoz.com\/fr\/wp-json\/wp\/v2\/product_brand?post=37602"},{"taxonomy":"product_cat","embeddable":true,"href":"https:\/\/csefrs.lifemoz.com\/fr\/wp-json\/wp\/v2\/product_cat?post=37602"},{"taxonomy":"product_tag","embeddable":true,"href":"https:\/\/csefrs.lifemoz.com\/fr\/wp-json\/wp\/v2\/product_tag?post=37602"}],"curies":[{"name":"wp","href":"https:\/\/api.w.org\/{rel}","templated":true}]}}