{"id":37600,"date":"2023-07-04T00:00:00","date_gmt":"2023-07-03T23:00:00","guid":{"rendered":"https:\/\/csefrs.lifemoz.com\/\u0627\u0644\u0645\u0646\u0634\u0648\u0631\u0627\u062a\/avis-du-conseil-sur-le-projet-de-decret-fixant-les-applications-de-lingenierie-linguistique-dans-lenseignement-scolaire-la-formation-professionnelle-et-lenseignement-superi\/"},"modified":"2026-02-08T14:08:24","modified_gmt":"2026-02-08T13:08:24","slug":"avis-du-conseil-sur-le-projet-de-decret-fixant-les-applications-de-lingenierie-linguistique-dans-lenseignement-scolaire-la-formation-professionnelle-et-lenseignement-superi","status":"publish","type":"product","link":"https:\/\/csefrs.lifemoz.com\/fr\/publications\/avis-du-conseil-sur-le-projet-de-decret-fixant-les-applications-de-lingenierie-linguistique-dans-lenseignement-scolaire-la-formation-professionnelle-et-lenseignement-superi\/","title":{"rendered":"Avis du Conseil sur le projet de d\u00e9cret fixant les applications de l\u2019ing\u00e9nierie linguistique dans l\u2019enseignement scolaire, la formation professionnelle et l\u2019enseignement sup\u00e9rieur"},"content":{"rendered":"<p style=\"text-align: justify;\">Le Conseil constate que l&rsquo;ensemble des dispositions de ce projet de d\u00e9cret fixant les applications de l&rsquo;ing\u00e9nierie linguistique dans l&rsquo;enseignement scolaire, la formation professionnelle et l&rsquo;enseignement sup\u00e9rieur, se limite \u00e0 rappeler les objectifs et les principes fondamentaux li\u00e9s \u00e0 l&rsquo;application de l&rsquo;ing\u00e9nierie linguistique, sans les d\u00e9tailler ni les traduire en mesures pratiques et concr\u00e8tes, qualitatives et quantitatives, clairement d\u00e9finies en termes d&rsquo;\u00e9ch\u00e9ances et de responsabilit\u00e9s des parties prenantes charg\u00e9es de leur application.<\/p>\n<p style=\"text-align: justify;\">Le Conseil note \u00e9galement que si ce projet s&rsquo;est r\u00e9f\u00e9r\u00e9, dans sa pr\u00e9sentation, \u00e0 la loi organique fixant les \u00e9tapes de la mise en \u0153uvre du caract\u00e8re officiel de la langue amazighe et \u00e0 celle portant cr\u00e9ation du Conseil national des langues et de la culture\u00a0marocaine, il n&rsquo;a pas pris en compte, dans ses d\u00e9veloppements ult\u00e9rieurs, le contenu de ces lois, alors m\u00eame qu&rsquo;elles \u00e9tablissent le cadre institutionnel pour la promotion du plurilinguisme et contiennent des dispositions applicables en la mati\u00e8re.<\/p>\n<p style=\"text-align: justify;\">Eu \u00e9gard au fait que la fonction du d\u00e9cret n&rsquo;a pas \u00e9t\u00e9 mise en \u00e9vidence dans le projet propos\u00e9, le Conseil constate l&rsquo;absence de donn\u00e9es essentielles concernant la vision op\u00e9rationnelle de mise en \u0153uvre de l&rsquo;ing\u00e9nierie linguistique.<\/p>\n<p><a class=\"download-button-intern\" href=\"https:\/\/csefrs.lifemoz.com\/wp-content\/uploads\/2023\/07\/avis-ingenierie-linguistique-ISBN.pdf\" target=\"_blank\" rel=\"noopener\">T\u00e9l\u00e9charger l&rsquo;Avis (Disponible en Arabe)<\/a><\/p>\n","protected":false},"excerpt":{"rendered":"<p>Le Conseil constate que l&rsquo;ensemble des dispositions de ce projet de d\u00e9cret fixant les applications de l&rsquo;ing\u00e9nierie linguistique dans l&rsquo;enseignement scolaire, la formation professionnelle et l&rsquo;enseignement sup\u00e9rieur, se limite \u00e0 rappeler les objectifs et les principes fondamentaux li\u00e9s \u00e0 l&rsquo;application de l&rsquo;ing\u00e9nierie linguistique, sans les d\u00e9tailler ni les traduire en mesures pratiques et concr\u00e8tes, qualitatives&hellip;<\/p>\n","protected":false},"featured_media":36476,"template":"","meta":[],"product_brand":[],"product_cat":[507],"product_tag":[],"class_list":{"0":"post-37600","1":"product","2":"type-product","3":"status-publish","4":"has-post-thumbnail","6":"product_cat-avis-saisine","7":"description-off","9":"first","10":"instock","11":"downloadable","12":"virtual","13":"sold-individually","14":"purchasable","15":"product-type-simple"},"yoast_head":"<!-- This site is optimized with the Yoast SEO plugin v27.5 - https:\/\/yoast.com\/product\/yoast-seo-wordpress\/ -->\n<title>Avis du Conseil sur le projet de d\u00e9cret fixant les applications de l\u2019ing\u00e9nierie linguistique dans l\u2019enseignement scolaire, la formation professionnelle et l\u2019enseignement sup\u00e9rieur - Conseil sup\u00e9rieur de l\u2019\u00e9ducation, de la formation et de la recherche scientifique<\/title>\n<meta name=\"robots\" content=\"noindex, follow, max-snippet:-1, max-image-preview:large, max-video-preview:-1\" \/>\n<meta property=\"og:locale\" content=\"fr_FR\" \/>\n<meta property=\"og:type\" content=\"article\" \/>\n<meta property=\"og:title\" content=\"Avis du Conseil sur le projet de d\u00e9cret fixant les applications de l\u2019ing\u00e9nierie linguistique dans l\u2019enseignement scolaire, la formation professionnelle et l\u2019enseignement sup\u00e9rieur - Conseil sup\u00e9rieur de l\u2019\u00e9ducation, de la formation et de la recherche scientifique\" \/>\n<meta property=\"og:description\" content=\"Le Conseil constate que l&rsquo;ensemble des dispositions de ce projet de d\u00e9cret fixant les applications de l&rsquo;ing\u00e9nierie linguistique dans l&rsquo;enseignement scolaire, la formation professionnelle et l&rsquo;enseignement sup\u00e9rieur, se limite \u00e0 rappeler les objectifs et les principes fondamentaux li\u00e9s \u00e0 l&rsquo;application de l&rsquo;ing\u00e9nierie linguistique, sans les d\u00e9tailler ni les traduire en mesures pratiques et concr\u00e8tes, qualitatives&hellip;\" \/>\n<meta property=\"og:url\" content=\"https:\/\/csefrs.lifemoz.com\/fr\/publications\/avis-du-conseil-sur-le-projet-de-decret-fixant-les-applications-de-lingenierie-linguistique-dans-lenseignement-scolaire-la-formation-professionnelle-et-lenseignement-superi\/\" \/>\n<meta property=\"og:site_name\" content=\"Conseil sup\u00e9rieur de l\u2019\u00e9ducation, de la formation et de la recherche scientifique\" \/>\n<meta property=\"article:modified_time\" content=\"2026-02-08T13:08:24+00:00\" \/>\n<meta property=\"og:image\" content=\"https:\/\/csefrs.lifemoz.com\/wp-content\/uploads\/2025\/12\/avis-ingenierie-linguistique-scaled-1.jpg\" \/>\n\t<meta property=\"og:image:width\" content=\"724\" \/>\n\t<meta property=\"og:image:height\" content=\"1024\" \/>\n\t<meta property=\"og:image:type\" content=\"image\/jpeg\" \/>\n<meta name=\"twitter:card\" content=\"summary_large_image\" \/>\n<meta name=\"twitter:label1\" content=\"Dur\u00e9e de lecture estim\u00e9e\" \/>\n\t<meta name=\"twitter:data1\" content=\"1 minute\" \/>\n<script type=\"application\/ld+json\" class=\"yoast-schema-graph\">{\"@context\":\"https:\\\/\\\/schema.org\",\"@graph\":[{\"@type\":\"WebPage\",\"@id\":\"https:\\\/\\\/csefrs.lifemoz.com\\\/fr\\\/publications\\\/avis-du-conseil-sur-le-projet-de-decret-fixant-les-applications-de-lingenierie-linguistique-dans-lenseignement-scolaire-la-formation-professionnelle-et-lenseignement-superi\\\/\",\"url\":\"https:\\\/\\\/csefrs.lifemoz.com\\\/fr\\\/publications\\\/avis-du-conseil-sur-le-projet-de-decret-fixant-les-applications-de-lingenierie-linguistique-dans-lenseignement-scolaire-la-formation-professionnelle-et-lenseignement-superi\\\/\",\"name\":\"Avis du Conseil sur le projet de d\u00e9cret fixant les applications de l\u2019ing\u00e9nierie linguistique dans l\u2019enseignement scolaire, la formation professionnelle et l\u2019enseignement sup\u00e9rieur - Conseil sup\u00e9rieur de l\u2019\u00e9ducation, de la formation et de la recherche scientifique\",\"isPartOf\":{\"@id\":\"https:\\\/\\\/csefrs.lifemoz.com\\\/#website\"},\"primaryImageOfPage\":{\"@id\":\"https:\\\/\\\/csefrs.lifemoz.com\\\/fr\\\/publications\\\/avis-du-conseil-sur-le-projet-de-decret-fixant-les-applications-de-lingenierie-linguistique-dans-lenseignement-scolaire-la-formation-professionnelle-et-lenseignement-superi\\\/#primaryimage\"},\"image\":{\"@id\":\"https:\\\/\\\/csefrs.lifemoz.com\\\/fr\\\/publications\\\/avis-du-conseil-sur-le-projet-de-decret-fixant-les-applications-de-lingenierie-linguistique-dans-lenseignement-scolaire-la-formation-professionnelle-et-lenseignement-superi\\\/#primaryimage\"},\"thumbnailUrl\":\"https:\\\/\\\/csefrs.lifemoz.com\\\/wp-content\\\/uploads\\\/2025\\\/12\\\/avis-ingenierie-linguistique-scaled-1.jpg\",\"datePublished\":\"2023-07-03T23:00:00+00:00\",\"dateModified\":\"2026-02-08T13:08:24+00:00\",\"breadcrumb\":{\"@id\":\"https:\\\/\\\/csefrs.lifemoz.com\\\/fr\\\/publications\\\/avis-du-conseil-sur-le-projet-de-decret-fixant-les-applications-de-lingenierie-linguistique-dans-lenseignement-scolaire-la-formation-professionnelle-et-lenseignement-superi\\\/#breadcrumb\"},\"inLanguage\":\"fr-FR\",\"potentialAction\":[{\"@type\":\"ReadAction\",\"target\":[\"https:\\\/\\\/csefrs.lifemoz.com\\\/fr\\\/publications\\\/avis-du-conseil-sur-le-projet-de-decret-fixant-les-applications-de-lingenierie-linguistique-dans-lenseignement-scolaire-la-formation-professionnelle-et-lenseignement-superi\\\/\"]}]},{\"@type\":\"ImageObject\",\"inLanguage\":\"fr-FR\",\"@id\":\"https:\\\/\\\/csefrs.lifemoz.com\\\/fr\\\/publications\\\/avis-du-conseil-sur-le-projet-de-decret-fixant-les-applications-de-lingenierie-linguistique-dans-lenseignement-scolaire-la-formation-professionnelle-et-lenseignement-superi\\\/#primaryimage\",\"url\":\"https:\\\/\\\/csefrs.lifemoz.com\\\/wp-content\\\/uploads\\\/2025\\\/12\\\/avis-ingenierie-linguistique-scaled-1.jpg\",\"contentUrl\":\"https:\\\/\\\/csefrs.lifemoz.com\\\/wp-content\\\/uploads\\\/2025\\\/12\\\/avis-ingenierie-linguistique-scaled-1.jpg\",\"width\":724,\"height\":1024},{\"@type\":\"BreadcrumbList\",\"@id\":\"https:\\\/\\\/csefrs.lifemoz.com\\\/fr\\\/publications\\\/avis-du-conseil-sur-le-projet-de-decret-fixant-les-applications-de-lingenierie-linguistique-dans-lenseignement-scolaire-la-formation-professionnelle-et-lenseignement-superi\\\/#breadcrumb\",\"itemListElement\":[{\"@type\":\"ListItem\",\"position\":1,\"name\":\"Accueil\",\"item\":\"https:\\\/\\\/csefrs.lifemoz.com\\\/fr\\\/\"},{\"@type\":\"ListItem\",\"position\":2,\"name\":\"Publications\",\"item\":\"https:\\\/\\\/csefrs.lifemoz.com\\\/\u0627\u0644\u0645\u0646\u0634\u0648\u0631\u0627\u062a\\\/\"},{\"@type\":\"ListItem\",\"position\":3,\"name\":\"Avis du Conseil sur le projet de d\u00e9cret fixant les applications de l\u2019ing\u00e9nierie linguistique dans l\u2019enseignement scolaire, la formation professionnelle et l\u2019enseignement sup\u00e9rieur\"}]},{\"@type\":\"WebSite\",\"@id\":\"https:\\\/\\\/csefrs.lifemoz.com\\\/#website\",\"url\":\"https:\\\/\\\/csefrs.lifemoz.com\\\/\",\"name\":\"Conseil sup\u00e9rieur de l\u2019\u00e9ducation, de la formation et de la recherche scientifique\",\"description\":\"\",\"potentialAction\":[{\"@type\":\"SearchAction\",\"target\":{\"@type\":\"EntryPoint\",\"urlTemplate\":\"https:\\\/\\\/csefrs.lifemoz.com\\\/?s={search_term_string}\"},\"query-input\":{\"@type\":\"PropertyValueSpecification\",\"valueRequired\":true,\"valueName\":\"search_term_string\"}}],\"inLanguage\":\"fr-FR\"}]}<\/script>\n<!-- \/ Yoast SEO plugin. -->","yoast_head_json":{"title":"Avis du Conseil sur le projet de d\u00e9cret fixant les applications de l\u2019ing\u00e9nierie linguistique dans l\u2019enseignement scolaire, la formation professionnelle et l\u2019enseignement sup\u00e9rieur - Conseil sup\u00e9rieur de l\u2019\u00e9ducation, de la formation et de la recherche scientifique","robots":{"index":"noindex","follow":"follow","max-snippet":"max-snippet:-1","max-image-preview":"max-image-preview:large","max-video-preview":"max-video-preview:-1"},"og_locale":"fr_FR","og_type":"article","og_title":"Avis du Conseil sur le projet de d\u00e9cret fixant les applications de l\u2019ing\u00e9nierie linguistique dans l\u2019enseignement scolaire, la formation professionnelle et l\u2019enseignement sup\u00e9rieur - Conseil sup\u00e9rieur de l\u2019\u00e9ducation, de la formation et de la recherche scientifique","og_description":"Le Conseil constate que l&rsquo;ensemble des dispositions de ce projet de d\u00e9cret fixant les applications de l&rsquo;ing\u00e9nierie linguistique dans l&rsquo;enseignement scolaire, la formation professionnelle et l&rsquo;enseignement sup\u00e9rieur, se limite \u00e0 rappeler les objectifs et les principes fondamentaux li\u00e9s \u00e0 l&rsquo;application de l&rsquo;ing\u00e9nierie linguistique, sans les d\u00e9tailler ni les traduire en mesures pratiques et concr\u00e8tes, qualitatives&hellip;","og_url":"https:\/\/csefrs.lifemoz.com\/fr\/publications\/avis-du-conseil-sur-le-projet-de-decret-fixant-les-applications-de-lingenierie-linguistique-dans-lenseignement-scolaire-la-formation-professionnelle-et-lenseignement-superi\/","og_site_name":"Conseil sup\u00e9rieur de l\u2019\u00e9ducation, de la formation et de la recherche scientifique","article_modified_time":"2026-02-08T13:08:24+00:00","og_image":[{"width":724,"height":1024,"url":"https:\/\/csefrs.lifemoz.com\/wp-content\/uploads\/2025\/12\/avis-ingenierie-linguistique-scaled-1.jpg","type":"image\/jpeg"}],"twitter_card":"summary_large_image","twitter_misc":{"Dur\u00e9e de lecture estim\u00e9e":"1 minute"},"schema":{"@context":"https:\/\/schema.org","@graph":[{"@type":"WebPage","@id":"https:\/\/csefrs.lifemoz.com\/fr\/publications\/avis-du-conseil-sur-le-projet-de-decret-fixant-les-applications-de-lingenierie-linguistique-dans-lenseignement-scolaire-la-formation-professionnelle-et-lenseignement-superi\/","url":"https:\/\/csefrs.lifemoz.com\/fr\/publications\/avis-du-conseil-sur-le-projet-de-decret-fixant-les-applications-de-lingenierie-linguistique-dans-lenseignement-scolaire-la-formation-professionnelle-et-lenseignement-superi\/","name":"Avis du Conseil sur le projet de d\u00e9cret fixant les applications de l\u2019ing\u00e9nierie linguistique dans l\u2019enseignement scolaire, la formation professionnelle et l\u2019enseignement sup\u00e9rieur - Conseil sup\u00e9rieur de l\u2019\u00e9ducation, de la formation et de la recherche scientifique","isPartOf":{"@id":"https:\/\/csefrs.lifemoz.com\/#website"},"primaryImageOfPage":{"@id":"https:\/\/csefrs.lifemoz.com\/fr\/publications\/avis-du-conseil-sur-le-projet-de-decret-fixant-les-applications-de-lingenierie-linguistique-dans-lenseignement-scolaire-la-formation-professionnelle-et-lenseignement-superi\/#primaryimage"},"image":{"@id":"https:\/\/csefrs.lifemoz.com\/fr\/publications\/avis-du-conseil-sur-le-projet-de-decret-fixant-les-applications-de-lingenierie-linguistique-dans-lenseignement-scolaire-la-formation-professionnelle-et-lenseignement-superi\/#primaryimage"},"thumbnailUrl":"https:\/\/csefrs.lifemoz.com\/wp-content\/uploads\/2025\/12\/avis-ingenierie-linguistique-scaled-1.jpg","datePublished":"2023-07-03T23:00:00+00:00","dateModified":"2026-02-08T13:08:24+00:00","breadcrumb":{"@id":"https:\/\/csefrs.lifemoz.com\/fr\/publications\/avis-du-conseil-sur-le-projet-de-decret-fixant-les-applications-de-lingenierie-linguistique-dans-lenseignement-scolaire-la-formation-professionnelle-et-lenseignement-superi\/#breadcrumb"},"inLanguage":"fr-FR","potentialAction":[{"@type":"ReadAction","target":["https:\/\/csefrs.lifemoz.com\/fr\/publications\/avis-du-conseil-sur-le-projet-de-decret-fixant-les-applications-de-lingenierie-linguistique-dans-lenseignement-scolaire-la-formation-professionnelle-et-lenseignement-superi\/"]}]},{"@type":"ImageObject","inLanguage":"fr-FR","@id":"https:\/\/csefrs.lifemoz.com\/fr\/publications\/avis-du-conseil-sur-le-projet-de-decret-fixant-les-applications-de-lingenierie-linguistique-dans-lenseignement-scolaire-la-formation-professionnelle-et-lenseignement-superi\/#primaryimage","url":"https:\/\/csefrs.lifemoz.com\/wp-content\/uploads\/2025\/12\/avis-ingenierie-linguistique-scaled-1.jpg","contentUrl":"https:\/\/csefrs.lifemoz.com\/wp-content\/uploads\/2025\/12\/avis-ingenierie-linguistique-scaled-1.jpg","width":724,"height":1024},{"@type":"BreadcrumbList","@id":"https:\/\/csefrs.lifemoz.com\/fr\/publications\/avis-du-conseil-sur-le-projet-de-decret-fixant-les-applications-de-lingenierie-linguistique-dans-lenseignement-scolaire-la-formation-professionnelle-et-lenseignement-superi\/#breadcrumb","itemListElement":[{"@type":"ListItem","position":1,"name":"Accueil","item":"https:\/\/csefrs.lifemoz.com\/fr\/"},{"@type":"ListItem","position":2,"name":"Publications","item":"https:\/\/csefrs.lifemoz.com\/\u0627\u0644\u0645\u0646\u0634\u0648\u0631\u0627\u062a\/"},{"@type":"ListItem","position":3,"name":"Avis du Conseil sur le projet de d\u00e9cret fixant les applications de l\u2019ing\u00e9nierie linguistique dans l\u2019enseignement scolaire, la formation professionnelle et l\u2019enseignement sup\u00e9rieur"}]},{"@type":"WebSite","@id":"https:\/\/csefrs.lifemoz.com\/#website","url":"https:\/\/csefrs.lifemoz.com\/","name":"Conseil sup\u00e9rieur de l\u2019\u00e9ducation, de la formation et de la recherche scientifique","description":"","potentialAction":[{"@type":"SearchAction","target":{"@type":"EntryPoint","urlTemplate":"https:\/\/csefrs.lifemoz.com\/?s={search_term_string}"},"query-input":{"@type":"PropertyValueSpecification","valueRequired":true,"valueName":"search_term_string"}}],"inLanguage":"fr-FR"}]}},"_links":{"self":[{"href":"https:\/\/csefrs.lifemoz.com\/fr\/wp-json\/wp\/v2\/product\/37600","targetHints":{"allow":["GET"]}}],"collection":[{"href":"https:\/\/csefrs.lifemoz.com\/fr\/wp-json\/wp\/v2\/product"}],"about":[{"href":"https:\/\/csefrs.lifemoz.com\/fr\/wp-json\/wp\/v2\/types\/product"}],"wp:featuredmedia":[{"embeddable":true,"href":"https:\/\/csefrs.lifemoz.com\/fr\/wp-json\/wp\/v2\/media\/36476"}],"wp:attachment":[{"href":"https:\/\/csefrs.lifemoz.com\/fr\/wp-json\/wp\/v2\/media?parent=37600"}],"wp:term":[{"taxonomy":"product_brand","embeddable":true,"href":"https:\/\/csefrs.lifemoz.com\/fr\/wp-json\/wp\/v2\/product_brand?post=37600"},{"taxonomy":"product_cat","embeddable":true,"href":"https:\/\/csefrs.lifemoz.com\/fr\/wp-json\/wp\/v2\/product_cat?post=37600"},{"taxonomy":"product_tag","embeddable":true,"href":"https:\/\/csefrs.lifemoz.com\/fr\/wp-json\/wp\/v2\/product_tag?post=37600"}],"curies":[{"name":"wp","href":"https:\/\/api.w.org\/{rel}","templated":true}]}}