{"id":37598,"date":"2023-07-04T00:00:00","date_gmt":"2023-07-03T23:00:00","guid":{"rendered":"https:\/\/csefrs.lifemoz.com\/\u0627\u0644\u0645\u0646\u0634\u0648\u0631\u0627\u062a\/avis-du-conseil-sur-le-projet-de-decret-relatif-a-lorientation-scolaire-et-professionnelle-et-au-conseil-universitaire-2\/"},"modified":"2026-02-08T14:08:24","modified_gmt":"2026-02-08T13:08:24","slug":"avis-du-conseil-sur-le-projet-de-decret-relatif-a-lorientation-scolaire-et-professionnelle-et-au-conseil-universitaire-2","status":"publish","type":"product","link":"https:\/\/csefrs.lifemoz.com\/fr\/publications\/avis-du-conseil-sur-le-projet-de-decret-relatif-a-lorientation-scolaire-et-professionnelle-et-au-conseil-universitaire-2\/","title":{"rendered":"Avis du Conseil sur le projet de d\u00e9cret relatif \u00e0 l\u2019orientation scolaire et professionnelle et au conseil universitaire"},"content":{"rendered":"<p style=\"text-align: justify;\">L&rsquo;examen de ce projet dans sa nouvelle mouture n&rsquo;a pas permis de disposer d\u2019une vision claire de la finalit\u00e9 de l&rsquo;orientation, de ses concepts structurants et des approches qu\u2019elle adopte, de mani\u00e8re \u00e0 permettre la mise en place d&rsquo;un syst\u00e8me d&rsquo;orientation unifi\u00e9, int\u00e9gr\u00e9 et global pour l\u2019enseignement scolaire, la formation professionnelle, l&rsquo;enseignement sup\u00e9rieur, l\u2019enseignement traditionnel et l&rsquo;alphab\u00e9tisation.<\/p>\n<p style=\"text-align: justify;\">Il a \u00e9galement \u00e9t\u00e9 constat\u00e9 que ce projet s&rsquo;est appuy\u00e9 sur une d\u00e9marche ponctuelle, s\u00e9lective et parcellaire, qui vise principalement \u00e0 am\u00e9liorer les composantes et les m\u00e9canismes du syst\u00e8me actuel, sans parvenir \u00e0 r\u00e9aliser la r\u00e9forme \u00e9ducative globale souhait\u00e9e.<\/p>\n<p style=\"text-align: justify;\">Le Conseil souligne la n\u00e9cessaire coh\u00e9rence entre l&rsquo;ensemble des composantes de la r\u00e9forme p\u00e9dagogique, dans la perspective de l\u2019\u00e9dification de \u00a0\u00bb l\u2019\u00e9cole nouvelle \u00ab\u00a0. Il appelle \u00e0 se baser sur un ensemble de pr\u00e9requis, notamment l&rsquo;\u00e9mission des textes l\u00e9gislatifs relatifs \u00e0 la cr\u00e9ation de la commission permanente charg\u00e9e\u00a0du\u00a0renouvellement\u00a0et de l&rsquo;adaptation\u00a0continus\u00a0des\u00a0curricula,\u00a0programmes\u00a0et\u00a0formations, l\u2019\u00e9laboration des r\u00e9f\u00e9rentiels et des guides, ainsi que d&rsquo;un nouveau mod\u00e8le de promotion des m\u00e9tiers de l&rsquo;orientation scolaire et professionnelle et du conseil universitaire. Le Conseil recommande \u00e9galement l&rsquo;\u00e9tablissement d&rsquo;un cadre national de r\u00e9f\u00e9rence pour la certification et l&rsquo;accr\u00e9ditation, et la cr\u00e9ation d&rsquo;un observatoire pour l&rsquo;ad\u00e9quation entre les nouveaux m\u00e9tiers et formations et les besoins du march\u00e9 du travail.<\/p>\n<p style=\"text-align: justify;\">Afin de mettre en place une nouvelle vision structurante de l&rsquo;orientation et de garantir les conditions n\u00e9cessaires \u00e0 sa mise en \u0153uvre effective et efficace, le Conseil recommande d&rsquo;assurer la coh\u00e9rence du contenu du d\u00e9cret avec les exigences de la loi-cadre, ainsi qu\u2019avec les textes l\u00e9gislatifs et r\u00e9glementaires pertinents. Il souligne \u00e9galement la n\u00e9cessit\u00e9 de donner une impulsion nouvelle \u00e0 la r\u00e9forme globale du syst\u00e8me d&rsquo;orientation scolaire, professionnelle et du conseil universitaire, en impliquant les diff\u00e9rentes composantes du syst\u00e8me et en veillant \u00e0 respecter les d\u00e9lais d\u00e9finis dans la Loi-cadre.<\/p>\n<p><a class=\"download-button-intern\" href=\"https:\/\/csefrs.lifemoz.com\/wp-content\/uploads\/2023\/07\/avis-orientation.pdf\" target=\"_blank\" rel=\"noopener\">T\u00e9l\u00e9charger l&rsquo;avis (disponible en Arabe)<\/a><\/p>\n","protected":false},"excerpt":{"rendered":"<p>L&rsquo;examen de ce projet dans sa nouvelle mouture n&rsquo;a pas permis de disposer d\u2019une vision claire de la finalit\u00e9 de l&rsquo;orientation, de ses concepts structurants et des approches qu\u2019elle adopte, de mani\u00e8re \u00e0 permettre la mise en place d&rsquo;un syst\u00e8me d&rsquo;orientation unifi\u00e9, int\u00e9gr\u00e9 et global pour l\u2019enseignement scolaire, la formation professionnelle, l&rsquo;enseignement sup\u00e9rieur, l\u2019enseignement traditionnel&hellip;<\/p>\n","protected":false},"featured_media":36478,"template":"","meta":[],"product_brand":[],"product_cat":[507],"product_tag":[],"class_list":{"0":"post-37598","1":"product","2":"type-product","3":"status-publish","4":"has-post-thumbnail","6":"product_cat-avis-saisine","7":"description-off","9":"first","10":"instock","11":"downloadable","12":"virtual","13":"sold-individually","14":"purchasable","15":"product-type-simple"},"yoast_head":"<!-- This site is optimized with the Yoast SEO plugin v27.5 - https:\/\/yoast.com\/product\/yoast-seo-wordpress\/ -->\n<title>Avis du Conseil sur le projet de d\u00e9cret relatif \u00e0 l\u2019orientation scolaire et professionnelle et au conseil universitaire - Conseil sup\u00e9rieur de l\u2019\u00e9ducation, de la formation et de la recherche scientifique<\/title>\n<meta name=\"robots\" content=\"noindex, follow, max-snippet:-1, max-image-preview:large, max-video-preview:-1\" \/>\n<meta property=\"og:locale\" content=\"fr_FR\" \/>\n<meta property=\"og:type\" content=\"article\" \/>\n<meta property=\"og:title\" content=\"Avis du Conseil sur le projet de d\u00e9cret relatif \u00e0 l\u2019orientation scolaire et professionnelle et au conseil universitaire - Conseil sup\u00e9rieur de l\u2019\u00e9ducation, de la formation et de la recherche scientifique\" \/>\n<meta property=\"og:description\" content=\"L&rsquo;examen de ce projet dans sa nouvelle mouture n&rsquo;a pas permis de disposer d\u2019une vision claire de la finalit\u00e9 de l&rsquo;orientation, de ses concepts structurants et des approches qu\u2019elle adopte, de mani\u00e8re \u00e0 permettre la mise en place d&rsquo;un syst\u00e8me d&rsquo;orientation unifi\u00e9, int\u00e9gr\u00e9 et global pour l\u2019enseignement scolaire, la formation professionnelle, l&rsquo;enseignement sup\u00e9rieur, l\u2019enseignement traditionnel&hellip;\" \/>\n<meta property=\"og:url\" content=\"https:\/\/csefrs.lifemoz.com\/fr\/publications\/avis-du-conseil-sur-le-projet-de-decret-relatif-a-lorientation-scolaire-et-professionnelle-et-au-conseil-universitaire-2\/\" \/>\n<meta property=\"og:site_name\" content=\"Conseil sup\u00e9rieur de l\u2019\u00e9ducation, de la formation et de la recherche scientifique\" \/>\n<meta property=\"article:modified_time\" content=\"2026-02-08T13:08:24+00:00\" \/>\n<meta property=\"og:image\" content=\"https:\/\/csefrs.lifemoz.com\/wp-content\/uploads\/2025\/12\/Avis-orientation-scaled-1.jpg\" \/>\n\t<meta property=\"og:image:width\" content=\"724\" \/>\n\t<meta property=\"og:image:height\" content=\"1024\" \/>\n\t<meta property=\"og:image:type\" content=\"image\/jpeg\" \/>\n<meta name=\"twitter:card\" content=\"summary_large_image\" \/>\n<meta name=\"twitter:label1\" content=\"Dur\u00e9e de lecture estim\u00e9e\" \/>\n\t<meta name=\"twitter:data1\" content=\"2 minutes\" \/>\n<script type=\"application\/ld+json\" class=\"yoast-schema-graph\">{\"@context\":\"https:\\\/\\\/schema.org\",\"@graph\":[{\"@type\":\"WebPage\",\"@id\":\"https:\\\/\\\/csefrs.lifemoz.com\\\/fr\\\/publications\\\/avis-du-conseil-sur-le-projet-de-decret-relatif-a-lorientation-scolaire-et-professionnelle-et-au-conseil-universitaire-2\\\/\",\"url\":\"https:\\\/\\\/csefrs.lifemoz.com\\\/fr\\\/publications\\\/avis-du-conseil-sur-le-projet-de-decret-relatif-a-lorientation-scolaire-et-professionnelle-et-au-conseil-universitaire-2\\\/\",\"name\":\"Avis du Conseil sur le projet de d\u00e9cret relatif \u00e0 l\u2019orientation scolaire et professionnelle et au conseil universitaire - Conseil sup\u00e9rieur de l\u2019\u00e9ducation, de la formation et de la recherche scientifique\",\"isPartOf\":{\"@id\":\"https:\\\/\\\/csefrs.lifemoz.com\\\/#website\"},\"primaryImageOfPage\":{\"@id\":\"https:\\\/\\\/csefrs.lifemoz.com\\\/fr\\\/publications\\\/avis-du-conseil-sur-le-projet-de-decret-relatif-a-lorientation-scolaire-et-professionnelle-et-au-conseil-universitaire-2\\\/#primaryimage\"},\"image\":{\"@id\":\"https:\\\/\\\/csefrs.lifemoz.com\\\/fr\\\/publications\\\/avis-du-conseil-sur-le-projet-de-decret-relatif-a-lorientation-scolaire-et-professionnelle-et-au-conseil-universitaire-2\\\/#primaryimage\"},\"thumbnailUrl\":\"https:\\\/\\\/csefrs.lifemoz.com\\\/wp-content\\\/uploads\\\/2025\\\/12\\\/Avis-orientation-scaled-1.jpg\",\"datePublished\":\"2023-07-03T23:00:00+00:00\",\"dateModified\":\"2026-02-08T13:08:24+00:00\",\"breadcrumb\":{\"@id\":\"https:\\\/\\\/csefrs.lifemoz.com\\\/fr\\\/publications\\\/avis-du-conseil-sur-le-projet-de-decret-relatif-a-lorientation-scolaire-et-professionnelle-et-au-conseil-universitaire-2\\\/#breadcrumb\"},\"inLanguage\":\"fr-FR\",\"potentialAction\":[{\"@type\":\"ReadAction\",\"target\":[\"https:\\\/\\\/csefrs.lifemoz.com\\\/fr\\\/publications\\\/avis-du-conseil-sur-le-projet-de-decret-relatif-a-lorientation-scolaire-et-professionnelle-et-au-conseil-universitaire-2\\\/\"]}]},{\"@type\":\"ImageObject\",\"inLanguage\":\"fr-FR\",\"@id\":\"https:\\\/\\\/csefrs.lifemoz.com\\\/fr\\\/publications\\\/avis-du-conseil-sur-le-projet-de-decret-relatif-a-lorientation-scolaire-et-professionnelle-et-au-conseil-universitaire-2\\\/#primaryimage\",\"url\":\"https:\\\/\\\/csefrs.lifemoz.com\\\/wp-content\\\/uploads\\\/2025\\\/12\\\/Avis-orientation-scaled-1.jpg\",\"contentUrl\":\"https:\\\/\\\/csefrs.lifemoz.com\\\/wp-content\\\/uploads\\\/2025\\\/12\\\/Avis-orientation-scaled-1.jpg\",\"width\":724,\"height\":1024},{\"@type\":\"BreadcrumbList\",\"@id\":\"https:\\\/\\\/csefrs.lifemoz.com\\\/fr\\\/publications\\\/avis-du-conseil-sur-le-projet-de-decret-relatif-a-lorientation-scolaire-et-professionnelle-et-au-conseil-universitaire-2\\\/#breadcrumb\",\"itemListElement\":[{\"@type\":\"ListItem\",\"position\":1,\"name\":\"Accueil\",\"item\":\"https:\\\/\\\/csefrs.lifemoz.com\\\/fr\\\/\"},{\"@type\":\"ListItem\",\"position\":2,\"name\":\"Publications\",\"item\":\"https:\\\/\\\/csefrs.lifemoz.com\\\/\u0627\u0644\u0645\u0646\u0634\u0648\u0631\u0627\u062a\\\/\"},{\"@type\":\"ListItem\",\"position\":3,\"name\":\"Avis du Conseil sur le projet de d\u00e9cret relatif \u00e0 l\u2019orientation scolaire et professionnelle et au conseil universitaire\"}]},{\"@type\":\"WebSite\",\"@id\":\"https:\\\/\\\/csefrs.lifemoz.com\\\/#website\",\"url\":\"https:\\\/\\\/csefrs.lifemoz.com\\\/\",\"name\":\"Conseil sup\u00e9rieur de l\u2019\u00e9ducation, de la formation et de la recherche scientifique\",\"description\":\"\",\"potentialAction\":[{\"@type\":\"SearchAction\",\"target\":{\"@type\":\"EntryPoint\",\"urlTemplate\":\"https:\\\/\\\/csefrs.lifemoz.com\\\/?s={search_term_string}\"},\"query-input\":{\"@type\":\"PropertyValueSpecification\",\"valueRequired\":true,\"valueName\":\"search_term_string\"}}],\"inLanguage\":\"fr-FR\"}]}<\/script>\n<!-- \/ Yoast SEO plugin. -->","yoast_head_json":{"title":"Avis du Conseil sur le projet de d\u00e9cret relatif \u00e0 l\u2019orientation scolaire et professionnelle et au conseil universitaire - Conseil sup\u00e9rieur de l\u2019\u00e9ducation, de la formation et de la recherche scientifique","robots":{"index":"noindex","follow":"follow","max-snippet":"max-snippet:-1","max-image-preview":"max-image-preview:large","max-video-preview":"max-video-preview:-1"},"og_locale":"fr_FR","og_type":"article","og_title":"Avis du Conseil sur le projet de d\u00e9cret relatif \u00e0 l\u2019orientation scolaire et professionnelle et au conseil universitaire - Conseil sup\u00e9rieur de l\u2019\u00e9ducation, de la formation et de la recherche scientifique","og_description":"L&rsquo;examen de ce projet dans sa nouvelle mouture n&rsquo;a pas permis de disposer d\u2019une vision claire de la finalit\u00e9 de l&rsquo;orientation, de ses concepts structurants et des approches qu\u2019elle adopte, de mani\u00e8re \u00e0 permettre la mise en place d&rsquo;un syst\u00e8me d&rsquo;orientation unifi\u00e9, int\u00e9gr\u00e9 et global pour l\u2019enseignement scolaire, la formation professionnelle, l&rsquo;enseignement sup\u00e9rieur, l\u2019enseignement traditionnel&hellip;","og_url":"https:\/\/csefrs.lifemoz.com\/fr\/publications\/avis-du-conseil-sur-le-projet-de-decret-relatif-a-lorientation-scolaire-et-professionnelle-et-au-conseil-universitaire-2\/","og_site_name":"Conseil sup\u00e9rieur de l\u2019\u00e9ducation, de la formation et de la recherche scientifique","article_modified_time":"2026-02-08T13:08:24+00:00","og_image":[{"width":724,"height":1024,"url":"https:\/\/csefrs.lifemoz.com\/wp-content\/uploads\/2025\/12\/Avis-orientation-scaled-1.jpg","type":"image\/jpeg"}],"twitter_card":"summary_large_image","twitter_misc":{"Dur\u00e9e de lecture estim\u00e9e":"2 minutes"},"schema":{"@context":"https:\/\/schema.org","@graph":[{"@type":"WebPage","@id":"https:\/\/csefrs.lifemoz.com\/fr\/publications\/avis-du-conseil-sur-le-projet-de-decret-relatif-a-lorientation-scolaire-et-professionnelle-et-au-conseil-universitaire-2\/","url":"https:\/\/csefrs.lifemoz.com\/fr\/publications\/avis-du-conseil-sur-le-projet-de-decret-relatif-a-lorientation-scolaire-et-professionnelle-et-au-conseil-universitaire-2\/","name":"Avis du Conseil sur le projet de d\u00e9cret relatif \u00e0 l\u2019orientation scolaire et professionnelle et au conseil universitaire - Conseil sup\u00e9rieur de l\u2019\u00e9ducation, de la formation et de la recherche scientifique","isPartOf":{"@id":"https:\/\/csefrs.lifemoz.com\/#website"},"primaryImageOfPage":{"@id":"https:\/\/csefrs.lifemoz.com\/fr\/publications\/avis-du-conseil-sur-le-projet-de-decret-relatif-a-lorientation-scolaire-et-professionnelle-et-au-conseil-universitaire-2\/#primaryimage"},"image":{"@id":"https:\/\/csefrs.lifemoz.com\/fr\/publications\/avis-du-conseil-sur-le-projet-de-decret-relatif-a-lorientation-scolaire-et-professionnelle-et-au-conseil-universitaire-2\/#primaryimage"},"thumbnailUrl":"https:\/\/csefrs.lifemoz.com\/wp-content\/uploads\/2025\/12\/Avis-orientation-scaled-1.jpg","datePublished":"2023-07-03T23:00:00+00:00","dateModified":"2026-02-08T13:08:24+00:00","breadcrumb":{"@id":"https:\/\/csefrs.lifemoz.com\/fr\/publications\/avis-du-conseil-sur-le-projet-de-decret-relatif-a-lorientation-scolaire-et-professionnelle-et-au-conseil-universitaire-2\/#breadcrumb"},"inLanguage":"fr-FR","potentialAction":[{"@type":"ReadAction","target":["https:\/\/csefrs.lifemoz.com\/fr\/publications\/avis-du-conseil-sur-le-projet-de-decret-relatif-a-lorientation-scolaire-et-professionnelle-et-au-conseil-universitaire-2\/"]}]},{"@type":"ImageObject","inLanguage":"fr-FR","@id":"https:\/\/csefrs.lifemoz.com\/fr\/publications\/avis-du-conseil-sur-le-projet-de-decret-relatif-a-lorientation-scolaire-et-professionnelle-et-au-conseil-universitaire-2\/#primaryimage","url":"https:\/\/csefrs.lifemoz.com\/wp-content\/uploads\/2025\/12\/Avis-orientation-scaled-1.jpg","contentUrl":"https:\/\/csefrs.lifemoz.com\/wp-content\/uploads\/2025\/12\/Avis-orientation-scaled-1.jpg","width":724,"height":1024},{"@type":"BreadcrumbList","@id":"https:\/\/csefrs.lifemoz.com\/fr\/publications\/avis-du-conseil-sur-le-projet-de-decret-relatif-a-lorientation-scolaire-et-professionnelle-et-au-conseil-universitaire-2\/#breadcrumb","itemListElement":[{"@type":"ListItem","position":1,"name":"Accueil","item":"https:\/\/csefrs.lifemoz.com\/fr\/"},{"@type":"ListItem","position":2,"name":"Publications","item":"https:\/\/csefrs.lifemoz.com\/\u0627\u0644\u0645\u0646\u0634\u0648\u0631\u0627\u062a\/"},{"@type":"ListItem","position":3,"name":"Avis du Conseil sur le projet de d\u00e9cret relatif \u00e0 l\u2019orientation scolaire et professionnelle et au conseil universitaire"}]},{"@type":"WebSite","@id":"https:\/\/csefrs.lifemoz.com\/#website","url":"https:\/\/csefrs.lifemoz.com\/","name":"Conseil sup\u00e9rieur de l\u2019\u00e9ducation, de la formation et de la recherche scientifique","description":"","potentialAction":[{"@type":"SearchAction","target":{"@type":"EntryPoint","urlTemplate":"https:\/\/csefrs.lifemoz.com\/?s={search_term_string}"},"query-input":{"@type":"PropertyValueSpecification","valueRequired":true,"valueName":"search_term_string"}}],"inLanguage":"fr-FR"}]}},"_links":{"self":[{"href":"https:\/\/csefrs.lifemoz.com\/fr\/wp-json\/wp\/v2\/product\/37598","targetHints":{"allow":["GET"]}}],"collection":[{"href":"https:\/\/csefrs.lifemoz.com\/fr\/wp-json\/wp\/v2\/product"}],"about":[{"href":"https:\/\/csefrs.lifemoz.com\/fr\/wp-json\/wp\/v2\/types\/product"}],"wp:featuredmedia":[{"embeddable":true,"href":"https:\/\/csefrs.lifemoz.com\/fr\/wp-json\/wp\/v2\/media\/36478"}],"wp:attachment":[{"href":"https:\/\/csefrs.lifemoz.com\/fr\/wp-json\/wp\/v2\/media?parent=37598"}],"wp:term":[{"taxonomy":"product_brand","embeddable":true,"href":"https:\/\/csefrs.lifemoz.com\/fr\/wp-json\/wp\/v2\/product_brand?post=37598"},{"taxonomy":"product_cat","embeddable":true,"href":"https:\/\/csefrs.lifemoz.com\/fr\/wp-json\/wp\/v2\/product_cat?post=37598"},{"taxonomy":"product_tag","embeddable":true,"href":"https:\/\/csefrs.lifemoz.com\/fr\/wp-json\/wp\/v2\/product_tag?post=37598"}],"curies":[{"name":"wp","href":"https:\/\/api.w.org\/{rel}","templated":true}]}}