{"id":37596,"date":"2023-07-04T00:00:00","date_gmt":"2023-07-03T23:00:00","guid":{"rendered":"https:\/\/csefrs.lifemoz.com\/\u0627\u0644\u0645\u0646\u0634\u0648\u0631\u0627\u062a\/avis-du-conseil-sur-le-projet-de-loi-n59-21-relatif-a-lenseignement-scolaire\/"},"modified":"2026-02-08T14:08:24","modified_gmt":"2026-02-08T13:08:24","slug":"avis-du-conseil-sur-le-projet-de-loi-n59-21-relatif-a-lenseignement-scolaire","status":"publish","type":"product","link":"https:\/\/csefrs.lifemoz.com\/fr\/publications\/avis-du-conseil-sur-le-projet-de-loi-n59-21-relatif-a-lenseignement-scolaire\/","title":{"rendered":"Avis du Conseil sur le projet de loi n\u00b059.21 relatif \u00e0 l\u2019enseignement scolaire"},"content":{"rendered":"<p>Le projet de loi relatif \u00e0 l&rsquo;enseignement scolaire, mentionn\u00e9, avec d\u2019autres textes l\u00e9gislatifs et r\u00e9glementaires, dans la loi-cadre n\u00b0 51.17, est l&rsquo;un des piliers de l&rsquo;\u00e9dification de \u00ab l\u2019\u00e9cole nouvelle\u00bb. Il figure \u00e9galement parmi les textes l\u00e9gislatifs les plus importants visant \u00e0 pr\u00e9ciser l&rsquo;organisation de l&rsquo;enseignement scolaire et \u00e0 am\u00e9liorer sa gouvernance et son rendement.<\/p>\n<p>Apr\u00e8s examen, le Conseil a relev\u00e9 que le projet de loi n\u00b0 59.21 ne couvre pas l\u2019ensemble des questions li\u00e9es aux fonctions, aux missions, aux composantes, au financement et \u00e0 l\u2019\u00e9valuation du syst\u00e8me d\u2019enseignement scolaire. Il a formul\u00e9, par cons\u00e9quent un ensemble de remarques tant sur la m\u00e9thodologie utilis\u00e9e pour l&rsquo;\u00e9laboration du projet de loi, que sur le contenu et la forme de celui-ci.<\/p>\n<p><a class=\"download-button-intern\" href=\"https:\/\/csefrs.lifemoz.com\/wp-content\/uploads\/2023\/07\/avis-enseignement-scolaire-ISBN.pdf\" target=\"_blank\" rel=\"noopener\">T\u00e9l\u00e9charger l&rsquo;avis (Disponible en arabe)<\/a><\/p>\n","protected":false},"excerpt":{"rendered":"<p>Le projet de loi relatif \u00e0 l&rsquo;enseignement scolaire, mentionn\u00e9, avec d\u2019autres textes l\u00e9gislatifs et r\u00e9glementaires, dans la loi-cadre n\u00b0 51.17, est l&rsquo;un des piliers de l&rsquo;\u00e9dification de \u00ab l\u2019\u00e9cole nouvelle\u00bb. Il figure \u00e9galement parmi les textes l\u00e9gislatifs les plus importants visant \u00e0 pr\u00e9ciser l&rsquo;organisation de l&rsquo;enseignement scolaire et \u00e0 am\u00e9liorer sa gouvernance et son rendement.&hellip;<\/p>\n","protected":false},"featured_media":36480,"template":"","meta":[],"product_brand":[],"product_cat":[507],"product_tag":[],"class_list":{"0":"post-37596","1":"product","2":"type-product","3":"status-publish","4":"has-post-thumbnail","6":"product_cat-avis-saisine","7":"description-off","9":"first","10":"instock","11":"downloadable","12":"virtual","13":"sold-individually","14":"purchasable","15":"product-type-simple"},"yoast_head":"<!-- This site is optimized with the Yoast SEO plugin v27.5 - https:\/\/yoast.com\/product\/yoast-seo-wordpress\/ -->\n<title>Avis du Conseil sur le projet de loi n\u00b059.21 relatif \u00e0 l\u2019enseignement scolaire - Conseil sup\u00e9rieur de l\u2019\u00e9ducation, de la formation et de la recherche scientifique<\/title>\n<meta name=\"robots\" content=\"noindex, follow, max-snippet:-1, max-image-preview:large, max-video-preview:-1\" \/>\n<meta property=\"og:locale\" content=\"fr_FR\" \/>\n<meta property=\"og:type\" content=\"article\" \/>\n<meta property=\"og:title\" content=\"Avis du Conseil sur le projet de loi n\u00b059.21 relatif \u00e0 l\u2019enseignement scolaire - Conseil sup\u00e9rieur de l\u2019\u00e9ducation, de la formation et de la recherche scientifique\" \/>\n<meta property=\"og:description\" content=\"Le projet de loi relatif \u00e0 l&rsquo;enseignement scolaire, mentionn\u00e9, avec d\u2019autres textes l\u00e9gislatifs et r\u00e9glementaires, dans la loi-cadre n\u00b0 51.17, est l&rsquo;un des piliers de l&rsquo;\u00e9dification de \u00ab l\u2019\u00e9cole nouvelle\u00bb. Il figure \u00e9galement parmi les textes l\u00e9gislatifs les plus importants visant \u00e0 pr\u00e9ciser l&rsquo;organisation de l&rsquo;enseignement scolaire et \u00e0 am\u00e9liorer sa gouvernance et son rendement.&hellip;\" \/>\n<meta property=\"og:url\" content=\"https:\/\/csefrs.lifemoz.com\/fr\/publications\/avis-du-conseil-sur-le-projet-de-loi-n59-21-relatif-a-lenseignement-scolaire\/\" \/>\n<meta property=\"og:site_name\" content=\"Conseil sup\u00e9rieur de l\u2019\u00e9ducation, de la formation et de la recherche scientifique\" \/>\n<meta property=\"article:modified_time\" content=\"2026-02-08T13:08:24+00:00\" \/>\n<meta property=\"og:image\" content=\"https:\/\/csefrs.lifemoz.com\/wp-content\/uploads\/2025\/12\/avis-enseignement-scolaire-scaled-1.jpg\" \/>\n\t<meta property=\"og:image:width\" content=\"724\" \/>\n\t<meta property=\"og:image:height\" content=\"1024\" \/>\n\t<meta property=\"og:image:type\" content=\"image\/jpeg\" \/>\n<meta name=\"twitter:card\" content=\"summary_large_image\" \/>\n<meta name=\"twitter:label1\" content=\"Dur\u00e9e de lecture estim\u00e9e\" \/>\n\t<meta name=\"twitter:data1\" content=\"1 minute\" \/>\n<script type=\"application\/ld+json\" class=\"yoast-schema-graph\">{\"@context\":\"https:\\\/\\\/schema.org\",\"@graph\":[{\"@type\":\"WebPage\",\"@id\":\"https:\\\/\\\/csefrs.lifemoz.com\\\/fr\\\/publications\\\/avis-du-conseil-sur-le-projet-de-loi-n59-21-relatif-a-lenseignement-scolaire\\\/\",\"url\":\"https:\\\/\\\/csefrs.lifemoz.com\\\/fr\\\/publications\\\/avis-du-conseil-sur-le-projet-de-loi-n59-21-relatif-a-lenseignement-scolaire\\\/\",\"name\":\"Avis du Conseil sur le projet de loi n\u00b059.21 relatif \u00e0 l\u2019enseignement scolaire - Conseil sup\u00e9rieur de l\u2019\u00e9ducation, de la formation et de la recherche scientifique\",\"isPartOf\":{\"@id\":\"https:\\\/\\\/csefrs.lifemoz.com\\\/#website\"},\"primaryImageOfPage\":{\"@id\":\"https:\\\/\\\/csefrs.lifemoz.com\\\/fr\\\/publications\\\/avis-du-conseil-sur-le-projet-de-loi-n59-21-relatif-a-lenseignement-scolaire\\\/#primaryimage\"},\"image\":{\"@id\":\"https:\\\/\\\/csefrs.lifemoz.com\\\/fr\\\/publications\\\/avis-du-conseil-sur-le-projet-de-loi-n59-21-relatif-a-lenseignement-scolaire\\\/#primaryimage\"},\"thumbnailUrl\":\"https:\\\/\\\/csefrs.lifemoz.com\\\/wp-content\\\/uploads\\\/2025\\\/12\\\/avis-enseignement-scolaire-scaled-1.jpg\",\"datePublished\":\"2023-07-03T23:00:00+00:00\",\"dateModified\":\"2026-02-08T13:08:24+00:00\",\"breadcrumb\":{\"@id\":\"https:\\\/\\\/csefrs.lifemoz.com\\\/fr\\\/publications\\\/avis-du-conseil-sur-le-projet-de-loi-n59-21-relatif-a-lenseignement-scolaire\\\/#breadcrumb\"},\"inLanguage\":\"fr-FR\",\"potentialAction\":[{\"@type\":\"ReadAction\",\"target\":[\"https:\\\/\\\/csefrs.lifemoz.com\\\/fr\\\/publications\\\/avis-du-conseil-sur-le-projet-de-loi-n59-21-relatif-a-lenseignement-scolaire\\\/\"]}]},{\"@type\":\"ImageObject\",\"inLanguage\":\"fr-FR\",\"@id\":\"https:\\\/\\\/csefrs.lifemoz.com\\\/fr\\\/publications\\\/avis-du-conseil-sur-le-projet-de-loi-n59-21-relatif-a-lenseignement-scolaire\\\/#primaryimage\",\"url\":\"https:\\\/\\\/csefrs.lifemoz.com\\\/wp-content\\\/uploads\\\/2025\\\/12\\\/avis-enseignement-scolaire-scaled-1.jpg\",\"contentUrl\":\"https:\\\/\\\/csefrs.lifemoz.com\\\/wp-content\\\/uploads\\\/2025\\\/12\\\/avis-enseignement-scolaire-scaled-1.jpg\",\"width\":724,\"height\":1024},{\"@type\":\"BreadcrumbList\",\"@id\":\"https:\\\/\\\/csefrs.lifemoz.com\\\/fr\\\/publications\\\/avis-du-conseil-sur-le-projet-de-loi-n59-21-relatif-a-lenseignement-scolaire\\\/#breadcrumb\",\"itemListElement\":[{\"@type\":\"ListItem\",\"position\":1,\"name\":\"Accueil\",\"item\":\"https:\\\/\\\/csefrs.lifemoz.com\\\/fr\\\/\"},{\"@type\":\"ListItem\",\"position\":2,\"name\":\"Publications\",\"item\":\"https:\\\/\\\/csefrs.lifemoz.com\\\/\u0627\u0644\u0645\u0646\u0634\u0648\u0631\u0627\u062a\\\/\"},{\"@type\":\"ListItem\",\"position\":3,\"name\":\"Avis du Conseil sur le projet de loi n\u00b059.21 relatif \u00e0 l\u2019enseignement scolaire\"}]},{\"@type\":\"WebSite\",\"@id\":\"https:\\\/\\\/csefrs.lifemoz.com\\\/#website\",\"url\":\"https:\\\/\\\/csefrs.lifemoz.com\\\/\",\"name\":\"Conseil sup\u00e9rieur de l\u2019\u00e9ducation, de la formation et de la recherche scientifique\",\"description\":\"\",\"potentialAction\":[{\"@type\":\"SearchAction\",\"target\":{\"@type\":\"EntryPoint\",\"urlTemplate\":\"https:\\\/\\\/csefrs.lifemoz.com\\\/?s={search_term_string}\"},\"query-input\":{\"@type\":\"PropertyValueSpecification\",\"valueRequired\":true,\"valueName\":\"search_term_string\"}}],\"inLanguage\":\"fr-FR\"}]}<\/script>\n<!-- \/ Yoast SEO plugin. -->","yoast_head_json":{"title":"Avis du Conseil sur le projet de loi n\u00b059.21 relatif \u00e0 l\u2019enseignement scolaire - Conseil sup\u00e9rieur de l\u2019\u00e9ducation, de la formation et de la recherche scientifique","robots":{"index":"noindex","follow":"follow","max-snippet":"max-snippet:-1","max-image-preview":"max-image-preview:large","max-video-preview":"max-video-preview:-1"},"og_locale":"fr_FR","og_type":"article","og_title":"Avis du Conseil sur le projet de loi n\u00b059.21 relatif \u00e0 l\u2019enseignement scolaire - Conseil sup\u00e9rieur de l\u2019\u00e9ducation, de la formation et de la recherche scientifique","og_description":"Le projet de loi relatif \u00e0 l&rsquo;enseignement scolaire, mentionn\u00e9, avec d\u2019autres textes l\u00e9gislatifs et r\u00e9glementaires, dans la loi-cadre n\u00b0 51.17, est l&rsquo;un des piliers de l&rsquo;\u00e9dification de \u00ab l\u2019\u00e9cole nouvelle\u00bb. Il figure \u00e9galement parmi les textes l\u00e9gislatifs les plus importants visant \u00e0 pr\u00e9ciser l&rsquo;organisation de l&rsquo;enseignement scolaire et \u00e0 am\u00e9liorer sa gouvernance et son rendement.&hellip;","og_url":"https:\/\/csefrs.lifemoz.com\/fr\/publications\/avis-du-conseil-sur-le-projet-de-loi-n59-21-relatif-a-lenseignement-scolaire\/","og_site_name":"Conseil sup\u00e9rieur de l\u2019\u00e9ducation, de la formation et de la recherche scientifique","article_modified_time":"2026-02-08T13:08:24+00:00","og_image":[{"width":724,"height":1024,"url":"https:\/\/csefrs.lifemoz.com\/wp-content\/uploads\/2025\/12\/avis-enseignement-scolaire-scaled-1.jpg","type":"image\/jpeg"}],"twitter_card":"summary_large_image","twitter_misc":{"Dur\u00e9e de lecture estim\u00e9e":"1 minute"},"schema":{"@context":"https:\/\/schema.org","@graph":[{"@type":"WebPage","@id":"https:\/\/csefrs.lifemoz.com\/fr\/publications\/avis-du-conseil-sur-le-projet-de-loi-n59-21-relatif-a-lenseignement-scolaire\/","url":"https:\/\/csefrs.lifemoz.com\/fr\/publications\/avis-du-conseil-sur-le-projet-de-loi-n59-21-relatif-a-lenseignement-scolaire\/","name":"Avis du Conseil sur le projet de loi n\u00b059.21 relatif \u00e0 l\u2019enseignement scolaire - Conseil sup\u00e9rieur de l\u2019\u00e9ducation, de la formation et de la recherche scientifique","isPartOf":{"@id":"https:\/\/csefrs.lifemoz.com\/#website"},"primaryImageOfPage":{"@id":"https:\/\/csefrs.lifemoz.com\/fr\/publications\/avis-du-conseil-sur-le-projet-de-loi-n59-21-relatif-a-lenseignement-scolaire\/#primaryimage"},"image":{"@id":"https:\/\/csefrs.lifemoz.com\/fr\/publications\/avis-du-conseil-sur-le-projet-de-loi-n59-21-relatif-a-lenseignement-scolaire\/#primaryimage"},"thumbnailUrl":"https:\/\/csefrs.lifemoz.com\/wp-content\/uploads\/2025\/12\/avis-enseignement-scolaire-scaled-1.jpg","datePublished":"2023-07-03T23:00:00+00:00","dateModified":"2026-02-08T13:08:24+00:00","breadcrumb":{"@id":"https:\/\/csefrs.lifemoz.com\/fr\/publications\/avis-du-conseil-sur-le-projet-de-loi-n59-21-relatif-a-lenseignement-scolaire\/#breadcrumb"},"inLanguage":"fr-FR","potentialAction":[{"@type":"ReadAction","target":["https:\/\/csefrs.lifemoz.com\/fr\/publications\/avis-du-conseil-sur-le-projet-de-loi-n59-21-relatif-a-lenseignement-scolaire\/"]}]},{"@type":"ImageObject","inLanguage":"fr-FR","@id":"https:\/\/csefrs.lifemoz.com\/fr\/publications\/avis-du-conseil-sur-le-projet-de-loi-n59-21-relatif-a-lenseignement-scolaire\/#primaryimage","url":"https:\/\/csefrs.lifemoz.com\/wp-content\/uploads\/2025\/12\/avis-enseignement-scolaire-scaled-1.jpg","contentUrl":"https:\/\/csefrs.lifemoz.com\/wp-content\/uploads\/2025\/12\/avis-enseignement-scolaire-scaled-1.jpg","width":724,"height":1024},{"@type":"BreadcrumbList","@id":"https:\/\/csefrs.lifemoz.com\/fr\/publications\/avis-du-conseil-sur-le-projet-de-loi-n59-21-relatif-a-lenseignement-scolaire\/#breadcrumb","itemListElement":[{"@type":"ListItem","position":1,"name":"Accueil","item":"https:\/\/csefrs.lifemoz.com\/fr\/"},{"@type":"ListItem","position":2,"name":"Publications","item":"https:\/\/csefrs.lifemoz.com\/\u0627\u0644\u0645\u0646\u0634\u0648\u0631\u0627\u062a\/"},{"@type":"ListItem","position":3,"name":"Avis du Conseil sur le projet de loi n\u00b059.21 relatif \u00e0 l\u2019enseignement scolaire"}]},{"@type":"WebSite","@id":"https:\/\/csefrs.lifemoz.com\/#website","url":"https:\/\/csefrs.lifemoz.com\/","name":"Conseil sup\u00e9rieur de l\u2019\u00e9ducation, de la formation et de la recherche scientifique","description":"","potentialAction":[{"@type":"SearchAction","target":{"@type":"EntryPoint","urlTemplate":"https:\/\/csefrs.lifemoz.com\/?s={search_term_string}"},"query-input":{"@type":"PropertyValueSpecification","valueRequired":true,"valueName":"search_term_string"}}],"inLanguage":"fr-FR"}]}},"_links":{"self":[{"href":"https:\/\/csefrs.lifemoz.com\/fr\/wp-json\/wp\/v2\/product\/37596","targetHints":{"allow":["GET"]}}],"collection":[{"href":"https:\/\/csefrs.lifemoz.com\/fr\/wp-json\/wp\/v2\/product"}],"about":[{"href":"https:\/\/csefrs.lifemoz.com\/fr\/wp-json\/wp\/v2\/types\/product"}],"wp:featuredmedia":[{"embeddable":true,"href":"https:\/\/csefrs.lifemoz.com\/fr\/wp-json\/wp\/v2\/media\/36480"}],"wp:attachment":[{"href":"https:\/\/csefrs.lifemoz.com\/fr\/wp-json\/wp\/v2\/media?parent=37596"}],"wp:term":[{"taxonomy":"product_brand","embeddable":true,"href":"https:\/\/csefrs.lifemoz.com\/fr\/wp-json\/wp\/v2\/product_brand?post=37596"},{"taxonomy":"product_cat","embeddable":true,"href":"https:\/\/csefrs.lifemoz.com\/fr\/wp-json\/wp\/v2\/product_cat?post=37596"},{"taxonomy":"product_tag","embeddable":true,"href":"https:\/\/csefrs.lifemoz.com\/fr\/wp-json\/wp\/v2\/product_tag?post=37596"}],"curies":[{"name":"wp","href":"https:\/\/api.w.org\/{rel}","templated":true}]}}