{"id":37594,"date":"2023-03-02T00:00:00","date_gmt":"2023-03-01T23:00:00","guid":{"rendered":"https:\/\/csefrs.lifemoz.com\/\u0627\u0644\u0645\u0646\u0634\u0648\u0631\u0627\u062a\/enquete-nationale-sur-les-etudiants-et-la-vie-universitaire\/"},"modified":"2026-02-08T14:08:25","modified_gmt":"2026-02-08T13:08:25","slug":"enquete-nationale-sur-les-etudiants-et-la-vie-universitaire","status":"publish","type":"product","link":"https:\/\/csefrs.lifemoz.com\/fr\/publications\/enquete-nationale-sur-les-etudiants-et-la-vie-universitaire\/","title":{"rendered":"Enqu\u00eate nationale sur les \u00e9tudiants et la vie universitaire"},"content":{"rendered":"<p style=\"text-align: justify;\">Dans plusieurs pays, les \u00e9tudiants font l\u2019objet de plusieurs \u00e9tudes r\u00e9guli\u00e8res, aux niveaux national et r\u00e9gional, dans le but d\u2019obtenir des informations sur leur v\u00e9cu \u00e0 l\u2019universit\u00e9 et orienter les actions \u00e0 adopter pour am\u00e9liorer les enseignements et les conditions de la vie estudiantine. Les enqu\u00eates aupr\u00e8s des \u00e9tudiants constituent l\u2019une des sources de donn\u00e9es les plus importantes et les plus fr\u00e9quemment utilis\u00e9es pour \u00e9valuer la qualit\u00e9 de l\u2019enseignement sup\u00e9rieur. Cependant, il est \u00e0 noter que les donn\u00e9es sur les \u00e9tudiants sont presque inexistantes, si on exclut quelques \u00e9tudes men\u00e9es \u00e0 des fins acad\u00e9miques sur la jeunesse estudiantine marocaine. En effet, en dehors des donn\u00e9es officielles sur l\u2019enseignement \u00e0 l\u2019universit\u00e9, tr\u00e8s peu d\u2019informations sont disponibles sur les \u00e9tudiants et la vie universitaire. L\u2019enqu\u00eate sur les \u00e9tudiants et la vie universitaire est r\u00e9alis\u00e9e pour parer \u00e0 ces d\u00e9ficits de donn\u00e9es afin d\u2019illustrer les diff\u00e9rents aspects du v\u00e9cu des \u00e9tudiants \u00e0 l\u2019universit\u00e9 et fournir \u00e0 l\u2019INE une appr\u00e9ciation r\u00e9elle sur leurs profils ainsi que leurs points de vue sur la vie universitaire..<\/p>\n<p style=\"text-align: justify;\"><a class=\"download-button-intern-fr\" href=\"https:\/\/csefrs.lifemoz.com\/wp-content\/uploads\/2023\/07\/Les-etudiants-et-la-vie-universitaire-FR.pdf\" target=\"_blank\" rel=\"noopener\">T\u00e9l\u00e9charger le rapport<\/a><\/p>\n","protected":false},"excerpt":{"rendered":"<p>Dans plusieurs pays, les \u00e9tudiants font l\u2019objet de plusieurs \u00e9tudes r\u00e9guli\u00e8res, aux niveaux national et r\u00e9gional, dans le but d\u2019obtenir des informations sur leur v\u00e9cu \u00e0 l\u2019universit\u00e9 et orienter les actions \u00e0 adopter pour am\u00e9liorer les enseignements et les conditions de la vie estudiantine. Les enqu\u00eates aupr\u00e8s des \u00e9tudiants constituent l\u2019une des sources de donn\u00e9es&hellip;<\/p>\n","protected":false},"featured_media":37143,"template":"","meta":[],"product_brand":[],"product_cat":[505,506],"product_tag":[],"class_list":{"0":"post-37594","1":"product","2":"type-product","3":"status-publish","4":"has-post-thumbnail","6":"product_cat-rapports","7":"product_cat-rapports-devaluation-etudes","8":"description-off","10":"first","11":"instock","12":"downloadable","13":"virtual","14":"sold-individually","15":"purchasable","16":"product-type-simple"},"yoast_head":"<!-- This site is optimized with the Yoast SEO plugin v27.5 - https:\/\/yoast.com\/product\/yoast-seo-wordpress\/ -->\n<title>Enqu\u00eate nationale sur les \u00e9tudiants et la vie universitaire - Conseil sup\u00e9rieur de l\u2019\u00e9ducation, de la formation et de la recherche scientifique<\/title>\n<meta name=\"robots\" content=\"noindex, follow, max-snippet:-1, max-image-preview:large, max-video-preview:-1\" \/>\n<meta property=\"og:locale\" content=\"fr_FR\" \/>\n<meta property=\"og:type\" content=\"article\" \/>\n<meta property=\"og:title\" content=\"Enqu\u00eate nationale sur les \u00e9tudiants et la vie universitaire - Conseil sup\u00e9rieur de l\u2019\u00e9ducation, de la formation et de la recherche scientifique\" \/>\n<meta property=\"og:description\" content=\"Dans plusieurs pays, les \u00e9tudiants font l\u2019objet de plusieurs \u00e9tudes r\u00e9guli\u00e8res, aux niveaux national et r\u00e9gional, dans le but d\u2019obtenir des informations sur leur v\u00e9cu \u00e0 l\u2019universit\u00e9 et orienter les actions \u00e0 adopter pour am\u00e9liorer les enseignements et les conditions de la vie estudiantine. Les enqu\u00eates aupr\u00e8s des \u00e9tudiants constituent l\u2019une des sources de donn\u00e9es&hellip;\" \/>\n<meta property=\"og:url\" content=\"https:\/\/csefrs.lifemoz.com\/fr\/publications\/enquete-nationale-sur-les-etudiants-et-la-vie-universitaire\/\" \/>\n<meta property=\"og:site_name\" content=\"Conseil sup\u00e9rieur de l\u2019\u00e9ducation, de la formation et de la recherche scientifique\" \/>\n<meta property=\"article:modified_time\" content=\"2026-02-08T13:08:25+00:00\" \/>\n<meta property=\"og:image\" content=\"https:\/\/csefrs.lifemoz.com\/wp-content\/uploads\/2025\/12\/Les-etudiants-et-la-vie-universitaire-FR-1-scaled-1.jpg\" \/>\n\t<meta property=\"og:image:width\" content=\"725\" \/>\n\t<meta property=\"og:image:height\" content=\"1024\" \/>\n\t<meta property=\"og:image:type\" content=\"image\/jpeg\" \/>\n<meta name=\"twitter:card\" content=\"summary_large_image\" \/>\n<meta name=\"twitter:label1\" content=\"Dur\u00e9e de lecture estim\u00e9e\" \/>\n\t<meta name=\"twitter:data1\" content=\"1 minute\" \/>\n<script type=\"application\/ld+json\" class=\"yoast-schema-graph\">{\"@context\":\"https:\\\/\\\/schema.org\",\"@graph\":[{\"@type\":\"WebPage\",\"@id\":\"https:\\\/\\\/csefrs.lifemoz.com\\\/fr\\\/publications\\\/enquete-nationale-sur-les-etudiants-et-la-vie-universitaire\\\/\",\"url\":\"https:\\\/\\\/csefrs.lifemoz.com\\\/fr\\\/publications\\\/enquete-nationale-sur-les-etudiants-et-la-vie-universitaire\\\/\",\"name\":\"Enqu\u00eate nationale sur les \u00e9tudiants et la vie universitaire - Conseil sup\u00e9rieur de l\u2019\u00e9ducation, de la formation et de la recherche scientifique\",\"isPartOf\":{\"@id\":\"https:\\\/\\\/csefrs.lifemoz.com\\\/#website\"},\"primaryImageOfPage\":{\"@id\":\"https:\\\/\\\/csefrs.lifemoz.com\\\/fr\\\/publications\\\/enquete-nationale-sur-les-etudiants-et-la-vie-universitaire\\\/#primaryimage\"},\"image\":{\"@id\":\"https:\\\/\\\/csefrs.lifemoz.com\\\/fr\\\/publications\\\/enquete-nationale-sur-les-etudiants-et-la-vie-universitaire\\\/#primaryimage\"},\"thumbnailUrl\":\"https:\\\/\\\/csefrs.lifemoz.com\\\/wp-content\\\/uploads\\\/2025\\\/12\\\/Les-etudiants-et-la-vie-universitaire-FR-1-scaled-1.jpg\",\"datePublished\":\"2023-03-01T23:00:00+00:00\",\"dateModified\":\"2026-02-08T13:08:25+00:00\",\"breadcrumb\":{\"@id\":\"https:\\\/\\\/csefrs.lifemoz.com\\\/fr\\\/publications\\\/enquete-nationale-sur-les-etudiants-et-la-vie-universitaire\\\/#breadcrumb\"},\"inLanguage\":\"fr-FR\",\"potentialAction\":[{\"@type\":\"ReadAction\",\"target\":[\"https:\\\/\\\/csefrs.lifemoz.com\\\/fr\\\/publications\\\/enquete-nationale-sur-les-etudiants-et-la-vie-universitaire\\\/\"]}]},{\"@type\":\"ImageObject\",\"inLanguage\":\"fr-FR\",\"@id\":\"https:\\\/\\\/csefrs.lifemoz.com\\\/fr\\\/publications\\\/enquete-nationale-sur-les-etudiants-et-la-vie-universitaire\\\/#primaryimage\",\"url\":\"https:\\\/\\\/csefrs.lifemoz.com\\\/wp-content\\\/uploads\\\/2025\\\/12\\\/Les-etudiants-et-la-vie-universitaire-FR-1-scaled-1.jpg\",\"contentUrl\":\"https:\\\/\\\/csefrs.lifemoz.com\\\/wp-content\\\/uploads\\\/2025\\\/12\\\/Les-etudiants-et-la-vie-universitaire-FR-1-scaled-1.jpg\",\"width\":725,\"height\":1024},{\"@type\":\"BreadcrumbList\",\"@id\":\"https:\\\/\\\/csefrs.lifemoz.com\\\/fr\\\/publications\\\/enquete-nationale-sur-les-etudiants-et-la-vie-universitaire\\\/#breadcrumb\",\"itemListElement\":[{\"@type\":\"ListItem\",\"position\":1,\"name\":\"Accueil\",\"item\":\"https:\\\/\\\/csefrs.lifemoz.com\\\/fr\\\/\"},{\"@type\":\"ListItem\",\"position\":2,\"name\":\"Publications\",\"item\":\"https:\\\/\\\/csefrs.lifemoz.com\\\/\u0627\u0644\u0645\u0646\u0634\u0648\u0631\u0627\u062a\\\/\"},{\"@type\":\"ListItem\",\"position\":3,\"name\":\"Enqu\u00eate nationale sur les \u00e9tudiants et la vie universitaire\"}]},{\"@type\":\"WebSite\",\"@id\":\"https:\\\/\\\/csefrs.lifemoz.com\\\/#website\",\"url\":\"https:\\\/\\\/csefrs.lifemoz.com\\\/\",\"name\":\"Conseil sup\u00e9rieur de l\u2019\u00e9ducation, de la formation et de la recherche scientifique\",\"description\":\"\",\"potentialAction\":[{\"@type\":\"SearchAction\",\"target\":{\"@type\":\"EntryPoint\",\"urlTemplate\":\"https:\\\/\\\/csefrs.lifemoz.com\\\/?s={search_term_string}\"},\"query-input\":{\"@type\":\"PropertyValueSpecification\",\"valueRequired\":true,\"valueName\":\"search_term_string\"}}],\"inLanguage\":\"fr-FR\"}]}<\/script>\n<!-- \/ Yoast SEO plugin. -->","yoast_head_json":{"title":"Enqu\u00eate nationale sur les \u00e9tudiants et la vie universitaire - Conseil sup\u00e9rieur de l\u2019\u00e9ducation, de la formation et de la recherche scientifique","robots":{"index":"noindex","follow":"follow","max-snippet":"max-snippet:-1","max-image-preview":"max-image-preview:large","max-video-preview":"max-video-preview:-1"},"og_locale":"fr_FR","og_type":"article","og_title":"Enqu\u00eate nationale sur les \u00e9tudiants et la vie universitaire - Conseil sup\u00e9rieur de l\u2019\u00e9ducation, de la formation et de la recherche scientifique","og_description":"Dans plusieurs pays, les \u00e9tudiants font l\u2019objet de plusieurs \u00e9tudes r\u00e9guli\u00e8res, aux niveaux national et r\u00e9gional, dans le but d\u2019obtenir des informations sur leur v\u00e9cu \u00e0 l\u2019universit\u00e9 et orienter les actions \u00e0 adopter pour am\u00e9liorer les enseignements et les conditions de la vie estudiantine. Les enqu\u00eates aupr\u00e8s des \u00e9tudiants constituent l\u2019une des sources de donn\u00e9es&hellip;","og_url":"https:\/\/csefrs.lifemoz.com\/fr\/publications\/enquete-nationale-sur-les-etudiants-et-la-vie-universitaire\/","og_site_name":"Conseil sup\u00e9rieur de l\u2019\u00e9ducation, de la formation et de la recherche scientifique","article_modified_time":"2026-02-08T13:08:25+00:00","og_image":[{"width":725,"height":1024,"url":"https:\/\/csefrs.lifemoz.com\/wp-content\/uploads\/2025\/12\/Les-etudiants-et-la-vie-universitaire-FR-1-scaled-1.jpg","type":"image\/jpeg"}],"twitter_card":"summary_large_image","twitter_misc":{"Dur\u00e9e de lecture estim\u00e9e":"1 minute"},"schema":{"@context":"https:\/\/schema.org","@graph":[{"@type":"WebPage","@id":"https:\/\/csefrs.lifemoz.com\/fr\/publications\/enquete-nationale-sur-les-etudiants-et-la-vie-universitaire\/","url":"https:\/\/csefrs.lifemoz.com\/fr\/publications\/enquete-nationale-sur-les-etudiants-et-la-vie-universitaire\/","name":"Enqu\u00eate nationale sur les \u00e9tudiants et la vie universitaire - Conseil sup\u00e9rieur de l\u2019\u00e9ducation, de la formation et de la recherche scientifique","isPartOf":{"@id":"https:\/\/csefrs.lifemoz.com\/#website"},"primaryImageOfPage":{"@id":"https:\/\/csefrs.lifemoz.com\/fr\/publications\/enquete-nationale-sur-les-etudiants-et-la-vie-universitaire\/#primaryimage"},"image":{"@id":"https:\/\/csefrs.lifemoz.com\/fr\/publications\/enquete-nationale-sur-les-etudiants-et-la-vie-universitaire\/#primaryimage"},"thumbnailUrl":"https:\/\/csefrs.lifemoz.com\/wp-content\/uploads\/2025\/12\/Les-etudiants-et-la-vie-universitaire-FR-1-scaled-1.jpg","datePublished":"2023-03-01T23:00:00+00:00","dateModified":"2026-02-08T13:08:25+00:00","breadcrumb":{"@id":"https:\/\/csefrs.lifemoz.com\/fr\/publications\/enquete-nationale-sur-les-etudiants-et-la-vie-universitaire\/#breadcrumb"},"inLanguage":"fr-FR","potentialAction":[{"@type":"ReadAction","target":["https:\/\/csefrs.lifemoz.com\/fr\/publications\/enquete-nationale-sur-les-etudiants-et-la-vie-universitaire\/"]}]},{"@type":"ImageObject","inLanguage":"fr-FR","@id":"https:\/\/csefrs.lifemoz.com\/fr\/publications\/enquete-nationale-sur-les-etudiants-et-la-vie-universitaire\/#primaryimage","url":"https:\/\/csefrs.lifemoz.com\/wp-content\/uploads\/2025\/12\/Les-etudiants-et-la-vie-universitaire-FR-1-scaled-1.jpg","contentUrl":"https:\/\/csefrs.lifemoz.com\/wp-content\/uploads\/2025\/12\/Les-etudiants-et-la-vie-universitaire-FR-1-scaled-1.jpg","width":725,"height":1024},{"@type":"BreadcrumbList","@id":"https:\/\/csefrs.lifemoz.com\/fr\/publications\/enquete-nationale-sur-les-etudiants-et-la-vie-universitaire\/#breadcrumb","itemListElement":[{"@type":"ListItem","position":1,"name":"Accueil","item":"https:\/\/csefrs.lifemoz.com\/fr\/"},{"@type":"ListItem","position":2,"name":"Publications","item":"https:\/\/csefrs.lifemoz.com\/\u0627\u0644\u0645\u0646\u0634\u0648\u0631\u0627\u062a\/"},{"@type":"ListItem","position":3,"name":"Enqu\u00eate nationale sur les \u00e9tudiants et la vie universitaire"}]},{"@type":"WebSite","@id":"https:\/\/csefrs.lifemoz.com\/#website","url":"https:\/\/csefrs.lifemoz.com\/","name":"Conseil sup\u00e9rieur de l\u2019\u00e9ducation, de la formation et de la recherche scientifique","description":"","potentialAction":[{"@type":"SearchAction","target":{"@type":"EntryPoint","urlTemplate":"https:\/\/csefrs.lifemoz.com\/?s={search_term_string}"},"query-input":{"@type":"PropertyValueSpecification","valueRequired":true,"valueName":"search_term_string"}}],"inLanguage":"fr-FR"}]}},"_links":{"self":[{"href":"https:\/\/csefrs.lifemoz.com\/fr\/wp-json\/wp\/v2\/product\/37594","targetHints":{"allow":["GET"]}}],"collection":[{"href":"https:\/\/csefrs.lifemoz.com\/fr\/wp-json\/wp\/v2\/product"}],"about":[{"href":"https:\/\/csefrs.lifemoz.com\/fr\/wp-json\/wp\/v2\/types\/product"}],"wp:featuredmedia":[{"embeddable":true,"href":"https:\/\/csefrs.lifemoz.com\/fr\/wp-json\/wp\/v2\/media\/37143"}],"wp:attachment":[{"href":"https:\/\/csefrs.lifemoz.com\/fr\/wp-json\/wp\/v2\/media?parent=37594"}],"wp:term":[{"taxonomy":"product_brand","embeddable":true,"href":"https:\/\/csefrs.lifemoz.com\/fr\/wp-json\/wp\/v2\/product_brand?post=37594"},{"taxonomy":"product_cat","embeddable":true,"href":"https:\/\/csefrs.lifemoz.com\/fr\/wp-json\/wp\/v2\/product_cat?post=37594"},{"taxonomy":"product_tag","embeddable":true,"href":"https:\/\/csefrs.lifemoz.com\/fr\/wp-json\/wp\/v2\/product_tag?post=37594"}],"curies":[{"name":"wp","href":"https:\/\/api.w.org\/{rel}","templated":true}]}}