{"id":37590,"date":"2022-04-15T00:00:00","date_gmt":"2022-04-15T00:00:00","guid":{"rendered":"https:\/\/csefrs.lifemoz.com\/\u0627\u0644\u0645\u0646\u0634\u0648\u0631\u0627\u062a\/la-recherche-scientifique-au-maroc-etude-evaluative\/"},"modified":"2026-02-08T14:08:25","modified_gmt":"2026-02-08T13:08:25","slug":"la-recherche-scientifique-au-maroc-etude-evaluative","status":"publish","type":"product","link":"https:\/\/csefrs.lifemoz.com\/fr\/publications\/la-recherche-scientifique-au-maroc-etude-evaluative\/","title":{"rendered":"La recherche scientifique au Maroc: \u00e9tude \u00e9valuative"},"content":{"rendered":"<p style=\"text-align: justify;\">L\u2019ambition du Maroc de rejoindre le concert des pays \u00e9mergents et de construire une \u00e9conomie du savoir passe in\u00e9vitablement par la promotion de la recherche scientifique et technologique. Cette derni\u00e8re constitue \u00e9galement la cl\u00e9 d\u2019une soci\u00e9t\u00e9 \u00e9panouie garantissant le bien-\u00eatre de tous les marocains. En 2020, la pand\u00e9mie du Covid-19 n\u2019a fait que cristalliser ce choix vital de promouvoir les activit\u00e9s de recherche \u00e0 m\u00eame d\u2019innover, en mati\u00e8re de solutions \u00e0 la fois m\u00e9dicales, sanitaires, \u00e9conomiques et sociales. De plus, cette \u00e9valuation, par rapport aux seules \u00e9valuations r\u00e9alis\u00e9es en 2003 portant sur les sciences dures, et de 2009, portant sur les sciences humaines et sociales, donne corps au principe de redevabilit\u00e9 consacr\u00e9e par la Constitution. L\u2019\u00e9valuation du syst\u00e8me de la recherche scientifique et technologique au Maroc s\u2019est fix\u00e9 trois objectifs majeurs. Le premier r\u00e9side dans le fait que cette \u00e9valuation fournit un panorama du syst\u00e8me de recherche scientifique et technologique au Maroc et son potentiel. Le deuxi\u00e8me \u00e0 donner davantage de place \u00e0 la recherche scientifique. Enfin, le troisi\u00e8me objectif consiste \u00e0 mieux \u00e9clairer la mise en \u0153uvre de la loi-cadre n\u00b051-17, promulgu\u00e9e en ao\u00fbt 2019, concernant le syst\u00e8me d\u2019\u00e9ducation, de formation et de recherche scientifique.<\/p>\n<p style=\"text-align: justify;\"><a class=\"download-button-intern\" href=\"https:\/\/csefrs.lifemoz.com\/wp-content\/uploads\/2023\/07\/Rapport-Recherche-S-au-Maroc-FR.pdf\" target=\"_blank\" rel=\"noopener\">T\u00e9l\u00e9charger le rapport<\/a><\/p>\n","protected":false},"excerpt":{"rendered":"<p>L\u2019ambition du Maroc de rejoindre le concert des pays \u00e9mergents et de construire une \u00e9conomie du savoir passe in\u00e9vitablement par la promotion de la recherche scientifique et technologique. Cette derni\u00e8re constitue \u00e9galement la cl\u00e9 d\u2019une soci\u00e9t\u00e9 \u00e9panouie garantissant le bien-\u00eatre de tous les marocains. En 2020, la pand\u00e9mie du Covid-19 n\u2019a fait que cristalliser ce&hellip;<\/p>\n","protected":false},"featured_media":36472,"template":"","meta":[],"product_brand":[],"product_cat":[505,506],"product_tag":[],"class_list":{"0":"post-37590","1":"product","2":"type-product","3":"status-publish","4":"has-post-thumbnail","6":"product_cat-rapports","7":"product_cat-rapports-devaluation-etudes","8":"description-off","10":"first","11":"instock","12":"downloadable","13":"virtual","14":"sold-individually","15":"purchasable","16":"product-type-simple"},"yoast_head":"<!-- This site is optimized with the Yoast SEO plugin v27.5 - https:\/\/yoast.com\/product\/yoast-seo-wordpress\/ -->\n<title>La recherche scientifique au Maroc: \u00e9tude \u00e9valuative - Conseil sup\u00e9rieur de l\u2019\u00e9ducation, de la formation et de la recherche scientifique<\/title>\n<meta name=\"robots\" content=\"noindex, follow, max-snippet:-1, max-image-preview:large, max-video-preview:-1\" \/>\n<meta property=\"og:locale\" content=\"fr_FR\" \/>\n<meta property=\"og:type\" content=\"article\" \/>\n<meta property=\"og:title\" content=\"La recherche scientifique au Maroc: \u00e9tude \u00e9valuative - Conseil sup\u00e9rieur de l\u2019\u00e9ducation, de la formation et de la recherche scientifique\" \/>\n<meta property=\"og:description\" content=\"L\u2019ambition du Maroc de rejoindre le concert des pays \u00e9mergents et de construire une \u00e9conomie du savoir passe in\u00e9vitablement par la promotion de la recherche scientifique et technologique. Cette derni\u00e8re constitue \u00e9galement la cl\u00e9 d\u2019une soci\u00e9t\u00e9 \u00e9panouie garantissant le bien-\u00eatre de tous les marocains. En 2020, la pand\u00e9mie du Covid-19 n\u2019a fait que cristalliser ce&hellip;\" \/>\n<meta property=\"og:url\" content=\"https:\/\/csefrs.lifemoz.com\/fr\/publications\/la-recherche-scientifique-au-maroc-etude-evaluative\/\" \/>\n<meta property=\"og:site_name\" content=\"Conseil sup\u00e9rieur de l\u2019\u00e9ducation, de la formation et de la recherche scientifique\" \/>\n<meta property=\"article:modified_time\" content=\"2026-02-08T13:08:25+00:00\" \/>\n<meta property=\"og:image\" content=\"https:\/\/csefrs.lifemoz.com\/wp-content\/uploads\/2025\/12\/VF-Rapport-Recherche-S-au-Maroc-FR-1.jpg\" \/>\n\t<meta property=\"og:image:width\" content=\"724\" \/>\n\t<meta property=\"og:image:height\" content=\"1024\" \/>\n\t<meta property=\"og:image:type\" content=\"image\/jpeg\" \/>\n<meta name=\"twitter:card\" content=\"summary_large_image\" \/>\n<meta name=\"twitter:label1\" content=\"Dur\u00e9e de lecture estim\u00e9e\" \/>\n\t<meta name=\"twitter:data1\" content=\"1 minute\" \/>\n<script type=\"application\/ld+json\" class=\"yoast-schema-graph\">{\"@context\":\"https:\\\/\\\/schema.org\",\"@graph\":[{\"@type\":\"WebPage\",\"@id\":\"https:\\\/\\\/csefrs.lifemoz.com\\\/fr\\\/publications\\\/la-recherche-scientifique-au-maroc-etude-evaluative\\\/\",\"url\":\"https:\\\/\\\/csefrs.lifemoz.com\\\/fr\\\/publications\\\/la-recherche-scientifique-au-maroc-etude-evaluative\\\/\",\"name\":\"La recherche scientifique au Maroc: \u00e9tude \u00e9valuative - Conseil sup\u00e9rieur de l\u2019\u00e9ducation, de la formation et de la recherche scientifique\",\"isPartOf\":{\"@id\":\"https:\\\/\\\/csefrs.lifemoz.com\\\/#website\"},\"primaryImageOfPage\":{\"@id\":\"https:\\\/\\\/csefrs.lifemoz.com\\\/fr\\\/publications\\\/la-recherche-scientifique-au-maroc-etude-evaluative\\\/#primaryimage\"},\"image\":{\"@id\":\"https:\\\/\\\/csefrs.lifemoz.com\\\/fr\\\/publications\\\/la-recherche-scientifique-au-maroc-etude-evaluative\\\/#primaryimage\"},\"thumbnailUrl\":\"https:\\\/\\\/csefrs.lifemoz.com\\\/wp-content\\\/uploads\\\/2025\\\/12\\\/VF-Rapport-Recherche-S-au-Maroc-FR-1.jpg\",\"datePublished\":\"2022-04-15T00:00:00+00:00\",\"dateModified\":\"2026-02-08T13:08:25+00:00\",\"breadcrumb\":{\"@id\":\"https:\\\/\\\/csefrs.lifemoz.com\\\/fr\\\/publications\\\/la-recherche-scientifique-au-maroc-etude-evaluative\\\/#breadcrumb\"},\"inLanguage\":\"fr-FR\",\"potentialAction\":[{\"@type\":\"ReadAction\",\"target\":[\"https:\\\/\\\/csefrs.lifemoz.com\\\/fr\\\/publications\\\/la-recherche-scientifique-au-maroc-etude-evaluative\\\/\"]}]},{\"@type\":\"ImageObject\",\"inLanguage\":\"fr-FR\",\"@id\":\"https:\\\/\\\/csefrs.lifemoz.com\\\/fr\\\/publications\\\/la-recherche-scientifique-au-maroc-etude-evaluative\\\/#primaryimage\",\"url\":\"https:\\\/\\\/csefrs.lifemoz.com\\\/wp-content\\\/uploads\\\/2025\\\/12\\\/VF-Rapport-Recherche-S-au-Maroc-FR-1.jpg\",\"contentUrl\":\"https:\\\/\\\/csefrs.lifemoz.com\\\/wp-content\\\/uploads\\\/2025\\\/12\\\/VF-Rapport-Recherche-S-au-Maroc-FR-1.jpg\",\"width\":724,\"height\":1024},{\"@type\":\"BreadcrumbList\",\"@id\":\"https:\\\/\\\/csefrs.lifemoz.com\\\/fr\\\/publications\\\/la-recherche-scientifique-au-maroc-etude-evaluative\\\/#breadcrumb\",\"itemListElement\":[{\"@type\":\"ListItem\",\"position\":1,\"name\":\"Accueil\",\"item\":\"https:\\\/\\\/csefrs.lifemoz.com\\\/fr\\\/\"},{\"@type\":\"ListItem\",\"position\":2,\"name\":\"Publications\",\"item\":\"https:\\\/\\\/csefrs.lifemoz.com\\\/\u0627\u0644\u0645\u0646\u0634\u0648\u0631\u0627\u062a\\\/\"},{\"@type\":\"ListItem\",\"position\":3,\"name\":\"La recherche scientifique au Maroc: \u00e9tude \u00e9valuative\"}]},{\"@type\":\"WebSite\",\"@id\":\"https:\\\/\\\/csefrs.lifemoz.com\\\/#website\",\"url\":\"https:\\\/\\\/csefrs.lifemoz.com\\\/\",\"name\":\"Conseil sup\u00e9rieur de l\u2019\u00e9ducation, de la formation et de la recherche scientifique\",\"description\":\"\",\"potentialAction\":[{\"@type\":\"SearchAction\",\"target\":{\"@type\":\"EntryPoint\",\"urlTemplate\":\"https:\\\/\\\/csefrs.lifemoz.com\\\/?s={search_term_string}\"},\"query-input\":{\"@type\":\"PropertyValueSpecification\",\"valueRequired\":true,\"valueName\":\"search_term_string\"}}],\"inLanguage\":\"fr-FR\"}]}<\/script>\n<!-- \/ Yoast SEO plugin. -->","yoast_head_json":{"title":"La recherche scientifique au Maroc: \u00e9tude \u00e9valuative - Conseil sup\u00e9rieur de l\u2019\u00e9ducation, de la formation et de la recherche scientifique","robots":{"index":"noindex","follow":"follow","max-snippet":"max-snippet:-1","max-image-preview":"max-image-preview:large","max-video-preview":"max-video-preview:-1"},"og_locale":"fr_FR","og_type":"article","og_title":"La recherche scientifique au Maroc: \u00e9tude \u00e9valuative - Conseil sup\u00e9rieur de l\u2019\u00e9ducation, de la formation et de la recherche scientifique","og_description":"L\u2019ambition du Maroc de rejoindre le concert des pays \u00e9mergents et de construire une \u00e9conomie du savoir passe in\u00e9vitablement par la promotion de la recherche scientifique et technologique. Cette derni\u00e8re constitue \u00e9galement la cl\u00e9 d\u2019une soci\u00e9t\u00e9 \u00e9panouie garantissant le bien-\u00eatre de tous les marocains. En 2020, la pand\u00e9mie du Covid-19 n\u2019a fait que cristalliser ce&hellip;","og_url":"https:\/\/csefrs.lifemoz.com\/fr\/publications\/la-recherche-scientifique-au-maroc-etude-evaluative\/","og_site_name":"Conseil sup\u00e9rieur de l\u2019\u00e9ducation, de la formation et de la recherche scientifique","article_modified_time":"2026-02-08T13:08:25+00:00","og_image":[{"width":724,"height":1024,"url":"https:\/\/csefrs.lifemoz.com\/wp-content\/uploads\/2025\/12\/VF-Rapport-Recherche-S-au-Maroc-FR-1.jpg","type":"image\/jpeg"}],"twitter_card":"summary_large_image","twitter_misc":{"Dur\u00e9e de lecture estim\u00e9e":"1 minute"},"schema":{"@context":"https:\/\/schema.org","@graph":[{"@type":"WebPage","@id":"https:\/\/csefrs.lifemoz.com\/fr\/publications\/la-recherche-scientifique-au-maroc-etude-evaluative\/","url":"https:\/\/csefrs.lifemoz.com\/fr\/publications\/la-recherche-scientifique-au-maroc-etude-evaluative\/","name":"La recherche scientifique au Maroc: \u00e9tude \u00e9valuative - Conseil sup\u00e9rieur de l\u2019\u00e9ducation, de la formation et de la recherche scientifique","isPartOf":{"@id":"https:\/\/csefrs.lifemoz.com\/#website"},"primaryImageOfPage":{"@id":"https:\/\/csefrs.lifemoz.com\/fr\/publications\/la-recherche-scientifique-au-maroc-etude-evaluative\/#primaryimage"},"image":{"@id":"https:\/\/csefrs.lifemoz.com\/fr\/publications\/la-recherche-scientifique-au-maroc-etude-evaluative\/#primaryimage"},"thumbnailUrl":"https:\/\/csefrs.lifemoz.com\/wp-content\/uploads\/2025\/12\/VF-Rapport-Recherche-S-au-Maroc-FR-1.jpg","datePublished":"2022-04-15T00:00:00+00:00","dateModified":"2026-02-08T13:08:25+00:00","breadcrumb":{"@id":"https:\/\/csefrs.lifemoz.com\/fr\/publications\/la-recherche-scientifique-au-maroc-etude-evaluative\/#breadcrumb"},"inLanguage":"fr-FR","potentialAction":[{"@type":"ReadAction","target":["https:\/\/csefrs.lifemoz.com\/fr\/publications\/la-recherche-scientifique-au-maroc-etude-evaluative\/"]}]},{"@type":"ImageObject","inLanguage":"fr-FR","@id":"https:\/\/csefrs.lifemoz.com\/fr\/publications\/la-recherche-scientifique-au-maroc-etude-evaluative\/#primaryimage","url":"https:\/\/csefrs.lifemoz.com\/wp-content\/uploads\/2025\/12\/VF-Rapport-Recherche-S-au-Maroc-FR-1.jpg","contentUrl":"https:\/\/csefrs.lifemoz.com\/wp-content\/uploads\/2025\/12\/VF-Rapport-Recherche-S-au-Maroc-FR-1.jpg","width":724,"height":1024},{"@type":"BreadcrumbList","@id":"https:\/\/csefrs.lifemoz.com\/fr\/publications\/la-recherche-scientifique-au-maroc-etude-evaluative\/#breadcrumb","itemListElement":[{"@type":"ListItem","position":1,"name":"Accueil","item":"https:\/\/csefrs.lifemoz.com\/fr\/"},{"@type":"ListItem","position":2,"name":"Publications","item":"https:\/\/csefrs.lifemoz.com\/\u0627\u0644\u0645\u0646\u0634\u0648\u0631\u0627\u062a\/"},{"@type":"ListItem","position":3,"name":"La recherche scientifique au Maroc: \u00e9tude \u00e9valuative"}]},{"@type":"WebSite","@id":"https:\/\/csefrs.lifemoz.com\/#website","url":"https:\/\/csefrs.lifemoz.com\/","name":"Conseil sup\u00e9rieur de l\u2019\u00e9ducation, de la formation et de la recherche scientifique","description":"","potentialAction":[{"@type":"SearchAction","target":{"@type":"EntryPoint","urlTemplate":"https:\/\/csefrs.lifemoz.com\/?s={search_term_string}"},"query-input":{"@type":"PropertyValueSpecification","valueRequired":true,"valueName":"search_term_string"}}],"inLanguage":"fr-FR"}]}},"_links":{"self":[{"href":"https:\/\/csefrs.lifemoz.com\/fr\/wp-json\/wp\/v2\/product\/37590","targetHints":{"allow":["GET"]}}],"collection":[{"href":"https:\/\/csefrs.lifemoz.com\/fr\/wp-json\/wp\/v2\/product"}],"about":[{"href":"https:\/\/csefrs.lifemoz.com\/fr\/wp-json\/wp\/v2\/types\/product"}],"wp:featuredmedia":[{"embeddable":true,"href":"https:\/\/csefrs.lifemoz.com\/fr\/wp-json\/wp\/v2\/media\/36472"}],"wp:attachment":[{"href":"https:\/\/csefrs.lifemoz.com\/fr\/wp-json\/wp\/v2\/media?parent=37590"}],"wp:term":[{"taxonomy":"product_brand","embeddable":true,"href":"https:\/\/csefrs.lifemoz.com\/fr\/wp-json\/wp\/v2\/product_brand?post=37590"},{"taxonomy":"product_cat","embeddable":true,"href":"https:\/\/csefrs.lifemoz.com\/fr\/wp-json\/wp\/v2\/product_cat?post=37590"},{"taxonomy":"product_tag","embeddable":true,"href":"https:\/\/csefrs.lifemoz.com\/fr\/wp-json\/wp\/v2\/product_tag?post=37590"}],"curies":[{"name":"wp","href":"https:\/\/api.w.org\/{rel}","templated":true}]}}