{"id":37588,"date":"2022-02-10T00:00:00","date_gmt":"2022-02-09T23:00:00","guid":{"rendered":"https:\/\/csefrs.lifemoz.com\/\u0627\u0644\u0645\u0646\u0634\u0648\u0631\u0627\u062a\/rapport-national-pisa-2018\/"},"modified":"2026-02-08T14:08:25","modified_gmt":"2026-02-08T13:08:25","slug":"rapport-national-pisa-2018","status":"publish","type":"product","link":"https:\/\/csefrs.lifemoz.com\/fr\/publications\/rapport-national-pisa-2018\/","title":{"rendered":"Rapport national PISA 2018"},"content":{"rendered":"<p style=\"text-align: justify;\">Ce rapport National analyse les performances des \u00e9l\u00e8ves marocains dans l\u2019enqu\u00eate PISA 2018. Men\u00e9e tous les trois ans par, et ce, depuis 2000, le Programme International pour le Suivi des Acquis des \u00e9l\u00e8ves (PISA) porte sur l\u2019\u00e9valuation des comp\u00e9tences des \u00e9l\u00e8ves de 15 ans en compr\u00e9hension de l\u2019\u00e9crit, en math\u00e9matiques et en sciences.<\/p>\n<p style=\"text-align: justify;\">Contrairement aux autres enqu\u00eates d\u2019\u00e9valuation des acquis des \u00e9l\u00e8ves, PISA a la sp\u00e9cificit\u00e9 d\u2019\u00e9valuer des comp\u00e9tences universelles dont auront besoin les jeunes de 15 ans pour r\u00e9ussir leur vie sur les plans professionnel, social et personnel. En cela, PISA n\u2019\u00e9value pas les connaissances acquises par les \u00e9l\u00e8ves, mais plut\u00f4t leur capacit\u00e9 \u00e0 mobiliser ces connaissances et \u00e0 les appliquer \u00e0 des situations de la vie r\u00e9elle. Elle cherche \u00e0 savoir dans quelle mesure ces jeunes, \u00e0 la veille de l\u2019\u00e2ge adulte, sont pr\u00e9par\u00e9s \u00e0 participer pleinement \u00e0 la vie de la soci\u00e9t\u00e9 et \u00e0 contribuer \u00e0 une \u00e9conomie, fond\u00e9e de plus en plus sur les savoirs et les technologies.<\/p>\n<p style=\"text-align: justify;\">Plusieurs pays et \u00e9conomies \u00e0 travers le monde adh\u00e8rent \u00e0 cette enqu\u00eate. Le Maroc, aux c\u00f4t\u00e9s de 78 autres pays et \u00e9conomies, y a pris part, pour la premi\u00e8re fois, avec la participation de 7218 \u00e9l\u00e8ves r\u00e9partis sur 180 \u00e9tablissements, dans toutes les r\u00e9gions du Royaume.<\/p>\n<p style=\"text-align: justify;\">En exploitant les questionnaires contextuels, ce rapport analyse le niveau de comp\u00e9tence des \u00e9l\u00e8ves en relation avec des indicateurs d\u2019\u00e9galit\u00e9, de bien-\u00eatre, ainsi que ceux en relation avec les fondements de la r\u00e9ussite scolaire, notamment les ressources investies dans l\u2019\u00e9ducation et l\u2019environnement scolaire et communautaire.<\/p>\n<p style=\"text-align: justify;\">Pour r\u00e9aliser ce rapport, l\u2019Instance Nationale d\u2019\u00c9valuation aupr\u00e8s du Conseil Sup\u00e9rieur de l\u2019\u00c9ducation, de la Formation et de la Recherche Scientifique a b\u00e9n\u00e9fici\u00e9 du soutien de l\u2019AgenceMillenium Challenge Account Morocco et de l\u2019appui des experts de l\u2019OCDE.<\/p>\n<p><a class=\"download-button-intern-fr\" href=\"https:\/\/csefrs.lifemoz.com\/wp-content\/uploads\/2023\/07\/Rapport-PISA-V-Fr.pdf\" target=\"_blank\" rel=\"noopener\">T\u00e9l\u00e9charger le rapport<\/a><\/p>\n<p><a class=\"download-button-intern-fr\" href=\"https:\/\/csefrs.lifemoz.com\/wp-content\/uploads\/2022\/02\/Re\u0301sume\u0301-Rapport-National-PISA-2018-FR.pdf\" target=\"_blank\" rel=\"noopener\">T\u00e9l\u00e9charger le r\u00e9sum\u00e9 du rapport<\/a><\/p>\n<p><iframe loading=\"lazy\" title=\"\u0623\u0647\u0645 \u0627\u0644\u0646\u062a\u0627\u0626\u062c - PISA 2018 \u0627\u0644\u062a\u0642\u0631\u064a\u0631 \u0627\u0644\u0648\u0637\u0646\u064a \u0644\u0644\u0628\u0631\u0646\u0627\u0645\u062c \u0627\u0644\u062f\u0648\u0644\u064a\" width=\"1200\" height=\"675\" src=\"https:\/\/www.youtube.com\/embed\/goV5MaAiij8?feature=oembed\" frameborder=\"0\" allow=\"accelerometer; autoplay; clipboard-write; encrypted-media; gyroscope; picture-in-picture; web-share\" referrerpolicy=\"strict-origin-when-cross-origin\" allowfullscreen><\/iframe><\/p>\n","protected":false},"excerpt":{"rendered":"<p>Ce rapport National analyse les performances des \u00e9l\u00e8ves marocains dans l\u2019enqu\u00eate PISA 2018. Men\u00e9e tous les trois ans par, et ce, depuis 2000, le Programme International pour le Suivi des Acquis des \u00e9l\u00e8ves (PISA) porte sur l\u2019\u00e9valuation des comp\u00e9tences des \u00e9l\u00e8ves de 15 ans en compr\u00e9hension de l\u2019\u00e9crit, en math\u00e9matiques et en sciences. Contrairement aux&hellip;<\/p>\n","protected":false},"featured_media":36470,"template":"","meta":[],"product_brand":[],"product_cat":[505,506],"product_tag":[],"class_list":{"0":"post-37588","1":"product","2":"type-product","3":"status-publish","4":"has-post-thumbnail","6":"product_cat-rapports","7":"product_cat-rapports-devaluation-etudes","8":"description-off","10":"first","11":"instock","12":"downloadable","13":"virtual","14":"sold-individually","15":"purchasable","16":"product-type-simple"},"yoast_head":"<!-- This site is optimized with the Yoast SEO plugin v27.5 - https:\/\/yoast.com\/product\/yoast-seo-wordpress\/ -->\n<title>Rapport national PISA 2018 - Conseil sup\u00e9rieur de l\u2019\u00e9ducation, de la formation et de la recherche scientifique<\/title>\n<meta name=\"robots\" content=\"noindex, follow, max-snippet:-1, max-image-preview:large, max-video-preview:-1\" \/>\n<meta property=\"og:locale\" content=\"fr_FR\" \/>\n<meta property=\"og:type\" content=\"article\" \/>\n<meta property=\"og:title\" content=\"Rapport national PISA 2018 - Conseil sup\u00e9rieur de l\u2019\u00e9ducation, de la formation et de la recherche scientifique\" \/>\n<meta property=\"og:description\" content=\"Ce rapport National analyse les performances des \u00e9l\u00e8ves marocains dans l\u2019enqu\u00eate PISA 2018. Men\u00e9e tous les trois ans par, et ce, depuis 2000, le Programme International pour le Suivi des Acquis des \u00e9l\u00e8ves (PISA) porte sur l\u2019\u00e9valuation des comp\u00e9tences des \u00e9l\u00e8ves de 15 ans en compr\u00e9hension de l\u2019\u00e9crit, en math\u00e9matiques et en sciences. Contrairement aux&hellip;\" \/>\n<meta property=\"og:url\" content=\"https:\/\/csefrs.lifemoz.com\/fr\/publications\/rapport-national-pisa-2018\/\" \/>\n<meta property=\"og:site_name\" content=\"Conseil sup\u00e9rieur de l\u2019\u00e9ducation, de la formation et de la recherche scientifique\" \/>\n<meta property=\"article:modified_time\" content=\"2026-02-08T13:08:25+00:00\" \/>\n<meta property=\"og:image\" content=\"https:\/\/csefrs.lifemoz.com\/wp-content\/uploads\/2025\/12\/Capture-decran-2022-02-10-a-15.20.06.png\" \/>\n\t<meta property=\"og:image:width\" content=\"724\" \/>\n\t<meta property=\"og:image:height\" content=\"1024\" \/>\n\t<meta property=\"og:image:type\" content=\"image\/png\" \/>\n<meta name=\"twitter:card\" content=\"summary_large_image\" \/>\n<meta name=\"twitter:label1\" content=\"Dur\u00e9e de lecture estim\u00e9e\" \/>\n\t<meta name=\"twitter:data1\" content=\"2 minutes\" \/>\n<script type=\"application\/ld+json\" class=\"yoast-schema-graph\">{\"@context\":\"https:\\\/\\\/schema.org\",\"@graph\":[{\"@type\":\"WebPage\",\"@id\":\"https:\\\/\\\/csefrs.lifemoz.com\\\/fr\\\/publications\\\/rapport-national-pisa-2018\\\/\",\"url\":\"https:\\\/\\\/csefrs.lifemoz.com\\\/fr\\\/publications\\\/rapport-national-pisa-2018\\\/\",\"name\":\"Rapport national PISA 2018 - Conseil sup\u00e9rieur de l\u2019\u00e9ducation, de la formation et de la recherche scientifique\",\"isPartOf\":{\"@id\":\"https:\\\/\\\/csefrs.lifemoz.com\\\/#website\"},\"primaryImageOfPage\":{\"@id\":\"https:\\\/\\\/csefrs.lifemoz.com\\\/fr\\\/publications\\\/rapport-national-pisa-2018\\\/#primaryimage\"},\"image\":{\"@id\":\"https:\\\/\\\/csefrs.lifemoz.com\\\/fr\\\/publications\\\/rapport-national-pisa-2018\\\/#primaryimage\"},\"thumbnailUrl\":\"https:\\\/\\\/csefrs.lifemoz.com\\\/wp-content\\\/uploads\\\/2025\\\/12\\\/Capture-decran-2022-02-10-a-15.20.06.png\",\"datePublished\":\"2022-02-09T23:00:00+00:00\",\"dateModified\":\"2026-02-08T13:08:25+00:00\",\"breadcrumb\":{\"@id\":\"https:\\\/\\\/csefrs.lifemoz.com\\\/fr\\\/publications\\\/rapport-national-pisa-2018\\\/#breadcrumb\"},\"inLanguage\":\"fr-FR\",\"potentialAction\":[{\"@type\":\"ReadAction\",\"target\":[\"https:\\\/\\\/csefrs.lifemoz.com\\\/fr\\\/publications\\\/rapport-national-pisa-2018\\\/\"]}]},{\"@type\":\"ImageObject\",\"inLanguage\":\"fr-FR\",\"@id\":\"https:\\\/\\\/csefrs.lifemoz.com\\\/fr\\\/publications\\\/rapport-national-pisa-2018\\\/#primaryimage\",\"url\":\"https:\\\/\\\/csefrs.lifemoz.com\\\/wp-content\\\/uploads\\\/2025\\\/12\\\/Capture-decran-2022-02-10-a-15.20.06.png\",\"contentUrl\":\"https:\\\/\\\/csefrs.lifemoz.com\\\/wp-content\\\/uploads\\\/2025\\\/12\\\/Capture-decran-2022-02-10-a-15.20.06.png\",\"width\":724,\"height\":1024},{\"@type\":\"BreadcrumbList\",\"@id\":\"https:\\\/\\\/csefrs.lifemoz.com\\\/fr\\\/publications\\\/rapport-national-pisa-2018\\\/#breadcrumb\",\"itemListElement\":[{\"@type\":\"ListItem\",\"position\":1,\"name\":\"Accueil\",\"item\":\"https:\\\/\\\/csefrs.lifemoz.com\\\/fr\\\/\"},{\"@type\":\"ListItem\",\"position\":2,\"name\":\"Publications\",\"item\":\"https:\\\/\\\/csefrs.lifemoz.com\\\/\u0627\u0644\u0645\u0646\u0634\u0648\u0631\u0627\u062a\\\/\"},{\"@type\":\"ListItem\",\"position\":3,\"name\":\"Rapport national PISA 2018\"}]},{\"@type\":\"WebSite\",\"@id\":\"https:\\\/\\\/csefrs.lifemoz.com\\\/#website\",\"url\":\"https:\\\/\\\/csefrs.lifemoz.com\\\/\",\"name\":\"Conseil sup\u00e9rieur de l\u2019\u00e9ducation, de la formation et de la recherche scientifique\",\"description\":\"\",\"potentialAction\":[{\"@type\":\"SearchAction\",\"target\":{\"@type\":\"EntryPoint\",\"urlTemplate\":\"https:\\\/\\\/csefrs.lifemoz.com\\\/?s={search_term_string}\"},\"query-input\":{\"@type\":\"PropertyValueSpecification\",\"valueRequired\":true,\"valueName\":\"search_term_string\"}}],\"inLanguage\":\"fr-FR\"}]}<\/script>\n<!-- \/ Yoast SEO plugin. -->","yoast_head_json":{"title":"Rapport national PISA 2018 - Conseil sup\u00e9rieur de l\u2019\u00e9ducation, de la formation et de la recherche scientifique","robots":{"index":"noindex","follow":"follow","max-snippet":"max-snippet:-1","max-image-preview":"max-image-preview:large","max-video-preview":"max-video-preview:-1"},"og_locale":"fr_FR","og_type":"article","og_title":"Rapport national PISA 2018 - Conseil sup\u00e9rieur de l\u2019\u00e9ducation, de la formation et de la recherche scientifique","og_description":"Ce rapport National analyse les performances des \u00e9l\u00e8ves marocains dans l\u2019enqu\u00eate PISA 2018. Men\u00e9e tous les trois ans par, et ce, depuis 2000, le Programme International pour le Suivi des Acquis des \u00e9l\u00e8ves (PISA) porte sur l\u2019\u00e9valuation des comp\u00e9tences des \u00e9l\u00e8ves de 15 ans en compr\u00e9hension de l\u2019\u00e9crit, en math\u00e9matiques et en sciences. Contrairement aux&hellip;","og_url":"https:\/\/csefrs.lifemoz.com\/fr\/publications\/rapport-national-pisa-2018\/","og_site_name":"Conseil sup\u00e9rieur de l\u2019\u00e9ducation, de la formation et de la recherche scientifique","article_modified_time":"2026-02-08T13:08:25+00:00","og_image":[{"width":724,"height":1024,"url":"https:\/\/csefrs.lifemoz.com\/wp-content\/uploads\/2025\/12\/Capture-decran-2022-02-10-a-15.20.06.png","type":"image\/png"}],"twitter_card":"summary_large_image","twitter_misc":{"Dur\u00e9e de lecture estim\u00e9e":"2 minutes"},"schema":{"@context":"https:\/\/schema.org","@graph":[{"@type":"WebPage","@id":"https:\/\/csefrs.lifemoz.com\/fr\/publications\/rapport-national-pisa-2018\/","url":"https:\/\/csefrs.lifemoz.com\/fr\/publications\/rapport-national-pisa-2018\/","name":"Rapport national PISA 2018 - Conseil sup\u00e9rieur de l\u2019\u00e9ducation, de la formation et de la recherche scientifique","isPartOf":{"@id":"https:\/\/csefrs.lifemoz.com\/#website"},"primaryImageOfPage":{"@id":"https:\/\/csefrs.lifemoz.com\/fr\/publications\/rapport-national-pisa-2018\/#primaryimage"},"image":{"@id":"https:\/\/csefrs.lifemoz.com\/fr\/publications\/rapport-national-pisa-2018\/#primaryimage"},"thumbnailUrl":"https:\/\/csefrs.lifemoz.com\/wp-content\/uploads\/2025\/12\/Capture-decran-2022-02-10-a-15.20.06.png","datePublished":"2022-02-09T23:00:00+00:00","dateModified":"2026-02-08T13:08:25+00:00","breadcrumb":{"@id":"https:\/\/csefrs.lifemoz.com\/fr\/publications\/rapport-national-pisa-2018\/#breadcrumb"},"inLanguage":"fr-FR","potentialAction":[{"@type":"ReadAction","target":["https:\/\/csefrs.lifemoz.com\/fr\/publications\/rapport-national-pisa-2018\/"]}]},{"@type":"ImageObject","inLanguage":"fr-FR","@id":"https:\/\/csefrs.lifemoz.com\/fr\/publications\/rapport-national-pisa-2018\/#primaryimage","url":"https:\/\/csefrs.lifemoz.com\/wp-content\/uploads\/2025\/12\/Capture-decran-2022-02-10-a-15.20.06.png","contentUrl":"https:\/\/csefrs.lifemoz.com\/wp-content\/uploads\/2025\/12\/Capture-decran-2022-02-10-a-15.20.06.png","width":724,"height":1024},{"@type":"BreadcrumbList","@id":"https:\/\/csefrs.lifemoz.com\/fr\/publications\/rapport-national-pisa-2018\/#breadcrumb","itemListElement":[{"@type":"ListItem","position":1,"name":"Accueil","item":"https:\/\/csefrs.lifemoz.com\/fr\/"},{"@type":"ListItem","position":2,"name":"Publications","item":"https:\/\/csefrs.lifemoz.com\/\u0627\u0644\u0645\u0646\u0634\u0648\u0631\u0627\u062a\/"},{"@type":"ListItem","position":3,"name":"Rapport national PISA 2018"}]},{"@type":"WebSite","@id":"https:\/\/csefrs.lifemoz.com\/#website","url":"https:\/\/csefrs.lifemoz.com\/","name":"Conseil sup\u00e9rieur de l\u2019\u00e9ducation, de la formation et de la recherche scientifique","description":"","potentialAction":[{"@type":"SearchAction","target":{"@type":"EntryPoint","urlTemplate":"https:\/\/csefrs.lifemoz.com\/?s={search_term_string}"},"query-input":{"@type":"PropertyValueSpecification","valueRequired":true,"valueName":"search_term_string"}}],"inLanguage":"fr-FR"}]}},"_links":{"self":[{"href":"https:\/\/csefrs.lifemoz.com\/fr\/wp-json\/wp\/v2\/product\/37588","targetHints":{"allow":["GET"]}}],"collection":[{"href":"https:\/\/csefrs.lifemoz.com\/fr\/wp-json\/wp\/v2\/product"}],"about":[{"href":"https:\/\/csefrs.lifemoz.com\/fr\/wp-json\/wp\/v2\/types\/product"}],"wp:featuredmedia":[{"embeddable":true,"href":"https:\/\/csefrs.lifemoz.com\/fr\/wp-json\/wp\/v2\/media\/36470"}],"wp:attachment":[{"href":"https:\/\/csefrs.lifemoz.com\/fr\/wp-json\/wp\/v2\/media?parent=37588"}],"wp:term":[{"taxonomy":"product_brand","embeddable":true,"href":"https:\/\/csefrs.lifemoz.com\/fr\/wp-json\/wp\/v2\/product_brand?post=37588"},{"taxonomy":"product_cat","embeddable":true,"href":"https:\/\/csefrs.lifemoz.com\/fr\/wp-json\/wp\/v2\/product_cat?post=37588"},{"taxonomy":"product_tag","embeddable":true,"href":"https:\/\/csefrs.lifemoz.com\/fr\/wp-json\/wp\/v2\/product_tag?post=37588"}],"curies":[{"name":"wp","href":"https:\/\/api.w.org\/{rel}","templated":true}]}}