{"id":37586,"date":"2021-12-28T00:00:00","date_gmt":"2021-12-27T23:00:00","guid":{"rendered":"https:\/\/csefrs.lifemoz.com\/\u0627\u0644\u0645\u0646\u0634\u0648\u0631\u0627\u062a\/avis-du-conseil-relatif-au-projet-de-decret-n2-21-125-modifiant-et-completant-le-decret-n-2-04-89-du-7-juin-2004-fixant-la-vocation-des-etablissements-universitaires-les-cycles-des-etude\/"},"modified":"2026-02-08T14:08:27","modified_gmt":"2026-02-08T13:08:27","slug":"avis-du-conseil-relatif-au-projet-de-decret-n2-21-125-modifiant-et-completant-le-decret-n-2-04-89-du-7-juin-2004-fixant-la-vocation-des-etablissements-universitaires-les-cycles-des-etude","status":"publish","type":"product","link":"https:\/\/csefrs.lifemoz.com\/fr\/publications\/avis-du-conseil-relatif-au-projet-de-decret-n2-21-125-modifiant-et-completant-le-decret-n-2-04-89-du-7-juin-2004-fixant-la-vocation-des-etablissements-universitaires-les-cycles-des-etude\/","title":{"rendered":"Avis du Conseil relatif au projet de d\u00e9cret n\u00b02.21.125 modifiant et compl\u00e9tant le d\u00e9cret n\u00b0 2.04.89 du 7 juin 2004, fixant la vocation des \u00e9tablissements universitaires, les cycles des \u00e9tudes sup\u00e9rieures ainsi que les dipl\u00f4mes nationaux correspondants"},"content":{"rendered":"<p>Le Conseil, dans son avis sur ce projet de d\u00e9cret, estime que m\u00eame si les dispositions r\u00e9glementaires propos\u00e9es rev\u00eatent un caract\u00e8re organisationnel et op\u00e9rationnel, elles fondent n\u00e9anmoins une nouvelle organisation p\u00e9dagogique porteuse d\u2019une orientation strat\u00e9gique qui impacterait les piliers de l\u2019organisation p\u00e9dagogique de l\u2019enseignement sup\u00e9rieur et modifierait le syst\u00e8me \u00ab Licence-Master-Doctorat \u00bb (LMD).<br \/>\nA travers cet avis, le Conseil formule un ensemble d\u2019observations et de recommandations qui pourraient contribuer \u00e0 pr\u00e9ciser davantage les d\u00e9terminants de cette r\u00e9forme et pr\u00e9voir les mesures d\u2019accompagnement visant la garantie des  conditions de r\u00e9ussite de ce chantier.<\/p>\n<p style=\"text-align: justify;\"><a class=\"download-button-intern-fr\" href=\"https:\/\/csefrs.lifemoz.com\/wp-content\/uploads\/2021\/12\/avis-N13-bachelor-VF.pdf\" target=\"_blank\" rel=\"noopener\">T\u00e9l\u00e9charger l&rsquo;avis (disponible en arabe)<\/a><\/p>\n","protected":false},"excerpt":{"rendered":"<p>Le Conseil, dans son avis sur ce projet de d\u00e9cret, estime que m\u00eame si les dispositions r\u00e9glementaires propos\u00e9es rev\u00eatent un caract\u00e8re organisationnel et op\u00e9rationnel, elles fondent n\u00e9anmoins une nouvelle organisation p\u00e9dagogique porteuse d\u2019une orientation strat\u00e9gique qui impacterait les piliers de l\u2019organisation p\u00e9dagogique de l\u2019enseignement sup\u00e9rieur et modifierait le syst\u00e8me \u00ab Licence-Master-Doctorat \u00bb (LMD). A travers&hellip;<\/p>\n","protected":false},"featured_media":36466,"template":"","meta":[],"product_brand":[],"product_cat":[507],"product_tag":[],"class_list":{"0":"post-37586","1":"product","2":"type-product","3":"status-publish","4":"has-post-thumbnail","6":"product_cat-avis-saisine","7":"description-off","9":"first","10":"instock","11":"downloadable","12":"virtual","13":"sold-individually","14":"purchasable","15":"product-type-simple"},"yoast_head":"<!-- This site is optimized with the Yoast SEO plugin v27.5 - https:\/\/yoast.com\/product\/yoast-seo-wordpress\/ -->\n<title>Avis du Conseil relatif au projet de d\u00e9cret n\u00b02.21.125 modifiant et compl\u00e9tant le d\u00e9cret n\u00b0 2.04.89 du 7 juin 2004, fixant la vocation des \u00e9tablissements universitaires, les cycles des \u00e9tudes sup\u00e9rieures ainsi que les dipl\u00f4mes nationaux correspondants - Conseil sup\u00e9rieur de l\u2019\u00e9ducation, de la formation et de la recherche scientifique<\/title>\n<meta name=\"robots\" content=\"noindex, follow, max-snippet:-1, max-image-preview:large, max-video-preview:-1\" \/>\n<meta property=\"og:locale\" content=\"fr_FR\" \/>\n<meta property=\"og:type\" content=\"article\" \/>\n<meta property=\"og:title\" content=\"Avis du Conseil relatif au projet de d\u00e9cret n\u00b02.21.125 modifiant et compl\u00e9tant le d\u00e9cret n\u00b0 2.04.89 du 7 juin 2004, fixant la vocation des \u00e9tablissements universitaires, les cycles des \u00e9tudes sup\u00e9rieures ainsi que les dipl\u00f4mes nationaux correspondants - Conseil sup\u00e9rieur de l\u2019\u00e9ducation, de la formation et de la recherche scientifique\" \/>\n<meta property=\"og:description\" content=\"Le Conseil, dans son avis sur ce projet de d\u00e9cret, estime que m\u00eame si les dispositions r\u00e9glementaires propos\u00e9es rev\u00eatent un caract\u00e8re organisationnel et op\u00e9rationnel, elles fondent n\u00e9anmoins une nouvelle organisation p\u00e9dagogique porteuse d\u2019une orientation strat\u00e9gique qui impacterait les piliers de l\u2019organisation p\u00e9dagogique de l\u2019enseignement sup\u00e9rieur et modifierait le syst\u00e8me \u00ab Licence-Master-Doctorat \u00bb (LMD). A travers&hellip;\" \/>\n<meta property=\"og:url\" content=\"https:\/\/csefrs.lifemoz.com\/fr\/publications\/avis-du-conseil-relatif-au-projet-de-decret-n2-21-125-modifiant-et-completant-le-decret-n-2-04-89-du-7-juin-2004-fixant-la-vocation-des-etablissements-universitaires-les-cycles-des-etude\/\" \/>\n<meta property=\"og:site_name\" content=\"Conseil sup\u00e9rieur de l\u2019\u00e9ducation, de la formation et de la recherche scientifique\" \/>\n<meta property=\"article:modified_time\" content=\"2026-02-08T13:08:27+00:00\" \/>\n<meta property=\"og:image\" content=\"https:\/\/csefrs.lifemoz.com\/wp-content\/uploads\/2025\/12\/Capture-decran-2021-12-28-a-11.49.29.png\" \/>\n\t<meta property=\"og:image:width\" content=\"828\" \/>\n\t<meta property=\"og:image:height\" content=\"1173\" \/>\n\t<meta property=\"og:image:type\" content=\"image\/png\" \/>\n<meta name=\"twitter:card\" content=\"summary_large_image\" \/>\n<meta name=\"twitter:label1\" content=\"Dur\u00e9e de lecture estim\u00e9e\" \/>\n\t<meta name=\"twitter:data1\" content=\"1 minute\" \/>\n<script type=\"application\/ld+json\" class=\"yoast-schema-graph\">{\"@context\":\"https:\\\/\\\/schema.org\",\"@graph\":[{\"@type\":\"WebPage\",\"@id\":\"https:\\\/\\\/csefrs.lifemoz.com\\\/fr\\\/publications\\\/avis-du-conseil-relatif-au-projet-de-decret-n2-21-125-modifiant-et-completant-le-decret-n-2-04-89-du-7-juin-2004-fixant-la-vocation-des-etablissements-universitaires-les-cycles-des-etude\\\/\",\"url\":\"https:\\\/\\\/csefrs.lifemoz.com\\\/fr\\\/publications\\\/avis-du-conseil-relatif-au-projet-de-decret-n2-21-125-modifiant-et-completant-le-decret-n-2-04-89-du-7-juin-2004-fixant-la-vocation-des-etablissements-universitaires-les-cycles-des-etude\\\/\",\"name\":\"Avis du Conseil relatif au projet de d\u00e9cret n\u00b02.21.125 modifiant et compl\u00e9tant le d\u00e9cret n\u00b0 2.04.89 du 7 juin 2004, fixant la vocation des \u00e9tablissements universitaires, les cycles des \u00e9tudes sup\u00e9rieures ainsi que les dipl\u00f4mes nationaux correspondants - Conseil sup\u00e9rieur de l\u2019\u00e9ducation, de la formation et de la recherche scientifique\",\"isPartOf\":{\"@id\":\"https:\\\/\\\/csefrs.lifemoz.com\\\/#website\"},\"primaryImageOfPage\":{\"@id\":\"https:\\\/\\\/csefrs.lifemoz.com\\\/fr\\\/publications\\\/avis-du-conseil-relatif-au-projet-de-decret-n2-21-125-modifiant-et-completant-le-decret-n-2-04-89-du-7-juin-2004-fixant-la-vocation-des-etablissements-universitaires-les-cycles-des-etude\\\/#primaryimage\"},\"image\":{\"@id\":\"https:\\\/\\\/csefrs.lifemoz.com\\\/fr\\\/publications\\\/avis-du-conseil-relatif-au-projet-de-decret-n2-21-125-modifiant-et-completant-le-decret-n-2-04-89-du-7-juin-2004-fixant-la-vocation-des-etablissements-universitaires-les-cycles-des-etude\\\/#primaryimage\"},\"thumbnailUrl\":\"https:\\\/\\\/csefrs.lifemoz.com\\\/wp-content\\\/uploads\\\/2025\\\/12\\\/Capture-decran-2021-12-28-a-11.49.29.png\",\"datePublished\":\"2021-12-27T23:00:00+00:00\",\"dateModified\":\"2026-02-08T13:08:27+00:00\",\"breadcrumb\":{\"@id\":\"https:\\\/\\\/csefrs.lifemoz.com\\\/fr\\\/publications\\\/avis-du-conseil-relatif-au-projet-de-decret-n2-21-125-modifiant-et-completant-le-decret-n-2-04-89-du-7-juin-2004-fixant-la-vocation-des-etablissements-universitaires-les-cycles-des-etude\\\/#breadcrumb\"},\"inLanguage\":\"fr-FR\",\"potentialAction\":[{\"@type\":\"ReadAction\",\"target\":[\"https:\\\/\\\/csefrs.lifemoz.com\\\/fr\\\/publications\\\/avis-du-conseil-relatif-au-projet-de-decret-n2-21-125-modifiant-et-completant-le-decret-n-2-04-89-du-7-juin-2004-fixant-la-vocation-des-etablissements-universitaires-les-cycles-des-etude\\\/\"]}]},{\"@type\":\"ImageObject\",\"inLanguage\":\"fr-FR\",\"@id\":\"https:\\\/\\\/csefrs.lifemoz.com\\\/fr\\\/publications\\\/avis-du-conseil-relatif-au-projet-de-decret-n2-21-125-modifiant-et-completant-le-decret-n-2-04-89-du-7-juin-2004-fixant-la-vocation-des-etablissements-universitaires-les-cycles-des-etude\\\/#primaryimage\",\"url\":\"https:\\\/\\\/csefrs.lifemoz.com\\\/wp-content\\\/uploads\\\/2025\\\/12\\\/Capture-decran-2021-12-28-a-11.49.29.png\",\"contentUrl\":\"https:\\\/\\\/csefrs.lifemoz.com\\\/wp-content\\\/uploads\\\/2025\\\/12\\\/Capture-decran-2021-12-28-a-11.49.29.png\",\"width\":828,\"height\":1173},{\"@type\":\"BreadcrumbList\",\"@id\":\"https:\\\/\\\/csefrs.lifemoz.com\\\/fr\\\/publications\\\/avis-du-conseil-relatif-au-projet-de-decret-n2-21-125-modifiant-et-completant-le-decret-n-2-04-89-du-7-juin-2004-fixant-la-vocation-des-etablissements-universitaires-les-cycles-des-etude\\\/#breadcrumb\",\"itemListElement\":[{\"@type\":\"ListItem\",\"position\":1,\"name\":\"Accueil\",\"item\":\"https:\\\/\\\/csefrs.lifemoz.com\\\/fr\\\/\"},{\"@type\":\"ListItem\",\"position\":2,\"name\":\"Publications\",\"item\":\"https:\\\/\\\/csefrs.lifemoz.com\\\/\u0627\u0644\u0645\u0646\u0634\u0648\u0631\u0627\u062a\\\/\"},{\"@type\":\"ListItem\",\"position\":3,\"name\":\"Avis du Conseil relatif au projet de d\u00e9cret n\u00b02.21.125 modifiant et compl\u00e9tant le d\u00e9cret n\u00b0 2.04.89 du 7 juin 2004, fixant la vocation des \u00e9tablissements universitaires, les cycles des \u00e9tudes sup\u00e9rieures ainsi que les dipl\u00f4mes nationaux correspondants\"}]},{\"@type\":\"WebSite\",\"@id\":\"https:\\\/\\\/csefrs.lifemoz.com\\\/#website\",\"url\":\"https:\\\/\\\/csefrs.lifemoz.com\\\/\",\"name\":\"Conseil sup\u00e9rieur de l\u2019\u00e9ducation, de la formation et de la recherche scientifique\",\"description\":\"\",\"potentialAction\":[{\"@type\":\"SearchAction\",\"target\":{\"@type\":\"EntryPoint\",\"urlTemplate\":\"https:\\\/\\\/csefrs.lifemoz.com\\\/?s={search_term_string}\"},\"query-input\":{\"@type\":\"PropertyValueSpecification\",\"valueRequired\":true,\"valueName\":\"search_term_string\"}}],\"inLanguage\":\"fr-FR\"}]}<\/script>\n<!-- \/ Yoast SEO plugin. -->","yoast_head_json":{"title":"Avis du Conseil relatif au projet de d\u00e9cret n\u00b02.21.125 modifiant et compl\u00e9tant le d\u00e9cret n\u00b0 2.04.89 du 7 juin 2004, fixant la vocation des \u00e9tablissements universitaires, les cycles des \u00e9tudes sup\u00e9rieures ainsi que les dipl\u00f4mes nationaux correspondants - Conseil sup\u00e9rieur de l\u2019\u00e9ducation, de la formation et de la recherche scientifique","robots":{"index":"noindex","follow":"follow","max-snippet":"max-snippet:-1","max-image-preview":"max-image-preview:large","max-video-preview":"max-video-preview:-1"},"og_locale":"fr_FR","og_type":"article","og_title":"Avis du Conseil relatif au projet de d\u00e9cret n\u00b02.21.125 modifiant et compl\u00e9tant le d\u00e9cret n\u00b0 2.04.89 du 7 juin 2004, fixant la vocation des \u00e9tablissements universitaires, les cycles des \u00e9tudes sup\u00e9rieures ainsi que les dipl\u00f4mes nationaux correspondants - Conseil sup\u00e9rieur de l\u2019\u00e9ducation, de la formation et de la recherche scientifique","og_description":"Le Conseil, dans son avis sur ce projet de d\u00e9cret, estime que m\u00eame si les dispositions r\u00e9glementaires propos\u00e9es rev\u00eatent un caract\u00e8re organisationnel et op\u00e9rationnel, elles fondent n\u00e9anmoins une nouvelle organisation p\u00e9dagogique porteuse d\u2019une orientation strat\u00e9gique qui impacterait les piliers de l\u2019organisation p\u00e9dagogique de l\u2019enseignement sup\u00e9rieur et modifierait le syst\u00e8me \u00ab Licence-Master-Doctorat \u00bb (LMD). A travers&hellip;","og_url":"https:\/\/csefrs.lifemoz.com\/fr\/publications\/avis-du-conseil-relatif-au-projet-de-decret-n2-21-125-modifiant-et-completant-le-decret-n-2-04-89-du-7-juin-2004-fixant-la-vocation-des-etablissements-universitaires-les-cycles-des-etude\/","og_site_name":"Conseil sup\u00e9rieur de l\u2019\u00e9ducation, de la formation et de la recherche scientifique","article_modified_time":"2026-02-08T13:08:27+00:00","og_image":[{"width":828,"height":1173,"url":"https:\/\/csefrs.lifemoz.com\/wp-content\/uploads\/2025\/12\/Capture-decran-2021-12-28-a-11.49.29.png","type":"image\/png"}],"twitter_card":"summary_large_image","twitter_misc":{"Dur\u00e9e de lecture estim\u00e9e":"1 minute"},"schema":{"@context":"https:\/\/schema.org","@graph":[{"@type":"WebPage","@id":"https:\/\/csefrs.lifemoz.com\/fr\/publications\/avis-du-conseil-relatif-au-projet-de-decret-n2-21-125-modifiant-et-completant-le-decret-n-2-04-89-du-7-juin-2004-fixant-la-vocation-des-etablissements-universitaires-les-cycles-des-etude\/","url":"https:\/\/csefrs.lifemoz.com\/fr\/publications\/avis-du-conseil-relatif-au-projet-de-decret-n2-21-125-modifiant-et-completant-le-decret-n-2-04-89-du-7-juin-2004-fixant-la-vocation-des-etablissements-universitaires-les-cycles-des-etude\/","name":"Avis du Conseil relatif au projet de d\u00e9cret n\u00b02.21.125 modifiant et compl\u00e9tant le d\u00e9cret n\u00b0 2.04.89 du 7 juin 2004, fixant la vocation des \u00e9tablissements universitaires, les cycles des \u00e9tudes sup\u00e9rieures ainsi que les dipl\u00f4mes nationaux correspondants - Conseil sup\u00e9rieur de l\u2019\u00e9ducation, de la formation et de la recherche scientifique","isPartOf":{"@id":"https:\/\/csefrs.lifemoz.com\/#website"},"primaryImageOfPage":{"@id":"https:\/\/csefrs.lifemoz.com\/fr\/publications\/avis-du-conseil-relatif-au-projet-de-decret-n2-21-125-modifiant-et-completant-le-decret-n-2-04-89-du-7-juin-2004-fixant-la-vocation-des-etablissements-universitaires-les-cycles-des-etude\/#primaryimage"},"image":{"@id":"https:\/\/csefrs.lifemoz.com\/fr\/publications\/avis-du-conseil-relatif-au-projet-de-decret-n2-21-125-modifiant-et-completant-le-decret-n-2-04-89-du-7-juin-2004-fixant-la-vocation-des-etablissements-universitaires-les-cycles-des-etude\/#primaryimage"},"thumbnailUrl":"https:\/\/csefrs.lifemoz.com\/wp-content\/uploads\/2025\/12\/Capture-decran-2021-12-28-a-11.49.29.png","datePublished":"2021-12-27T23:00:00+00:00","dateModified":"2026-02-08T13:08:27+00:00","breadcrumb":{"@id":"https:\/\/csefrs.lifemoz.com\/fr\/publications\/avis-du-conseil-relatif-au-projet-de-decret-n2-21-125-modifiant-et-completant-le-decret-n-2-04-89-du-7-juin-2004-fixant-la-vocation-des-etablissements-universitaires-les-cycles-des-etude\/#breadcrumb"},"inLanguage":"fr-FR","potentialAction":[{"@type":"ReadAction","target":["https:\/\/csefrs.lifemoz.com\/fr\/publications\/avis-du-conseil-relatif-au-projet-de-decret-n2-21-125-modifiant-et-completant-le-decret-n-2-04-89-du-7-juin-2004-fixant-la-vocation-des-etablissements-universitaires-les-cycles-des-etude\/"]}]},{"@type":"ImageObject","inLanguage":"fr-FR","@id":"https:\/\/csefrs.lifemoz.com\/fr\/publications\/avis-du-conseil-relatif-au-projet-de-decret-n2-21-125-modifiant-et-completant-le-decret-n-2-04-89-du-7-juin-2004-fixant-la-vocation-des-etablissements-universitaires-les-cycles-des-etude\/#primaryimage","url":"https:\/\/csefrs.lifemoz.com\/wp-content\/uploads\/2025\/12\/Capture-decran-2021-12-28-a-11.49.29.png","contentUrl":"https:\/\/csefrs.lifemoz.com\/wp-content\/uploads\/2025\/12\/Capture-decran-2021-12-28-a-11.49.29.png","width":828,"height":1173},{"@type":"BreadcrumbList","@id":"https:\/\/csefrs.lifemoz.com\/fr\/publications\/avis-du-conseil-relatif-au-projet-de-decret-n2-21-125-modifiant-et-completant-le-decret-n-2-04-89-du-7-juin-2004-fixant-la-vocation-des-etablissements-universitaires-les-cycles-des-etude\/#breadcrumb","itemListElement":[{"@type":"ListItem","position":1,"name":"Accueil","item":"https:\/\/csefrs.lifemoz.com\/fr\/"},{"@type":"ListItem","position":2,"name":"Publications","item":"https:\/\/csefrs.lifemoz.com\/\u0627\u0644\u0645\u0646\u0634\u0648\u0631\u0627\u062a\/"},{"@type":"ListItem","position":3,"name":"Avis du Conseil relatif au projet de d\u00e9cret n\u00b02.21.125 modifiant et compl\u00e9tant le d\u00e9cret n\u00b0 2.04.89 du 7 juin 2004, fixant la vocation des \u00e9tablissements universitaires, les cycles des \u00e9tudes sup\u00e9rieures ainsi que les dipl\u00f4mes nationaux correspondants"}]},{"@type":"WebSite","@id":"https:\/\/csefrs.lifemoz.com\/#website","url":"https:\/\/csefrs.lifemoz.com\/","name":"Conseil sup\u00e9rieur de l\u2019\u00e9ducation, de la formation et de la recherche scientifique","description":"","potentialAction":[{"@type":"SearchAction","target":{"@type":"EntryPoint","urlTemplate":"https:\/\/csefrs.lifemoz.com\/?s={search_term_string}"},"query-input":{"@type":"PropertyValueSpecification","valueRequired":true,"valueName":"search_term_string"}}],"inLanguage":"fr-FR"}]}},"_links":{"self":[{"href":"https:\/\/csefrs.lifemoz.com\/fr\/wp-json\/wp\/v2\/product\/37586","targetHints":{"allow":["GET"]}}],"collection":[{"href":"https:\/\/csefrs.lifemoz.com\/fr\/wp-json\/wp\/v2\/product"}],"about":[{"href":"https:\/\/csefrs.lifemoz.com\/fr\/wp-json\/wp\/v2\/types\/product"}],"wp:featuredmedia":[{"embeddable":true,"href":"https:\/\/csefrs.lifemoz.com\/fr\/wp-json\/wp\/v2\/media\/36466"}],"wp:attachment":[{"href":"https:\/\/csefrs.lifemoz.com\/fr\/wp-json\/wp\/v2\/media?parent=37586"}],"wp:term":[{"taxonomy":"product_brand","embeddable":true,"href":"https:\/\/csefrs.lifemoz.com\/fr\/wp-json\/wp\/v2\/product_brand?post=37586"},{"taxonomy":"product_cat","embeddable":true,"href":"https:\/\/csefrs.lifemoz.com\/fr\/wp-json\/wp\/v2\/product_cat?post=37586"},{"taxonomy":"product_tag","embeddable":true,"href":"https:\/\/csefrs.lifemoz.com\/fr\/wp-json\/wp\/v2\/product_tag?post=37586"}],"curies":[{"name":"wp","href":"https:\/\/api.w.org\/{rel}","templated":true}]}}