{"id":37584,"date":"2021-12-28T00:00:00","date_gmt":"2021-12-27T23:00:00","guid":{"rendered":"https:\/\/csefrs.lifemoz.com\/\u0627\u0644\u0645\u0646\u0634\u0648\u0631\u0627\u062a\/avis-du-conseil-relatif-au-projet-de-loi-n-59-21-relatif-a-lenseignement-scolaire\/"},"modified":"2026-02-08T14:08:27","modified_gmt":"2026-02-08T13:08:27","slug":"avis-du-conseil-relatif-au-projet-de-loi-n-59-21-relatif-a-lenseignement-scolaire","status":"publish","type":"product","link":"https:\/\/csefrs.lifemoz.com\/fr\/publications\/avis-du-conseil-relatif-au-projet-de-loi-n-59-21-relatif-a-lenseignement-scolaire\/","title":{"rendered":"Avis du Conseil relatif au projet de loi n\u00b0 59.21 relatif \u00e0 l\u2019enseignement scolaire"},"content":{"rendered":"<p>L\u2019\u00e9laboration d&rsquo;une loi organisant l&rsquo;enseignement scolaire dans sa globalit\u00e9 et sa compl\u00e9mentarit\u00e9 avec les autres composantes du SEFRS rev\u00eat une importance capitale. Elle s\u2019inscrit dans un contexte national marqu\u00e9 par la pr\u00e9paration de la mise en \u0153uvre des orientations du Nouveau Mod\u00e8le de D\u00e9veloppement et dans une conjoncture internationale o\u00f9 les syst\u00e8mes \u00e9ducatifs, suite \u00e0 la pand\u00e9mie du Covid-19, subissent des transformations multiples et complexes.  Les effets de la crise sanitaire ont, en effet, impos\u00e9 au monde entier l\u2019introduction d\u2019un renouveau dans leurs approches et l\u2019orientation irr\u00e9vocable vers l\u2019int\u00e9gration du num\u00e9rique dans toutes les dimensions du syst\u00e8me \u00e9ducatif.<br \/>\nA travers cet avis, le Conseil propose une contribution visant l\u2019enrichissement des dispositions du projet de loi n\u00b0 59.21 et la clarification des choix qui seront adopt\u00e9es, ainsi que les mod\u00e8les organisationnels et les m\u00e9canismes pr\u00e9vus pour la mise en \u0153uvre effective de la r\u00e9forme. Il prend en consid\u00e9ration les principales finalit\u00e9s de la r\u00e9forme visant la promotion d\u2019une \u00e9cole publique marocaine qui met l\u2019apprenant au c\u0153ur de ses pr\u00e9occupations et cherche \u00e0 concr\u00e9tiser les objectifs d\u2019\u00e9quit\u00e9, d\u2019\u00e9galit\u00e9 des chances, de qualit\u00e9 et de promotion de l\u2019individu et de la soci\u00e9t\u00e9.<\/p>\n<p style=\"text-align: justify;\"><a class=\"download-button-intern-fr\" href=\"https:\/\/csefrs.lifemoz.com\/wp-content\/uploads\/2022\/03\/avis-education-scolaire-VF-ISBN-web.pdf\" target=\"_blank\" rel=\"noopener\">T\u00e9l\u00e9charger l&rsquo;avis (disponible en arabe)<\/a><\/p>\n","protected":false},"excerpt":{"rendered":"<p>L\u2019\u00e9laboration d&rsquo;une loi organisant l&rsquo;enseignement scolaire dans sa globalit\u00e9 et sa compl\u00e9mentarit\u00e9 avec les autres composantes du SEFRS rev\u00eat une importance capitale. Elle s\u2019inscrit dans un contexte national marqu\u00e9 par la pr\u00e9paration de la mise en \u0153uvre des orientations du Nouveau Mod\u00e8le de D\u00e9veloppement et dans une conjoncture internationale o\u00f9 les syst\u00e8mes \u00e9ducatifs, suite \u00e0&hellip;<\/p>\n","protected":false},"featured_media":36464,"template":"","meta":[],"product_brand":[],"product_cat":[507],"product_tag":[],"class_list":{"0":"post-37584","1":"product","2":"type-product","3":"status-publish","4":"has-post-thumbnail","6":"product_cat-avis-saisine","7":"description-off","9":"first","10":"instock","11":"downloadable","12":"virtual","13":"sold-individually","14":"purchasable","15":"product-type-simple"},"yoast_head":"<!-- This site is optimized with the Yoast SEO plugin v27.5 - https:\/\/yoast.com\/product\/yoast-seo-wordpress\/ -->\n<title>Avis du Conseil relatif au projet de loi n\u00b0 59.21 relatif \u00e0 l\u2019enseignement scolaire - Conseil sup\u00e9rieur de l\u2019\u00e9ducation, de la formation et de la recherche scientifique<\/title>\n<meta name=\"robots\" content=\"noindex, follow, max-snippet:-1, max-image-preview:large, max-video-preview:-1\" \/>\n<meta property=\"og:locale\" content=\"fr_FR\" \/>\n<meta property=\"og:type\" content=\"article\" \/>\n<meta property=\"og:title\" content=\"Avis du Conseil relatif au projet de loi n\u00b0 59.21 relatif \u00e0 l\u2019enseignement scolaire - Conseil sup\u00e9rieur de l\u2019\u00e9ducation, de la formation et de la recherche scientifique\" \/>\n<meta property=\"og:description\" content=\"L\u2019\u00e9laboration d&rsquo;une loi organisant l&rsquo;enseignement scolaire dans sa globalit\u00e9 et sa compl\u00e9mentarit\u00e9 avec les autres composantes du SEFRS rev\u00eat une importance capitale. Elle s\u2019inscrit dans un contexte national marqu\u00e9 par la pr\u00e9paration de la mise en \u0153uvre des orientations du Nouveau Mod\u00e8le de D\u00e9veloppement et dans une conjoncture internationale o\u00f9 les syst\u00e8mes \u00e9ducatifs, suite \u00e0&hellip;\" \/>\n<meta property=\"og:url\" content=\"https:\/\/csefrs.lifemoz.com\/fr\/publications\/avis-du-conseil-relatif-au-projet-de-loi-n-59-21-relatif-a-lenseignement-scolaire\/\" \/>\n<meta property=\"og:site_name\" content=\"Conseil sup\u00e9rieur de l\u2019\u00e9ducation, de la formation et de la recherche scientifique\" \/>\n<meta property=\"article:modified_time\" content=\"2026-02-08T13:08:27+00:00\" \/>\n<meta property=\"og:image\" content=\"https:\/\/csefrs.lifemoz.com\/wp-content\/uploads\/2025\/12\/Capture-decran-2021-12-28-a-11.49.19-1.png\" \/>\n\t<meta property=\"og:image:width\" content=\"721\" \/>\n\t<meta property=\"og:image:height\" content=\"1024\" \/>\n\t<meta property=\"og:image:type\" content=\"image\/png\" \/>\n<meta name=\"twitter:card\" content=\"summary_large_image\" \/>\n<meta name=\"twitter:label1\" content=\"Dur\u00e9e de lecture estim\u00e9e\" \/>\n\t<meta name=\"twitter:data1\" content=\"1 minute\" \/>\n<script type=\"application\/ld+json\" class=\"yoast-schema-graph\">{\"@context\":\"https:\\\/\\\/schema.org\",\"@graph\":[{\"@type\":\"WebPage\",\"@id\":\"https:\\\/\\\/csefrs.lifemoz.com\\\/fr\\\/publications\\\/avis-du-conseil-relatif-au-projet-de-loi-n-59-21-relatif-a-lenseignement-scolaire\\\/\",\"url\":\"https:\\\/\\\/csefrs.lifemoz.com\\\/fr\\\/publications\\\/avis-du-conseil-relatif-au-projet-de-loi-n-59-21-relatif-a-lenseignement-scolaire\\\/\",\"name\":\"Avis du Conseil relatif au projet de loi n\u00b0 59.21 relatif \u00e0 l\u2019enseignement scolaire - Conseil sup\u00e9rieur de l\u2019\u00e9ducation, de la formation et de la recherche scientifique\",\"isPartOf\":{\"@id\":\"https:\\\/\\\/csefrs.lifemoz.com\\\/#website\"},\"primaryImageOfPage\":{\"@id\":\"https:\\\/\\\/csefrs.lifemoz.com\\\/fr\\\/publications\\\/avis-du-conseil-relatif-au-projet-de-loi-n-59-21-relatif-a-lenseignement-scolaire\\\/#primaryimage\"},\"image\":{\"@id\":\"https:\\\/\\\/csefrs.lifemoz.com\\\/fr\\\/publications\\\/avis-du-conseil-relatif-au-projet-de-loi-n-59-21-relatif-a-lenseignement-scolaire\\\/#primaryimage\"},\"thumbnailUrl\":\"https:\\\/\\\/csefrs.lifemoz.com\\\/wp-content\\\/uploads\\\/2025\\\/12\\\/Capture-decran-2021-12-28-a-11.49.19-1.png\",\"datePublished\":\"2021-12-27T23:00:00+00:00\",\"dateModified\":\"2026-02-08T13:08:27+00:00\",\"breadcrumb\":{\"@id\":\"https:\\\/\\\/csefrs.lifemoz.com\\\/fr\\\/publications\\\/avis-du-conseil-relatif-au-projet-de-loi-n-59-21-relatif-a-lenseignement-scolaire\\\/#breadcrumb\"},\"inLanguage\":\"fr-FR\",\"potentialAction\":[{\"@type\":\"ReadAction\",\"target\":[\"https:\\\/\\\/csefrs.lifemoz.com\\\/fr\\\/publications\\\/avis-du-conseil-relatif-au-projet-de-loi-n-59-21-relatif-a-lenseignement-scolaire\\\/\"]}]},{\"@type\":\"ImageObject\",\"inLanguage\":\"fr-FR\",\"@id\":\"https:\\\/\\\/csefrs.lifemoz.com\\\/fr\\\/publications\\\/avis-du-conseil-relatif-au-projet-de-loi-n-59-21-relatif-a-lenseignement-scolaire\\\/#primaryimage\",\"url\":\"https:\\\/\\\/csefrs.lifemoz.com\\\/wp-content\\\/uploads\\\/2025\\\/12\\\/Capture-decran-2021-12-28-a-11.49.19-1.png\",\"contentUrl\":\"https:\\\/\\\/csefrs.lifemoz.com\\\/wp-content\\\/uploads\\\/2025\\\/12\\\/Capture-decran-2021-12-28-a-11.49.19-1.png\",\"width\":721,\"height\":1024},{\"@type\":\"BreadcrumbList\",\"@id\":\"https:\\\/\\\/csefrs.lifemoz.com\\\/fr\\\/publications\\\/avis-du-conseil-relatif-au-projet-de-loi-n-59-21-relatif-a-lenseignement-scolaire\\\/#breadcrumb\",\"itemListElement\":[{\"@type\":\"ListItem\",\"position\":1,\"name\":\"Accueil\",\"item\":\"https:\\\/\\\/csefrs.lifemoz.com\\\/fr\\\/\"},{\"@type\":\"ListItem\",\"position\":2,\"name\":\"Publications\",\"item\":\"https:\\\/\\\/csefrs.lifemoz.com\\\/\u0627\u0644\u0645\u0646\u0634\u0648\u0631\u0627\u062a\\\/\"},{\"@type\":\"ListItem\",\"position\":3,\"name\":\"Avis du Conseil relatif au projet de loi n\u00b0 59.21 relatif \u00e0 l\u2019enseignement scolaire\"}]},{\"@type\":\"WebSite\",\"@id\":\"https:\\\/\\\/csefrs.lifemoz.com\\\/#website\",\"url\":\"https:\\\/\\\/csefrs.lifemoz.com\\\/\",\"name\":\"Conseil sup\u00e9rieur de l\u2019\u00e9ducation, de la formation et de la recherche scientifique\",\"description\":\"\",\"potentialAction\":[{\"@type\":\"SearchAction\",\"target\":{\"@type\":\"EntryPoint\",\"urlTemplate\":\"https:\\\/\\\/csefrs.lifemoz.com\\\/?s={search_term_string}\"},\"query-input\":{\"@type\":\"PropertyValueSpecification\",\"valueRequired\":true,\"valueName\":\"search_term_string\"}}],\"inLanguage\":\"fr-FR\"}]}<\/script>\n<!-- \/ Yoast SEO plugin. -->","yoast_head_json":{"title":"Avis du Conseil relatif au projet de loi n\u00b0 59.21 relatif \u00e0 l\u2019enseignement scolaire - Conseil sup\u00e9rieur de l\u2019\u00e9ducation, de la formation et de la recherche scientifique","robots":{"index":"noindex","follow":"follow","max-snippet":"max-snippet:-1","max-image-preview":"max-image-preview:large","max-video-preview":"max-video-preview:-1"},"og_locale":"fr_FR","og_type":"article","og_title":"Avis du Conseil relatif au projet de loi n\u00b0 59.21 relatif \u00e0 l\u2019enseignement scolaire - Conseil sup\u00e9rieur de l\u2019\u00e9ducation, de la formation et de la recherche scientifique","og_description":"L\u2019\u00e9laboration d&rsquo;une loi organisant l&rsquo;enseignement scolaire dans sa globalit\u00e9 et sa compl\u00e9mentarit\u00e9 avec les autres composantes du SEFRS rev\u00eat une importance capitale. Elle s\u2019inscrit dans un contexte national marqu\u00e9 par la pr\u00e9paration de la mise en \u0153uvre des orientations du Nouveau Mod\u00e8le de D\u00e9veloppement et dans une conjoncture internationale o\u00f9 les syst\u00e8mes \u00e9ducatifs, suite \u00e0&hellip;","og_url":"https:\/\/csefrs.lifemoz.com\/fr\/publications\/avis-du-conseil-relatif-au-projet-de-loi-n-59-21-relatif-a-lenseignement-scolaire\/","og_site_name":"Conseil sup\u00e9rieur de l\u2019\u00e9ducation, de la formation et de la recherche scientifique","article_modified_time":"2026-02-08T13:08:27+00:00","og_image":[{"width":721,"height":1024,"url":"https:\/\/csefrs.lifemoz.com\/wp-content\/uploads\/2025\/12\/Capture-decran-2021-12-28-a-11.49.19-1.png","type":"image\/png"}],"twitter_card":"summary_large_image","twitter_misc":{"Dur\u00e9e de lecture estim\u00e9e":"1 minute"},"schema":{"@context":"https:\/\/schema.org","@graph":[{"@type":"WebPage","@id":"https:\/\/csefrs.lifemoz.com\/fr\/publications\/avis-du-conseil-relatif-au-projet-de-loi-n-59-21-relatif-a-lenseignement-scolaire\/","url":"https:\/\/csefrs.lifemoz.com\/fr\/publications\/avis-du-conseil-relatif-au-projet-de-loi-n-59-21-relatif-a-lenseignement-scolaire\/","name":"Avis du Conseil relatif au projet de loi n\u00b0 59.21 relatif \u00e0 l\u2019enseignement scolaire - Conseil sup\u00e9rieur de l\u2019\u00e9ducation, de la formation et de la recherche scientifique","isPartOf":{"@id":"https:\/\/csefrs.lifemoz.com\/#website"},"primaryImageOfPage":{"@id":"https:\/\/csefrs.lifemoz.com\/fr\/publications\/avis-du-conseil-relatif-au-projet-de-loi-n-59-21-relatif-a-lenseignement-scolaire\/#primaryimage"},"image":{"@id":"https:\/\/csefrs.lifemoz.com\/fr\/publications\/avis-du-conseil-relatif-au-projet-de-loi-n-59-21-relatif-a-lenseignement-scolaire\/#primaryimage"},"thumbnailUrl":"https:\/\/csefrs.lifemoz.com\/wp-content\/uploads\/2025\/12\/Capture-decran-2021-12-28-a-11.49.19-1.png","datePublished":"2021-12-27T23:00:00+00:00","dateModified":"2026-02-08T13:08:27+00:00","breadcrumb":{"@id":"https:\/\/csefrs.lifemoz.com\/fr\/publications\/avis-du-conseil-relatif-au-projet-de-loi-n-59-21-relatif-a-lenseignement-scolaire\/#breadcrumb"},"inLanguage":"fr-FR","potentialAction":[{"@type":"ReadAction","target":["https:\/\/csefrs.lifemoz.com\/fr\/publications\/avis-du-conseil-relatif-au-projet-de-loi-n-59-21-relatif-a-lenseignement-scolaire\/"]}]},{"@type":"ImageObject","inLanguage":"fr-FR","@id":"https:\/\/csefrs.lifemoz.com\/fr\/publications\/avis-du-conseil-relatif-au-projet-de-loi-n-59-21-relatif-a-lenseignement-scolaire\/#primaryimage","url":"https:\/\/csefrs.lifemoz.com\/wp-content\/uploads\/2025\/12\/Capture-decran-2021-12-28-a-11.49.19-1.png","contentUrl":"https:\/\/csefrs.lifemoz.com\/wp-content\/uploads\/2025\/12\/Capture-decran-2021-12-28-a-11.49.19-1.png","width":721,"height":1024},{"@type":"BreadcrumbList","@id":"https:\/\/csefrs.lifemoz.com\/fr\/publications\/avis-du-conseil-relatif-au-projet-de-loi-n-59-21-relatif-a-lenseignement-scolaire\/#breadcrumb","itemListElement":[{"@type":"ListItem","position":1,"name":"Accueil","item":"https:\/\/csefrs.lifemoz.com\/fr\/"},{"@type":"ListItem","position":2,"name":"Publications","item":"https:\/\/csefrs.lifemoz.com\/\u0627\u0644\u0645\u0646\u0634\u0648\u0631\u0627\u062a\/"},{"@type":"ListItem","position":3,"name":"Avis du Conseil relatif au projet de loi n\u00b0 59.21 relatif \u00e0 l\u2019enseignement scolaire"}]},{"@type":"WebSite","@id":"https:\/\/csefrs.lifemoz.com\/#website","url":"https:\/\/csefrs.lifemoz.com\/","name":"Conseil sup\u00e9rieur de l\u2019\u00e9ducation, de la formation et de la recherche scientifique","description":"","potentialAction":[{"@type":"SearchAction","target":{"@type":"EntryPoint","urlTemplate":"https:\/\/csefrs.lifemoz.com\/?s={search_term_string}"},"query-input":{"@type":"PropertyValueSpecification","valueRequired":true,"valueName":"search_term_string"}}],"inLanguage":"fr-FR"}]}},"_links":{"self":[{"href":"https:\/\/csefrs.lifemoz.com\/fr\/wp-json\/wp\/v2\/product\/37584","targetHints":{"allow":["GET"]}}],"collection":[{"href":"https:\/\/csefrs.lifemoz.com\/fr\/wp-json\/wp\/v2\/product"}],"about":[{"href":"https:\/\/csefrs.lifemoz.com\/fr\/wp-json\/wp\/v2\/types\/product"}],"wp:featuredmedia":[{"embeddable":true,"href":"https:\/\/csefrs.lifemoz.com\/fr\/wp-json\/wp\/v2\/media\/36464"}],"wp:attachment":[{"href":"https:\/\/csefrs.lifemoz.com\/fr\/wp-json\/wp\/v2\/media?parent=37584"}],"wp:term":[{"taxonomy":"product_brand","embeddable":true,"href":"https:\/\/csefrs.lifemoz.com\/fr\/wp-json\/wp\/v2\/product_brand?post=37584"},{"taxonomy":"product_cat","embeddable":true,"href":"https:\/\/csefrs.lifemoz.com\/fr\/wp-json\/wp\/v2\/product_cat?post=37584"},{"taxonomy":"product_tag","embeddable":true,"href":"https:\/\/csefrs.lifemoz.com\/fr\/wp-json\/wp\/v2\/product_tag?post=37584"}],"curies":[{"name":"wp","href":"https:\/\/api.w.org\/{rel}","templated":true}]}}