{"id":37580,"date":"2021-12-28T00:00:00","date_gmt":"2021-12-27T23:00:00","guid":{"rendered":"https:\/\/csefrs.lifemoz.com\/\u0627\u0644\u0645\u0646\u0634\u0648\u0631\u0627\u062a\/avis-du-conseil-relatif-au-projet-de-loi-n-63-21-portant-organisation-de-lenseignement-superieur-et-de-la-recherche-scientifique\/"},"modified":"2026-02-08T14:08:27","modified_gmt":"2026-02-08T13:08:27","slug":"avis-du-conseil-relatif-au-projet-de-loi-n-63-21-portant-organisation-de-lenseignement-superieur-et-de-la-recherche-scientifique","status":"publish","type":"product","link":"https:\/\/csefrs.lifemoz.com\/fr\/publications\/avis-du-conseil-relatif-au-projet-de-loi-n-63-21-portant-organisation-de-lenseignement-superieur-et-de-la-recherche-scientifique\/","title":{"rendered":"Avis du Conseil relatif au projet de loi n\u00b0 63.21 portant organisation de l\u2019enseignement sup\u00e9rieur et de la recherche scientifique"},"content":{"rendered":"<p>Le Conseil, \u00e0 travers cet avis, propose une contribution pour enrichir et affiner les dispositions l\u00e9gislatives du projet de loi et pour renforcer son alignement avec les pr\u00e9requis de la r\u00e9forme et son r\u00e9f\u00e9rentiel. Ses propositions appellent \u00e0 l\u2019adoption d\u2019une approche globale, align\u00e9e avec les principes et fondamentaux de la r\u00e9forme et capable d\u2019induire des changements tangibles dont la port\u00e9e permettrait \u00e0 l\u2019universit\u00e9 marocaine de relever les d\u00e9fis de la transformation de son environnement national, r\u00e9gional et international.<br \/>\nLe Conseil recommande ainsi d\u2019enrichir le texte juridique avec des dispositions pouvant permettre d\u2019instaurer un nouveau syst\u00e8me d\u2019enseignement sup\u00e9rieur et de recherche scientifique capable de servir de principale locomotive dans l\u2019effort d\u2019int\u00e9gration du pays dans la soci\u00e9t\u00e9 du savoir, de d\u00e9veloppement de son capital humain et d\u2019atteinte des ambitions du nouveau mod\u00e8le de d\u00e9veloppement.<\/p>\n<p style=\"text-align: justify;\"><a class=\"download-button-intern-fr\" href=\"https:\/\/csefrs.lifemoz.com\/wp-content\/uploads\/2021\/12\/avis-N10-ESRS-VF.pdf\" target=\"_blank\" rel=\"noopener\">T\u00e9l\u00e9charger l&rsquo;avis (disponible en arabe)<\/a><\/p>\n","protected":false},"excerpt":{"rendered":"<p>Le Conseil, \u00e0 travers cet avis, propose une contribution pour enrichir et affiner les dispositions l\u00e9gislatives du projet de loi et pour renforcer son alignement avec les pr\u00e9requis de la r\u00e9forme et son r\u00e9f\u00e9rentiel. Ses propositions appellent \u00e0 l\u2019adoption d\u2019une approche globale, align\u00e9e avec les principes et fondamentaux de la r\u00e9forme et capable d\u2019induire des&hellip;<\/p>\n","protected":false},"featured_media":36460,"template":"","meta":[],"product_brand":[],"product_cat":[507],"product_tag":[],"class_list":{"0":"post-37580","1":"product","2":"type-product","3":"status-publish","4":"has-post-thumbnail","6":"product_cat-avis-saisine","7":"description-off","9":"first","10":"instock","11":"downloadable","12":"virtual","13":"sold-individually","14":"purchasable","15":"product-type-simple"},"yoast_head":"<!-- This site is optimized with the Yoast SEO plugin v27.5 - https:\/\/yoast.com\/product\/yoast-seo-wordpress\/ -->\n<title>Avis du Conseil relatif au projet de loi n\u00b0 63.21 portant organisation de l\u2019enseignement sup\u00e9rieur et de la recherche scientifique - Conseil sup\u00e9rieur de l\u2019\u00e9ducation, de la formation et de la recherche scientifique<\/title>\n<meta name=\"robots\" content=\"noindex, follow, max-snippet:-1, max-image-preview:large, max-video-preview:-1\" \/>\n<meta property=\"og:locale\" content=\"fr_FR\" \/>\n<meta property=\"og:type\" content=\"article\" \/>\n<meta property=\"og:title\" content=\"Avis du Conseil relatif au projet de loi n\u00b0 63.21 portant organisation de l\u2019enseignement sup\u00e9rieur et de la recherche scientifique - Conseil sup\u00e9rieur de l\u2019\u00e9ducation, de la formation et de la recherche scientifique\" \/>\n<meta property=\"og:description\" content=\"Le Conseil, \u00e0 travers cet avis, propose une contribution pour enrichir et affiner les dispositions l\u00e9gislatives du projet de loi et pour renforcer son alignement avec les pr\u00e9requis de la r\u00e9forme et son r\u00e9f\u00e9rentiel. Ses propositions appellent \u00e0 l\u2019adoption d\u2019une approche globale, align\u00e9e avec les principes et fondamentaux de la r\u00e9forme et capable d\u2019induire des&hellip;\" \/>\n<meta property=\"og:url\" content=\"https:\/\/csefrs.lifemoz.com\/fr\/publications\/avis-du-conseil-relatif-au-projet-de-loi-n-63-21-portant-organisation-de-lenseignement-superieur-et-de-la-recherche-scientifique\/\" \/>\n<meta property=\"og:site_name\" content=\"Conseil sup\u00e9rieur de l\u2019\u00e9ducation, de la formation et de la recherche scientifique\" \/>\n<meta property=\"article:modified_time\" content=\"2026-02-08T13:08:27+00:00\" \/>\n<meta property=\"og:image\" content=\"https:\/\/csefrs.lifemoz.com\/wp-content\/uploads\/2025\/12\/Capture-decran-2021-12-28-a-11.48.54.png\" \/>\n\t<meta property=\"og:image:width\" content=\"830\" \/>\n\t<meta property=\"og:image:height\" content=\"1174\" \/>\n\t<meta property=\"og:image:type\" content=\"image\/png\" \/>\n<meta name=\"twitter:card\" content=\"summary_large_image\" \/>\n<meta name=\"twitter:label1\" content=\"Dur\u00e9e de lecture estim\u00e9e\" \/>\n\t<meta name=\"twitter:data1\" content=\"1 minute\" \/>\n<script type=\"application\/ld+json\" class=\"yoast-schema-graph\">{\"@context\":\"https:\\\/\\\/schema.org\",\"@graph\":[{\"@type\":\"WebPage\",\"@id\":\"https:\\\/\\\/csefrs.lifemoz.com\\\/fr\\\/publications\\\/avis-du-conseil-relatif-au-projet-de-loi-n-63-21-portant-organisation-de-lenseignement-superieur-et-de-la-recherche-scientifique\\\/\",\"url\":\"https:\\\/\\\/csefrs.lifemoz.com\\\/fr\\\/publications\\\/avis-du-conseil-relatif-au-projet-de-loi-n-63-21-portant-organisation-de-lenseignement-superieur-et-de-la-recherche-scientifique\\\/\",\"name\":\"Avis du Conseil relatif au projet de loi n\u00b0 63.21 portant organisation de l\u2019enseignement sup\u00e9rieur et de la recherche scientifique - Conseil sup\u00e9rieur de l\u2019\u00e9ducation, de la formation et de la recherche scientifique\",\"isPartOf\":{\"@id\":\"https:\\\/\\\/csefrs.lifemoz.com\\\/#website\"},\"primaryImageOfPage\":{\"@id\":\"https:\\\/\\\/csefrs.lifemoz.com\\\/fr\\\/publications\\\/avis-du-conseil-relatif-au-projet-de-loi-n-63-21-portant-organisation-de-lenseignement-superieur-et-de-la-recherche-scientifique\\\/#primaryimage\"},\"image\":{\"@id\":\"https:\\\/\\\/csefrs.lifemoz.com\\\/fr\\\/publications\\\/avis-du-conseil-relatif-au-projet-de-loi-n-63-21-portant-organisation-de-lenseignement-superieur-et-de-la-recherche-scientifique\\\/#primaryimage\"},\"thumbnailUrl\":\"https:\\\/\\\/csefrs.lifemoz.com\\\/wp-content\\\/uploads\\\/2025\\\/12\\\/Capture-decran-2021-12-28-a-11.48.54.png\",\"datePublished\":\"2021-12-27T23:00:00+00:00\",\"dateModified\":\"2026-02-08T13:08:27+00:00\",\"breadcrumb\":{\"@id\":\"https:\\\/\\\/csefrs.lifemoz.com\\\/fr\\\/publications\\\/avis-du-conseil-relatif-au-projet-de-loi-n-63-21-portant-organisation-de-lenseignement-superieur-et-de-la-recherche-scientifique\\\/#breadcrumb\"},\"inLanguage\":\"fr-FR\",\"potentialAction\":[{\"@type\":\"ReadAction\",\"target\":[\"https:\\\/\\\/csefrs.lifemoz.com\\\/fr\\\/publications\\\/avis-du-conseil-relatif-au-projet-de-loi-n-63-21-portant-organisation-de-lenseignement-superieur-et-de-la-recherche-scientifique\\\/\"]}]},{\"@type\":\"ImageObject\",\"inLanguage\":\"fr-FR\",\"@id\":\"https:\\\/\\\/csefrs.lifemoz.com\\\/fr\\\/publications\\\/avis-du-conseil-relatif-au-projet-de-loi-n-63-21-portant-organisation-de-lenseignement-superieur-et-de-la-recherche-scientifique\\\/#primaryimage\",\"url\":\"https:\\\/\\\/csefrs.lifemoz.com\\\/wp-content\\\/uploads\\\/2025\\\/12\\\/Capture-decran-2021-12-28-a-11.48.54.png\",\"contentUrl\":\"https:\\\/\\\/csefrs.lifemoz.com\\\/wp-content\\\/uploads\\\/2025\\\/12\\\/Capture-decran-2021-12-28-a-11.48.54.png\",\"width\":830,\"height\":1174},{\"@type\":\"BreadcrumbList\",\"@id\":\"https:\\\/\\\/csefrs.lifemoz.com\\\/fr\\\/publications\\\/avis-du-conseil-relatif-au-projet-de-loi-n-63-21-portant-organisation-de-lenseignement-superieur-et-de-la-recherche-scientifique\\\/#breadcrumb\",\"itemListElement\":[{\"@type\":\"ListItem\",\"position\":1,\"name\":\"Accueil\",\"item\":\"https:\\\/\\\/csefrs.lifemoz.com\\\/fr\\\/\"},{\"@type\":\"ListItem\",\"position\":2,\"name\":\"Publications\",\"item\":\"https:\\\/\\\/csefrs.lifemoz.com\\\/\u0627\u0644\u0645\u0646\u0634\u0648\u0631\u0627\u062a\\\/\"},{\"@type\":\"ListItem\",\"position\":3,\"name\":\"Avis du Conseil relatif au projet de loi n\u00b0 63.21 portant organisation de l\u2019enseignement sup\u00e9rieur et de la recherche scientifique\"}]},{\"@type\":\"WebSite\",\"@id\":\"https:\\\/\\\/csefrs.lifemoz.com\\\/#website\",\"url\":\"https:\\\/\\\/csefrs.lifemoz.com\\\/\",\"name\":\"Conseil sup\u00e9rieur de l\u2019\u00e9ducation, de la formation et de la recherche scientifique\",\"description\":\"\",\"potentialAction\":[{\"@type\":\"SearchAction\",\"target\":{\"@type\":\"EntryPoint\",\"urlTemplate\":\"https:\\\/\\\/csefrs.lifemoz.com\\\/?s={search_term_string}\"},\"query-input\":{\"@type\":\"PropertyValueSpecification\",\"valueRequired\":true,\"valueName\":\"search_term_string\"}}],\"inLanguage\":\"fr-FR\"}]}<\/script>\n<!-- \/ Yoast SEO plugin. -->","yoast_head_json":{"title":"Avis du Conseil relatif au projet de loi n\u00b0 63.21 portant organisation de l\u2019enseignement sup\u00e9rieur et de la recherche scientifique - Conseil sup\u00e9rieur de l\u2019\u00e9ducation, de la formation et de la recherche scientifique","robots":{"index":"noindex","follow":"follow","max-snippet":"max-snippet:-1","max-image-preview":"max-image-preview:large","max-video-preview":"max-video-preview:-1"},"og_locale":"fr_FR","og_type":"article","og_title":"Avis du Conseil relatif au projet de loi n\u00b0 63.21 portant organisation de l\u2019enseignement sup\u00e9rieur et de la recherche scientifique - Conseil sup\u00e9rieur de l\u2019\u00e9ducation, de la formation et de la recherche scientifique","og_description":"Le Conseil, \u00e0 travers cet avis, propose une contribution pour enrichir et affiner les dispositions l\u00e9gislatives du projet de loi et pour renforcer son alignement avec les pr\u00e9requis de la r\u00e9forme et son r\u00e9f\u00e9rentiel. Ses propositions appellent \u00e0 l\u2019adoption d\u2019une approche globale, align\u00e9e avec les principes et fondamentaux de la r\u00e9forme et capable d\u2019induire des&hellip;","og_url":"https:\/\/csefrs.lifemoz.com\/fr\/publications\/avis-du-conseil-relatif-au-projet-de-loi-n-63-21-portant-organisation-de-lenseignement-superieur-et-de-la-recherche-scientifique\/","og_site_name":"Conseil sup\u00e9rieur de l\u2019\u00e9ducation, de la formation et de la recherche scientifique","article_modified_time":"2026-02-08T13:08:27+00:00","og_image":[{"width":830,"height":1174,"url":"https:\/\/csefrs.lifemoz.com\/wp-content\/uploads\/2025\/12\/Capture-decran-2021-12-28-a-11.48.54.png","type":"image\/png"}],"twitter_card":"summary_large_image","twitter_misc":{"Dur\u00e9e de lecture estim\u00e9e":"1 minute"},"schema":{"@context":"https:\/\/schema.org","@graph":[{"@type":"WebPage","@id":"https:\/\/csefrs.lifemoz.com\/fr\/publications\/avis-du-conseil-relatif-au-projet-de-loi-n-63-21-portant-organisation-de-lenseignement-superieur-et-de-la-recherche-scientifique\/","url":"https:\/\/csefrs.lifemoz.com\/fr\/publications\/avis-du-conseil-relatif-au-projet-de-loi-n-63-21-portant-organisation-de-lenseignement-superieur-et-de-la-recherche-scientifique\/","name":"Avis du Conseil relatif au projet de loi n\u00b0 63.21 portant organisation de l\u2019enseignement sup\u00e9rieur et de la recherche scientifique - Conseil sup\u00e9rieur de l\u2019\u00e9ducation, de la formation et de la recherche scientifique","isPartOf":{"@id":"https:\/\/csefrs.lifemoz.com\/#website"},"primaryImageOfPage":{"@id":"https:\/\/csefrs.lifemoz.com\/fr\/publications\/avis-du-conseil-relatif-au-projet-de-loi-n-63-21-portant-organisation-de-lenseignement-superieur-et-de-la-recherche-scientifique\/#primaryimage"},"image":{"@id":"https:\/\/csefrs.lifemoz.com\/fr\/publications\/avis-du-conseil-relatif-au-projet-de-loi-n-63-21-portant-organisation-de-lenseignement-superieur-et-de-la-recherche-scientifique\/#primaryimage"},"thumbnailUrl":"https:\/\/csefrs.lifemoz.com\/wp-content\/uploads\/2025\/12\/Capture-decran-2021-12-28-a-11.48.54.png","datePublished":"2021-12-27T23:00:00+00:00","dateModified":"2026-02-08T13:08:27+00:00","breadcrumb":{"@id":"https:\/\/csefrs.lifemoz.com\/fr\/publications\/avis-du-conseil-relatif-au-projet-de-loi-n-63-21-portant-organisation-de-lenseignement-superieur-et-de-la-recherche-scientifique\/#breadcrumb"},"inLanguage":"fr-FR","potentialAction":[{"@type":"ReadAction","target":["https:\/\/csefrs.lifemoz.com\/fr\/publications\/avis-du-conseil-relatif-au-projet-de-loi-n-63-21-portant-organisation-de-lenseignement-superieur-et-de-la-recherche-scientifique\/"]}]},{"@type":"ImageObject","inLanguage":"fr-FR","@id":"https:\/\/csefrs.lifemoz.com\/fr\/publications\/avis-du-conseil-relatif-au-projet-de-loi-n-63-21-portant-organisation-de-lenseignement-superieur-et-de-la-recherche-scientifique\/#primaryimage","url":"https:\/\/csefrs.lifemoz.com\/wp-content\/uploads\/2025\/12\/Capture-decran-2021-12-28-a-11.48.54.png","contentUrl":"https:\/\/csefrs.lifemoz.com\/wp-content\/uploads\/2025\/12\/Capture-decran-2021-12-28-a-11.48.54.png","width":830,"height":1174},{"@type":"BreadcrumbList","@id":"https:\/\/csefrs.lifemoz.com\/fr\/publications\/avis-du-conseil-relatif-au-projet-de-loi-n-63-21-portant-organisation-de-lenseignement-superieur-et-de-la-recherche-scientifique\/#breadcrumb","itemListElement":[{"@type":"ListItem","position":1,"name":"Accueil","item":"https:\/\/csefrs.lifemoz.com\/fr\/"},{"@type":"ListItem","position":2,"name":"Publications","item":"https:\/\/csefrs.lifemoz.com\/\u0627\u0644\u0645\u0646\u0634\u0648\u0631\u0627\u062a\/"},{"@type":"ListItem","position":3,"name":"Avis du Conseil relatif au projet de loi n\u00b0 63.21 portant organisation de l\u2019enseignement sup\u00e9rieur et de la recherche scientifique"}]},{"@type":"WebSite","@id":"https:\/\/csefrs.lifemoz.com\/#website","url":"https:\/\/csefrs.lifemoz.com\/","name":"Conseil sup\u00e9rieur de l\u2019\u00e9ducation, de la formation et de la recherche scientifique","description":"","potentialAction":[{"@type":"SearchAction","target":{"@type":"EntryPoint","urlTemplate":"https:\/\/csefrs.lifemoz.com\/?s={search_term_string}"},"query-input":{"@type":"PropertyValueSpecification","valueRequired":true,"valueName":"search_term_string"}}],"inLanguage":"fr-FR"}]}},"_links":{"self":[{"href":"https:\/\/csefrs.lifemoz.com\/fr\/wp-json\/wp\/v2\/product\/37580","targetHints":{"allow":["GET"]}}],"collection":[{"href":"https:\/\/csefrs.lifemoz.com\/fr\/wp-json\/wp\/v2\/product"}],"about":[{"href":"https:\/\/csefrs.lifemoz.com\/fr\/wp-json\/wp\/v2\/types\/product"}],"wp:featuredmedia":[{"embeddable":true,"href":"https:\/\/csefrs.lifemoz.com\/fr\/wp-json\/wp\/v2\/media\/36460"}],"wp:attachment":[{"href":"https:\/\/csefrs.lifemoz.com\/fr\/wp-json\/wp\/v2\/media?parent=37580"}],"wp:term":[{"taxonomy":"product_brand","embeddable":true,"href":"https:\/\/csefrs.lifemoz.com\/fr\/wp-json\/wp\/v2\/product_brand?post=37580"},{"taxonomy":"product_cat","embeddable":true,"href":"https:\/\/csefrs.lifemoz.com\/fr\/wp-json\/wp\/v2\/product_cat?post=37580"},{"taxonomy":"product_tag","embeddable":true,"href":"https:\/\/csefrs.lifemoz.com\/fr\/wp-json\/wp\/v2\/product_tag?post=37580"}],"curies":[{"name":"wp","href":"https:\/\/api.w.org\/{rel}","templated":true}]}}