{"id":37576,"date":"2021-12-28T00:00:00","date_gmt":"2021-12-27T23:00:00","guid":{"rendered":"https:\/\/csefrs.lifemoz.com\/\u0627\u0644\u0645\u0646\u0634\u0648\u0631\u0627\u062a\/avis-du-conseil-relatif-au-projet-de-decret-fixant-la-composition-de-la-commission-permanente-de-renouvellement-et-dadaptation-des-curricula-et-des-programmes-ainsi-que-ses-groupes-de-travail-et-les\/"},"modified":"2026-02-08T14:08:26","modified_gmt":"2026-02-08T13:08:26","slug":"avis-du-conseil-relatif-au-projet-de-decret-fixant-la-composition-de-la-commission-permanente-de-renouvellement-et-dadaptation-des-curricula-et-des-programmes-ainsi-que-ses-groupes-de-travail-et-les","status":"publish","type":"product","link":"https:\/\/csefrs.lifemoz.com\/fr\/publications\/avis-du-conseil-relatif-au-projet-de-decret-fixant-la-composition-de-la-commission-permanente-de-renouvellement-et-dadaptation-des-curricula-et-des-programmes-ainsi-que-ses-groupes-de-travail-et-les\/","title":{"rendered":"Avis du Conseil relatif au projet de d\u00e9cret fixant la composition de la commission permanente de renouvellement et d&rsquo;adaptation des curricula et des programmes, ainsi que ses groupes de travail et les modalit\u00e9s de son fonctionnement"},"content":{"rendered":"<p>Le pr\u00e9sent avis s\u2019articule autour d\u2019un ensemble de propositions et de recommandations qui visent \u00e0 contribuer \u00e0 l\u2019explicitation des contenus du projet de d\u00e9cret afin qu\u2019il r\u00e9unisse les conditions n\u00e9cessaires \u00e0 son alignement avec les principes et fondamentaux de la r\u00e9forme.<br \/>\nL\u2019avis souligne \u00e9galement l\u2019importance des curricula et des programmes en tant que levier essentiel d\u2019am\u00e9lioration de la qualit\u00e9 de l\u2019\u00e9ducation et de la formation, lequel levier constitue l\u2019un des trois piliers de la r\u00e9forme aux c\u00f4t\u00e9s de l\u2019\u00e9quit\u00e9 et de la promotion de l\u2019individu et de la soci\u00e9t\u00e9.<\/p>\n<p style=\"text-align: justify;\"><a class=\"download-button-intern-fr\" href=\"https:\/\/csefrs.lifemoz.com\/wp-content\/uploads\/2021\/12\/Avis-N8-curricula-VF.pdf\" target=\"_blank\" rel=\"noopener\">T\u00e9l\u00e9charger l&rsquo;avis (disponible en arabe)<\/a><\/p>\n","protected":false},"excerpt":{"rendered":"<p>Le pr\u00e9sent avis s\u2019articule autour d\u2019un ensemble de propositions et de recommandations qui visent \u00e0 contribuer \u00e0 l\u2019explicitation des contenus du projet de d\u00e9cret afin qu\u2019il r\u00e9unisse les conditions n\u00e9cessaires \u00e0 son alignement avec les principes et fondamentaux de la r\u00e9forme. L\u2019avis souligne \u00e9galement l\u2019importance des curricula et des programmes en tant que levier essentiel&hellip;<\/p>\n","protected":false},"featured_media":36456,"template":"","meta":[],"product_brand":[],"product_cat":[507],"product_tag":[],"class_list":{"0":"post-37576","1":"product","2":"type-product","3":"status-publish","4":"has-post-thumbnail","6":"product_cat-avis-saisine","7":"description-off","9":"first","10":"instock","11":"downloadable","12":"virtual","13":"sold-individually","14":"purchasable","15":"product-type-simple"},"yoast_head":"<!-- This site is optimized with the Yoast SEO plugin v27.5 - https:\/\/yoast.com\/product\/yoast-seo-wordpress\/ -->\n<title>Avis du Conseil relatif au projet de d\u00e9cret fixant la composition de la commission permanente de renouvellement et d&#039;adaptation des curricula et des programmes, ainsi que ses groupes de travail et les modalit\u00e9s de son fonctionnement - Conseil sup\u00e9rieur de l\u2019\u00e9ducation, de la formation et de la recherche scientifique<\/title>\n<meta name=\"robots\" content=\"noindex, follow, max-snippet:-1, max-image-preview:large, max-video-preview:-1\" \/>\n<meta property=\"og:locale\" content=\"fr_FR\" \/>\n<meta property=\"og:type\" content=\"article\" \/>\n<meta property=\"og:title\" content=\"Avis du Conseil relatif au projet de d\u00e9cret fixant la composition de la commission permanente de renouvellement et d&#039;adaptation des curricula et des programmes, ainsi que ses groupes de travail et les modalit\u00e9s de son fonctionnement - Conseil sup\u00e9rieur de l\u2019\u00e9ducation, de la formation et de la recherche scientifique\" \/>\n<meta property=\"og:description\" content=\"Le pr\u00e9sent avis s\u2019articule autour d\u2019un ensemble de propositions et de recommandations qui visent \u00e0 contribuer \u00e0 l\u2019explicitation des contenus du projet de d\u00e9cret afin qu\u2019il r\u00e9unisse les conditions n\u00e9cessaires \u00e0 son alignement avec les principes et fondamentaux de la r\u00e9forme. L\u2019avis souligne \u00e9galement l\u2019importance des curricula et des programmes en tant que levier essentiel&hellip;\" \/>\n<meta property=\"og:url\" content=\"https:\/\/csefrs.lifemoz.com\/fr\/publications\/avis-du-conseil-relatif-au-projet-de-decret-fixant-la-composition-de-la-commission-permanente-de-renouvellement-et-dadaptation-des-curricula-et-des-programmes-ainsi-que-ses-groupes-de-travail-et-les\/\" \/>\n<meta property=\"og:site_name\" content=\"Conseil sup\u00e9rieur de l\u2019\u00e9ducation, de la formation et de la recherche scientifique\" \/>\n<meta property=\"article:modified_time\" content=\"2026-02-08T13:08:26+00:00\" \/>\n<meta property=\"og:image\" content=\"https:\/\/csefrs.lifemoz.com\/wp-content\/uploads\/2025\/12\/Capture-decran-2021-12-28-a-11.48.30.png\" \/>\n\t<meta property=\"og:image:width\" content=\"829\" \/>\n\t<meta property=\"og:image:height\" content=\"1176\" \/>\n\t<meta property=\"og:image:type\" content=\"image\/png\" \/>\n<meta name=\"twitter:card\" content=\"summary_large_image\" \/>\n<meta name=\"twitter:label1\" content=\"Dur\u00e9e de lecture estim\u00e9e\" \/>\n\t<meta name=\"twitter:data1\" content=\"1 minute\" \/>\n<script type=\"application\/ld+json\" class=\"yoast-schema-graph\">{\"@context\":\"https:\\\/\\\/schema.org\",\"@graph\":[{\"@type\":\"WebPage\",\"@id\":\"https:\\\/\\\/csefrs.lifemoz.com\\\/fr\\\/publications\\\/avis-du-conseil-relatif-au-projet-de-decret-fixant-la-composition-de-la-commission-permanente-de-renouvellement-et-dadaptation-des-curricula-et-des-programmes-ainsi-que-ses-groupes-de-travail-et-les\\\/\",\"url\":\"https:\\\/\\\/csefrs.lifemoz.com\\\/fr\\\/publications\\\/avis-du-conseil-relatif-au-projet-de-decret-fixant-la-composition-de-la-commission-permanente-de-renouvellement-et-dadaptation-des-curricula-et-des-programmes-ainsi-que-ses-groupes-de-travail-et-les\\\/\",\"name\":\"Avis du Conseil relatif au projet de d\u00e9cret fixant la composition de la commission permanente de renouvellement et d'adaptation des curricula et des programmes, ainsi que ses groupes de travail et les modalit\u00e9s de son fonctionnement - Conseil sup\u00e9rieur de l\u2019\u00e9ducation, de la formation et de la recherche scientifique\",\"isPartOf\":{\"@id\":\"https:\\\/\\\/csefrs.lifemoz.com\\\/#website\"},\"primaryImageOfPage\":{\"@id\":\"https:\\\/\\\/csefrs.lifemoz.com\\\/fr\\\/publications\\\/avis-du-conseil-relatif-au-projet-de-decret-fixant-la-composition-de-la-commission-permanente-de-renouvellement-et-dadaptation-des-curricula-et-des-programmes-ainsi-que-ses-groupes-de-travail-et-les\\\/#primaryimage\"},\"image\":{\"@id\":\"https:\\\/\\\/csefrs.lifemoz.com\\\/fr\\\/publications\\\/avis-du-conseil-relatif-au-projet-de-decret-fixant-la-composition-de-la-commission-permanente-de-renouvellement-et-dadaptation-des-curricula-et-des-programmes-ainsi-que-ses-groupes-de-travail-et-les\\\/#primaryimage\"},\"thumbnailUrl\":\"https:\\\/\\\/csefrs.lifemoz.com\\\/wp-content\\\/uploads\\\/2025\\\/12\\\/Capture-decran-2021-12-28-a-11.48.30.png\",\"datePublished\":\"2021-12-27T23:00:00+00:00\",\"dateModified\":\"2026-02-08T13:08:26+00:00\",\"breadcrumb\":{\"@id\":\"https:\\\/\\\/csefrs.lifemoz.com\\\/fr\\\/publications\\\/avis-du-conseil-relatif-au-projet-de-decret-fixant-la-composition-de-la-commission-permanente-de-renouvellement-et-dadaptation-des-curricula-et-des-programmes-ainsi-que-ses-groupes-de-travail-et-les\\\/#breadcrumb\"},\"inLanguage\":\"fr-FR\",\"potentialAction\":[{\"@type\":\"ReadAction\",\"target\":[\"https:\\\/\\\/csefrs.lifemoz.com\\\/fr\\\/publications\\\/avis-du-conseil-relatif-au-projet-de-decret-fixant-la-composition-de-la-commission-permanente-de-renouvellement-et-dadaptation-des-curricula-et-des-programmes-ainsi-que-ses-groupes-de-travail-et-les\\\/\"]}]},{\"@type\":\"ImageObject\",\"inLanguage\":\"fr-FR\",\"@id\":\"https:\\\/\\\/csefrs.lifemoz.com\\\/fr\\\/publications\\\/avis-du-conseil-relatif-au-projet-de-decret-fixant-la-composition-de-la-commission-permanente-de-renouvellement-et-dadaptation-des-curricula-et-des-programmes-ainsi-que-ses-groupes-de-travail-et-les\\\/#primaryimage\",\"url\":\"https:\\\/\\\/csefrs.lifemoz.com\\\/wp-content\\\/uploads\\\/2025\\\/12\\\/Capture-decran-2021-12-28-a-11.48.30.png\",\"contentUrl\":\"https:\\\/\\\/csefrs.lifemoz.com\\\/wp-content\\\/uploads\\\/2025\\\/12\\\/Capture-decran-2021-12-28-a-11.48.30.png\",\"width\":829,\"height\":1176},{\"@type\":\"BreadcrumbList\",\"@id\":\"https:\\\/\\\/csefrs.lifemoz.com\\\/fr\\\/publications\\\/avis-du-conseil-relatif-au-projet-de-decret-fixant-la-composition-de-la-commission-permanente-de-renouvellement-et-dadaptation-des-curricula-et-des-programmes-ainsi-que-ses-groupes-de-travail-et-les\\\/#breadcrumb\",\"itemListElement\":[{\"@type\":\"ListItem\",\"position\":1,\"name\":\"Accueil\",\"item\":\"https:\\\/\\\/csefrs.lifemoz.com\\\/fr\\\/\"},{\"@type\":\"ListItem\",\"position\":2,\"name\":\"Publications\",\"item\":\"https:\\\/\\\/csefrs.lifemoz.com\\\/\u0627\u0644\u0645\u0646\u0634\u0648\u0631\u0627\u062a\\\/\"},{\"@type\":\"ListItem\",\"position\":3,\"name\":\"Avis du Conseil relatif au projet de d\u00e9cret fixant la composition de la commission permanente de renouvellement et d&rsquo;adaptation des curricula et des programmes, ainsi que ses groupes de travail et les modalit\u00e9s de son fonctionnement\"}]},{\"@type\":\"WebSite\",\"@id\":\"https:\\\/\\\/csefrs.lifemoz.com\\\/#website\",\"url\":\"https:\\\/\\\/csefrs.lifemoz.com\\\/\",\"name\":\"Conseil sup\u00e9rieur de l\u2019\u00e9ducation, de la formation et de la recherche scientifique\",\"description\":\"\",\"potentialAction\":[{\"@type\":\"SearchAction\",\"target\":{\"@type\":\"EntryPoint\",\"urlTemplate\":\"https:\\\/\\\/csefrs.lifemoz.com\\\/?s={search_term_string}\"},\"query-input\":{\"@type\":\"PropertyValueSpecification\",\"valueRequired\":true,\"valueName\":\"search_term_string\"}}],\"inLanguage\":\"fr-FR\"}]}<\/script>\n<!-- \/ Yoast SEO plugin. -->","yoast_head_json":{"title":"Avis du Conseil relatif au projet de d\u00e9cret fixant la composition de la commission permanente de renouvellement et d'adaptation des curricula et des programmes, ainsi que ses groupes de travail et les modalit\u00e9s de son fonctionnement - Conseil sup\u00e9rieur de l\u2019\u00e9ducation, de la formation et de la recherche scientifique","robots":{"index":"noindex","follow":"follow","max-snippet":"max-snippet:-1","max-image-preview":"max-image-preview:large","max-video-preview":"max-video-preview:-1"},"og_locale":"fr_FR","og_type":"article","og_title":"Avis du Conseil relatif au projet de d\u00e9cret fixant la composition de la commission permanente de renouvellement et d'adaptation des curricula et des programmes, ainsi que ses groupes de travail et les modalit\u00e9s de son fonctionnement - Conseil sup\u00e9rieur de l\u2019\u00e9ducation, de la formation et de la recherche scientifique","og_description":"Le pr\u00e9sent avis s\u2019articule autour d\u2019un ensemble de propositions et de recommandations qui visent \u00e0 contribuer \u00e0 l\u2019explicitation des contenus du projet de d\u00e9cret afin qu\u2019il r\u00e9unisse les conditions n\u00e9cessaires \u00e0 son alignement avec les principes et fondamentaux de la r\u00e9forme. L\u2019avis souligne \u00e9galement l\u2019importance des curricula et des programmes en tant que levier essentiel&hellip;","og_url":"https:\/\/csefrs.lifemoz.com\/fr\/publications\/avis-du-conseil-relatif-au-projet-de-decret-fixant-la-composition-de-la-commission-permanente-de-renouvellement-et-dadaptation-des-curricula-et-des-programmes-ainsi-que-ses-groupes-de-travail-et-les\/","og_site_name":"Conseil sup\u00e9rieur de l\u2019\u00e9ducation, de la formation et de la recherche scientifique","article_modified_time":"2026-02-08T13:08:26+00:00","og_image":[{"width":829,"height":1176,"url":"https:\/\/csefrs.lifemoz.com\/wp-content\/uploads\/2025\/12\/Capture-decran-2021-12-28-a-11.48.30.png","type":"image\/png"}],"twitter_card":"summary_large_image","twitter_misc":{"Dur\u00e9e de lecture estim\u00e9e":"1 minute"},"schema":{"@context":"https:\/\/schema.org","@graph":[{"@type":"WebPage","@id":"https:\/\/csefrs.lifemoz.com\/fr\/publications\/avis-du-conseil-relatif-au-projet-de-decret-fixant-la-composition-de-la-commission-permanente-de-renouvellement-et-dadaptation-des-curricula-et-des-programmes-ainsi-que-ses-groupes-de-travail-et-les\/","url":"https:\/\/csefrs.lifemoz.com\/fr\/publications\/avis-du-conseil-relatif-au-projet-de-decret-fixant-la-composition-de-la-commission-permanente-de-renouvellement-et-dadaptation-des-curricula-et-des-programmes-ainsi-que-ses-groupes-de-travail-et-les\/","name":"Avis du Conseil relatif au projet de d\u00e9cret fixant la composition de la commission permanente de renouvellement et d'adaptation des curricula et des programmes, ainsi que ses groupes de travail et les modalit\u00e9s de son fonctionnement - Conseil sup\u00e9rieur de l\u2019\u00e9ducation, de la formation et de la recherche scientifique","isPartOf":{"@id":"https:\/\/csefrs.lifemoz.com\/#website"},"primaryImageOfPage":{"@id":"https:\/\/csefrs.lifemoz.com\/fr\/publications\/avis-du-conseil-relatif-au-projet-de-decret-fixant-la-composition-de-la-commission-permanente-de-renouvellement-et-dadaptation-des-curricula-et-des-programmes-ainsi-que-ses-groupes-de-travail-et-les\/#primaryimage"},"image":{"@id":"https:\/\/csefrs.lifemoz.com\/fr\/publications\/avis-du-conseil-relatif-au-projet-de-decret-fixant-la-composition-de-la-commission-permanente-de-renouvellement-et-dadaptation-des-curricula-et-des-programmes-ainsi-que-ses-groupes-de-travail-et-les\/#primaryimage"},"thumbnailUrl":"https:\/\/csefrs.lifemoz.com\/wp-content\/uploads\/2025\/12\/Capture-decran-2021-12-28-a-11.48.30.png","datePublished":"2021-12-27T23:00:00+00:00","dateModified":"2026-02-08T13:08:26+00:00","breadcrumb":{"@id":"https:\/\/csefrs.lifemoz.com\/fr\/publications\/avis-du-conseil-relatif-au-projet-de-decret-fixant-la-composition-de-la-commission-permanente-de-renouvellement-et-dadaptation-des-curricula-et-des-programmes-ainsi-que-ses-groupes-de-travail-et-les\/#breadcrumb"},"inLanguage":"fr-FR","potentialAction":[{"@type":"ReadAction","target":["https:\/\/csefrs.lifemoz.com\/fr\/publications\/avis-du-conseil-relatif-au-projet-de-decret-fixant-la-composition-de-la-commission-permanente-de-renouvellement-et-dadaptation-des-curricula-et-des-programmes-ainsi-que-ses-groupes-de-travail-et-les\/"]}]},{"@type":"ImageObject","inLanguage":"fr-FR","@id":"https:\/\/csefrs.lifemoz.com\/fr\/publications\/avis-du-conseil-relatif-au-projet-de-decret-fixant-la-composition-de-la-commission-permanente-de-renouvellement-et-dadaptation-des-curricula-et-des-programmes-ainsi-que-ses-groupes-de-travail-et-les\/#primaryimage","url":"https:\/\/csefrs.lifemoz.com\/wp-content\/uploads\/2025\/12\/Capture-decran-2021-12-28-a-11.48.30.png","contentUrl":"https:\/\/csefrs.lifemoz.com\/wp-content\/uploads\/2025\/12\/Capture-decran-2021-12-28-a-11.48.30.png","width":829,"height":1176},{"@type":"BreadcrumbList","@id":"https:\/\/csefrs.lifemoz.com\/fr\/publications\/avis-du-conseil-relatif-au-projet-de-decret-fixant-la-composition-de-la-commission-permanente-de-renouvellement-et-dadaptation-des-curricula-et-des-programmes-ainsi-que-ses-groupes-de-travail-et-les\/#breadcrumb","itemListElement":[{"@type":"ListItem","position":1,"name":"Accueil","item":"https:\/\/csefrs.lifemoz.com\/fr\/"},{"@type":"ListItem","position":2,"name":"Publications","item":"https:\/\/csefrs.lifemoz.com\/\u0627\u0644\u0645\u0646\u0634\u0648\u0631\u0627\u062a\/"},{"@type":"ListItem","position":3,"name":"Avis du Conseil relatif au projet de d\u00e9cret fixant la composition de la commission permanente de renouvellement et d&rsquo;adaptation des curricula et des programmes, ainsi que ses groupes de travail et les modalit\u00e9s de son fonctionnement"}]},{"@type":"WebSite","@id":"https:\/\/csefrs.lifemoz.com\/#website","url":"https:\/\/csefrs.lifemoz.com\/","name":"Conseil sup\u00e9rieur de l\u2019\u00e9ducation, de la formation et de la recherche scientifique","description":"","potentialAction":[{"@type":"SearchAction","target":{"@type":"EntryPoint","urlTemplate":"https:\/\/csefrs.lifemoz.com\/?s={search_term_string}"},"query-input":{"@type":"PropertyValueSpecification","valueRequired":true,"valueName":"search_term_string"}}],"inLanguage":"fr-FR"}]}},"_links":{"self":[{"href":"https:\/\/csefrs.lifemoz.com\/fr\/wp-json\/wp\/v2\/product\/37576","targetHints":{"allow":["GET"]}}],"collection":[{"href":"https:\/\/csefrs.lifemoz.com\/fr\/wp-json\/wp\/v2\/product"}],"about":[{"href":"https:\/\/csefrs.lifemoz.com\/fr\/wp-json\/wp\/v2\/types\/product"}],"wp:featuredmedia":[{"embeddable":true,"href":"https:\/\/csefrs.lifemoz.com\/fr\/wp-json\/wp\/v2\/media\/36456"}],"wp:attachment":[{"href":"https:\/\/csefrs.lifemoz.com\/fr\/wp-json\/wp\/v2\/media?parent=37576"}],"wp:term":[{"taxonomy":"product_brand","embeddable":true,"href":"https:\/\/csefrs.lifemoz.com\/fr\/wp-json\/wp\/v2\/product_brand?post=37576"},{"taxonomy":"product_cat","embeddable":true,"href":"https:\/\/csefrs.lifemoz.com\/fr\/wp-json\/wp\/v2\/product_cat?post=37576"},{"taxonomy":"product_tag","embeddable":true,"href":"https:\/\/csefrs.lifemoz.com\/fr\/wp-json\/wp\/v2\/product_tag?post=37576"}],"curies":[{"name":"wp","href":"https:\/\/api.w.org\/{rel}","templated":true}]}}