{"id":37572,"date":"2021-12-28T00:00:00","date_gmt":"2021-12-27T23:00:00","guid":{"rendered":"https:\/\/csefrs.lifemoz.com\/\u0627\u0644\u0645\u0646\u0634\u0648\u0631\u0627\u062a\/avis-du-conseil-relatif-au-referentiel-des-emplois-et-des-competences-des-educatrices-et-educateurs-de-lenseignement-prescolaire\/"},"modified":"2026-02-08T14:08:26","modified_gmt":"2026-02-08T13:08:26","slug":"avis-du-conseil-relatif-au-referentiel-des-emplois-et-des-competences-des-educatrices-et-educateurs-de-lenseignement-prescolaire","status":"publish","type":"product","link":"https:\/\/csefrs.lifemoz.com\/fr\/publications\/avis-du-conseil-relatif-au-referentiel-des-emplois-et-des-competences-des-educatrices-et-educateurs-de-lenseignement-prescolaire\/","title":{"rendered":"Avis du Conseil relatif au r\u00e9f\u00e9rentiel des emplois et des comp\u00e9tences des \u00e9ducatrices et \u00e9ducateurs de l\u2019enseignement pr\u00e9scolaire"},"content":{"rendered":"<p>L\u2019avis du Conseil recommande d\u2019affiner le r\u00e9f\u00e9rentiel des emplois et des comp\u00e9tences et de l\u2019enrichir pour y int\u00e9grer les \u00e9l\u00e9ments requis par \u00e0 un r\u00e9f\u00e9rentiel d\u2019un m\u00e9tier \u00e9ducatif qui exige des comp\u00e9tences sp\u00e9cifiques et de haut niveau. Ce m\u00e9tier puisqu\u2019il concerne la prise en charge d\u2019enfants \u00e0 un \u00e2ge critique et tr\u00e8s sensible de leur d\u00e9veloppement, requiert une grande capacit\u00e9 d\u2019adaptation et d\u2019initiative, ainsi qu\u2019une autonomie pour interagir positivement avec la diversit\u00e9 et la pluralit\u00e9 des situations et des besoins des enfants.<\/p>\n<p style=\"text-align: justify;\"><a class=\"download-button-intern-fr\" href=\"https:\/\/csefrs.lifemoz.com\/wp-content\/uploads\/2021\/12\/avis-N6-pre\u0301scolaire-VF.pdf\" target=\"_blank\" rel=\"noopener\">T\u00e9l\u00e9charger l&rsquo;avis (Disponible en arabe)<\/a><\/p>\n","protected":false},"excerpt":{"rendered":"<p>L\u2019avis du Conseil recommande d\u2019affiner le r\u00e9f\u00e9rentiel des emplois et des comp\u00e9tences et de l\u2019enrichir pour y int\u00e9grer les \u00e9l\u00e9ments requis par \u00e0 un r\u00e9f\u00e9rentiel d\u2019un m\u00e9tier \u00e9ducatif qui exige des comp\u00e9tences sp\u00e9cifiques et de haut niveau. Ce m\u00e9tier puisqu\u2019il concerne la prise en charge d\u2019enfants \u00e0 un \u00e2ge critique et tr\u00e8s sensible de leur&hellip;<\/p>\n","protected":false},"featured_media":36452,"template":"","meta":[],"product_brand":[],"product_cat":[507],"product_tag":[],"class_list":{"0":"post-37572","1":"product","2":"type-product","3":"status-publish","4":"has-post-thumbnail","6":"product_cat-avis-saisine","7":"description-off","9":"first","10":"instock","11":"downloadable","12":"virtual","13":"sold-individually","14":"purchasable","15":"product-type-simple"},"yoast_head":"<!-- This site is optimized with the Yoast SEO plugin v27.5 - https:\/\/yoast.com\/product\/yoast-seo-wordpress\/ -->\n<title>Avis du Conseil relatif au r\u00e9f\u00e9rentiel des emplois et des comp\u00e9tences des \u00e9ducatrices et \u00e9ducateurs de l\u2019enseignement pr\u00e9scolaire - Conseil sup\u00e9rieur de l\u2019\u00e9ducation, de la formation et de la recherche scientifique<\/title>\n<meta name=\"robots\" content=\"noindex, follow, max-snippet:-1, max-image-preview:large, max-video-preview:-1\" \/>\n<meta property=\"og:locale\" content=\"fr_FR\" \/>\n<meta property=\"og:type\" content=\"article\" \/>\n<meta property=\"og:title\" content=\"Avis du Conseil relatif au r\u00e9f\u00e9rentiel des emplois et des comp\u00e9tences des \u00e9ducatrices et \u00e9ducateurs de l\u2019enseignement pr\u00e9scolaire - Conseil sup\u00e9rieur de l\u2019\u00e9ducation, de la formation et de la recherche scientifique\" \/>\n<meta property=\"og:description\" content=\"L\u2019avis du Conseil recommande d\u2019affiner le r\u00e9f\u00e9rentiel des emplois et des comp\u00e9tences et de l\u2019enrichir pour y int\u00e9grer les \u00e9l\u00e9ments requis par \u00e0 un r\u00e9f\u00e9rentiel d\u2019un m\u00e9tier \u00e9ducatif qui exige des comp\u00e9tences sp\u00e9cifiques et de haut niveau. Ce m\u00e9tier puisqu\u2019il concerne la prise en charge d\u2019enfants \u00e0 un \u00e2ge critique et tr\u00e8s sensible de leur&hellip;\" \/>\n<meta property=\"og:url\" content=\"https:\/\/csefrs.lifemoz.com\/fr\/publications\/avis-du-conseil-relatif-au-referentiel-des-emplois-et-des-competences-des-educatrices-et-educateurs-de-lenseignement-prescolaire\/\" \/>\n<meta property=\"og:site_name\" content=\"Conseil sup\u00e9rieur de l\u2019\u00e9ducation, de la formation et de la recherche scientifique\" \/>\n<meta property=\"article:modified_time\" content=\"2026-02-08T13:08:26+00:00\" \/>\n<meta property=\"og:image\" content=\"https:\/\/csefrs.lifemoz.com\/wp-content\/uploads\/2025\/12\/Capture-decran-2021-12-28-a-11.48.06.png\" \/>\n\t<meta property=\"og:image:width\" content=\"722\" \/>\n\t<meta property=\"og:image:height\" content=\"1024\" \/>\n\t<meta property=\"og:image:type\" content=\"image\/png\" \/>\n<meta name=\"twitter:card\" content=\"summary_large_image\" \/>\n<meta name=\"twitter:label1\" content=\"Dur\u00e9e de lecture estim\u00e9e\" \/>\n\t<meta name=\"twitter:data1\" content=\"1 minute\" \/>\n<script type=\"application\/ld+json\" class=\"yoast-schema-graph\">{\"@context\":\"https:\\\/\\\/schema.org\",\"@graph\":[{\"@type\":\"WebPage\",\"@id\":\"https:\\\/\\\/csefrs.lifemoz.com\\\/fr\\\/publications\\\/avis-du-conseil-relatif-au-referentiel-des-emplois-et-des-competences-des-educatrices-et-educateurs-de-lenseignement-prescolaire\\\/\",\"url\":\"https:\\\/\\\/csefrs.lifemoz.com\\\/fr\\\/publications\\\/avis-du-conseil-relatif-au-referentiel-des-emplois-et-des-competences-des-educatrices-et-educateurs-de-lenseignement-prescolaire\\\/\",\"name\":\"Avis du Conseil relatif au r\u00e9f\u00e9rentiel des emplois et des comp\u00e9tences des \u00e9ducatrices et \u00e9ducateurs de l\u2019enseignement pr\u00e9scolaire - Conseil sup\u00e9rieur de l\u2019\u00e9ducation, de la formation et de la recherche scientifique\",\"isPartOf\":{\"@id\":\"https:\\\/\\\/csefrs.lifemoz.com\\\/#website\"},\"primaryImageOfPage\":{\"@id\":\"https:\\\/\\\/csefrs.lifemoz.com\\\/fr\\\/publications\\\/avis-du-conseil-relatif-au-referentiel-des-emplois-et-des-competences-des-educatrices-et-educateurs-de-lenseignement-prescolaire\\\/#primaryimage\"},\"image\":{\"@id\":\"https:\\\/\\\/csefrs.lifemoz.com\\\/fr\\\/publications\\\/avis-du-conseil-relatif-au-referentiel-des-emplois-et-des-competences-des-educatrices-et-educateurs-de-lenseignement-prescolaire\\\/#primaryimage\"},\"thumbnailUrl\":\"https:\\\/\\\/csefrs.lifemoz.com\\\/wp-content\\\/uploads\\\/2025\\\/12\\\/Capture-decran-2021-12-28-a-11.48.06.png\",\"datePublished\":\"2021-12-27T23:00:00+00:00\",\"dateModified\":\"2026-02-08T13:08:26+00:00\",\"breadcrumb\":{\"@id\":\"https:\\\/\\\/csefrs.lifemoz.com\\\/fr\\\/publications\\\/avis-du-conseil-relatif-au-referentiel-des-emplois-et-des-competences-des-educatrices-et-educateurs-de-lenseignement-prescolaire\\\/#breadcrumb\"},\"inLanguage\":\"fr-FR\",\"potentialAction\":[{\"@type\":\"ReadAction\",\"target\":[\"https:\\\/\\\/csefrs.lifemoz.com\\\/fr\\\/publications\\\/avis-du-conseil-relatif-au-referentiel-des-emplois-et-des-competences-des-educatrices-et-educateurs-de-lenseignement-prescolaire\\\/\"]}]},{\"@type\":\"ImageObject\",\"inLanguage\":\"fr-FR\",\"@id\":\"https:\\\/\\\/csefrs.lifemoz.com\\\/fr\\\/publications\\\/avis-du-conseil-relatif-au-referentiel-des-emplois-et-des-competences-des-educatrices-et-educateurs-de-lenseignement-prescolaire\\\/#primaryimage\",\"url\":\"https:\\\/\\\/csefrs.lifemoz.com\\\/wp-content\\\/uploads\\\/2025\\\/12\\\/Capture-decran-2021-12-28-a-11.48.06.png\",\"contentUrl\":\"https:\\\/\\\/csefrs.lifemoz.com\\\/wp-content\\\/uploads\\\/2025\\\/12\\\/Capture-decran-2021-12-28-a-11.48.06.png\",\"width\":722,\"height\":1024},{\"@type\":\"BreadcrumbList\",\"@id\":\"https:\\\/\\\/csefrs.lifemoz.com\\\/fr\\\/publications\\\/avis-du-conseil-relatif-au-referentiel-des-emplois-et-des-competences-des-educatrices-et-educateurs-de-lenseignement-prescolaire\\\/#breadcrumb\",\"itemListElement\":[{\"@type\":\"ListItem\",\"position\":1,\"name\":\"Accueil\",\"item\":\"https:\\\/\\\/csefrs.lifemoz.com\\\/fr\\\/\"},{\"@type\":\"ListItem\",\"position\":2,\"name\":\"Publications\",\"item\":\"https:\\\/\\\/csefrs.lifemoz.com\\\/\u0627\u0644\u0645\u0646\u0634\u0648\u0631\u0627\u062a\\\/\"},{\"@type\":\"ListItem\",\"position\":3,\"name\":\"Avis du Conseil relatif au r\u00e9f\u00e9rentiel des emplois et des comp\u00e9tences des \u00e9ducatrices et \u00e9ducateurs de l\u2019enseignement pr\u00e9scolaire\"}]},{\"@type\":\"WebSite\",\"@id\":\"https:\\\/\\\/csefrs.lifemoz.com\\\/#website\",\"url\":\"https:\\\/\\\/csefrs.lifemoz.com\\\/\",\"name\":\"Conseil sup\u00e9rieur de l\u2019\u00e9ducation, de la formation et de la recherche scientifique\",\"description\":\"\",\"potentialAction\":[{\"@type\":\"SearchAction\",\"target\":{\"@type\":\"EntryPoint\",\"urlTemplate\":\"https:\\\/\\\/csefrs.lifemoz.com\\\/?s={search_term_string}\"},\"query-input\":{\"@type\":\"PropertyValueSpecification\",\"valueRequired\":true,\"valueName\":\"search_term_string\"}}],\"inLanguage\":\"fr-FR\"}]}<\/script>\n<!-- \/ Yoast SEO plugin. -->","yoast_head_json":{"title":"Avis du Conseil relatif au r\u00e9f\u00e9rentiel des emplois et des comp\u00e9tences des \u00e9ducatrices et \u00e9ducateurs de l\u2019enseignement pr\u00e9scolaire - Conseil sup\u00e9rieur de l\u2019\u00e9ducation, de la formation et de la recherche scientifique","robots":{"index":"noindex","follow":"follow","max-snippet":"max-snippet:-1","max-image-preview":"max-image-preview:large","max-video-preview":"max-video-preview:-1"},"og_locale":"fr_FR","og_type":"article","og_title":"Avis du Conseil relatif au r\u00e9f\u00e9rentiel des emplois et des comp\u00e9tences des \u00e9ducatrices et \u00e9ducateurs de l\u2019enseignement pr\u00e9scolaire - Conseil sup\u00e9rieur de l\u2019\u00e9ducation, de la formation et de la recherche scientifique","og_description":"L\u2019avis du Conseil recommande d\u2019affiner le r\u00e9f\u00e9rentiel des emplois et des comp\u00e9tences et de l\u2019enrichir pour y int\u00e9grer les \u00e9l\u00e9ments requis par \u00e0 un r\u00e9f\u00e9rentiel d\u2019un m\u00e9tier \u00e9ducatif qui exige des comp\u00e9tences sp\u00e9cifiques et de haut niveau. Ce m\u00e9tier puisqu\u2019il concerne la prise en charge d\u2019enfants \u00e0 un \u00e2ge critique et tr\u00e8s sensible de leur&hellip;","og_url":"https:\/\/csefrs.lifemoz.com\/fr\/publications\/avis-du-conseil-relatif-au-referentiel-des-emplois-et-des-competences-des-educatrices-et-educateurs-de-lenseignement-prescolaire\/","og_site_name":"Conseil sup\u00e9rieur de l\u2019\u00e9ducation, de la formation et de la recherche scientifique","article_modified_time":"2026-02-08T13:08:26+00:00","og_image":[{"width":722,"height":1024,"url":"https:\/\/csefrs.lifemoz.com\/wp-content\/uploads\/2025\/12\/Capture-decran-2021-12-28-a-11.48.06.png","type":"image\/png"}],"twitter_card":"summary_large_image","twitter_misc":{"Dur\u00e9e de lecture estim\u00e9e":"1 minute"},"schema":{"@context":"https:\/\/schema.org","@graph":[{"@type":"WebPage","@id":"https:\/\/csefrs.lifemoz.com\/fr\/publications\/avis-du-conseil-relatif-au-referentiel-des-emplois-et-des-competences-des-educatrices-et-educateurs-de-lenseignement-prescolaire\/","url":"https:\/\/csefrs.lifemoz.com\/fr\/publications\/avis-du-conseil-relatif-au-referentiel-des-emplois-et-des-competences-des-educatrices-et-educateurs-de-lenseignement-prescolaire\/","name":"Avis du Conseil relatif au r\u00e9f\u00e9rentiel des emplois et des comp\u00e9tences des \u00e9ducatrices et \u00e9ducateurs de l\u2019enseignement pr\u00e9scolaire - Conseil sup\u00e9rieur de l\u2019\u00e9ducation, de la formation et de la recherche scientifique","isPartOf":{"@id":"https:\/\/csefrs.lifemoz.com\/#website"},"primaryImageOfPage":{"@id":"https:\/\/csefrs.lifemoz.com\/fr\/publications\/avis-du-conseil-relatif-au-referentiel-des-emplois-et-des-competences-des-educatrices-et-educateurs-de-lenseignement-prescolaire\/#primaryimage"},"image":{"@id":"https:\/\/csefrs.lifemoz.com\/fr\/publications\/avis-du-conseil-relatif-au-referentiel-des-emplois-et-des-competences-des-educatrices-et-educateurs-de-lenseignement-prescolaire\/#primaryimage"},"thumbnailUrl":"https:\/\/csefrs.lifemoz.com\/wp-content\/uploads\/2025\/12\/Capture-decran-2021-12-28-a-11.48.06.png","datePublished":"2021-12-27T23:00:00+00:00","dateModified":"2026-02-08T13:08:26+00:00","breadcrumb":{"@id":"https:\/\/csefrs.lifemoz.com\/fr\/publications\/avis-du-conseil-relatif-au-referentiel-des-emplois-et-des-competences-des-educatrices-et-educateurs-de-lenseignement-prescolaire\/#breadcrumb"},"inLanguage":"fr-FR","potentialAction":[{"@type":"ReadAction","target":["https:\/\/csefrs.lifemoz.com\/fr\/publications\/avis-du-conseil-relatif-au-referentiel-des-emplois-et-des-competences-des-educatrices-et-educateurs-de-lenseignement-prescolaire\/"]}]},{"@type":"ImageObject","inLanguage":"fr-FR","@id":"https:\/\/csefrs.lifemoz.com\/fr\/publications\/avis-du-conseil-relatif-au-referentiel-des-emplois-et-des-competences-des-educatrices-et-educateurs-de-lenseignement-prescolaire\/#primaryimage","url":"https:\/\/csefrs.lifemoz.com\/wp-content\/uploads\/2025\/12\/Capture-decran-2021-12-28-a-11.48.06.png","contentUrl":"https:\/\/csefrs.lifemoz.com\/wp-content\/uploads\/2025\/12\/Capture-decran-2021-12-28-a-11.48.06.png","width":722,"height":1024},{"@type":"BreadcrumbList","@id":"https:\/\/csefrs.lifemoz.com\/fr\/publications\/avis-du-conseil-relatif-au-referentiel-des-emplois-et-des-competences-des-educatrices-et-educateurs-de-lenseignement-prescolaire\/#breadcrumb","itemListElement":[{"@type":"ListItem","position":1,"name":"Accueil","item":"https:\/\/csefrs.lifemoz.com\/fr\/"},{"@type":"ListItem","position":2,"name":"Publications","item":"https:\/\/csefrs.lifemoz.com\/\u0627\u0644\u0645\u0646\u0634\u0648\u0631\u0627\u062a\/"},{"@type":"ListItem","position":3,"name":"Avis du Conseil relatif au r\u00e9f\u00e9rentiel des emplois et des comp\u00e9tences des \u00e9ducatrices et \u00e9ducateurs de l\u2019enseignement pr\u00e9scolaire"}]},{"@type":"WebSite","@id":"https:\/\/csefrs.lifemoz.com\/#website","url":"https:\/\/csefrs.lifemoz.com\/","name":"Conseil sup\u00e9rieur de l\u2019\u00e9ducation, de la formation et de la recherche scientifique","description":"","potentialAction":[{"@type":"SearchAction","target":{"@type":"EntryPoint","urlTemplate":"https:\/\/csefrs.lifemoz.com\/?s={search_term_string}"},"query-input":{"@type":"PropertyValueSpecification","valueRequired":true,"valueName":"search_term_string"}}],"inLanguage":"fr-FR"}]}},"_links":{"self":[{"href":"https:\/\/csefrs.lifemoz.com\/fr\/wp-json\/wp\/v2\/product\/37572","targetHints":{"allow":["GET"]}}],"collection":[{"href":"https:\/\/csefrs.lifemoz.com\/fr\/wp-json\/wp\/v2\/product"}],"about":[{"href":"https:\/\/csefrs.lifemoz.com\/fr\/wp-json\/wp\/v2\/types\/product"}],"wp:featuredmedia":[{"embeddable":true,"href":"https:\/\/csefrs.lifemoz.com\/fr\/wp-json\/wp\/v2\/media\/36452"}],"wp:attachment":[{"href":"https:\/\/csefrs.lifemoz.com\/fr\/wp-json\/wp\/v2\/media?parent=37572"}],"wp:term":[{"taxonomy":"product_brand","embeddable":true,"href":"https:\/\/csefrs.lifemoz.com\/fr\/wp-json\/wp\/v2\/product_brand?post=37572"},{"taxonomy":"product_cat","embeddable":true,"href":"https:\/\/csefrs.lifemoz.com\/fr\/wp-json\/wp\/v2\/product_cat?post=37572"},{"taxonomy":"product_tag","embeddable":true,"href":"https:\/\/csefrs.lifemoz.com\/fr\/wp-json\/wp\/v2\/product_tag?post=37572"}],"curies":[{"name":"wp","href":"https:\/\/api.w.org\/{rel}","templated":true}]}}