{"id":37570,"date":"2022-01-18T00:00:00","date_gmt":"2022-01-17T23:00:00","guid":{"rendered":"https:\/\/csefrs.lifemoz.com\/\u0627\u0644\u0645\u0646\u0634\u0648\u0631\u0627\u062a\/linsertion-des-laureats-de-lenseignement-superieur\/"},"modified":"2026-02-08T14:08:25","modified_gmt":"2026-02-08T13:08:25","slug":"linsertion-des-laureats-de-lenseignement-superieur","status":"publish","type":"product","link":"https:\/\/csefrs.lifemoz.com\/fr\/publications\/linsertion-des-laureats-de-lenseignement-superieur\/","title":{"rendered":"\u00a0L\u2019INSERTION DES LAUR\u00c9ATS DE L\u2019ENSEIGNEMENT SUP\u00c9RIEUR\u00a0"},"content":{"rendered":"<p style=\"text-align: justify;\">Le rapport \u00ab\u00a0L\u2019INSERTION DES LAUR\u00c9ATS DE L\u2019ENSEIGNEMENT SUP\u00c9RIEUR\u00a0\u00bb est une enqu\u00eate d\u2019\u00e9valuation sur l\u2019insertion des dipl\u00f4m\u00e9s post baccalaur\u00e9at. Cette derni\u00e8re se veut un dispositif offrant des donn\u00e9es et des analyses fiables sur la situation des dipl\u00f4m\u00e9s, en faveur d\u2019une meilleure visibilit\u00e9 des articulations formation-emploi qui constitue un des grands d\u00e9fis du secteur de l\u2019enseignement sup\u00e9rieur et une pr\u00e9occupation pour le d\u00e9veloppement du capital humain. Cette enqu\u00eate contribue \u00e9galement \u00e0 la mise en place d\u2019un outil d\u2019aide \u00e0 la d\u00e9cision et au pilotage au profit des d\u00e9cideurs au niveau national.<\/p>\n<p><a class=\"download-button-intern-fr\" href=\"https:\/\/csefrs.lifemoz.com\/wp-content\/uploads\/2022\/01\/Rapport-des-laure%CC%81ats-de-lenseignement-supe%CC%81rieur.pdf\" target=\"_blank\" rel=\"noopener\"> T\u00e9l\u00e9charger le rapport\u00a0<\/a><br \/>\n<a class=\"download-button-intern-fr\" href=\"https:\/\/csefrs.lifemoz.com\/wp-content\/uploads\/2022\/03\/Re\u0301sume\u0301-Rapport-Insertion-VFr.pdf\">T\u00e9l\u00e9charger le r\u00e9sum\u00e9<\/a><\/p>\n","protected":false},"excerpt":{"rendered":"<p>Le rapport \u00ab\u00a0L\u2019INSERTION DES LAUR\u00c9ATS DE L\u2019ENSEIGNEMENT SUP\u00c9RIEUR\u00a0\u00bb est une enqu\u00eate d\u2019\u00e9valuation sur l\u2019insertion des dipl\u00f4m\u00e9s post baccalaur\u00e9at. Cette derni\u00e8re se veut un dispositif offrant des donn\u00e9es et des analyses fiables sur la situation des dipl\u00f4m\u00e9s, en faveur d\u2019une meilleure visibilit\u00e9 des articulations formation-emploi qui constitue un des grands d\u00e9fis du secteur de l\u2019enseignement sup\u00e9rieur&hellip;<\/p>\n","protected":false},"featured_media":36468,"template":"","meta":[],"product_brand":[],"product_cat":[505,506],"product_tag":[],"class_list":{"0":"post-37570","1":"product","2":"type-product","3":"status-publish","4":"has-post-thumbnail","6":"product_cat-rapports","7":"product_cat-rapports-devaluation-etudes","8":"description-off","10":"first","11":"instock","12":"downloadable","13":"virtual","14":"sold-individually","15":"purchasable","16":"product-type-simple"},"yoast_head":"<!-- This site is optimized with the Yoast SEO plugin v27.5 - https:\/\/yoast.com\/product\/yoast-seo-wordpress\/ -->\n<title>\u00a0L\u2019INSERTION DES LAUR\u00c9ATS DE L\u2019ENSEIGNEMENT SUP\u00c9RIEUR\u00a0 - Conseil sup\u00e9rieur de l\u2019\u00e9ducation, de la formation et de la recherche scientifique<\/title>\n<meta name=\"robots\" content=\"noindex, follow, max-snippet:-1, max-image-preview:large, max-video-preview:-1\" \/>\n<meta property=\"og:locale\" content=\"fr_FR\" \/>\n<meta property=\"og:type\" content=\"article\" \/>\n<meta property=\"og:title\" content=\"\u00a0L\u2019INSERTION DES LAUR\u00c9ATS DE L\u2019ENSEIGNEMENT SUP\u00c9RIEUR\u00a0 - Conseil sup\u00e9rieur de l\u2019\u00e9ducation, de la formation et de la recherche scientifique\" \/>\n<meta property=\"og:description\" content=\"Le rapport \u00ab\u00a0L\u2019INSERTION DES LAUR\u00c9ATS DE L\u2019ENSEIGNEMENT SUP\u00c9RIEUR\u00a0\u00bb est une enqu\u00eate d\u2019\u00e9valuation sur l\u2019insertion des dipl\u00f4m\u00e9s post baccalaur\u00e9at. Cette derni\u00e8re se veut un dispositif offrant des donn\u00e9es et des analyses fiables sur la situation des dipl\u00f4m\u00e9s, en faveur d\u2019une meilleure visibilit\u00e9 des articulations formation-emploi qui constitue un des grands d\u00e9fis du secteur de l\u2019enseignement sup\u00e9rieur&hellip;\" \/>\n<meta property=\"og:url\" content=\"https:\/\/csefrs.lifemoz.com\/fr\/publications\/linsertion-des-laureats-de-lenseignement-superieur\/\" \/>\n<meta property=\"og:site_name\" content=\"Conseil sup\u00e9rieur de l\u2019\u00e9ducation, de la formation et de la recherche scientifique\" \/>\n<meta property=\"article:modified_time\" content=\"2026-02-08T13:08:25+00:00\" \/>\n<meta property=\"og:image\" content=\"https:\/\/csefrs.lifemoz.com\/wp-content\/uploads\/2025\/12\/271718830_1421279628302357_7612547815212435074_n.jpg\" \/>\n\t<meta property=\"og:image:width\" content=\"726\" \/>\n\t<meta property=\"og:image:height\" content=\"1024\" \/>\n\t<meta property=\"og:image:type\" content=\"image\/jpeg\" \/>\n<meta name=\"twitter:card\" content=\"summary_large_image\" \/>\n<meta name=\"twitter:label1\" content=\"Dur\u00e9e de lecture estim\u00e9e\" \/>\n\t<meta name=\"twitter:data1\" content=\"1 minute\" \/>\n<script type=\"application\/ld+json\" class=\"yoast-schema-graph\">{\"@context\":\"https:\\\/\\\/schema.org\",\"@graph\":[{\"@type\":\"WebPage\",\"@id\":\"https:\\\/\\\/csefrs.lifemoz.com\\\/fr\\\/publications\\\/linsertion-des-laureats-de-lenseignement-superieur\\\/\",\"url\":\"https:\\\/\\\/csefrs.lifemoz.com\\\/fr\\\/publications\\\/linsertion-des-laureats-de-lenseignement-superieur\\\/\",\"name\":\"\u00a0L\u2019INSERTION DES LAUR\u00c9ATS DE L\u2019ENSEIGNEMENT SUP\u00c9RIEUR\u00a0 - Conseil sup\u00e9rieur de l\u2019\u00e9ducation, de la formation et de la recherche scientifique\",\"isPartOf\":{\"@id\":\"https:\\\/\\\/csefrs.lifemoz.com\\\/#website\"},\"primaryImageOfPage\":{\"@id\":\"https:\\\/\\\/csefrs.lifemoz.com\\\/fr\\\/publications\\\/linsertion-des-laureats-de-lenseignement-superieur\\\/#primaryimage\"},\"image\":{\"@id\":\"https:\\\/\\\/csefrs.lifemoz.com\\\/fr\\\/publications\\\/linsertion-des-laureats-de-lenseignement-superieur\\\/#primaryimage\"},\"thumbnailUrl\":\"https:\\\/\\\/csefrs.lifemoz.com\\\/wp-content\\\/uploads\\\/2025\\\/12\\\/271718830_1421279628302357_7612547815212435074_n.jpg\",\"datePublished\":\"2022-01-17T23:00:00+00:00\",\"dateModified\":\"2026-02-08T13:08:25+00:00\",\"breadcrumb\":{\"@id\":\"https:\\\/\\\/csefrs.lifemoz.com\\\/fr\\\/publications\\\/linsertion-des-laureats-de-lenseignement-superieur\\\/#breadcrumb\"},\"inLanguage\":\"fr-FR\",\"potentialAction\":[{\"@type\":\"ReadAction\",\"target\":[\"https:\\\/\\\/csefrs.lifemoz.com\\\/fr\\\/publications\\\/linsertion-des-laureats-de-lenseignement-superieur\\\/\"]}]},{\"@type\":\"ImageObject\",\"inLanguage\":\"fr-FR\",\"@id\":\"https:\\\/\\\/csefrs.lifemoz.com\\\/fr\\\/publications\\\/linsertion-des-laureats-de-lenseignement-superieur\\\/#primaryimage\",\"url\":\"https:\\\/\\\/csefrs.lifemoz.com\\\/wp-content\\\/uploads\\\/2025\\\/12\\\/271718830_1421279628302357_7612547815212435074_n.jpg\",\"contentUrl\":\"https:\\\/\\\/csefrs.lifemoz.com\\\/wp-content\\\/uploads\\\/2025\\\/12\\\/271718830_1421279628302357_7612547815212435074_n.jpg\",\"width\":726,\"height\":1024},{\"@type\":\"BreadcrumbList\",\"@id\":\"https:\\\/\\\/csefrs.lifemoz.com\\\/fr\\\/publications\\\/linsertion-des-laureats-de-lenseignement-superieur\\\/#breadcrumb\",\"itemListElement\":[{\"@type\":\"ListItem\",\"position\":1,\"name\":\"Accueil\",\"item\":\"https:\\\/\\\/csefrs.lifemoz.com\\\/fr\\\/\"},{\"@type\":\"ListItem\",\"position\":2,\"name\":\"Publications\",\"item\":\"https:\\\/\\\/csefrs.lifemoz.com\\\/\u0627\u0644\u0645\u0646\u0634\u0648\u0631\u0627\u062a\\\/\"},{\"@type\":\"ListItem\",\"position\":3,\"name\":\"\u00a0L\u2019INSERTION DES LAUR\u00c9ATS DE L\u2019ENSEIGNEMENT SUP\u00c9RIEUR\u00a0\"}]},{\"@type\":\"WebSite\",\"@id\":\"https:\\\/\\\/csefrs.lifemoz.com\\\/#website\",\"url\":\"https:\\\/\\\/csefrs.lifemoz.com\\\/\",\"name\":\"Conseil sup\u00e9rieur de l\u2019\u00e9ducation, de la formation et de la recherche scientifique\",\"description\":\"\",\"potentialAction\":[{\"@type\":\"SearchAction\",\"target\":{\"@type\":\"EntryPoint\",\"urlTemplate\":\"https:\\\/\\\/csefrs.lifemoz.com\\\/?s={search_term_string}\"},\"query-input\":{\"@type\":\"PropertyValueSpecification\",\"valueRequired\":true,\"valueName\":\"search_term_string\"}}],\"inLanguage\":\"fr-FR\"}]}<\/script>\n<!-- \/ Yoast SEO plugin. -->","yoast_head_json":{"title":"\u00a0L\u2019INSERTION DES LAUR\u00c9ATS DE L\u2019ENSEIGNEMENT SUP\u00c9RIEUR\u00a0 - Conseil sup\u00e9rieur de l\u2019\u00e9ducation, de la formation et de la recherche scientifique","robots":{"index":"noindex","follow":"follow","max-snippet":"max-snippet:-1","max-image-preview":"max-image-preview:large","max-video-preview":"max-video-preview:-1"},"og_locale":"fr_FR","og_type":"article","og_title":"\u00a0L\u2019INSERTION DES LAUR\u00c9ATS DE L\u2019ENSEIGNEMENT SUP\u00c9RIEUR\u00a0 - Conseil sup\u00e9rieur de l\u2019\u00e9ducation, de la formation et de la recherche scientifique","og_description":"Le rapport \u00ab\u00a0L\u2019INSERTION DES LAUR\u00c9ATS DE L\u2019ENSEIGNEMENT SUP\u00c9RIEUR\u00a0\u00bb est une enqu\u00eate d\u2019\u00e9valuation sur l\u2019insertion des dipl\u00f4m\u00e9s post baccalaur\u00e9at. Cette derni\u00e8re se veut un dispositif offrant des donn\u00e9es et des analyses fiables sur la situation des dipl\u00f4m\u00e9s, en faveur d\u2019une meilleure visibilit\u00e9 des articulations formation-emploi qui constitue un des grands d\u00e9fis du secteur de l\u2019enseignement sup\u00e9rieur&hellip;","og_url":"https:\/\/csefrs.lifemoz.com\/fr\/publications\/linsertion-des-laureats-de-lenseignement-superieur\/","og_site_name":"Conseil sup\u00e9rieur de l\u2019\u00e9ducation, de la formation et de la recherche scientifique","article_modified_time":"2026-02-08T13:08:25+00:00","og_image":[{"width":726,"height":1024,"url":"https:\/\/csefrs.lifemoz.com\/wp-content\/uploads\/2025\/12\/271718830_1421279628302357_7612547815212435074_n.jpg","type":"image\/jpeg"}],"twitter_card":"summary_large_image","twitter_misc":{"Dur\u00e9e de lecture estim\u00e9e":"1 minute"},"schema":{"@context":"https:\/\/schema.org","@graph":[{"@type":"WebPage","@id":"https:\/\/csefrs.lifemoz.com\/fr\/publications\/linsertion-des-laureats-de-lenseignement-superieur\/","url":"https:\/\/csefrs.lifemoz.com\/fr\/publications\/linsertion-des-laureats-de-lenseignement-superieur\/","name":"\u00a0L\u2019INSERTION DES LAUR\u00c9ATS DE L\u2019ENSEIGNEMENT SUP\u00c9RIEUR\u00a0 - Conseil sup\u00e9rieur de l\u2019\u00e9ducation, de la formation et de la recherche scientifique","isPartOf":{"@id":"https:\/\/csefrs.lifemoz.com\/#website"},"primaryImageOfPage":{"@id":"https:\/\/csefrs.lifemoz.com\/fr\/publications\/linsertion-des-laureats-de-lenseignement-superieur\/#primaryimage"},"image":{"@id":"https:\/\/csefrs.lifemoz.com\/fr\/publications\/linsertion-des-laureats-de-lenseignement-superieur\/#primaryimage"},"thumbnailUrl":"https:\/\/csefrs.lifemoz.com\/wp-content\/uploads\/2025\/12\/271718830_1421279628302357_7612547815212435074_n.jpg","datePublished":"2022-01-17T23:00:00+00:00","dateModified":"2026-02-08T13:08:25+00:00","breadcrumb":{"@id":"https:\/\/csefrs.lifemoz.com\/fr\/publications\/linsertion-des-laureats-de-lenseignement-superieur\/#breadcrumb"},"inLanguage":"fr-FR","potentialAction":[{"@type":"ReadAction","target":["https:\/\/csefrs.lifemoz.com\/fr\/publications\/linsertion-des-laureats-de-lenseignement-superieur\/"]}]},{"@type":"ImageObject","inLanguage":"fr-FR","@id":"https:\/\/csefrs.lifemoz.com\/fr\/publications\/linsertion-des-laureats-de-lenseignement-superieur\/#primaryimage","url":"https:\/\/csefrs.lifemoz.com\/wp-content\/uploads\/2025\/12\/271718830_1421279628302357_7612547815212435074_n.jpg","contentUrl":"https:\/\/csefrs.lifemoz.com\/wp-content\/uploads\/2025\/12\/271718830_1421279628302357_7612547815212435074_n.jpg","width":726,"height":1024},{"@type":"BreadcrumbList","@id":"https:\/\/csefrs.lifemoz.com\/fr\/publications\/linsertion-des-laureats-de-lenseignement-superieur\/#breadcrumb","itemListElement":[{"@type":"ListItem","position":1,"name":"Accueil","item":"https:\/\/csefrs.lifemoz.com\/fr\/"},{"@type":"ListItem","position":2,"name":"Publications","item":"https:\/\/csefrs.lifemoz.com\/\u0627\u0644\u0645\u0646\u0634\u0648\u0631\u0627\u062a\/"},{"@type":"ListItem","position":3,"name":"\u00a0L\u2019INSERTION DES LAUR\u00c9ATS DE L\u2019ENSEIGNEMENT SUP\u00c9RIEUR\u00a0"}]},{"@type":"WebSite","@id":"https:\/\/csefrs.lifemoz.com\/#website","url":"https:\/\/csefrs.lifemoz.com\/","name":"Conseil sup\u00e9rieur de l\u2019\u00e9ducation, de la formation et de la recherche scientifique","description":"","potentialAction":[{"@type":"SearchAction","target":{"@type":"EntryPoint","urlTemplate":"https:\/\/csefrs.lifemoz.com\/?s={search_term_string}"},"query-input":{"@type":"PropertyValueSpecification","valueRequired":true,"valueName":"search_term_string"}}],"inLanguage":"fr-FR"}]}},"_links":{"self":[{"href":"https:\/\/csefrs.lifemoz.com\/fr\/wp-json\/wp\/v2\/product\/37570","targetHints":{"allow":["GET"]}}],"collection":[{"href":"https:\/\/csefrs.lifemoz.com\/fr\/wp-json\/wp\/v2\/product"}],"about":[{"href":"https:\/\/csefrs.lifemoz.com\/fr\/wp-json\/wp\/v2\/types\/product"}],"wp:featuredmedia":[{"embeddable":true,"href":"https:\/\/csefrs.lifemoz.com\/fr\/wp-json\/wp\/v2\/media\/36468"}],"wp:attachment":[{"href":"https:\/\/csefrs.lifemoz.com\/fr\/wp-json\/wp\/v2\/media?parent=37570"}],"wp:term":[{"taxonomy":"product_brand","embeddable":true,"href":"https:\/\/csefrs.lifemoz.com\/fr\/wp-json\/wp\/v2\/product_brand?post=37570"},{"taxonomy":"product_cat","embeddable":true,"href":"https:\/\/csefrs.lifemoz.com\/fr\/wp-json\/wp\/v2\/product_cat?post=37570"},{"taxonomy":"product_tag","embeddable":true,"href":"https:\/\/csefrs.lifemoz.com\/fr\/wp-json\/wp\/v2\/product_tag?post=37570"}],"curies":[{"name":"wp","href":"https:\/\/api.w.org\/{rel}","templated":true}]}}