{"id":37568,"date":"2021-11-30T00:00:00","date_gmt":"2021-11-29T23:00:00","guid":{"rendered":"https:\/\/csefrs.lifemoz.com\/\u0627\u0644\u0645\u0646\u0634\u0648\u0631\u0627\u062a\/programme-national-devaluation-des-acquis-des-eleves-de-la-6eme-annee-primaire-et-3eme-annee-secondaire-collegiale-pnea-2019\/"},"modified":"2026-02-08T14:08:29","modified_gmt":"2026-02-08T13:08:29","slug":"programme-national-devaluation-des-acquis-des-eleves-de-la-6eme-annee-primaire-et-3eme-annee-secondaire-collegiale-pnea-2019","status":"publish","type":"product","link":"https:\/\/csefrs.lifemoz.com\/fr\/publications\/programme-national-devaluation-des-acquis-des-eleves-de-la-6eme-annee-primaire-et-3eme-annee-secondaire-collegiale-pnea-2019\/","title":{"rendered":"Programme national d&rsquo;\u00e9valuation des Acquis des \u00e9l\u00e8ves de la 6\u00e8me ann\u00e9e primaire et 3\u00e8me ann\u00e9e secondaire coll\u00e9giale \u2013 PNEA 2019"},"content":{"rendered":"<p>L\u2019\u00e9tude PNEA 2019 cible les \u00e9l\u00e8ves de la 6\u00e8me ann\u00e9e primaire et ceux de la 3\u00e8me ann\u00e9e secondaire coll\u00e9giale. Elle porte sur l\u2019\u00e9valuation des acquis des \u00e9l\u00e8ves en Langues, Math\u00e9matiques et Sciences. Pour la 6\u00e8me ann\u00e9e primaire, il s&rsquo;agit d\u2019\u00e9valuer les acquis des \u00e9l\u00e8ves en Arabe, Fran\u00e7ais, Math\u00e9matiques et Eveil scientifique.<br \/>\nLe choix de ces niveaux se justifie par le fait que le premier niveau pr\u00e9sente la fin de l\u2019enseignement primaire et le second marque la fin de la scolarit\u00e9 obligatoire.<br \/>\nL&rsquo;\u00e9tude PNEA_2019 constitue donc une \u00e9valuation des acquis des \u00e9l\u00e8ves \u00e0 des moments cl\u00e9s de la scolarit\u00e9. En plus, elle survient quatre ans apr\u00e8s la mise en \u0153uvre de la Vision Strat\u00e9gique 2015_2030, permettant de la sorte d&rsquo;appr\u00e9cier les efforts d\u00e9ploy\u00e9s pour atteindre les objectifs fix\u00e9s pour la r\u00e9forme du syst\u00e8me \u00e9ducatif.<\/p>\n<p style=\"text-align: justify;\"><a class=\"download-button-intern-fr\" href=\"https:\/\/csefrs.lifemoz.com\/wp-content\/uploads\/2021\/11\/Rapport-PNEA-2019-V-Fr.pdf\" target=\"_blank\" rel=\"noopener\">T\u00e9l\u00e9charger le Rapport<\/a><\/p>\n<p>&nbsp;<\/p>\n<p>[dflip id=\u00a0\u00bb12340&Prime;][\/dflip]<\/p>\n","protected":false},"excerpt":{"rendered":"<p>L\u2019\u00e9tude PNEA 2019 cible les \u00e9l\u00e8ves de la 6\u00e8me ann\u00e9e primaire et ceux de la 3\u00e8me ann\u00e9e secondaire coll\u00e9giale. Elle porte sur l\u2019\u00e9valuation des acquis des \u00e9l\u00e8ves en Langues, Math\u00e9matiques et Sciences. Pour la 6\u00e8me ann\u00e9e primaire, il s&rsquo;agit d\u2019\u00e9valuer les acquis des \u00e9l\u00e8ves en Arabe, Fran\u00e7ais, Math\u00e9matiques et Eveil scientifique. Le choix de ces&hellip;<\/p>\n","protected":false},"featured_media":37141,"template":"","meta":[],"product_brand":[],"product_cat":[505,506],"product_tag":[],"class_list":{"0":"post-37568","1":"product","2":"type-product","3":"status-publish","4":"has-post-thumbnail","6":"product_cat-rapports","7":"product_cat-rapports-devaluation-etudes","8":"description-off","10":"first","11":"instock","12":"downloadable","13":"virtual","14":"sold-individually","15":"purchasable","16":"product-type-simple"},"yoast_head":"<!-- This site is optimized with the Yoast SEO plugin v27.5 - https:\/\/yoast.com\/product\/yoast-seo-wordpress\/ -->\n<title>Programme national d&#039;\u00e9valuation des Acquis des \u00e9l\u00e8ves de la 6\u00e8me ann\u00e9e primaire et 3\u00e8me ann\u00e9e secondaire coll\u00e9giale \u2013 PNEA 2019 - Conseil sup\u00e9rieur de l\u2019\u00e9ducation, de la formation et de la recherche scientifique<\/title>\n<meta name=\"robots\" content=\"noindex, follow, max-snippet:-1, max-image-preview:large, max-video-preview:-1\" \/>\n<meta property=\"og:locale\" content=\"fr_FR\" \/>\n<meta property=\"og:type\" content=\"article\" \/>\n<meta property=\"og:title\" content=\"Programme national d&#039;\u00e9valuation des Acquis des \u00e9l\u00e8ves de la 6\u00e8me ann\u00e9e primaire et 3\u00e8me ann\u00e9e secondaire coll\u00e9giale \u2013 PNEA 2019 - Conseil sup\u00e9rieur de l\u2019\u00e9ducation, de la formation et de la recherche scientifique\" \/>\n<meta property=\"og:description\" content=\"L\u2019\u00e9tude PNEA 2019 cible les \u00e9l\u00e8ves de la 6\u00e8me ann\u00e9e primaire et ceux de la 3\u00e8me ann\u00e9e secondaire coll\u00e9giale. Elle porte sur l\u2019\u00e9valuation des acquis des \u00e9l\u00e8ves en Langues, Math\u00e9matiques et Sciences. Pour la 6\u00e8me ann\u00e9e primaire, il s&rsquo;agit d\u2019\u00e9valuer les acquis des \u00e9l\u00e8ves en Arabe, Fran\u00e7ais, Math\u00e9matiques et Eveil scientifique. Le choix de ces&hellip;\" \/>\n<meta property=\"og:url\" content=\"https:\/\/csefrs.lifemoz.com\/fr\/publications\/programme-national-devaluation-des-acquis-des-eleves-de-la-6eme-annee-primaire-et-3eme-annee-secondaire-collegiale-pnea-2019\/\" \/>\n<meta property=\"og:site_name\" content=\"Conseil sup\u00e9rieur de l\u2019\u00e9ducation, de la formation et de la recherche scientifique\" \/>\n<meta property=\"article:modified_time\" content=\"2026-02-08T13:08:29+00:00\" \/>\n<meta property=\"og:image\" content=\"https:\/\/csefrs.lifemoz.com\/wp-content\/uploads\/2025\/12\/Rapport-PNEA-2019-V-Fr.jpg\" \/>\n\t<meta property=\"og:image:width\" content=\"724\" \/>\n\t<meta property=\"og:image:height\" content=\"1024\" \/>\n\t<meta property=\"og:image:type\" content=\"image\/jpeg\" \/>\n<meta name=\"twitter:card\" content=\"summary_large_image\" \/>\n<meta name=\"twitter:label1\" content=\"Dur\u00e9e de lecture estim\u00e9e\" \/>\n\t<meta name=\"twitter:data1\" content=\"1 minute\" \/>\n<script type=\"application\/ld+json\" class=\"yoast-schema-graph\">{\"@context\":\"https:\\\/\\\/schema.org\",\"@graph\":[{\"@type\":\"WebPage\",\"@id\":\"https:\\\/\\\/csefrs.lifemoz.com\\\/fr\\\/publications\\\/programme-national-devaluation-des-acquis-des-eleves-de-la-6eme-annee-primaire-et-3eme-annee-secondaire-collegiale-pnea-2019\\\/\",\"url\":\"https:\\\/\\\/csefrs.lifemoz.com\\\/fr\\\/publications\\\/programme-national-devaluation-des-acquis-des-eleves-de-la-6eme-annee-primaire-et-3eme-annee-secondaire-collegiale-pnea-2019\\\/\",\"name\":\"Programme national d'\u00e9valuation des Acquis des \u00e9l\u00e8ves de la 6\u00e8me ann\u00e9e primaire et 3\u00e8me ann\u00e9e secondaire coll\u00e9giale \u2013 PNEA 2019 - Conseil sup\u00e9rieur de l\u2019\u00e9ducation, de la formation et de la recherche scientifique\",\"isPartOf\":{\"@id\":\"https:\\\/\\\/csefrs.lifemoz.com\\\/#website\"},\"primaryImageOfPage\":{\"@id\":\"https:\\\/\\\/csefrs.lifemoz.com\\\/fr\\\/publications\\\/programme-national-devaluation-des-acquis-des-eleves-de-la-6eme-annee-primaire-et-3eme-annee-secondaire-collegiale-pnea-2019\\\/#primaryimage\"},\"image\":{\"@id\":\"https:\\\/\\\/csefrs.lifemoz.com\\\/fr\\\/publications\\\/programme-national-devaluation-des-acquis-des-eleves-de-la-6eme-annee-primaire-et-3eme-annee-secondaire-collegiale-pnea-2019\\\/#primaryimage\"},\"thumbnailUrl\":\"https:\\\/\\\/csefrs.lifemoz.com\\\/wp-content\\\/uploads\\\/2025\\\/12\\\/Rapport-PNEA-2019-V-Fr.jpg\",\"datePublished\":\"2021-11-29T23:00:00+00:00\",\"dateModified\":\"2026-02-08T13:08:29+00:00\",\"breadcrumb\":{\"@id\":\"https:\\\/\\\/csefrs.lifemoz.com\\\/fr\\\/publications\\\/programme-national-devaluation-des-acquis-des-eleves-de-la-6eme-annee-primaire-et-3eme-annee-secondaire-collegiale-pnea-2019\\\/#breadcrumb\"},\"inLanguage\":\"fr-FR\",\"potentialAction\":[{\"@type\":\"ReadAction\",\"target\":[\"https:\\\/\\\/csefrs.lifemoz.com\\\/fr\\\/publications\\\/programme-national-devaluation-des-acquis-des-eleves-de-la-6eme-annee-primaire-et-3eme-annee-secondaire-collegiale-pnea-2019\\\/\"]}]},{\"@type\":\"ImageObject\",\"inLanguage\":\"fr-FR\",\"@id\":\"https:\\\/\\\/csefrs.lifemoz.com\\\/fr\\\/publications\\\/programme-national-devaluation-des-acquis-des-eleves-de-la-6eme-annee-primaire-et-3eme-annee-secondaire-collegiale-pnea-2019\\\/#primaryimage\",\"url\":\"https:\\\/\\\/csefrs.lifemoz.com\\\/wp-content\\\/uploads\\\/2025\\\/12\\\/Rapport-PNEA-2019-V-Fr.jpg\",\"contentUrl\":\"https:\\\/\\\/csefrs.lifemoz.com\\\/wp-content\\\/uploads\\\/2025\\\/12\\\/Rapport-PNEA-2019-V-Fr.jpg\",\"width\":724,\"height\":1024},{\"@type\":\"BreadcrumbList\",\"@id\":\"https:\\\/\\\/csefrs.lifemoz.com\\\/fr\\\/publications\\\/programme-national-devaluation-des-acquis-des-eleves-de-la-6eme-annee-primaire-et-3eme-annee-secondaire-collegiale-pnea-2019\\\/#breadcrumb\",\"itemListElement\":[{\"@type\":\"ListItem\",\"position\":1,\"name\":\"Accueil\",\"item\":\"https:\\\/\\\/csefrs.lifemoz.com\\\/fr\\\/\"},{\"@type\":\"ListItem\",\"position\":2,\"name\":\"Publications\",\"item\":\"https:\\\/\\\/csefrs.lifemoz.com\\\/\u0627\u0644\u0645\u0646\u0634\u0648\u0631\u0627\u062a\\\/\"},{\"@type\":\"ListItem\",\"position\":3,\"name\":\"Programme national d&rsquo;\u00e9valuation des Acquis des \u00e9l\u00e8ves de la 6\u00e8me ann\u00e9e primaire et 3\u00e8me ann\u00e9e secondaire coll\u00e9giale \u2013 PNEA 2019\"}]},{\"@type\":\"WebSite\",\"@id\":\"https:\\\/\\\/csefrs.lifemoz.com\\\/#website\",\"url\":\"https:\\\/\\\/csefrs.lifemoz.com\\\/\",\"name\":\"Conseil sup\u00e9rieur de l\u2019\u00e9ducation, de la formation et de la recherche scientifique\",\"description\":\"\",\"potentialAction\":[{\"@type\":\"SearchAction\",\"target\":{\"@type\":\"EntryPoint\",\"urlTemplate\":\"https:\\\/\\\/csefrs.lifemoz.com\\\/?s={search_term_string}\"},\"query-input\":{\"@type\":\"PropertyValueSpecification\",\"valueRequired\":true,\"valueName\":\"search_term_string\"}}],\"inLanguage\":\"fr-FR\"}]}<\/script>\n<!-- \/ Yoast SEO plugin. -->","yoast_head_json":{"title":"Programme national d'\u00e9valuation des Acquis des \u00e9l\u00e8ves de la 6\u00e8me ann\u00e9e primaire et 3\u00e8me ann\u00e9e secondaire coll\u00e9giale \u2013 PNEA 2019 - Conseil sup\u00e9rieur de l\u2019\u00e9ducation, de la formation et de la recherche scientifique","robots":{"index":"noindex","follow":"follow","max-snippet":"max-snippet:-1","max-image-preview":"max-image-preview:large","max-video-preview":"max-video-preview:-1"},"og_locale":"fr_FR","og_type":"article","og_title":"Programme national d'\u00e9valuation des Acquis des \u00e9l\u00e8ves de la 6\u00e8me ann\u00e9e primaire et 3\u00e8me ann\u00e9e secondaire coll\u00e9giale \u2013 PNEA 2019 - Conseil sup\u00e9rieur de l\u2019\u00e9ducation, de la formation et de la recherche scientifique","og_description":"L\u2019\u00e9tude PNEA 2019 cible les \u00e9l\u00e8ves de la 6\u00e8me ann\u00e9e primaire et ceux de la 3\u00e8me ann\u00e9e secondaire coll\u00e9giale. Elle porte sur l\u2019\u00e9valuation des acquis des \u00e9l\u00e8ves en Langues, Math\u00e9matiques et Sciences. Pour la 6\u00e8me ann\u00e9e primaire, il s&rsquo;agit d\u2019\u00e9valuer les acquis des \u00e9l\u00e8ves en Arabe, Fran\u00e7ais, Math\u00e9matiques et Eveil scientifique. Le choix de ces&hellip;","og_url":"https:\/\/csefrs.lifemoz.com\/fr\/publications\/programme-national-devaluation-des-acquis-des-eleves-de-la-6eme-annee-primaire-et-3eme-annee-secondaire-collegiale-pnea-2019\/","og_site_name":"Conseil sup\u00e9rieur de l\u2019\u00e9ducation, de la formation et de la recherche scientifique","article_modified_time":"2026-02-08T13:08:29+00:00","og_image":[{"width":724,"height":1024,"url":"https:\/\/csefrs.lifemoz.com\/wp-content\/uploads\/2025\/12\/Rapport-PNEA-2019-V-Fr.jpg","type":"image\/jpeg"}],"twitter_card":"summary_large_image","twitter_misc":{"Dur\u00e9e de lecture estim\u00e9e":"1 minute"},"schema":{"@context":"https:\/\/schema.org","@graph":[{"@type":"WebPage","@id":"https:\/\/csefrs.lifemoz.com\/fr\/publications\/programme-national-devaluation-des-acquis-des-eleves-de-la-6eme-annee-primaire-et-3eme-annee-secondaire-collegiale-pnea-2019\/","url":"https:\/\/csefrs.lifemoz.com\/fr\/publications\/programme-national-devaluation-des-acquis-des-eleves-de-la-6eme-annee-primaire-et-3eme-annee-secondaire-collegiale-pnea-2019\/","name":"Programme national d'\u00e9valuation des Acquis des \u00e9l\u00e8ves de la 6\u00e8me ann\u00e9e primaire et 3\u00e8me ann\u00e9e secondaire coll\u00e9giale \u2013 PNEA 2019 - Conseil sup\u00e9rieur de l\u2019\u00e9ducation, de la formation et de la recherche scientifique","isPartOf":{"@id":"https:\/\/csefrs.lifemoz.com\/#website"},"primaryImageOfPage":{"@id":"https:\/\/csefrs.lifemoz.com\/fr\/publications\/programme-national-devaluation-des-acquis-des-eleves-de-la-6eme-annee-primaire-et-3eme-annee-secondaire-collegiale-pnea-2019\/#primaryimage"},"image":{"@id":"https:\/\/csefrs.lifemoz.com\/fr\/publications\/programme-national-devaluation-des-acquis-des-eleves-de-la-6eme-annee-primaire-et-3eme-annee-secondaire-collegiale-pnea-2019\/#primaryimage"},"thumbnailUrl":"https:\/\/csefrs.lifemoz.com\/wp-content\/uploads\/2025\/12\/Rapport-PNEA-2019-V-Fr.jpg","datePublished":"2021-11-29T23:00:00+00:00","dateModified":"2026-02-08T13:08:29+00:00","breadcrumb":{"@id":"https:\/\/csefrs.lifemoz.com\/fr\/publications\/programme-national-devaluation-des-acquis-des-eleves-de-la-6eme-annee-primaire-et-3eme-annee-secondaire-collegiale-pnea-2019\/#breadcrumb"},"inLanguage":"fr-FR","potentialAction":[{"@type":"ReadAction","target":["https:\/\/csefrs.lifemoz.com\/fr\/publications\/programme-national-devaluation-des-acquis-des-eleves-de-la-6eme-annee-primaire-et-3eme-annee-secondaire-collegiale-pnea-2019\/"]}]},{"@type":"ImageObject","inLanguage":"fr-FR","@id":"https:\/\/csefrs.lifemoz.com\/fr\/publications\/programme-national-devaluation-des-acquis-des-eleves-de-la-6eme-annee-primaire-et-3eme-annee-secondaire-collegiale-pnea-2019\/#primaryimage","url":"https:\/\/csefrs.lifemoz.com\/wp-content\/uploads\/2025\/12\/Rapport-PNEA-2019-V-Fr.jpg","contentUrl":"https:\/\/csefrs.lifemoz.com\/wp-content\/uploads\/2025\/12\/Rapport-PNEA-2019-V-Fr.jpg","width":724,"height":1024},{"@type":"BreadcrumbList","@id":"https:\/\/csefrs.lifemoz.com\/fr\/publications\/programme-national-devaluation-des-acquis-des-eleves-de-la-6eme-annee-primaire-et-3eme-annee-secondaire-collegiale-pnea-2019\/#breadcrumb","itemListElement":[{"@type":"ListItem","position":1,"name":"Accueil","item":"https:\/\/csefrs.lifemoz.com\/fr\/"},{"@type":"ListItem","position":2,"name":"Publications","item":"https:\/\/csefrs.lifemoz.com\/\u0627\u0644\u0645\u0646\u0634\u0648\u0631\u0627\u062a\/"},{"@type":"ListItem","position":3,"name":"Programme national d&rsquo;\u00e9valuation des Acquis des \u00e9l\u00e8ves de la 6\u00e8me ann\u00e9e primaire et 3\u00e8me ann\u00e9e secondaire coll\u00e9giale \u2013 PNEA 2019"}]},{"@type":"WebSite","@id":"https:\/\/csefrs.lifemoz.com\/#website","url":"https:\/\/csefrs.lifemoz.com\/","name":"Conseil sup\u00e9rieur de l\u2019\u00e9ducation, de la formation et de la recherche scientifique","description":"","potentialAction":[{"@type":"SearchAction","target":{"@type":"EntryPoint","urlTemplate":"https:\/\/csefrs.lifemoz.com\/?s={search_term_string}"},"query-input":{"@type":"PropertyValueSpecification","valueRequired":true,"valueName":"search_term_string"}}],"inLanguage":"fr-FR"}]}},"_links":{"self":[{"href":"https:\/\/csefrs.lifemoz.com\/fr\/wp-json\/wp\/v2\/product\/37568","targetHints":{"allow":["GET"]}}],"collection":[{"href":"https:\/\/csefrs.lifemoz.com\/fr\/wp-json\/wp\/v2\/product"}],"about":[{"href":"https:\/\/csefrs.lifemoz.com\/fr\/wp-json\/wp\/v2\/types\/product"}],"wp:featuredmedia":[{"embeddable":true,"href":"https:\/\/csefrs.lifemoz.com\/fr\/wp-json\/wp\/v2\/media\/37141"}],"wp:attachment":[{"href":"https:\/\/csefrs.lifemoz.com\/fr\/wp-json\/wp\/v2\/media?parent=37568"}],"wp:term":[{"taxonomy":"product_brand","embeddable":true,"href":"https:\/\/csefrs.lifemoz.com\/fr\/wp-json\/wp\/v2\/product_brand?post=37568"},{"taxonomy":"product_cat","embeddable":true,"href":"https:\/\/csefrs.lifemoz.com\/fr\/wp-json\/wp\/v2\/product_cat?post=37568"},{"taxonomy":"product_tag","embeddable":true,"href":"https:\/\/csefrs.lifemoz.com\/fr\/wp-json\/wp\/v2\/product_tag?post=37568"}],"curies":[{"name":"wp","href":"https:\/\/api.w.org\/{rel}","templated":true}]}}