{"id":37566,"date":"2021-11-30T00:00:00","date_gmt":"2021-11-29T23:00:00","guid":{"rendered":"https:\/\/csefrs.lifemoz.com\/\u0627\u0644\u0645\u0646\u0634\u0648\u0631\u0627\u062a\/atlas-regional-du-pnea\/"},"modified":"2026-02-08T14:08:29","modified_gmt":"2026-02-08T13:08:29","slug":"atlas-regional-du-pnea","status":"publish","type":"product","link":"https:\/\/csefrs.lifemoz.com\/fr\/publications\/atlas-regional-du-pnea\/","title":{"rendered":"Atlas r\u00e9gional du PNEA"},"content":{"rendered":"<p style=\"text-align: justify;\"><a class=\"dt-pswp-item\" href=\"https:\/\/csefrs.lifemoz.com\/wp-content\/uploads\/2021\/11\/ATLAS-REGIONAL-DU-PNEA.jpg\" data-dt-img-description=\"\" data-large_image_width=\"1000\" data-large_image_height=\"712\"><img decoding=\"async\" class=\"size-medium wp-image-12330 alignleft\" src=\"https:\/\/csefrs.lifemoz.com\/wp-content\/uploads\/2021\/11\/ATLAS-REGIONAL-DU-PNEA-300x214.jpg\" alt=\"\" width=\"300\" height=\"214\" srcset=\"https:\/\/csefrs.lifemoz.com\/wp-content\/uploads\/2021\/11\/ATLAS-REGIONAL-DU-PNEA-300x214.jpg 300w, https:\/\/csefrs.lifemoz.com\/wp-content\/uploads\/2021\/11\/ATLAS-REGIONAL-DU-PNEA-600x427.jpg 600w, https:\/\/csefrs.lifemoz.com\/wp-content\/uploads\/2021\/11\/ATLAS-REGIONAL-DU-PNEA-768x547.jpg 768w, https:\/\/csefrs.lifemoz.com\/wp-content\/uploads\/2021\/11\/ATLAS-REGIONAL-DU-PNEA.jpg 1000w\" sizes=\"(max-width: 300px) 100vw, 300px\" \/><\/a>L\u2019Atlas r\u00e9gional du PNEA-2019 pr\u00e9sentent des graphiques et des cartes qui ont \u00e9t\u00e9 con\u00e7us pour se pr\u00eater \u00e0 divers niveaux de comparaisons et r\u00e9sumer une quantit\u00e9 importante d\u2019informations en lien avec cette th\u00e9matique et qui ne figure pas dans le rapport analytique du PNEA. L\u2019Atlas r\u00e9gional du PNEA-2019, qui accompagne ce rapport analytique, dresse un \u00e9tat des lieux r\u00e9gional juste avant la pand\u00e9mie caus\u00e9e par la Covid-19.<\/p>\n<p style=\"text-align: justify;\">A la diff\u00e9rence du rapport analytique, cet Atlas se focalise particuli\u00e8rement sur le niveau r\u00e9gional et met en \u00e9vidence le lien entre le niveau des acquis scolaires avec certains facteurs qui impactent la qualit\u00e9 de l\u2019enseignement. Cette \u00e9dition r\u00e9gionale de l\u2019Atlas du PNEA s\u2019int\u00e9resse particuli\u00e8rement \u00e0 deux mati\u00e8res. Il s\u2019agit des math\u00e9matiques et de la langue fran\u00e7aise, qui pr\u00e9sentent plus de disparit\u00e9s sur le plan r\u00e9gional. Ses repr\u00e9sentations graphiques et cartographiques permettent de disposer de donn\u00e9es plus d\u00e9taill\u00e9es avec une vision claire et globale. Cet atlas aborde \u00e9galement l\u2019articulation entre le niveau des acquis des \u00e9l\u00e8ves et \u00ab le niveau socio\u00e9conomique et culturel des \u00e9l\u00e8ves \u00bb et \u00ab le niveau de la gestion des comportements en classes \u00bb.<\/p>\n<p style=\"text-align: justify;\">La densit\u00e9 de l\u2019information des repr\u00e9sentations et des illustrations de l\u2019Atlas r\u00e9gional du PNEA-2019, qui permet plusieurs angles de lecture, peut en effet rendre difficile sa compr\u00e9hension par un lecteur non sp\u00e9cialiste. N\u00e9anmoins, un guide de lecture a \u00e9t\u00e9 pr\u00e9sent\u00e9 au d\u00e9but de cet Atlas pour faciliter la compr\u00e9hension de ses visualisations graphiques et cartographiques. Cet Atlas est ainsi destin\u00e9 en particulier, aux responsables r\u00e9gionaux, aux directions provinciales, aux responsables politiques, aux collectivit\u00e9s locales, aux acteurs du syst\u00e8me d&rsquo;\u00e9ducation et de formation dans toutes les r\u00e9gions du Maroc ainsi qu\u2019aux chercheurs et \u00e0 toute personne s\u2019int\u00e9ressant \u00e0 l\u2019\u00e9valuation des acquis scolaires des \u00e9l\u00e8ves.<\/p>\n<p style=\"text-align: justify;\"><a class=\"download-button-intern-fr\" href=\"https:\/\/csefrs.lifemoz.com\/wp-content\/uploads\/2021\/11\/30-11-2021-ATLAS-REGIONAL-DU-PNEA.pdf\" target=\"_blank\" rel=\"noopener\">T\u00e9l\u00e9charger l&rsquo;Atlas <\/a><\/p>\n<p>&nbsp;<\/p>\n<div class=\"_df_book df-lite\" id=\"df_12327\"  _slug=\"atlas-regional-du-pnea\" data-title=\"atlas-regional-du-pnea\" wpoptions=\"true\" thumb=\"\/wp-content\/uploads\/2021\/11\/ATLAS-REGIONAL-DU-PNEA.jpg\" thumbtype=\"\" ><\/div><script class=\"df-shortcode-script\" nowprocket type=\"application\/javascript\">window.option_df_12327 = {\"outline\":[],\"autoEnableOutline\":\"false\",\"autoEnableThumbnail\":\"false\",\"overwritePDFOutline\":\"false\",\"direction\":\"1\",\"pageSize\":\"0\",\"source\":\"\\\/wp-content\\\/uploads\\\/2021\\\/11\\\/30-11-2021-ATLAS-REGIONAL-DU-PNEA.pdf\",\"wpOptions\":\"true\"}; if(window.DFLIP && window.DFLIP.parseBooks){window.DFLIP.parseBooks();}<\/script>\n","protected":false},"excerpt":{"rendered":"<p>L\u2019Atlas r\u00e9gional du PNEA-2019 pr\u00e9sentent des graphiques et des cartes qui ont \u00e9t\u00e9 con\u00e7us pour se pr\u00eater \u00e0 divers niveaux de comparaisons et r\u00e9sumer une quantit\u00e9 importante d\u2019informations en lien avec cette th\u00e9matique et qui ne figure pas dans le rapport analytique du PNEA. L\u2019Atlas r\u00e9gional du PNEA-2019, qui accompagne ce rapport analytique, dresse un&hellip;<\/p>\n","protected":false},"featured_media":36450,"template":"","meta":[],"product_brand":[],"product_cat":[505,506],"product_tag":[],"class_list":{"0":"post-37566","1":"product","2":"type-product","3":"status-publish","4":"has-post-thumbnail","6":"product_cat-rapports","7":"product_cat-rapports-devaluation-etudes","8":"description-off","10":"first","11":"instock","12":"downloadable","13":"virtual","14":"sold-individually","15":"purchasable","16":"product-type-simple"},"yoast_head":"<!-- This site is optimized with the Yoast SEO plugin v27.5 - https:\/\/yoast.com\/product\/yoast-seo-wordpress\/ -->\n<title>Atlas r\u00e9gional du PNEA - Conseil sup\u00e9rieur de l\u2019\u00e9ducation, de la formation et de la recherche scientifique<\/title>\n<meta name=\"robots\" content=\"noindex, follow, max-snippet:-1, max-image-preview:large, max-video-preview:-1\" \/>\n<meta property=\"og:locale\" content=\"fr_FR\" \/>\n<meta property=\"og:type\" content=\"article\" \/>\n<meta property=\"og:title\" content=\"Atlas r\u00e9gional du PNEA - Conseil sup\u00e9rieur de l\u2019\u00e9ducation, de la formation et de la recherche scientifique\" \/>\n<meta property=\"og:description\" content=\"L\u2019Atlas r\u00e9gional du PNEA-2019 pr\u00e9sentent des graphiques et des cartes qui ont \u00e9t\u00e9 con\u00e7us pour se pr\u00eater \u00e0 divers niveaux de comparaisons et r\u00e9sumer une quantit\u00e9 importante d\u2019informations en lien avec cette th\u00e9matique et qui ne figure pas dans le rapport analytique du PNEA. L\u2019Atlas r\u00e9gional du PNEA-2019, qui accompagne ce rapport analytique, dresse un&hellip;\" \/>\n<meta property=\"og:url\" content=\"https:\/\/csefrs.lifemoz.com\/fr\/publications\/atlas-regional-du-pnea\/\" \/>\n<meta property=\"og:site_name\" content=\"Conseil sup\u00e9rieur de l\u2019\u00e9ducation, de la formation et de la recherche scientifique\" \/>\n<meta property=\"article:modified_time\" content=\"2026-02-08T13:08:29+00:00\" \/>\n<meta property=\"og:image\" content=\"https:\/\/csefrs.lifemoz.com\/wp-content\/uploads\/2025\/12\/ATLAS-REGIONAL-DU-PNEA.jpg\" \/>\n\t<meta property=\"og:image:width\" content=\"1000\" \/>\n\t<meta property=\"og:image:height\" content=\"712\" \/>\n\t<meta property=\"og:image:type\" content=\"image\/jpeg\" \/>\n<meta name=\"twitter:card\" content=\"summary_large_image\" \/>\n<meta name=\"twitter:label1\" content=\"Dur\u00e9e de lecture estim\u00e9e\" \/>\n\t<meta name=\"twitter:data1\" content=\"2 minutes\" \/>\n<script type=\"application\/ld+json\" class=\"yoast-schema-graph\">{\"@context\":\"https:\\\/\\\/schema.org\",\"@graph\":[{\"@type\":\"WebPage\",\"@id\":\"https:\\\/\\\/csefrs.lifemoz.com\\\/fr\\\/publications\\\/atlas-regional-du-pnea\\\/\",\"url\":\"https:\\\/\\\/csefrs.lifemoz.com\\\/fr\\\/publications\\\/atlas-regional-du-pnea\\\/\",\"name\":\"Atlas r\u00e9gional du PNEA - Conseil sup\u00e9rieur de l\u2019\u00e9ducation, de la formation et de la recherche scientifique\",\"isPartOf\":{\"@id\":\"https:\\\/\\\/csefrs.lifemoz.com\\\/#website\"},\"primaryImageOfPage\":{\"@id\":\"https:\\\/\\\/csefrs.lifemoz.com\\\/fr\\\/publications\\\/atlas-regional-du-pnea\\\/#primaryimage\"},\"image\":{\"@id\":\"https:\\\/\\\/csefrs.lifemoz.com\\\/fr\\\/publications\\\/atlas-regional-du-pnea\\\/#primaryimage\"},\"thumbnailUrl\":\"https:\\\/\\\/csefrs.lifemoz.com\\\/wp-content\\\/uploads\\\/2025\\\/12\\\/ATLAS-REGIONAL-DU-PNEA.jpg\",\"datePublished\":\"2021-11-29T23:00:00+00:00\",\"dateModified\":\"2026-02-08T13:08:29+00:00\",\"breadcrumb\":{\"@id\":\"https:\\\/\\\/csefrs.lifemoz.com\\\/fr\\\/publications\\\/atlas-regional-du-pnea\\\/#breadcrumb\"},\"inLanguage\":\"fr-FR\",\"potentialAction\":[{\"@type\":\"ReadAction\",\"target\":[\"https:\\\/\\\/csefrs.lifemoz.com\\\/fr\\\/publications\\\/atlas-regional-du-pnea\\\/\"]}]},{\"@type\":\"ImageObject\",\"inLanguage\":\"fr-FR\",\"@id\":\"https:\\\/\\\/csefrs.lifemoz.com\\\/fr\\\/publications\\\/atlas-regional-du-pnea\\\/#primaryimage\",\"url\":\"https:\\\/\\\/csefrs.lifemoz.com\\\/wp-content\\\/uploads\\\/2025\\\/12\\\/ATLAS-REGIONAL-DU-PNEA.jpg\",\"contentUrl\":\"https:\\\/\\\/csefrs.lifemoz.com\\\/wp-content\\\/uploads\\\/2025\\\/12\\\/ATLAS-REGIONAL-DU-PNEA.jpg\",\"width\":1000,\"height\":712},{\"@type\":\"BreadcrumbList\",\"@id\":\"https:\\\/\\\/csefrs.lifemoz.com\\\/fr\\\/publications\\\/atlas-regional-du-pnea\\\/#breadcrumb\",\"itemListElement\":[{\"@type\":\"ListItem\",\"position\":1,\"name\":\"Accueil\",\"item\":\"https:\\\/\\\/csefrs.lifemoz.com\\\/fr\\\/\"},{\"@type\":\"ListItem\",\"position\":2,\"name\":\"Publications\",\"item\":\"https:\\\/\\\/csefrs.lifemoz.com\\\/\u0627\u0644\u0645\u0646\u0634\u0648\u0631\u0627\u062a\\\/\"},{\"@type\":\"ListItem\",\"position\":3,\"name\":\"Atlas r\u00e9gional du PNEA\"}]},{\"@type\":\"WebSite\",\"@id\":\"https:\\\/\\\/csefrs.lifemoz.com\\\/#website\",\"url\":\"https:\\\/\\\/csefrs.lifemoz.com\\\/\",\"name\":\"Conseil sup\u00e9rieur de l\u2019\u00e9ducation, de la formation et de la recherche scientifique\",\"description\":\"\",\"potentialAction\":[{\"@type\":\"SearchAction\",\"target\":{\"@type\":\"EntryPoint\",\"urlTemplate\":\"https:\\\/\\\/csefrs.lifemoz.com\\\/?s={search_term_string}\"},\"query-input\":{\"@type\":\"PropertyValueSpecification\",\"valueRequired\":true,\"valueName\":\"search_term_string\"}}],\"inLanguage\":\"fr-FR\"}]}<\/script>\n<!-- \/ Yoast SEO plugin. -->","yoast_head_json":{"title":"Atlas r\u00e9gional du PNEA - Conseil sup\u00e9rieur de l\u2019\u00e9ducation, de la formation et de la recherche scientifique","robots":{"index":"noindex","follow":"follow","max-snippet":"max-snippet:-1","max-image-preview":"max-image-preview:large","max-video-preview":"max-video-preview:-1"},"og_locale":"fr_FR","og_type":"article","og_title":"Atlas r\u00e9gional du PNEA - Conseil sup\u00e9rieur de l\u2019\u00e9ducation, de la formation et de la recherche scientifique","og_description":"L\u2019Atlas r\u00e9gional du PNEA-2019 pr\u00e9sentent des graphiques et des cartes qui ont \u00e9t\u00e9 con\u00e7us pour se pr\u00eater \u00e0 divers niveaux de comparaisons et r\u00e9sumer une quantit\u00e9 importante d\u2019informations en lien avec cette th\u00e9matique et qui ne figure pas dans le rapport analytique du PNEA. L\u2019Atlas r\u00e9gional du PNEA-2019, qui accompagne ce rapport analytique, dresse un&hellip;","og_url":"https:\/\/csefrs.lifemoz.com\/fr\/publications\/atlas-regional-du-pnea\/","og_site_name":"Conseil sup\u00e9rieur de l\u2019\u00e9ducation, de la formation et de la recherche scientifique","article_modified_time":"2026-02-08T13:08:29+00:00","og_image":[{"width":1000,"height":712,"url":"https:\/\/csefrs.lifemoz.com\/wp-content\/uploads\/2025\/12\/ATLAS-REGIONAL-DU-PNEA.jpg","type":"image\/jpeg"}],"twitter_card":"summary_large_image","twitter_misc":{"Dur\u00e9e de lecture estim\u00e9e":"2 minutes"},"schema":{"@context":"https:\/\/schema.org","@graph":[{"@type":"WebPage","@id":"https:\/\/csefrs.lifemoz.com\/fr\/publications\/atlas-regional-du-pnea\/","url":"https:\/\/csefrs.lifemoz.com\/fr\/publications\/atlas-regional-du-pnea\/","name":"Atlas r\u00e9gional du PNEA - Conseil sup\u00e9rieur de l\u2019\u00e9ducation, de la formation et de la recherche scientifique","isPartOf":{"@id":"https:\/\/csefrs.lifemoz.com\/#website"},"primaryImageOfPage":{"@id":"https:\/\/csefrs.lifemoz.com\/fr\/publications\/atlas-regional-du-pnea\/#primaryimage"},"image":{"@id":"https:\/\/csefrs.lifemoz.com\/fr\/publications\/atlas-regional-du-pnea\/#primaryimage"},"thumbnailUrl":"https:\/\/csefrs.lifemoz.com\/wp-content\/uploads\/2025\/12\/ATLAS-REGIONAL-DU-PNEA.jpg","datePublished":"2021-11-29T23:00:00+00:00","dateModified":"2026-02-08T13:08:29+00:00","breadcrumb":{"@id":"https:\/\/csefrs.lifemoz.com\/fr\/publications\/atlas-regional-du-pnea\/#breadcrumb"},"inLanguage":"fr-FR","potentialAction":[{"@type":"ReadAction","target":["https:\/\/csefrs.lifemoz.com\/fr\/publications\/atlas-regional-du-pnea\/"]}]},{"@type":"ImageObject","inLanguage":"fr-FR","@id":"https:\/\/csefrs.lifemoz.com\/fr\/publications\/atlas-regional-du-pnea\/#primaryimage","url":"https:\/\/csefrs.lifemoz.com\/wp-content\/uploads\/2025\/12\/ATLAS-REGIONAL-DU-PNEA.jpg","contentUrl":"https:\/\/csefrs.lifemoz.com\/wp-content\/uploads\/2025\/12\/ATLAS-REGIONAL-DU-PNEA.jpg","width":1000,"height":712},{"@type":"BreadcrumbList","@id":"https:\/\/csefrs.lifemoz.com\/fr\/publications\/atlas-regional-du-pnea\/#breadcrumb","itemListElement":[{"@type":"ListItem","position":1,"name":"Accueil","item":"https:\/\/csefrs.lifemoz.com\/fr\/"},{"@type":"ListItem","position":2,"name":"Publications","item":"https:\/\/csefrs.lifemoz.com\/\u0627\u0644\u0645\u0646\u0634\u0648\u0631\u0627\u062a\/"},{"@type":"ListItem","position":3,"name":"Atlas r\u00e9gional du PNEA"}]},{"@type":"WebSite","@id":"https:\/\/csefrs.lifemoz.com\/#website","url":"https:\/\/csefrs.lifemoz.com\/","name":"Conseil sup\u00e9rieur de l\u2019\u00e9ducation, de la formation et de la recherche scientifique","description":"","potentialAction":[{"@type":"SearchAction","target":{"@type":"EntryPoint","urlTemplate":"https:\/\/csefrs.lifemoz.com\/?s={search_term_string}"},"query-input":{"@type":"PropertyValueSpecification","valueRequired":true,"valueName":"search_term_string"}}],"inLanguage":"fr-FR"}]}},"_links":{"self":[{"href":"https:\/\/csefrs.lifemoz.com\/fr\/wp-json\/wp\/v2\/product\/37566","targetHints":{"allow":["GET"]}}],"collection":[{"href":"https:\/\/csefrs.lifemoz.com\/fr\/wp-json\/wp\/v2\/product"}],"about":[{"href":"https:\/\/csefrs.lifemoz.com\/fr\/wp-json\/wp\/v2\/types\/product"}],"wp:featuredmedia":[{"embeddable":true,"href":"https:\/\/csefrs.lifemoz.com\/fr\/wp-json\/wp\/v2\/media\/36450"}],"wp:attachment":[{"href":"https:\/\/csefrs.lifemoz.com\/fr\/wp-json\/wp\/v2\/media?parent=37566"}],"wp:term":[{"taxonomy":"product_brand","embeddable":true,"href":"https:\/\/csefrs.lifemoz.com\/fr\/wp-json\/wp\/v2\/product_brand?post=37566"},{"taxonomy":"product_cat","embeddable":true,"href":"https:\/\/csefrs.lifemoz.com\/fr\/wp-json\/wp\/v2\/product_cat?post=37566"},{"taxonomy":"product_tag","embeddable":true,"href":"https:\/\/csefrs.lifemoz.com\/fr\/wp-json\/wp\/v2\/product_tag?post=37566"}],"curies":[{"name":"wp","href":"https:\/\/api.w.org\/{rel}","templated":true}]}}