{"id":37564,"date":"2021-11-30T00:00:00","date_gmt":"2021-11-29T23:00:00","guid":{"rendered":"https:\/\/csefrs.lifemoz.com\/\u0627\u0644\u0645\u0646\u0634\u0648\u0631\u0627\u062a\/le-metier-de-lenseignant-au-maroc-a-laune-de-la-comparaison-internationale\/"},"modified":"2026-02-08T14:08:28","modified_gmt":"2026-02-08T13:08:28","slug":"le-metier-de-lenseignant-au-maroc-a-laune-de-la-comparaison-internationale","status":"publish","type":"product","link":"https:\/\/csefrs.lifemoz.com\/fr\/publications\/le-metier-de-lenseignant-au-maroc-a-laune-de-la-comparaison-internationale\/","title":{"rendered":"Le m\u00e9tier de l&rsquo;enseignant au Maroc A l&rsquo;aune de la comparaison internationale"},"content":{"rendered":"<p style=\"text-align: justify;\">Le rapport \u00ab Le m\u00e9tier de l\u2019enseignant au Maroc : \u00e0 l\u2019aune de la comparaison internationale \u00bb pr\u00e9sente les r\u00e9sultats de l\u2019\u00e9tude men\u00e9e par l\u2019Instance Nationale d\u2019 \u00c9valuation aupr\u00e8s du Conseil Sup\u00e9rieur de l\u2019 \u00c9ducation, de la Formation et de la Recherche Scientifique.<\/p>\n<p style=\"text-align: justify;\">L\u2019objectif principal de cette \u00e9tude est d\u2019appr\u00e9cier les politiques publiques relatives au personnel enseignant afin de jauger leur efficacit\u00e9, coh\u00e9rence et pertinence, tout en mettant en avant les perceptions des enseignants en tant qu\u2019acteurs de premier plan. Elle permet \u00e9galement d\u2019analyser l\u2019attractivit\u00e9 du m\u00e9tier de l\u2019enseignant aupr\u00e8s des \u00e9tudiants, les modalit\u00e9s de recrutement et de s\u00e9lection, la formation et son d\u00e9roulement, la gestion de la carri\u00e8re, le d\u00e9veloppement personnel et professionnel ainsi que la motivation, en se basant sur des donn\u00e9es de terrain et sur les textes r\u00e9glementaires tout en les confrontant aux standards internationaux.<\/p>\n<p style=\"text-align: justify;\"><a class=\"download-button-intern-fr\" href=\"https:\/\/csefrs.lifemoz.com\/wp-content\/uploads\/2023\/07\/Rapport-metier-de-lenseignant-V-Fr.pdf\" target=\"_blank\" rel=\"noopener\">T\u00e9l\u00e9charger le Rapport <\/a><\/p>\n<p>&nbsp;<\/p>\n<p>[dflip id=\u00a0\u00bb12319&Prime;][\/dflip]<\/p>\n","protected":false},"excerpt":{"rendered":"<p>Le rapport \u00ab Le m\u00e9tier de l\u2019enseignant au Maroc : \u00e0 l\u2019aune de la comparaison internationale \u00bb pr\u00e9sente les r\u00e9sultats de l\u2019\u00e9tude men\u00e9e par l\u2019Instance Nationale d\u2019 \u00c9valuation aupr\u00e8s du Conseil Sup\u00e9rieur de l\u2019 \u00c9ducation, de la Formation et de la Recherche Scientifique. L\u2019objectif principal de cette \u00e9tude est d\u2019appr\u00e9cier les politiques publiques relatives au&hellip;<\/p>\n","protected":false},"featured_media":37140,"template":"","meta":[],"product_brand":[],"product_cat":[505,506],"product_tag":[],"class_list":{"0":"post-37564","1":"product","2":"type-product","3":"status-publish","4":"has-post-thumbnail","6":"product_cat-rapports","7":"product_cat-rapports-devaluation-etudes","8":"description-off","10":"first","11":"instock","12":"downloadable","13":"virtual","14":"sold-individually","15":"purchasable","16":"product-type-simple"},"yoast_head":"<!-- This site is optimized with the Yoast SEO plugin v27.5 - https:\/\/yoast.com\/product\/yoast-seo-wordpress\/ -->\n<title>Le m\u00e9tier de l&#039;enseignant au Maroc A l&#039;aune de la comparaison internationale - Conseil sup\u00e9rieur de l\u2019\u00e9ducation, de la formation et de la recherche scientifique<\/title>\n<meta name=\"robots\" content=\"noindex, follow, max-snippet:-1, max-image-preview:large, max-video-preview:-1\" \/>\n<meta property=\"og:locale\" content=\"fr_FR\" \/>\n<meta property=\"og:type\" content=\"article\" \/>\n<meta property=\"og:title\" content=\"Le m\u00e9tier de l&#039;enseignant au Maroc A l&#039;aune de la comparaison internationale - Conseil sup\u00e9rieur de l\u2019\u00e9ducation, de la formation et de la recherche scientifique\" \/>\n<meta property=\"og:description\" content=\"Le rapport \u00ab Le m\u00e9tier de l\u2019enseignant au Maroc : \u00e0 l\u2019aune de la comparaison internationale \u00bb pr\u00e9sente les r\u00e9sultats de l\u2019\u00e9tude men\u00e9e par l\u2019Instance Nationale d\u2019 \u00c9valuation aupr\u00e8s du Conseil Sup\u00e9rieur de l\u2019 \u00c9ducation, de la Formation et de la Recherche Scientifique. L\u2019objectif principal de cette \u00e9tude est d\u2019appr\u00e9cier les politiques publiques relatives au&hellip;\" \/>\n<meta property=\"og:url\" content=\"https:\/\/csefrs.lifemoz.com\/fr\/publications\/le-metier-de-lenseignant-au-maroc-a-laune-de-la-comparaison-internationale\/\" \/>\n<meta property=\"og:site_name\" content=\"Conseil sup\u00e9rieur de l\u2019\u00e9ducation, de la formation et de la recherche scientifique\" \/>\n<meta property=\"article:modified_time\" content=\"2026-02-08T13:08:28+00:00\" \/>\n<meta property=\"og:image\" content=\"https:\/\/csefrs.lifemoz.com\/wp-content\/uploads\/2025\/12\/Rapport-metier-de-lenseignant-V-Fr.jpg\" \/>\n\t<meta property=\"og:image:width\" content=\"724\" \/>\n\t<meta property=\"og:image:height\" content=\"1024\" \/>\n\t<meta property=\"og:image:type\" content=\"image\/jpeg\" \/>\n<meta name=\"twitter:card\" content=\"summary_large_image\" \/>\n<meta name=\"twitter:label1\" content=\"Dur\u00e9e de lecture estim\u00e9e\" \/>\n\t<meta name=\"twitter:data1\" content=\"1 minute\" \/>\n<script type=\"application\/ld+json\" class=\"yoast-schema-graph\">{\"@context\":\"https:\\\/\\\/schema.org\",\"@graph\":[{\"@type\":\"WebPage\",\"@id\":\"https:\\\/\\\/csefrs.lifemoz.com\\\/fr\\\/publications\\\/le-metier-de-lenseignant-au-maroc-a-laune-de-la-comparaison-internationale\\\/\",\"url\":\"https:\\\/\\\/csefrs.lifemoz.com\\\/fr\\\/publications\\\/le-metier-de-lenseignant-au-maroc-a-laune-de-la-comparaison-internationale\\\/\",\"name\":\"Le m\u00e9tier de l'enseignant au Maroc A l'aune de la comparaison internationale - Conseil sup\u00e9rieur de l\u2019\u00e9ducation, de la formation et de la recherche scientifique\",\"isPartOf\":{\"@id\":\"https:\\\/\\\/csefrs.lifemoz.com\\\/#website\"},\"primaryImageOfPage\":{\"@id\":\"https:\\\/\\\/csefrs.lifemoz.com\\\/fr\\\/publications\\\/le-metier-de-lenseignant-au-maroc-a-laune-de-la-comparaison-internationale\\\/#primaryimage\"},\"image\":{\"@id\":\"https:\\\/\\\/csefrs.lifemoz.com\\\/fr\\\/publications\\\/le-metier-de-lenseignant-au-maroc-a-laune-de-la-comparaison-internationale\\\/#primaryimage\"},\"thumbnailUrl\":\"https:\\\/\\\/csefrs.lifemoz.com\\\/wp-content\\\/uploads\\\/2025\\\/12\\\/Rapport-metier-de-lenseignant-V-Fr.jpg\",\"datePublished\":\"2021-11-29T23:00:00+00:00\",\"dateModified\":\"2026-02-08T13:08:28+00:00\",\"breadcrumb\":{\"@id\":\"https:\\\/\\\/csefrs.lifemoz.com\\\/fr\\\/publications\\\/le-metier-de-lenseignant-au-maroc-a-laune-de-la-comparaison-internationale\\\/#breadcrumb\"},\"inLanguage\":\"fr-FR\",\"potentialAction\":[{\"@type\":\"ReadAction\",\"target\":[\"https:\\\/\\\/csefrs.lifemoz.com\\\/fr\\\/publications\\\/le-metier-de-lenseignant-au-maroc-a-laune-de-la-comparaison-internationale\\\/\"]}]},{\"@type\":\"ImageObject\",\"inLanguage\":\"fr-FR\",\"@id\":\"https:\\\/\\\/csefrs.lifemoz.com\\\/fr\\\/publications\\\/le-metier-de-lenseignant-au-maroc-a-laune-de-la-comparaison-internationale\\\/#primaryimage\",\"url\":\"https:\\\/\\\/csefrs.lifemoz.com\\\/wp-content\\\/uploads\\\/2025\\\/12\\\/Rapport-metier-de-lenseignant-V-Fr.jpg\",\"contentUrl\":\"https:\\\/\\\/csefrs.lifemoz.com\\\/wp-content\\\/uploads\\\/2025\\\/12\\\/Rapport-metier-de-lenseignant-V-Fr.jpg\",\"width\":724,\"height\":1024},{\"@type\":\"BreadcrumbList\",\"@id\":\"https:\\\/\\\/csefrs.lifemoz.com\\\/fr\\\/publications\\\/le-metier-de-lenseignant-au-maroc-a-laune-de-la-comparaison-internationale\\\/#breadcrumb\",\"itemListElement\":[{\"@type\":\"ListItem\",\"position\":1,\"name\":\"Accueil\",\"item\":\"https:\\\/\\\/csefrs.lifemoz.com\\\/fr\\\/\"},{\"@type\":\"ListItem\",\"position\":2,\"name\":\"Publications\",\"item\":\"https:\\\/\\\/csefrs.lifemoz.com\\\/\u0627\u0644\u0645\u0646\u0634\u0648\u0631\u0627\u062a\\\/\"},{\"@type\":\"ListItem\",\"position\":3,\"name\":\"Le m\u00e9tier de l&rsquo;enseignant au Maroc A l&rsquo;aune de la comparaison internationale\"}]},{\"@type\":\"WebSite\",\"@id\":\"https:\\\/\\\/csefrs.lifemoz.com\\\/#website\",\"url\":\"https:\\\/\\\/csefrs.lifemoz.com\\\/\",\"name\":\"Conseil sup\u00e9rieur de l\u2019\u00e9ducation, de la formation et de la recherche scientifique\",\"description\":\"\",\"potentialAction\":[{\"@type\":\"SearchAction\",\"target\":{\"@type\":\"EntryPoint\",\"urlTemplate\":\"https:\\\/\\\/csefrs.lifemoz.com\\\/?s={search_term_string}\"},\"query-input\":{\"@type\":\"PropertyValueSpecification\",\"valueRequired\":true,\"valueName\":\"search_term_string\"}}],\"inLanguage\":\"fr-FR\"}]}<\/script>\n<!-- \/ Yoast SEO plugin. -->","yoast_head_json":{"title":"Le m\u00e9tier de l'enseignant au Maroc A l'aune de la comparaison internationale - Conseil sup\u00e9rieur de l\u2019\u00e9ducation, de la formation et de la recherche scientifique","robots":{"index":"noindex","follow":"follow","max-snippet":"max-snippet:-1","max-image-preview":"max-image-preview:large","max-video-preview":"max-video-preview:-1"},"og_locale":"fr_FR","og_type":"article","og_title":"Le m\u00e9tier de l'enseignant au Maroc A l'aune de la comparaison internationale - Conseil sup\u00e9rieur de l\u2019\u00e9ducation, de la formation et de la recherche scientifique","og_description":"Le rapport \u00ab Le m\u00e9tier de l\u2019enseignant au Maroc : \u00e0 l\u2019aune de la comparaison internationale \u00bb pr\u00e9sente les r\u00e9sultats de l\u2019\u00e9tude men\u00e9e par l\u2019Instance Nationale d\u2019 \u00c9valuation aupr\u00e8s du Conseil Sup\u00e9rieur de l\u2019 \u00c9ducation, de la Formation et de la Recherche Scientifique. L\u2019objectif principal de cette \u00e9tude est d\u2019appr\u00e9cier les politiques publiques relatives au&hellip;","og_url":"https:\/\/csefrs.lifemoz.com\/fr\/publications\/le-metier-de-lenseignant-au-maroc-a-laune-de-la-comparaison-internationale\/","og_site_name":"Conseil sup\u00e9rieur de l\u2019\u00e9ducation, de la formation et de la recherche scientifique","article_modified_time":"2026-02-08T13:08:28+00:00","og_image":[{"width":724,"height":1024,"url":"https:\/\/csefrs.lifemoz.com\/wp-content\/uploads\/2025\/12\/Rapport-metier-de-lenseignant-V-Fr.jpg","type":"image\/jpeg"}],"twitter_card":"summary_large_image","twitter_misc":{"Dur\u00e9e de lecture estim\u00e9e":"1 minute"},"schema":{"@context":"https:\/\/schema.org","@graph":[{"@type":"WebPage","@id":"https:\/\/csefrs.lifemoz.com\/fr\/publications\/le-metier-de-lenseignant-au-maroc-a-laune-de-la-comparaison-internationale\/","url":"https:\/\/csefrs.lifemoz.com\/fr\/publications\/le-metier-de-lenseignant-au-maroc-a-laune-de-la-comparaison-internationale\/","name":"Le m\u00e9tier de l'enseignant au Maroc A l'aune de la comparaison internationale - Conseil sup\u00e9rieur de l\u2019\u00e9ducation, de la formation et de la recherche scientifique","isPartOf":{"@id":"https:\/\/csefrs.lifemoz.com\/#website"},"primaryImageOfPage":{"@id":"https:\/\/csefrs.lifemoz.com\/fr\/publications\/le-metier-de-lenseignant-au-maroc-a-laune-de-la-comparaison-internationale\/#primaryimage"},"image":{"@id":"https:\/\/csefrs.lifemoz.com\/fr\/publications\/le-metier-de-lenseignant-au-maroc-a-laune-de-la-comparaison-internationale\/#primaryimage"},"thumbnailUrl":"https:\/\/csefrs.lifemoz.com\/wp-content\/uploads\/2025\/12\/Rapport-metier-de-lenseignant-V-Fr.jpg","datePublished":"2021-11-29T23:00:00+00:00","dateModified":"2026-02-08T13:08:28+00:00","breadcrumb":{"@id":"https:\/\/csefrs.lifemoz.com\/fr\/publications\/le-metier-de-lenseignant-au-maroc-a-laune-de-la-comparaison-internationale\/#breadcrumb"},"inLanguage":"fr-FR","potentialAction":[{"@type":"ReadAction","target":["https:\/\/csefrs.lifemoz.com\/fr\/publications\/le-metier-de-lenseignant-au-maroc-a-laune-de-la-comparaison-internationale\/"]}]},{"@type":"ImageObject","inLanguage":"fr-FR","@id":"https:\/\/csefrs.lifemoz.com\/fr\/publications\/le-metier-de-lenseignant-au-maroc-a-laune-de-la-comparaison-internationale\/#primaryimage","url":"https:\/\/csefrs.lifemoz.com\/wp-content\/uploads\/2025\/12\/Rapport-metier-de-lenseignant-V-Fr.jpg","contentUrl":"https:\/\/csefrs.lifemoz.com\/wp-content\/uploads\/2025\/12\/Rapport-metier-de-lenseignant-V-Fr.jpg","width":724,"height":1024},{"@type":"BreadcrumbList","@id":"https:\/\/csefrs.lifemoz.com\/fr\/publications\/le-metier-de-lenseignant-au-maroc-a-laune-de-la-comparaison-internationale\/#breadcrumb","itemListElement":[{"@type":"ListItem","position":1,"name":"Accueil","item":"https:\/\/csefrs.lifemoz.com\/fr\/"},{"@type":"ListItem","position":2,"name":"Publications","item":"https:\/\/csefrs.lifemoz.com\/\u0627\u0644\u0645\u0646\u0634\u0648\u0631\u0627\u062a\/"},{"@type":"ListItem","position":3,"name":"Le m\u00e9tier de l&rsquo;enseignant au Maroc A l&rsquo;aune de la comparaison internationale"}]},{"@type":"WebSite","@id":"https:\/\/csefrs.lifemoz.com\/#website","url":"https:\/\/csefrs.lifemoz.com\/","name":"Conseil sup\u00e9rieur de l\u2019\u00e9ducation, de la formation et de la recherche scientifique","description":"","potentialAction":[{"@type":"SearchAction","target":{"@type":"EntryPoint","urlTemplate":"https:\/\/csefrs.lifemoz.com\/?s={search_term_string}"},"query-input":{"@type":"PropertyValueSpecification","valueRequired":true,"valueName":"search_term_string"}}],"inLanguage":"fr-FR"}]}},"_links":{"self":[{"href":"https:\/\/csefrs.lifemoz.com\/fr\/wp-json\/wp\/v2\/product\/37564","targetHints":{"allow":["GET"]}}],"collection":[{"href":"https:\/\/csefrs.lifemoz.com\/fr\/wp-json\/wp\/v2\/product"}],"about":[{"href":"https:\/\/csefrs.lifemoz.com\/fr\/wp-json\/wp\/v2\/types\/product"}],"wp:featuredmedia":[{"embeddable":true,"href":"https:\/\/csefrs.lifemoz.com\/fr\/wp-json\/wp\/v2\/media\/37140"}],"wp:attachment":[{"href":"https:\/\/csefrs.lifemoz.com\/fr\/wp-json\/wp\/v2\/media?parent=37564"}],"wp:term":[{"taxonomy":"product_brand","embeddable":true,"href":"https:\/\/csefrs.lifemoz.com\/fr\/wp-json\/wp\/v2\/product_brand?post=37564"},{"taxonomy":"product_cat","embeddable":true,"href":"https:\/\/csefrs.lifemoz.com\/fr\/wp-json\/wp\/v2\/product_cat?post=37564"},{"taxonomy":"product_tag","embeddable":true,"href":"https:\/\/csefrs.lifemoz.com\/fr\/wp-json\/wp\/v2\/product_tag?post=37564"}],"curies":[{"name":"wp","href":"https:\/\/api.w.org\/{rel}","templated":true}]}}