{"id":37562,"date":"2021-11-30T00:00:00","date_gmt":"2021-11-29T23:00:00","guid":{"rendered":"https:\/\/csefrs.lifemoz.com\/\u0627\u0644\u0645\u0646\u0634\u0648\u0631\u0627\u062a\/etude-comparative-des-ecoles-communautaires-et-des-ecoles-satellites\/"},"modified":"2026-02-08T14:08:28","modified_gmt":"2026-02-08T13:08:28","slug":"etude-comparative-des-ecoles-communautaires-et-des-ecoles-satellites","status":"publish","type":"product","link":"https:\/\/csefrs.lifemoz.com\/fr\/publications\/etude-comparative-des-ecoles-communautaires-et-des-ecoles-satellites\/","title":{"rendered":"\u00c9tude comparative des \u00e9coles communautaires et des \u00e9coles satellites"},"content":{"rendered":"<p style=\"text-align: justify;\">Le Programme National d\u2019\u00c9valuation des Acquis (PNEA 2019) a r\u00e9alis\u00e9 une \u00e9tude comparative entre les \u00e9coles communautaires et les \u00e9coles satellites. L\u2019\u00e9tude est fond\u00e9e sur un \u00e9chantillon de 1447 \u00e9l\u00e8ves r\u00e9partis sur 49 \u00e9coles communautaires et 1469 \u00e9l\u00e8ves r\u00e9partis sur 68 \u00e9coles satellites. L\u2019int\u00e9r\u00eat de cette \u00e9tude r\u00e9side dans l\u2019analyse de la transition en cours du premier au deuxi\u00e8me type d\u2019\u00e9coles eu \u00e9gard aux limites et disfonctionnements constat\u00e9s ce qui incite \u00e0 opter pour les \u00e9coles communautaires comme alternative plus efficace. La comparaison a concern\u00e9 l\u2019environnement socio-\u00e9conomique, la performance scolaire (acquis des \u00e9l\u00e8ves en langues, sciences et math\u00e9matiques). Enfin, le rapport met en exergue les le\u00e7ons tir\u00e9es de l\u2019exp\u00e9rience des \u00e9coles communautaires et les perspectives de leur d\u00e9veloppement en mati\u00e8re de performance p\u00e9dagogique et administrative ainsi que la coordination avec la communaut\u00e9 locale.<\/p>\n<p style=\"text-align: justify;\"><a class=\"download-button-intern-fr\" href=\"https:\/\/csefrs.lifemoz.com\/wp-content\/uploads\/2021\/11\/30-11-Rapport-e\u0301coles-communautaires-V-Fr.pdf\" target=\"_blank\" rel=\"noopener\">T\u00e9l\u00e9charger le rapport <\/a><\/p>\n<p>[dflip id=\u00a0\u00bb12303&Prime;][\/dflip]<\/p>\n","protected":false},"excerpt":{"rendered":"<p>Le Programme National d\u2019\u00c9valuation des Acquis (PNEA 2019) a r\u00e9alis\u00e9 une \u00e9tude comparative entre les \u00e9coles communautaires et les \u00e9coles satellites. L\u2019\u00e9tude est fond\u00e9e sur un \u00e9chantillon de 1447 \u00e9l\u00e8ves r\u00e9partis sur 49 \u00e9coles communautaires et 1469 \u00e9l\u00e8ves r\u00e9partis sur 68 \u00e9coles satellites. L\u2019int\u00e9r\u00eat de cette \u00e9tude r\u00e9side dans l\u2019analyse de la transition en cours&hellip;<\/p>\n","protected":false},"featured_media":37139,"template":"","meta":[],"product_brand":[],"product_cat":[505,506],"product_tag":[],"class_list":{"0":"post-37562","1":"product","2":"type-product","3":"status-publish","4":"has-post-thumbnail","6":"product_cat-rapports","7":"product_cat-rapports-devaluation-etudes","8":"description-off","10":"first","11":"instock","12":"downloadable","13":"virtual","14":"sold-individually","15":"purchasable","16":"product-type-simple"},"yoast_head":"<!-- This site is optimized with the Yoast SEO plugin v27.5 - https:\/\/yoast.com\/product\/yoast-seo-wordpress\/ -->\n<title>\u00c9tude comparative des \u00e9coles communautaires et des \u00e9coles satellites - Conseil sup\u00e9rieur de l\u2019\u00e9ducation, de la formation et de la recherche scientifique<\/title>\n<meta name=\"robots\" content=\"noindex, follow, max-snippet:-1, max-image-preview:large, max-video-preview:-1\" \/>\n<meta property=\"og:locale\" content=\"fr_FR\" \/>\n<meta property=\"og:type\" content=\"article\" \/>\n<meta property=\"og:title\" content=\"\u00c9tude comparative des \u00e9coles communautaires et des \u00e9coles satellites - Conseil sup\u00e9rieur de l\u2019\u00e9ducation, de la formation et de la recherche scientifique\" \/>\n<meta property=\"og:description\" content=\"Le Programme National d\u2019\u00c9valuation des Acquis (PNEA 2019) a r\u00e9alis\u00e9 une \u00e9tude comparative entre les \u00e9coles communautaires et les \u00e9coles satellites. L\u2019\u00e9tude est fond\u00e9e sur un \u00e9chantillon de 1447 \u00e9l\u00e8ves r\u00e9partis sur 49 \u00e9coles communautaires et 1469 \u00e9l\u00e8ves r\u00e9partis sur 68 \u00e9coles satellites. L\u2019int\u00e9r\u00eat de cette \u00e9tude r\u00e9side dans l\u2019analyse de la transition en cours&hellip;\" \/>\n<meta property=\"og:url\" content=\"https:\/\/csefrs.lifemoz.com\/fr\/publications\/etude-comparative-des-ecoles-communautaires-et-des-ecoles-satellites\/\" \/>\n<meta property=\"og:site_name\" content=\"Conseil sup\u00e9rieur de l\u2019\u00e9ducation, de la formation et de la recherche scientifique\" \/>\n<meta property=\"article:modified_time\" content=\"2026-02-08T13:08:28+00:00\" \/>\n<meta property=\"og:image\" content=\"https:\/\/csefrs.lifemoz.com\/wp-content\/uploads\/2025\/12\/Rapport-ecoles-communautaires-V-Fr.jpg\" \/>\n\t<meta property=\"og:image:width\" content=\"724\" \/>\n\t<meta property=\"og:image:height\" content=\"1024\" \/>\n\t<meta property=\"og:image:type\" content=\"image\/jpeg\" \/>\n<meta name=\"twitter:card\" content=\"summary_large_image\" \/>\n<meta name=\"twitter:label1\" content=\"Dur\u00e9e de lecture estim\u00e9e\" \/>\n\t<meta name=\"twitter:data1\" content=\"1 minute\" \/>\n<script type=\"application\/ld+json\" class=\"yoast-schema-graph\">{\"@context\":\"https:\\\/\\\/schema.org\",\"@graph\":[{\"@type\":\"WebPage\",\"@id\":\"https:\\\/\\\/csefrs.lifemoz.com\\\/fr\\\/publications\\\/etude-comparative-des-ecoles-communautaires-et-des-ecoles-satellites\\\/\",\"url\":\"https:\\\/\\\/csefrs.lifemoz.com\\\/fr\\\/publications\\\/etude-comparative-des-ecoles-communautaires-et-des-ecoles-satellites\\\/\",\"name\":\"\u00c9tude comparative des \u00e9coles communautaires et des \u00e9coles satellites - Conseil sup\u00e9rieur de l\u2019\u00e9ducation, de la formation et de la recherche scientifique\",\"isPartOf\":{\"@id\":\"https:\\\/\\\/csefrs.lifemoz.com\\\/#website\"},\"primaryImageOfPage\":{\"@id\":\"https:\\\/\\\/csefrs.lifemoz.com\\\/fr\\\/publications\\\/etude-comparative-des-ecoles-communautaires-et-des-ecoles-satellites\\\/#primaryimage\"},\"image\":{\"@id\":\"https:\\\/\\\/csefrs.lifemoz.com\\\/fr\\\/publications\\\/etude-comparative-des-ecoles-communautaires-et-des-ecoles-satellites\\\/#primaryimage\"},\"thumbnailUrl\":\"https:\\\/\\\/csefrs.lifemoz.com\\\/wp-content\\\/uploads\\\/2025\\\/12\\\/Rapport-ecoles-communautaires-V-Fr.jpg\",\"datePublished\":\"2021-11-29T23:00:00+00:00\",\"dateModified\":\"2026-02-08T13:08:28+00:00\",\"breadcrumb\":{\"@id\":\"https:\\\/\\\/csefrs.lifemoz.com\\\/fr\\\/publications\\\/etude-comparative-des-ecoles-communautaires-et-des-ecoles-satellites\\\/#breadcrumb\"},\"inLanguage\":\"fr-FR\",\"potentialAction\":[{\"@type\":\"ReadAction\",\"target\":[\"https:\\\/\\\/csefrs.lifemoz.com\\\/fr\\\/publications\\\/etude-comparative-des-ecoles-communautaires-et-des-ecoles-satellites\\\/\"]}]},{\"@type\":\"ImageObject\",\"inLanguage\":\"fr-FR\",\"@id\":\"https:\\\/\\\/csefrs.lifemoz.com\\\/fr\\\/publications\\\/etude-comparative-des-ecoles-communautaires-et-des-ecoles-satellites\\\/#primaryimage\",\"url\":\"https:\\\/\\\/csefrs.lifemoz.com\\\/wp-content\\\/uploads\\\/2025\\\/12\\\/Rapport-ecoles-communautaires-V-Fr.jpg\",\"contentUrl\":\"https:\\\/\\\/csefrs.lifemoz.com\\\/wp-content\\\/uploads\\\/2025\\\/12\\\/Rapport-ecoles-communautaires-V-Fr.jpg\",\"width\":724,\"height\":1024},{\"@type\":\"BreadcrumbList\",\"@id\":\"https:\\\/\\\/csefrs.lifemoz.com\\\/fr\\\/publications\\\/etude-comparative-des-ecoles-communautaires-et-des-ecoles-satellites\\\/#breadcrumb\",\"itemListElement\":[{\"@type\":\"ListItem\",\"position\":1,\"name\":\"Accueil\",\"item\":\"https:\\\/\\\/csefrs.lifemoz.com\\\/fr\\\/\"},{\"@type\":\"ListItem\",\"position\":2,\"name\":\"Publications\",\"item\":\"https:\\\/\\\/csefrs.lifemoz.com\\\/\u0627\u0644\u0645\u0646\u0634\u0648\u0631\u0627\u062a\\\/\"},{\"@type\":\"ListItem\",\"position\":3,\"name\":\"\u00c9tude comparative des \u00e9coles communautaires et des \u00e9coles satellites\"}]},{\"@type\":\"WebSite\",\"@id\":\"https:\\\/\\\/csefrs.lifemoz.com\\\/#website\",\"url\":\"https:\\\/\\\/csefrs.lifemoz.com\\\/\",\"name\":\"Conseil sup\u00e9rieur de l\u2019\u00e9ducation, de la formation et de la recherche scientifique\",\"description\":\"\",\"potentialAction\":[{\"@type\":\"SearchAction\",\"target\":{\"@type\":\"EntryPoint\",\"urlTemplate\":\"https:\\\/\\\/csefrs.lifemoz.com\\\/?s={search_term_string}\"},\"query-input\":{\"@type\":\"PropertyValueSpecification\",\"valueRequired\":true,\"valueName\":\"search_term_string\"}}],\"inLanguage\":\"fr-FR\"}]}<\/script>\n<!-- \/ Yoast SEO plugin. -->","yoast_head_json":{"title":"\u00c9tude comparative des \u00e9coles communautaires et des \u00e9coles satellites - Conseil sup\u00e9rieur de l\u2019\u00e9ducation, de la formation et de la recherche scientifique","robots":{"index":"noindex","follow":"follow","max-snippet":"max-snippet:-1","max-image-preview":"max-image-preview:large","max-video-preview":"max-video-preview:-1"},"og_locale":"fr_FR","og_type":"article","og_title":"\u00c9tude comparative des \u00e9coles communautaires et des \u00e9coles satellites - Conseil sup\u00e9rieur de l\u2019\u00e9ducation, de la formation et de la recherche scientifique","og_description":"Le Programme National d\u2019\u00c9valuation des Acquis (PNEA 2019) a r\u00e9alis\u00e9 une \u00e9tude comparative entre les \u00e9coles communautaires et les \u00e9coles satellites. L\u2019\u00e9tude est fond\u00e9e sur un \u00e9chantillon de 1447 \u00e9l\u00e8ves r\u00e9partis sur 49 \u00e9coles communautaires et 1469 \u00e9l\u00e8ves r\u00e9partis sur 68 \u00e9coles satellites. L\u2019int\u00e9r\u00eat de cette \u00e9tude r\u00e9side dans l\u2019analyse de la transition en cours&hellip;","og_url":"https:\/\/csefrs.lifemoz.com\/fr\/publications\/etude-comparative-des-ecoles-communautaires-et-des-ecoles-satellites\/","og_site_name":"Conseil sup\u00e9rieur de l\u2019\u00e9ducation, de la formation et de la recherche scientifique","article_modified_time":"2026-02-08T13:08:28+00:00","og_image":[{"width":724,"height":1024,"url":"https:\/\/csefrs.lifemoz.com\/wp-content\/uploads\/2025\/12\/Rapport-ecoles-communautaires-V-Fr.jpg","type":"image\/jpeg"}],"twitter_card":"summary_large_image","twitter_misc":{"Dur\u00e9e de lecture estim\u00e9e":"1 minute"},"schema":{"@context":"https:\/\/schema.org","@graph":[{"@type":"WebPage","@id":"https:\/\/csefrs.lifemoz.com\/fr\/publications\/etude-comparative-des-ecoles-communautaires-et-des-ecoles-satellites\/","url":"https:\/\/csefrs.lifemoz.com\/fr\/publications\/etude-comparative-des-ecoles-communautaires-et-des-ecoles-satellites\/","name":"\u00c9tude comparative des \u00e9coles communautaires et des \u00e9coles satellites - Conseil sup\u00e9rieur de l\u2019\u00e9ducation, de la formation et de la recherche scientifique","isPartOf":{"@id":"https:\/\/csefrs.lifemoz.com\/#website"},"primaryImageOfPage":{"@id":"https:\/\/csefrs.lifemoz.com\/fr\/publications\/etude-comparative-des-ecoles-communautaires-et-des-ecoles-satellites\/#primaryimage"},"image":{"@id":"https:\/\/csefrs.lifemoz.com\/fr\/publications\/etude-comparative-des-ecoles-communautaires-et-des-ecoles-satellites\/#primaryimage"},"thumbnailUrl":"https:\/\/csefrs.lifemoz.com\/wp-content\/uploads\/2025\/12\/Rapport-ecoles-communautaires-V-Fr.jpg","datePublished":"2021-11-29T23:00:00+00:00","dateModified":"2026-02-08T13:08:28+00:00","breadcrumb":{"@id":"https:\/\/csefrs.lifemoz.com\/fr\/publications\/etude-comparative-des-ecoles-communautaires-et-des-ecoles-satellites\/#breadcrumb"},"inLanguage":"fr-FR","potentialAction":[{"@type":"ReadAction","target":["https:\/\/csefrs.lifemoz.com\/fr\/publications\/etude-comparative-des-ecoles-communautaires-et-des-ecoles-satellites\/"]}]},{"@type":"ImageObject","inLanguage":"fr-FR","@id":"https:\/\/csefrs.lifemoz.com\/fr\/publications\/etude-comparative-des-ecoles-communautaires-et-des-ecoles-satellites\/#primaryimage","url":"https:\/\/csefrs.lifemoz.com\/wp-content\/uploads\/2025\/12\/Rapport-ecoles-communautaires-V-Fr.jpg","contentUrl":"https:\/\/csefrs.lifemoz.com\/wp-content\/uploads\/2025\/12\/Rapport-ecoles-communautaires-V-Fr.jpg","width":724,"height":1024},{"@type":"BreadcrumbList","@id":"https:\/\/csefrs.lifemoz.com\/fr\/publications\/etude-comparative-des-ecoles-communautaires-et-des-ecoles-satellites\/#breadcrumb","itemListElement":[{"@type":"ListItem","position":1,"name":"Accueil","item":"https:\/\/csefrs.lifemoz.com\/fr\/"},{"@type":"ListItem","position":2,"name":"Publications","item":"https:\/\/csefrs.lifemoz.com\/\u0627\u0644\u0645\u0646\u0634\u0648\u0631\u0627\u062a\/"},{"@type":"ListItem","position":3,"name":"\u00c9tude comparative des \u00e9coles communautaires et des \u00e9coles satellites"}]},{"@type":"WebSite","@id":"https:\/\/csefrs.lifemoz.com\/#website","url":"https:\/\/csefrs.lifemoz.com\/","name":"Conseil sup\u00e9rieur de l\u2019\u00e9ducation, de la formation et de la recherche scientifique","description":"","potentialAction":[{"@type":"SearchAction","target":{"@type":"EntryPoint","urlTemplate":"https:\/\/csefrs.lifemoz.com\/?s={search_term_string}"},"query-input":{"@type":"PropertyValueSpecification","valueRequired":true,"valueName":"search_term_string"}}],"inLanguage":"fr-FR"}]}},"_links":{"self":[{"href":"https:\/\/csefrs.lifemoz.com\/fr\/wp-json\/wp\/v2\/product\/37562","targetHints":{"allow":["GET"]}}],"collection":[{"href":"https:\/\/csefrs.lifemoz.com\/fr\/wp-json\/wp\/v2\/product"}],"about":[{"href":"https:\/\/csefrs.lifemoz.com\/fr\/wp-json\/wp\/v2\/types\/product"}],"wp:featuredmedia":[{"embeddable":true,"href":"https:\/\/csefrs.lifemoz.com\/fr\/wp-json\/wp\/v2\/media\/37139"}],"wp:attachment":[{"href":"https:\/\/csefrs.lifemoz.com\/fr\/wp-json\/wp\/v2\/media?parent=37562"}],"wp:term":[{"taxonomy":"product_brand","embeddable":true,"href":"https:\/\/csefrs.lifemoz.com\/fr\/wp-json\/wp\/v2\/product_brand?post=37562"},{"taxonomy":"product_cat","embeddable":true,"href":"https:\/\/csefrs.lifemoz.com\/fr\/wp-json\/wp\/v2\/product_cat?post=37562"},{"taxonomy":"product_tag","embeddable":true,"href":"https:\/\/csefrs.lifemoz.com\/fr\/wp-json\/wp\/v2\/product_tag?post=37562"}],"curies":[{"name":"wp","href":"https:\/\/api.w.org\/{rel}","templated":true}]}}