{"id":37560,"date":"2021-11-12T00:00:00","date_gmt":"2021-11-11T23:00:00","guid":{"rendered":"https:\/\/csefrs.lifemoz.com\/\u0627\u0644\u0645\u0646\u0634\u0648\u0631\u0627\u062a\/enseignement-au-temps-de-covid-au-maroc\/"},"modified":"2026-02-08T14:08:29","modified_gmt":"2026-02-08T13:08:29","slug":"enseignement-au-temps-de-covid-au-maroc","status":"publish","type":"product","link":"https:\/\/csefrs.lifemoz.com\/fr\/publications\/enseignement-au-temps-de-covid-au-maroc\/","title":{"rendered":"ENSEIGNEMENT AU TEMPS DE COVID AU MAROC"},"content":{"rendered":"<p style=\"text-align: justify;\">\nLe rapport pr\u00e9sente les r\u00e9sultats de l\u2019\u00e9valuation \u00ab L\u2019enseignement au temps de Covid \u00bb r\u00e9alis\u00e9e par l\u2019Instance Nationale d\u2019\u00c9valuation aupr\u00e8s du Conseil Sup\u00e9rieur de l\u2019\u00c9ducation, de la Formation et de la Recherche Scientifique (INE-CSEFRS), en partenariat avec l\u2019UNICEF.\n<\/p>\n<p style=\"text-align: justify;\">\nCes r\u00e9sultats offrent un constat qui met en avant, non seulement, l\u2019exp\u00e9rience des enseignants et des \u00e9l\u00e8ves, mais \u00e9galement les perspectives d\u2019avenir de l\u2019enseignement \u00e0 distance au Maroc ainsi que les exigences de la relance post pand\u00e9mie pour r\u00e9ussir non seulement la transition num\u00e9rique mais essentiellement la r\u00e9forme de l\u2019\u00e9ducation.\n<\/p>\n<p style=\"text-align: justify;\"><a class=\"download-button-intern-fr\" href=\"https:\/\/csefrs.lifemoz.com\/wp-content\/uploads\/2021\/11\/Rapport-Enseignement-au-temps-de-COVID.pdf\" target=\"_blank\" rel=\"noopener\">T\u00e9l\u00e9charger le rapport<\/a><\/p>\n<p style=\"text-align: justify;\"><a class=\"download-button-intern-fr\" href=\"https:\/\/csefrs.lifemoz.com\/wp-content\/uploads\/2021\/11\/Re\u0301sume\u0301-Rapport-Enseignement-au-temps-de-COVID.pdf\" target=\"_blank\" rel=\"noopener\">T\u00e9l\u00e9charger le r\u00e9sum\u00e9<br \/>\n<\/a><\/p>\n","protected":false},"excerpt":{"rendered":"<p>Le rapport pr\u00e9sente les r\u00e9sultats de l\u2019\u00e9valuation \u00ab L\u2019enseignement au temps de Covid \u00bb r\u00e9alis\u00e9e par l\u2019Instance Nationale d\u2019\u00c9valuation aupr\u00e8s du Conseil Sup\u00e9rieur de l\u2019\u00c9ducation, de la Formation et de la Recherche Scientifique (INE-CSEFRS), en partenariat avec l\u2019UNICEF. Ces r\u00e9sultats offrent un constat qui met en avant, non seulement, l\u2019exp\u00e9rience des enseignants et des \u00e9l\u00e8ves,&hellip;<\/p>\n","protected":false},"featured_media":37138,"template":"","meta":[],"product_brand":[],"product_cat":[636,505,506],"product_tag":[],"class_list":{"0":"post-37560","1":"product","2":"type-product","3":"status-publish","4":"has-post-thumbnail","6":"product_cat-resultats-du-partenariat-et-de-la-cooperation","7":"product_cat-rapports","8":"product_cat-rapports-devaluation-etudes","9":"description-off","11":"first","12":"instock","13":"downloadable","14":"virtual","15":"sold-individually","16":"purchasable","17":"product-type-simple"},"yoast_head":"<!-- This site is optimized with the Yoast SEO plugin v27.5 - https:\/\/yoast.com\/product\/yoast-seo-wordpress\/ -->\n<title>ENSEIGNEMENT AU TEMPS DE COVID AU MAROC - Conseil sup\u00e9rieur de l\u2019\u00e9ducation, de la formation et de la recherche scientifique<\/title>\n<meta name=\"robots\" content=\"noindex, follow, max-snippet:-1, max-image-preview:large, max-video-preview:-1\" \/>\n<meta property=\"og:locale\" content=\"fr_FR\" \/>\n<meta property=\"og:type\" content=\"article\" \/>\n<meta property=\"og:title\" content=\"ENSEIGNEMENT AU TEMPS DE COVID AU MAROC - Conseil sup\u00e9rieur de l\u2019\u00e9ducation, de la formation et de la recherche scientifique\" \/>\n<meta property=\"og:description\" content=\"Le rapport pr\u00e9sente les r\u00e9sultats de l\u2019\u00e9valuation \u00ab L\u2019enseignement au temps de Covid \u00bb r\u00e9alis\u00e9e par l\u2019Instance Nationale d\u2019\u00c9valuation aupr\u00e8s du Conseil Sup\u00e9rieur de l\u2019\u00c9ducation, de la Formation et de la Recherche Scientifique (INE-CSEFRS), en partenariat avec l\u2019UNICEF. Ces r\u00e9sultats offrent un constat qui met en avant, non seulement, l\u2019exp\u00e9rience des enseignants et des \u00e9l\u00e8ves,&hellip;\" \/>\n<meta property=\"og:url\" content=\"https:\/\/csefrs.lifemoz.com\/fr\/publications\/enseignement-au-temps-de-covid-au-maroc\/\" \/>\n<meta property=\"og:site_name\" content=\"Conseil sup\u00e9rieur de l\u2019\u00e9ducation, de la formation et de la recherche scientifique\" \/>\n<meta property=\"article:modified_time\" content=\"2026-02-08T13:08:29+00:00\" \/>\n<meta property=\"og:image\" content=\"https:\/\/csefrs.lifemoz.com\/wp-content\/uploads\/2025\/12\/256315849_290026649683131_8605681679411483174_n.png\" \/>\n\t<meta property=\"og:image:width\" content=\"723\" \/>\n\t<meta property=\"og:image:height\" content=\"1024\" \/>\n\t<meta property=\"og:image:type\" content=\"image\/png\" \/>\n<meta name=\"twitter:card\" content=\"summary_large_image\" \/>\n<meta name=\"twitter:label1\" content=\"Dur\u00e9e de lecture estim\u00e9e\" \/>\n\t<meta name=\"twitter:data1\" content=\"1 minute\" \/>\n<script type=\"application\/ld+json\" class=\"yoast-schema-graph\">{\"@context\":\"https:\\\/\\\/schema.org\",\"@graph\":[{\"@type\":\"WebPage\",\"@id\":\"https:\\\/\\\/csefrs.lifemoz.com\\\/fr\\\/publications\\\/enseignement-au-temps-de-covid-au-maroc\\\/\",\"url\":\"https:\\\/\\\/csefrs.lifemoz.com\\\/fr\\\/publications\\\/enseignement-au-temps-de-covid-au-maroc\\\/\",\"name\":\"ENSEIGNEMENT AU TEMPS DE COVID AU MAROC - Conseil sup\u00e9rieur de l\u2019\u00e9ducation, de la formation et de la recherche scientifique\",\"isPartOf\":{\"@id\":\"https:\\\/\\\/csefrs.lifemoz.com\\\/#website\"},\"primaryImageOfPage\":{\"@id\":\"https:\\\/\\\/csefrs.lifemoz.com\\\/fr\\\/publications\\\/enseignement-au-temps-de-covid-au-maroc\\\/#primaryimage\"},\"image\":{\"@id\":\"https:\\\/\\\/csefrs.lifemoz.com\\\/fr\\\/publications\\\/enseignement-au-temps-de-covid-au-maroc\\\/#primaryimage\"},\"thumbnailUrl\":\"https:\\\/\\\/csefrs.lifemoz.com\\\/wp-content\\\/uploads\\\/2025\\\/12\\\/256315849_290026649683131_8605681679411483174_n.png\",\"datePublished\":\"2021-11-11T23:00:00+00:00\",\"dateModified\":\"2026-02-08T13:08:29+00:00\",\"breadcrumb\":{\"@id\":\"https:\\\/\\\/csefrs.lifemoz.com\\\/fr\\\/publications\\\/enseignement-au-temps-de-covid-au-maroc\\\/#breadcrumb\"},\"inLanguage\":\"fr-FR\",\"potentialAction\":[{\"@type\":\"ReadAction\",\"target\":[\"https:\\\/\\\/csefrs.lifemoz.com\\\/fr\\\/publications\\\/enseignement-au-temps-de-covid-au-maroc\\\/\"]}]},{\"@type\":\"ImageObject\",\"inLanguage\":\"fr-FR\",\"@id\":\"https:\\\/\\\/csefrs.lifemoz.com\\\/fr\\\/publications\\\/enseignement-au-temps-de-covid-au-maroc\\\/#primaryimage\",\"url\":\"https:\\\/\\\/csefrs.lifemoz.com\\\/wp-content\\\/uploads\\\/2025\\\/12\\\/256315849_290026649683131_8605681679411483174_n.png\",\"contentUrl\":\"https:\\\/\\\/csefrs.lifemoz.com\\\/wp-content\\\/uploads\\\/2025\\\/12\\\/256315849_290026649683131_8605681679411483174_n.png\",\"width\":723,\"height\":1024},{\"@type\":\"BreadcrumbList\",\"@id\":\"https:\\\/\\\/csefrs.lifemoz.com\\\/fr\\\/publications\\\/enseignement-au-temps-de-covid-au-maroc\\\/#breadcrumb\",\"itemListElement\":[{\"@type\":\"ListItem\",\"position\":1,\"name\":\"Accueil\",\"item\":\"https:\\\/\\\/csefrs.lifemoz.com\\\/fr\\\/\"},{\"@type\":\"ListItem\",\"position\":2,\"name\":\"Publications\",\"item\":\"https:\\\/\\\/csefrs.lifemoz.com\\\/\u0627\u0644\u0645\u0646\u0634\u0648\u0631\u0627\u062a\\\/\"},{\"@type\":\"ListItem\",\"position\":3,\"name\":\"ENSEIGNEMENT AU TEMPS DE COVID AU MAROC\"}]},{\"@type\":\"WebSite\",\"@id\":\"https:\\\/\\\/csefrs.lifemoz.com\\\/#website\",\"url\":\"https:\\\/\\\/csefrs.lifemoz.com\\\/\",\"name\":\"Conseil sup\u00e9rieur de l\u2019\u00e9ducation, de la formation et de la recherche scientifique\",\"description\":\"\",\"potentialAction\":[{\"@type\":\"SearchAction\",\"target\":{\"@type\":\"EntryPoint\",\"urlTemplate\":\"https:\\\/\\\/csefrs.lifemoz.com\\\/?s={search_term_string}\"},\"query-input\":{\"@type\":\"PropertyValueSpecification\",\"valueRequired\":true,\"valueName\":\"search_term_string\"}}],\"inLanguage\":\"fr-FR\"}]}<\/script>\n<!-- \/ Yoast SEO plugin. -->","yoast_head_json":{"title":"ENSEIGNEMENT AU TEMPS DE COVID AU MAROC - Conseil sup\u00e9rieur de l\u2019\u00e9ducation, de la formation et de la recherche scientifique","robots":{"index":"noindex","follow":"follow","max-snippet":"max-snippet:-1","max-image-preview":"max-image-preview:large","max-video-preview":"max-video-preview:-1"},"og_locale":"fr_FR","og_type":"article","og_title":"ENSEIGNEMENT AU TEMPS DE COVID AU MAROC - Conseil sup\u00e9rieur de l\u2019\u00e9ducation, de la formation et de la recherche scientifique","og_description":"Le rapport pr\u00e9sente les r\u00e9sultats de l\u2019\u00e9valuation \u00ab L\u2019enseignement au temps de Covid \u00bb r\u00e9alis\u00e9e par l\u2019Instance Nationale d\u2019\u00c9valuation aupr\u00e8s du Conseil Sup\u00e9rieur de l\u2019\u00c9ducation, de la Formation et de la Recherche Scientifique (INE-CSEFRS), en partenariat avec l\u2019UNICEF. Ces r\u00e9sultats offrent un constat qui met en avant, non seulement, l\u2019exp\u00e9rience des enseignants et des \u00e9l\u00e8ves,&hellip;","og_url":"https:\/\/csefrs.lifemoz.com\/fr\/publications\/enseignement-au-temps-de-covid-au-maroc\/","og_site_name":"Conseil sup\u00e9rieur de l\u2019\u00e9ducation, de la formation et de la recherche scientifique","article_modified_time":"2026-02-08T13:08:29+00:00","og_image":[{"width":723,"height":1024,"url":"https:\/\/csefrs.lifemoz.com\/wp-content\/uploads\/2025\/12\/256315849_290026649683131_8605681679411483174_n.png","type":"image\/png"}],"twitter_card":"summary_large_image","twitter_misc":{"Dur\u00e9e de lecture estim\u00e9e":"1 minute"},"schema":{"@context":"https:\/\/schema.org","@graph":[{"@type":"WebPage","@id":"https:\/\/csefrs.lifemoz.com\/fr\/publications\/enseignement-au-temps-de-covid-au-maroc\/","url":"https:\/\/csefrs.lifemoz.com\/fr\/publications\/enseignement-au-temps-de-covid-au-maroc\/","name":"ENSEIGNEMENT AU TEMPS DE COVID AU MAROC - Conseil sup\u00e9rieur de l\u2019\u00e9ducation, de la formation et de la recherche scientifique","isPartOf":{"@id":"https:\/\/csefrs.lifemoz.com\/#website"},"primaryImageOfPage":{"@id":"https:\/\/csefrs.lifemoz.com\/fr\/publications\/enseignement-au-temps-de-covid-au-maroc\/#primaryimage"},"image":{"@id":"https:\/\/csefrs.lifemoz.com\/fr\/publications\/enseignement-au-temps-de-covid-au-maroc\/#primaryimage"},"thumbnailUrl":"https:\/\/csefrs.lifemoz.com\/wp-content\/uploads\/2025\/12\/256315849_290026649683131_8605681679411483174_n.png","datePublished":"2021-11-11T23:00:00+00:00","dateModified":"2026-02-08T13:08:29+00:00","breadcrumb":{"@id":"https:\/\/csefrs.lifemoz.com\/fr\/publications\/enseignement-au-temps-de-covid-au-maroc\/#breadcrumb"},"inLanguage":"fr-FR","potentialAction":[{"@type":"ReadAction","target":["https:\/\/csefrs.lifemoz.com\/fr\/publications\/enseignement-au-temps-de-covid-au-maroc\/"]}]},{"@type":"ImageObject","inLanguage":"fr-FR","@id":"https:\/\/csefrs.lifemoz.com\/fr\/publications\/enseignement-au-temps-de-covid-au-maroc\/#primaryimage","url":"https:\/\/csefrs.lifemoz.com\/wp-content\/uploads\/2025\/12\/256315849_290026649683131_8605681679411483174_n.png","contentUrl":"https:\/\/csefrs.lifemoz.com\/wp-content\/uploads\/2025\/12\/256315849_290026649683131_8605681679411483174_n.png","width":723,"height":1024},{"@type":"BreadcrumbList","@id":"https:\/\/csefrs.lifemoz.com\/fr\/publications\/enseignement-au-temps-de-covid-au-maroc\/#breadcrumb","itemListElement":[{"@type":"ListItem","position":1,"name":"Accueil","item":"https:\/\/csefrs.lifemoz.com\/fr\/"},{"@type":"ListItem","position":2,"name":"Publications","item":"https:\/\/csefrs.lifemoz.com\/\u0627\u0644\u0645\u0646\u0634\u0648\u0631\u0627\u062a\/"},{"@type":"ListItem","position":3,"name":"ENSEIGNEMENT AU TEMPS DE COVID AU MAROC"}]},{"@type":"WebSite","@id":"https:\/\/csefrs.lifemoz.com\/#website","url":"https:\/\/csefrs.lifemoz.com\/","name":"Conseil sup\u00e9rieur de l\u2019\u00e9ducation, de la formation et de la recherche scientifique","description":"","potentialAction":[{"@type":"SearchAction","target":{"@type":"EntryPoint","urlTemplate":"https:\/\/csefrs.lifemoz.com\/?s={search_term_string}"},"query-input":{"@type":"PropertyValueSpecification","valueRequired":true,"valueName":"search_term_string"}}],"inLanguage":"fr-FR"}]}},"_links":{"self":[{"href":"https:\/\/csefrs.lifemoz.com\/fr\/wp-json\/wp\/v2\/product\/37560","targetHints":{"allow":["GET"]}}],"collection":[{"href":"https:\/\/csefrs.lifemoz.com\/fr\/wp-json\/wp\/v2\/product"}],"about":[{"href":"https:\/\/csefrs.lifemoz.com\/fr\/wp-json\/wp\/v2\/types\/product"}],"wp:featuredmedia":[{"embeddable":true,"href":"https:\/\/csefrs.lifemoz.com\/fr\/wp-json\/wp\/v2\/media\/37138"}],"wp:attachment":[{"href":"https:\/\/csefrs.lifemoz.com\/fr\/wp-json\/wp\/v2\/media?parent=37560"}],"wp:term":[{"taxonomy":"product_brand","embeddable":true,"href":"https:\/\/csefrs.lifemoz.com\/fr\/wp-json\/wp\/v2\/product_brand?post=37560"},{"taxonomy":"product_cat","embeddable":true,"href":"https:\/\/csefrs.lifemoz.com\/fr\/wp-json\/wp\/v2\/product_cat?post=37560"},{"taxonomy":"product_tag","embeddable":true,"href":"https:\/\/csefrs.lifemoz.com\/fr\/wp-json\/wp\/v2\/product_tag?post=37560"}],"curies":[{"name":"wp","href":"https:\/\/api.w.org\/{rel}","templated":true}]}}