{"id":37557,"date":"2021-02-17T00:00:00","date_gmt":"2021-02-16T23:00:00","guid":{"rendered":"https:\/\/csefrs.lifemoz.com\/\u0627\u0644\u0645\u0646\u0634\u0648\u0631\u0627\u062a\/les-menages-et-leducation-perceptions-attentes-et-aspirations\/"},"modified":"2026-02-08T14:08:30","modified_gmt":"2026-02-08T13:08:30","slug":"les-menages-et-leducation-perceptions-attentes-et-aspirations","status":"publish","type":"product","link":"https:\/\/csefrs.lifemoz.com\/fr\/publications\/les-menages-et-leducation-perceptions-attentes-et-aspirations\/","title":{"rendered":"Les m\u00e9nages et l&rsquo;\u00e9ducation: Perceptions, attentes et aspirations"},"content":{"rendered":"<p style=\"text-align: justify;\">La soci\u00e9t\u00e9 marocaine a connu, durant les trois derni\u00e8res d\u00e9cennies, de profonds changements aux niveaux \u00e9conomique, politique, social et culturel qui ont impact\u00e9 l\u2019importance accord\u00e9e par les familles \u00e0 l\u2019\u00e9ducation, ainsi que leurs attentes et aspirations. L\u2019\u00e9ducation et la formation sont ainsi devenues une pr\u00e9occupation majeure pour les familles, pour lesquelles elles mobilisent un investissement affectif et des ressources mat\u00e9rielles, tout en nourrissant des attentes envers l\u2019\u00e9cole et des aspirations \u00e0 un avenir meilleur pour leurs enfants. Par ailleurs, le statut de l\u2019enfant a \u00e9galement profond\u00e9ment chang\u00e9 durant ces derni\u00e8res d\u00e9cennies. On se pr\u00e9occupe davantage de son \u00e9ducation et de son bien \u00eatre au sein de la famille, de ses droits au sein de la soci\u00e9t\u00e9 et de sa scolarit\u00e9 dans les politiques publiques. Dans ce contexte, l\u2019int\u00e9r\u00eat port\u00e9 \u00e0 l\u2019\u00e9ducation ne pourrait occulter celui accord\u00e9 aux familles, \u00e0 leurs perceptions et \u00e0 leurs attentes envers l\u2019\u00e9cole.<\/p>\n<p style=\"text-align: justify;\">En r\u00e9alisant une enqu\u00eate nationale en octobre 2018, sur \u00ab les m\u00e9nages et l\u2019\u00e9ducation : perceptions, attentes et aspirations\u00bb, d\u00e9di\u00e9e, pour la premi\u00e8re fois, aux m\u00e9nages et \u00e0 l\u2019\u00e9ducation au Maroc, l\u2019Instance Nationale d\u2019\u00c9valuation (INE) aupr\u00e8s du Conseil Sup\u00e9rieur de l\u2019\u00c9ducation, de la Formation et de la Recherche Scientifique (CSEFRS), tente de cerner la relation qu&rsquo;ont les familles avec l\u2019\u00e9cole \u00e0 travers plusieurs dimensions, et de produire des donn\u00e9es probantes qui feront avancer notre compr\u00e9hension de la place qu\u2019occupe l\u2019\u00e9ducation chez les familles marocaines.<\/p>\n<p style=\"text-align: justify;\"><a class=\"download-button-intern-fr\" href=\"https:\/\/csefrs.lifemoz.com\/wp-content\/uploads\/2021\/02\/Les-Me\u0301nages-et-le\u0301ducation-2.pdf\" target=\"_blank\" rel=\"noopener\">T\u00e9l\u00e9charger le rapport<\/a><\/p>\n","protected":false},"excerpt":{"rendered":"<p>La soci\u00e9t\u00e9 marocaine a connu, durant les trois derni\u00e8res d\u00e9cennies, de profonds changements aux niveaux \u00e9conomique, politique, social et culturel qui ont impact\u00e9 l\u2019importance accord\u00e9e par les familles \u00e0 l\u2019\u00e9ducation, ainsi que leurs attentes et aspirations. L\u2019\u00e9ducation et la formation sont ainsi devenues une pr\u00e9occupation majeure pour les familles, pour lesquelles elles mobilisent un investissement&hellip;<\/p>\n","protected":false},"featured_media":37137,"template":"","meta":[],"product_brand":[],"product_cat":[505,506],"product_tag":[],"class_list":{"0":"post-37557","1":"product","2":"type-product","3":"status-publish","4":"has-post-thumbnail","6":"product_cat-rapports","7":"product_cat-rapports-devaluation-etudes","8":"description-off","10":"first","11":"instock","12":"downloadable","13":"virtual","14":"sold-individually","15":"purchasable","16":"product-type-simple"},"yoast_head":"<!-- This site is optimized with the Yoast SEO plugin v27.5 - https:\/\/yoast.com\/product\/yoast-seo-wordpress\/ -->\n<title>Les m\u00e9nages et l&#039;\u00e9ducation: Perceptions, attentes et aspirations - Conseil sup\u00e9rieur de l\u2019\u00e9ducation, de la formation et de la recherche scientifique<\/title>\n<meta name=\"robots\" content=\"noindex, follow, max-snippet:-1, max-image-preview:large, max-video-preview:-1\" \/>\n<meta property=\"og:locale\" content=\"fr_FR\" \/>\n<meta property=\"og:type\" content=\"article\" \/>\n<meta property=\"og:title\" content=\"Les m\u00e9nages et l&#039;\u00e9ducation: Perceptions, attentes et aspirations - Conseil sup\u00e9rieur de l\u2019\u00e9ducation, de la formation et de la recherche scientifique\" \/>\n<meta property=\"og:description\" content=\"La soci\u00e9t\u00e9 marocaine a connu, durant les trois derni\u00e8res d\u00e9cennies, de profonds changements aux niveaux \u00e9conomique, politique, social et culturel qui ont impact\u00e9 l\u2019importance accord\u00e9e par les familles \u00e0 l\u2019\u00e9ducation, ainsi que leurs attentes et aspirations. L\u2019\u00e9ducation et la formation sont ainsi devenues une pr\u00e9occupation majeure pour les familles, pour lesquelles elles mobilisent un investissement&hellip;\" \/>\n<meta property=\"og:url\" content=\"https:\/\/csefrs.lifemoz.com\/fr\/publications\/les-menages-et-leducation-perceptions-attentes-et-aspirations\/\" \/>\n<meta property=\"og:site_name\" content=\"Conseil sup\u00e9rieur de l\u2019\u00e9ducation, de la formation et de la recherche scientifique\" \/>\n<meta property=\"article:modified_time\" content=\"2026-02-08T13:08:30+00:00\" \/>\n<meta property=\"og:image\" content=\"https:\/\/csefrs.lifemoz.com\/wp-content\/uploads\/2025\/12\/Rapport-Menage-pour-site-web-1.jpg\" \/>\n\t<meta property=\"og:image:width\" content=\"724\" \/>\n\t<meta property=\"og:image:height\" content=\"1024\" \/>\n\t<meta property=\"og:image:type\" content=\"image\/jpeg\" \/>\n<meta name=\"twitter:card\" content=\"summary_large_image\" \/>\n<meta name=\"twitter:label1\" content=\"Dur\u00e9e de lecture estim\u00e9e\" \/>\n\t<meta name=\"twitter:data1\" content=\"1 minute\" \/>\n<script type=\"application\/ld+json\" class=\"yoast-schema-graph\">{\"@context\":\"https:\\\/\\\/schema.org\",\"@graph\":[{\"@type\":\"WebPage\",\"@id\":\"https:\\\/\\\/csefrs.lifemoz.com\\\/fr\\\/publications\\\/les-menages-et-leducation-perceptions-attentes-et-aspirations\\\/\",\"url\":\"https:\\\/\\\/csefrs.lifemoz.com\\\/fr\\\/publications\\\/les-menages-et-leducation-perceptions-attentes-et-aspirations\\\/\",\"name\":\"Les m\u00e9nages et l'\u00e9ducation: Perceptions, attentes et aspirations - Conseil sup\u00e9rieur de l\u2019\u00e9ducation, de la formation et de la recherche scientifique\",\"isPartOf\":{\"@id\":\"https:\\\/\\\/csefrs.lifemoz.com\\\/#website\"},\"primaryImageOfPage\":{\"@id\":\"https:\\\/\\\/csefrs.lifemoz.com\\\/fr\\\/publications\\\/les-menages-et-leducation-perceptions-attentes-et-aspirations\\\/#primaryimage\"},\"image\":{\"@id\":\"https:\\\/\\\/csefrs.lifemoz.com\\\/fr\\\/publications\\\/les-menages-et-leducation-perceptions-attentes-et-aspirations\\\/#primaryimage\"},\"thumbnailUrl\":\"https:\\\/\\\/csefrs.lifemoz.com\\\/wp-content\\\/uploads\\\/2025\\\/12\\\/Rapport-Menage-pour-site-web-1.jpg\",\"datePublished\":\"2021-02-16T23:00:00+00:00\",\"dateModified\":\"2026-02-08T13:08:30+00:00\",\"breadcrumb\":{\"@id\":\"https:\\\/\\\/csefrs.lifemoz.com\\\/fr\\\/publications\\\/les-menages-et-leducation-perceptions-attentes-et-aspirations\\\/#breadcrumb\"},\"inLanguage\":\"fr-FR\",\"potentialAction\":[{\"@type\":\"ReadAction\",\"target\":[\"https:\\\/\\\/csefrs.lifemoz.com\\\/fr\\\/publications\\\/les-menages-et-leducation-perceptions-attentes-et-aspirations\\\/\"]}]},{\"@type\":\"ImageObject\",\"inLanguage\":\"fr-FR\",\"@id\":\"https:\\\/\\\/csefrs.lifemoz.com\\\/fr\\\/publications\\\/les-menages-et-leducation-perceptions-attentes-et-aspirations\\\/#primaryimage\",\"url\":\"https:\\\/\\\/csefrs.lifemoz.com\\\/wp-content\\\/uploads\\\/2025\\\/12\\\/Rapport-Menage-pour-site-web-1.jpg\",\"contentUrl\":\"https:\\\/\\\/csefrs.lifemoz.com\\\/wp-content\\\/uploads\\\/2025\\\/12\\\/Rapport-Menage-pour-site-web-1.jpg\",\"width\":724,\"height\":1024},{\"@type\":\"BreadcrumbList\",\"@id\":\"https:\\\/\\\/csefrs.lifemoz.com\\\/fr\\\/publications\\\/les-menages-et-leducation-perceptions-attentes-et-aspirations\\\/#breadcrumb\",\"itemListElement\":[{\"@type\":\"ListItem\",\"position\":1,\"name\":\"Accueil\",\"item\":\"https:\\\/\\\/csefrs.lifemoz.com\\\/fr\\\/\"},{\"@type\":\"ListItem\",\"position\":2,\"name\":\"Publications\",\"item\":\"https:\\\/\\\/csefrs.lifemoz.com\\\/\u0627\u0644\u0645\u0646\u0634\u0648\u0631\u0627\u062a\\\/\"},{\"@type\":\"ListItem\",\"position\":3,\"name\":\"Les m\u00e9nages et l&rsquo;\u00e9ducation: Perceptions, attentes et aspirations\"}]},{\"@type\":\"WebSite\",\"@id\":\"https:\\\/\\\/csefrs.lifemoz.com\\\/#website\",\"url\":\"https:\\\/\\\/csefrs.lifemoz.com\\\/\",\"name\":\"Conseil sup\u00e9rieur de l\u2019\u00e9ducation, de la formation et de la recherche scientifique\",\"description\":\"\",\"potentialAction\":[{\"@type\":\"SearchAction\",\"target\":{\"@type\":\"EntryPoint\",\"urlTemplate\":\"https:\\\/\\\/csefrs.lifemoz.com\\\/?s={search_term_string}\"},\"query-input\":{\"@type\":\"PropertyValueSpecification\",\"valueRequired\":true,\"valueName\":\"search_term_string\"}}],\"inLanguage\":\"fr-FR\"}]}<\/script>\n<!-- \/ Yoast SEO plugin. -->","yoast_head_json":{"title":"Les m\u00e9nages et l'\u00e9ducation: Perceptions, attentes et aspirations - Conseil sup\u00e9rieur de l\u2019\u00e9ducation, de la formation et de la recherche scientifique","robots":{"index":"noindex","follow":"follow","max-snippet":"max-snippet:-1","max-image-preview":"max-image-preview:large","max-video-preview":"max-video-preview:-1"},"og_locale":"fr_FR","og_type":"article","og_title":"Les m\u00e9nages et l'\u00e9ducation: Perceptions, attentes et aspirations - Conseil sup\u00e9rieur de l\u2019\u00e9ducation, de la formation et de la recherche scientifique","og_description":"La soci\u00e9t\u00e9 marocaine a connu, durant les trois derni\u00e8res d\u00e9cennies, de profonds changements aux niveaux \u00e9conomique, politique, social et culturel qui ont impact\u00e9 l\u2019importance accord\u00e9e par les familles \u00e0 l\u2019\u00e9ducation, ainsi que leurs attentes et aspirations. L\u2019\u00e9ducation et la formation sont ainsi devenues une pr\u00e9occupation majeure pour les familles, pour lesquelles elles mobilisent un investissement&hellip;","og_url":"https:\/\/csefrs.lifemoz.com\/fr\/publications\/les-menages-et-leducation-perceptions-attentes-et-aspirations\/","og_site_name":"Conseil sup\u00e9rieur de l\u2019\u00e9ducation, de la formation et de la recherche scientifique","article_modified_time":"2026-02-08T13:08:30+00:00","og_image":[{"width":724,"height":1024,"url":"https:\/\/csefrs.lifemoz.com\/wp-content\/uploads\/2025\/12\/Rapport-Menage-pour-site-web-1.jpg","type":"image\/jpeg"}],"twitter_card":"summary_large_image","twitter_misc":{"Dur\u00e9e de lecture estim\u00e9e":"1 minute"},"schema":{"@context":"https:\/\/schema.org","@graph":[{"@type":"WebPage","@id":"https:\/\/csefrs.lifemoz.com\/fr\/publications\/les-menages-et-leducation-perceptions-attentes-et-aspirations\/","url":"https:\/\/csefrs.lifemoz.com\/fr\/publications\/les-menages-et-leducation-perceptions-attentes-et-aspirations\/","name":"Les m\u00e9nages et l'\u00e9ducation: Perceptions, attentes et aspirations - Conseil sup\u00e9rieur de l\u2019\u00e9ducation, de la formation et de la recherche scientifique","isPartOf":{"@id":"https:\/\/csefrs.lifemoz.com\/#website"},"primaryImageOfPage":{"@id":"https:\/\/csefrs.lifemoz.com\/fr\/publications\/les-menages-et-leducation-perceptions-attentes-et-aspirations\/#primaryimage"},"image":{"@id":"https:\/\/csefrs.lifemoz.com\/fr\/publications\/les-menages-et-leducation-perceptions-attentes-et-aspirations\/#primaryimage"},"thumbnailUrl":"https:\/\/csefrs.lifemoz.com\/wp-content\/uploads\/2025\/12\/Rapport-Menage-pour-site-web-1.jpg","datePublished":"2021-02-16T23:00:00+00:00","dateModified":"2026-02-08T13:08:30+00:00","breadcrumb":{"@id":"https:\/\/csefrs.lifemoz.com\/fr\/publications\/les-menages-et-leducation-perceptions-attentes-et-aspirations\/#breadcrumb"},"inLanguage":"fr-FR","potentialAction":[{"@type":"ReadAction","target":["https:\/\/csefrs.lifemoz.com\/fr\/publications\/les-menages-et-leducation-perceptions-attentes-et-aspirations\/"]}]},{"@type":"ImageObject","inLanguage":"fr-FR","@id":"https:\/\/csefrs.lifemoz.com\/fr\/publications\/les-menages-et-leducation-perceptions-attentes-et-aspirations\/#primaryimage","url":"https:\/\/csefrs.lifemoz.com\/wp-content\/uploads\/2025\/12\/Rapport-Menage-pour-site-web-1.jpg","contentUrl":"https:\/\/csefrs.lifemoz.com\/wp-content\/uploads\/2025\/12\/Rapport-Menage-pour-site-web-1.jpg","width":724,"height":1024},{"@type":"BreadcrumbList","@id":"https:\/\/csefrs.lifemoz.com\/fr\/publications\/les-menages-et-leducation-perceptions-attentes-et-aspirations\/#breadcrumb","itemListElement":[{"@type":"ListItem","position":1,"name":"Accueil","item":"https:\/\/csefrs.lifemoz.com\/fr\/"},{"@type":"ListItem","position":2,"name":"Publications","item":"https:\/\/csefrs.lifemoz.com\/\u0627\u0644\u0645\u0646\u0634\u0648\u0631\u0627\u062a\/"},{"@type":"ListItem","position":3,"name":"Les m\u00e9nages et l&rsquo;\u00e9ducation: Perceptions, attentes et aspirations"}]},{"@type":"WebSite","@id":"https:\/\/csefrs.lifemoz.com\/#website","url":"https:\/\/csefrs.lifemoz.com\/","name":"Conseil sup\u00e9rieur de l\u2019\u00e9ducation, de la formation et de la recherche scientifique","description":"","potentialAction":[{"@type":"SearchAction","target":{"@type":"EntryPoint","urlTemplate":"https:\/\/csefrs.lifemoz.com\/?s={search_term_string}"},"query-input":{"@type":"PropertyValueSpecification","valueRequired":true,"valueName":"search_term_string"}}],"inLanguage":"fr-FR"}]}},"_links":{"self":[{"href":"https:\/\/csefrs.lifemoz.com\/fr\/wp-json\/wp\/v2\/product\/37557","targetHints":{"allow":["GET"]}}],"collection":[{"href":"https:\/\/csefrs.lifemoz.com\/fr\/wp-json\/wp\/v2\/product"}],"about":[{"href":"https:\/\/csefrs.lifemoz.com\/fr\/wp-json\/wp\/v2\/types\/product"}],"wp:featuredmedia":[{"embeddable":true,"href":"https:\/\/csefrs.lifemoz.com\/fr\/wp-json\/wp\/v2\/media\/37137"}],"wp:attachment":[{"href":"https:\/\/csefrs.lifemoz.com\/fr\/wp-json\/wp\/v2\/media?parent=37557"}],"wp:term":[{"taxonomy":"product_brand","embeddable":true,"href":"https:\/\/csefrs.lifemoz.com\/fr\/wp-json\/wp\/v2\/product_brand?post=37557"},{"taxonomy":"product_cat","embeddable":true,"href":"https:\/\/csefrs.lifemoz.com\/fr\/wp-json\/wp\/v2\/product_cat?post=37557"},{"taxonomy":"product_tag","embeddable":true,"href":"https:\/\/csefrs.lifemoz.com\/fr\/wp-json\/wp\/v2\/product_tag?post=37557"}],"curies":[{"name":"wp","href":"https:\/\/api.w.org\/{rel}","templated":true}]}}