{"id":37555,"date":"2020-05-22T00:00:00","date_gmt":"2020-05-22T00:00:00","guid":{"rendered":"https:\/\/csefrs.lifemoz.com\/\u0627\u0644\u0645\u0646\u0634\u0648\u0631\u0627\u062a\/lenseignement-superieur-au-maroc-efficacite-et-efficience-du-systeme-universitaire-a-acces-regule\/"},"modified":"2026-02-08T14:08:30","modified_gmt":"2026-02-08T13:08:30","slug":"lenseignement-superieur-au-maroc-efficacite-et-efficience-du-systeme-universitaire-a-acces-regule","status":"publish","type":"product","link":"https:\/\/csefrs.lifemoz.com\/fr\/publications\/lenseignement-superieur-au-maroc-efficacite-et-efficience-du-systeme-universitaire-a-acces-regule\/","title":{"rendered":"L&rsquo;enseignement sup\u00e9rieur au Maroc: Efficacit\u00e9 et efficience du syst\u00e8me universitaire \u00e0 acc\u00e8s r\u00e9gul\u00e9"},"content":{"rendered":"<p style=\"text-align: justify;\">L&rsquo;\u00e9valuation de la composante universitaire \u00e0 acc\u00e8s r\u00e9gul\u00e9 s&rsquo;inscrit dans le prolongement naturel de celle de la composante \u00e0 acc\u00e8s ouvert effectu\u00e9e en 2018 et de celle sur les facult\u00e9s polydisciplinaires.<\/p>\n<p style=\"text-align: justify;\">L&rsquo;\u00e9valuation apporte une analyse fine, \u00e0 la fois quantitative et qualitative, de la conceptualisation de l&rsquo;acc\u00e8s r\u00e9gul\u00e9 et ses fondements distinctifs (acc\u00e8s selon le m\u00e9rite, professionnalisation) ainsi que sa gen\u00e8se. Elle scrute par ailleurs, les taux d\u2019insertion et d\u2019employabilit\u00e9 de cette composante ainsi que l\u2019attractivit\u00e9 des \u00e9trangers, tout en \u00e9valuant sa configuration p\u00e9dagogique duale &lsquo;cycle normal&rsquo; et &lsquo;LMD&rsquo;.<\/p>\n<p style=\"text-align: justify;\">Par ailleurs, cette \u00e9valuation traite l\u2019\u00e9tendue territoriale du r\u00e9seau de l\u2019acc\u00e8s r\u00e9gul\u00e9, son extension et ce que cela entra\u00eene au niveau de la mobilit\u00e9 estudiantine interr\u00e9gionale. L&rsquo;\u00e9valuation ne fait pas l&rsquo;\u00e9conomie de souligner les acquis, les attributs et les atouts de l\u2019acc\u00e8s r\u00e9gul\u00e9 et des investissements financiers consentis par l\u2019\u00c9tat en sa faveur, tout en mettant en avant ses rendements interne et externe. \u00c0 l&rsquo;issue de cette analyse, l&rsquo;\u00e9valuation \u00e9num\u00e8re les principaux d\u00e9fis auxquels fait face l&rsquo;acc\u00e8s r\u00e9gul\u00e9 et les principales voies de sa capitalisation, \u00e0 la lumi\u00e8re des mod\u00e8les internationaux r\u00e9ussis. En revanche, les d\u00e9fis de l&rsquo;acc\u00e8s r\u00e9gul\u00e9 et sa capitalisation, sont abord\u00e9s sous l&rsquo;aiguillon strat\u00e9gique de la coh\u00e9rence et l&rsquo;unification de tout le syst\u00e8me d\u2019enseignement sup\u00e9rieur marocain.<\/p>\n<p style=\"text-align: justify;\"><a class=\"download-button-intern-fr\" href=\"https:\/\/csefrs.lifemoz.com\/wp-content\/uploads\/2020\/05\/Rapport-ES-re\u0301gule\u0301.pdf\" target=\"_blank\" rel=\"noopener\">T\u00e9l\u00e9charger le rapport<\/a><\/p>\n","protected":false},"excerpt":{"rendered":"<p>L&rsquo;\u00e9valuation de la composante universitaire \u00e0 acc\u00e8s r\u00e9gul\u00e9 s&rsquo;inscrit dans le prolongement naturel de celle de la composante \u00e0 acc\u00e8s ouvert effectu\u00e9e en 2018 et de celle sur les facult\u00e9s polydisciplinaires. L&rsquo;\u00e9valuation apporte une analyse fine, \u00e0 la fois quantitative et qualitative, de la conceptualisation de l&rsquo;acc\u00e8s r\u00e9gul\u00e9 et ses fondements distinctifs (acc\u00e8s selon le&hellip;<\/p>\n","protected":false},"featured_media":37135,"template":"","meta":[],"product_brand":[],"product_cat":[505,506],"product_tag":[],"class_list":{"0":"post-37555","1":"product","2":"type-product","3":"status-publish","4":"has-post-thumbnail","6":"product_cat-rapports","7":"product_cat-rapports-devaluation-etudes","8":"description-off","10":"first","11":"instock","12":"downloadable","13":"virtual","14":"sold-individually","15":"purchasable","16":"product-type-simple"},"yoast_head":"<!-- This site is optimized with the Yoast SEO plugin v27.5 - https:\/\/yoast.com\/product\/yoast-seo-wordpress\/ -->\n<title>L&#039;enseignement sup\u00e9rieur au Maroc: Efficacit\u00e9 et efficience du syst\u00e8me universitaire \u00e0 acc\u00e8s r\u00e9gul\u00e9 - Conseil sup\u00e9rieur de l\u2019\u00e9ducation, de la formation et de la recherche scientifique<\/title>\n<meta name=\"robots\" content=\"noindex, follow, max-snippet:-1, max-image-preview:large, max-video-preview:-1\" \/>\n<meta property=\"og:locale\" content=\"fr_FR\" \/>\n<meta property=\"og:type\" content=\"article\" \/>\n<meta property=\"og:title\" content=\"L&#039;enseignement sup\u00e9rieur au Maroc: Efficacit\u00e9 et efficience du syst\u00e8me universitaire \u00e0 acc\u00e8s r\u00e9gul\u00e9 - Conseil sup\u00e9rieur de l\u2019\u00e9ducation, de la formation et de la recherche scientifique\" \/>\n<meta property=\"og:description\" content=\"L&rsquo;\u00e9valuation de la composante universitaire \u00e0 acc\u00e8s r\u00e9gul\u00e9 s&rsquo;inscrit dans le prolongement naturel de celle de la composante \u00e0 acc\u00e8s ouvert effectu\u00e9e en 2018 et de celle sur les facult\u00e9s polydisciplinaires. L&rsquo;\u00e9valuation apporte une analyse fine, \u00e0 la fois quantitative et qualitative, de la conceptualisation de l&rsquo;acc\u00e8s r\u00e9gul\u00e9 et ses fondements distinctifs (acc\u00e8s selon le&hellip;\" \/>\n<meta property=\"og:url\" content=\"https:\/\/csefrs.lifemoz.com\/fr\/publications\/lenseignement-superieur-au-maroc-efficacite-et-efficience-du-systeme-universitaire-a-acces-regule\/\" \/>\n<meta property=\"og:site_name\" content=\"Conseil sup\u00e9rieur de l\u2019\u00e9ducation, de la formation et de la recherche scientifique\" \/>\n<meta property=\"article:modified_time\" content=\"2026-02-08T13:08:30+00:00\" \/>\n<meta property=\"og:image\" content=\"https:\/\/csefrs.lifemoz.com\/wp-content\/uploads\/2025\/12\/Rapport-ES-regule-1.jpg\" \/>\n\t<meta property=\"og:image:width\" content=\"721\" \/>\n\t<meta property=\"og:image:height\" content=\"1024\" \/>\n\t<meta property=\"og:image:type\" content=\"image\/jpeg\" \/>\n<meta name=\"twitter:card\" content=\"summary_large_image\" \/>\n<meta name=\"twitter:label1\" content=\"Dur\u00e9e de lecture estim\u00e9e\" \/>\n\t<meta name=\"twitter:data1\" content=\"1 minute\" \/>\n<script type=\"application\/ld+json\" class=\"yoast-schema-graph\">{\"@context\":\"https:\\\/\\\/schema.org\",\"@graph\":[{\"@type\":\"WebPage\",\"@id\":\"https:\\\/\\\/csefrs.lifemoz.com\\\/fr\\\/publications\\\/lenseignement-superieur-au-maroc-efficacite-et-efficience-du-systeme-universitaire-a-acces-regule\\\/\",\"url\":\"https:\\\/\\\/csefrs.lifemoz.com\\\/fr\\\/publications\\\/lenseignement-superieur-au-maroc-efficacite-et-efficience-du-systeme-universitaire-a-acces-regule\\\/\",\"name\":\"L'enseignement sup\u00e9rieur au Maroc: Efficacit\u00e9 et efficience du syst\u00e8me universitaire \u00e0 acc\u00e8s r\u00e9gul\u00e9 - Conseil sup\u00e9rieur de l\u2019\u00e9ducation, de la formation et de la recherche scientifique\",\"isPartOf\":{\"@id\":\"https:\\\/\\\/csefrs.lifemoz.com\\\/#website\"},\"primaryImageOfPage\":{\"@id\":\"https:\\\/\\\/csefrs.lifemoz.com\\\/fr\\\/publications\\\/lenseignement-superieur-au-maroc-efficacite-et-efficience-du-systeme-universitaire-a-acces-regule\\\/#primaryimage\"},\"image\":{\"@id\":\"https:\\\/\\\/csefrs.lifemoz.com\\\/fr\\\/publications\\\/lenseignement-superieur-au-maroc-efficacite-et-efficience-du-systeme-universitaire-a-acces-regule\\\/#primaryimage\"},\"thumbnailUrl\":\"https:\\\/\\\/csefrs.lifemoz.com\\\/wp-content\\\/uploads\\\/2025\\\/12\\\/Rapport-ES-regule-1.jpg\",\"datePublished\":\"2020-05-22T00:00:00+00:00\",\"dateModified\":\"2026-02-08T13:08:30+00:00\",\"breadcrumb\":{\"@id\":\"https:\\\/\\\/csefrs.lifemoz.com\\\/fr\\\/publications\\\/lenseignement-superieur-au-maroc-efficacite-et-efficience-du-systeme-universitaire-a-acces-regule\\\/#breadcrumb\"},\"inLanguage\":\"fr-FR\",\"potentialAction\":[{\"@type\":\"ReadAction\",\"target\":[\"https:\\\/\\\/csefrs.lifemoz.com\\\/fr\\\/publications\\\/lenseignement-superieur-au-maroc-efficacite-et-efficience-du-systeme-universitaire-a-acces-regule\\\/\"]}]},{\"@type\":\"ImageObject\",\"inLanguage\":\"fr-FR\",\"@id\":\"https:\\\/\\\/csefrs.lifemoz.com\\\/fr\\\/publications\\\/lenseignement-superieur-au-maroc-efficacite-et-efficience-du-systeme-universitaire-a-acces-regule\\\/#primaryimage\",\"url\":\"https:\\\/\\\/csefrs.lifemoz.com\\\/wp-content\\\/uploads\\\/2025\\\/12\\\/Rapport-ES-regule-1.jpg\",\"contentUrl\":\"https:\\\/\\\/csefrs.lifemoz.com\\\/wp-content\\\/uploads\\\/2025\\\/12\\\/Rapport-ES-regule-1.jpg\",\"width\":721,\"height\":1024},{\"@type\":\"BreadcrumbList\",\"@id\":\"https:\\\/\\\/csefrs.lifemoz.com\\\/fr\\\/publications\\\/lenseignement-superieur-au-maroc-efficacite-et-efficience-du-systeme-universitaire-a-acces-regule\\\/#breadcrumb\",\"itemListElement\":[{\"@type\":\"ListItem\",\"position\":1,\"name\":\"Accueil\",\"item\":\"https:\\\/\\\/csefrs.lifemoz.com\\\/fr\\\/\"},{\"@type\":\"ListItem\",\"position\":2,\"name\":\"Publications\",\"item\":\"https:\\\/\\\/csefrs.lifemoz.com\\\/\u0627\u0644\u0645\u0646\u0634\u0648\u0631\u0627\u062a\\\/\"},{\"@type\":\"ListItem\",\"position\":3,\"name\":\"L&rsquo;enseignement sup\u00e9rieur au Maroc: Efficacit\u00e9 et efficience du syst\u00e8me universitaire \u00e0 acc\u00e8s r\u00e9gul\u00e9\"}]},{\"@type\":\"WebSite\",\"@id\":\"https:\\\/\\\/csefrs.lifemoz.com\\\/#website\",\"url\":\"https:\\\/\\\/csefrs.lifemoz.com\\\/\",\"name\":\"Conseil sup\u00e9rieur de l\u2019\u00e9ducation, de la formation et de la recherche scientifique\",\"description\":\"\",\"potentialAction\":[{\"@type\":\"SearchAction\",\"target\":{\"@type\":\"EntryPoint\",\"urlTemplate\":\"https:\\\/\\\/csefrs.lifemoz.com\\\/?s={search_term_string}\"},\"query-input\":{\"@type\":\"PropertyValueSpecification\",\"valueRequired\":true,\"valueName\":\"search_term_string\"}}],\"inLanguage\":\"fr-FR\"}]}<\/script>\n<!-- \/ Yoast SEO plugin. -->","yoast_head_json":{"title":"L'enseignement sup\u00e9rieur au Maroc: Efficacit\u00e9 et efficience du syst\u00e8me universitaire \u00e0 acc\u00e8s r\u00e9gul\u00e9 - Conseil sup\u00e9rieur de l\u2019\u00e9ducation, de la formation et de la recherche scientifique","robots":{"index":"noindex","follow":"follow","max-snippet":"max-snippet:-1","max-image-preview":"max-image-preview:large","max-video-preview":"max-video-preview:-1"},"og_locale":"fr_FR","og_type":"article","og_title":"L'enseignement sup\u00e9rieur au Maroc: Efficacit\u00e9 et efficience du syst\u00e8me universitaire \u00e0 acc\u00e8s r\u00e9gul\u00e9 - Conseil sup\u00e9rieur de l\u2019\u00e9ducation, de la formation et de la recherche scientifique","og_description":"L&rsquo;\u00e9valuation de la composante universitaire \u00e0 acc\u00e8s r\u00e9gul\u00e9 s&rsquo;inscrit dans le prolongement naturel de celle de la composante \u00e0 acc\u00e8s ouvert effectu\u00e9e en 2018 et de celle sur les facult\u00e9s polydisciplinaires. L&rsquo;\u00e9valuation apporte une analyse fine, \u00e0 la fois quantitative et qualitative, de la conceptualisation de l&rsquo;acc\u00e8s r\u00e9gul\u00e9 et ses fondements distinctifs (acc\u00e8s selon le&hellip;","og_url":"https:\/\/csefrs.lifemoz.com\/fr\/publications\/lenseignement-superieur-au-maroc-efficacite-et-efficience-du-systeme-universitaire-a-acces-regule\/","og_site_name":"Conseil sup\u00e9rieur de l\u2019\u00e9ducation, de la formation et de la recherche scientifique","article_modified_time":"2026-02-08T13:08:30+00:00","og_image":[{"width":721,"height":1024,"url":"https:\/\/csefrs.lifemoz.com\/wp-content\/uploads\/2025\/12\/Rapport-ES-regule-1.jpg","type":"image\/jpeg"}],"twitter_card":"summary_large_image","twitter_misc":{"Dur\u00e9e de lecture estim\u00e9e":"1 minute"},"schema":{"@context":"https:\/\/schema.org","@graph":[{"@type":"WebPage","@id":"https:\/\/csefrs.lifemoz.com\/fr\/publications\/lenseignement-superieur-au-maroc-efficacite-et-efficience-du-systeme-universitaire-a-acces-regule\/","url":"https:\/\/csefrs.lifemoz.com\/fr\/publications\/lenseignement-superieur-au-maroc-efficacite-et-efficience-du-systeme-universitaire-a-acces-regule\/","name":"L'enseignement sup\u00e9rieur au Maroc: Efficacit\u00e9 et efficience du syst\u00e8me universitaire \u00e0 acc\u00e8s r\u00e9gul\u00e9 - Conseil sup\u00e9rieur de l\u2019\u00e9ducation, de la formation et de la recherche scientifique","isPartOf":{"@id":"https:\/\/csefrs.lifemoz.com\/#website"},"primaryImageOfPage":{"@id":"https:\/\/csefrs.lifemoz.com\/fr\/publications\/lenseignement-superieur-au-maroc-efficacite-et-efficience-du-systeme-universitaire-a-acces-regule\/#primaryimage"},"image":{"@id":"https:\/\/csefrs.lifemoz.com\/fr\/publications\/lenseignement-superieur-au-maroc-efficacite-et-efficience-du-systeme-universitaire-a-acces-regule\/#primaryimage"},"thumbnailUrl":"https:\/\/csefrs.lifemoz.com\/wp-content\/uploads\/2025\/12\/Rapport-ES-regule-1.jpg","datePublished":"2020-05-22T00:00:00+00:00","dateModified":"2026-02-08T13:08:30+00:00","breadcrumb":{"@id":"https:\/\/csefrs.lifemoz.com\/fr\/publications\/lenseignement-superieur-au-maroc-efficacite-et-efficience-du-systeme-universitaire-a-acces-regule\/#breadcrumb"},"inLanguage":"fr-FR","potentialAction":[{"@type":"ReadAction","target":["https:\/\/csefrs.lifemoz.com\/fr\/publications\/lenseignement-superieur-au-maroc-efficacite-et-efficience-du-systeme-universitaire-a-acces-regule\/"]}]},{"@type":"ImageObject","inLanguage":"fr-FR","@id":"https:\/\/csefrs.lifemoz.com\/fr\/publications\/lenseignement-superieur-au-maroc-efficacite-et-efficience-du-systeme-universitaire-a-acces-regule\/#primaryimage","url":"https:\/\/csefrs.lifemoz.com\/wp-content\/uploads\/2025\/12\/Rapport-ES-regule-1.jpg","contentUrl":"https:\/\/csefrs.lifemoz.com\/wp-content\/uploads\/2025\/12\/Rapport-ES-regule-1.jpg","width":721,"height":1024},{"@type":"BreadcrumbList","@id":"https:\/\/csefrs.lifemoz.com\/fr\/publications\/lenseignement-superieur-au-maroc-efficacite-et-efficience-du-systeme-universitaire-a-acces-regule\/#breadcrumb","itemListElement":[{"@type":"ListItem","position":1,"name":"Accueil","item":"https:\/\/csefrs.lifemoz.com\/fr\/"},{"@type":"ListItem","position":2,"name":"Publications","item":"https:\/\/csefrs.lifemoz.com\/\u0627\u0644\u0645\u0646\u0634\u0648\u0631\u0627\u062a\/"},{"@type":"ListItem","position":3,"name":"L&rsquo;enseignement sup\u00e9rieur au Maroc: Efficacit\u00e9 et efficience du syst\u00e8me universitaire \u00e0 acc\u00e8s r\u00e9gul\u00e9"}]},{"@type":"WebSite","@id":"https:\/\/csefrs.lifemoz.com\/#website","url":"https:\/\/csefrs.lifemoz.com\/","name":"Conseil sup\u00e9rieur de l\u2019\u00e9ducation, de la formation et de la recherche scientifique","description":"","potentialAction":[{"@type":"SearchAction","target":{"@type":"EntryPoint","urlTemplate":"https:\/\/csefrs.lifemoz.com\/?s={search_term_string}"},"query-input":{"@type":"PropertyValueSpecification","valueRequired":true,"valueName":"search_term_string"}}],"inLanguage":"fr-FR"}]}},"_links":{"self":[{"href":"https:\/\/csefrs.lifemoz.com\/fr\/wp-json\/wp\/v2\/product\/37555","targetHints":{"allow":["GET"]}}],"collection":[{"href":"https:\/\/csefrs.lifemoz.com\/fr\/wp-json\/wp\/v2\/product"}],"about":[{"href":"https:\/\/csefrs.lifemoz.com\/fr\/wp-json\/wp\/v2\/types\/product"}],"wp:featuredmedia":[{"embeddable":true,"href":"https:\/\/csefrs.lifemoz.com\/fr\/wp-json\/wp\/v2\/media\/37135"}],"wp:attachment":[{"href":"https:\/\/csefrs.lifemoz.com\/fr\/wp-json\/wp\/v2\/media?parent=37555"}],"wp:term":[{"taxonomy":"product_brand","embeddable":true,"href":"https:\/\/csefrs.lifemoz.com\/fr\/wp-json\/wp\/v2\/product_brand?post=37555"},{"taxonomy":"product_cat","embeddable":true,"href":"https:\/\/csefrs.lifemoz.com\/fr\/wp-json\/wp\/v2\/product_cat?post=37555"},{"taxonomy":"product_tag","embeddable":true,"href":"https:\/\/csefrs.lifemoz.com\/fr\/wp-json\/wp\/v2\/product_tag?post=37555"}],"curies":[{"name":"wp","href":"https:\/\/api.w.org\/{rel}","templated":true}]}}