{"id":37553,"date":"2020-03-03T00:00:00","date_gmt":"2020-03-02T23:00:00","guid":{"rendered":"https:\/\/csefrs.lifemoz.com\/\u0627\u0644\u0645\u0646\u0634\u0648\u0631\u0627\u062a\/actes-du-seminaire-international-le-droit-a-une-education-inclusive-transition-conceptuelle-transformation-des-pratiques-et-enjeux-de-levaluation\/"},"modified":"2026-02-08T14:08:30","modified_gmt":"2026-02-08T13:08:30","slug":"actes-du-seminaire-international-le-droit-a-une-education-inclusive-transition-conceptuelle-transformation-des-pratiques-et-enjeux-de-levaluation","status":"publish","type":"product","link":"https:\/\/csefrs.lifemoz.com\/fr\/publications\/actes-du-seminaire-international-le-droit-a-une-education-inclusive-transition-conceptuelle-transformation-des-pratiques-et-enjeux-de-levaluation\/","title":{"rendered":"Actes du s\u00e9minaire international \u00ab\u00a0le droit \u00e0 une \u00e9ducation inclusive\u00a0: transition conceptuelle, transformation des pratiques et enjeux de l\u2019\u00e9valuation\u00a0\u00bb"},"content":{"rendered":"<p>Afin de soutenir les orientations du Conseil Sup\u00e9rieur de l\u2019\u00c9ducation, de la Formation et\u00a0 de la Recherche Scientifique (CSEFRS) en mati\u00e8re d\u2019\u00e9ducation inclusive dans la Vision Strat\u00e9gique 2015-2030 (levier 4), l\u2019Instance Nationale d\u2019\u00c9valuation aupr\u00e8s du CSEFRS, a organis\u00e9, en partenariat avec l\u2019UNICEF les 7 et 8 janvier 2019 au si\u00e8ge du Conseil \u00e0 Rabat, un s\u00e9minaire international sur \u00a0\u00ab\u00a0le droit \u00e0 une \u00e9ducation inclusive\u00a0: transition conceptuelle, transformation des pratiques et enjeux de l\u2019\u00e9valuation\u00a0\u00bb.<\/p>\n<p>Ont particip\u00e9 \u00e0 ce s\u00e9minaire des experts nationaux et internationaux \u0153uvrant dans le domaine de l\u2019\u00e9ducation des enfants en situation de handicap.<\/p>\n<p>Offrant des espaces de r\u00e9flexion, d\u2019\u00e9changes de pratiques et de d\u00e9bat, ce s\u00e9minaire a permis, \u00e0 travers les conf\u00e9rences pl\u00e9ni\u00e8res et les ateliers qui s\u2019y sont tenus, de penser des axes d\u2019intervention possibles, innovants et efficaces, pour un ancrage institutionnel de l\u2019\u00e9ducation inclusive au Maroc.<\/p>\n<p>Les diverses contributions scientifiques, visions et approches d\u00e9coulant de ce s\u00e9minaire ont fait l\u2019objet d\u2019un document de synth\u00e8se regroupant l\u2019essentiel des travaux du colloque.<br \/>\n&nbsp;<\/p>\n<p style=\"text-align: justify;\"><a class=\"download-button-intern-fr\" href=\"https:\/\/csefrs.lifemoz.com\/wp-content\/uploads\/2020\/03\/Actes-du-colloque-Handicap-20-02-20.pdf\" target=\"_blank\" rel=\"noopener\">T\u00e9l\u00e9charger les actes du colloque<\/a><\/p>\n","protected":false},"excerpt":{"rendered":"<p>Afin de soutenir les orientations du Conseil Sup\u00e9rieur de l\u2019\u00c9ducation, de la Formation et\u00a0 de la Recherche Scientifique (CSEFRS) en mati\u00e8re d\u2019\u00e9ducation inclusive dans la Vision Strat\u00e9gique 2015-2030 (levier 4), l\u2019Instance Nationale d\u2019\u00c9valuation aupr\u00e8s du CSEFRS, a organis\u00e9, en partenariat avec l\u2019UNICEF les 7 et 8 janvier 2019 au si\u00e8ge du Conseil \u00e0 Rabat, un&hellip;<\/p>\n","protected":false},"featured_media":36436,"template":"","meta":[],"product_brand":[],"product_cat":[511],"product_tag":[],"class_list":{"0":"post-37553","1":"product","2":"type-product","3":"status-publish","4":"has-post-thumbnail","6":"product_cat-actes-des-colloques-et-rencontres","7":"description-off","9":"first","10":"instock","11":"downloadable","12":"virtual","13":"sold-individually","14":"purchasable","15":"product-type-simple"},"yoast_head":"<!-- This site is optimized with the Yoast SEO plugin v27.5 - https:\/\/yoast.com\/product\/yoast-seo-wordpress\/ -->\n<title>Actes du s\u00e9minaire international \u00ab\u00a0le droit \u00e0 une \u00e9ducation inclusive\u00a0: transition conceptuelle, transformation des pratiques et enjeux de l\u2019\u00e9valuation\u00a0\u00bb - Conseil sup\u00e9rieur de l\u2019\u00e9ducation, de la formation et de la recherche scientifique<\/title>\n<meta name=\"robots\" content=\"noindex, follow, max-snippet:-1, max-image-preview:large, max-video-preview:-1\" \/>\n<meta property=\"og:locale\" content=\"fr_FR\" \/>\n<meta property=\"og:type\" content=\"article\" \/>\n<meta property=\"og:title\" content=\"Actes du s\u00e9minaire international \u00ab\u00a0le droit \u00e0 une \u00e9ducation inclusive\u00a0: transition conceptuelle, transformation des pratiques et enjeux de l\u2019\u00e9valuation\u00a0\u00bb - Conseil sup\u00e9rieur de l\u2019\u00e9ducation, de la formation et de la recherche scientifique\" \/>\n<meta property=\"og:description\" content=\"Afin de soutenir les orientations du Conseil Sup\u00e9rieur de l\u2019\u00c9ducation, de la Formation et\u00a0 de la Recherche Scientifique (CSEFRS) en mati\u00e8re d\u2019\u00e9ducation inclusive dans la Vision Strat\u00e9gique 2015-2030 (levier 4), l\u2019Instance Nationale d\u2019\u00c9valuation aupr\u00e8s du CSEFRS, a organis\u00e9, en partenariat avec l\u2019UNICEF les 7 et 8 janvier 2019 au si\u00e8ge du Conseil \u00e0 Rabat, un&hellip;\" \/>\n<meta property=\"og:url\" content=\"https:\/\/csefrs.lifemoz.com\/fr\/publications\/actes-du-seminaire-international-le-droit-a-une-education-inclusive-transition-conceptuelle-transformation-des-pratiques-et-enjeux-de-levaluation\/\" \/>\n<meta property=\"og:site_name\" content=\"Conseil sup\u00e9rieur de l\u2019\u00e9ducation, de la formation et de la recherche scientifique\" \/>\n<meta property=\"article:modified_time\" content=\"2026-02-08T13:08:30+00:00\" \/>\n<meta property=\"og:image\" content=\"https:\/\/csefrs.lifemoz.com\/wp-content\/uploads\/2025\/12\/Actes-du-colloque-Handicap-20-02-20-1.jpg\" \/>\n\t<meta property=\"og:image:width\" content=\"715\" \/>\n\t<meta property=\"og:image:height\" content=\"1024\" \/>\n\t<meta property=\"og:image:type\" content=\"image\/jpeg\" \/>\n<meta name=\"twitter:card\" content=\"summary_large_image\" \/>\n<meta name=\"twitter:label1\" content=\"Dur\u00e9e de lecture estim\u00e9e\" \/>\n\t<meta name=\"twitter:data1\" content=\"1 minute\" \/>\n<script type=\"application\/ld+json\" class=\"yoast-schema-graph\">{\"@context\":\"https:\\\/\\\/schema.org\",\"@graph\":[{\"@type\":\"WebPage\",\"@id\":\"https:\\\/\\\/csefrs.lifemoz.com\\\/fr\\\/publications\\\/actes-du-seminaire-international-le-droit-a-une-education-inclusive-transition-conceptuelle-transformation-des-pratiques-et-enjeux-de-levaluation\\\/\",\"url\":\"https:\\\/\\\/csefrs.lifemoz.com\\\/fr\\\/publications\\\/actes-du-seminaire-international-le-droit-a-une-education-inclusive-transition-conceptuelle-transformation-des-pratiques-et-enjeux-de-levaluation\\\/\",\"name\":\"Actes du s\u00e9minaire international \u00ab\u00a0le droit \u00e0 une \u00e9ducation inclusive\u00a0: transition conceptuelle, transformation des pratiques et enjeux de l\u2019\u00e9valuation\u00a0\u00bb - Conseil sup\u00e9rieur de l\u2019\u00e9ducation, de la formation et de la recherche scientifique\",\"isPartOf\":{\"@id\":\"https:\\\/\\\/csefrs.lifemoz.com\\\/#website\"},\"primaryImageOfPage\":{\"@id\":\"https:\\\/\\\/csefrs.lifemoz.com\\\/fr\\\/publications\\\/actes-du-seminaire-international-le-droit-a-une-education-inclusive-transition-conceptuelle-transformation-des-pratiques-et-enjeux-de-levaluation\\\/#primaryimage\"},\"image\":{\"@id\":\"https:\\\/\\\/csefrs.lifemoz.com\\\/fr\\\/publications\\\/actes-du-seminaire-international-le-droit-a-une-education-inclusive-transition-conceptuelle-transformation-des-pratiques-et-enjeux-de-levaluation\\\/#primaryimage\"},\"thumbnailUrl\":\"https:\\\/\\\/csefrs.lifemoz.com\\\/wp-content\\\/uploads\\\/2025\\\/12\\\/Actes-du-colloque-Handicap-20-02-20-1.jpg\",\"datePublished\":\"2020-03-02T23:00:00+00:00\",\"dateModified\":\"2026-02-08T13:08:30+00:00\",\"breadcrumb\":{\"@id\":\"https:\\\/\\\/csefrs.lifemoz.com\\\/fr\\\/publications\\\/actes-du-seminaire-international-le-droit-a-une-education-inclusive-transition-conceptuelle-transformation-des-pratiques-et-enjeux-de-levaluation\\\/#breadcrumb\"},\"inLanguage\":\"fr-FR\",\"potentialAction\":[{\"@type\":\"ReadAction\",\"target\":[\"https:\\\/\\\/csefrs.lifemoz.com\\\/fr\\\/publications\\\/actes-du-seminaire-international-le-droit-a-une-education-inclusive-transition-conceptuelle-transformation-des-pratiques-et-enjeux-de-levaluation\\\/\"]}]},{\"@type\":\"ImageObject\",\"inLanguage\":\"fr-FR\",\"@id\":\"https:\\\/\\\/csefrs.lifemoz.com\\\/fr\\\/publications\\\/actes-du-seminaire-international-le-droit-a-une-education-inclusive-transition-conceptuelle-transformation-des-pratiques-et-enjeux-de-levaluation\\\/#primaryimage\",\"url\":\"https:\\\/\\\/csefrs.lifemoz.com\\\/wp-content\\\/uploads\\\/2025\\\/12\\\/Actes-du-colloque-Handicap-20-02-20-1.jpg\",\"contentUrl\":\"https:\\\/\\\/csefrs.lifemoz.com\\\/wp-content\\\/uploads\\\/2025\\\/12\\\/Actes-du-colloque-Handicap-20-02-20-1.jpg\",\"width\":715,\"height\":1024},{\"@type\":\"BreadcrumbList\",\"@id\":\"https:\\\/\\\/csefrs.lifemoz.com\\\/fr\\\/publications\\\/actes-du-seminaire-international-le-droit-a-une-education-inclusive-transition-conceptuelle-transformation-des-pratiques-et-enjeux-de-levaluation\\\/#breadcrumb\",\"itemListElement\":[{\"@type\":\"ListItem\",\"position\":1,\"name\":\"Accueil\",\"item\":\"https:\\\/\\\/csefrs.lifemoz.com\\\/fr\\\/\"},{\"@type\":\"ListItem\",\"position\":2,\"name\":\"Publications\",\"item\":\"https:\\\/\\\/csefrs.lifemoz.com\\\/\u0627\u0644\u0645\u0646\u0634\u0648\u0631\u0627\u062a\\\/\"},{\"@type\":\"ListItem\",\"position\":3,\"name\":\"Actes du s\u00e9minaire international \u00ab\u00a0le droit \u00e0 une \u00e9ducation inclusive\u00a0: transition conceptuelle, transformation des pratiques et enjeux de l\u2019\u00e9valuation\u00a0\u00bb\"}]},{\"@type\":\"WebSite\",\"@id\":\"https:\\\/\\\/csefrs.lifemoz.com\\\/#website\",\"url\":\"https:\\\/\\\/csefrs.lifemoz.com\\\/\",\"name\":\"Conseil sup\u00e9rieur de l\u2019\u00e9ducation, de la formation et de la recherche scientifique\",\"description\":\"\",\"potentialAction\":[{\"@type\":\"SearchAction\",\"target\":{\"@type\":\"EntryPoint\",\"urlTemplate\":\"https:\\\/\\\/csefrs.lifemoz.com\\\/?s={search_term_string}\"},\"query-input\":{\"@type\":\"PropertyValueSpecification\",\"valueRequired\":true,\"valueName\":\"search_term_string\"}}],\"inLanguage\":\"fr-FR\"}]}<\/script>\n<!-- \/ Yoast SEO plugin. -->","yoast_head_json":{"title":"Actes du s\u00e9minaire international \u00ab\u00a0le droit \u00e0 une \u00e9ducation inclusive\u00a0: transition conceptuelle, transformation des pratiques et enjeux de l\u2019\u00e9valuation\u00a0\u00bb - Conseil sup\u00e9rieur de l\u2019\u00e9ducation, de la formation et de la recherche scientifique","robots":{"index":"noindex","follow":"follow","max-snippet":"max-snippet:-1","max-image-preview":"max-image-preview:large","max-video-preview":"max-video-preview:-1"},"og_locale":"fr_FR","og_type":"article","og_title":"Actes du s\u00e9minaire international \u00ab\u00a0le droit \u00e0 une \u00e9ducation inclusive\u00a0: transition conceptuelle, transformation des pratiques et enjeux de l\u2019\u00e9valuation\u00a0\u00bb - Conseil sup\u00e9rieur de l\u2019\u00e9ducation, de la formation et de la recherche scientifique","og_description":"Afin de soutenir les orientations du Conseil Sup\u00e9rieur de l\u2019\u00c9ducation, de la Formation et\u00a0 de la Recherche Scientifique (CSEFRS) en mati\u00e8re d\u2019\u00e9ducation inclusive dans la Vision Strat\u00e9gique 2015-2030 (levier 4), l\u2019Instance Nationale d\u2019\u00c9valuation aupr\u00e8s du CSEFRS, a organis\u00e9, en partenariat avec l\u2019UNICEF les 7 et 8 janvier 2019 au si\u00e8ge du Conseil \u00e0 Rabat, un&hellip;","og_url":"https:\/\/csefrs.lifemoz.com\/fr\/publications\/actes-du-seminaire-international-le-droit-a-une-education-inclusive-transition-conceptuelle-transformation-des-pratiques-et-enjeux-de-levaluation\/","og_site_name":"Conseil sup\u00e9rieur de l\u2019\u00e9ducation, de la formation et de la recherche scientifique","article_modified_time":"2026-02-08T13:08:30+00:00","og_image":[{"width":715,"height":1024,"url":"https:\/\/csefrs.lifemoz.com\/wp-content\/uploads\/2025\/12\/Actes-du-colloque-Handicap-20-02-20-1.jpg","type":"image\/jpeg"}],"twitter_card":"summary_large_image","twitter_misc":{"Dur\u00e9e de lecture estim\u00e9e":"1 minute"},"schema":{"@context":"https:\/\/schema.org","@graph":[{"@type":"WebPage","@id":"https:\/\/csefrs.lifemoz.com\/fr\/publications\/actes-du-seminaire-international-le-droit-a-une-education-inclusive-transition-conceptuelle-transformation-des-pratiques-et-enjeux-de-levaluation\/","url":"https:\/\/csefrs.lifemoz.com\/fr\/publications\/actes-du-seminaire-international-le-droit-a-une-education-inclusive-transition-conceptuelle-transformation-des-pratiques-et-enjeux-de-levaluation\/","name":"Actes du s\u00e9minaire international \u00ab\u00a0le droit \u00e0 une \u00e9ducation inclusive\u00a0: transition conceptuelle, transformation des pratiques et enjeux de l\u2019\u00e9valuation\u00a0\u00bb - Conseil sup\u00e9rieur de l\u2019\u00e9ducation, de la formation et de la recherche scientifique","isPartOf":{"@id":"https:\/\/csefrs.lifemoz.com\/#website"},"primaryImageOfPage":{"@id":"https:\/\/csefrs.lifemoz.com\/fr\/publications\/actes-du-seminaire-international-le-droit-a-une-education-inclusive-transition-conceptuelle-transformation-des-pratiques-et-enjeux-de-levaluation\/#primaryimage"},"image":{"@id":"https:\/\/csefrs.lifemoz.com\/fr\/publications\/actes-du-seminaire-international-le-droit-a-une-education-inclusive-transition-conceptuelle-transformation-des-pratiques-et-enjeux-de-levaluation\/#primaryimage"},"thumbnailUrl":"https:\/\/csefrs.lifemoz.com\/wp-content\/uploads\/2025\/12\/Actes-du-colloque-Handicap-20-02-20-1.jpg","datePublished":"2020-03-02T23:00:00+00:00","dateModified":"2026-02-08T13:08:30+00:00","breadcrumb":{"@id":"https:\/\/csefrs.lifemoz.com\/fr\/publications\/actes-du-seminaire-international-le-droit-a-une-education-inclusive-transition-conceptuelle-transformation-des-pratiques-et-enjeux-de-levaluation\/#breadcrumb"},"inLanguage":"fr-FR","potentialAction":[{"@type":"ReadAction","target":["https:\/\/csefrs.lifemoz.com\/fr\/publications\/actes-du-seminaire-international-le-droit-a-une-education-inclusive-transition-conceptuelle-transformation-des-pratiques-et-enjeux-de-levaluation\/"]}]},{"@type":"ImageObject","inLanguage":"fr-FR","@id":"https:\/\/csefrs.lifemoz.com\/fr\/publications\/actes-du-seminaire-international-le-droit-a-une-education-inclusive-transition-conceptuelle-transformation-des-pratiques-et-enjeux-de-levaluation\/#primaryimage","url":"https:\/\/csefrs.lifemoz.com\/wp-content\/uploads\/2025\/12\/Actes-du-colloque-Handicap-20-02-20-1.jpg","contentUrl":"https:\/\/csefrs.lifemoz.com\/wp-content\/uploads\/2025\/12\/Actes-du-colloque-Handicap-20-02-20-1.jpg","width":715,"height":1024},{"@type":"BreadcrumbList","@id":"https:\/\/csefrs.lifemoz.com\/fr\/publications\/actes-du-seminaire-international-le-droit-a-une-education-inclusive-transition-conceptuelle-transformation-des-pratiques-et-enjeux-de-levaluation\/#breadcrumb","itemListElement":[{"@type":"ListItem","position":1,"name":"Accueil","item":"https:\/\/csefrs.lifemoz.com\/fr\/"},{"@type":"ListItem","position":2,"name":"Publications","item":"https:\/\/csefrs.lifemoz.com\/\u0627\u0644\u0645\u0646\u0634\u0648\u0631\u0627\u062a\/"},{"@type":"ListItem","position":3,"name":"Actes du s\u00e9minaire international \u00ab\u00a0le droit \u00e0 une \u00e9ducation inclusive\u00a0: transition conceptuelle, transformation des pratiques et enjeux de l\u2019\u00e9valuation\u00a0\u00bb"}]},{"@type":"WebSite","@id":"https:\/\/csefrs.lifemoz.com\/#website","url":"https:\/\/csefrs.lifemoz.com\/","name":"Conseil sup\u00e9rieur de l\u2019\u00e9ducation, de la formation et de la recherche scientifique","description":"","potentialAction":[{"@type":"SearchAction","target":{"@type":"EntryPoint","urlTemplate":"https:\/\/csefrs.lifemoz.com\/?s={search_term_string}"},"query-input":{"@type":"PropertyValueSpecification","valueRequired":true,"valueName":"search_term_string"}}],"inLanguage":"fr-FR"}]}},"_links":{"self":[{"href":"https:\/\/csefrs.lifemoz.com\/fr\/wp-json\/wp\/v2\/product\/37553","targetHints":{"allow":["GET"]}}],"collection":[{"href":"https:\/\/csefrs.lifemoz.com\/fr\/wp-json\/wp\/v2\/product"}],"about":[{"href":"https:\/\/csefrs.lifemoz.com\/fr\/wp-json\/wp\/v2\/types\/product"}],"wp:featuredmedia":[{"embeddable":true,"href":"https:\/\/csefrs.lifemoz.com\/fr\/wp-json\/wp\/v2\/media\/36436"}],"wp:attachment":[{"href":"https:\/\/csefrs.lifemoz.com\/fr\/wp-json\/wp\/v2\/media?parent=37553"}],"wp:term":[{"taxonomy":"product_brand","embeddable":true,"href":"https:\/\/csefrs.lifemoz.com\/fr\/wp-json\/wp\/v2\/product_brand?post=37553"},{"taxonomy":"product_cat","embeddable":true,"href":"https:\/\/csefrs.lifemoz.com\/fr\/wp-json\/wp\/v2\/product_cat?post=37553"},{"taxonomy":"product_tag","embeddable":true,"href":"https:\/\/csefrs.lifemoz.com\/fr\/wp-json\/wp\/v2\/product_tag?post=37553"}],"curies":[{"name":"wp","href":"https:\/\/api.w.org\/{rel}","templated":true}]}}