{"id":37551,"date":"2019-12-23T00:00:00","date_gmt":"2019-12-22T23:00:00","guid":{"rendered":"https:\/\/csefrs.lifemoz.com\/\u0627\u0644\u0645\u0646\u0634\u0648\u0631\u0627\u062a\/latlas-territorial-de-labandon-scolaire\/"},"modified":"2026-02-08T14:08:31","modified_gmt":"2026-02-08T13:08:31","slug":"latlas-territorial-de-labandon-scolaire","status":"publish","type":"product","link":"https:\/\/csefrs.lifemoz.com\/fr\/publications\/latlas-territorial-de-labandon-scolaire\/","title":{"rendered":"L&rsquo;Atlas territorial de l\u2019abandon scolaire"},"content":{"rendered":"<p style=\"text-align: justify;\"><a class=\"dt-pswp-item\" href=\"https:\/\/csefrs.lifemoz.com\/wp-content\/uploads\/2019\/12\/ATLAS-TERRITORIAL-DE-LABANDON-SCOLAIRE-18-12-web-1-300x212-1.jpg\" data-dt-img-description=\"\" data-large_image_width=\"300\" data-large_image_height=\"212\"><img decoding=\"async\" class=\"size-full wp-image-11912 alignleft\" src=\"https:\/\/csefrs.lifemoz.com\/wp-content\/uploads\/2019\/12\/ATLAS-TERRITORIAL-DE-LABANDON-SCOLAIRE-18-12-web-1-300x212-1.jpg\" alt=\"\" width=\"300\" height=\"212\" \/><\/a>L&rsquo;Atlas territorial de l\u2019abandon scolaire pr\u00e9sente une cartographie tr\u00e8s fine de l\u2019abandon scolaire au Maroc se d\u00e9clinant pour la premi\u00e8re fois aux niveaux r\u00e9gional, provincial et communal. Une nouvelle approche de calcul des indicateurs de l\u2019abandon est introduite dans ce travail, contr\u00f4lant la mobilit\u00e9 entre les territoires et entre les secteurs d\u2019enseignement<span dir=\"RTL\" lang=\"AR-SA\">\u00a0<\/span>(priv\u00e9 et public) et exploitant les donn\u00e9es de la base Massar. De plus, \u00e0 l&rsquo;aide des nouvelles techniques de classification (arbre de classification), une \u00e9tude des cohortes r\u00e9elles d&rsquo;\u00e9l\u00e8ves est r\u00e9alis\u00e9e et d\u00e9clin\u00e9e aux niveaux r\u00e9gional et provincial.<\/p>\n<p style=\"text-align: justify;\"><a class=\"download-button-intern-fr\" href=\"https:\/\/csefrs.lifemoz.com\/wp-content\/uploads\/2019\/12\/ATLAS-TERRITORIAL-DE-LABANDON-SCOLAIRE-18-12-web.pdf\" target=\"_blank\" rel=\"noopener\">T\u00e9l\u00e9charger l&rsquo;Atlas <\/a><\/p>\n<p>&nbsp;<\/p>\n","protected":false},"excerpt":{"rendered":"<p>L&rsquo;Atlas territorial de l\u2019abandon scolaire pr\u00e9sente une cartographie tr\u00e8s fine de l\u2019abandon scolaire au Maroc se d\u00e9clinant pour la premi\u00e8re fois aux niveaux r\u00e9gional, provincial et communal. Une nouvelle approche de calcul des indicateurs de l\u2019abandon est introduite dans ce travail, contr\u00f4lant la mobilit\u00e9 entre les territoires et entre les secteurs d\u2019enseignement\u00a0(priv\u00e9 et public) et&hellip;<\/p>\n","protected":false},"featured_media":37134,"template":"","meta":[],"product_brand":[],"product_cat":[505,506],"product_tag":[],"class_list":{"0":"post-37551","1":"product","2":"type-product","3":"status-publish","4":"has-post-thumbnail","6":"product_cat-rapports","7":"product_cat-rapports-devaluation-etudes","8":"description-off","10":"first","11":"instock","12":"downloadable","13":"virtual","14":"sold-individually","15":"purchasable","16":"product-type-simple"},"yoast_head":"<!-- This site is optimized with the Yoast SEO plugin v27.5 - https:\/\/yoast.com\/product\/yoast-seo-wordpress\/ -->\n<title>L&#039;Atlas territorial de l\u2019abandon scolaire - Conseil sup\u00e9rieur de l\u2019\u00e9ducation, de la formation et de la recherche scientifique<\/title>\n<meta name=\"robots\" content=\"noindex, follow, max-snippet:-1, max-image-preview:large, max-video-preview:-1\" \/>\n<meta property=\"og:locale\" content=\"fr_FR\" \/>\n<meta property=\"og:type\" content=\"article\" \/>\n<meta property=\"og:title\" content=\"L&#039;Atlas territorial de l\u2019abandon scolaire - Conseil sup\u00e9rieur de l\u2019\u00e9ducation, de la formation et de la recherche scientifique\" \/>\n<meta property=\"og:description\" content=\"L&rsquo;Atlas territorial de l\u2019abandon scolaire pr\u00e9sente une cartographie tr\u00e8s fine de l\u2019abandon scolaire au Maroc se d\u00e9clinant pour la premi\u00e8re fois aux niveaux r\u00e9gional, provincial et communal. Une nouvelle approche de calcul des indicateurs de l\u2019abandon est introduite dans ce travail, contr\u00f4lant la mobilit\u00e9 entre les territoires et entre les secteurs d\u2019enseignement\u00a0(priv\u00e9 et public) et&hellip;\" \/>\n<meta property=\"og:url\" content=\"https:\/\/csefrs.lifemoz.com\/fr\/publications\/latlas-territorial-de-labandon-scolaire\/\" \/>\n<meta property=\"og:site_name\" content=\"Conseil sup\u00e9rieur de l\u2019\u00e9ducation, de la formation et de la recherche scientifique\" \/>\n<meta property=\"article:modified_time\" content=\"2026-02-08T13:08:31+00:00\" \/>\n<meta property=\"og:image\" content=\"https:\/\/csefrs.lifemoz.com\/wp-content\/uploads\/2025\/12\/ATLAS-TERRITORIAL-DE-LABANDON-SCOLAIRE-18-12-web-1.jpg\" \/>\n\t<meta property=\"og:image:width\" content=\"1300\" \/>\n\t<meta property=\"og:image:height\" content=\"919\" \/>\n\t<meta property=\"og:image:type\" content=\"image\/jpeg\" \/>\n<meta name=\"twitter:card\" content=\"summary_large_image\" \/>\n<meta name=\"twitter:label1\" content=\"Dur\u00e9e de lecture estim\u00e9e\" \/>\n\t<meta name=\"twitter:data1\" content=\"1 minute\" \/>\n<script type=\"application\/ld+json\" class=\"yoast-schema-graph\">{\"@context\":\"https:\\\/\\\/schema.org\",\"@graph\":[{\"@type\":\"WebPage\",\"@id\":\"https:\\\/\\\/csefrs.lifemoz.com\\\/fr\\\/publications\\\/latlas-territorial-de-labandon-scolaire\\\/\",\"url\":\"https:\\\/\\\/csefrs.lifemoz.com\\\/fr\\\/publications\\\/latlas-territorial-de-labandon-scolaire\\\/\",\"name\":\"L'Atlas territorial de l\u2019abandon scolaire - Conseil sup\u00e9rieur de l\u2019\u00e9ducation, de la formation et de la recherche scientifique\",\"isPartOf\":{\"@id\":\"https:\\\/\\\/csefrs.lifemoz.com\\\/#website\"},\"primaryImageOfPage\":{\"@id\":\"https:\\\/\\\/csefrs.lifemoz.com\\\/fr\\\/publications\\\/latlas-territorial-de-labandon-scolaire\\\/#primaryimage\"},\"image\":{\"@id\":\"https:\\\/\\\/csefrs.lifemoz.com\\\/fr\\\/publications\\\/latlas-territorial-de-labandon-scolaire\\\/#primaryimage\"},\"thumbnailUrl\":\"https:\\\/\\\/csefrs.lifemoz.com\\\/wp-content\\\/uploads\\\/2025\\\/12\\\/ATLAS-TERRITORIAL-DE-LABANDON-SCOLAIRE-18-12-web-1.jpg\",\"datePublished\":\"2019-12-22T23:00:00+00:00\",\"dateModified\":\"2026-02-08T13:08:31+00:00\",\"breadcrumb\":{\"@id\":\"https:\\\/\\\/csefrs.lifemoz.com\\\/fr\\\/publications\\\/latlas-territorial-de-labandon-scolaire\\\/#breadcrumb\"},\"inLanguage\":\"fr-FR\",\"potentialAction\":[{\"@type\":\"ReadAction\",\"target\":[\"https:\\\/\\\/csefrs.lifemoz.com\\\/fr\\\/publications\\\/latlas-territorial-de-labandon-scolaire\\\/\"]}]},{\"@type\":\"ImageObject\",\"inLanguage\":\"fr-FR\",\"@id\":\"https:\\\/\\\/csefrs.lifemoz.com\\\/fr\\\/publications\\\/latlas-territorial-de-labandon-scolaire\\\/#primaryimage\",\"url\":\"https:\\\/\\\/csefrs.lifemoz.com\\\/wp-content\\\/uploads\\\/2025\\\/12\\\/ATLAS-TERRITORIAL-DE-LABANDON-SCOLAIRE-18-12-web-1.jpg\",\"contentUrl\":\"https:\\\/\\\/csefrs.lifemoz.com\\\/wp-content\\\/uploads\\\/2025\\\/12\\\/ATLAS-TERRITORIAL-DE-LABANDON-SCOLAIRE-18-12-web-1.jpg\",\"width\":1300,\"height\":919},{\"@type\":\"BreadcrumbList\",\"@id\":\"https:\\\/\\\/csefrs.lifemoz.com\\\/fr\\\/publications\\\/latlas-territorial-de-labandon-scolaire\\\/#breadcrumb\",\"itemListElement\":[{\"@type\":\"ListItem\",\"position\":1,\"name\":\"Accueil\",\"item\":\"https:\\\/\\\/csefrs.lifemoz.com\\\/fr\\\/\"},{\"@type\":\"ListItem\",\"position\":2,\"name\":\"Publications\",\"item\":\"https:\\\/\\\/csefrs.lifemoz.com\\\/\u0627\u0644\u0645\u0646\u0634\u0648\u0631\u0627\u062a\\\/\"},{\"@type\":\"ListItem\",\"position\":3,\"name\":\"L&rsquo;Atlas territorial de l\u2019abandon scolaire\"}]},{\"@type\":\"WebSite\",\"@id\":\"https:\\\/\\\/csefrs.lifemoz.com\\\/#website\",\"url\":\"https:\\\/\\\/csefrs.lifemoz.com\\\/\",\"name\":\"Conseil sup\u00e9rieur de l\u2019\u00e9ducation, de la formation et de la recherche scientifique\",\"description\":\"\",\"potentialAction\":[{\"@type\":\"SearchAction\",\"target\":{\"@type\":\"EntryPoint\",\"urlTemplate\":\"https:\\\/\\\/csefrs.lifemoz.com\\\/?s={search_term_string}\"},\"query-input\":{\"@type\":\"PropertyValueSpecification\",\"valueRequired\":true,\"valueName\":\"search_term_string\"}}],\"inLanguage\":\"fr-FR\"}]}<\/script>\n<!-- \/ Yoast SEO plugin. -->","yoast_head_json":{"title":"L'Atlas territorial de l\u2019abandon scolaire - Conseil sup\u00e9rieur de l\u2019\u00e9ducation, de la formation et de la recherche scientifique","robots":{"index":"noindex","follow":"follow","max-snippet":"max-snippet:-1","max-image-preview":"max-image-preview:large","max-video-preview":"max-video-preview:-1"},"og_locale":"fr_FR","og_type":"article","og_title":"L'Atlas territorial de l\u2019abandon scolaire - Conseil sup\u00e9rieur de l\u2019\u00e9ducation, de la formation et de la recherche scientifique","og_description":"L&rsquo;Atlas territorial de l\u2019abandon scolaire pr\u00e9sente une cartographie tr\u00e8s fine de l\u2019abandon scolaire au Maroc se d\u00e9clinant pour la premi\u00e8re fois aux niveaux r\u00e9gional, provincial et communal. Une nouvelle approche de calcul des indicateurs de l\u2019abandon est introduite dans ce travail, contr\u00f4lant la mobilit\u00e9 entre les territoires et entre les secteurs d\u2019enseignement\u00a0(priv\u00e9 et public) et&hellip;","og_url":"https:\/\/csefrs.lifemoz.com\/fr\/publications\/latlas-territorial-de-labandon-scolaire\/","og_site_name":"Conseil sup\u00e9rieur de l\u2019\u00e9ducation, de la formation et de la recherche scientifique","article_modified_time":"2026-02-08T13:08:31+00:00","og_image":[{"width":1300,"height":919,"url":"https:\/\/csefrs.lifemoz.com\/wp-content\/uploads\/2025\/12\/ATLAS-TERRITORIAL-DE-LABANDON-SCOLAIRE-18-12-web-1.jpg","type":"image\/jpeg"}],"twitter_card":"summary_large_image","twitter_misc":{"Dur\u00e9e de lecture estim\u00e9e":"1 minute"},"schema":{"@context":"https:\/\/schema.org","@graph":[{"@type":"WebPage","@id":"https:\/\/csefrs.lifemoz.com\/fr\/publications\/latlas-territorial-de-labandon-scolaire\/","url":"https:\/\/csefrs.lifemoz.com\/fr\/publications\/latlas-territorial-de-labandon-scolaire\/","name":"L'Atlas territorial de l\u2019abandon scolaire - Conseil sup\u00e9rieur de l\u2019\u00e9ducation, de la formation et de la recherche scientifique","isPartOf":{"@id":"https:\/\/csefrs.lifemoz.com\/#website"},"primaryImageOfPage":{"@id":"https:\/\/csefrs.lifemoz.com\/fr\/publications\/latlas-territorial-de-labandon-scolaire\/#primaryimage"},"image":{"@id":"https:\/\/csefrs.lifemoz.com\/fr\/publications\/latlas-territorial-de-labandon-scolaire\/#primaryimage"},"thumbnailUrl":"https:\/\/csefrs.lifemoz.com\/wp-content\/uploads\/2025\/12\/ATLAS-TERRITORIAL-DE-LABANDON-SCOLAIRE-18-12-web-1.jpg","datePublished":"2019-12-22T23:00:00+00:00","dateModified":"2026-02-08T13:08:31+00:00","breadcrumb":{"@id":"https:\/\/csefrs.lifemoz.com\/fr\/publications\/latlas-territorial-de-labandon-scolaire\/#breadcrumb"},"inLanguage":"fr-FR","potentialAction":[{"@type":"ReadAction","target":["https:\/\/csefrs.lifemoz.com\/fr\/publications\/latlas-territorial-de-labandon-scolaire\/"]}]},{"@type":"ImageObject","inLanguage":"fr-FR","@id":"https:\/\/csefrs.lifemoz.com\/fr\/publications\/latlas-territorial-de-labandon-scolaire\/#primaryimage","url":"https:\/\/csefrs.lifemoz.com\/wp-content\/uploads\/2025\/12\/ATLAS-TERRITORIAL-DE-LABANDON-SCOLAIRE-18-12-web-1.jpg","contentUrl":"https:\/\/csefrs.lifemoz.com\/wp-content\/uploads\/2025\/12\/ATLAS-TERRITORIAL-DE-LABANDON-SCOLAIRE-18-12-web-1.jpg","width":1300,"height":919},{"@type":"BreadcrumbList","@id":"https:\/\/csefrs.lifemoz.com\/fr\/publications\/latlas-territorial-de-labandon-scolaire\/#breadcrumb","itemListElement":[{"@type":"ListItem","position":1,"name":"Accueil","item":"https:\/\/csefrs.lifemoz.com\/fr\/"},{"@type":"ListItem","position":2,"name":"Publications","item":"https:\/\/csefrs.lifemoz.com\/\u0627\u0644\u0645\u0646\u0634\u0648\u0631\u0627\u062a\/"},{"@type":"ListItem","position":3,"name":"L&rsquo;Atlas territorial de l\u2019abandon scolaire"}]},{"@type":"WebSite","@id":"https:\/\/csefrs.lifemoz.com\/#website","url":"https:\/\/csefrs.lifemoz.com\/","name":"Conseil sup\u00e9rieur de l\u2019\u00e9ducation, de la formation et de la recherche scientifique","description":"","potentialAction":[{"@type":"SearchAction","target":{"@type":"EntryPoint","urlTemplate":"https:\/\/csefrs.lifemoz.com\/?s={search_term_string}"},"query-input":{"@type":"PropertyValueSpecification","valueRequired":true,"valueName":"search_term_string"}}],"inLanguage":"fr-FR"}]}},"_links":{"self":[{"href":"https:\/\/csefrs.lifemoz.com\/fr\/wp-json\/wp\/v2\/product\/37551","targetHints":{"allow":["GET"]}}],"collection":[{"href":"https:\/\/csefrs.lifemoz.com\/fr\/wp-json\/wp\/v2\/product"}],"about":[{"href":"https:\/\/csefrs.lifemoz.com\/fr\/wp-json\/wp\/v2\/types\/product"}],"wp:featuredmedia":[{"embeddable":true,"href":"https:\/\/csefrs.lifemoz.com\/fr\/wp-json\/wp\/v2\/media\/37134"}],"wp:attachment":[{"href":"https:\/\/csefrs.lifemoz.com\/fr\/wp-json\/wp\/v2\/media?parent=37551"}],"wp:term":[{"taxonomy":"product_brand","embeddable":true,"href":"https:\/\/csefrs.lifemoz.com\/fr\/wp-json\/wp\/v2\/product_brand?post=37551"},{"taxonomy":"product_cat","embeddable":true,"href":"https:\/\/csefrs.lifemoz.com\/fr\/wp-json\/wp\/v2\/product_cat?post=37551"},{"taxonomy":"product_tag","embeddable":true,"href":"https:\/\/csefrs.lifemoz.com\/fr\/wp-json\/wp\/v2\/product_tag?post=37551"}],"curies":[{"name":"wp","href":"https:\/\/api.w.org\/{rel}","templated":true}]}}