{"id":37549,"date":"2019-10-21T00:00:00","date_gmt":"2019-10-20T23:00:00","guid":{"rendered":"https:\/\/csefrs.lifemoz.com\/\u0627\u0644\u0645\u0646\u0634\u0648\u0631\u0627\u062a\/cadre-de-performance-de-suivi-de-la-vision-strategique-a-lhorizon-2030\/"},"modified":"2026-02-08T14:08:31","modified_gmt":"2026-02-08T13:08:31","slug":"cadre-de-performance-de-suivi-de-la-vision-strategique-a-lhorizon-2030","status":"publish","type":"product","link":"https:\/\/csefrs.lifemoz.com\/fr\/publications\/cadre-de-performance-de-suivi-de-la-vision-strategique-a-lhorizon-2030\/","title":{"rendered":"Cadre de performance de suivi de la vision strat\u00e9gique \u00e0 l\u2019horizon 2030"},"content":{"rendered":"<p><a class=\"dt-pswp-item\" href=\"https:\/\/csefrs.lifemoz.com\/wp-content\/uploads\/2019\/10\/Cadre-de-performance-2019-FR-web-1-300x212-1.jpg\" data-dt-img-description=\"\" data-large_image_width=\"300\" data-large_image_height=\"212\"><img decoding=\"async\" class=\"size-full wp-image-11918 alignleft\" src=\"https:\/\/csefrs.lifemoz.com\/wp-content\/uploads\/2019\/10\/Cadre-de-performance-2019-FR-web-1-300x212-1.jpg\" alt=\"\" width=\"300\" height=\"212\" \/><\/a>Le cadre de performance du suivi de la Vision Strat\u00e9gique, pr\u00e9sent\u00e9 dans ce rapport, est l\u2019outil d\u00e9velopp\u00e9 par l\u2019Instance Nationale d\u2019\u00c9valuation (INE) aupr\u00e8s du Conseil Sup\u00e9rieur de l\u2019\u00c9ducation, de la Formation et de la Recherche Scientifique (CSEFRS) afin de suivre la mise en \u0153uvre de la Vision tout en int\u00e9grant les objectifs de d\u00e9veloppement durable li\u00e9s \u00e0 l\u2019\u00e9ducation (ODD4) dont l\u2019horizon 2030 co\u00efncide avec celui de la Vision.<\/p>\n<p>Mobilisant une batterie d\u2019indicateurs confectionn\u00e9s \u00e0 partir de plusieurs bases de donn\u00e9es, le cadre de performance pr\u00e9sente \u00abl\u2019Indice National de D\u00e9veloppement de l\u2019\u00c9ducation\u00bb (INDE). Con\u00e7u par l\u2019INE pour appr\u00e9hender la r\u00e9alisation des objectifs de la Vision, l\u2019INDE est un indice composite qui compile 157 indicateurs minutieusement s\u00e9lectionn\u00e9s et th\u00e9matis\u00e9s selon une arborescence bien d\u00e9finie. Il est d\u00e9clin\u00e9 en trois dimensions et 27 sous-dimensions, tenant compte, \u00e0 la fois, des trois piliers de la Vision et de l\u2019ODD4. L\u2019INDE permet non seulement de dresser l\u2019\u00e9tat de la situation de l\u2019\u00e9ducation et de son \u00e9volution mais \u00e9galement d\u2019identifier les sources de force et de faiblesse (d\u00e9ficit) de l\u2019\u00e9ducation au Maroc.<\/p>\n<p style=\"text-align: justify;\"><a class=\"download-button-intern-fr\" href=\"https:\/\/csefrs.lifemoz.com\/wp-content\/uploads\/2019\/10\/Cadre-de-performance-2019-FR-web.pdf\" target=\"_blank\" rel=\"noopener\">T\u00e9l\u00e9charger le Rapport <\/a><\/p>\n<p>&nbsp;<\/p>\n","protected":false},"excerpt":{"rendered":"<p>Le cadre de performance du suivi de la Vision Strat\u00e9gique, pr\u00e9sent\u00e9 dans ce rapport, est l\u2019outil d\u00e9velopp\u00e9 par l\u2019Instance Nationale d\u2019\u00c9valuation (INE) aupr\u00e8s du Conseil Sup\u00e9rieur de l\u2019\u00c9ducation, de la Formation et de la Recherche Scientifique (CSEFRS) afin de suivre la mise en \u0153uvre de la Vision tout en int\u00e9grant les objectifs de d\u00e9veloppement durable&hellip;<\/p>\n","protected":false},"featured_media":37133,"template":"","meta":[],"product_brand":[],"product_cat":[505,506],"product_tag":[],"class_list":{"0":"post-37549","1":"product","2":"type-product","3":"status-publish","4":"has-post-thumbnail","6":"product_cat-rapports","7":"product_cat-rapports-devaluation-etudes","8":"description-off","10":"first","11":"instock","12":"downloadable","13":"virtual","14":"sold-individually","15":"purchasable","16":"product-type-simple"},"yoast_head":"<!-- This site is optimized with the Yoast SEO plugin v27.5 - https:\/\/yoast.com\/product\/yoast-seo-wordpress\/ -->\n<title>Cadre de performance de suivi de la vision strat\u00e9gique \u00e0 l\u2019horizon 2030 - Conseil sup\u00e9rieur de l\u2019\u00e9ducation, de la formation et de la recherche scientifique<\/title>\n<meta name=\"robots\" content=\"noindex, follow, max-snippet:-1, max-image-preview:large, max-video-preview:-1\" \/>\n<meta property=\"og:locale\" content=\"fr_FR\" \/>\n<meta property=\"og:type\" content=\"article\" \/>\n<meta property=\"og:title\" content=\"Cadre de performance de suivi de la vision strat\u00e9gique \u00e0 l\u2019horizon 2030 - Conseil sup\u00e9rieur de l\u2019\u00e9ducation, de la formation et de la recherche scientifique\" \/>\n<meta property=\"og:description\" content=\"Le cadre de performance du suivi de la Vision Strat\u00e9gique, pr\u00e9sent\u00e9 dans ce rapport, est l\u2019outil d\u00e9velopp\u00e9 par l\u2019Instance Nationale d\u2019\u00c9valuation (INE) aupr\u00e8s du Conseil Sup\u00e9rieur de l\u2019\u00c9ducation, de la Formation et de la Recherche Scientifique (CSEFRS) afin de suivre la mise en \u0153uvre de la Vision tout en int\u00e9grant les objectifs de d\u00e9veloppement durable&hellip;\" \/>\n<meta property=\"og:url\" content=\"https:\/\/csefrs.lifemoz.com\/fr\/publications\/cadre-de-performance-de-suivi-de-la-vision-strategique-a-lhorizon-2030\/\" \/>\n<meta property=\"og:site_name\" content=\"Conseil sup\u00e9rieur de l\u2019\u00e9ducation, de la formation et de la recherche scientifique\" \/>\n<meta property=\"article:modified_time\" content=\"2026-02-08T13:08:31+00:00\" \/>\n<meta property=\"og:image\" content=\"https:\/\/csefrs.lifemoz.com\/wp-content\/uploads\/2025\/12\/Cadre-de-performance-2019-FR-web-1.jpg\" \/>\n\t<meta property=\"og:image:width\" content=\"1300\" \/>\n\t<meta property=\"og:image:height\" content=\"920\" \/>\n\t<meta property=\"og:image:type\" content=\"image\/jpeg\" \/>\n<meta name=\"twitter:card\" content=\"summary_large_image\" \/>\n<meta name=\"twitter:label1\" content=\"Dur\u00e9e de lecture estim\u00e9e\" \/>\n\t<meta name=\"twitter:data1\" content=\"1 minute\" \/>\n<script type=\"application\/ld+json\" class=\"yoast-schema-graph\">{\"@context\":\"https:\\\/\\\/schema.org\",\"@graph\":[{\"@type\":\"WebPage\",\"@id\":\"https:\\\/\\\/csefrs.lifemoz.com\\\/fr\\\/publications\\\/cadre-de-performance-de-suivi-de-la-vision-strategique-a-lhorizon-2030\\\/\",\"url\":\"https:\\\/\\\/csefrs.lifemoz.com\\\/fr\\\/publications\\\/cadre-de-performance-de-suivi-de-la-vision-strategique-a-lhorizon-2030\\\/\",\"name\":\"Cadre de performance de suivi de la vision strat\u00e9gique \u00e0 l\u2019horizon 2030 - Conseil sup\u00e9rieur de l\u2019\u00e9ducation, de la formation et de la recherche scientifique\",\"isPartOf\":{\"@id\":\"https:\\\/\\\/csefrs.lifemoz.com\\\/#website\"},\"primaryImageOfPage\":{\"@id\":\"https:\\\/\\\/csefrs.lifemoz.com\\\/fr\\\/publications\\\/cadre-de-performance-de-suivi-de-la-vision-strategique-a-lhorizon-2030\\\/#primaryimage\"},\"image\":{\"@id\":\"https:\\\/\\\/csefrs.lifemoz.com\\\/fr\\\/publications\\\/cadre-de-performance-de-suivi-de-la-vision-strategique-a-lhorizon-2030\\\/#primaryimage\"},\"thumbnailUrl\":\"https:\\\/\\\/csefrs.lifemoz.com\\\/wp-content\\\/uploads\\\/2025\\\/12\\\/Cadre-de-performance-2019-FR-web-1.jpg\",\"datePublished\":\"2019-10-20T23:00:00+00:00\",\"dateModified\":\"2026-02-08T13:08:31+00:00\",\"breadcrumb\":{\"@id\":\"https:\\\/\\\/csefrs.lifemoz.com\\\/fr\\\/publications\\\/cadre-de-performance-de-suivi-de-la-vision-strategique-a-lhorizon-2030\\\/#breadcrumb\"},\"inLanguage\":\"fr-FR\",\"potentialAction\":[{\"@type\":\"ReadAction\",\"target\":[\"https:\\\/\\\/csefrs.lifemoz.com\\\/fr\\\/publications\\\/cadre-de-performance-de-suivi-de-la-vision-strategique-a-lhorizon-2030\\\/\"]}]},{\"@type\":\"ImageObject\",\"inLanguage\":\"fr-FR\",\"@id\":\"https:\\\/\\\/csefrs.lifemoz.com\\\/fr\\\/publications\\\/cadre-de-performance-de-suivi-de-la-vision-strategique-a-lhorizon-2030\\\/#primaryimage\",\"url\":\"https:\\\/\\\/csefrs.lifemoz.com\\\/wp-content\\\/uploads\\\/2025\\\/12\\\/Cadre-de-performance-2019-FR-web-1.jpg\",\"contentUrl\":\"https:\\\/\\\/csefrs.lifemoz.com\\\/wp-content\\\/uploads\\\/2025\\\/12\\\/Cadre-de-performance-2019-FR-web-1.jpg\",\"width\":1300,\"height\":920},{\"@type\":\"BreadcrumbList\",\"@id\":\"https:\\\/\\\/csefrs.lifemoz.com\\\/fr\\\/publications\\\/cadre-de-performance-de-suivi-de-la-vision-strategique-a-lhorizon-2030\\\/#breadcrumb\",\"itemListElement\":[{\"@type\":\"ListItem\",\"position\":1,\"name\":\"Accueil\",\"item\":\"https:\\\/\\\/csefrs.lifemoz.com\\\/fr\\\/\"},{\"@type\":\"ListItem\",\"position\":2,\"name\":\"Publications\",\"item\":\"https:\\\/\\\/csefrs.lifemoz.com\\\/\u0627\u0644\u0645\u0646\u0634\u0648\u0631\u0627\u062a\\\/\"},{\"@type\":\"ListItem\",\"position\":3,\"name\":\"Cadre de performance de suivi de la vision strat\u00e9gique \u00e0 l\u2019horizon 2030\"}]},{\"@type\":\"WebSite\",\"@id\":\"https:\\\/\\\/csefrs.lifemoz.com\\\/#website\",\"url\":\"https:\\\/\\\/csefrs.lifemoz.com\\\/\",\"name\":\"Conseil sup\u00e9rieur de l\u2019\u00e9ducation, de la formation et de la recherche scientifique\",\"description\":\"\",\"potentialAction\":[{\"@type\":\"SearchAction\",\"target\":{\"@type\":\"EntryPoint\",\"urlTemplate\":\"https:\\\/\\\/csefrs.lifemoz.com\\\/?s={search_term_string}\"},\"query-input\":{\"@type\":\"PropertyValueSpecification\",\"valueRequired\":true,\"valueName\":\"search_term_string\"}}],\"inLanguage\":\"fr-FR\"}]}<\/script>\n<!-- \/ Yoast SEO plugin. -->","yoast_head_json":{"title":"Cadre de performance de suivi de la vision strat\u00e9gique \u00e0 l\u2019horizon 2030 - Conseil sup\u00e9rieur de l\u2019\u00e9ducation, de la formation et de la recherche scientifique","robots":{"index":"noindex","follow":"follow","max-snippet":"max-snippet:-1","max-image-preview":"max-image-preview:large","max-video-preview":"max-video-preview:-1"},"og_locale":"fr_FR","og_type":"article","og_title":"Cadre de performance de suivi de la vision strat\u00e9gique \u00e0 l\u2019horizon 2030 - Conseil sup\u00e9rieur de l\u2019\u00e9ducation, de la formation et de la recherche scientifique","og_description":"Le cadre de performance du suivi de la Vision Strat\u00e9gique, pr\u00e9sent\u00e9 dans ce rapport, est l\u2019outil d\u00e9velopp\u00e9 par l\u2019Instance Nationale d\u2019\u00c9valuation (INE) aupr\u00e8s du Conseil Sup\u00e9rieur de l\u2019\u00c9ducation, de la Formation et de la Recherche Scientifique (CSEFRS) afin de suivre la mise en \u0153uvre de la Vision tout en int\u00e9grant les objectifs de d\u00e9veloppement durable&hellip;","og_url":"https:\/\/csefrs.lifemoz.com\/fr\/publications\/cadre-de-performance-de-suivi-de-la-vision-strategique-a-lhorizon-2030\/","og_site_name":"Conseil sup\u00e9rieur de l\u2019\u00e9ducation, de la formation et de la recherche scientifique","article_modified_time":"2026-02-08T13:08:31+00:00","og_image":[{"width":1300,"height":920,"url":"https:\/\/csefrs.lifemoz.com\/wp-content\/uploads\/2025\/12\/Cadre-de-performance-2019-FR-web-1.jpg","type":"image\/jpeg"}],"twitter_card":"summary_large_image","twitter_misc":{"Dur\u00e9e de lecture estim\u00e9e":"1 minute"},"schema":{"@context":"https:\/\/schema.org","@graph":[{"@type":"WebPage","@id":"https:\/\/csefrs.lifemoz.com\/fr\/publications\/cadre-de-performance-de-suivi-de-la-vision-strategique-a-lhorizon-2030\/","url":"https:\/\/csefrs.lifemoz.com\/fr\/publications\/cadre-de-performance-de-suivi-de-la-vision-strategique-a-lhorizon-2030\/","name":"Cadre de performance de suivi de la vision strat\u00e9gique \u00e0 l\u2019horizon 2030 - Conseil sup\u00e9rieur de l\u2019\u00e9ducation, de la formation et de la recherche scientifique","isPartOf":{"@id":"https:\/\/csefrs.lifemoz.com\/#website"},"primaryImageOfPage":{"@id":"https:\/\/csefrs.lifemoz.com\/fr\/publications\/cadre-de-performance-de-suivi-de-la-vision-strategique-a-lhorizon-2030\/#primaryimage"},"image":{"@id":"https:\/\/csefrs.lifemoz.com\/fr\/publications\/cadre-de-performance-de-suivi-de-la-vision-strategique-a-lhorizon-2030\/#primaryimage"},"thumbnailUrl":"https:\/\/csefrs.lifemoz.com\/wp-content\/uploads\/2025\/12\/Cadre-de-performance-2019-FR-web-1.jpg","datePublished":"2019-10-20T23:00:00+00:00","dateModified":"2026-02-08T13:08:31+00:00","breadcrumb":{"@id":"https:\/\/csefrs.lifemoz.com\/fr\/publications\/cadre-de-performance-de-suivi-de-la-vision-strategique-a-lhorizon-2030\/#breadcrumb"},"inLanguage":"fr-FR","potentialAction":[{"@type":"ReadAction","target":["https:\/\/csefrs.lifemoz.com\/fr\/publications\/cadre-de-performance-de-suivi-de-la-vision-strategique-a-lhorizon-2030\/"]}]},{"@type":"ImageObject","inLanguage":"fr-FR","@id":"https:\/\/csefrs.lifemoz.com\/fr\/publications\/cadre-de-performance-de-suivi-de-la-vision-strategique-a-lhorizon-2030\/#primaryimage","url":"https:\/\/csefrs.lifemoz.com\/wp-content\/uploads\/2025\/12\/Cadre-de-performance-2019-FR-web-1.jpg","contentUrl":"https:\/\/csefrs.lifemoz.com\/wp-content\/uploads\/2025\/12\/Cadre-de-performance-2019-FR-web-1.jpg","width":1300,"height":920},{"@type":"BreadcrumbList","@id":"https:\/\/csefrs.lifemoz.com\/fr\/publications\/cadre-de-performance-de-suivi-de-la-vision-strategique-a-lhorizon-2030\/#breadcrumb","itemListElement":[{"@type":"ListItem","position":1,"name":"Accueil","item":"https:\/\/csefrs.lifemoz.com\/fr\/"},{"@type":"ListItem","position":2,"name":"Publications","item":"https:\/\/csefrs.lifemoz.com\/\u0627\u0644\u0645\u0646\u0634\u0648\u0631\u0627\u062a\/"},{"@type":"ListItem","position":3,"name":"Cadre de performance de suivi de la vision strat\u00e9gique \u00e0 l\u2019horizon 2030"}]},{"@type":"WebSite","@id":"https:\/\/csefrs.lifemoz.com\/#website","url":"https:\/\/csefrs.lifemoz.com\/","name":"Conseil sup\u00e9rieur de l\u2019\u00e9ducation, de la formation et de la recherche scientifique","description":"","potentialAction":[{"@type":"SearchAction","target":{"@type":"EntryPoint","urlTemplate":"https:\/\/csefrs.lifemoz.com\/?s={search_term_string}"},"query-input":{"@type":"PropertyValueSpecification","valueRequired":true,"valueName":"search_term_string"}}],"inLanguage":"fr-FR"}]}},"_links":{"self":[{"href":"https:\/\/csefrs.lifemoz.com\/fr\/wp-json\/wp\/v2\/product\/37549","targetHints":{"allow":["GET"]}}],"collection":[{"href":"https:\/\/csefrs.lifemoz.com\/fr\/wp-json\/wp\/v2\/product"}],"about":[{"href":"https:\/\/csefrs.lifemoz.com\/fr\/wp-json\/wp\/v2\/types\/product"}],"wp:featuredmedia":[{"embeddable":true,"href":"https:\/\/csefrs.lifemoz.com\/fr\/wp-json\/wp\/v2\/media\/37133"}],"wp:attachment":[{"href":"https:\/\/csefrs.lifemoz.com\/fr\/wp-json\/wp\/v2\/media?parent=37549"}],"wp:term":[{"taxonomy":"product_brand","embeddable":true,"href":"https:\/\/csefrs.lifemoz.com\/fr\/wp-json\/wp\/v2\/product_brand?post=37549"},{"taxonomy":"product_cat","embeddable":true,"href":"https:\/\/csefrs.lifemoz.com\/fr\/wp-json\/wp\/v2\/product_cat?post=37549"},{"taxonomy":"product_tag","embeddable":true,"href":"https:\/\/csefrs.lifemoz.com\/fr\/wp-json\/wp\/v2\/product_tag?post=37549"}],"curies":[{"name":"wp","href":"https:\/\/api.w.org\/{rel}","templated":true}]}}