{"id":37547,"date":"2019-10-14T00:00:00","date_gmt":"2019-10-13T23:00:00","guid":{"rendered":"https:\/\/csefrs.lifemoz.com\/\u0627\u0644\u0645\u0646\u0634\u0648\u0631\u0627\u062a\/avis-sur-le-theme-metiers-de-leducation-de-lenseignement-de-la-formation-et-de-la-recherche-perspectives-de-developpement\/"},"modified":"2026-02-08T14:08:31","modified_gmt":"2026-02-08T13:08:31","slug":"avis-sur-le-theme-metiers-de-leducation-de-lenseignement-de-la-formation-et-de-la-recherche-perspectives-de-developpement","status":"publish","type":"product","link":"https:\/\/csefrs.lifemoz.com\/fr\/publications\/avis-sur-le-theme-metiers-de-leducation-de-lenseignement-de-la-formation-et-de-la-recherche-perspectives-de-developpement\/","title":{"rendered":"Avis sur le th\u00e8me \u00ab M\u00e9tiers de l\u2019\u00e9ducation, de l\u2019enseignement, de la formation et de la recherche : perspectives de d\u00e9veloppement \u00bb"},"content":{"rendered":"<p style=\"font-weight: 400;\">Le pr\u00e9sent avis s\u2019inscrit dans le cadre des principes et orientations directrices de la Vision strat\u00e9gique de la r\u00e9forme 2015-2030 concernant les m\u00e9tiers de l\u2019\u00e9ducation, de la formation et de la recherche. Il aborde ces m\u00e9tiers sous l\u2019angle de l\u2019efficacit\u00e9 et de la professionnalisation, traitant tour \u00e0 tour des pratiques, des profils et des r\u00f4les des enseignants, des enseignants chercheurs et des formateurs.<\/p>\n<p style=\"font-weight: 400;\">Il est \u00e0 signaler que cet avis constitue un approfondissement et un prolongement du rapport sur \u00ab La promotion des m\u00e9tiers de l\u2019\u00e9ducation, de la formation et de la gestion \u00bb publi\u00e9 en f\u00e9vrier 2018. Ce rapport avait, pour rappel, abord\u00e9 cette probl\u00e9matique selon une approche institutionnelle, transversale et g\u00e9n\u00e9rale.<\/p>\n<p style=\"text-align: justify;\"><a class=\"download-button-intern-fr\" href=\"https:\/\/csefrs.lifemoz.com\/wp-content\/uploads\/2019\/10\/Avis-me\u0301tiers-de-le\u0301ducation-ar-ISBN.pdf\" target=\"_blank\" rel=\"noopener\">T\u00e9l\u00e9charger l&rsquo;avis (Disponible en arabe)<\/a><\/p>\n<p>&nbsp;<\/p>\n","protected":false},"excerpt":{"rendered":"<p>Le pr\u00e9sent avis s\u2019inscrit dans le cadre des principes et orientations directrices de la Vision strat\u00e9gique de la r\u00e9forme 2015-2030 concernant les m\u00e9tiers de l\u2019\u00e9ducation, de la formation et de la recherche. Il aborde ces m\u00e9tiers sous l\u2019angle de l\u2019efficacit\u00e9 et de la professionnalisation, traitant tour \u00e0 tour des pratiques, des profils et des r\u00f4les&hellip;<\/p>\n","protected":false},"featured_media":36430,"template":"","meta":[],"product_brand":[],"product_cat":[508],"product_tag":[],"class_list":{"0":"post-37547","1":"product","2":"type-product","3":"status-publish","4":"has-post-thumbnail","6":"product_cat-avis-auto-saisine","7":"description-off","9":"first","10":"instock","11":"downloadable","12":"virtual","13":"sold-individually","14":"purchasable","15":"product-type-simple"},"yoast_head":"<!-- This site is optimized with the Yoast SEO plugin v27.5 - https:\/\/yoast.com\/product\/yoast-seo-wordpress\/ -->\n<title>Avis sur le th\u00e8me \u00ab M\u00e9tiers de l\u2019\u00e9ducation, de l\u2019enseignement, de la formation et de la recherche : perspectives de d\u00e9veloppement \u00bb - Conseil sup\u00e9rieur de l\u2019\u00e9ducation, de la formation et de la recherche scientifique<\/title>\n<meta name=\"robots\" content=\"noindex, follow, max-snippet:-1, max-image-preview:large, max-video-preview:-1\" \/>\n<meta property=\"og:locale\" content=\"fr_FR\" \/>\n<meta property=\"og:type\" content=\"article\" \/>\n<meta property=\"og:title\" content=\"Avis sur le th\u00e8me \u00ab M\u00e9tiers de l\u2019\u00e9ducation, de l\u2019enseignement, de la formation et de la recherche : perspectives de d\u00e9veloppement \u00bb - Conseil sup\u00e9rieur de l\u2019\u00e9ducation, de la formation et de la recherche scientifique\" \/>\n<meta property=\"og:description\" content=\"Le pr\u00e9sent avis s\u2019inscrit dans le cadre des principes et orientations directrices de la Vision strat\u00e9gique de la r\u00e9forme 2015-2030 concernant les m\u00e9tiers de l\u2019\u00e9ducation, de la formation et de la recherche. Il aborde ces m\u00e9tiers sous l\u2019angle de l\u2019efficacit\u00e9 et de la professionnalisation, traitant tour \u00e0 tour des pratiques, des profils et des r\u00f4les&hellip;\" \/>\n<meta property=\"og:url\" content=\"https:\/\/csefrs.lifemoz.com\/fr\/publications\/avis-sur-le-theme-metiers-de-leducation-de-lenseignement-de-la-formation-et-de-la-recherche-perspectives-de-developpement\/\" \/>\n<meta property=\"og:site_name\" content=\"Conseil sup\u00e9rieur de l\u2019\u00e9ducation, de la formation et de la recherche scientifique\" \/>\n<meta property=\"article:modified_time\" content=\"2026-02-08T13:08:31+00:00\" \/>\n<meta property=\"og:image\" content=\"https:\/\/csefrs.lifemoz.com\/wp-content\/uploads\/2025\/12\/metiers-de-leducation.jpg\" \/>\n\t<meta property=\"og:image:width\" content=\"724\" \/>\n\t<meta property=\"og:image:height\" content=\"1024\" \/>\n\t<meta property=\"og:image:type\" content=\"image\/jpeg\" \/>\n<meta name=\"twitter:card\" content=\"summary_large_image\" \/>\n<meta name=\"twitter:label1\" content=\"Dur\u00e9e de lecture estim\u00e9e\" \/>\n\t<meta name=\"twitter:data1\" content=\"1 minute\" \/>\n<script type=\"application\/ld+json\" class=\"yoast-schema-graph\">{\"@context\":\"https:\\\/\\\/schema.org\",\"@graph\":[{\"@type\":\"WebPage\",\"@id\":\"https:\\\/\\\/csefrs.lifemoz.com\\\/fr\\\/publications\\\/avis-sur-le-theme-metiers-de-leducation-de-lenseignement-de-la-formation-et-de-la-recherche-perspectives-de-developpement\\\/\",\"url\":\"https:\\\/\\\/csefrs.lifemoz.com\\\/fr\\\/publications\\\/avis-sur-le-theme-metiers-de-leducation-de-lenseignement-de-la-formation-et-de-la-recherche-perspectives-de-developpement\\\/\",\"name\":\"Avis sur le th\u00e8me \u00ab M\u00e9tiers de l\u2019\u00e9ducation, de l\u2019enseignement, de la formation et de la recherche : perspectives de d\u00e9veloppement \u00bb - Conseil sup\u00e9rieur de l\u2019\u00e9ducation, de la formation et de la recherche scientifique\",\"isPartOf\":{\"@id\":\"https:\\\/\\\/csefrs.lifemoz.com\\\/#website\"},\"primaryImageOfPage\":{\"@id\":\"https:\\\/\\\/csefrs.lifemoz.com\\\/fr\\\/publications\\\/avis-sur-le-theme-metiers-de-leducation-de-lenseignement-de-la-formation-et-de-la-recherche-perspectives-de-developpement\\\/#primaryimage\"},\"image\":{\"@id\":\"https:\\\/\\\/csefrs.lifemoz.com\\\/fr\\\/publications\\\/avis-sur-le-theme-metiers-de-leducation-de-lenseignement-de-la-formation-et-de-la-recherche-perspectives-de-developpement\\\/#primaryimage\"},\"thumbnailUrl\":\"https:\\\/\\\/csefrs.lifemoz.com\\\/wp-content\\\/uploads\\\/2025\\\/12\\\/metiers-de-leducation.jpg\",\"datePublished\":\"2019-10-13T23:00:00+00:00\",\"dateModified\":\"2026-02-08T13:08:31+00:00\",\"breadcrumb\":{\"@id\":\"https:\\\/\\\/csefrs.lifemoz.com\\\/fr\\\/publications\\\/avis-sur-le-theme-metiers-de-leducation-de-lenseignement-de-la-formation-et-de-la-recherche-perspectives-de-developpement\\\/#breadcrumb\"},\"inLanguage\":\"fr-FR\",\"potentialAction\":[{\"@type\":\"ReadAction\",\"target\":[\"https:\\\/\\\/csefrs.lifemoz.com\\\/fr\\\/publications\\\/avis-sur-le-theme-metiers-de-leducation-de-lenseignement-de-la-formation-et-de-la-recherche-perspectives-de-developpement\\\/\"]}]},{\"@type\":\"ImageObject\",\"inLanguage\":\"fr-FR\",\"@id\":\"https:\\\/\\\/csefrs.lifemoz.com\\\/fr\\\/publications\\\/avis-sur-le-theme-metiers-de-leducation-de-lenseignement-de-la-formation-et-de-la-recherche-perspectives-de-developpement\\\/#primaryimage\",\"url\":\"https:\\\/\\\/csefrs.lifemoz.com\\\/wp-content\\\/uploads\\\/2025\\\/12\\\/metiers-de-leducation.jpg\",\"contentUrl\":\"https:\\\/\\\/csefrs.lifemoz.com\\\/wp-content\\\/uploads\\\/2025\\\/12\\\/metiers-de-leducation.jpg\",\"width\":724,\"height\":1024},{\"@type\":\"BreadcrumbList\",\"@id\":\"https:\\\/\\\/csefrs.lifemoz.com\\\/fr\\\/publications\\\/avis-sur-le-theme-metiers-de-leducation-de-lenseignement-de-la-formation-et-de-la-recherche-perspectives-de-developpement\\\/#breadcrumb\",\"itemListElement\":[{\"@type\":\"ListItem\",\"position\":1,\"name\":\"Accueil\",\"item\":\"https:\\\/\\\/csefrs.lifemoz.com\\\/fr\\\/\"},{\"@type\":\"ListItem\",\"position\":2,\"name\":\"Publications\",\"item\":\"https:\\\/\\\/csefrs.lifemoz.com\\\/\u0627\u0644\u0645\u0646\u0634\u0648\u0631\u0627\u062a\\\/\"},{\"@type\":\"ListItem\",\"position\":3,\"name\":\"Avis sur le th\u00e8me \u00ab M\u00e9tiers de l\u2019\u00e9ducation, de l\u2019enseignement, de la formation et de la recherche : perspectives de d\u00e9veloppement \u00bb\"}]},{\"@type\":\"WebSite\",\"@id\":\"https:\\\/\\\/csefrs.lifemoz.com\\\/#website\",\"url\":\"https:\\\/\\\/csefrs.lifemoz.com\\\/\",\"name\":\"Conseil sup\u00e9rieur de l\u2019\u00e9ducation, de la formation et de la recherche scientifique\",\"description\":\"\",\"potentialAction\":[{\"@type\":\"SearchAction\",\"target\":{\"@type\":\"EntryPoint\",\"urlTemplate\":\"https:\\\/\\\/csefrs.lifemoz.com\\\/?s={search_term_string}\"},\"query-input\":{\"@type\":\"PropertyValueSpecification\",\"valueRequired\":true,\"valueName\":\"search_term_string\"}}],\"inLanguage\":\"fr-FR\"}]}<\/script>\n<!-- \/ Yoast SEO plugin. -->","yoast_head_json":{"title":"Avis sur le th\u00e8me \u00ab M\u00e9tiers de l\u2019\u00e9ducation, de l\u2019enseignement, de la formation et de la recherche : perspectives de d\u00e9veloppement \u00bb - Conseil sup\u00e9rieur de l\u2019\u00e9ducation, de la formation et de la recherche scientifique","robots":{"index":"noindex","follow":"follow","max-snippet":"max-snippet:-1","max-image-preview":"max-image-preview:large","max-video-preview":"max-video-preview:-1"},"og_locale":"fr_FR","og_type":"article","og_title":"Avis sur le th\u00e8me \u00ab M\u00e9tiers de l\u2019\u00e9ducation, de l\u2019enseignement, de la formation et de la recherche : perspectives de d\u00e9veloppement \u00bb - Conseil sup\u00e9rieur de l\u2019\u00e9ducation, de la formation et de la recherche scientifique","og_description":"Le pr\u00e9sent avis s\u2019inscrit dans le cadre des principes et orientations directrices de la Vision strat\u00e9gique de la r\u00e9forme 2015-2030 concernant les m\u00e9tiers de l\u2019\u00e9ducation, de la formation et de la recherche. Il aborde ces m\u00e9tiers sous l\u2019angle de l\u2019efficacit\u00e9 et de la professionnalisation, traitant tour \u00e0 tour des pratiques, des profils et des r\u00f4les&hellip;","og_url":"https:\/\/csefrs.lifemoz.com\/fr\/publications\/avis-sur-le-theme-metiers-de-leducation-de-lenseignement-de-la-formation-et-de-la-recherche-perspectives-de-developpement\/","og_site_name":"Conseil sup\u00e9rieur de l\u2019\u00e9ducation, de la formation et de la recherche scientifique","article_modified_time":"2026-02-08T13:08:31+00:00","og_image":[{"width":724,"height":1024,"url":"https:\/\/csefrs.lifemoz.com\/wp-content\/uploads\/2025\/12\/metiers-de-leducation.jpg","type":"image\/jpeg"}],"twitter_card":"summary_large_image","twitter_misc":{"Dur\u00e9e de lecture estim\u00e9e":"1 minute"},"schema":{"@context":"https:\/\/schema.org","@graph":[{"@type":"WebPage","@id":"https:\/\/csefrs.lifemoz.com\/fr\/publications\/avis-sur-le-theme-metiers-de-leducation-de-lenseignement-de-la-formation-et-de-la-recherche-perspectives-de-developpement\/","url":"https:\/\/csefrs.lifemoz.com\/fr\/publications\/avis-sur-le-theme-metiers-de-leducation-de-lenseignement-de-la-formation-et-de-la-recherche-perspectives-de-developpement\/","name":"Avis sur le th\u00e8me \u00ab M\u00e9tiers de l\u2019\u00e9ducation, de l\u2019enseignement, de la formation et de la recherche : perspectives de d\u00e9veloppement \u00bb - Conseil sup\u00e9rieur de l\u2019\u00e9ducation, de la formation et de la recherche scientifique","isPartOf":{"@id":"https:\/\/csefrs.lifemoz.com\/#website"},"primaryImageOfPage":{"@id":"https:\/\/csefrs.lifemoz.com\/fr\/publications\/avis-sur-le-theme-metiers-de-leducation-de-lenseignement-de-la-formation-et-de-la-recherche-perspectives-de-developpement\/#primaryimage"},"image":{"@id":"https:\/\/csefrs.lifemoz.com\/fr\/publications\/avis-sur-le-theme-metiers-de-leducation-de-lenseignement-de-la-formation-et-de-la-recherche-perspectives-de-developpement\/#primaryimage"},"thumbnailUrl":"https:\/\/csefrs.lifemoz.com\/wp-content\/uploads\/2025\/12\/metiers-de-leducation.jpg","datePublished":"2019-10-13T23:00:00+00:00","dateModified":"2026-02-08T13:08:31+00:00","breadcrumb":{"@id":"https:\/\/csefrs.lifemoz.com\/fr\/publications\/avis-sur-le-theme-metiers-de-leducation-de-lenseignement-de-la-formation-et-de-la-recherche-perspectives-de-developpement\/#breadcrumb"},"inLanguage":"fr-FR","potentialAction":[{"@type":"ReadAction","target":["https:\/\/csefrs.lifemoz.com\/fr\/publications\/avis-sur-le-theme-metiers-de-leducation-de-lenseignement-de-la-formation-et-de-la-recherche-perspectives-de-developpement\/"]}]},{"@type":"ImageObject","inLanguage":"fr-FR","@id":"https:\/\/csefrs.lifemoz.com\/fr\/publications\/avis-sur-le-theme-metiers-de-leducation-de-lenseignement-de-la-formation-et-de-la-recherche-perspectives-de-developpement\/#primaryimage","url":"https:\/\/csefrs.lifemoz.com\/wp-content\/uploads\/2025\/12\/metiers-de-leducation.jpg","contentUrl":"https:\/\/csefrs.lifemoz.com\/wp-content\/uploads\/2025\/12\/metiers-de-leducation.jpg","width":724,"height":1024},{"@type":"BreadcrumbList","@id":"https:\/\/csefrs.lifemoz.com\/fr\/publications\/avis-sur-le-theme-metiers-de-leducation-de-lenseignement-de-la-formation-et-de-la-recherche-perspectives-de-developpement\/#breadcrumb","itemListElement":[{"@type":"ListItem","position":1,"name":"Accueil","item":"https:\/\/csefrs.lifemoz.com\/fr\/"},{"@type":"ListItem","position":2,"name":"Publications","item":"https:\/\/csefrs.lifemoz.com\/\u0627\u0644\u0645\u0646\u0634\u0648\u0631\u0627\u062a\/"},{"@type":"ListItem","position":3,"name":"Avis sur le th\u00e8me \u00ab M\u00e9tiers de l\u2019\u00e9ducation, de l\u2019enseignement, de la formation et de la recherche : perspectives de d\u00e9veloppement \u00bb"}]},{"@type":"WebSite","@id":"https:\/\/csefrs.lifemoz.com\/#website","url":"https:\/\/csefrs.lifemoz.com\/","name":"Conseil sup\u00e9rieur de l\u2019\u00e9ducation, de la formation et de la recherche scientifique","description":"","potentialAction":[{"@type":"SearchAction","target":{"@type":"EntryPoint","urlTemplate":"https:\/\/csefrs.lifemoz.com\/?s={search_term_string}"},"query-input":{"@type":"PropertyValueSpecification","valueRequired":true,"valueName":"search_term_string"}}],"inLanguage":"fr-FR"}]}},"_links":{"self":[{"href":"https:\/\/csefrs.lifemoz.com\/fr\/wp-json\/wp\/v2\/product\/37547","targetHints":{"allow":["GET"]}}],"collection":[{"href":"https:\/\/csefrs.lifemoz.com\/fr\/wp-json\/wp\/v2\/product"}],"about":[{"href":"https:\/\/csefrs.lifemoz.com\/fr\/wp-json\/wp\/v2\/types\/product"}],"wp:featuredmedia":[{"embeddable":true,"href":"https:\/\/csefrs.lifemoz.com\/fr\/wp-json\/wp\/v2\/media\/36430"}],"wp:attachment":[{"href":"https:\/\/csefrs.lifemoz.com\/fr\/wp-json\/wp\/v2\/media?parent=37547"}],"wp:term":[{"taxonomy":"product_brand","embeddable":true,"href":"https:\/\/csefrs.lifemoz.com\/fr\/wp-json\/wp\/v2\/product_brand?post=37547"},{"taxonomy":"product_cat","embeddable":true,"href":"https:\/\/csefrs.lifemoz.com\/fr\/wp-json\/wp\/v2\/product_cat?post=37547"},{"taxonomy":"product_tag","embeddable":true,"href":"https:\/\/csefrs.lifemoz.com\/fr\/wp-json\/wp\/v2\/product_tag?post=37547"}],"curies":[{"name":"wp","href":"https:\/\/api.w.org\/{rel}","templated":true}]}}