{"id":37545,"date":"2019-07-31T00:00:00","date_gmt":"2019-07-30T23:00:00","guid":{"rendered":"https:\/\/csefrs.lifemoz.com\/\u0627\u0644\u0645\u0646\u0634\u0648\u0631\u0627\u062a\/rapport-sur-le-theme-reforme-de-lenseignement-superieur-perspectives-strategiques\/"},"modified":"2026-02-08T14:08:31","modified_gmt":"2026-02-08T13:08:31","slug":"rapport-sur-le-theme-reforme-de-lenseignement-superieur-perspectives-strategiques","status":"publish","type":"product","link":"https:\/\/csefrs.lifemoz.com\/fr\/publications\/rapport-sur-le-theme-reforme-de-lenseignement-superieur-perspectives-strategiques\/","title":{"rendered":"Rapport sur le th\u00e8me \u00ab\u00a0R\u00e9forme de l\u2019enseignement sup\u00e9rieur\u00a0: perspectives strat\u00e9giques\u00a0\u00bb"},"content":{"rendered":"<p style=\"text-align: justify;\">Ce rapport s\u2019inscrit dans le cadre de l\u2019approfondissement des orientations de la Vision strat\u00e9gique 2015-2030 relatives \u00e0 la r\u00e9forme de l\u2019enseignement sup\u00e9rieur. Il vise \u00e0 impulser une dynamique qualitative au d\u00e9veloppement du syst\u00e8me de l\u2019enseignement sup\u00e9rieur dans notre pays.<\/p>\n<p style=\"text-align: justify;\">Ainsi, les 7 leviers et 58 pr\u00e9conisations identifi\u00e9s par le rapport sont destin\u00e9s \u00e0 agir sur les principaux dispositifs et articulations du syst\u00e8me en vue de rem\u00e9dier \u00e0 ses dysfonctionnements, de le moderniser et de le mettre \u00e0 niveau pour qu\u2019il soit \u00e0 m\u00eame de contribuer pleinement au d\u00e9veloppement de notre pays.<\/p>\n<p style=\"text-align: justify;\">Le rapport s\u2019articule autour des sections suivantes\u00a0:<\/p>\n<ul>\n<li style=\"text-align: justify;\">\u00e9l\u00e9ments de diagnostic\u00a0;<\/li>\n<li style=\"text-align: justify;\">fondements\u00a0;<\/li>\n<li style=\"text-align: justify;\">approche m\u00e9thodologique\u00a0;<\/li>\n<li style=\"text-align: justify;\">leviers et pr\u00e9conisations.<\/li>\n<\/ul>\n<p><a class=\"download-button-intern-fr\" href=\"https:\/\/csefrs.lifemoz.com\/wp-content\/uploads\/2019\/07\/enseignement-supe\u0301rieur-fr.pdf\" target=\"_blank\" rel=\"noopener\">T\u00e9l\u00e9charger le rapport <\/a><\/p>\n","protected":false},"excerpt":{"rendered":"<p>Ce rapport s\u2019inscrit dans le cadre de l\u2019approfondissement des orientations de la Vision strat\u00e9gique 2015-2030 relatives \u00e0 la r\u00e9forme de l\u2019enseignement sup\u00e9rieur. Il vise \u00e0 impulser une dynamique qualitative au d\u00e9veloppement du syst\u00e8me de l\u2019enseignement sup\u00e9rieur dans notre pays. Ainsi, les 7 leviers et 58 pr\u00e9conisations identifi\u00e9s par le rapport sont destin\u00e9s \u00e0 agir sur&hellip;<\/p>\n","protected":false},"featured_media":37132,"template":"","meta":[],"product_brand":[],"product_cat":[505],"product_tag":[],"class_list":{"0":"post-37545","1":"product","2":"type-product","3":"status-publish","4":"has-post-thumbnail","6":"product_cat-rapports","7":"description-off","9":"first","10":"instock","11":"downloadable","12":"virtual","13":"sold-individually","14":"purchasable","15":"product-type-simple"},"yoast_head":"<!-- This site is optimized with the Yoast SEO plugin v27.5 - https:\/\/yoast.com\/product\/yoast-seo-wordpress\/ -->\n<title>Rapport sur le th\u00e8me \u00ab\u00a0R\u00e9forme de l\u2019enseignement sup\u00e9rieur\u00a0: perspectives strat\u00e9giques\u00a0\u00bb - Conseil sup\u00e9rieur de l\u2019\u00e9ducation, de la formation et de la recherche scientifique<\/title>\n<meta name=\"robots\" content=\"noindex, follow, max-snippet:-1, max-image-preview:large, max-video-preview:-1\" \/>\n<meta property=\"og:locale\" content=\"fr_FR\" \/>\n<meta property=\"og:type\" content=\"article\" \/>\n<meta property=\"og:title\" content=\"Rapport sur le th\u00e8me \u00ab\u00a0R\u00e9forme de l\u2019enseignement sup\u00e9rieur\u00a0: perspectives strat\u00e9giques\u00a0\u00bb - Conseil sup\u00e9rieur de l\u2019\u00e9ducation, de la formation et de la recherche scientifique\" \/>\n<meta property=\"og:description\" content=\"Ce rapport s\u2019inscrit dans le cadre de l\u2019approfondissement des orientations de la Vision strat\u00e9gique 2015-2030 relatives \u00e0 la r\u00e9forme de l\u2019enseignement sup\u00e9rieur. Il vise \u00e0 impulser une dynamique qualitative au d\u00e9veloppement du syst\u00e8me de l\u2019enseignement sup\u00e9rieur dans notre pays. Ainsi, les 7 leviers et 58 pr\u00e9conisations identifi\u00e9s par le rapport sont destin\u00e9s \u00e0 agir sur&hellip;\" \/>\n<meta property=\"og:url\" content=\"https:\/\/csefrs.lifemoz.com\/fr\/publications\/rapport-sur-le-theme-reforme-de-lenseignement-superieur-perspectives-strategiques\/\" \/>\n<meta property=\"og:site_name\" content=\"Conseil sup\u00e9rieur de l\u2019\u00e9ducation, de la formation et de la recherche scientifique\" \/>\n<meta property=\"article:modified_time\" content=\"2026-02-08T13:08:31+00:00\" \/>\n<meta property=\"og:image\" content=\"https:\/\/csefrs.lifemoz.com\/wp-content\/uploads\/2025\/12\/enseignement-superieur-rapport-fr.jpg\" \/>\n\t<meta property=\"og:image:width\" content=\"724\" \/>\n\t<meta property=\"og:image:height\" content=\"1024\" \/>\n\t<meta property=\"og:image:type\" content=\"image\/jpeg\" \/>\n<meta name=\"twitter:card\" content=\"summary_large_image\" \/>\n<meta name=\"twitter:label1\" content=\"Dur\u00e9e de lecture estim\u00e9e\" \/>\n\t<meta name=\"twitter:data1\" content=\"1 minute\" \/>\n<script type=\"application\/ld+json\" class=\"yoast-schema-graph\">{\"@context\":\"https:\\\/\\\/schema.org\",\"@graph\":[{\"@type\":\"WebPage\",\"@id\":\"https:\\\/\\\/csefrs.lifemoz.com\\\/fr\\\/publications\\\/rapport-sur-le-theme-reforme-de-lenseignement-superieur-perspectives-strategiques\\\/\",\"url\":\"https:\\\/\\\/csefrs.lifemoz.com\\\/fr\\\/publications\\\/rapport-sur-le-theme-reforme-de-lenseignement-superieur-perspectives-strategiques\\\/\",\"name\":\"Rapport sur le th\u00e8me \u00ab\u00a0R\u00e9forme de l\u2019enseignement sup\u00e9rieur\u00a0: perspectives strat\u00e9giques\u00a0\u00bb - Conseil sup\u00e9rieur de l\u2019\u00e9ducation, de la formation et de la recherche scientifique\",\"isPartOf\":{\"@id\":\"https:\\\/\\\/csefrs.lifemoz.com\\\/#website\"},\"primaryImageOfPage\":{\"@id\":\"https:\\\/\\\/csefrs.lifemoz.com\\\/fr\\\/publications\\\/rapport-sur-le-theme-reforme-de-lenseignement-superieur-perspectives-strategiques\\\/#primaryimage\"},\"image\":{\"@id\":\"https:\\\/\\\/csefrs.lifemoz.com\\\/fr\\\/publications\\\/rapport-sur-le-theme-reforme-de-lenseignement-superieur-perspectives-strategiques\\\/#primaryimage\"},\"thumbnailUrl\":\"https:\\\/\\\/csefrs.lifemoz.com\\\/wp-content\\\/uploads\\\/2025\\\/12\\\/enseignement-superieur-rapport-fr.jpg\",\"datePublished\":\"2019-07-30T23:00:00+00:00\",\"dateModified\":\"2026-02-08T13:08:31+00:00\",\"breadcrumb\":{\"@id\":\"https:\\\/\\\/csefrs.lifemoz.com\\\/fr\\\/publications\\\/rapport-sur-le-theme-reforme-de-lenseignement-superieur-perspectives-strategiques\\\/#breadcrumb\"},\"inLanguage\":\"fr-FR\",\"potentialAction\":[{\"@type\":\"ReadAction\",\"target\":[\"https:\\\/\\\/csefrs.lifemoz.com\\\/fr\\\/publications\\\/rapport-sur-le-theme-reforme-de-lenseignement-superieur-perspectives-strategiques\\\/\"]}]},{\"@type\":\"ImageObject\",\"inLanguage\":\"fr-FR\",\"@id\":\"https:\\\/\\\/csefrs.lifemoz.com\\\/fr\\\/publications\\\/rapport-sur-le-theme-reforme-de-lenseignement-superieur-perspectives-strategiques\\\/#primaryimage\",\"url\":\"https:\\\/\\\/csefrs.lifemoz.com\\\/wp-content\\\/uploads\\\/2025\\\/12\\\/enseignement-superieur-rapport-fr.jpg\",\"contentUrl\":\"https:\\\/\\\/csefrs.lifemoz.com\\\/wp-content\\\/uploads\\\/2025\\\/12\\\/enseignement-superieur-rapport-fr.jpg\",\"width\":724,\"height\":1024},{\"@type\":\"BreadcrumbList\",\"@id\":\"https:\\\/\\\/csefrs.lifemoz.com\\\/fr\\\/publications\\\/rapport-sur-le-theme-reforme-de-lenseignement-superieur-perspectives-strategiques\\\/#breadcrumb\",\"itemListElement\":[{\"@type\":\"ListItem\",\"position\":1,\"name\":\"Accueil\",\"item\":\"https:\\\/\\\/csefrs.lifemoz.com\\\/fr\\\/\"},{\"@type\":\"ListItem\",\"position\":2,\"name\":\"Publications\",\"item\":\"https:\\\/\\\/csefrs.lifemoz.com\\\/\u0627\u0644\u0645\u0646\u0634\u0648\u0631\u0627\u062a\\\/\"},{\"@type\":\"ListItem\",\"position\":3,\"name\":\"Rapport sur le th\u00e8me \u00ab\u00a0R\u00e9forme de l\u2019enseignement sup\u00e9rieur\u00a0: perspectives strat\u00e9giques\u00a0\u00bb\"}]},{\"@type\":\"WebSite\",\"@id\":\"https:\\\/\\\/csefrs.lifemoz.com\\\/#website\",\"url\":\"https:\\\/\\\/csefrs.lifemoz.com\\\/\",\"name\":\"Conseil sup\u00e9rieur de l\u2019\u00e9ducation, de la formation et de la recherche scientifique\",\"description\":\"\",\"potentialAction\":[{\"@type\":\"SearchAction\",\"target\":{\"@type\":\"EntryPoint\",\"urlTemplate\":\"https:\\\/\\\/csefrs.lifemoz.com\\\/?s={search_term_string}\"},\"query-input\":{\"@type\":\"PropertyValueSpecification\",\"valueRequired\":true,\"valueName\":\"search_term_string\"}}],\"inLanguage\":\"fr-FR\"}]}<\/script>\n<!-- \/ Yoast SEO plugin. -->","yoast_head_json":{"title":"Rapport sur le th\u00e8me \u00ab\u00a0R\u00e9forme de l\u2019enseignement sup\u00e9rieur\u00a0: perspectives strat\u00e9giques\u00a0\u00bb - Conseil sup\u00e9rieur de l\u2019\u00e9ducation, de la formation et de la recherche scientifique","robots":{"index":"noindex","follow":"follow","max-snippet":"max-snippet:-1","max-image-preview":"max-image-preview:large","max-video-preview":"max-video-preview:-1"},"og_locale":"fr_FR","og_type":"article","og_title":"Rapport sur le th\u00e8me \u00ab\u00a0R\u00e9forme de l\u2019enseignement sup\u00e9rieur\u00a0: perspectives strat\u00e9giques\u00a0\u00bb - Conseil sup\u00e9rieur de l\u2019\u00e9ducation, de la formation et de la recherche scientifique","og_description":"Ce rapport s\u2019inscrit dans le cadre de l\u2019approfondissement des orientations de la Vision strat\u00e9gique 2015-2030 relatives \u00e0 la r\u00e9forme de l\u2019enseignement sup\u00e9rieur. Il vise \u00e0 impulser une dynamique qualitative au d\u00e9veloppement du syst\u00e8me de l\u2019enseignement sup\u00e9rieur dans notre pays. Ainsi, les 7 leviers et 58 pr\u00e9conisations identifi\u00e9s par le rapport sont destin\u00e9s \u00e0 agir sur&hellip;","og_url":"https:\/\/csefrs.lifemoz.com\/fr\/publications\/rapport-sur-le-theme-reforme-de-lenseignement-superieur-perspectives-strategiques\/","og_site_name":"Conseil sup\u00e9rieur de l\u2019\u00e9ducation, de la formation et de la recherche scientifique","article_modified_time":"2026-02-08T13:08:31+00:00","og_image":[{"width":724,"height":1024,"url":"https:\/\/csefrs.lifemoz.com\/wp-content\/uploads\/2025\/12\/enseignement-superieur-rapport-fr.jpg","type":"image\/jpeg"}],"twitter_card":"summary_large_image","twitter_misc":{"Dur\u00e9e de lecture estim\u00e9e":"1 minute"},"schema":{"@context":"https:\/\/schema.org","@graph":[{"@type":"WebPage","@id":"https:\/\/csefrs.lifemoz.com\/fr\/publications\/rapport-sur-le-theme-reforme-de-lenseignement-superieur-perspectives-strategiques\/","url":"https:\/\/csefrs.lifemoz.com\/fr\/publications\/rapport-sur-le-theme-reforme-de-lenseignement-superieur-perspectives-strategiques\/","name":"Rapport sur le th\u00e8me \u00ab\u00a0R\u00e9forme de l\u2019enseignement sup\u00e9rieur\u00a0: perspectives strat\u00e9giques\u00a0\u00bb - Conseil sup\u00e9rieur de l\u2019\u00e9ducation, de la formation et de la recherche scientifique","isPartOf":{"@id":"https:\/\/csefrs.lifemoz.com\/#website"},"primaryImageOfPage":{"@id":"https:\/\/csefrs.lifemoz.com\/fr\/publications\/rapport-sur-le-theme-reforme-de-lenseignement-superieur-perspectives-strategiques\/#primaryimage"},"image":{"@id":"https:\/\/csefrs.lifemoz.com\/fr\/publications\/rapport-sur-le-theme-reforme-de-lenseignement-superieur-perspectives-strategiques\/#primaryimage"},"thumbnailUrl":"https:\/\/csefrs.lifemoz.com\/wp-content\/uploads\/2025\/12\/enseignement-superieur-rapport-fr.jpg","datePublished":"2019-07-30T23:00:00+00:00","dateModified":"2026-02-08T13:08:31+00:00","breadcrumb":{"@id":"https:\/\/csefrs.lifemoz.com\/fr\/publications\/rapport-sur-le-theme-reforme-de-lenseignement-superieur-perspectives-strategiques\/#breadcrumb"},"inLanguage":"fr-FR","potentialAction":[{"@type":"ReadAction","target":["https:\/\/csefrs.lifemoz.com\/fr\/publications\/rapport-sur-le-theme-reforme-de-lenseignement-superieur-perspectives-strategiques\/"]}]},{"@type":"ImageObject","inLanguage":"fr-FR","@id":"https:\/\/csefrs.lifemoz.com\/fr\/publications\/rapport-sur-le-theme-reforme-de-lenseignement-superieur-perspectives-strategiques\/#primaryimage","url":"https:\/\/csefrs.lifemoz.com\/wp-content\/uploads\/2025\/12\/enseignement-superieur-rapport-fr.jpg","contentUrl":"https:\/\/csefrs.lifemoz.com\/wp-content\/uploads\/2025\/12\/enseignement-superieur-rapport-fr.jpg","width":724,"height":1024},{"@type":"BreadcrumbList","@id":"https:\/\/csefrs.lifemoz.com\/fr\/publications\/rapport-sur-le-theme-reforme-de-lenseignement-superieur-perspectives-strategiques\/#breadcrumb","itemListElement":[{"@type":"ListItem","position":1,"name":"Accueil","item":"https:\/\/csefrs.lifemoz.com\/fr\/"},{"@type":"ListItem","position":2,"name":"Publications","item":"https:\/\/csefrs.lifemoz.com\/\u0627\u0644\u0645\u0646\u0634\u0648\u0631\u0627\u062a\/"},{"@type":"ListItem","position":3,"name":"Rapport sur le th\u00e8me \u00ab\u00a0R\u00e9forme de l\u2019enseignement sup\u00e9rieur\u00a0: perspectives strat\u00e9giques\u00a0\u00bb"}]},{"@type":"WebSite","@id":"https:\/\/csefrs.lifemoz.com\/#website","url":"https:\/\/csefrs.lifemoz.com\/","name":"Conseil sup\u00e9rieur de l\u2019\u00e9ducation, de la formation et de la recherche scientifique","description":"","potentialAction":[{"@type":"SearchAction","target":{"@type":"EntryPoint","urlTemplate":"https:\/\/csefrs.lifemoz.com\/?s={search_term_string}"},"query-input":{"@type":"PropertyValueSpecification","valueRequired":true,"valueName":"search_term_string"}}],"inLanguage":"fr-FR"}]}},"_links":{"self":[{"href":"https:\/\/csefrs.lifemoz.com\/fr\/wp-json\/wp\/v2\/product\/37545","targetHints":{"allow":["GET"]}}],"collection":[{"href":"https:\/\/csefrs.lifemoz.com\/fr\/wp-json\/wp\/v2\/product"}],"about":[{"href":"https:\/\/csefrs.lifemoz.com\/fr\/wp-json\/wp\/v2\/types\/product"}],"wp:featuredmedia":[{"embeddable":true,"href":"https:\/\/csefrs.lifemoz.com\/fr\/wp-json\/wp\/v2\/media\/37132"}],"wp:attachment":[{"href":"https:\/\/csefrs.lifemoz.com\/fr\/wp-json\/wp\/v2\/media?parent=37545"}],"wp:term":[{"taxonomy":"product_brand","embeddable":true,"href":"https:\/\/csefrs.lifemoz.com\/fr\/wp-json\/wp\/v2\/product_brand?post=37545"},{"taxonomy":"product_cat","embeddable":true,"href":"https:\/\/csefrs.lifemoz.com\/fr\/wp-json\/wp\/v2\/product_cat?post=37545"},{"taxonomy":"product_tag","embeddable":true,"href":"https:\/\/csefrs.lifemoz.com\/fr\/wp-json\/wp\/v2\/product_tag?post=37545"}],"curies":[{"name":"wp","href":"https:\/\/api.w.org\/{rel}","templated":true}]}}