{"id":37543,"date":"2019-05-21T00:00:00","date_gmt":"2019-05-21T00:00:00","guid":{"rendered":"https:\/\/csefrs.lifemoz.com\/\u0627\u0644\u0645\u0646\u0634\u0648\u0631\u0627\u062a\/resultats-des-eleves-marocais-dans-letude-internationale-sur-le-progres-en-litteratie-pirls-2016\/"},"modified":"2026-02-08T14:08:32","modified_gmt":"2026-02-08T13:08:32","slug":"resultats-des-eleves-marocais-dans-letude-internationale-sur-le-progres-en-litteratie-pirls-2016","status":"publish","type":"product","link":"https:\/\/csefrs.lifemoz.com\/fr\/publications\/resultats-des-eleves-marocais-dans-letude-internationale-sur-le-progres-en-litteratie-pirls-2016\/","title":{"rendered":"R\u00e9sultats des \u00e9l\u00e8ves marocais dans l&rsquo;\u00e9tude internationale sur le progr\u00e8s en litt\u00e9ratie &#8211; PIRLS 2016"},"content":{"rendered":"<p style=\"font-weight: 400; text-align: justify;\">L\u2019\u00e9valuation du niveau de lecture chez les \u00e9l\u00e8ves marocains est cruciale pour renseigner le niveau de ma\u00eetrise des apprentissages et sur l\u2019\u00e9quit\u00e9 et la qualit\u00e9, les deux fondamentaux de la Vision Strat\u00e9gique. Le rapport \u201cR\u00c9SULTATS DES \u00c9L\u00c8VES MAROCAINS DANS L&rsquo;\u00c9TUDE INTERNATIONALE SUR LE PROGR\u00c8S EN LITT\u00c9RATIE PIRLS 2016\u201d, se veut un r\u00e9f\u00e9rent pour \u00e9valuer, tous les 5 ans, le chemin parcouru dans l\u2019am\u00e9lioration de la lecture chez les \u00e9l\u00e8ves et par extension celle du rendement de l\u2019\u00e9cole et de la politique publique qui pilote la r\u00e9forme \u00e0 l\u2019horizon 2030.<\/p>\n<p style=\"font-weight: 400; text-align: justify;\">Ce rapport d\u00e9crit les performances des \u00e9l\u00e8ves marocains dans un cadre comparatif.\u00a0\u00a0Il comporte \u00e9galement une analyse bi-vari\u00e9e de leurs r\u00e9sultats en les croisant avec les variables contextuelles. Une analyse multi-niveaux est effectu\u00e9e permettant ainsi d&rsquo;identifier les principaux facteurs agissant significativement sur le niveau des acquis en lecture.<\/p>\n<p><a class=\"download-button-intern-fr\" href=\"https:\/\/csefrs.lifemoz.com\/wp-content\/uploads\/2019\/05\/Rapport-PIRLS-Fr.pdf\" target=\"_blank\" rel=\"noopener\">T\u00e9l\u00e9charger le rapport th\u00e9matique<\/a><\/p>\n","protected":false},"excerpt":{"rendered":"<p>L\u2019\u00e9valuation du niveau de lecture chez les \u00e9l\u00e8ves marocains est cruciale pour renseigner le niveau de ma\u00eetrise des apprentissages et sur l\u2019\u00e9quit\u00e9 et la qualit\u00e9, les deux fondamentaux de la Vision Strat\u00e9gique. Le rapport \u201cR\u00c9SULTATS DES \u00c9L\u00c8VES MAROCAINS DANS L&rsquo;\u00c9TUDE INTERNATIONALE SUR LE PROGR\u00c8S EN LITT\u00c9RATIE PIRLS 2016\u201d, se veut un r\u00e9f\u00e9rent pour \u00e9valuer, tous&hellip;<\/p>\n","protected":false},"featured_media":37131,"template":"","meta":[],"product_brand":[],"product_cat":[506],"product_tag":[],"class_list":{"0":"post-37543","1":"product","2":"type-product","3":"status-publish","4":"has-post-thumbnail","6":"product_cat-rapports-devaluation-etudes","7":"description-off","9":"first","10":"instock","11":"downloadable","12":"virtual","13":"sold-individually","14":"purchasable","15":"product-type-simple"},"yoast_head":"<!-- This site is optimized with the Yoast SEO plugin v27.5 - https:\/\/yoast.com\/product\/yoast-seo-wordpress\/ -->\n<title>R\u00e9sultats des \u00e9l\u00e8ves marocais dans l&#039;\u00e9tude internationale sur le progr\u00e8s en litt\u00e9ratie - PIRLS 2016 - Conseil sup\u00e9rieur de l\u2019\u00e9ducation, de la formation et de la recherche scientifique<\/title>\n<meta name=\"robots\" content=\"noindex, follow, max-snippet:-1, max-image-preview:large, max-video-preview:-1\" \/>\n<meta property=\"og:locale\" content=\"fr_FR\" \/>\n<meta property=\"og:type\" content=\"article\" \/>\n<meta property=\"og:title\" content=\"R\u00e9sultats des \u00e9l\u00e8ves marocais dans l&#039;\u00e9tude internationale sur le progr\u00e8s en litt\u00e9ratie - PIRLS 2016 - Conseil sup\u00e9rieur de l\u2019\u00e9ducation, de la formation et de la recherche scientifique\" \/>\n<meta property=\"og:description\" content=\"L\u2019\u00e9valuation du niveau de lecture chez les \u00e9l\u00e8ves marocains est cruciale pour renseigner le niveau de ma\u00eetrise des apprentissages et sur l\u2019\u00e9quit\u00e9 et la qualit\u00e9, les deux fondamentaux de la Vision Strat\u00e9gique. Le rapport \u201cR\u00c9SULTATS DES \u00c9L\u00c8VES MAROCAINS DANS L&rsquo;\u00c9TUDE INTERNATIONALE SUR LE PROGR\u00c8S EN LITT\u00c9RATIE PIRLS 2016\u201d, se veut un r\u00e9f\u00e9rent pour \u00e9valuer, tous&hellip;\" \/>\n<meta property=\"og:url\" content=\"https:\/\/csefrs.lifemoz.com\/fr\/publications\/resultats-des-eleves-marocais-dans-letude-internationale-sur-le-progres-en-litteratie-pirls-2016\/\" \/>\n<meta property=\"og:site_name\" content=\"Conseil sup\u00e9rieur de l\u2019\u00e9ducation, de la formation et de la recherche scientifique\" \/>\n<meta property=\"article:modified_time\" content=\"2026-02-08T13:08:32+00:00\" \/>\n<meta property=\"og:image\" content=\"https:\/\/csefrs.lifemoz.com\/wp-content\/uploads\/2025\/12\/Rapport-PIRLS-Fr-1.jpg\" \/>\n\t<meta property=\"og:image:width\" content=\"724\" \/>\n\t<meta property=\"og:image:height\" content=\"1024\" \/>\n\t<meta property=\"og:image:type\" content=\"image\/jpeg\" \/>\n<meta name=\"twitter:card\" content=\"summary_large_image\" \/>\n<meta name=\"twitter:label1\" content=\"Dur\u00e9e de lecture estim\u00e9e\" \/>\n\t<meta name=\"twitter:data1\" content=\"1 minute\" \/>\n<script type=\"application\/ld+json\" class=\"yoast-schema-graph\">{\"@context\":\"https:\\\/\\\/schema.org\",\"@graph\":[{\"@type\":\"WebPage\",\"@id\":\"https:\\\/\\\/csefrs.lifemoz.com\\\/fr\\\/publications\\\/resultats-des-eleves-marocais-dans-letude-internationale-sur-le-progres-en-litteratie-pirls-2016\\\/\",\"url\":\"https:\\\/\\\/csefrs.lifemoz.com\\\/fr\\\/publications\\\/resultats-des-eleves-marocais-dans-letude-internationale-sur-le-progres-en-litteratie-pirls-2016\\\/\",\"name\":\"R\u00e9sultats des \u00e9l\u00e8ves marocais dans l'\u00e9tude internationale sur le progr\u00e8s en litt\u00e9ratie - PIRLS 2016 - Conseil sup\u00e9rieur de l\u2019\u00e9ducation, de la formation et de la recherche scientifique\",\"isPartOf\":{\"@id\":\"https:\\\/\\\/csefrs.lifemoz.com\\\/#website\"},\"primaryImageOfPage\":{\"@id\":\"https:\\\/\\\/csefrs.lifemoz.com\\\/fr\\\/publications\\\/resultats-des-eleves-marocais-dans-letude-internationale-sur-le-progres-en-litteratie-pirls-2016\\\/#primaryimage\"},\"image\":{\"@id\":\"https:\\\/\\\/csefrs.lifemoz.com\\\/fr\\\/publications\\\/resultats-des-eleves-marocais-dans-letude-internationale-sur-le-progres-en-litteratie-pirls-2016\\\/#primaryimage\"},\"thumbnailUrl\":\"https:\\\/\\\/csefrs.lifemoz.com\\\/wp-content\\\/uploads\\\/2025\\\/12\\\/Rapport-PIRLS-Fr-1.jpg\",\"datePublished\":\"2019-05-21T00:00:00+00:00\",\"dateModified\":\"2026-02-08T13:08:32+00:00\",\"breadcrumb\":{\"@id\":\"https:\\\/\\\/csefrs.lifemoz.com\\\/fr\\\/publications\\\/resultats-des-eleves-marocais-dans-letude-internationale-sur-le-progres-en-litteratie-pirls-2016\\\/#breadcrumb\"},\"inLanguage\":\"fr-FR\",\"potentialAction\":[{\"@type\":\"ReadAction\",\"target\":[\"https:\\\/\\\/csefrs.lifemoz.com\\\/fr\\\/publications\\\/resultats-des-eleves-marocais-dans-letude-internationale-sur-le-progres-en-litteratie-pirls-2016\\\/\"]}]},{\"@type\":\"ImageObject\",\"inLanguage\":\"fr-FR\",\"@id\":\"https:\\\/\\\/csefrs.lifemoz.com\\\/fr\\\/publications\\\/resultats-des-eleves-marocais-dans-letude-internationale-sur-le-progres-en-litteratie-pirls-2016\\\/#primaryimage\",\"url\":\"https:\\\/\\\/csefrs.lifemoz.com\\\/wp-content\\\/uploads\\\/2025\\\/12\\\/Rapport-PIRLS-Fr-1.jpg\",\"contentUrl\":\"https:\\\/\\\/csefrs.lifemoz.com\\\/wp-content\\\/uploads\\\/2025\\\/12\\\/Rapport-PIRLS-Fr-1.jpg\",\"width\":724,\"height\":1024},{\"@type\":\"BreadcrumbList\",\"@id\":\"https:\\\/\\\/csefrs.lifemoz.com\\\/fr\\\/publications\\\/resultats-des-eleves-marocais-dans-letude-internationale-sur-le-progres-en-litteratie-pirls-2016\\\/#breadcrumb\",\"itemListElement\":[{\"@type\":\"ListItem\",\"position\":1,\"name\":\"Accueil\",\"item\":\"https:\\\/\\\/csefrs.lifemoz.com\\\/fr\\\/\"},{\"@type\":\"ListItem\",\"position\":2,\"name\":\"Publications\",\"item\":\"https:\\\/\\\/csefrs.lifemoz.com\\\/\u0627\u0644\u0645\u0646\u0634\u0648\u0631\u0627\u062a\\\/\"},{\"@type\":\"ListItem\",\"position\":3,\"name\":\"R\u00e9sultats des \u00e9l\u00e8ves marocais dans l&rsquo;\u00e9tude internationale sur le progr\u00e8s en litt\u00e9ratie &#8211; PIRLS 2016\"}]},{\"@type\":\"WebSite\",\"@id\":\"https:\\\/\\\/csefrs.lifemoz.com\\\/#website\",\"url\":\"https:\\\/\\\/csefrs.lifemoz.com\\\/\",\"name\":\"Conseil sup\u00e9rieur de l\u2019\u00e9ducation, de la formation et de la recherche scientifique\",\"description\":\"\",\"potentialAction\":[{\"@type\":\"SearchAction\",\"target\":{\"@type\":\"EntryPoint\",\"urlTemplate\":\"https:\\\/\\\/csefrs.lifemoz.com\\\/?s={search_term_string}\"},\"query-input\":{\"@type\":\"PropertyValueSpecification\",\"valueRequired\":true,\"valueName\":\"search_term_string\"}}],\"inLanguage\":\"fr-FR\"}]}<\/script>\n<!-- \/ Yoast SEO plugin. -->","yoast_head_json":{"title":"R\u00e9sultats des \u00e9l\u00e8ves marocais dans l'\u00e9tude internationale sur le progr\u00e8s en litt\u00e9ratie - PIRLS 2016 - Conseil sup\u00e9rieur de l\u2019\u00e9ducation, de la formation et de la recherche scientifique","robots":{"index":"noindex","follow":"follow","max-snippet":"max-snippet:-1","max-image-preview":"max-image-preview:large","max-video-preview":"max-video-preview:-1"},"og_locale":"fr_FR","og_type":"article","og_title":"R\u00e9sultats des \u00e9l\u00e8ves marocais dans l'\u00e9tude internationale sur le progr\u00e8s en litt\u00e9ratie - PIRLS 2016 - Conseil sup\u00e9rieur de l\u2019\u00e9ducation, de la formation et de la recherche scientifique","og_description":"L\u2019\u00e9valuation du niveau de lecture chez les \u00e9l\u00e8ves marocains est cruciale pour renseigner le niveau de ma\u00eetrise des apprentissages et sur l\u2019\u00e9quit\u00e9 et la qualit\u00e9, les deux fondamentaux de la Vision Strat\u00e9gique. Le rapport \u201cR\u00c9SULTATS DES \u00c9L\u00c8VES MAROCAINS DANS L&rsquo;\u00c9TUDE INTERNATIONALE SUR LE PROGR\u00c8S EN LITT\u00c9RATIE PIRLS 2016\u201d, se veut un r\u00e9f\u00e9rent pour \u00e9valuer, tous&hellip;","og_url":"https:\/\/csefrs.lifemoz.com\/fr\/publications\/resultats-des-eleves-marocais-dans-letude-internationale-sur-le-progres-en-litteratie-pirls-2016\/","og_site_name":"Conseil sup\u00e9rieur de l\u2019\u00e9ducation, de la formation et de la recherche scientifique","article_modified_time":"2026-02-08T13:08:32+00:00","og_image":[{"width":724,"height":1024,"url":"https:\/\/csefrs.lifemoz.com\/wp-content\/uploads\/2025\/12\/Rapport-PIRLS-Fr-1.jpg","type":"image\/jpeg"}],"twitter_card":"summary_large_image","twitter_misc":{"Dur\u00e9e de lecture estim\u00e9e":"1 minute"},"schema":{"@context":"https:\/\/schema.org","@graph":[{"@type":"WebPage","@id":"https:\/\/csefrs.lifemoz.com\/fr\/publications\/resultats-des-eleves-marocais-dans-letude-internationale-sur-le-progres-en-litteratie-pirls-2016\/","url":"https:\/\/csefrs.lifemoz.com\/fr\/publications\/resultats-des-eleves-marocais-dans-letude-internationale-sur-le-progres-en-litteratie-pirls-2016\/","name":"R\u00e9sultats des \u00e9l\u00e8ves marocais dans l'\u00e9tude internationale sur le progr\u00e8s en litt\u00e9ratie - PIRLS 2016 - Conseil sup\u00e9rieur de l\u2019\u00e9ducation, de la formation et de la recherche scientifique","isPartOf":{"@id":"https:\/\/csefrs.lifemoz.com\/#website"},"primaryImageOfPage":{"@id":"https:\/\/csefrs.lifemoz.com\/fr\/publications\/resultats-des-eleves-marocais-dans-letude-internationale-sur-le-progres-en-litteratie-pirls-2016\/#primaryimage"},"image":{"@id":"https:\/\/csefrs.lifemoz.com\/fr\/publications\/resultats-des-eleves-marocais-dans-letude-internationale-sur-le-progres-en-litteratie-pirls-2016\/#primaryimage"},"thumbnailUrl":"https:\/\/csefrs.lifemoz.com\/wp-content\/uploads\/2025\/12\/Rapport-PIRLS-Fr-1.jpg","datePublished":"2019-05-21T00:00:00+00:00","dateModified":"2026-02-08T13:08:32+00:00","breadcrumb":{"@id":"https:\/\/csefrs.lifemoz.com\/fr\/publications\/resultats-des-eleves-marocais-dans-letude-internationale-sur-le-progres-en-litteratie-pirls-2016\/#breadcrumb"},"inLanguage":"fr-FR","potentialAction":[{"@type":"ReadAction","target":["https:\/\/csefrs.lifemoz.com\/fr\/publications\/resultats-des-eleves-marocais-dans-letude-internationale-sur-le-progres-en-litteratie-pirls-2016\/"]}]},{"@type":"ImageObject","inLanguage":"fr-FR","@id":"https:\/\/csefrs.lifemoz.com\/fr\/publications\/resultats-des-eleves-marocais-dans-letude-internationale-sur-le-progres-en-litteratie-pirls-2016\/#primaryimage","url":"https:\/\/csefrs.lifemoz.com\/wp-content\/uploads\/2025\/12\/Rapport-PIRLS-Fr-1.jpg","contentUrl":"https:\/\/csefrs.lifemoz.com\/wp-content\/uploads\/2025\/12\/Rapport-PIRLS-Fr-1.jpg","width":724,"height":1024},{"@type":"BreadcrumbList","@id":"https:\/\/csefrs.lifemoz.com\/fr\/publications\/resultats-des-eleves-marocais-dans-letude-internationale-sur-le-progres-en-litteratie-pirls-2016\/#breadcrumb","itemListElement":[{"@type":"ListItem","position":1,"name":"Accueil","item":"https:\/\/csefrs.lifemoz.com\/fr\/"},{"@type":"ListItem","position":2,"name":"Publications","item":"https:\/\/csefrs.lifemoz.com\/\u0627\u0644\u0645\u0646\u0634\u0648\u0631\u0627\u062a\/"},{"@type":"ListItem","position":3,"name":"R\u00e9sultats des \u00e9l\u00e8ves marocais dans l&rsquo;\u00e9tude internationale sur le progr\u00e8s en litt\u00e9ratie &#8211; PIRLS 2016"}]},{"@type":"WebSite","@id":"https:\/\/csefrs.lifemoz.com\/#website","url":"https:\/\/csefrs.lifemoz.com\/","name":"Conseil sup\u00e9rieur de l\u2019\u00e9ducation, de la formation et de la recherche scientifique","description":"","potentialAction":[{"@type":"SearchAction","target":{"@type":"EntryPoint","urlTemplate":"https:\/\/csefrs.lifemoz.com\/?s={search_term_string}"},"query-input":{"@type":"PropertyValueSpecification","valueRequired":true,"valueName":"search_term_string"}}],"inLanguage":"fr-FR"}]}},"_links":{"self":[{"href":"https:\/\/csefrs.lifemoz.com\/fr\/wp-json\/wp\/v2\/product\/37543","targetHints":{"allow":["GET"]}}],"collection":[{"href":"https:\/\/csefrs.lifemoz.com\/fr\/wp-json\/wp\/v2\/product"}],"about":[{"href":"https:\/\/csefrs.lifemoz.com\/fr\/wp-json\/wp\/v2\/types\/product"}],"wp:featuredmedia":[{"embeddable":true,"href":"https:\/\/csefrs.lifemoz.com\/fr\/wp-json\/wp\/v2\/media\/37131"}],"wp:attachment":[{"href":"https:\/\/csefrs.lifemoz.com\/fr\/wp-json\/wp\/v2\/media?parent=37543"}],"wp:term":[{"taxonomy":"product_brand","embeddable":true,"href":"https:\/\/csefrs.lifemoz.com\/fr\/wp-json\/wp\/v2\/product_brand?post=37543"},{"taxonomy":"product_cat","embeddable":true,"href":"https:\/\/csefrs.lifemoz.com\/fr\/wp-json\/wp\/v2\/product_cat?post=37543"},{"taxonomy":"product_tag","embeddable":true,"href":"https:\/\/csefrs.lifemoz.com\/fr\/wp-json\/wp\/v2\/product_tag?post=37543"}],"curies":[{"name":"wp","href":"https:\/\/api.w.org\/{rel}","templated":true}]}}