{"id":37541,"date":"2019-05-21T00:00:00","date_gmt":"2019-05-21T00:00:00","guid":{"rendered":"https:\/\/csefrs.lifemoz.com\/\u0627\u0644\u0645\u0646\u0634\u0648\u0631\u0627\u062a\/evaluation-du-modele-deducation-des-enfants-en-situation-de-handicap-au-maroc-vers-une-education-inclusive\/"},"modified":"2026-02-08T14:08:32","modified_gmt":"2026-02-08T13:08:32","slug":"evaluation-du-modele-deducation-des-enfants-en-situation-de-handicap-au-maroc-vers-une-education-inclusive","status":"publish","type":"product","link":"https:\/\/csefrs.lifemoz.com\/fr\/publications\/evaluation-du-modele-deducation-des-enfants-en-situation-de-handicap-au-maroc-vers-une-education-inclusive\/","title":{"rendered":"\u00c9valuation du mod\u00e8le d&rsquo;\u00e9ducation des enfants en situation de handicap au Maroc: Vers une \u00e9ducation inclusive"},"content":{"rendered":"<p style=\"font-weight: 400; text-align: justify;\">L\u2019\u00e9valuation du mod\u00e8le d\u2019\u00e9ducation des enfants en situation de handicap au Maroc, assur\u00e9e par l\u2019Instance Nationale d\u2019\u00c9valuation aupr\u00e8s du Conseil Sup\u00e9rieur de l\u2019\u00c9ducation, de la Formation et de la Recherche Scientifique, dans le cadre de son plan d\u2019action 2017-2018 et son programme de coop\u00e9ration avec le\u00a0Fonds des Nations Unies pour l\u2019enfance\u00a0au Maroc (UNICEF),\u00a0se base sur des r\u00e9f\u00e9rentiels de l\u2019\u00e9ducation inclusive et s\u2019inscrit dans son approche qui consiste \u00e0 assurer \u00e0 tous les enfants l\u2019\u00e9quit\u00e9 de droit en mati\u00e8re d\u2019\u00e9ducation. Elle vise \u00e0 partager aussi une vision claire et commune de l\u2019\u00e9ducation inclusive, qui devrait d\u00e9boucher sur un monitoring de l\u2019analyse de la pratique et aboutir \u00e0 l\u2019\u00e9laboration d\u2019une v\u00e9ritable strat\u00e9gie d\u2019inclusion \u00e9ducative des enfants en situation de handicap.<\/p>\n<p><a class=\"download-button-intern-fr\" href=\"https:\/\/csefrs.lifemoz.com\/wp-content\/uploads\/2019\/05\/Rapport-e\u0301ducation-inclusive-Fr.pdf\" target=\"_blank\" rel=\"noopener\">T\u00e9l\u00e9charger le rapport th\u00e9matique <\/a><\/p>\n","protected":false},"excerpt":{"rendered":"<p>L\u2019\u00e9valuation du mod\u00e8le d\u2019\u00e9ducation des enfants en situation de handicap au Maroc, assur\u00e9e par l\u2019Instance Nationale d\u2019\u00c9valuation aupr\u00e8s du Conseil Sup\u00e9rieur de l\u2019\u00c9ducation, de la Formation et de la Recherche Scientifique, dans le cadre de son plan d\u2019action 2017-2018 et son programme de coop\u00e9ration avec le\u00a0Fonds des Nations Unies pour l\u2019enfance\u00a0au Maroc (UNICEF),\u00a0se base sur&hellip;<\/p>\n","protected":false},"featured_media":37130,"template":"","meta":[],"product_brand":[],"product_cat":[636,506],"product_tag":[],"class_list":{"0":"post-37541","1":"product","2":"type-product","3":"status-publish","4":"has-post-thumbnail","6":"product_cat-resultats-du-partenariat-et-de-la-cooperation","7":"product_cat-rapports-devaluation-etudes","8":"description-off","10":"first","11":"instock","12":"downloadable","13":"virtual","14":"sold-individually","15":"purchasable","16":"product-type-simple"},"yoast_head":"<!-- This site is optimized with the Yoast SEO plugin v27.5 - https:\/\/yoast.com\/product\/yoast-seo-wordpress\/ -->\n<title>\u00c9valuation du mod\u00e8le d&#039;\u00e9ducation des enfants en situation de handicap au Maroc: Vers une \u00e9ducation inclusive - Conseil sup\u00e9rieur de l\u2019\u00e9ducation, de la formation et de la recherche scientifique<\/title>\n<meta name=\"robots\" content=\"noindex, follow, max-snippet:-1, max-image-preview:large, max-video-preview:-1\" \/>\n<meta property=\"og:locale\" content=\"fr_FR\" \/>\n<meta property=\"og:type\" content=\"article\" \/>\n<meta property=\"og:title\" content=\"\u00c9valuation du mod\u00e8le d&#039;\u00e9ducation des enfants en situation de handicap au Maroc: Vers une \u00e9ducation inclusive - Conseil sup\u00e9rieur de l\u2019\u00e9ducation, de la formation et de la recherche scientifique\" \/>\n<meta property=\"og:description\" content=\"L\u2019\u00e9valuation du mod\u00e8le d\u2019\u00e9ducation des enfants en situation de handicap au Maroc, assur\u00e9e par l\u2019Instance Nationale d\u2019\u00c9valuation aupr\u00e8s du Conseil Sup\u00e9rieur de l\u2019\u00c9ducation, de la Formation et de la Recherche Scientifique, dans le cadre de son plan d\u2019action 2017-2018 et son programme de coop\u00e9ration avec le\u00a0Fonds des Nations Unies pour l\u2019enfance\u00a0au Maroc (UNICEF),\u00a0se base sur&hellip;\" \/>\n<meta property=\"og:url\" content=\"https:\/\/csefrs.lifemoz.com\/fr\/publications\/evaluation-du-modele-deducation-des-enfants-en-situation-de-handicap-au-maroc-vers-une-education-inclusive\/\" \/>\n<meta property=\"og:site_name\" content=\"Conseil sup\u00e9rieur de l\u2019\u00e9ducation, de la formation et de la recherche scientifique\" \/>\n<meta property=\"article:modified_time\" content=\"2026-02-08T13:08:32+00:00\" \/>\n<meta property=\"og:image\" content=\"https:\/\/csefrs.lifemoz.com\/wp-content\/uploads\/2025\/12\/Rapport-education-inclusive-Fr-1.jpg\" \/>\n\t<meta property=\"og:image:width\" content=\"724\" \/>\n\t<meta property=\"og:image:height\" content=\"1024\" \/>\n\t<meta property=\"og:image:type\" content=\"image\/jpeg\" \/>\n<meta name=\"twitter:card\" content=\"summary_large_image\" \/>\n<meta name=\"twitter:label1\" content=\"Dur\u00e9e de lecture estim\u00e9e\" \/>\n\t<meta name=\"twitter:data1\" content=\"1 minute\" \/>\n<script type=\"application\/ld+json\" class=\"yoast-schema-graph\">{\"@context\":\"https:\\\/\\\/schema.org\",\"@graph\":[{\"@type\":\"WebPage\",\"@id\":\"https:\\\/\\\/csefrs.lifemoz.com\\\/fr\\\/publications\\\/evaluation-du-modele-deducation-des-enfants-en-situation-de-handicap-au-maroc-vers-une-education-inclusive\\\/\",\"url\":\"https:\\\/\\\/csefrs.lifemoz.com\\\/fr\\\/publications\\\/evaluation-du-modele-deducation-des-enfants-en-situation-de-handicap-au-maroc-vers-une-education-inclusive\\\/\",\"name\":\"\u00c9valuation du mod\u00e8le d'\u00e9ducation des enfants en situation de handicap au Maroc: Vers une \u00e9ducation inclusive - Conseil sup\u00e9rieur de l\u2019\u00e9ducation, de la formation et de la recherche scientifique\",\"isPartOf\":{\"@id\":\"https:\\\/\\\/csefrs.lifemoz.com\\\/#website\"},\"primaryImageOfPage\":{\"@id\":\"https:\\\/\\\/csefrs.lifemoz.com\\\/fr\\\/publications\\\/evaluation-du-modele-deducation-des-enfants-en-situation-de-handicap-au-maroc-vers-une-education-inclusive\\\/#primaryimage\"},\"image\":{\"@id\":\"https:\\\/\\\/csefrs.lifemoz.com\\\/fr\\\/publications\\\/evaluation-du-modele-deducation-des-enfants-en-situation-de-handicap-au-maroc-vers-une-education-inclusive\\\/#primaryimage\"},\"thumbnailUrl\":\"https:\\\/\\\/csefrs.lifemoz.com\\\/wp-content\\\/uploads\\\/2025\\\/12\\\/Rapport-education-inclusive-Fr-1.jpg\",\"datePublished\":\"2019-05-21T00:00:00+00:00\",\"dateModified\":\"2026-02-08T13:08:32+00:00\",\"breadcrumb\":{\"@id\":\"https:\\\/\\\/csefrs.lifemoz.com\\\/fr\\\/publications\\\/evaluation-du-modele-deducation-des-enfants-en-situation-de-handicap-au-maroc-vers-une-education-inclusive\\\/#breadcrumb\"},\"inLanguage\":\"fr-FR\",\"potentialAction\":[{\"@type\":\"ReadAction\",\"target\":[\"https:\\\/\\\/csefrs.lifemoz.com\\\/fr\\\/publications\\\/evaluation-du-modele-deducation-des-enfants-en-situation-de-handicap-au-maroc-vers-une-education-inclusive\\\/\"]}]},{\"@type\":\"ImageObject\",\"inLanguage\":\"fr-FR\",\"@id\":\"https:\\\/\\\/csefrs.lifemoz.com\\\/fr\\\/publications\\\/evaluation-du-modele-deducation-des-enfants-en-situation-de-handicap-au-maroc-vers-une-education-inclusive\\\/#primaryimage\",\"url\":\"https:\\\/\\\/csefrs.lifemoz.com\\\/wp-content\\\/uploads\\\/2025\\\/12\\\/Rapport-education-inclusive-Fr-1.jpg\",\"contentUrl\":\"https:\\\/\\\/csefrs.lifemoz.com\\\/wp-content\\\/uploads\\\/2025\\\/12\\\/Rapport-education-inclusive-Fr-1.jpg\",\"width\":724,\"height\":1024},{\"@type\":\"BreadcrumbList\",\"@id\":\"https:\\\/\\\/csefrs.lifemoz.com\\\/fr\\\/publications\\\/evaluation-du-modele-deducation-des-enfants-en-situation-de-handicap-au-maroc-vers-une-education-inclusive\\\/#breadcrumb\",\"itemListElement\":[{\"@type\":\"ListItem\",\"position\":1,\"name\":\"Accueil\",\"item\":\"https:\\\/\\\/csefrs.lifemoz.com\\\/fr\\\/\"},{\"@type\":\"ListItem\",\"position\":2,\"name\":\"Publications\",\"item\":\"https:\\\/\\\/csefrs.lifemoz.com\\\/\u0627\u0644\u0645\u0646\u0634\u0648\u0631\u0627\u062a\\\/\"},{\"@type\":\"ListItem\",\"position\":3,\"name\":\"\u00c9valuation du mod\u00e8le d&rsquo;\u00e9ducation des enfants en situation de handicap au Maroc: Vers une \u00e9ducation inclusive\"}]},{\"@type\":\"WebSite\",\"@id\":\"https:\\\/\\\/csefrs.lifemoz.com\\\/#website\",\"url\":\"https:\\\/\\\/csefrs.lifemoz.com\\\/\",\"name\":\"Conseil sup\u00e9rieur de l\u2019\u00e9ducation, de la formation et de la recherche scientifique\",\"description\":\"\",\"potentialAction\":[{\"@type\":\"SearchAction\",\"target\":{\"@type\":\"EntryPoint\",\"urlTemplate\":\"https:\\\/\\\/csefrs.lifemoz.com\\\/?s={search_term_string}\"},\"query-input\":{\"@type\":\"PropertyValueSpecification\",\"valueRequired\":true,\"valueName\":\"search_term_string\"}}],\"inLanguage\":\"fr-FR\"}]}<\/script>\n<!-- \/ Yoast SEO plugin. -->","yoast_head_json":{"title":"\u00c9valuation du mod\u00e8le d'\u00e9ducation des enfants en situation de handicap au Maroc: Vers une \u00e9ducation inclusive - Conseil sup\u00e9rieur de l\u2019\u00e9ducation, de la formation et de la recherche scientifique","robots":{"index":"noindex","follow":"follow","max-snippet":"max-snippet:-1","max-image-preview":"max-image-preview:large","max-video-preview":"max-video-preview:-1"},"og_locale":"fr_FR","og_type":"article","og_title":"\u00c9valuation du mod\u00e8le d'\u00e9ducation des enfants en situation de handicap au Maroc: Vers une \u00e9ducation inclusive - Conseil sup\u00e9rieur de l\u2019\u00e9ducation, de la formation et de la recherche scientifique","og_description":"L\u2019\u00e9valuation du mod\u00e8le d\u2019\u00e9ducation des enfants en situation de handicap au Maroc, assur\u00e9e par l\u2019Instance Nationale d\u2019\u00c9valuation aupr\u00e8s du Conseil Sup\u00e9rieur de l\u2019\u00c9ducation, de la Formation et de la Recherche Scientifique, dans le cadre de son plan d\u2019action 2017-2018 et son programme de coop\u00e9ration avec le\u00a0Fonds des Nations Unies pour l\u2019enfance\u00a0au Maroc (UNICEF),\u00a0se base sur&hellip;","og_url":"https:\/\/csefrs.lifemoz.com\/fr\/publications\/evaluation-du-modele-deducation-des-enfants-en-situation-de-handicap-au-maroc-vers-une-education-inclusive\/","og_site_name":"Conseil sup\u00e9rieur de l\u2019\u00e9ducation, de la formation et de la recherche scientifique","article_modified_time":"2026-02-08T13:08:32+00:00","og_image":[{"width":724,"height":1024,"url":"https:\/\/csefrs.lifemoz.com\/wp-content\/uploads\/2025\/12\/Rapport-education-inclusive-Fr-1.jpg","type":"image\/jpeg"}],"twitter_card":"summary_large_image","twitter_misc":{"Dur\u00e9e de lecture estim\u00e9e":"1 minute"},"schema":{"@context":"https:\/\/schema.org","@graph":[{"@type":"WebPage","@id":"https:\/\/csefrs.lifemoz.com\/fr\/publications\/evaluation-du-modele-deducation-des-enfants-en-situation-de-handicap-au-maroc-vers-une-education-inclusive\/","url":"https:\/\/csefrs.lifemoz.com\/fr\/publications\/evaluation-du-modele-deducation-des-enfants-en-situation-de-handicap-au-maroc-vers-une-education-inclusive\/","name":"\u00c9valuation du mod\u00e8le d'\u00e9ducation des enfants en situation de handicap au Maroc: Vers une \u00e9ducation inclusive - Conseil sup\u00e9rieur de l\u2019\u00e9ducation, de la formation et de la recherche scientifique","isPartOf":{"@id":"https:\/\/csefrs.lifemoz.com\/#website"},"primaryImageOfPage":{"@id":"https:\/\/csefrs.lifemoz.com\/fr\/publications\/evaluation-du-modele-deducation-des-enfants-en-situation-de-handicap-au-maroc-vers-une-education-inclusive\/#primaryimage"},"image":{"@id":"https:\/\/csefrs.lifemoz.com\/fr\/publications\/evaluation-du-modele-deducation-des-enfants-en-situation-de-handicap-au-maroc-vers-une-education-inclusive\/#primaryimage"},"thumbnailUrl":"https:\/\/csefrs.lifemoz.com\/wp-content\/uploads\/2025\/12\/Rapport-education-inclusive-Fr-1.jpg","datePublished":"2019-05-21T00:00:00+00:00","dateModified":"2026-02-08T13:08:32+00:00","breadcrumb":{"@id":"https:\/\/csefrs.lifemoz.com\/fr\/publications\/evaluation-du-modele-deducation-des-enfants-en-situation-de-handicap-au-maroc-vers-une-education-inclusive\/#breadcrumb"},"inLanguage":"fr-FR","potentialAction":[{"@type":"ReadAction","target":["https:\/\/csefrs.lifemoz.com\/fr\/publications\/evaluation-du-modele-deducation-des-enfants-en-situation-de-handicap-au-maroc-vers-une-education-inclusive\/"]}]},{"@type":"ImageObject","inLanguage":"fr-FR","@id":"https:\/\/csefrs.lifemoz.com\/fr\/publications\/evaluation-du-modele-deducation-des-enfants-en-situation-de-handicap-au-maroc-vers-une-education-inclusive\/#primaryimage","url":"https:\/\/csefrs.lifemoz.com\/wp-content\/uploads\/2025\/12\/Rapport-education-inclusive-Fr-1.jpg","contentUrl":"https:\/\/csefrs.lifemoz.com\/wp-content\/uploads\/2025\/12\/Rapport-education-inclusive-Fr-1.jpg","width":724,"height":1024},{"@type":"BreadcrumbList","@id":"https:\/\/csefrs.lifemoz.com\/fr\/publications\/evaluation-du-modele-deducation-des-enfants-en-situation-de-handicap-au-maroc-vers-une-education-inclusive\/#breadcrumb","itemListElement":[{"@type":"ListItem","position":1,"name":"Accueil","item":"https:\/\/csefrs.lifemoz.com\/fr\/"},{"@type":"ListItem","position":2,"name":"Publications","item":"https:\/\/csefrs.lifemoz.com\/\u0627\u0644\u0645\u0646\u0634\u0648\u0631\u0627\u062a\/"},{"@type":"ListItem","position":3,"name":"\u00c9valuation du mod\u00e8le d&rsquo;\u00e9ducation des enfants en situation de handicap au Maroc: Vers une \u00e9ducation inclusive"}]},{"@type":"WebSite","@id":"https:\/\/csefrs.lifemoz.com\/#website","url":"https:\/\/csefrs.lifemoz.com\/","name":"Conseil sup\u00e9rieur de l\u2019\u00e9ducation, de la formation et de la recherche scientifique","description":"","potentialAction":[{"@type":"SearchAction","target":{"@type":"EntryPoint","urlTemplate":"https:\/\/csefrs.lifemoz.com\/?s={search_term_string}"},"query-input":{"@type":"PropertyValueSpecification","valueRequired":true,"valueName":"search_term_string"}}],"inLanguage":"fr-FR"}]}},"_links":{"self":[{"href":"https:\/\/csefrs.lifemoz.com\/fr\/wp-json\/wp\/v2\/product\/37541","targetHints":{"allow":["GET"]}}],"collection":[{"href":"https:\/\/csefrs.lifemoz.com\/fr\/wp-json\/wp\/v2\/product"}],"about":[{"href":"https:\/\/csefrs.lifemoz.com\/fr\/wp-json\/wp\/v2\/types\/product"}],"wp:featuredmedia":[{"embeddable":true,"href":"https:\/\/csefrs.lifemoz.com\/fr\/wp-json\/wp\/v2\/media\/37130"}],"wp:attachment":[{"href":"https:\/\/csefrs.lifemoz.com\/fr\/wp-json\/wp\/v2\/media?parent=37541"}],"wp:term":[{"taxonomy":"product_brand","embeddable":true,"href":"https:\/\/csefrs.lifemoz.com\/fr\/wp-json\/wp\/v2\/product_brand?post=37541"},{"taxonomy":"product_cat","embeddable":true,"href":"https:\/\/csefrs.lifemoz.com\/fr\/wp-json\/wp\/v2\/product_cat?post=37541"},{"taxonomy":"product_tag","embeddable":true,"href":"https:\/\/csefrs.lifemoz.com\/fr\/wp-json\/wp\/v2\/product_tag?post=37541"}],"curies":[{"name":"wp","href":"https:\/\/api.w.org\/{rel}","templated":true}]}}