{"id":37537,"date":"2018-12-06T00:00:00","date_gmt":"2018-12-05T23:00:00","guid":{"rendered":"https:\/\/csefrs.lifemoz.com\/\u0627\u0644\u0645\u0646\u0634\u0648\u0631\u0627\u062a\/levaluation-de-la-recherche-scientifique-enjeux-methodes-et-instruments\/"},"modified":"2026-02-08T14:08:32","modified_gmt":"2026-02-08T13:08:32","slug":"levaluation-de-la-recherche-scientifique-enjeux-methodes-et-instruments","status":"publish","type":"product","link":"https:\/\/csefrs.lifemoz.com\/fr\/publications\/levaluation-de-la-recherche-scientifique-enjeux-methodes-et-instruments\/","title":{"rendered":"L\u2019\u00e9valuation de la recherche scientifique : Enjeux, m\u00e9thodes et instruments"},"content":{"rendered":"<div class=\"wpb_text_column wpb_content_element \">\n<div class=\"wpb_wrapper\">\n<p style=\"text-align: justify;\">S\u2019inscrivant dans le cadre de la Vision Strat\u00e9gique 2015-2030 pour la r\u00e9forme du syst\u00e8me d\u2019\u00e9ducation, de formation et de recherche scientifique au Maroc, l\u2019Instance Nationale d\u2019Evaluation (INE) aupr\u00e8s du Conseil Sup\u00e9rieur de l\u2019Education de Formation et de la Recherche Scientifique (CSEFRS), organise les 6 et 7 d\u00e9cembre 2017 un colloque international sur le th\u00e8me : \u00ab\u00a0L\u2019\u00e9valuation de la recherche scientifique : Enjeux, m\u00e9thodes et instruments\u00a0\u00bb.<\/p>\n<p style=\"text-align: justify;\">Dans la perspective de mettre en place des dispositifs et des instruments ad\u00e9quats de l\u2019\u00e9valuation, en se r\u00e9f\u00e9rant aux exp\u00e9riences et aux pratiques internationales, l\u2019Instance Nationale d\u2019Evaluation, vise, \u00e0 travers l\u2019organisation de ce colloque, \u00e0 engager un d\u00e9bat et \u00e0 aborder une analyse comparative sur les enjeux de l\u2019\u00e9valuation de la recherche scientifique dans des pays en d\u00e9veloppement, tout en interrogeant les modes et les instruments d\u2019\u00e9valuation et leur pertinence pour les syst\u00e8mes de recherche scientifique de ces pays.<\/p>\n<p style=\"text-align: justify;\">Cet \u00e9v\u00e9nement r\u00e9unit plusieurs intervenants nationaux et internationaux, sp\u00e9cialistes de l\u2019\u00e9valuation de la recherche scientifique, qui s\u2019att\u00e8leront, pendant deux jours \u00e0 \u00e9changer autour des enjeux de l\u2019\u00e9valuation de la recherche scientifique, de ses m\u00e9thodes et ses instruments.<\/p>\n<p style=\"text-align: justify;\">Articul\u00e9 autour de six axes, ce colloque international\u00a0ambitionne de r\u00e9pondre concr\u00e8tement aux questions suivantes\u00a0: \u00ab\u00a0La comparaison internationale est-elle un instrument d\u2019\u00e9valuation de la recherche\u00a0?\u00a0\u00bb, \u00ab\u00a0Quelle est la pertinence des classements des universit\u00e9s comme mode d\u2019\u00e9valuation\u00a0?\u00a0\u00bb, \u00ab\u00a0Quel enseignement des exp\u00e9riences nationales de l\u2019\u00e9valuation de la recherche scientifique\u00a0?\u00a0\u00bb, \u00ab\u00a0Quelle \u00e9valuation pour le cycle doctoral\u00a0?\u00a0\u00bb, \u00ab\u00a0Quel est l\u2019enjeu de la mesure de la production scientifique\u00a0?\u00a0\u00bb, \u00ab\u00a0Quelle \u00e9valuation de la coop\u00e9ration scientifique et le travail collaboratif\u00a0?\u00a0\u00bb.<\/p>\n<\/div>\n<\/div>\n<p><a class=\"download-button-intern-fr\" href=\"https:\/\/csefrs.lifemoz.com\/wp-content\/uploads\/2019\/01\/Actes-du-colloque-2017-6-11-2018.pdf\" target=\"_blank\" rel=\"noopener\">T\u00e9l\u00e9charger les actes du colloque<\/a><\/p>\n","protected":false},"excerpt":{"rendered":"<p>S\u2019inscrivant dans le cadre de la Vision Strat\u00e9gique 2015-2030 pour la r\u00e9forme du syst\u00e8me d\u2019\u00e9ducation, de formation et de recherche scientifique au Maroc, l\u2019Instance Nationale d\u2019Evaluation (INE) aupr\u00e8s du Conseil Sup\u00e9rieur de l\u2019Education de Formation et de la Recherche Scientifique (CSEFRS), organise les 6 et 7 d\u00e9cembre 2017 un colloque international sur le th\u00e8me :&hellip;<\/p>\n","protected":false},"featured_media":36414,"template":"","meta":[],"product_brand":[],"product_cat":[511],"product_tag":[],"class_list":{"0":"post-37537","1":"product","2":"type-product","3":"status-publish","4":"has-post-thumbnail","6":"product_cat-actes-des-colloques-et-rencontres","7":"description-off","9":"first","10":"instock","11":"downloadable","12":"virtual","13":"sold-individually","14":"purchasable","15":"product-type-simple"},"yoast_head":"<!-- This site is optimized with the Yoast SEO plugin v27.5 - https:\/\/yoast.com\/product\/yoast-seo-wordpress\/ -->\n<title>L\u2019\u00e9valuation de la recherche scientifique : Enjeux, m\u00e9thodes et instruments - Conseil sup\u00e9rieur de l\u2019\u00e9ducation, de la formation et de la recherche scientifique<\/title>\n<meta name=\"robots\" content=\"noindex, follow, max-snippet:-1, max-image-preview:large, max-video-preview:-1\" \/>\n<meta property=\"og:locale\" content=\"fr_FR\" \/>\n<meta property=\"og:type\" content=\"article\" \/>\n<meta property=\"og:title\" content=\"L\u2019\u00e9valuation de la recherche scientifique : Enjeux, m\u00e9thodes et instruments - Conseil sup\u00e9rieur de l\u2019\u00e9ducation, de la formation et de la recherche scientifique\" \/>\n<meta property=\"og:description\" content=\"S\u2019inscrivant dans le cadre de la Vision Strat\u00e9gique 2015-2030 pour la r\u00e9forme du syst\u00e8me d\u2019\u00e9ducation, de formation et de recherche scientifique au Maroc, l\u2019Instance Nationale d\u2019Evaluation (INE) aupr\u00e8s du Conseil Sup\u00e9rieur de l\u2019Education de Formation et de la Recherche Scientifique (CSEFRS), organise les 6 et 7 d\u00e9cembre 2017 un colloque international sur le th\u00e8me :&hellip;\" \/>\n<meta property=\"og:url\" content=\"https:\/\/csefrs.lifemoz.com\/fr\/publications\/levaluation-de-la-recherche-scientifique-enjeux-methodes-et-instruments\/\" \/>\n<meta property=\"og:site_name\" content=\"Conseil sup\u00e9rieur de l\u2019\u00e9ducation, de la formation et de la recherche scientifique\" \/>\n<meta property=\"article:modified_time\" content=\"2026-02-08T13:08:32+00:00\" \/>\n<meta property=\"og:image\" content=\"https:\/\/csefrs.lifemoz.com\/wp-content\/uploads\/2025\/12\/Actes-du-colloque-2017-6-11-2018-1.jpg\" \/>\n\t<meta property=\"og:image:width\" content=\"725\" \/>\n\t<meta property=\"og:image:height\" content=\"1024\" \/>\n\t<meta property=\"og:image:type\" content=\"image\/jpeg\" \/>\n<meta name=\"twitter:card\" content=\"summary_large_image\" \/>\n<meta name=\"twitter:label1\" content=\"Dur\u00e9e de lecture estim\u00e9e\" \/>\n\t<meta name=\"twitter:data1\" content=\"1 minute\" \/>\n<script type=\"application\/ld+json\" class=\"yoast-schema-graph\">{\"@context\":\"https:\\\/\\\/schema.org\",\"@graph\":[{\"@type\":\"WebPage\",\"@id\":\"https:\\\/\\\/csefrs.lifemoz.com\\\/fr\\\/publications\\\/levaluation-de-la-recherche-scientifique-enjeux-methodes-et-instruments\\\/\",\"url\":\"https:\\\/\\\/csefrs.lifemoz.com\\\/fr\\\/publications\\\/levaluation-de-la-recherche-scientifique-enjeux-methodes-et-instruments\\\/\",\"name\":\"L\u2019\u00e9valuation de la recherche scientifique : Enjeux, m\u00e9thodes et instruments - Conseil sup\u00e9rieur de l\u2019\u00e9ducation, de la formation et de la recherche scientifique\",\"isPartOf\":{\"@id\":\"https:\\\/\\\/csefrs.lifemoz.com\\\/#website\"},\"primaryImageOfPage\":{\"@id\":\"https:\\\/\\\/csefrs.lifemoz.com\\\/fr\\\/publications\\\/levaluation-de-la-recherche-scientifique-enjeux-methodes-et-instruments\\\/#primaryimage\"},\"image\":{\"@id\":\"https:\\\/\\\/csefrs.lifemoz.com\\\/fr\\\/publications\\\/levaluation-de-la-recherche-scientifique-enjeux-methodes-et-instruments\\\/#primaryimage\"},\"thumbnailUrl\":\"https:\\\/\\\/csefrs.lifemoz.com\\\/wp-content\\\/uploads\\\/2025\\\/12\\\/Actes-du-colloque-2017-6-11-2018-1.jpg\",\"datePublished\":\"2018-12-05T23:00:00+00:00\",\"dateModified\":\"2026-02-08T13:08:32+00:00\",\"breadcrumb\":{\"@id\":\"https:\\\/\\\/csefrs.lifemoz.com\\\/fr\\\/publications\\\/levaluation-de-la-recherche-scientifique-enjeux-methodes-et-instruments\\\/#breadcrumb\"},\"inLanguage\":\"fr-FR\",\"potentialAction\":[{\"@type\":\"ReadAction\",\"target\":[\"https:\\\/\\\/csefrs.lifemoz.com\\\/fr\\\/publications\\\/levaluation-de-la-recherche-scientifique-enjeux-methodes-et-instruments\\\/\"]}]},{\"@type\":\"ImageObject\",\"inLanguage\":\"fr-FR\",\"@id\":\"https:\\\/\\\/csefrs.lifemoz.com\\\/fr\\\/publications\\\/levaluation-de-la-recherche-scientifique-enjeux-methodes-et-instruments\\\/#primaryimage\",\"url\":\"https:\\\/\\\/csefrs.lifemoz.com\\\/wp-content\\\/uploads\\\/2025\\\/12\\\/Actes-du-colloque-2017-6-11-2018-1.jpg\",\"contentUrl\":\"https:\\\/\\\/csefrs.lifemoz.com\\\/wp-content\\\/uploads\\\/2025\\\/12\\\/Actes-du-colloque-2017-6-11-2018-1.jpg\",\"width\":725,\"height\":1024},{\"@type\":\"BreadcrumbList\",\"@id\":\"https:\\\/\\\/csefrs.lifemoz.com\\\/fr\\\/publications\\\/levaluation-de-la-recherche-scientifique-enjeux-methodes-et-instruments\\\/#breadcrumb\",\"itemListElement\":[{\"@type\":\"ListItem\",\"position\":1,\"name\":\"Accueil\",\"item\":\"https:\\\/\\\/csefrs.lifemoz.com\\\/fr\\\/\"},{\"@type\":\"ListItem\",\"position\":2,\"name\":\"Publications\",\"item\":\"https:\\\/\\\/csefrs.lifemoz.com\\\/\u0627\u0644\u0645\u0646\u0634\u0648\u0631\u0627\u062a\\\/\"},{\"@type\":\"ListItem\",\"position\":3,\"name\":\"L\u2019\u00e9valuation de la recherche scientifique : Enjeux, m\u00e9thodes et instruments\"}]},{\"@type\":\"WebSite\",\"@id\":\"https:\\\/\\\/csefrs.lifemoz.com\\\/#website\",\"url\":\"https:\\\/\\\/csefrs.lifemoz.com\\\/\",\"name\":\"Conseil sup\u00e9rieur de l\u2019\u00e9ducation, de la formation et de la recherche scientifique\",\"description\":\"\",\"potentialAction\":[{\"@type\":\"SearchAction\",\"target\":{\"@type\":\"EntryPoint\",\"urlTemplate\":\"https:\\\/\\\/csefrs.lifemoz.com\\\/?s={search_term_string}\"},\"query-input\":{\"@type\":\"PropertyValueSpecification\",\"valueRequired\":true,\"valueName\":\"search_term_string\"}}],\"inLanguage\":\"fr-FR\"}]}<\/script>\n<!-- \/ Yoast SEO plugin. -->","yoast_head_json":{"title":"L\u2019\u00e9valuation de la recherche scientifique : Enjeux, m\u00e9thodes et instruments - Conseil sup\u00e9rieur de l\u2019\u00e9ducation, de la formation et de la recherche scientifique","robots":{"index":"noindex","follow":"follow","max-snippet":"max-snippet:-1","max-image-preview":"max-image-preview:large","max-video-preview":"max-video-preview:-1"},"og_locale":"fr_FR","og_type":"article","og_title":"L\u2019\u00e9valuation de la recherche scientifique : Enjeux, m\u00e9thodes et instruments - Conseil sup\u00e9rieur de l\u2019\u00e9ducation, de la formation et de la recherche scientifique","og_description":"S\u2019inscrivant dans le cadre de la Vision Strat\u00e9gique 2015-2030 pour la r\u00e9forme du syst\u00e8me d\u2019\u00e9ducation, de formation et de recherche scientifique au Maroc, l\u2019Instance Nationale d\u2019Evaluation (INE) aupr\u00e8s du Conseil Sup\u00e9rieur de l\u2019Education de Formation et de la Recherche Scientifique (CSEFRS), organise les 6 et 7 d\u00e9cembre 2017 un colloque international sur le th\u00e8me :&hellip;","og_url":"https:\/\/csefrs.lifemoz.com\/fr\/publications\/levaluation-de-la-recherche-scientifique-enjeux-methodes-et-instruments\/","og_site_name":"Conseil sup\u00e9rieur de l\u2019\u00e9ducation, de la formation et de la recherche scientifique","article_modified_time":"2026-02-08T13:08:32+00:00","og_image":[{"width":725,"height":1024,"url":"https:\/\/csefrs.lifemoz.com\/wp-content\/uploads\/2025\/12\/Actes-du-colloque-2017-6-11-2018-1.jpg","type":"image\/jpeg"}],"twitter_card":"summary_large_image","twitter_misc":{"Dur\u00e9e de lecture estim\u00e9e":"1 minute"},"schema":{"@context":"https:\/\/schema.org","@graph":[{"@type":"WebPage","@id":"https:\/\/csefrs.lifemoz.com\/fr\/publications\/levaluation-de-la-recherche-scientifique-enjeux-methodes-et-instruments\/","url":"https:\/\/csefrs.lifemoz.com\/fr\/publications\/levaluation-de-la-recherche-scientifique-enjeux-methodes-et-instruments\/","name":"L\u2019\u00e9valuation de la recherche scientifique : Enjeux, m\u00e9thodes et instruments - Conseil sup\u00e9rieur de l\u2019\u00e9ducation, de la formation et de la recherche scientifique","isPartOf":{"@id":"https:\/\/csefrs.lifemoz.com\/#website"},"primaryImageOfPage":{"@id":"https:\/\/csefrs.lifemoz.com\/fr\/publications\/levaluation-de-la-recherche-scientifique-enjeux-methodes-et-instruments\/#primaryimage"},"image":{"@id":"https:\/\/csefrs.lifemoz.com\/fr\/publications\/levaluation-de-la-recherche-scientifique-enjeux-methodes-et-instruments\/#primaryimage"},"thumbnailUrl":"https:\/\/csefrs.lifemoz.com\/wp-content\/uploads\/2025\/12\/Actes-du-colloque-2017-6-11-2018-1.jpg","datePublished":"2018-12-05T23:00:00+00:00","dateModified":"2026-02-08T13:08:32+00:00","breadcrumb":{"@id":"https:\/\/csefrs.lifemoz.com\/fr\/publications\/levaluation-de-la-recherche-scientifique-enjeux-methodes-et-instruments\/#breadcrumb"},"inLanguage":"fr-FR","potentialAction":[{"@type":"ReadAction","target":["https:\/\/csefrs.lifemoz.com\/fr\/publications\/levaluation-de-la-recherche-scientifique-enjeux-methodes-et-instruments\/"]}]},{"@type":"ImageObject","inLanguage":"fr-FR","@id":"https:\/\/csefrs.lifemoz.com\/fr\/publications\/levaluation-de-la-recherche-scientifique-enjeux-methodes-et-instruments\/#primaryimage","url":"https:\/\/csefrs.lifemoz.com\/wp-content\/uploads\/2025\/12\/Actes-du-colloque-2017-6-11-2018-1.jpg","contentUrl":"https:\/\/csefrs.lifemoz.com\/wp-content\/uploads\/2025\/12\/Actes-du-colloque-2017-6-11-2018-1.jpg","width":725,"height":1024},{"@type":"BreadcrumbList","@id":"https:\/\/csefrs.lifemoz.com\/fr\/publications\/levaluation-de-la-recherche-scientifique-enjeux-methodes-et-instruments\/#breadcrumb","itemListElement":[{"@type":"ListItem","position":1,"name":"Accueil","item":"https:\/\/csefrs.lifemoz.com\/fr\/"},{"@type":"ListItem","position":2,"name":"Publications","item":"https:\/\/csefrs.lifemoz.com\/\u0627\u0644\u0645\u0646\u0634\u0648\u0631\u0627\u062a\/"},{"@type":"ListItem","position":3,"name":"L\u2019\u00e9valuation de la recherche scientifique : Enjeux, m\u00e9thodes et instruments"}]},{"@type":"WebSite","@id":"https:\/\/csefrs.lifemoz.com\/#website","url":"https:\/\/csefrs.lifemoz.com\/","name":"Conseil sup\u00e9rieur de l\u2019\u00e9ducation, de la formation et de la recherche scientifique","description":"","potentialAction":[{"@type":"SearchAction","target":{"@type":"EntryPoint","urlTemplate":"https:\/\/csefrs.lifemoz.com\/?s={search_term_string}"},"query-input":{"@type":"PropertyValueSpecification","valueRequired":true,"valueName":"search_term_string"}}],"inLanguage":"fr-FR"}]}},"_links":{"self":[{"href":"https:\/\/csefrs.lifemoz.com\/fr\/wp-json\/wp\/v2\/product\/37537","targetHints":{"allow":["GET"]}}],"collection":[{"href":"https:\/\/csefrs.lifemoz.com\/fr\/wp-json\/wp\/v2\/product"}],"about":[{"href":"https:\/\/csefrs.lifemoz.com\/fr\/wp-json\/wp\/v2\/types\/product"}],"wp:featuredmedia":[{"embeddable":true,"href":"https:\/\/csefrs.lifemoz.com\/fr\/wp-json\/wp\/v2\/media\/36414"}],"wp:attachment":[{"href":"https:\/\/csefrs.lifemoz.com\/fr\/wp-json\/wp\/v2\/media?parent=37537"}],"wp:term":[{"taxonomy":"product_brand","embeddable":true,"href":"https:\/\/csefrs.lifemoz.com\/fr\/wp-json\/wp\/v2\/product_brand?post=37537"},{"taxonomy":"product_cat","embeddable":true,"href":"https:\/\/csefrs.lifemoz.com\/fr\/wp-json\/wp\/v2\/product_cat?post=37537"},{"taxonomy":"product_tag","embeddable":true,"href":"https:\/\/csefrs.lifemoz.com\/fr\/wp-json\/wp\/v2\/product_tag?post=37537"}],"curies":[{"name":"wp","href":"https:\/\/api.w.org\/{rel}","templated":true}]}}