{"id":37533,"date":"2018-10-01T00:00:00","date_gmt":"2018-09-30T23:00:00","guid":{"rendered":"https:\/\/csefrs.lifemoz.com\/\u0627\u0644\u0645\u0646\u0634\u0648\u0631\u0627\u062a\/atlas-territorial-de-lenseignement-prive\/"},"modified":"2026-02-08T14:08:33","modified_gmt":"2026-02-08T13:08:33","slug":"atlas-territorial-de-lenseignement-prive","status":"publish","type":"product","link":"https:\/\/csefrs.lifemoz.com\/fr\/publications\/atlas-territorial-de-lenseignement-prive\/","title":{"rendered":"Atlas territorial de l&rsquo;enseignement priv\u00e9"},"content":{"rendered":"<div align=\"justify\">\n<p>\u00ab\u00a0Faisant suite \u00e0 la publication, par l\u2019Instance Nationale de l\u2019\u00c9valuation (INE), de la premi\u00e8re \u00e9dition de l\u2019Atlas territorial qui a approch\u00e9 les disparit\u00e9s en termes d\u2019acc\u00e8s \u00e0 l\u2019\u00e9ducation, la seconde \u00e9dition de cet Atlas aborde la th\u00e9matique de l\u2019enseignement priv\u00e9. Apr\u00e8s une analyse comparative men\u00e9e \u00e0 travers un benchmark international, un aper\u00e7u historique retrace l\u2019\u00e9volution de l\u2019enseignement priv\u00e9 depuis l\u2019ind\u00e9pendance. Couvrant \u00e0 la fois les niveaux r\u00e9gional, provincial et communal, cet Atlas pr\u00e9sente, pour la premi\u00e8re fois, un d\u00e9cryptage territorial de la g\u00e9olocalisation de l\u2019enseignement priv\u00e9 durant les dix derni\u00e8res ann\u00e9es et met en exergue la concentration de ce type d\u2019enseignement.<br \/>\n&nbsp;<br \/>\n<a class=\"download-button-intern-fr\" href=\"https:\/\/csefrs.lifemoz.com\/wp-content\/uploads\/2018\/10\/Atlas-territorial-2018-V-FR.pdf\" target=\"_blank\" rel=\"noopener\">T\u00e9l\u00e9charger l&rsquo;atlas<\/a><\/p>\n<\/div>\n","protected":false},"excerpt":{"rendered":"<p>\u00ab\u00a0Faisant suite \u00e0 la publication, par l\u2019Instance Nationale de l\u2019\u00c9valuation (INE), de la premi\u00e8re \u00e9dition de l\u2019Atlas territorial qui a approch\u00e9 les disparit\u00e9s en termes d\u2019acc\u00e8s \u00e0 l\u2019\u00e9ducation, la seconde \u00e9dition de cet Atlas aborde la th\u00e9matique de l\u2019enseignement priv\u00e9. Apr\u00e8s une analyse comparative men\u00e9e \u00e0 travers un benchmark international, un aper\u00e7u historique retrace l\u2019\u00e9volution&hellip;<\/p>\n","protected":false},"featured_media":37127,"template":"","meta":[],"product_brand":[],"product_cat":[506],"product_tag":[],"class_list":{"0":"post-37533","1":"product","2":"type-product","3":"status-publish","4":"has-post-thumbnail","6":"product_cat-rapports-devaluation-etudes","7":"description-off","9":"first","10":"instock","11":"downloadable","12":"virtual","13":"sold-individually","14":"purchasable","15":"product-type-simple"},"yoast_head":"<!-- This site is optimized with the Yoast SEO plugin v27.5 - https:\/\/yoast.com\/product\/yoast-seo-wordpress\/ -->\n<title>Atlas territorial de l&#039;enseignement priv\u00e9 - Conseil sup\u00e9rieur de l\u2019\u00e9ducation, de la formation et de la recherche scientifique<\/title>\n<meta name=\"robots\" content=\"noindex, follow, max-snippet:-1, max-image-preview:large, max-video-preview:-1\" \/>\n<meta property=\"og:locale\" content=\"fr_FR\" \/>\n<meta property=\"og:type\" content=\"article\" \/>\n<meta property=\"og:title\" content=\"Atlas territorial de l&#039;enseignement priv\u00e9 - Conseil sup\u00e9rieur de l\u2019\u00e9ducation, de la formation et de la recherche scientifique\" \/>\n<meta property=\"og:description\" content=\"\u00ab\u00a0Faisant suite \u00e0 la publication, par l\u2019Instance Nationale de l\u2019\u00c9valuation (INE), de la premi\u00e8re \u00e9dition de l\u2019Atlas territorial qui a approch\u00e9 les disparit\u00e9s en termes d\u2019acc\u00e8s \u00e0 l\u2019\u00e9ducation, la seconde \u00e9dition de cet Atlas aborde la th\u00e9matique de l\u2019enseignement priv\u00e9. Apr\u00e8s une analyse comparative men\u00e9e \u00e0 travers un benchmark international, un aper\u00e7u historique retrace l\u2019\u00e9volution&hellip;\" \/>\n<meta property=\"og:url\" content=\"https:\/\/csefrs.lifemoz.com\/fr\/publications\/atlas-territorial-de-lenseignement-prive\/\" \/>\n<meta property=\"og:site_name\" content=\"Conseil sup\u00e9rieur de l\u2019\u00e9ducation, de la formation et de la recherche scientifique\" \/>\n<meta property=\"article:modified_time\" content=\"2026-02-08T13:08:33+00:00\" \/>\n<meta property=\"og:image\" content=\"https:\/\/csefrs.lifemoz.com\/wp-content\/uploads\/2025\/12\/Atlas-territorial-2018-V-FR-1.jpg\" \/>\n\t<meta property=\"og:image:width\" content=\"800\" \/>\n\t<meta property=\"og:image:height\" content=\"576\" \/>\n\t<meta property=\"og:image:type\" content=\"image\/jpeg\" \/>\n<meta name=\"twitter:card\" content=\"summary_large_image\" \/>\n<meta name=\"twitter:label1\" content=\"Dur\u00e9e de lecture estim\u00e9e\" \/>\n\t<meta name=\"twitter:data1\" content=\"1 minute\" \/>\n<script type=\"application\/ld+json\" class=\"yoast-schema-graph\">{\"@context\":\"https:\\\/\\\/schema.org\",\"@graph\":[{\"@type\":\"WebPage\",\"@id\":\"https:\\\/\\\/csefrs.lifemoz.com\\\/fr\\\/publications\\\/atlas-territorial-de-lenseignement-prive\\\/\",\"url\":\"https:\\\/\\\/csefrs.lifemoz.com\\\/fr\\\/publications\\\/atlas-territorial-de-lenseignement-prive\\\/\",\"name\":\"Atlas territorial de l'enseignement priv\u00e9 - Conseil sup\u00e9rieur de l\u2019\u00e9ducation, de la formation et de la recherche scientifique\",\"isPartOf\":{\"@id\":\"https:\\\/\\\/csefrs.lifemoz.com\\\/#website\"},\"primaryImageOfPage\":{\"@id\":\"https:\\\/\\\/csefrs.lifemoz.com\\\/fr\\\/publications\\\/atlas-territorial-de-lenseignement-prive\\\/#primaryimage\"},\"image\":{\"@id\":\"https:\\\/\\\/csefrs.lifemoz.com\\\/fr\\\/publications\\\/atlas-territorial-de-lenseignement-prive\\\/#primaryimage\"},\"thumbnailUrl\":\"https:\\\/\\\/csefrs.lifemoz.com\\\/wp-content\\\/uploads\\\/2025\\\/12\\\/Atlas-territorial-2018-V-FR-1.jpg\",\"datePublished\":\"2018-09-30T23:00:00+00:00\",\"dateModified\":\"2026-02-08T13:08:33+00:00\",\"breadcrumb\":{\"@id\":\"https:\\\/\\\/csefrs.lifemoz.com\\\/fr\\\/publications\\\/atlas-territorial-de-lenseignement-prive\\\/#breadcrumb\"},\"inLanguage\":\"fr-FR\",\"potentialAction\":[{\"@type\":\"ReadAction\",\"target\":[\"https:\\\/\\\/csefrs.lifemoz.com\\\/fr\\\/publications\\\/atlas-territorial-de-lenseignement-prive\\\/\"]}]},{\"@type\":\"ImageObject\",\"inLanguage\":\"fr-FR\",\"@id\":\"https:\\\/\\\/csefrs.lifemoz.com\\\/fr\\\/publications\\\/atlas-territorial-de-lenseignement-prive\\\/#primaryimage\",\"url\":\"https:\\\/\\\/csefrs.lifemoz.com\\\/wp-content\\\/uploads\\\/2025\\\/12\\\/Atlas-territorial-2018-V-FR-1.jpg\",\"contentUrl\":\"https:\\\/\\\/csefrs.lifemoz.com\\\/wp-content\\\/uploads\\\/2025\\\/12\\\/Atlas-territorial-2018-V-FR-1.jpg\",\"width\":800,\"height\":576},{\"@type\":\"BreadcrumbList\",\"@id\":\"https:\\\/\\\/csefrs.lifemoz.com\\\/fr\\\/publications\\\/atlas-territorial-de-lenseignement-prive\\\/#breadcrumb\",\"itemListElement\":[{\"@type\":\"ListItem\",\"position\":1,\"name\":\"Accueil\",\"item\":\"https:\\\/\\\/csefrs.lifemoz.com\\\/fr\\\/\"},{\"@type\":\"ListItem\",\"position\":2,\"name\":\"Publications\",\"item\":\"https:\\\/\\\/csefrs.lifemoz.com\\\/\u0627\u0644\u0645\u0646\u0634\u0648\u0631\u0627\u062a\\\/\"},{\"@type\":\"ListItem\",\"position\":3,\"name\":\"Atlas territorial de l&rsquo;enseignement priv\u00e9\"}]},{\"@type\":\"WebSite\",\"@id\":\"https:\\\/\\\/csefrs.lifemoz.com\\\/#website\",\"url\":\"https:\\\/\\\/csefrs.lifemoz.com\\\/\",\"name\":\"Conseil sup\u00e9rieur de l\u2019\u00e9ducation, de la formation et de la recherche scientifique\",\"description\":\"\",\"potentialAction\":[{\"@type\":\"SearchAction\",\"target\":{\"@type\":\"EntryPoint\",\"urlTemplate\":\"https:\\\/\\\/csefrs.lifemoz.com\\\/?s={search_term_string}\"},\"query-input\":{\"@type\":\"PropertyValueSpecification\",\"valueRequired\":true,\"valueName\":\"search_term_string\"}}],\"inLanguage\":\"fr-FR\"}]}<\/script>\n<!-- \/ Yoast SEO plugin. -->","yoast_head_json":{"title":"Atlas territorial de l'enseignement priv\u00e9 - Conseil sup\u00e9rieur de l\u2019\u00e9ducation, de la formation et de la recherche scientifique","robots":{"index":"noindex","follow":"follow","max-snippet":"max-snippet:-1","max-image-preview":"max-image-preview:large","max-video-preview":"max-video-preview:-1"},"og_locale":"fr_FR","og_type":"article","og_title":"Atlas territorial de l'enseignement priv\u00e9 - Conseil sup\u00e9rieur de l\u2019\u00e9ducation, de la formation et de la recherche scientifique","og_description":"\u00ab\u00a0Faisant suite \u00e0 la publication, par l\u2019Instance Nationale de l\u2019\u00c9valuation (INE), de la premi\u00e8re \u00e9dition de l\u2019Atlas territorial qui a approch\u00e9 les disparit\u00e9s en termes d\u2019acc\u00e8s \u00e0 l\u2019\u00e9ducation, la seconde \u00e9dition de cet Atlas aborde la th\u00e9matique de l\u2019enseignement priv\u00e9. Apr\u00e8s une analyse comparative men\u00e9e \u00e0 travers un benchmark international, un aper\u00e7u historique retrace l\u2019\u00e9volution&hellip;","og_url":"https:\/\/csefrs.lifemoz.com\/fr\/publications\/atlas-territorial-de-lenseignement-prive\/","og_site_name":"Conseil sup\u00e9rieur de l\u2019\u00e9ducation, de la formation et de la recherche scientifique","article_modified_time":"2026-02-08T13:08:33+00:00","og_image":[{"width":800,"height":576,"url":"https:\/\/csefrs.lifemoz.com\/wp-content\/uploads\/2025\/12\/Atlas-territorial-2018-V-FR-1.jpg","type":"image\/jpeg"}],"twitter_card":"summary_large_image","twitter_misc":{"Dur\u00e9e de lecture estim\u00e9e":"1 minute"},"schema":{"@context":"https:\/\/schema.org","@graph":[{"@type":"WebPage","@id":"https:\/\/csefrs.lifemoz.com\/fr\/publications\/atlas-territorial-de-lenseignement-prive\/","url":"https:\/\/csefrs.lifemoz.com\/fr\/publications\/atlas-territorial-de-lenseignement-prive\/","name":"Atlas territorial de l'enseignement priv\u00e9 - Conseil sup\u00e9rieur de l\u2019\u00e9ducation, de la formation et de la recherche scientifique","isPartOf":{"@id":"https:\/\/csefrs.lifemoz.com\/#website"},"primaryImageOfPage":{"@id":"https:\/\/csefrs.lifemoz.com\/fr\/publications\/atlas-territorial-de-lenseignement-prive\/#primaryimage"},"image":{"@id":"https:\/\/csefrs.lifemoz.com\/fr\/publications\/atlas-territorial-de-lenseignement-prive\/#primaryimage"},"thumbnailUrl":"https:\/\/csefrs.lifemoz.com\/wp-content\/uploads\/2025\/12\/Atlas-territorial-2018-V-FR-1.jpg","datePublished":"2018-09-30T23:00:00+00:00","dateModified":"2026-02-08T13:08:33+00:00","breadcrumb":{"@id":"https:\/\/csefrs.lifemoz.com\/fr\/publications\/atlas-territorial-de-lenseignement-prive\/#breadcrumb"},"inLanguage":"fr-FR","potentialAction":[{"@type":"ReadAction","target":["https:\/\/csefrs.lifemoz.com\/fr\/publications\/atlas-territorial-de-lenseignement-prive\/"]}]},{"@type":"ImageObject","inLanguage":"fr-FR","@id":"https:\/\/csefrs.lifemoz.com\/fr\/publications\/atlas-territorial-de-lenseignement-prive\/#primaryimage","url":"https:\/\/csefrs.lifemoz.com\/wp-content\/uploads\/2025\/12\/Atlas-territorial-2018-V-FR-1.jpg","contentUrl":"https:\/\/csefrs.lifemoz.com\/wp-content\/uploads\/2025\/12\/Atlas-territorial-2018-V-FR-1.jpg","width":800,"height":576},{"@type":"BreadcrumbList","@id":"https:\/\/csefrs.lifemoz.com\/fr\/publications\/atlas-territorial-de-lenseignement-prive\/#breadcrumb","itemListElement":[{"@type":"ListItem","position":1,"name":"Accueil","item":"https:\/\/csefrs.lifemoz.com\/fr\/"},{"@type":"ListItem","position":2,"name":"Publications","item":"https:\/\/csefrs.lifemoz.com\/\u0627\u0644\u0645\u0646\u0634\u0648\u0631\u0627\u062a\/"},{"@type":"ListItem","position":3,"name":"Atlas territorial de l&rsquo;enseignement priv\u00e9"}]},{"@type":"WebSite","@id":"https:\/\/csefrs.lifemoz.com\/#website","url":"https:\/\/csefrs.lifemoz.com\/","name":"Conseil sup\u00e9rieur de l\u2019\u00e9ducation, de la formation et de la recherche scientifique","description":"","potentialAction":[{"@type":"SearchAction","target":{"@type":"EntryPoint","urlTemplate":"https:\/\/csefrs.lifemoz.com\/?s={search_term_string}"},"query-input":{"@type":"PropertyValueSpecification","valueRequired":true,"valueName":"search_term_string"}}],"inLanguage":"fr-FR"}]}},"_links":{"self":[{"href":"https:\/\/csefrs.lifemoz.com\/fr\/wp-json\/wp\/v2\/product\/37533","targetHints":{"allow":["GET"]}}],"collection":[{"href":"https:\/\/csefrs.lifemoz.com\/fr\/wp-json\/wp\/v2\/product"}],"about":[{"href":"https:\/\/csefrs.lifemoz.com\/fr\/wp-json\/wp\/v2\/types\/product"}],"wp:featuredmedia":[{"embeddable":true,"href":"https:\/\/csefrs.lifemoz.com\/fr\/wp-json\/wp\/v2\/media\/37127"}],"wp:attachment":[{"href":"https:\/\/csefrs.lifemoz.com\/fr\/wp-json\/wp\/v2\/media?parent=37533"}],"wp:term":[{"taxonomy":"product_brand","embeddable":true,"href":"https:\/\/csefrs.lifemoz.com\/fr\/wp-json\/wp\/v2\/product_brand?post=37533"},{"taxonomy":"product_cat","embeddable":true,"href":"https:\/\/csefrs.lifemoz.com\/fr\/wp-json\/wp\/v2\/product_cat?post=37533"},{"taxonomy":"product_tag","embeddable":true,"href":"https:\/\/csefrs.lifemoz.com\/fr\/wp-json\/wp\/v2\/product_tag?post=37533"}],"curies":[{"name":"wp","href":"https:\/\/api.w.org\/{rel}","templated":true}]}}