{"id":37531,"date":"2018-05-28T00:00:00","date_gmt":"2018-05-28T00:00:00","guid":{"rendered":"https:\/\/csefrs.lifemoz.com\/\u0627\u0644\u0645\u0646\u0634\u0648\u0631\u0627\u062a\/resultats-des-eleves-marocains-en-mathematiques-et-en-sciences-dans-un-contexte-international-timss-2015\/"},"modified":"2026-02-08T14:08:33","modified_gmt":"2026-02-08T13:08:33","slug":"resultats-des-eleves-marocains-en-mathematiques-et-en-sciences-dans-un-contexte-international-timss-2015","status":"publish","type":"product","link":"https:\/\/csefrs.lifemoz.com\/fr\/publications\/resultats-des-eleves-marocains-en-mathematiques-et-en-sciences-dans-un-contexte-international-timss-2015\/","title":{"rendered":"R\u00e9sultats des \u00e9l\u00e8ves marocains en math\u00e9matiques et en sciences dans un contexte international TIMSS 2015"},"content":{"rendered":"<div align=\"justify\">TIMSS est une \u00e9tude internationale qui \u00e9value les acquis des \u00e9l\u00e8ves en math\u00e9matiques et en sciences et informe sur la qualit\u00e9 de la formation et sur la performance des syst\u00e8mes \u00e9ducatifs. Avec une p\u00e9riodicit\u00e9 de quatre ans, la premi\u00e8re \u00e9valuation a \u00e9t\u00e9 conduite en 1995 et la derni\u00e8re a eu lieu en 2015. Plusieurs pays \u00e0 travers le monde y prennent part, dont le Maroc qui a particip\u00e9 pour la premi\u00e8re fois en 1999.<\/div>\n<div align=\"justify\">Le rapport \u00ab\u00a0TIMSS 2015, R\u00e9sultats des \u00e9l\u00e8ves marocains en math\u00e9matiques et en sciences dans un contexte international\u00a0\u00bb se veut une analyse des performances scolaires des \u00e9l\u00e8ves marocains \u00e0 l&rsquo;aune des r\u00e9sultats de TIMSS 2015. Cette analyse comporte une description d\u00e9taill\u00e9e des scores moyens des \u00e9l\u00e8ves marocains selon leurs caract\u00e9ristiques personnelles, scolaires et familiales, ainsi qu&rsquo;en fonction des caract\u00e9ristiques de leurs enseignants et directeurs, de l&rsquo;environnement de l&rsquo;\u00e9tablissement et des activit\u00e9s d&rsquo;apprentissage. Ensuite, une mod\u00e9lisation multi-niveaux est effectu\u00e9e permettant ainsi de d\u00e9celer les principaux facteurs explicatifs des acquis des \u00e9l\u00e8ves.<\/p>\n<p>&nbsp;<br \/>\n<a class=\"download-button-intern-fr\" href=\"https:\/\/csefrs.lifemoz.com\/wp-content\/uploads\/2018\/06\/TIMSS-Version-Fr-26-05-2018.pdf\" target=\"_blank\" rel=\"noopener\">T\u00e9l\u00e9charger le rapport th\u00e9matique<\/a><\/p>\n<\/div>\n","protected":false},"excerpt":{"rendered":"<p>TIMSS est une \u00e9tude internationale qui \u00e9value les acquis des \u00e9l\u00e8ves en math\u00e9matiques et en sciences et informe sur la qualit\u00e9 de la formation et sur la performance des syst\u00e8mes \u00e9ducatifs. Avec une p\u00e9riodicit\u00e9 de quatre ans, la premi\u00e8re \u00e9valuation a \u00e9t\u00e9 conduite en 1995 et la derni\u00e8re a eu lieu en 2015. Plusieurs pays&hellip;<\/p>\n","protected":false},"featured_media":37126,"template":"","meta":[],"product_brand":[],"product_cat":[505,506],"product_tag":[],"class_list":{"0":"post-37531","1":"product","2":"type-product","3":"status-publish","4":"has-post-thumbnail","6":"product_cat-rapports","7":"product_cat-rapports-devaluation-etudes","8":"description-off","10":"first","11":"instock","12":"downloadable","13":"virtual","14":"sold-individually","15":"purchasable","16":"product-type-simple"},"yoast_head":"<!-- This site is optimized with the Yoast SEO plugin v27.5 - https:\/\/yoast.com\/product\/yoast-seo-wordpress\/ -->\n<title>R\u00e9sultats des \u00e9l\u00e8ves marocains en math\u00e9matiques et en sciences dans un contexte international TIMSS 2015 - Conseil sup\u00e9rieur de l\u2019\u00e9ducation, de la formation et de la recherche scientifique<\/title>\n<meta name=\"robots\" content=\"noindex, follow, max-snippet:-1, max-image-preview:large, max-video-preview:-1\" \/>\n<meta property=\"og:locale\" content=\"fr_FR\" \/>\n<meta property=\"og:type\" content=\"article\" \/>\n<meta property=\"og:title\" content=\"R\u00e9sultats des \u00e9l\u00e8ves marocains en math\u00e9matiques et en sciences dans un contexte international TIMSS 2015 - Conseil sup\u00e9rieur de l\u2019\u00e9ducation, de la formation et de la recherche scientifique\" \/>\n<meta property=\"og:description\" content=\"TIMSS est une \u00e9tude internationale qui \u00e9value les acquis des \u00e9l\u00e8ves en math\u00e9matiques et en sciences et informe sur la qualit\u00e9 de la formation et sur la performance des syst\u00e8mes \u00e9ducatifs. Avec une p\u00e9riodicit\u00e9 de quatre ans, la premi\u00e8re \u00e9valuation a \u00e9t\u00e9 conduite en 1995 et la derni\u00e8re a eu lieu en 2015. Plusieurs pays&hellip;\" \/>\n<meta property=\"og:url\" content=\"https:\/\/csefrs.lifemoz.com\/fr\/publications\/resultats-des-eleves-marocains-en-mathematiques-et-en-sciences-dans-un-contexte-international-timss-2015\/\" \/>\n<meta property=\"og:site_name\" content=\"Conseil sup\u00e9rieur de l\u2019\u00e9ducation, de la formation et de la recherche scientifique\" \/>\n<meta property=\"article:modified_time\" content=\"2026-02-08T13:08:33+00:00\" \/>\n<meta property=\"og:image\" content=\"https:\/\/csefrs.lifemoz.com\/wp-content\/uploads\/2025\/12\/TIMSS-Version-Fr-26-05-2018-1.jpg\" \/>\n\t<meta property=\"og:image:width\" content=\"724\" \/>\n\t<meta property=\"og:image:height\" content=\"1024\" \/>\n\t<meta property=\"og:image:type\" content=\"image\/jpeg\" \/>\n<meta name=\"twitter:card\" content=\"summary_large_image\" \/>\n<meta name=\"twitter:label1\" content=\"Dur\u00e9e de lecture estim\u00e9e\" \/>\n\t<meta name=\"twitter:data1\" content=\"1 minute\" \/>\n<script type=\"application\/ld+json\" class=\"yoast-schema-graph\">{\"@context\":\"https:\\\/\\\/schema.org\",\"@graph\":[{\"@type\":\"WebPage\",\"@id\":\"https:\\\/\\\/csefrs.lifemoz.com\\\/fr\\\/publications\\\/resultats-des-eleves-marocains-en-mathematiques-et-en-sciences-dans-un-contexte-international-timss-2015\\\/\",\"url\":\"https:\\\/\\\/csefrs.lifemoz.com\\\/fr\\\/publications\\\/resultats-des-eleves-marocains-en-mathematiques-et-en-sciences-dans-un-contexte-international-timss-2015\\\/\",\"name\":\"R\u00e9sultats des \u00e9l\u00e8ves marocains en math\u00e9matiques et en sciences dans un contexte international TIMSS 2015 - Conseil sup\u00e9rieur de l\u2019\u00e9ducation, de la formation et de la recherche scientifique\",\"isPartOf\":{\"@id\":\"https:\\\/\\\/csefrs.lifemoz.com\\\/#website\"},\"primaryImageOfPage\":{\"@id\":\"https:\\\/\\\/csefrs.lifemoz.com\\\/fr\\\/publications\\\/resultats-des-eleves-marocains-en-mathematiques-et-en-sciences-dans-un-contexte-international-timss-2015\\\/#primaryimage\"},\"image\":{\"@id\":\"https:\\\/\\\/csefrs.lifemoz.com\\\/fr\\\/publications\\\/resultats-des-eleves-marocains-en-mathematiques-et-en-sciences-dans-un-contexte-international-timss-2015\\\/#primaryimage\"},\"thumbnailUrl\":\"https:\\\/\\\/csefrs.lifemoz.com\\\/wp-content\\\/uploads\\\/2025\\\/12\\\/TIMSS-Version-Fr-26-05-2018-1.jpg\",\"datePublished\":\"2018-05-28T00:00:00+00:00\",\"dateModified\":\"2026-02-08T13:08:33+00:00\",\"breadcrumb\":{\"@id\":\"https:\\\/\\\/csefrs.lifemoz.com\\\/fr\\\/publications\\\/resultats-des-eleves-marocains-en-mathematiques-et-en-sciences-dans-un-contexte-international-timss-2015\\\/#breadcrumb\"},\"inLanguage\":\"fr-FR\",\"potentialAction\":[{\"@type\":\"ReadAction\",\"target\":[\"https:\\\/\\\/csefrs.lifemoz.com\\\/fr\\\/publications\\\/resultats-des-eleves-marocains-en-mathematiques-et-en-sciences-dans-un-contexte-international-timss-2015\\\/\"]}]},{\"@type\":\"ImageObject\",\"inLanguage\":\"fr-FR\",\"@id\":\"https:\\\/\\\/csefrs.lifemoz.com\\\/fr\\\/publications\\\/resultats-des-eleves-marocains-en-mathematiques-et-en-sciences-dans-un-contexte-international-timss-2015\\\/#primaryimage\",\"url\":\"https:\\\/\\\/csefrs.lifemoz.com\\\/wp-content\\\/uploads\\\/2025\\\/12\\\/TIMSS-Version-Fr-26-05-2018-1.jpg\",\"contentUrl\":\"https:\\\/\\\/csefrs.lifemoz.com\\\/wp-content\\\/uploads\\\/2025\\\/12\\\/TIMSS-Version-Fr-26-05-2018-1.jpg\",\"width\":724,\"height\":1024},{\"@type\":\"BreadcrumbList\",\"@id\":\"https:\\\/\\\/csefrs.lifemoz.com\\\/fr\\\/publications\\\/resultats-des-eleves-marocains-en-mathematiques-et-en-sciences-dans-un-contexte-international-timss-2015\\\/#breadcrumb\",\"itemListElement\":[{\"@type\":\"ListItem\",\"position\":1,\"name\":\"Accueil\",\"item\":\"https:\\\/\\\/csefrs.lifemoz.com\\\/fr\\\/\"},{\"@type\":\"ListItem\",\"position\":2,\"name\":\"Publications\",\"item\":\"https:\\\/\\\/csefrs.lifemoz.com\\\/\u0627\u0644\u0645\u0646\u0634\u0648\u0631\u0627\u062a\\\/\"},{\"@type\":\"ListItem\",\"position\":3,\"name\":\"R\u00e9sultats des \u00e9l\u00e8ves marocains en math\u00e9matiques et en sciences dans un contexte international TIMSS 2015\"}]},{\"@type\":\"WebSite\",\"@id\":\"https:\\\/\\\/csefrs.lifemoz.com\\\/#website\",\"url\":\"https:\\\/\\\/csefrs.lifemoz.com\\\/\",\"name\":\"Conseil sup\u00e9rieur de l\u2019\u00e9ducation, de la formation et de la recherche scientifique\",\"description\":\"\",\"potentialAction\":[{\"@type\":\"SearchAction\",\"target\":{\"@type\":\"EntryPoint\",\"urlTemplate\":\"https:\\\/\\\/csefrs.lifemoz.com\\\/?s={search_term_string}\"},\"query-input\":{\"@type\":\"PropertyValueSpecification\",\"valueRequired\":true,\"valueName\":\"search_term_string\"}}],\"inLanguage\":\"fr-FR\"}]}<\/script>\n<!-- \/ Yoast SEO plugin. -->","yoast_head_json":{"title":"R\u00e9sultats des \u00e9l\u00e8ves marocains en math\u00e9matiques et en sciences dans un contexte international TIMSS 2015 - Conseil sup\u00e9rieur de l\u2019\u00e9ducation, de la formation et de la recherche scientifique","robots":{"index":"noindex","follow":"follow","max-snippet":"max-snippet:-1","max-image-preview":"max-image-preview:large","max-video-preview":"max-video-preview:-1"},"og_locale":"fr_FR","og_type":"article","og_title":"R\u00e9sultats des \u00e9l\u00e8ves marocains en math\u00e9matiques et en sciences dans un contexte international TIMSS 2015 - Conseil sup\u00e9rieur de l\u2019\u00e9ducation, de la formation et de la recherche scientifique","og_description":"TIMSS est une \u00e9tude internationale qui \u00e9value les acquis des \u00e9l\u00e8ves en math\u00e9matiques et en sciences et informe sur la qualit\u00e9 de la formation et sur la performance des syst\u00e8mes \u00e9ducatifs. Avec une p\u00e9riodicit\u00e9 de quatre ans, la premi\u00e8re \u00e9valuation a \u00e9t\u00e9 conduite en 1995 et la derni\u00e8re a eu lieu en 2015. Plusieurs pays&hellip;","og_url":"https:\/\/csefrs.lifemoz.com\/fr\/publications\/resultats-des-eleves-marocains-en-mathematiques-et-en-sciences-dans-un-contexte-international-timss-2015\/","og_site_name":"Conseil sup\u00e9rieur de l\u2019\u00e9ducation, de la formation et de la recherche scientifique","article_modified_time":"2026-02-08T13:08:33+00:00","og_image":[{"width":724,"height":1024,"url":"https:\/\/csefrs.lifemoz.com\/wp-content\/uploads\/2025\/12\/TIMSS-Version-Fr-26-05-2018-1.jpg","type":"image\/jpeg"}],"twitter_card":"summary_large_image","twitter_misc":{"Dur\u00e9e de lecture estim\u00e9e":"1 minute"},"schema":{"@context":"https:\/\/schema.org","@graph":[{"@type":"WebPage","@id":"https:\/\/csefrs.lifemoz.com\/fr\/publications\/resultats-des-eleves-marocains-en-mathematiques-et-en-sciences-dans-un-contexte-international-timss-2015\/","url":"https:\/\/csefrs.lifemoz.com\/fr\/publications\/resultats-des-eleves-marocains-en-mathematiques-et-en-sciences-dans-un-contexte-international-timss-2015\/","name":"R\u00e9sultats des \u00e9l\u00e8ves marocains en math\u00e9matiques et en sciences dans un contexte international TIMSS 2015 - Conseil sup\u00e9rieur de l\u2019\u00e9ducation, de la formation et de la recherche scientifique","isPartOf":{"@id":"https:\/\/csefrs.lifemoz.com\/#website"},"primaryImageOfPage":{"@id":"https:\/\/csefrs.lifemoz.com\/fr\/publications\/resultats-des-eleves-marocains-en-mathematiques-et-en-sciences-dans-un-contexte-international-timss-2015\/#primaryimage"},"image":{"@id":"https:\/\/csefrs.lifemoz.com\/fr\/publications\/resultats-des-eleves-marocains-en-mathematiques-et-en-sciences-dans-un-contexte-international-timss-2015\/#primaryimage"},"thumbnailUrl":"https:\/\/csefrs.lifemoz.com\/wp-content\/uploads\/2025\/12\/TIMSS-Version-Fr-26-05-2018-1.jpg","datePublished":"2018-05-28T00:00:00+00:00","dateModified":"2026-02-08T13:08:33+00:00","breadcrumb":{"@id":"https:\/\/csefrs.lifemoz.com\/fr\/publications\/resultats-des-eleves-marocains-en-mathematiques-et-en-sciences-dans-un-contexte-international-timss-2015\/#breadcrumb"},"inLanguage":"fr-FR","potentialAction":[{"@type":"ReadAction","target":["https:\/\/csefrs.lifemoz.com\/fr\/publications\/resultats-des-eleves-marocains-en-mathematiques-et-en-sciences-dans-un-contexte-international-timss-2015\/"]}]},{"@type":"ImageObject","inLanguage":"fr-FR","@id":"https:\/\/csefrs.lifemoz.com\/fr\/publications\/resultats-des-eleves-marocains-en-mathematiques-et-en-sciences-dans-un-contexte-international-timss-2015\/#primaryimage","url":"https:\/\/csefrs.lifemoz.com\/wp-content\/uploads\/2025\/12\/TIMSS-Version-Fr-26-05-2018-1.jpg","contentUrl":"https:\/\/csefrs.lifemoz.com\/wp-content\/uploads\/2025\/12\/TIMSS-Version-Fr-26-05-2018-1.jpg","width":724,"height":1024},{"@type":"BreadcrumbList","@id":"https:\/\/csefrs.lifemoz.com\/fr\/publications\/resultats-des-eleves-marocains-en-mathematiques-et-en-sciences-dans-un-contexte-international-timss-2015\/#breadcrumb","itemListElement":[{"@type":"ListItem","position":1,"name":"Accueil","item":"https:\/\/csefrs.lifemoz.com\/fr\/"},{"@type":"ListItem","position":2,"name":"Publications","item":"https:\/\/csefrs.lifemoz.com\/\u0627\u0644\u0645\u0646\u0634\u0648\u0631\u0627\u062a\/"},{"@type":"ListItem","position":3,"name":"R\u00e9sultats des \u00e9l\u00e8ves marocains en math\u00e9matiques et en sciences dans un contexte international TIMSS 2015"}]},{"@type":"WebSite","@id":"https:\/\/csefrs.lifemoz.com\/#website","url":"https:\/\/csefrs.lifemoz.com\/","name":"Conseil sup\u00e9rieur de l\u2019\u00e9ducation, de la formation et de la recherche scientifique","description":"","potentialAction":[{"@type":"SearchAction","target":{"@type":"EntryPoint","urlTemplate":"https:\/\/csefrs.lifemoz.com\/?s={search_term_string}"},"query-input":{"@type":"PropertyValueSpecification","valueRequired":true,"valueName":"search_term_string"}}],"inLanguage":"fr-FR"}]}},"_links":{"self":[{"href":"https:\/\/csefrs.lifemoz.com\/fr\/wp-json\/wp\/v2\/product\/37531","targetHints":{"allow":["GET"]}}],"collection":[{"href":"https:\/\/csefrs.lifemoz.com\/fr\/wp-json\/wp\/v2\/product"}],"about":[{"href":"https:\/\/csefrs.lifemoz.com\/fr\/wp-json\/wp\/v2\/types\/product"}],"wp:featuredmedia":[{"embeddable":true,"href":"https:\/\/csefrs.lifemoz.com\/fr\/wp-json\/wp\/v2\/media\/37126"}],"wp:attachment":[{"href":"https:\/\/csefrs.lifemoz.com\/fr\/wp-json\/wp\/v2\/media?parent=37531"}],"wp:term":[{"taxonomy":"product_brand","embeddable":true,"href":"https:\/\/csefrs.lifemoz.com\/fr\/wp-json\/wp\/v2\/product_brand?post=37531"},{"taxonomy":"product_cat","embeddable":true,"href":"https:\/\/csefrs.lifemoz.com\/fr\/wp-json\/wp\/v2\/product_cat?post=37531"},{"taxonomy":"product_tag","embeddable":true,"href":"https:\/\/csefrs.lifemoz.com\/fr\/wp-json\/wp\/v2\/product_tag?post=37531"}],"curies":[{"name":"wp","href":"https:\/\/api.w.org\/{rel}","templated":true}]}}