{"id":37529,"date":"2018-05-16T00:00:00","date_gmt":"2018-05-16T00:00:00","guid":{"rendered":"https:\/\/csefrs.lifemoz.com\/\u0627\u0644\u0645\u0646\u0634\u0648\u0631\u0627\u062a\/une-ecole-de-justice-sociale\/"},"modified":"2026-02-08T14:08:34","modified_gmt":"2026-02-08T13:08:34","slug":"une-ecole-de-justice-sociale","status":"publish","type":"product","link":"https:\/\/csefrs.lifemoz.com\/fr\/publications\/une-ecole-de-justice-sociale\/","title":{"rendered":"Une \u00e9cole de justice sociale\u00a0"},"content":{"rendered":"<div align=\"justify\">\n<p>Le rapport \u00ab\u00a0Une \u00e9cole de justice sociale\u00a0\u00bb est la contribution du Conseil Sup\u00e9rieur de l\u2019Education, de la Formation et de la recherche scientifique, \u00e0 la r\u00e9flexion men\u00e9e sur le renouvellement de notre mod\u00e8le de d\u00e9veloppement afin de revisiter ce dernier vers un mod\u00e8le plus inclusif et capable de recr\u00e9er le lien social inh\u00e9rent \u00e0 toute soci\u00e9t\u00e9 juste.En effet, les in\u00e9galit\u00e9s sociales aggrav\u00e9es par les in\u00e9galit\u00e9s scolaires, tirent l\u2019ensemble de la soci\u00e9t\u00e9 vers le bas. Alors que l\u2019objectif d\u2019assurer \u00e0 tous les enfants et jeunes les conditions n\u00e9cessaires pour acc\u00e9der, en fonction de leur seul m\u00e9rite, \u00e0 une \u00e9ducation de qualit\u00e9 constitue le fondement de la Vision strat\u00e9gique 2015 -2030.<\/p>\n<p>L\u2019\u00e9volution vers une soci\u00e9t\u00e9 bas\u00e9e sur le m\u00e9rite et la justice sociale implique le desserrement du lien entre origine sociale et capital scolaire. L\u2019\u00e9ducation-formation se trouve au c\u0153ur de cette probl\u00e9matique. En d\u2019autres termes, seul le m\u00e9rite personnel devrait compter permettant par le niveau et la qualit\u00e9 de la formation de faire de l\u2019\u00e9ducation un ascenseur social.<\/p>\n<p>Rehausser la qualit\u00e9 de l\u2019\u00c9cole, ses prestations et son rendement \u00e9conomique et social sans n\u00e9gliger personne est un imp\u00e9ratif incontournable dans la perspective d\u2019un mod\u00e8le de d\u00e9veloppement humain \u00e9quitable et durable. L\u2019\u00e9ducation, en tant que socle sur lequel repose ce mod\u00e8le, exige de ne pas se d\u00e9partir de l\u2019ambition de faire progresser tous les enfants vers la r\u00e9ussite, ind\u00e9pendamment de leur origine sociale, territoriale, de leur genre ou de leur situation personnelle.<\/p>\n<p>&nbsp;<br \/>\n<a class=\"download-button-intern-fr\" href=\"https:\/\/csefrs.lifemoz.com\/wp-content\/uploads\/2018\/05\/Une-e--ducation-de-justice-sociale-FR.pdf\" target=\"_blank\" rel=\"noopener\">T\u00e9l\u00e9charger le rapport \u00ab\u00a0Une \u00e9cole de justice sociale\u00a0\u00bb<\/a><\/p>\n<\/div>\n","protected":false},"excerpt":{"rendered":"<p>Le rapport \u00ab\u00a0Une \u00e9cole de justice sociale\u00a0\u00bb est la contribution du Conseil Sup\u00e9rieur de l\u2019Education, de la Formation et de la recherche scientifique, \u00e0 la r\u00e9flexion men\u00e9e sur le renouvellement de notre mod\u00e8le de d\u00e9veloppement afin de revisiter ce dernier vers un mod\u00e8le plus inclusif et capable de recr\u00e9er le lien social inh\u00e9rent \u00e0 toute&hellip;<\/p>\n","protected":false},"featured_media":37125,"template":"","meta":[],"product_brand":[],"product_cat":[505],"product_tag":[],"class_list":{"0":"post-37529","1":"product","2":"type-product","3":"status-publish","4":"has-post-thumbnail","6":"product_cat-rapports","7":"description-off","9":"first","10":"instock","11":"downloadable","12":"virtual","13":"sold-individually","14":"purchasable","15":"product-type-simple"},"yoast_head":"<!-- This site is optimized with the Yoast SEO plugin v27.5 - https:\/\/yoast.com\/product\/yoast-seo-wordpress\/ -->\n<title>Une \u00e9cole de justice sociale\u00a0 - Conseil sup\u00e9rieur de l\u2019\u00e9ducation, de la formation et de la recherche scientifique<\/title>\n<meta name=\"robots\" content=\"noindex, follow, max-snippet:-1, max-image-preview:large, max-video-preview:-1\" \/>\n<meta property=\"og:locale\" content=\"fr_FR\" \/>\n<meta property=\"og:type\" content=\"article\" \/>\n<meta property=\"og:title\" content=\"Une \u00e9cole de justice sociale\u00a0 - Conseil sup\u00e9rieur de l\u2019\u00e9ducation, de la formation et de la recherche scientifique\" \/>\n<meta property=\"og:description\" content=\"Le rapport \u00ab\u00a0Une \u00e9cole de justice sociale\u00a0\u00bb est la contribution du Conseil Sup\u00e9rieur de l\u2019Education, de la Formation et de la recherche scientifique, \u00e0 la r\u00e9flexion men\u00e9e sur le renouvellement de notre mod\u00e8le de d\u00e9veloppement afin de revisiter ce dernier vers un mod\u00e8le plus inclusif et capable de recr\u00e9er le lien social inh\u00e9rent \u00e0 toute&hellip;\" \/>\n<meta property=\"og:url\" content=\"https:\/\/csefrs.lifemoz.com\/fr\/publications\/une-ecole-de-justice-sociale\/\" \/>\n<meta property=\"og:site_name\" content=\"Conseil sup\u00e9rieur de l\u2019\u00e9ducation, de la formation et de la recherche scientifique\" \/>\n<meta property=\"article:modified_time\" content=\"2026-02-08T13:08:34+00:00\" \/>\n<meta property=\"og:image\" content=\"https:\/\/csefrs.lifemoz.com\/wp-content\/uploads\/2025\/12\/Une-e-ducation-de-justice-sociale-FR.jpg\" \/>\n\t<meta property=\"og:image:width\" content=\"566\" \/>\n\t<meta property=\"og:image:height\" content=\"800\" \/>\n\t<meta property=\"og:image:type\" content=\"image\/jpeg\" \/>\n<meta name=\"twitter:card\" content=\"summary_large_image\" \/>\n<meta name=\"twitter:label1\" content=\"Dur\u00e9e de lecture estim\u00e9e\" \/>\n\t<meta name=\"twitter:data1\" content=\"1 minute\" \/>\n<script type=\"application\/ld+json\" class=\"yoast-schema-graph\">{\"@context\":\"https:\\\/\\\/schema.org\",\"@graph\":[{\"@type\":\"WebPage\",\"@id\":\"https:\\\/\\\/csefrs.lifemoz.com\\\/fr\\\/publications\\\/une-ecole-de-justice-sociale\\\/\",\"url\":\"https:\\\/\\\/csefrs.lifemoz.com\\\/fr\\\/publications\\\/une-ecole-de-justice-sociale\\\/\",\"name\":\"Une \u00e9cole de justice sociale\u00a0 - Conseil sup\u00e9rieur de l\u2019\u00e9ducation, de la formation et de la recherche scientifique\",\"isPartOf\":{\"@id\":\"https:\\\/\\\/csefrs.lifemoz.com\\\/#website\"},\"primaryImageOfPage\":{\"@id\":\"https:\\\/\\\/csefrs.lifemoz.com\\\/fr\\\/publications\\\/une-ecole-de-justice-sociale\\\/#primaryimage\"},\"image\":{\"@id\":\"https:\\\/\\\/csefrs.lifemoz.com\\\/fr\\\/publications\\\/une-ecole-de-justice-sociale\\\/#primaryimage\"},\"thumbnailUrl\":\"https:\\\/\\\/csefrs.lifemoz.com\\\/wp-content\\\/uploads\\\/2025\\\/12\\\/Une-e-ducation-de-justice-sociale-FR.jpg\",\"datePublished\":\"2018-05-16T00:00:00+00:00\",\"dateModified\":\"2026-02-08T13:08:34+00:00\",\"breadcrumb\":{\"@id\":\"https:\\\/\\\/csefrs.lifemoz.com\\\/fr\\\/publications\\\/une-ecole-de-justice-sociale\\\/#breadcrumb\"},\"inLanguage\":\"fr-FR\",\"potentialAction\":[{\"@type\":\"ReadAction\",\"target\":[\"https:\\\/\\\/csefrs.lifemoz.com\\\/fr\\\/publications\\\/une-ecole-de-justice-sociale\\\/\"]}]},{\"@type\":\"ImageObject\",\"inLanguage\":\"fr-FR\",\"@id\":\"https:\\\/\\\/csefrs.lifemoz.com\\\/fr\\\/publications\\\/une-ecole-de-justice-sociale\\\/#primaryimage\",\"url\":\"https:\\\/\\\/csefrs.lifemoz.com\\\/wp-content\\\/uploads\\\/2025\\\/12\\\/Une-e-ducation-de-justice-sociale-FR.jpg\",\"contentUrl\":\"https:\\\/\\\/csefrs.lifemoz.com\\\/wp-content\\\/uploads\\\/2025\\\/12\\\/Une-e-ducation-de-justice-sociale-FR.jpg\",\"width\":566,\"height\":800},{\"@type\":\"BreadcrumbList\",\"@id\":\"https:\\\/\\\/csefrs.lifemoz.com\\\/fr\\\/publications\\\/une-ecole-de-justice-sociale\\\/#breadcrumb\",\"itemListElement\":[{\"@type\":\"ListItem\",\"position\":1,\"name\":\"Accueil\",\"item\":\"https:\\\/\\\/csefrs.lifemoz.com\\\/fr\\\/\"},{\"@type\":\"ListItem\",\"position\":2,\"name\":\"Publications\",\"item\":\"https:\\\/\\\/csefrs.lifemoz.com\\\/\u0627\u0644\u0645\u0646\u0634\u0648\u0631\u0627\u062a\\\/\"},{\"@type\":\"ListItem\",\"position\":3,\"name\":\"Une \u00e9cole de justice sociale\u00a0\"}]},{\"@type\":\"WebSite\",\"@id\":\"https:\\\/\\\/csefrs.lifemoz.com\\\/#website\",\"url\":\"https:\\\/\\\/csefrs.lifemoz.com\\\/\",\"name\":\"Conseil sup\u00e9rieur de l\u2019\u00e9ducation, de la formation et de la recherche scientifique\",\"description\":\"\",\"potentialAction\":[{\"@type\":\"SearchAction\",\"target\":{\"@type\":\"EntryPoint\",\"urlTemplate\":\"https:\\\/\\\/csefrs.lifemoz.com\\\/?s={search_term_string}\"},\"query-input\":{\"@type\":\"PropertyValueSpecification\",\"valueRequired\":true,\"valueName\":\"search_term_string\"}}],\"inLanguage\":\"fr-FR\"}]}<\/script>\n<!-- \/ Yoast SEO plugin. -->","yoast_head_json":{"title":"Une \u00e9cole de justice sociale\u00a0 - Conseil sup\u00e9rieur de l\u2019\u00e9ducation, de la formation et de la recherche scientifique","robots":{"index":"noindex","follow":"follow","max-snippet":"max-snippet:-1","max-image-preview":"max-image-preview:large","max-video-preview":"max-video-preview:-1"},"og_locale":"fr_FR","og_type":"article","og_title":"Une \u00e9cole de justice sociale\u00a0 - Conseil sup\u00e9rieur de l\u2019\u00e9ducation, de la formation et de la recherche scientifique","og_description":"Le rapport \u00ab\u00a0Une \u00e9cole de justice sociale\u00a0\u00bb est la contribution du Conseil Sup\u00e9rieur de l\u2019Education, de la Formation et de la recherche scientifique, \u00e0 la r\u00e9flexion men\u00e9e sur le renouvellement de notre mod\u00e8le de d\u00e9veloppement afin de revisiter ce dernier vers un mod\u00e8le plus inclusif et capable de recr\u00e9er le lien social inh\u00e9rent \u00e0 toute&hellip;","og_url":"https:\/\/csefrs.lifemoz.com\/fr\/publications\/une-ecole-de-justice-sociale\/","og_site_name":"Conseil sup\u00e9rieur de l\u2019\u00e9ducation, de la formation et de la recherche scientifique","article_modified_time":"2026-02-08T13:08:34+00:00","og_image":[{"width":566,"height":800,"url":"https:\/\/csefrs.lifemoz.com\/wp-content\/uploads\/2025\/12\/Une-e-ducation-de-justice-sociale-FR.jpg","type":"image\/jpeg"}],"twitter_card":"summary_large_image","twitter_misc":{"Dur\u00e9e de lecture estim\u00e9e":"1 minute"},"schema":{"@context":"https:\/\/schema.org","@graph":[{"@type":"WebPage","@id":"https:\/\/csefrs.lifemoz.com\/fr\/publications\/une-ecole-de-justice-sociale\/","url":"https:\/\/csefrs.lifemoz.com\/fr\/publications\/une-ecole-de-justice-sociale\/","name":"Une \u00e9cole de justice sociale\u00a0 - Conseil sup\u00e9rieur de l\u2019\u00e9ducation, de la formation et de la recherche scientifique","isPartOf":{"@id":"https:\/\/csefrs.lifemoz.com\/#website"},"primaryImageOfPage":{"@id":"https:\/\/csefrs.lifemoz.com\/fr\/publications\/une-ecole-de-justice-sociale\/#primaryimage"},"image":{"@id":"https:\/\/csefrs.lifemoz.com\/fr\/publications\/une-ecole-de-justice-sociale\/#primaryimage"},"thumbnailUrl":"https:\/\/csefrs.lifemoz.com\/wp-content\/uploads\/2025\/12\/Une-e-ducation-de-justice-sociale-FR.jpg","datePublished":"2018-05-16T00:00:00+00:00","dateModified":"2026-02-08T13:08:34+00:00","breadcrumb":{"@id":"https:\/\/csefrs.lifemoz.com\/fr\/publications\/une-ecole-de-justice-sociale\/#breadcrumb"},"inLanguage":"fr-FR","potentialAction":[{"@type":"ReadAction","target":["https:\/\/csefrs.lifemoz.com\/fr\/publications\/une-ecole-de-justice-sociale\/"]}]},{"@type":"ImageObject","inLanguage":"fr-FR","@id":"https:\/\/csefrs.lifemoz.com\/fr\/publications\/une-ecole-de-justice-sociale\/#primaryimage","url":"https:\/\/csefrs.lifemoz.com\/wp-content\/uploads\/2025\/12\/Une-e-ducation-de-justice-sociale-FR.jpg","contentUrl":"https:\/\/csefrs.lifemoz.com\/wp-content\/uploads\/2025\/12\/Une-e-ducation-de-justice-sociale-FR.jpg","width":566,"height":800},{"@type":"BreadcrumbList","@id":"https:\/\/csefrs.lifemoz.com\/fr\/publications\/une-ecole-de-justice-sociale\/#breadcrumb","itemListElement":[{"@type":"ListItem","position":1,"name":"Accueil","item":"https:\/\/csefrs.lifemoz.com\/fr\/"},{"@type":"ListItem","position":2,"name":"Publications","item":"https:\/\/csefrs.lifemoz.com\/\u0627\u0644\u0645\u0646\u0634\u0648\u0631\u0627\u062a\/"},{"@type":"ListItem","position":3,"name":"Une \u00e9cole de justice sociale\u00a0"}]},{"@type":"WebSite","@id":"https:\/\/csefrs.lifemoz.com\/#website","url":"https:\/\/csefrs.lifemoz.com\/","name":"Conseil sup\u00e9rieur de l\u2019\u00e9ducation, de la formation et de la recherche scientifique","description":"","potentialAction":[{"@type":"SearchAction","target":{"@type":"EntryPoint","urlTemplate":"https:\/\/csefrs.lifemoz.com\/?s={search_term_string}"},"query-input":{"@type":"PropertyValueSpecification","valueRequired":true,"valueName":"search_term_string"}}],"inLanguage":"fr-FR"}]}},"_links":{"self":[{"href":"https:\/\/csefrs.lifemoz.com\/fr\/wp-json\/wp\/v2\/product\/37529","targetHints":{"allow":["GET"]}}],"collection":[{"href":"https:\/\/csefrs.lifemoz.com\/fr\/wp-json\/wp\/v2\/product"}],"about":[{"href":"https:\/\/csefrs.lifemoz.com\/fr\/wp-json\/wp\/v2\/types\/product"}],"wp:featuredmedia":[{"embeddable":true,"href":"https:\/\/csefrs.lifemoz.com\/fr\/wp-json\/wp\/v2\/media\/37125"}],"wp:attachment":[{"href":"https:\/\/csefrs.lifemoz.com\/fr\/wp-json\/wp\/v2\/media?parent=37529"}],"wp:term":[{"taxonomy":"product_brand","embeddable":true,"href":"https:\/\/csefrs.lifemoz.com\/fr\/wp-json\/wp\/v2\/product_brand?post=37529"},{"taxonomy":"product_cat","embeddable":true,"href":"https:\/\/csefrs.lifemoz.com\/fr\/wp-json\/wp\/v2\/product_cat?post=37529"},{"taxonomy":"product_tag","embeddable":true,"href":"https:\/\/csefrs.lifemoz.com\/fr\/wp-json\/wp\/v2\/product_tag?post=37529"}],"curies":[{"name":"wp","href":"https:\/\/api.w.org\/{rel}","templated":true}]}}