{"id":37527,"date":"2018-04-19T00:00:00","date_gmt":"2018-04-18T23:00:00","guid":{"rendered":"https:\/\/csefrs.lifemoz.com\/\u0627\u0644\u0645\u0646\u0634\u0648\u0631\u0627\u062a\/rapport-n3-2018-sur-la-promotion-des-metiers-de-leducation-de-la-formation-de-la-gestion-et-de-la-recherche\/"},"modified":"2026-02-08T14:08:34","modified_gmt":"2026-02-08T13:08:34","slug":"rapport-n3-2018-sur-la-promotion-des-metiers-de-leducation-de-la-formation-de-la-gestion-et-de-la-recherche","status":"publish","type":"product","link":"https:\/\/csefrs.lifemoz.com\/fr\/publications\/rapport-n3-2018-sur-la-promotion-des-metiers-de-leducation-de-la-formation-de-la-gestion-et-de-la-recherche\/","title":{"rendered":"Rapport n\u00b03\/2018 sur \u00ab La promotion des m\u00e9tiers de l\u2019\u00e9ducation, de la formation, de la gestion\u00a0et de la recherche \u00bb"},"content":{"rendered":"<div align=\"justify\">\n<p>Le rapport du Conseil sur \u00ab\u00a0<strong>La promotion des m\u00e9tiers de l\u2019\u00e9ducation , de la formation, de la gestion\u00a0et de la recherche<\/strong> \u00bb propose un cadre strat\u00e9gique pour la promotion de ces m\u00e9tiers, sous-tendu par trois piliers fondamentaux. Il s\u2019agit de\u00a0:<\/p>\n<ol>\n<li>La professionnalisation consid\u00e9r\u00e9e comme une condition sine qua non pour la qualification des acteurs \u00e9ducatifs, sur la base de caract\u00e9ristiques, de missions et de valeurs r\u00e9pondant aux imp\u00e9ratifs de la qualit\u00e9 et aux attentes de la soci\u00e9t\u00e9\u00a0;<\/li>\n<li>L\u2019\u00e9tablissement \u00e9ducatif fond\u00e9 sur les valeurs de l\u2019autonomie, de la culture de projet et des compl\u00e9mentarit\u00e9s fonctionnelles entre les m\u00e9tiers, d\u2019une part, et l\u2019objectif du d\u00e9veloppement professionnel, d\u2019autre part\u00a0;<\/li>\n<li>L\u2019\u00e9valuation syst\u00e9matique et diversifi\u00e9e dans ses modalit\u00e9s.<\/li>\n<\/ol>\n<p>Le rapport s\u2019articule autour des sections suivantes\u00a0:<\/p>\n<ul>\n<li>Pr\u00e9sentation\u00a0;<\/li>\n<li>Axe 1\u00a0: Etat des lieux des m\u00e9tiers de l\u2019\u00e9ducation, de la formation, de la gestion\u00a0et de la recherche\u00a0;<\/li>\n<li>Axe 2\u00a0: Piliers de r\u00e9novation et de mise \u00e0 niveau des m\u00e9tiers\u00a0;<\/li>\n<li>Recommandations finales.<\/li>\n<\/ul>\n<p>&nbsp;<br \/>\n<a class=\"download-button-intern-fr\" href=\"https:\/\/csefrs.lifemoz.com\/wp-content\/uploads\/2018\/04\/Rapport-promotion-des-me--tiers-de-l---e--ducation-VA.pdf\" target=\"_blank\" rel=\"noopener\">T\u00e9l\u00e9charger le Rapport n\u00b03\/2018 sur \u00ab La promotion des m\u00e9tiers de l\u2019\u00e9ducation, de la formation, de la gestion et de la recherche \u00bb (disponible en arabe)<\/a><\/p>\n<\/div>\n","protected":false},"excerpt":{"rendered":"<p>Le rapport du Conseil sur \u00ab\u00a0La promotion des m\u00e9tiers de l\u2019\u00e9ducation , de la formation, de la gestion\u00a0et de la recherche \u00bb propose un cadre strat\u00e9gique pour la promotion de ces m\u00e9tiers, sous-tendu par trois piliers fondamentaux. Il s\u2019agit de\u00a0: La professionnalisation consid\u00e9r\u00e9e comme une condition sine qua non pour la qualification des acteurs \u00e9ducatifs,&hellip;<\/p>\n","protected":false},"featured_media":36404,"template":"","meta":[],"product_brand":[],"product_cat":[505],"product_tag":[],"class_list":{"0":"post-37527","1":"product","2":"type-product","3":"status-publish","4":"has-post-thumbnail","6":"product_cat-rapports","7":"description-off","9":"first","10":"instock","11":"downloadable","12":"virtual","13":"sold-individually","14":"purchasable","15":"product-type-simple"},"yoast_head":"<!-- This site is optimized with the Yoast SEO plugin v27.5 - https:\/\/yoast.com\/product\/yoast-seo-wordpress\/ -->\n<title>Rapport n\u00b03\/2018 sur \u00ab La promotion des m\u00e9tiers de l\u2019\u00e9ducation, de la formation, de la gestion\u00a0et de la recherche \u00bb - Conseil sup\u00e9rieur de l\u2019\u00e9ducation, de la formation et de la recherche scientifique<\/title>\n<meta name=\"robots\" content=\"noindex, follow, max-snippet:-1, max-image-preview:large, max-video-preview:-1\" \/>\n<meta property=\"og:locale\" content=\"fr_FR\" \/>\n<meta property=\"og:type\" content=\"article\" \/>\n<meta property=\"og:title\" content=\"Rapport n\u00b03\/2018 sur \u00ab La promotion des m\u00e9tiers de l\u2019\u00e9ducation, de la formation, de la gestion\u00a0et de la recherche \u00bb - Conseil sup\u00e9rieur de l\u2019\u00e9ducation, de la formation et de la recherche scientifique\" \/>\n<meta property=\"og:description\" content=\"Le rapport du Conseil sur \u00ab\u00a0La promotion des m\u00e9tiers de l\u2019\u00e9ducation , de la formation, de la gestion\u00a0et de la recherche \u00bb propose un cadre strat\u00e9gique pour la promotion de ces m\u00e9tiers, sous-tendu par trois piliers fondamentaux. Il s\u2019agit de\u00a0: La professionnalisation consid\u00e9r\u00e9e comme une condition sine qua non pour la qualification des acteurs \u00e9ducatifs,&hellip;\" \/>\n<meta property=\"og:url\" content=\"https:\/\/csefrs.lifemoz.com\/fr\/publications\/rapport-n3-2018-sur-la-promotion-des-metiers-de-leducation-de-la-formation-de-la-gestion-et-de-la-recherche\/\" \/>\n<meta property=\"og:site_name\" content=\"Conseil sup\u00e9rieur de l\u2019\u00e9ducation, de la formation et de la recherche scientifique\" \/>\n<meta property=\"article:modified_time\" content=\"2026-02-08T13:08:34+00:00\" \/>\n<meta property=\"og:image\" content=\"https:\/\/csefrs.lifemoz.com\/wp-content\/uploads\/2025\/12\/cover-metiers.jpg\" \/>\n\t<meta property=\"og:image:width\" content=\"724\" \/>\n\t<meta property=\"og:image:height\" content=\"1024\" \/>\n\t<meta property=\"og:image:type\" content=\"image\/jpeg\" \/>\n<meta name=\"twitter:card\" content=\"summary_large_image\" \/>\n<meta name=\"twitter:label1\" content=\"Dur\u00e9e de lecture estim\u00e9e\" \/>\n\t<meta name=\"twitter:data1\" content=\"1 minute\" \/>\n<script type=\"application\/ld+json\" class=\"yoast-schema-graph\">{\"@context\":\"https:\\\/\\\/schema.org\",\"@graph\":[{\"@type\":\"WebPage\",\"@id\":\"https:\\\/\\\/csefrs.lifemoz.com\\\/fr\\\/publications\\\/rapport-n3-2018-sur-la-promotion-des-metiers-de-leducation-de-la-formation-de-la-gestion-et-de-la-recherche\\\/\",\"url\":\"https:\\\/\\\/csefrs.lifemoz.com\\\/fr\\\/publications\\\/rapport-n3-2018-sur-la-promotion-des-metiers-de-leducation-de-la-formation-de-la-gestion-et-de-la-recherche\\\/\",\"name\":\"Rapport n\u00b03\\\/2018 sur \u00ab La promotion des m\u00e9tiers de l\u2019\u00e9ducation, de la formation, de la gestion\u00a0et de la recherche \u00bb - Conseil sup\u00e9rieur de l\u2019\u00e9ducation, de la formation et de la recherche scientifique\",\"isPartOf\":{\"@id\":\"https:\\\/\\\/csefrs.lifemoz.com\\\/#website\"},\"primaryImageOfPage\":{\"@id\":\"https:\\\/\\\/csefrs.lifemoz.com\\\/fr\\\/publications\\\/rapport-n3-2018-sur-la-promotion-des-metiers-de-leducation-de-la-formation-de-la-gestion-et-de-la-recherche\\\/#primaryimage\"},\"image\":{\"@id\":\"https:\\\/\\\/csefrs.lifemoz.com\\\/fr\\\/publications\\\/rapport-n3-2018-sur-la-promotion-des-metiers-de-leducation-de-la-formation-de-la-gestion-et-de-la-recherche\\\/#primaryimage\"},\"thumbnailUrl\":\"https:\\\/\\\/csefrs.lifemoz.com\\\/wp-content\\\/uploads\\\/2025\\\/12\\\/cover-metiers.jpg\",\"datePublished\":\"2018-04-18T23:00:00+00:00\",\"dateModified\":\"2026-02-08T13:08:34+00:00\",\"breadcrumb\":{\"@id\":\"https:\\\/\\\/csefrs.lifemoz.com\\\/fr\\\/publications\\\/rapport-n3-2018-sur-la-promotion-des-metiers-de-leducation-de-la-formation-de-la-gestion-et-de-la-recherche\\\/#breadcrumb\"},\"inLanguage\":\"fr-FR\",\"potentialAction\":[{\"@type\":\"ReadAction\",\"target\":[\"https:\\\/\\\/csefrs.lifemoz.com\\\/fr\\\/publications\\\/rapport-n3-2018-sur-la-promotion-des-metiers-de-leducation-de-la-formation-de-la-gestion-et-de-la-recherche\\\/\"]}]},{\"@type\":\"ImageObject\",\"inLanguage\":\"fr-FR\",\"@id\":\"https:\\\/\\\/csefrs.lifemoz.com\\\/fr\\\/publications\\\/rapport-n3-2018-sur-la-promotion-des-metiers-de-leducation-de-la-formation-de-la-gestion-et-de-la-recherche\\\/#primaryimage\",\"url\":\"https:\\\/\\\/csefrs.lifemoz.com\\\/wp-content\\\/uploads\\\/2025\\\/12\\\/cover-metiers.jpg\",\"contentUrl\":\"https:\\\/\\\/csefrs.lifemoz.com\\\/wp-content\\\/uploads\\\/2025\\\/12\\\/cover-metiers.jpg\",\"width\":724,\"height\":1024},{\"@type\":\"BreadcrumbList\",\"@id\":\"https:\\\/\\\/csefrs.lifemoz.com\\\/fr\\\/publications\\\/rapport-n3-2018-sur-la-promotion-des-metiers-de-leducation-de-la-formation-de-la-gestion-et-de-la-recherche\\\/#breadcrumb\",\"itemListElement\":[{\"@type\":\"ListItem\",\"position\":1,\"name\":\"Accueil\",\"item\":\"https:\\\/\\\/csefrs.lifemoz.com\\\/fr\\\/\"},{\"@type\":\"ListItem\",\"position\":2,\"name\":\"Publications\",\"item\":\"https:\\\/\\\/csefrs.lifemoz.com\\\/\u0627\u0644\u0645\u0646\u0634\u0648\u0631\u0627\u062a\\\/\"},{\"@type\":\"ListItem\",\"position\":3,\"name\":\"Rapport n\u00b03\\\/2018 sur \u00ab La promotion des m\u00e9tiers de l\u2019\u00e9ducation, de la formation, de la gestion\u00a0et de la recherche \u00bb\"}]},{\"@type\":\"WebSite\",\"@id\":\"https:\\\/\\\/csefrs.lifemoz.com\\\/#website\",\"url\":\"https:\\\/\\\/csefrs.lifemoz.com\\\/\",\"name\":\"Conseil sup\u00e9rieur de l\u2019\u00e9ducation, de la formation et de la recherche scientifique\",\"description\":\"\",\"potentialAction\":[{\"@type\":\"SearchAction\",\"target\":{\"@type\":\"EntryPoint\",\"urlTemplate\":\"https:\\\/\\\/csefrs.lifemoz.com\\\/?s={search_term_string}\"},\"query-input\":{\"@type\":\"PropertyValueSpecification\",\"valueRequired\":true,\"valueName\":\"search_term_string\"}}],\"inLanguage\":\"fr-FR\"}]}<\/script>\n<!-- \/ Yoast SEO plugin. -->","yoast_head_json":{"title":"Rapport n\u00b03\/2018 sur \u00ab La promotion des m\u00e9tiers de l\u2019\u00e9ducation, de la formation, de la gestion\u00a0et de la recherche \u00bb - Conseil sup\u00e9rieur de l\u2019\u00e9ducation, de la formation et de la recherche scientifique","robots":{"index":"noindex","follow":"follow","max-snippet":"max-snippet:-1","max-image-preview":"max-image-preview:large","max-video-preview":"max-video-preview:-1"},"og_locale":"fr_FR","og_type":"article","og_title":"Rapport n\u00b03\/2018 sur \u00ab La promotion des m\u00e9tiers de l\u2019\u00e9ducation, de la formation, de la gestion\u00a0et de la recherche \u00bb - Conseil sup\u00e9rieur de l\u2019\u00e9ducation, de la formation et de la recherche scientifique","og_description":"Le rapport du Conseil sur \u00ab\u00a0La promotion des m\u00e9tiers de l\u2019\u00e9ducation , de la formation, de la gestion\u00a0et de la recherche \u00bb propose un cadre strat\u00e9gique pour la promotion de ces m\u00e9tiers, sous-tendu par trois piliers fondamentaux. Il s\u2019agit de\u00a0: La professionnalisation consid\u00e9r\u00e9e comme une condition sine qua non pour la qualification des acteurs \u00e9ducatifs,&hellip;","og_url":"https:\/\/csefrs.lifemoz.com\/fr\/publications\/rapport-n3-2018-sur-la-promotion-des-metiers-de-leducation-de-la-formation-de-la-gestion-et-de-la-recherche\/","og_site_name":"Conseil sup\u00e9rieur de l\u2019\u00e9ducation, de la formation et de la recherche scientifique","article_modified_time":"2026-02-08T13:08:34+00:00","og_image":[{"width":724,"height":1024,"url":"https:\/\/csefrs.lifemoz.com\/wp-content\/uploads\/2025\/12\/cover-metiers.jpg","type":"image\/jpeg"}],"twitter_card":"summary_large_image","twitter_misc":{"Dur\u00e9e de lecture estim\u00e9e":"1 minute"},"schema":{"@context":"https:\/\/schema.org","@graph":[{"@type":"WebPage","@id":"https:\/\/csefrs.lifemoz.com\/fr\/publications\/rapport-n3-2018-sur-la-promotion-des-metiers-de-leducation-de-la-formation-de-la-gestion-et-de-la-recherche\/","url":"https:\/\/csefrs.lifemoz.com\/fr\/publications\/rapport-n3-2018-sur-la-promotion-des-metiers-de-leducation-de-la-formation-de-la-gestion-et-de-la-recherche\/","name":"Rapport n\u00b03\/2018 sur \u00ab La promotion des m\u00e9tiers de l\u2019\u00e9ducation, de la formation, de la gestion\u00a0et de la recherche \u00bb - Conseil sup\u00e9rieur de l\u2019\u00e9ducation, de la formation et de la recherche scientifique","isPartOf":{"@id":"https:\/\/csefrs.lifemoz.com\/#website"},"primaryImageOfPage":{"@id":"https:\/\/csefrs.lifemoz.com\/fr\/publications\/rapport-n3-2018-sur-la-promotion-des-metiers-de-leducation-de-la-formation-de-la-gestion-et-de-la-recherche\/#primaryimage"},"image":{"@id":"https:\/\/csefrs.lifemoz.com\/fr\/publications\/rapport-n3-2018-sur-la-promotion-des-metiers-de-leducation-de-la-formation-de-la-gestion-et-de-la-recherche\/#primaryimage"},"thumbnailUrl":"https:\/\/csefrs.lifemoz.com\/wp-content\/uploads\/2025\/12\/cover-metiers.jpg","datePublished":"2018-04-18T23:00:00+00:00","dateModified":"2026-02-08T13:08:34+00:00","breadcrumb":{"@id":"https:\/\/csefrs.lifemoz.com\/fr\/publications\/rapport-n3-2018-sur-la-promotion-des-metiers-de-leducation-de-la-formation-de-la-gestion-et-de-la-recherche\/#breadcrumb"},"inLanguage":"fr-FR","potentialAction":[{"@type":"ReadAction","target":["https:\/\/csefrs.lifemoz.com\/fr\/publications\/rapport-n3-2018-sur-la-promotion-des-metiers-de-leducation-de-la-formation-de-la-gestion-et-de-la-recherche\/"]}]},{"@type":"ImageObject","inLanguage":"fr-FR","@id":"https:\/\/csefrs.lifemoz.com\/fr\/publications\/rapport-n3-2018-sur-la-promotion-des-metiers-de-leducation-de-la-formation-de-la-gestion-et-de-la-recherche\/#primaryimage","url":"https:\/\/csefrs.lifemoz.com\/wp-content\/uploads\/2025\/12\/cover-metiers.jpg","contentUrl":"https:\/\/csefrs.lifemoz.com\/wp-content\/uploads\/2025\/12\/cover-metiers.jpg","width":724,"height":1024},{"@type":"BreadcrumbList","@id":"https:\/\/csefrs.lifemoz.com\/fr\/publications\/rapport-n3-2018-sur-la-promotion-des-metiers-de-leducation-de-la-formation-de-la-gestion-et-de-la-recherche\/#breadcrumb","itemListElement":[{"@type":"ListItem","position":1,"name":"Accueil","item":"https:\/\/csefrs.lifemoz.com\/fr\/"},{"@type":"ListItem","position":2,"name":"Publications","item":"https:\/\/csefrs.lifemoz.com\/\u0627\u0644\u0645\u0646\u0634\u0648\u0631\u0627\u062a\/"},{"@type":"ListItem","position":3,"name":"Rapport n\u00b03\/2018 sur \u00ab La promotion des m\u00e9tiers de l\u2019\u00e9ducation, de la formation, de la gestion\u00a0et de la recherche \u00bb"}]},{"@type":"WebSite","@id":"https:\/\/csefrs.lifemoz.com\/#website","url":"https:\/\/csefrs.lifemoz.com\/","name":"Conseil sup\u00e9rieur de l\u2019\u00e9ducation, de la formation et de la recherche scientifique","description":"","potentialAction":[{"@type":"SearchAction","target":{"@type":"EntryPoint","urlTemplate":"https:\/\/csefrs.lifemoz.com\/?s={search_term_string}"},"query-input":{"@type":"PropertyValueSpecification","valueRequired":true,"valueName":"search_term_string"}}],"inLanguage":"fr-FR"}]}},"_links":{"self":[{"href":"https:\/\/csefrs.lifemoz.com\/fr\/wp-json\/wp\/v2\/product\/37527","targetHints":{"allow":["GET"]}}],"collection":[{"href":"https:\/\/csefrs.lifemoz.com\/fr\/wp-json\/wp\/v2\/product"}],"about":[{"href":"https:\/\/csefrs.lifemoz.com\/fr\/wp-json\/wp\/v2\/types\/product"}],"wp:featuredmedia":[{"embeddable":true,"href":"https:\/\/csefrs.lifemoz.com\/fr\/wp-json\/wp\/v2\/media\/36404"}],"wp:attachment":[{"href":"https:\/\/csefrs.lifemoz.com\/fr\/wp-json\/wp\/v2\/media?parent=37527"}],"wp:term":[{"taxonomy":"product_brand","embeddable":true,"href":"https:\/\/csefrs.lifemoz.com\/fr\/wp-json\/wp\/v2\/product_brand?post=37527"},{"taxonomy":"product_cat","embeddable":true,"href":"https:\/\/csefrs.lifemoz.com\/fr\/wp-json\/wp\/v2\/product_cat?post=37527"},{"taxonomy":"product_tag","embeddable":true,"href":"https:\/\/csefrs.lifemoz.com\/fr\/wp-json\/wp\/v2\/product_tag?post=37527"}],"curies":[{"name":"wp","href":"https:\/\/api.w.org\/{rel}","templated":true}]}}