{"id":37525,"date":"2018-01-18T00:00:00","date_gmt":"2018-01-18T00:00:00","guid":{"rendered":"https:\/\/csefrs.lifemoz.com\/\u0627\u0644\u0645\u0646\u0634\u0648\u0631\u0627\u062a\/rapport-thematique-sur-levaluation-du-cycle-doctoral\/"},"modified":"2026-02-08T14:08:35","modified_gmt":"2026-02-08T13:08:35","slug":"rapport-thematique-sur-levaluation-du-cycle-doctoral","status":"publish","type":"product","link":"https:\/\/csefrs.lifemoz.com\/fr\/publications\/rapport-thematique-sur-levaluation-du-cycle-doctoral\/","title":{"rendered":"Rapport th\u00e9matique sur l\u2019\u00e9valuation du cycle doctoral"},"content":{"rendered":"<div align=\"justify\">\n<p>Dans le cadre des missions d\u2019\u00e9valuation d\u00e9volues \u00e0 l\u2019INE aupr\u00e8s du CSEFRS, cette derni\u00e8re a r\u00e9alis\u00e9 une \u00e9valuation du cycle doctoral au Maroc. L\u2019objectif est de donner un \u00e9clairage sur ce cycle qui couronne le plus haut dipl\u00f4me du parcours universitaire et qui constitue par essence la \u00abp\u00e9pini\u00e8re\u00bb des futurs chercheurs pour soutenir la recherche scientifique et technologique.Cette \u00e9valuation pr\u00e9sente en premier lieu le syst\u00e8me de recherche en positionnant le cycle doctoral dans ce syst\u00e8me et en pr\u00e9sentant son organisation \u00e0 travers l\u2019arsenal juridique et r\u00e9glementaire.<\/p>\n<p>Cette partie r\u00e9pond \u00e9galement \u00e0 la philosophie (doctrine) du cycle doctoral au Maroc par rapport aux principales conceptualisations \u00e0 travers le monde.<\/p>\n<p>La troisi\u00e8me partie de l\u2019\u00e9valuation recense les principaux acquis du cycle doctoral depuis sa r\u00e9forme en 2008 et les dysfonctionnements qui le plombent \u00e0 ce jour.<\/p>\n<p>La quatri\u00e8me partie porte sur l\u2019analyse quantitative des effectifs du cycle doctoral (inscrits et dipl\u00f4m\u00e9s) et leur \u00e9volution depuis le d\u00e9but de la d\u00e9cennie 2000.<\/p>\n<p>A l\u2019aune d\u2019indicateurs structur\u00e9s, la cinqui\u00e8me partie scrute l\u2019efficacit\u00e9 du cycle doctoral \u00e0 deux niveaux\u00a0: efficacit\u00e9 amont et efficacit\u00e9 aval. Laquelle efficacit\u00e9 est mesur\u00e9e comparativement \u00e0 d\u2019autres pays.<\/p>\n<p>Pour r\u00e9pondre \u00e0 la question\u00a0: Quel devenir pour les laur\u00e9ats et quels besoins \u00e0 l\u2019horizon 2030\u00a0? La sixi\u00e8me et derni\u00e8re partie de l\u2019\u00e9valuation offre une estimation des besoins en docteurs \u00e0 la fois dans le secteur public et le secteur priv\u00e9, partant d\u2019hypoth\u00e8ses principalement de la vision strat\u00e9gique 2030.<\/p>\n<p>&nbsp;<br \/>\n<a class=\"download-button-intern-fr\" href=\"https:\/\/csefrs.lifemoz.com\/wp-content\/uploads\/2018\/02\/Rapport-the--mathique-.pdf\" target=\"_blank\" rel=\"noopener\">T\u00e9l\u00e9charger le rapport the\u0301mathique<\/a><br \/>\n<a class=\"download-button-intern-fr\" href=\"https:\/\/csefrs.lifemoz.com\/wp-content\/uploads\/2018\/02\/Re--sume---du-rapport-1.pdf\" target=\"_blank\" rel=\"noopener\">T\u00e9l\u00e9charger le r\u00e9sum\u00e9 du rapport the\u0301mathique<\/a><\/p>\n<\/div>\n","protected":false},"excerpt":{"rendered":"<p>Dans le cadre des missions d\u2019\u00e9valuation d\u00e9volues \u00e0 l\u2019INE aupr\u00e8s du CSEFRS, cette derni\u00e8re a r\u00e9alis\u00e9 une \u00e9valuation du cycle doctoral au Maroc. L\u2019objectif est de donner un \u00e9clairage sur ce cycle qui couronne le plus haut dipl\u00f4me du parcours universitaire et qui constitue par essence la \u00abp\u00e9pini\u00e8re\u00bb des futurs chercheurs pour soutenir la recherche&hellip;<\/p>\n","protected":false},"featured_media":37124,"template":"","meta":[],"product_brand":[],"product_cat":[505,506],"product_tag":[],"class_list":{"0":"post-37525","1":"product","2":"type-product","3":"status-publish","4":"has-post-thumbnail","6":"product_cat-rapports","7":"product_cat-rapports-devaluation-etudes","8":"description-off","10":"first","11":"instock","12":"downloadable","13":"virtual","14":"sold-individually","15":"purchasable","16":"product-type-simple"},"yoast_head":"<!-- This site is optimized with the Yoast SEO plugin v27.5 - https:\/\/yoast.com\/product\/yoast-seo-wordpress\/ -->\n<title>Rapport th\u00e9matique sur l\u2019\u00e9valuation du cycle doctoral - Conseil sup\u00e9rieur de l\u2019\u00e9ducation, de la formation et de la recherche scientifique<\/title>\n<meta name=\"robots\" content=\"noindex, follow, max-snippet:-1, max-image-preview:large, max-video-preview:-1\" \/>\n<meta property=\"og:locale\" content=\"fr_FR\" \/>\n<meta property=\"og:type\" content=\"article\" \/>\n<meta property=\"og:title\" content=\"Rapport th\u00e9matique sur l\u2019\u00e9valuation du cycle doctoral - Conseil sup\u00e9rieur de l\u2019\u00e9ducation, de la formation et de la recherche scientifique\" \/>\n<meta property=\"og:description\" content=\"Dans le cadre des missions d\u2019\u00e9valuation d\u00e9volues \u00e0 l\u2019INE aupr\u00e8s du CSEFRS, cette derni\u00e8re a r\u00e9alis\u00e9 une \u00e9valuation du cycle doctoral au Maroc. L\u2019objectif est de donner un \u00e9clairage sur ce cycle qui couronne le plus haut dipl\u00f4me du parcours universitaire et qui constitue par essence la \u00abp\u00e9pini\u00e8re\u00bb des futurs chercheurs pour soutenir la recherche&hellip;\" \/>\n<meta property=\"og:url\" content=\"https:\/\/csefrs.lifemoz.com\/fr\/publications\/rapport-thematique-sur-levaluation-du-cycle-doctoral\/\" \/>\n<meta property=\"og:site_name\" content=\"Conseil sup\u00e9rieur de l\u2019\u00e9ducation, de la formation et de la recherche scientifique\" \/>\n<meta property=\"article:modified_time\" content=\"2026-02-08T13:08:35+00:00\" \/>\n<meta property=\"og:image\" content=\"https:\/\/csefrs.lifemoz.com\/wp-content\/uploads\/2025\/12\/Rapport-themathique-doc.jpg\" \/>\n\t<meta property=\"og:image:width\" content=\"215\" \/>\n\t<meta property=\"og:image:height\" content=\"300\" \/>\n\t<meta property=\"og:image:type\" content=\"image\/jpeg\" \/>\n<meta name=\"twitter:card\" content=\"summary_large_image\" \/>\n<meta name=\"twitter:label1\" content=\"Dur\u00e9e de lecture estim\u00e9e\" \/>\n\t<meta name=\"twitter:data1\" content=\"1 minute\" \/>\n<script type=\"application\/ld+json\" class=\"yoast-schema-graph\">{\"@context\":\"https:\\\/\\\/schema.org\",\"@graph\":[{\"@type\":\"WebPage\",\"@id\":\"https:\\\/\\\/csefrs.lifemoz.com\\\/fr\\\/publications\\\/rapport-thematique-sur-levaluation-du-cycle-doctoral\\\/\",\"url\":\"https:\\\/\\\/csefrs.lifemoz.com\\\/fr\\\/publications\\\/rapport-thematique-sur-levaluation-du-cycle-doctoral\\\/\",\"name\":\"Rapport th\u00e9matique sur l\u2019\u00e9valuation du cycle doctoral - Conseil sup\u00e9rieur de l\u2019\u00e9ducation, de la formation et de la recherche scientifique\",\"isPartOf\":{\"@id\":\"https:\\\/\\\/csefrs.lifemoz.com\\\/#website\"},\"primaryImageOfPage\":{\"@id\":\"https:\\\/\\\/csefrs.lifemoz.com\\\/fr\\\/publications\\\/rapport-thematique-sur-levaluation-du-cycle-doctoral\\\/#primaryimage\"},\"image\":{\"@id\":\"https:\\\/\\\/csefrs.lifemoz.com\\\/fr\\\/publications\\\/rapport-thematique-sur-levaluation-du-cycle-doctoral\\\/#primaryimage\"},\"thumbnailUrl\":\"https:\\\/\\\/csefrs.lifemoz.com\\\/wp-content\\\/uploads\\\/2025\\\/12\\\/Rapport-themathique-doc.jpg\",\"datePublished\":\"2018-01-18T00:00:00+00:00\",\"dateModified\":\"2026-02-08T13:08:35+00:00\",\"breadcrumb\":{\"@id\":\"https:\\\/\\\/csefrs.lifemoz.com\\\/fr\\\/publications\\\/rapport-thematique-sur-levaluation-du-cycle-doctoral\\\/#breadcrumb\"},\"inLanguage\":\"fr-FR\",\"potentialAction\":[{\"@type\":\"ReadAction\",\"target\":[\"https:\\\/\\\/csefrs.lifemoz.com\\\/fr\\\/publications\\\/rapport-thematique-sur-levaluation-du-cycle-doctoral\\\/\"]}]},{\"@type\":\"ImageObject\",\"inLanguage\":\"fr-FR\",\"@id\":\"https:\\\/\\\/csefrs.lifemoz.com\\\/fr\\\/publications\\\/rapport-thematique-sur-levaluation-du-cycle-doctoral\\\/#primaryimage\",\"url\":\"https:\\\/\\\/csefrs.lifemoz.com\\\/wp-content\\\/uploads\\\/2025\\\/12\\\/Rapport-themathique-doc.jpg\",\"contentUrl\":\"https:\\\/\\\/csefrs.lifemoz.com\\\/wp-content\\\/uploads\\\/2025\\\/12\\\/Rapport-themathique-doc.jpg\",\"width\":215,\"height\":300},{\"@type\":\"BreadcrumbList\",\"@id\":\"https:\\\/\\\/csefrs.lifemoz.com\\\/fr\\\/publications\\\/rapport-thematique-sur-levaluation-du-cycle-doctoral\\\/#breadcrumb\",\"itemListElement\":[{\"@type\":\"ListItem\",\"position\":1,\"name\":\"Accueil\",\"item\":\"https:\\\/\\\/csefrs.lifemoz.com\\\/fr\\\/\"},{\"@type\":\"ListItem\",\"position\":2,\"name\":\"Publications\",\"item\":\"https:\\\/\\\/csefrs.lifemoz.com\\\/\u0627\u0644\u0645\u0646\u0634\u0648\u0631\u0627\u062a\\\/\"},{\"@type\":\"ListItem\",\"position\":3,\"name\":\"Rapport th\u00e9matique sur l\u2019\u00e9valuation du cycle doctoral\"}]},{\"@type\":\"WebSite\",\"@id\":\"https:\\\/\\\/csefrs.lifemoz.com\\\/#website\",\"url\":\"https:\\\/\\\/csefrs.lifemoz.com\\\/\",\"name\":\"Conseil sup\u00e9rieur de l\u2019\u00e9ducation, de la formation et de la recherche scientifique\",\"description\":\"\",\"potentialAction\":[{\"@type\":\"SearchAction\",\"target\":{\"@type\":\"EntryPoint\",\"urlTemplate\":\"https:\\\/\\\/csefrs.lifemoz.com\\\/?s={search_term_string}\"},\"query-input\":{\"@type\":\"PropertyValueSpecification\",\"valueRequired\":true,\"valueName\":\"search_term_string\"}}],\"inLanguage\":\"fr-FR\"}]}<\/script>\n<!-- \/ Yoast SEO plugin. -->","yoast_head_json":{"title":"Rapport th\u00e9matique sur l\u2019\u00e9valuation du cycle doctoral - Conseil sup\u00e9rieur de l\u2019\u00e9ducation, de la formation et de la recherche scientifique","robots":{"index":"noindex","follow":"follow","max-snippet":"max-snippet:-1","max-image-preview":"max-image-preview:large","max-video-preview":"max-video-preview:-1"},"og_locale":"fr_FR","og_type":"article","og_title":"Rapport th\u00e9matique sur l\u2019\u00e9valuation du cycle doctoral - Conseil sup\u00e9rieur de l\u2019\u00e9ducation, de la formation et de la recherche scientifique","og_description":"Dans le cadre des missions d\u2019\u00e9valuation d\u00e9volues \u00e0 l\u2019INE aupr\u00e8s du CSEFRS, cette derni\u00e8re a r\u00e9alis\u00e9 une \u00e9valuation du cycle doctoral au Maroc. L\u2019objectif est de donner un \u00e9clairage sur ce cycle qui couronne le plus haut dipl\u00f4me du parcours universitaire et qui constitue par essence la \u00abp\u00e9pini\u00e8re\u00bb des futurs chercheurs pour soutenir la recherche&hellip;","og_url":"https:\/\/csefrs.lifemoz.com\/fr\/publications\/rapport-thematique-sur-levaluation-du-cycle-doctoral\/","og_site_name":"Conseil sup\u00e9rieur de l\u2019\u00e9ducation, de la formation et de la recherche scientifique","article_modified_time":"2026-02-08T13:08:35+00:00","og_image":[{"width":215,"height":300,"url":"https:\/\/csefrs.lifemoz.com\/wp-content\/uploads\/2025\/12\/Rapport-themathique-doc.jpg","type":"image\/jpeg"}],"twitter_card":"summary_large_image","twitter_misc":{"Dur\u00e9e de lecture estim\u00e9e":"1 minute"},"schema":{"@context":"https:\/\/schema.org","@graph":[{"@type":"WebPage","@id":"https:\/\/csefrs.lifemoz.com\/fr\/publications\/rapport-thematique-sur-levaluation-du-cycle-doctoral\/","url":"https:\/\/csefrs.lifemoz.com\/fr\/publications\/rapport-thematique-sur-levaluation-du-cycle-doctoral\/","name":"Rapport th\u00e9matique sur l\u2019\u00e9valuation du cycle doctoral - Conseil sup\u00e9rieur de l\u2019\u00e9ducation, de la formation et de la recherche scientifique","isPartOf":{"@id":"https:\/\/csefrs.lifemoz.com\/#website"},"primaryImageOfPage":{"@id":"https:\/\/csefrs.lifemoz.com\/fr\/publications\/rapport-thematique-sur-levaluation-du-cycle-doctoral\/#primaryimage"},"image":{"@id":"https:\/\/csefrs.lifemoz.com\/fr\/publications\/rapport-thematique-sur-levaluation-du-cycle-doctoral\/#primaryimage"},"thumbnailUrl":"https:\/\/csefrs.lifemoz.com\/wp-content\/uploads\/2025\/12\/Rapport-themathique-doc.jpg","datePublished":"2018-01-18T00:00:00+00:00","dateModified":"2026-02-08T13:08:35+00:00","breadcrumb":{"@id":"https:\/\/csefrs.lifemoz.com\/fr\/publications\/rapport-thematique-sur-levaluation-du-cycle-doctoral\/#breadcrumb"},"inLanguage":"fr-FR","potentialAction":[{"@type":"ReadAction","target":["https:\/\/csefrs.lifemoz.com\/fr\/publications\/rapport-thematique-sur-levaluation-du-cycle-doctoral\/"]}]},{"@type":"ImageObject","inLanguage":"fr-FR","@id":"https:\/\/csefrs.lifemoz.com\/fr\/publications\/rapport-thematique-sur-levaluation-du-cycle-doctoral\/#primaryimage","url":"https:\/\/csefrs.lifemoz.com\/wp-content\/uploads\/2025\/12\/Rapport-themathique-doc.jpg","contentUrl":"https:\/\/csefrs.lifemoz.com\/wp-content\/uploads\/2025\/12\/Rapport-themathique-doc.jpg","width":215,"height":300},{"@type":"BreadcrumbList","@id":"https:\/\/csefrs.lifemoz.com\/fr\/publications\/rapport-thematique-sur-levaluation-du-cycle-doctoral\/#breadcrumb","itemListElement":[{"@type":"ListItem","position":1,"name":"Accueil","item":"https:\/\/csefrs.lifemoz.com\/fr\/"},{"@type":"ListItem","position":2,"name":"Publications","item":"https:\/\/csefrs.lifemoz.com\/\u0627\u0644\u0645\u0646\u0634\u0648\u0631\u0627\u062a\/"},{"@type":"ListItem","position":3,"name":"Rapport th\u00e9matique sur l\u2019\u00e9valuation du cycle doctoral"}]},{"@type":"WebSite","@id":"https:\/\/csefrs.lifemoz.com\/#website","url":"https:\/\/csefrs.lifemoz.com\/","name":"Conseil sup\u00e9rieur de l\u2019\u00e9ducation, de la formation et de la recherche scientifique","description":"","potentialAction":[{"@type":"SearchAction","target":{"@type":"EntryPoint","urlTemplate":"https:\/\/csefrs.lifemoz.com\/?s={search_term_string}"},"query-input":{"@type":"PropertyValueSpecification","valueRequired":true,"valueName":"search_term_string"}}],"inLanguage":"fr-FR"}]}},"_links":{"self":[{"href":"https:\/\/csefrs.lifemoz.com\/fr\/wp-json\/wp\/v2\/product\/37525","targetHints":{"allow":["GET"]}}],"collection":[{"href":"https:\/\/csefrs.lifemoz.com\/fr\/wp-json\/wp\/v2\/product"}],"about":[{"href":"https:\/\/csefrs.lifemoz.com\/fr\/wp-json\/wp\/v2\/types\/product"}],"wp:featuredmedia":[{"embeddable":true,"href":"https:\/\/csefrs.lifemoz.com\/fr\/wp-json\/wp\/v2\/media\/37124"}],"wp:attachment":[{"href":"https:\/\/csefrs.lifemoz.com\/fr\/wp-json\/wp\/v2\/media?parent=37525"}],"wp:term":[{"taxonomy":"product_brand","embeddable":true,"href":"https:\/\/csefrs.lifemoz.com\/fr\/wp-json\/wp\/v2\/product_brand?post=37525"},{"taxonomy":"product_cat","embeddable":true,"href":"https:\/\/csefrs.lifemoz.com\/fr\/wp-json\/wp\/v2\/product_cat?post=37525"},{"taxonomy":"product_tag","embeddable":true,"href":"https:\/\/csefrs.lifemoz.com\/fr\/wp-json\/wp\/v2\/product_tag?post=37525"}],"curies":[{"name":"wp","href":"https:\/\/api.w.org\/{rel}","templated":true}]}}