{"id":37523,"date":"2018-01-18T00:00:00","date_gmt":"2018-01-18T00:00:00","guid":{"rendered":"https:\/\/csefrs.lifemoz.com\/\u0627\u0644\u0645\u0646\u0634\u0648\u0631\u0627\u062a\/rapport-thematique-sur-levaluation-des-facultes-polydisciplinaires\/"},"modified":"2026-02-08T14:08:34","modified_gmt":"2026-02-08T13:08:34","slug":"rapport-thematique-sur-levaluation-des-facultes-polydisciplinaires","status":"publish","type":"product","link":"https:\/\/csefrs.lifemoz.com\/fr\/publications\/rapport-thematique-sur-levaluation-des-facultes-polydisciplinaires\/","title":{"rendered":"Rapport th\u00e9matique sur l\u2019\u00e9valuation des facult\u00e9s polydisciplinaires"},"content":{"rendered":"<div align=\"justify\">\n<p>Dans le cadre des missions d\u2019\u00e9valuation d\u00e9volues \u00e0 l\u2019INE aupr\u00e8s du CSEFRS, cette derni\u00e8re a r\u00e9alis\u00e9 une \u00e9valuation des facult\u00e9s polydisciplinaires (FP). L\u2019objectif est de faire ressortir les sp\u00e9cificit\u00e9s de ce mod\u00e8le d\u2019\u00e9tablissement dans le paysage universitaire marocain.Cette \u00e9valuation revient dans sa premi\u00e8re partie sur les imp\u00e9ratifs de cr\u00e9ation des facult\u00e9s polydisciplinaires dans le contexte d\u2019extension du syst\u00e8me d\u2019enseignement sup\u00e9rieur universitaire depuis la d\u00e9cennie 1990. Elle \u00e9value dans une deuxi\u00e8me partie, la place qu\u2019occupent aujourd\u2019hui ces facult\u00e9s polydisciplinaires et leur positionnement dans l\u2019universit\u00e9, en termes d\u2019effectifs d\u2019\u00e9tudiants, de laur\u00e9ats, d\u2019offres de formation (fondamentale et professionnelle), d\u2019encadrements p\u00e9dagogique et administratif.<\/p>\n<p>La troisi\u00e8me partie de l\u2019\u00e9valuation ausculte les diff\u00e9rents types de facult\u00e9 polydisciplinaire aujourd\u2019hui afin de d\u00e9terminer les principaux profils qui ont \u00e9merg\u00e9 du mod\u00e8le originel au fil du temps selon les deux dimensions : la multidisciplinarit\u00e9 et l\u2019acc\u00e8s ouvert (formation fondamentale)<\/p>\n<p>L\u2019impact socio-\u00e9conomique induit par la cr\u00e9ation de la facult\u00e9 polydisciplinaire sur sa ville et sa localit\u00e9 a \u00e9t\u00e9 appr\u00e9ci\u00e9 dans la quatri\u00e8me partie de cette \u00e9valuation. Cette mesure d\u2019impact est conduite selon une m\u00e9thode scientifique structur\u00e9e ayant fait ses preuves \u00e0 l\u2019international.<\/p>\n<p>La cinqui\u00e8me et derni\u00e8re partie d\u00e9crit et analyse les d\u00e9fis majeurs actuels auxquels fait face la facult\u00e9 polydisciplinaire et par extrapolation, l\u2019extension de tout le syst\u00e8me universitaire \u00e0 acc\u00e8s ouvert.<\/p>\n<p>&nbsp;<br \/>\n<a class=\"download-button-intern-fr\" href=\"https:\/\/csefrs.lifemoz.com\/wp-content\/uploads\/2018\/02\/Rapport-the--matique.pdf\" target=\"_blank\" rel=\"noopener\">T\u00e9l\u00e9charger le rapport the\u0301matique<\/a><br \/>\n<a class=\"download-button-intern-fr\" href=\"https:\/\/csefrs.lifemoz.com\/wp-content\/uploads\/2018\/02\/Re--sume---du-rapport.pdf\" target=\"_blank\" rel=\"noopener\">T\u00e9l\u00e9charger le re\u0301sume\u0301 du rapport the\u0301matique<\/a><\/p>\n<\/div>\n","protected":false},"excerpt":{"rendered":"<p>Dans le cadre des missions d\u2019\u00e9valuation d\u00e9volues \u00e0 l\u2019INE aupr\u00e8s du CSEFRS, cette derni\u00e8re a r\u00e9alis\u00e9 une \u00e9valuation des facult\u00e9s polydisciplinaires (FP). L\u2019objectif est de faire ressortir les sp\u00e9cificit\u00e9s de ce mod\u00e8le d\u2019\u00e9tablissement dans le paysage universitaire marocain.Cette \u00e9valuation revient dans sa premi\u00e8re partie sur les imp\u00e9ratifs de cr\u00e9ation des facult\u00e9s polydisciplinaires dans le contexte&hellip;<\/p>\n","protected":false},"featured_media":37123,"template":"","meta":[],"product_brand":[],"product_cat":[505,506],"product_tag":[],"class_list":{"0":"post-37523","1":"product","2":"type-product","3":"status-publish","4":"has-post-thumbnail","6":"product_cat-rapports","7":"product_cat-rapports-devaluation-etudes","8":"description-off","10":"first","11":"instock","12":"downloadable","13":"virtual","14":"sold-individually","15":"purchasable","16":"product-type-simple"},"yoast_head":"<!-- This site is optimized with the Yoast SEO plugin v27.5 - https:\/\/yoast.com\/product\/yoast-seo-wordpress\/ -->\n<title>Rapport th\u00e9matique sur l\u2019\u00e9valuation des facult\u00e9s polydisciplinaires - Conseil sup\u00e9rieur de l\u2019\u00e9ducation, de la formation et de la recherche scientifique<\/title>\n<meta name=\"robots\" content=\"noindex, follow, max-snippet:-1, max-image-preview:large, max-video-preview:-1\" \/>\n<meta property=\"og:locale\" content=\"fr_FR\" \/>\n<meta property=\"og:type\" content=\"article\" \/>\n<meta property=\"og:title\" content=\"Rapport th\u00e9matique sur l\u2019\u00e9valuation des facult\u00e9s polydisciplinaires - Conseil sup\u00e9rieur de l\u2019\u00e9ducation, de la formation et de la recherche scientifique\" \/>\n<meta property=\"og:description\" content=\"Dans le cadre des missions d\u2019\u00e9valuation d\u00e9volues \u00e0 l\u2019INE aupr\u00e8s du CSEFRS, cette derni\u00e8re a r\u00e9alis\u00e9 une \u00e9valuation des facult\u00e9s polydisciplinaires (FP). L\u2019objectif est de faire ressortir les sp\u00e9cificit\u00e9s de ce mod\u00e8le d\u2019\u00e9tablissement dans le paysage universitaire marocain.Cette \u00e9valuation revient dans sa premi\u00e8re partie sur les imp\u00e9ratifs de cr\u00e9ation des facult\u00e9s polydisciplinaires dans le contexte&hellip;\" \/>\n<meta property=\"og:url\" content=\"https:\/\/csefrs.lifemoz.com\/fr\/publications\/rapport-thematique-sur-levaluation-des-facultes-polydisciplinaires\/\" \/>\n<meta property=\"og:site_name\" content=\"Conseil sup\u00e9rieur de l\u2019\u00e9ducation, de la formation et de la recherche scientifique\" \/>\n<meta property=\"article:modified_time\" content=\"2026-02-08T13:08:34+00:00\" \/>\n<meta property=\"og:image\" content=\"https:\/\/csefrs.lifemoz.com\/wp-content\/uploads\/2025\/12\/Rapport-thematique-poly1.jpg\" \/>\n\t<meta property=\"og:image:width\" content=\"212\" \/>\n\t<meta property=\"og:image:height\" content=\"300\" \/>\n\t<meta property=\"og:image:type\" content=\"image\/jpeg\" \/>\n<meta name=\"twitter:card\" content=\"summary_large_image\" \/>\n<meta name=\"twitter:label1\" content=\"Dur\u00e9e de lecture estim\u00e9e\" \/>\n\t<meta name=\"twitter:data1\" content=\"1 minute\" \/>\n<script type=\"application\/ld+json\" class=\"yoast-schema-graph\">{\"@context\":\"https:\\\/\\\/schema.org\",\"@graph\":[{\"@type\":\"WebPage\",\"@id\":\"https:\\\/\\\/csefrs.lifemoz.com\\\/fr\\\/publications\\\/rapport-thematique-sur-levaluation-des-facultes-polydisciplinaires\\\/\",\"url\":\"https:\\\/\\\/csefrs.lifemoz.com\\\/fr\\\/publications\\\/rapport-thematique-sur-levaluation-des-facultes-polydisciplinaires\\\/\",\"name\":\"Rapport th\u00e9matique sur l\u2019\u00e9valuation des facult\u00e9s polydisciplinaires - Conseil sup\u00e9rieur de l\u2019\u00e9ducation, de la formation et de la recherche scientifique\",\"isPartOf\":{\"@id\":\"https:\\\/\\\/csefrs.lifemoz.com\\\/#website\"},\"primaryImageOfPage\":{\"@id\":\"https:\\\/\\\/csefrs.lifemoz.com\\\/fr\\\/publications\\\/rapport-thematique-sur-levaluation-des-facultes-polydisciplinaires\\\/#primaryimage\"},\"image\":{\"@id\":\"https:\\\/\\\/csefrs.lifemoz.com\\\/fr\\\/publications\\\/rapport-thematique-sur-levaluation-des-facultes-polydisciplinaires\\\/#primaryimage\"},\"thumbnailUrl\":\"https:\\\/\\\/csefrs.lifemoz.com\\\/wp-content\\\/uploads\\\/2025\\\/12\\\/Rapport-thematique-poly1.jpg\",\"datePublished\":\"2018-01-18T00:00:00+00:00\",\"dateModified\":\"2026-02-08T13:08:34+00:00\",\"breadcrumb\":{\"@id\":\"https:\\\/\\\/csefrs.lifemoz.com\\\/fr\\\/publications\\\/rapport-thematique-sur-levaluation-des-facultes-polydisciplinaires\\\/#breadcrumb\"},\"inLanguage\":\"fr-FR\",\"potentialAction\":[{\"@type\":\"ReadAction\",\"target\":[\"https:\\\/\\\/csefrs.lifemoz.com\\\/fr\\\/publications\\\/rapport-thematique-sur-levaluation-des-facultes-polydisciplinaires\\\/\"]}]},{\"@type\":\"ImageObject\",\"inLanguage\":\"fr-FR\",\"@id\":\"https:\\\/\\\/csefrs.lifemoz.com\\\/fr\\\/publications\\\/rapport-thematique-sur-levaluation-des-facultes-polydisciplinaires\\\/#primaryimage\",\"url\":\"https:\\\/\\\/csefrs.lifemoz.com\\\/wp-content\\\/uploads\\\/2025\\\/12\\\/Rapport-thematique-poly1.jpg\",\"contentUrl\":\"https:\\\/\\\/csefrs.lifemoz.com\\\/wp-content\\\/uploads\\\/2025\\\/12\\\/Rapport-thematique-poly1.jpg\",\"width\":212,\"height\":300},{\"@type\":\"BreadcrumbList\",\"@id\":\"https:\\\/\\\/csefrs.lifemoz.com\\\/fr\\\/publications\\\/rapport-thematique-sur-levaluation-des-facultes-polydisciplinaires\\\/#breadcrumb\",\"itemListElement\":[{\"@type\":\"ListItem\",\"position\":1,\"name\":\"Accueil\",\"item\":\"https:\\\/\\\/csefrs.lifemoz.com\\\/fr\\\/\"},{\"@type\":\"ListItem\",\"position\":2,\"name\":\"Publications\",\"item\":\"https:\\\/\\\/csefrs.lifemoz.com\\\/\u0627\u0644\u0645\u0646\u0634\u0648\u0631\u0627\u062a\\\/\"},{\"@type\":\"ListItem\",\"position\":3,\"name\":\"Rapport th\u00e9matique sur l\u2019\u00e9valuation des facult\u00e9s polydisciplinaires\"}]},{\"@type\":\"WebSite\",\"@id\":\"https:\\\/\\\/csefrs.lifemoz.com\\\/#website\",\"url\":\"https:\\\/\\\/csefrs.lifemoz.com\\\/\",\"name\":\"Conseil sup\u00e9rieur de l\u2019\u00e9ducation, de la formation et de la recherche scientifique\",\"description\":\"\",\"potentialAction\":[{\"@type\":\"SearchAction\",\"target\":{\"@type\":\"EntryPoint\",\"urlTemplate\":\"https:\\\/\\\/csefrs.lifemoz.com\\\/?s={search_term_string}\"},\"query-input\":{\"@type\":\"PropertyValueSpecification\",\"valueRequired\":true,\"valueName\":\"search_term_string\"}}],\"inLanguage\":\"fr-FR\"}]}<\/script>\n<!-- \/ Yoast SEO plugin. -->","yoast_head_json":{"title":"Rapport th\u00e9matique sur l\u2019\u00e9valuation des facult\u00e9s polydisciplinaires - Conseil sup\u00e9rieur de l\u2019\u00e9ducation, de la formation et de la recherche scientifique","robots":{"index":"noindex","follow":"follow","max-snippet":"max-snippet:-1","max-image-preview":"max-image-preview:large","max-video-preview":"max-video-preview:-1"},"og_locale":"fr_FR","og_type":"article","og_title":"Rapport th\u00e9matique sur l\u2019\u00e9valuation des facult\u00e9s polydisciplinaires - Conseil sup\u00e9rieur de l\u2019\u00e9ducation, de la formation et de la recherche scientifique","og_description":"Dans le cadre des missions d\u2019\u00e9valuation d\u00e9volues \u00e0 l\u2019INE aupr\u00e8s du CSEFRS, cette derni\u00e8re a r\u00e9alis\u00e9 une \u00e9valuation des facult\u00e9s polydisciplinaires (FP). L\u2019objectif est de faire ressortir les sp\u00e9cificit\u00e9s de ce mod\u00e8le d\u2019\u00e9tablissement dans le paysage universitaire marocain.Cette \u00e9valuation revient dans sa premi\u00e8re partie sur les imp\u00e9ratifs de cr\u00e9ation des facult\u00e9s polydisciplinaires dans le contexte&hellip;","og_url":"https:\/\/csefrs.lifemoz.com\/fr\/publications\/rapport-thematique-sur-levaluation-des-facultes-polydisciplinaires\/","og_site_name":"Conseil sup\u00e9rieur de l\u2019\u00e9ducation, de la formation et de la recherche scientifique","article_modified_time":"2026-02-08T13:08:34+00:00","og_image":[{"width":212,"height":300,"url":"https:\/\/csefrs.lifemoz.com\/wp-content\/uploads\/2025\/12\/Rapport-thematique-poly1.jpg","type":"image\/jpeg"}],"twitter_card":"summary_large_image","twitter_misc":{"Dur\u00e9e de lecture estim\u00e9e":"1 minute"},"schema":{"@context":"https:\/\/schema.org","@graph":[{"@type":"WebPage","@id":"https:\/\/csefrs.lifemoz.com\/fr\/publications\/rapport-thematique-sur-levaluation-des-facultes-polydisciplinaires\/","url":"https:\/\/csefrs.lifemoz.com\/fr\/publications\/rapport-thematique-sur-levaluation-des-facultes-polydisciplinaires\/","name":"Rapport th\u00e9matique sur l\u2019\u00e9valuation des facult\u00e9s polydisciplinaires - Conseil sup\u00e9rieur de l\u2019\u00e9ducation, de la formation et de la recherche scientifique","isPartOf":{"@id":"https:\/\/csefrs.lifemoz.com\/#website"},"primaryImageOfPage":{"@id":"https:\/\/csefrs.lifemoz.com\/fr\/publications\/rapport-thematique-sur-levaluation-des-facultes-polydisciplinaires\/#primaryimage"},"image":{"@id":"https:\/\/csefrs.lifemoz.com\/fr\/publications\/rapport-thematique-sur-levaluation-des-facultes-polydisciplinaires\/#primaryimage"},"thumbnailUrl":"https:\/\/csefrs.lifemoz.com\/wp-content\/uploads\/2025\/12\/Rapport-thematique-poly1.jpg","datePublished":"2018-01-18T00:00:00+00:00","dateModified":"2026-02-08T13:08:34+00:00","breadcrumb":{"@id":"https:\/\/csefrs.lifemoz.com\/fr\/publications\/rapport-thematique-sur-levaluation-des-facultes-polydisciplinaires\/#breadcrumb"},"inLanguage":"fr-FR","potentialAction":[{"@type":"ReadAction","target":["https:\/\/csefrs.lifemoz.com\/fr\/publications\/rapport-thematique-sur-levaluation-des-facultes-polydisciplinaires\/"]}]},{"@type":"ImageObject","inLanguage":"fr-FR","@id":"https:\/\/csefrs.lifemoz.com\/fr\/publications\/rapport-thematique-sur-levaluation-des-facultes-polydisciplinaires\/#primaryimage","url":"https:\/\/csefrs.lifemoz.com\/wp-content\/uploads\/2025\/12\/Rapport-thematique-poly1.jpg","contentUrl":"https:\/\/csefrs.lifemoz.com\/wp-content\/uploads\/2025\/12\/Rapport-thematique-poly1.jpg","width":212,"height":300},{"@type":"BreadcrumbList","@id":"https:\/\/csefrs.lifemoz.com\/fr\/publications\/rapport-thematique-sur-levaluation-des-facultes-polydisciplinaires\/#breadcrumb","itemListElement":[{"@type":"ListItem","position":1,"name":"Accueil","item":"https:\/\/csefrs.lifemoz.com\/fr\/"},{"@type":"ListItem","position":2,"name":"Publications","item":"https:\/\/csefrs.lifemoz.com\/\u0627\u0644\u0645\u0646\u0634\u0648\u0631\u0627\u062a\/"},{"@type":"ListItem","position":3,"name":"Rapport th\u00e9matique sur l\u2019\u00e9valuation des facult\u00e9s polydisciplinaires"}]},{"@type":"WebSite","@id":"https:\/\/csefrs.lifemoz.com\/#website","url":"https:\/\/csefrs.lifemoz.com\/","name":"Conseil sup\u00e9rieur de l\u2019\u00e9ducation, de la formation et de la recherche scientifique","description":"","potentialAction":[{"@type":"SearchAction","target":{"@type":"EntryPoint","urlTemplate":"https:\/\/csefrs.lifemoz.com\/?s={search_term_string}"},"query-input":{"@type":"PropertyValueSpecification","valueRequired":true,"valueName":"search_term_string"}}],"inLanguage":"fr-FR"}]}},"_links":{"self":[{"href":"https:\/\/csefrs.lifemoz.com\/fr\/wp-json\/wp\/v2\/product\/37523","targetHints":{"allow":["GET"]}}],"collection":[{"href":"https:\/\/csefrs.lifemoz.com\/fr\/wp-json\/wp\/v2\/product"}],"about":[{"href":"https:\/\/csefrs.lifemoz.com\/fr\/wp-json\/wp\/v2\/types\/product"}],"wp:featuredmedia":[{"embeddable":true,"href":"https:\/\/csefrs.lifemoz.com\/fr\/wp-json\/wp\/v2\/media\/37123"}],"wp:attachment":[{"href":"https:\/\/csefrs.lifemoz.com\/fr\/wp-json\/wp\/v2\/media?parent=37523"}],"wp:term":[{"taxonomy":"product_brand","embeddable":true,"href":"https:\/\/csefrs.lifemoz.com\/fr\/wp-json\/wp\/v2\/product_brand?post=37523"},{"taxonomy":"product_cat","embeddable":true,"href":"https:\/\/csefrs.lifemoz.com\/fr\/wp-json\/wp\/v2\/product_cat?post=37523"},{"taxonomy":"product_tag","embeddable":true,"href":"https:\/\/csefrs.lifemoz.com\/fr\/wp-json\/wp\/v2\/product_tag?post=37523"}],"curies":[{"name":"wp","href":"https:\/\/api.w.org\/{rel}","templated":true}]}}