{"id":37519,"date":"2008-10-21T00:00:00","date_gmt":"2008-10-21T00:00:00","guid":{"rendered":"https:\/\/csefrs.lifemoz.com\/\u0627\u0644\u0645\u0646\u0634\u0648\u0631\u0627\u062a\/le-partenariat-institutionnel-pour-lecole-marocaine\/"},"modified":"2026-02-08T14:08:44","modified_gmt":"2026-02-08T13:08:44","slug":"le-partenariat-institutionnel-pour-lecole-marocaine","status":"publish","type":"product","link":"https:\/\/csefrs.lifemoz.com\/fr\/publications\/le-partenariat-institutionnel-pour-lecole-marocaine\/","title":{"rendered":"Le partenariat institutionnel pour l\u2019\u00e9cole marocaine"},"content":{"rendered":"<div id=\"Resume21\">\n<p style=\"text-align: justify;\">Le Conseil Sup\u00e9rieur de l\u2019Enseignement, en collaboration avec le Minist\u00e8re de l\u2019Education Nationale, de l\u2019Enseignement Sup\u00e9rieur, de la Formation des Cadres et de la Recherche Scientifique, le Minist\u00e8re de l\u2019Emploi et de la Formation Professionnelle, la Conf\u00e9d\u00e9ration G\u00e9n\u00e9rale des Entreprises du Maroc (CGEM) et la Direction des Collectivit\u00e9s Locales, organise un colloque national autour du th\u00e8me \u00ab Le partenariat institutionnel pour l\u2019\u00e9cole marocaine\u00bb, les 21 et 22 octobre 2008 \u00e0 l\u2019espace des expositions de l\u2019Office des Changes \u00e0 Casablanca.<\/p>\n<p>&nbsp;<\/p>\n<p><a class=\"download-button-intern-fr\" href=\"https:\/\/csefrs.lifemoz.com\/wp-content\/uploads\/2017\/11\/colloque_partenariat.pdf\" target=\"_blank\" rel=\"noopener\">T\u00e9l\u00e9charger les actes du colloque<\/a>\n<\/div>\n","protected":false},"excerpt":{"rendered":"<p>Le Conseil Sup\u00e9rieur de l\u2019Enseignement, en collaboration avec le Minist\u00e8re de l\u2019Education Nationale, de l\u2019Enseignement Sup\u00e9rieur, de la Formation des Cadres et de la Recherche Scientifique, le Minist\u00e8re de l\u2019Emploi et de la Formation Professionnelle, la Conf\u00e9d\u00e9ration G\u00e9n\u00e9rale des Entreprises du Maroc (CGEM) et la Direction des Collectivit\u00e9s Locales, organise un colloque national autour du&hellip;<\/p>\n","protected":false},"featured_media":37121,"template":"","meta":[],"product_brand":[],"product_cat":[511],"product_tag":[],"class_list":{"0":"post-37519","1":"product","2":"type-product","3":"status-publish","4":"has-post-thumbnail","6":"product_cat-actes-des-colloques-et-rencontres","7":"description-off","9":"first","10":"instock","11":"downloadable","12":"virtual","13":"sold-individually","14":"purchasable","15":"product-type-simple"},"yoast_head":"<!-- This site is optimized with the Yoast SEO plugin v27.5 - https:\/\/yoast.com\/product\/yoast-seo-wordpress\/ -->\n<title>Le partenariat institutionnel pour l\u2019\u00e9cole marocaine - Conseil sup\u00e9rieur de l\u2019\u00e9ducation, de la formation et de la recherche scientifique<\/title>\n<meta name=\"robots\" content=\"noindex, follow, max-snippet:-1, max-image-preview:large, max-video-preview:-1\" \/>\n<meta property=\"og:locale\" content=\"fr_FR\" \/>\n<meta property=\"og:type\" content=\"article\" \/>\n<meta property=\"og:title\" content=\"Le partenariat institutionnel pour l\u2019\u00e9cole marocaine - Conseil sup\u00e9rieur de l\u2019\u00e9ducation, de la formation et de la recherche scientifique\" \/>\n<meta property=\"og:description\" content=\"Le Conseil Sup\u00e9rieur de l\u2019Enseignement, en collaboration avec le Minist\u00e8re de l\u2019Education Nationale, de l\u2019Enseignement Sup\u00e9rieur, de la Formation des Cadres et de la Recherche Scientifique, le Minist\u00e8re de l\u2019Emploi et de la Formation Professionnelle, la Conf\u00e9d\u00e9ration G\u00e9n\u00e9rale des Entreprises du Maroc (CGEM) et la Direction des Collectivit\u00e9s Locales, organise un colloque national autour du&hellip;\" \/>\n<meta property=\"og:url\" content=\"https:\/\/csefrs.lifemoz.com\/fr\/publications\/le-partenariat-institutionnel-pour-lecole-marocaine\/\" \/>\n<meta property=\"og:site_name\" content=\"Conseil sup\u00e9rieur de l\u2019\u00e9ducation, de la formation et de la recherche scientifique\" \/>\n<meta property=\"article:modified_time\" content=\"2026-02-08T13:08:44+00:00\" \/>\n<meta property=\"og:image\" content=\"https:\/\/csefrs.lifemoz.com\/wp-content\/uploads\/2025\/12\/colloque_partenariat-308.jpg\" \/>\n\t<meta property=\"og:image:width\" content=\"738\" \/>\n\t<meta property=\"og:image:height\" content=\"1024\" \/>\n\t<meta property=\"og:image:type\" content=\"image\/jpeg\" \/>\n<meta name=\"twitter:card\" content=\"summary_large_image\" \/>\n<script type=\"application\/ld+json\" class=\"yoast-schema-graph\">{\"@context\":\"https:\\\/\\\/schema.org\",\"@graph\":[{\"@type\":\"WebPage\",\"@id\":\"https:\\\/\\\/csefrs.lifemoz.com\\\/fr\\\/publications\\\/le-partenariat-institutionnel-pour-lecole-marocaine\\\/\",\"url\":\"https:\\\/\\\/csefrs.lifemoz.com\\\/fr\\\/publications\\\/le-partenariat-institutionnel-pour-lecole-marocaine\\\/\",\"name\":\"Le partenariat institutionnel pour l\u2019\u00e9cole marocaine - Conseil sup\u00e9rieur de l\u2019\u00e9ducation, de la formation et de la recherche scientifique\",\"isPartOf\":{\"@id\":\"https:\\\/\\\/csefrs.lifemoz.com\\\/#website\"},\"primaryImageOfPage\":{\"@id\":\"https:\\\/\\\/csefrs.lifemoz.com\\\/fr\\\/publications\\\/le-partenariat-institutionnel-pour-lecole-marocaine\\\/#primaryimage\"},\"image\":{\"@id\":\"https:\\\/\\\/csefrs.lifemoz.com\\\/fr\\\/publications\\\/le-partenariat-institutionnel-pour-lecole-marocaine\\\/#primaryimage\"},\"thumbnailUrl\":\"https:\\\/\\\/csefrs.lifemoz.com\\\/wp-content\\\/uploads\\\/2025\\\/12\\\/colloque_partenariat-308.jpg\",\"datePublished\":\"2008-10-21T00:00:00+00:00\",\"dateModified\":\"2026-02-08T13:08:44+00:00\",\"breadcrumb\":{\"@id\":\"https:\\\/\\\/csefrs.lifemoz.com\\\/fr\\\/publications\\\/le-partenariat-institutionnel-pour-lecole-marocaine\\\/#breadcrumb\"},\"inLanguage\":\"fr-FR\",\"potentialAction\":[{\"@type\":\"ReadAction\",\"target\":[\"https:\\\/\\\/csefrs.lifemoz.com\\\/fr\\\/publications\\\/le-partenariat-institutionnel-pour-lecole-marocaine\\\/\"]}]},{\"@type\":\"ImageObject\",\"inLanguage\":\"fr-FR\",\"@id\":\"https:\\\/\\\/csefrs.lifemoz.com\\\/fr\\\/publications\\\/le-partenariat-institutionnel-pour-lecole-marocaine\\\/#primaryimage\",\"url\":\"https:\\\/\\\/csefrs.lifemoz.com\\\/wp-content\\\/uploads\\\/2025\\\/12\\\/colloque_partenariat-308.jpg\",\"contentUrl\":\"https:\\\/\\\/csefrs.lifemoz.com\\\/wp-content\\\/uploads\\\/2025\\\/12\\\/colloque_partenariat-308.jpg\",\"width\":738,\"height\":1024},{\"@type\":\"BreadcrumbList\",\"@id\":\"https:\\\/\\\/csefrs.lifemoz.com\\\/fr\\\/publications\\\/le-partenariat-institutionnel-pour-lecole-marocaine\\\/#breadcrumb\",\"itemListElement\":[{\"@type\":\"ListItem\",\"position\":1,\"name\":\"Accueil\",\"item\":\"https:\\\/\\\/csefrs.lifemoz.com\\\/fr\\\/\"},{\"@type\":\"ListItem\",\"position\":2,\"name\":\"Publications\",\"item\":\"https:\\\/\\\/csefrs.lifemoz.com\\\/\u0627\u0644\u0645\u0646\u0634\u0648\u0631\u0627\u062a\\\/\"},{\"@type\":\"ListItem\",\"position\":3,\"name\":\"Le partenariat institutionnel pour l\u2019\u00e9cole marocaine\"}]},{\"@type\":\"WebSite\",\"@id\":\"https:\\\/\\\/csefrs.lifemoz.com\\\/#website\",\"url\":\"https:\\\/\\\/csefrs.lifemoz.com\\\/\",\"name\":\"Conseil sup\u00e9rieur de l\u2019\u00e9ducation, de la formation et de la recherche scientifique\",\"description\":\"\",\"potentialAction\":[{\"@type\":\"SearchAction\",\"target\":{\"@type\":\"EntryPoint\",\"urlTemplate\":\"https:\\\/\\\/csefrs.lifemoz.com\\\/?s={search_term_string}\"},\"query-input\":{\"@type\":\"PropertyValueSpecification\",\"valueRequired\":true,\"valueName\":\"search_term_string\"}}],\"inLanguage\":\"fr-FR\"}]}<\/script>\n<!-- \/ Yoast SEO plugin. -->","yoast_head_json":{"title":"Le partenariat institutionnel pour l\u2019\u00e9cole marocaine - Conseil sup\u00e9rieur de l\u2019\u00e9ducation, de la formation et de la recherche scientifique","robots":{"index":"noindex","follow":"follow","max-snippet":"max-snippet:-1","max-image-preview":"max-image-preview:large","max-video-preview":"max-video-preview:-1"},"og_locale":"fr_FR","og_type":"article","og_title":"Le partenariat institutionnel pour l\u2019\u00e9cole marocaine - Conseil sup\u00e9rieur de l\u2019\u00e9ducation, de la formation et de la recherche scientifique","og_description":"Le Conseil Sup\u00e9rieur de l\u2019Enseignement, en collaboration avec le Minist\u00e8re de l\u2019Education Nationale, de l\u2019Enseignement Sup\u00e9rieur, de la Formation des Cadres et de la Recherche Scientifique, le Minist\u00e8re de l\u2019Emploi et de la Formation Professionnelle, la Conf\u00e9d\u00e9ration G\u00e9n\u00e9rale des Entreprises du Maroc (CGEM) et la Direction des Collectivit\u00e9s Locales, organise un colloque national autour du&hellip;","og_url":"https:\/\/csefrs.lifemoz.com\/fr\/publications\/le-partenariat-institutionnel-pour-lecole-marocaine\/","og_site_name":"Conseil sup\u00e9rieur de l\u2019\u00e9ducation, de la formation et de la recherche scientifique","article_modified_time":"2026-02-08T13:08:44+00:00","og_image":[{"width":738,"height":1024,"url":"https:\/\/csefrs.lifemoz.com\/wp-content\/uploads\/2025\/12\/colloque_partenariat-308.jpg","type":"image\/jpeg"}],"twitter_card":"summary_large_image","schema":{"@context":"https:\/\/schema.org","@graph":[{"@type":"WebPage","@id":"https:\/\/csefrs.lifemoz.com\/fr\/publications\/le-partenariat-institutionnel-pour-lecole-marocaine\/","url":"https:\/\/csefrs.lifemoz.com\/fr\/publications\/le-partenariat-institutionnel-pour-lecole-marocaine\/","name":"Le partenariat institutionnel pour l\u2019\u00e9cole marocaine - Conseil sup\u00e9rieur de l\u2019\u00e9ducation, de la formation et de la recherche scientifique","isPartOf":{"@id":"https:\/\/csefrs.lifemoz.com\/#website"},"primaryImageOfPage":{"@id":"https:\/\/csefrs.lifemoz.com\/fr\/publications\/le-partenariat-institutionnel-pour-lecole-marocaine\/#primaryimage"},"image":{"@id":"https:\/\/csefrs.lifemoz.com\/fr\/publications\/le-partenariat-institutionnel-pour-lecole-marocaine\/#primaryimage"},"thumbnailUrl":"https:\/\/csefrs.lifemoz.com\/wp-content\/uploads\/2025\/12\/colloque_partenariat-308.jpg","datePublished":"2008-10-21T00:00:00+00:00","dateModified":"2026-02-08T13:08:44+00:00","breadcrumb":{"@id":"https:\/\/csefrs.lifemoz.com\/fr\/publications\/le-partenariat-institutionnel-pour-lecole-marocaine\/#breadcrumb"},"inLanguage":"fr-FR","potentialAction":[{"@type":"ReadAction","target":["https:\/\/csefrs.lifemoz.com\/fr\/publications\/le-partenariat-institutionnel-pour-lecole-marocaine\/"]}]},{"@type":"ImageObject","inLanguage":"fr-FR","@id":"https:\/\/csefrs.lifemoz.com\/fr\/publications\/le-partenariat-institutionnel-pour-lecole-marocaine\/#primaryimage","url":"https:\/\/csefrs.lifemoz.com\/wp-content\/uploads\/2025\/12\/colloque_partenariat-308.jpg","contentUrl":"https:\/\/csefrs.lifemoz.com\/wp-content\/uploads\/2025\/12\/colloque_partenariat-308.jpg","width":738,"height":1024},{"@type":"BreadcrumbList","@id":"https:\/\/csefrs.lifemoz.com\/fr\/publications\/le-partenariat-institutionnel-pour-lecole-marocaine\/#breadcrumb","itemListElement":[{"@type":"ListItem","position":1,"name":"Accueil","item":"https:\/\/csefrs.lifemoz.com\/fr\/"},{"@type":"ListItem","position":2,"name":"Publications","item":"https:\/\/csefrs.lifemoz.com\/\u0627\u0644\u0645\u0646\u0634\u0648\u0631\u0627\u062a\/"},{"@type":"ListItem","position":3,"name":"Le partenariat institutionnel pour l\u2019\u00e9cole marocaine"}]},{"@type":"WebSite","@id":"https:\/\/csefrs.lifemoz.com\/#website","url":"https:\/\/csefrs.lifemoz.com\/","name":"Conseil sup\u00e9rieur de l\u2019\u00e9ducation, de la formation et de la recherche scientifique","description":"","potentialAction":[{"@type":"SearchAction","target":{"@type":"EntryPoint","urlTemplate":"https:\/\/csefrs.lifemoz.com\/?s={search_term_string}"},"query-input":{"@type":"PropertyValueSpecification","valueRequired":true,"valueName":"search_term_string"}}],"inLanguage":"fr-FR"}]}},"_links":{"self":[{"href":"https:\/\/csefrs.lifemoz.com\/fr\/wp-json\/wp\/v2\/product\/37519","targetHints":{"allow":["GET"]}}],"collection":[{"href":"https:\/\/csefrs.lifemoz.com\/fr\/wp-json\/wp\/v2\/product"}],"about":[{"href":"https:\/\/csefrs.lifemoz.com\/fr\/wp-json\/wp\/v2\/types\/product"}],"wp:featuredmedia":[{"embeddable":true,"href":"https:\/\/csefrs.lifemoz.com\/fr\/wp-json\/wp\/v2\/media\/37121"}],"wp:attachment":[{"href":"https:\/\/csefrs.lifemoz.com\/fr\/wp-json\/wp\/v2\/media?parent=37519"}],"wp:term":[{"taxonomy":"product_brand","embeddable":true,"href":"https:\/\/csefrs.lifemoz.com\/fr\/wp-json\/wp\/v2\/product_brand?post=37519"},{"taxonomy":"product_cat","embeddable":true,"href":"https:\/\/csefrs.lifemoz.com\/fr\/wp-json\/wp\/v2\/product_cat?post=37519"},{"taxonomy":"product_tag","embeddable":true,"href":"https:\/\/csefrs.lifemoz.com\/fr\/wp-json\/wp\/v2\/product_tag?post=37519"}],"curies":[{"name":"wp","href":"https:\/\/api.w.org\/{rel}","templated":true}]}}