{"id":37517,"date":"2008-04-17T00:00:00","date_gmt":"2008-04-17T00:00:00","guid":{"rendered":"https:\/\/csefrs.lifemoz.com\/\u0627\u0644\u0645\u0646\u0634\u0648\u0631\u0627\u062a\/premiere-rencontre-nationale-levaluation-des-systemes-deducation-et-de-formation-dans-tous-ses-etats\/"},"modified":"2026-02-08T14:08:45","modified_gmt":"2026-02-08T13:08:45","slug":"premiere-rencontre-nationale-levaluation-des-systemes-deducation-et-de-formation-dans-tous-ses-etats","status":"publish","type":"product","link":"https:\/\/csefrs.lifemoz.com\/fr\/publications\/premiere-rencontre-nationale-levaluation-des-systemes-deducation-et-de-formation-dans-tous-ses-etats\/","title":{"rendered":"Premi\u00e8re rencontre nationale : L\u2019\u00e9valuation des syst\u00e8mes d\u2019\u00e9ducation et de formation dans tous ses \u00e9tats"},"content":{"rendered":"<p style=\"text-align: justify;\">L\u2019Instance Nationale d\u2019Evaluation du Syst\u00e8me Education-Formation aupr\u00e8s du Conseil Sup\u00e9rieur de l\u2019Enseignement, a organis\u00e9, en partenariat avec l\u2019Universit\u00e9 Mohamed V Souissi, la premi\u00e8re rencontre annuelle de l\u2019\u00e9valuation, \u00e0 Rabat du 17 au 19 avril 2008, sous le th\u00e8me : \u00abL\u2019\u00e9valuation des syst\u00e8mes d\u2019\u00e9ducation et de formation dans tous ses \u00e9tats\u00bb<\/p>\n<p>&nbsp;<\/p>\n<p><a class=\"download-button-intern-fr\" href=\"https:\/\/csefrs.lifemoz.com\/wp-content\/uploads\/2017\/11\/resume_r1_fr.pdf\" target=\"_blank\" rel=\"noopener\">T\u00e9l\u00e9charger les actes du rencontre<\/a><\/p>\n","protected":false},"excerpt":{"rendered":"<p>L\u2019Instance Nationale d\u2019Evaluation du Syst\u00e8me Education-Formation aupr\u00e8s du Conseil Sup\u00e9rieur de l\u2019Enseignement, a organis\u00e9, en partenariat avec l\u2019Universit\u00e9 Mohamed V Souissi, la premi\u00e8re rencontre annuelle de l\u2019\u00e9valuation, \u00e0 Rabat du 17 au 19 avril 2008, sous le th\u00e8me : \u00abL\u2019\u00e9valuation des syst\u00e8mes d\u2019\u00e9ducation et de formation dans tous ses \u00e9tats\u00bb &nbsp; T\u00e9l\u00e9charger les actes du&hellip;<\/p>\n","protected":false},"featured_media":36394,"template":"","meta":[],"product_brand":[],"product_cat":[511],"product_tag":[],"class_list":{"0":"post-37517","1":"product","2":"type-product","3":"status-publish","4":"has-post-thumbnail","6":"product_cat-actes-des-colloques-et-rencontres","7":"description-off","9":"first","10":"instock","11":"downloadable","12":"virtual","13":"sold-individually","14":"purchasable","15":"product-type-simple"},"yoast_head":"<!-- This site is optimized with the Yoast SEO plugin v27.5 - https:\/\/yoast.com\/product\/yoast-seo-wordpress\/ -->\n<title>Premi\u00e8re rencontre nationale : L\u2019\u00e9valuation des syst\u00e8mes d\u2019\u00e9ducation et de formation dans tous ses \u00e9tats - Conseil sup\u00e9rieur de l\u2019\u00e9ducation, de la formation et de la recherche scientifique<\/title>\n<meta name=\"robots\" content=\"noindex, follow, max-snippet:-1, max-image-preview:large, max-video-preview:-1\" \/>\n<meta property=\"og:locale\" content=\"fr_FR\" \/>\n<meta property=\"og:type\" content=\"article\" \/>\n<meta property=\"og:title\" content=\"Premi\u00e8re rencontre nationale : L\u2019\u00e9valuation des syst\u00e8mes d\u2019\u00e9ducation et de formation dans tous ses \u00e9tats - Conseil sup\u00e9rieur de l\u2019\u00e9ducation, de la formation et de la recherche scientifique\" \/>\n<meta property=\"og:description\" content=\"L\u2019Instance Nationale d\u2019Evaluation du Syst\u00e8me Education-Formation aupr\u00e8s du Conseil Sup\u00e9rieur de l\u2019Enseignement, a organis\u00e9, en partenariat avec l\u2019Universit\u00e9 Mohamed V Souissi, la premi\u00e8re rencontre annuelle de l\u2019\u00e9valuation, \u00e0 Rabat du 17 au 19 avril 2008, sous le th\u00e8me : \u00abL\u2019\u00e9valuation des syst\u00e8mes d\u2019\u00e9ducation et de formation dans tous ses \u00e9tats\u00bb &nbsp; T\u00e9l\u00e9charger les actes du&hellip;\" \/>\n<meta property=\"og:url\" content=\"https:\/\/csefrs.lifemoz.com\/fr\/publications\/premiere-rencontre-nationale-levaluation-des-systemes-deducation-et-de-formation-dans-tous-ses-etats\/\" \/>\n<meta property=\"og:site_name\" content=\"Conseil sup\u00e9rieur de l\u2019\u00e9ducation, de la formation et de la recherche scientifique\" \/>\n<meta property=\"article:modified_time\" content=\"2026-02-08T13:08:45+00:00\" \/>\n<meta property=\"og:image\" content=\"https:\/\/csefrs.lifemoz.com\/wp-content\/uploads\/2025\/12\/resume_r1_fr-1.jpg\" \/>\n\t<meta property=\"og:image:width\" content=\"725\" \/>\n\t<meta property=\"og:image:height\" content=\"1024\" \/>\n\t<meta property=\"og:image:type\" content=\"image\/jpeg\" \/>\n<meta name=\"twitter:card\" content=\"summary_large_image\" \/>\n<script type=\"application\/ld+json\" class=\"yoast-schema-graph\">{\"@context\":\"https:\\\/\\\/schema.org\",\"@graph\":[{\"@type\":\"WebPage\",\"@id\":\"https:\\\/\\\/csefrs.lifemoz.com\\\/fr\\\/publications\\\/premiere-rencontre-nationale-levaluation-des-systemes-deducation-et-de-formation-dans-tous-ses-etats\\\/\",\"url\":\"https:\\\/\\\/csefrs.lifemoz.com\\\/fr\\\/publications\\\/premiere-rencontre-nationale-levaluation-des-systemes-deducation-et-de-formation-dans-tous-ses-etats\\\/\",\"name\":\"Premi\u00e8re rencontre nationale : L\u2019\u00e9valuation des syst\u00e8mes d\u2019\u00e9ducation et de formation dans tous ses \u00e9tats - Conseil sup\u00e9rieur de l\u2019\u00e9ducation, de la formation et de la recherche scientifique\",\"isPartOf\":{\"@id\":\"https:\\\/\\\/csefrs.lifemoz.com\\\/#website\"},\"primaryImageOfPage\":{\"@id\":\"https:\\\/\\\/csefrs.lifemoz.com\\\/fr\\\/publications\\\/premiere-rencontre-nationale-levaluation-des-systemes-deducation-et-de-formation-dans-tous-ses-etats\\\/#primaryimage\"},\"image\":{\"@id\":\"https:\\\/\\\/csefrs.lifemoz.com\\\/fr\\\/publications\\\/premiere-rencontre-nationale-levaluation-des-systemes-deducation-et-de-formation-dans-tous-ses-etats\\\/#primaryimage\"},\"thumbnailUrl\":\"https:\\\/\\\/csefrs.lifemoz.com\\\/wp-content\\\/uploads\\\/2025\\\/12\\\/resume_r1_fr-1.jpg\",\"datePublished\":\"2008-04-17T00:00:00+00:00\",\"dateModified\":\"2026-02-08T13:08:45+00:00\",\"breadcrumb\":{\"@id\":\"https:\\\/\\\/csefrs.lifemoz.com\\\/fr\\\/publications\\\/premiere-rencontre-nationale-levaluation-des-systemes-deducation-et-de-formation-dans-tous-ses-etats\\\/#breadcrumb\"},\"inLanguage\":\"fr-FR\",\"potentialAction\":[{\"@type\":\"ReadAction\",\"target\":[\"https:\\\/\\\/csefrs.lifemoz.com\\\/fr\\\/publications\\\/premiere-rencontre-nationale-levaluation-des-systemes-deducation-et-de-formation-dans-tous-ses-etats\\\/\"]}]},{\"@type\":\"ImageObject\",\"inLanguage\":\"fr-FR\",\"@id\":\"https:\\\/\\\/csefrs.lifemoz.com\\\/fr\\\/publications\\\/premiere-rencontre-nationale-levaluation-des-systemes-deducation-et-de-formation-dans-tous-ses-etats\\\/#primaryimage\",\"url\":\"https:\\\/\\\/csefrs.lifemoz.com\\\/wp-content\\\/uploads\\\/2025\\\/12\\\/resume_r1_fr-1.jpg\",\"contentUrl\":\"https:\\\/\\\/csefrs.lifemoz.com\\\/wp-content\\\/uploads\\\/2025\\\/12\\\/resume_r1_fr-1.jpg\",\"width\":725,\"height\":1024},{\"@type\":\"BreadcrumbList\",\"@id\":\"https:\\\/\\\/csefrs.lifemoz.com\\\/fr\\\/publications\\\/premiere-rencontre-nationale-levaluation-des-systemes-deducation-et-de-formation-dans-tous-ses-etats\\\/#breadcrumb\",\"itemListElement\":[{\"@type\":\"ListItem\",\"position\":1,\"name\":\"Accueil\",\"item\":\"https:\\\/\\\/csefrs.lifemoz.com\\\/fr\\\/\"},{\"@type\":\"ListItem\",\"position\":2,\"name\":\"Publications\",\"item\":\"https:\\\/\\\/csefrs.lifemoz.com\\\/\u0627\u0644\u0645\u0646\u0634\u0648\u0631\u0627\u062a\\\/\"},{\"@type\":\"ListItem\",\"position\":3,\"name\":\"Premi\u00e8re rencontre nationale : L\u2019\u00e9valuation des syst\u00e8mes d\u2019\u00e9ducation et de formation dans tous ses \u00e9tats\"}]},{\"@type\":\"WebSite\",\"@id\":\"https:\\\/\\\/csefrs.lifemoz.com\\\/#website\",\"url\":\"https:\\\/\\\/csefrs.lifemoz.com\\\/\",\"name\":\"Conseil sup\u00e9rieur de l\u2019\u00e9ducation, de la formation et de la recherche scientifique\",\"description\":\"\",\"potentialAction\":[{\"@type\":\"SearchAction\",\"target\":{\"@type\":\"EntryPoint\",\"urlTemplate\":\"https:\\\/\\\/csefrs.lifemoz.com\\\/?s={search_term_string}\"},\"query-input\":{\"@type\":\"PropertyValueSpecification\",\"valueRequired\":true,\"valueName\":\"search_term_string\"}}],\"inLanguage\":\"fr-FR\"}]}<\/script>\n<!-- \/ Yoast SEO plugin. -->","yoast_head_json":{"title":"Premi\u00e8re rencontre nationale : L\u2019\u00e9valuation des syst\u00e8mes d\u2019\u00e9ducation et de formation dans tous ses \u00e9tats - Conseil sup\u00e9rieur de l\u2019\u00e9ducation, de la formation et de la recherche scientifique","robots":{"index":"noindex","follow":"follow","max-snippet":"max-snippet:-1","max-image-preview":"max-image-preview:large","max-video-preview":"max-video-preview:-1"},"og_locale":"fr_FR","og_type":"article","og_title":"Premi\u00e8re rencontre nationale : L\u2019\u00e9valuation des syst\u00e8mes d\u2019\u00e9ducation et de formation dans tous ses \u00e9tats - Conseil sup\u00e9rieur de l\u2019\u00e9ducation, de la formation et de la recherche scientifique","og_description":"L\u2019Instance Nationale d\u2019Evaluation du Syst\u00e8me Education-Formation aupr\u00e8s du Conseil Sup\u00e9rieur de l\u2019Enseignement, a organis\u00e9, en partenariat avec l\u2019Universit\u00e9 Mohamed V Souissi, la premi\u00e8re rencontre annuelle de l\u2019\u00e9valuation, \u00e0 Rabat du 17 au 19 avril 2008, sous le th\u00e8me : \u00abL\u2019\u00e9valuation des syst\u00e8mes d\u2019\u00e9ducation et de formation dans tous ses \u00e9tats\u00bb &nbsp; T\u00e9l\u00e9charger les actes du&hellip;","og_url":"https:\/\/csefrs.lifemoz.com\/fr\/publications\/premiere-rencontre-nationale-levaluation-des-systemes-deducation-et-de-formation-dans-tous-ses-etats\/","og_site_name":"Conseil sup\u00e9rieur de l\u2019\u00e9ducation, de la formation et de la recherche scientifique","article_modified_time":"2026-02-08T13:08:45+00:00","og_image":[{"width":725,"height":1024,"url":"https:\/\/csefrs.lifemoz.com\/wp-content\/uploads\/2025\/12\/resume_r1_fr-1.jpg","type":"image\/jpeg"}],"twitter_card":"summary_large_image","schema":{"@context":"https:\/\/schema.org","@graph":[{"@type":"WebPage","@id":"https:\/\/csefrs.lifemoz.com\/fr\/publications\/premiere-rencontre-nationale-levaluation-des-systemes-deducation-et-de-formation-dans-tous-ses-etats\/","url":"https:\/\/csefrs.lifemoz.com\/fr\/publications\/premiere-rencontre-nationale-levaluation-des-systemes-deducation-et-de-formation-dans-tous-ses-etats\/","name":"Premi\u00e8re rencontre nationale : L\u2019\u00e9valuation des syst\u00e8mes d\u2019\u00e9ducation et de formation dans tous ses \u00e9tats - Conseil sup\u00e9rieur de l\u2019\u00e9ducation, de la formation et de la recherche scientifique","isPartOf":{"@id":"https:\/\/csefrs.lifemoz.com\/#website"},"primaryImageOfPage":{"@id":"https:\/\/csefrs.lifemoz.com\/fr\/publications\/premiere-rencontre-nationale-levaluation-des-systemes-deducation-et-de-formation-dans-tous-ses-etats\/#primaryimage"},"image":{"@id":"https:\/\/csefrs.lifemoz.com\/fr\/publications\/premiere-rencontre-nationale-levaluation-des-systemes-deducation-et-de-formation-dans-tous-ses-etats\/#primaryimage"},"thumbnailUrl":"https:\/\/csefrs.lifemoz.com\/wp-content\/uploads\/2025\/12\/resume_r1_fr-1.jpg","datePublished":"2008-04-17T00:00:00+00:00","dateModified":"2026-02-08T13:08:45+00:00","breadcrumb":{"@id":"https:\/\/csefrs.lifemoz.com\/fr\/publications\/premiere-rencontre-nationale-levaluation-des-systemes-deducation-et-de-formation-dans-tous-ses-etats\/#breadcrumb"},"inLanguage":"fr-FR","potentialAction":[{"@type":"ReadAction","target":["https:\/\/csefrs.lifemoz.com\/fr\/publications\/premiere-rencontre-nationale-levaluation-des-systemes-deducation-et-de-formation-dans-tous-ses-etats\/"]}]},{"@type":"ImageObject","inLanguage":"fr-FR","@id":"https:\/\/csefrs.lifemoz.com\/fr\/publications\/premiere-rencontre-nationale-levaluation-des-systemes-deducation-et-de-formation-dans-tous-ses-etats\/#primaryimage","url":"https:\/\/csefrs.lifemoz.com\/wp-content\/uploads\/2025\/12\/resume_r1_fr-1.jpg","contentUrl":"https:\/\/csefrs.lifemoz.com\/wp-content\/uploads\/2025\/12\/resume_r1_fr-1.jpg","width":725,"height":1024},{"@type":"BreadcrumbList","@id":"https:\/\/csefrs.lifemoz.com\/fr\/publications\/premiere-rencontre-nationale-levaluation-des-systemes-deducation-et-de-formation-dans-tous-ses-etats\/#breadcrumb","itemListElement":[{"@type":"ListItem","position":1,"name":"Accueil","item":"https:\/\/csefrs.lifemoz.com\/fr\/"},{"@type":"ListItem","position":2,"name":"Publications","item":"https:\/\/csefrs.lifemoz.com\/\u0627\u0644\u0645\u0646\u0634\u0648\u0631\u0627\u062a\/"},{"@type":"ListItem","position":3,"name":"Premi\u00e8re rencontre nationale : L\u2019\u00e9valuation des syst\u00e8mes d\u2019\u00e9ducation et de formation dans tous ses \u00e9tats"}]},{"@type":"WebSite","@id":"https:\/\/csefrs.lifemoz.com\/#website","url":"https:\/\/csefrs.lifemoz.com\/","name":"Conseil sup\u00e9rieur de l\u2019\u00e9ducation, de la formation et de la recherche scientifique","description":"","potentialAction":[{"@type":"SearchAction","target":{"@type":"EntryPoint","urlTemplate":"https:\/\/csefrs.lifemoz.com\/?s={search_term_string}"},"query-input":{"@type":"PropertyValueSpecification","valueRequired":true,"valueName":"search_term_string"}}],"inLanguage":"fr-FR"}]}},"_links":{"self":[{"href":"https:\/\/csefrs.lifemoz.com\/fr\/wp-json\/wp\/v2\/product\/37517","targetHints":{"allow":["GET"]}}],"collection":[{"href":"https:\/\/csefrs.lifemoz.com\/fr\/wp-json\/wp\/v2\/product"}],"about":[{"href":"https:\/\/csefrs.lifemoz.com\/fr\/wp-json\/wp\/v2\/types\/product"}],"wp:featuredmedia":[{"embeddable":true,"href":"https:\/\/csefrs.lifemoz.com\/fr\/wp-json\/wp\/v2\/media\/36394"}],"wp:attachment":[{"href":"https:\/\/csefrs.lifemoz.com\/fr\/wp-json\/wp\/v2\/media?parent=37517"}],"wp:term":[{"taxonomy":"product_brand","embeddable":true,"href":"https:\/\/csefrs.lifemoz.com\/fr\/wp-json\/wp\/v2\/product_brand?post=37517"},{"taxonomy":"product_cat","embeddable":true,"href":"https:\/\/csefrs.lifemoz.com\/fr\/wp-json\/wp\/v2\/product_cat?post=37517"},{"taxonomy":"product_tag","embeddable":true,"href":"https:\/\/csefrs.lifemoz.com\/fr\/wp-json\/wp\/v2\/product_tag?post=37517"}],"curies":[{"name":"wp","href":"https:\/\/api.w.org\/{rel}","templated":true}]}}