{"id":37515,"date":"2009-10-20T00:00:00","date_gmt":"2009-10-20T00:00:00","guid":{"rendered":"https:\/\/csefrs.lifemoz.com\/\u0627\u0644\u0645\u0646\u0634\u0648\u0631\u0627\u062a\/enseignement-et-apprentissage-des-langues-dans-les-systemes-deducation-et-de-formation-etat-des-lieux-et-perspectives\/"},"modified":"2026-02-08T14:08:40","modified_gmt":"2026-02-08T13:08:40","slug":"enseignement-et-apprentissage-des-langues-dans-les-systemes-deducation-et-de-formation-etat-des-lieux-et-perspectives","status":"publish","type":"product","link":"https:\/\/csefrs.lifemoz.com\/fr\/publications\/enseignement-et-apprentissage-des-langues-dans-les-systemes-deducation-et-de-formation-etat-des-lieux-et-perspectives\/","title":{"rendered":"Enseignement et apprentissage des langues dans les syst\u00e8mes d\u2019\u00e9ducation et de formation\u00a0: \u00e9tat des lieux et perspectives"},"content":{"rendered":"<p style=\"text-align: justify;\">Le Conseil Sup\u00e9rieur de l\u2019Enseignement organise un colloque scientifique national autour du th\u00e8me \u00ab Enseignement et apprentissage des langues dans les syst\u00e8mes d\u2019\u00e9ducation et de formation : \u00e9tat des lieux et perspectives \u00bb les 20 et 21 octobre \u00e0 l\u2019Ecole Mohammedia des Ing\u00e9nieurs \u00e0 Rabat.<\/p>\n<p style=\"text-align: justify;\">L\u2019organisation de ce colloque s\u2019inscrit dans le cadre d\u2019une s\u00e9rie de travaux pr\u00e9paratoires entrepris par le Conseil en vue de l\u2019\u00e9laboration d\u2019une feuille de route visant \u00e0 contribuer \u00e0 la r\u00e9solution de la probl\u00e9matique de la ma\u00eetrise des comp\u00e9tences linguistiques \u00e0 l\u2019\u00e9cole marocaine. Cette question, qui continue \u00e0 entraver la qualit\u00e9 du syst\u00e8me \u00e9ducatif national et de son rendement interne et externe, reste d\u2019actualit\u00e9 aussi bien dans l\u2019\u00e9cole marocaine que dans de nombreux syst\u00e8mes \u00e9ducatifs \u00e0 travers le monde.<\/p>\n<p>&nbsp;<\/p>\n<p><a class=\"download-button-intern-fr\" href=\"https:\/\/csefrs.lifemoz.com\/wp-content\/uploads\/2017\/11\/Acte_Langues.pdf\" target=\"_blank\" rel=\"noopener\">T\u00e9l\u00e9charger les actes du colloque<\/a><\/p>\n","protected":false},"excerpt":{"rendered":"<p>Le Conseil Sup\u00e9rieur de l\u2019Enseignement organise un colloque scientifique national autour du th\u00e8me \u00ab Enseignement et apprentissage des langues dans les syst\u00e8mes d\u2019\u00e9ducation et de formation : \u00e9tat des lieux et perspectives \u00bb les 20 et 21 octobre \u00e0 l\u2019Ecole Mohammedia des Ing\u00e9nieurs \u00e0 Rabat. L\u2019organisation de ce colloque s\u2019inscrit dans le cadre d\u2019une s\u00e9rie&hellip;<\/p>\n","protected":false},"featured_media":37120,"template":"","meta":[],"product_brand":[],"product_cat":[511],"product_tag":[],"class_list":{"0":"post-37515","1":"product","2":"type-product","3":"status-publish","4":"has-post-thumbnail","6":"product_cat-actes-des-colloques-et-rencontres","7":"description-off","9":"first","10":"instock","11":"downloadable","12":"virtual","13":"sold-individually","14":"purchasable","15":"product-type-simple"},"yoast_head":"<!-- This site is optimized with the Yoast SEO plugin v27.5 - https:\/\/yoast.com\/product\/yoast-seo-wordpress\/ -->\n<title>Enseignement et apprentissage des langues dans les syst\u00e8mes d\u2019\u00e9ducation et de formation\u00a0: \u00e9tat des lieux et perspectives - Conseil sup\u00e9rieur de l\u2019\u00e9ducation, de la formation et de la recherche scientifique<\/title>\n<meta name=\"robots\" content=\"noindex, follow, max-snippet:-1, max-image-preview:large, max-video-preview:-1\" \/>\n<meta property=\"og:locale\" content=\"fr_FR\" \/>\n<meta property=\"og:type\" content=\"article\" \/>\n<meta property=\"og:title\" content=\"Enseignement et apprentissage des langues dans les syst\u00e8mes d\u2019\u00e9ducation et de formation\u00a0: \u00e9tat des lieux et perspectives - Conseil sup\u00e9rieur de l\u2019\u00e9ducation, de la formation et de la recherche scientifique\" \/>\n<meta property=\"og:description\" content=\"Le Conseil Sup\u00e9rieur de l\u2019Enseignement organise un colloque scientifique national autour du th\u00e8me \u00ab Enseignement et apprentissage des langues dans les syst\u00e8mes d\u2019\u00e9ducation et de formation : \u00e9tat des lieux et perspectives \u00bb les 20 et 21 octobre \u00e0 l\u2019Ecole Mohammedia des Ing\u00e9nieurs \u00e0 Rabat. L\u2019organisation de ce colloque s\u2019inscrit dans le cadre d\u2019une s\u00e9rie&hellip;\" \/>\n<meta property=\"og:url\" content=\"https:\/\/csefrs.lifemoz.com\/fr\/publications\/enseignement-et-apprentissage-des-langues-dans-les-systemes-deducation-et-de-formation-etat-des-lieux-et-perspectives\/\" \/>\n<meta property=\"og:site_name\" content=\"Conseil sup\u00e9rieur de l\u2019\u00e9ducation, de la formation et de la recherche scientifique\" \/>\n<meta property=\"article:modified_time\" content=\"2026-02-08T13:08:40+00:00\" \/>\n<meta property=\"og:image\" content=\"https:\/\/csefrs.lifemoz.com\/wp-content\/uploads\/2025\/12\/Acte_Langues-236.jpg\" \/>\n\t<meta property=\"og:image:width\" content=\"738\" \/>\n\t<meta property=\"og:image:height\" content=\"1024\" \/>\n\t<meta property=\"og:image:type\" content=\"image\/jpeg\" \/>\n<meta name=\"twitter:card\" content=\"summary_large_image\" \/>\n<meta name=\"twitter:label1\" content=\"Dur\u00e9e de lecture estim\u00e9e\" \/>\n\t<meta name=\"twitter:data1\" content=\"1 minute\" \/>\n<script type=\"application\/ld+json\" class=\"yoast-schema-graph\">{\"@context\":\"https:\\\/\\\/schema.org\",\"@graph\":[{\"@type\":\"WebPage\",\"@id\":\"https:\\\/\\\/csefrs.lifemoz.com\\\/fr\\\/publications\\\/enseignement-et-apprentissage-des-langues-dans-les-systemes-deducation-et-de-formation-etat-des-lieux-et-perspectives\\\/\",\"url\":\"https:\\\/\\\/csefrs.lifemoz.com\\\/fr\\\/publications\\\/enseignement-et-apprentissage-des-langues-dans-les-systemes-deducation-et-de-formation-etat-des-lieux-et-perspectives\\\/\",\"name\":\"Enseignement et apprentissage des langues dans les syst\u00e8mes d\u2019\u00e9ducation et de formation\u00a0: \u00e9tat des lieux et perspectives - Conseil sup\u00e9rieur de l\u2019\u00e9ducation, de la formation et de la recherche scientifique\",\"isPartOf\":{\"@id\":\"https:\\\/\\\/csefrs.lifemoz.com\\\/#website\"},\"primaryImageOfPage\":{\"@id\":\"https:\\\/\\\/csefrs.lifemoz.com\\\/fr\\\/publications\\\/enseignement-et-apprentissage-des-langues-dans-les-systemes-deducation-et-de-formation-etat-des-lieux-et-perspectives\\\/#primaryimage\"},\"image\":{\"@id\":\"https:\\\/\\\/csefrs.lifemoz.com\\\/fr\\\/publications\\\/enseignement-et-apprentissage-des-langues-dans-les-systemes-deducation-et-de-formation-etat-des-lieux-et-perspectives\\\/#primaryimage\"},\"thumbnailUrl\":\"https:\\\/\\\/csefrs.lifemoz.com\\\/wp-content\\\/uploads\\\/2025\\\/12\\\/Acte_Langues-236.jpg\",\"datePublished\":\"2009-10-20T00:00:00+00:00\",\"dateModified\":\"2026-02-08T13:08:40+00:00\",\"breadcrumb\":{\"@id\":\"https:\\\/\\\/csefrs.lifemoz.com\\\/fr\\\/publications\\\/enseignement-et-apprentissage-des-langues-dans-les-systemes-deducation-et-de-formation-etat-des-lieux-et-perspectives\\\/#breadcrumb\"},\"inLanguage\":\"fr-FR\",\"potentialAction\":[{\"@type\":\"ReadAction\",\"target\":[\"https:\\\/\\\/csefrs.lifemoz.com\\\/fr\\\/publications\\\/enseignement-et-apprentissage-des-langues-dans-les-systemes-deducation-et-de-formation-etat-des-lieux-et-perspectives\\\/\"]}]},{\"@type\":\"ImageObject\",\"inLanguage\":\"fr-FR\",\"@id\":\"https:\\\/\\\/csefrs.lifemoz.com\\\/fr\\\/publications\\\/enseignement-et-apprentissage-des-langues-dans-les-systemes-deducation-et-de-formation-etat-des-lieux-et-perspectives\\\/#primaryimage\",\"url\":\"https:\\\/\\\/csefrs.lifemoz.com\\\/wp-content\\\/uploads\\\/2025\\\/12\\\/Acte_Langues-236.jpg\",\"contentUrl\":\"https:\\\/\\\/csefrs.lifemoz.com\\\/wp-content\\\/uploads\\\/2025\\\/12\\\/Acte_Langues-236.jpg\",\"width\":738,\"height\":1024},{\"@type\":\"BreadcrumbList\",\"@id\":\"https:\\\/\\\/csefrs.lifemoz.com\\\/fr\\\/publications\\\/enseignement-et-apprentissage-des-langues-dans-les-systemes-deducation-et-de-formation-etat-des-lieux-et-perspectives\\\/#breadcrumb\",\"itemListElement\":[{\"@type\":\"ListItem\",\"position\":1,\"name\":\"Accueil\",\"item\":\"https:\\\/\\\/csefrs.lifemoz.com\\\/fr\\\/\"},{\"@type\":\"ListItem\",\"position\":2,\"name\":\"Publications\",\"item\":\"https:\\\/\\\/csefrs.lifemoz.com\\\/\u0627\u0644\u0645\u0646\u0634\u0648\u0631\u0627\u062a\\\/\"},{\"@type\":\"ListItem\",\"position\":3,\"name\":\"Enseignement et apprentissage des langues dans les syst\u00e8mes d\u2019\u00e9ducation et de formation\u00a0: \u00e9tat des lieux et perspectives\"}]},{\"@type\":\"WebSite\",\"@id\":\"https:\\\/\\\/csefrs.lifemoz.com\\\/#website\",\"url\":\"https:\\\/\\\/csefrs.lifemoz.com\\\/\",\"name\":\"Conseil sup\u00e9rieur de l\u2019\u00e9ducation, de la formation et de la recherche scientifique\",\"description\":\"\",\"potentialAction\":[{\"@type\":\"SearchAction\",\"target\":{\"@type\":\"EntryPoint\",\"urlTemplate\":\"https:\\\/\\\/csefrs.lifemoz.com\\\/?s={search_term_string}\"},\"query-input\":{\"@type\":\"PropertyValueSpecification\",\"valueRequired\":true,\"valueName\":\"search_term_string\"}}],\"inLanguage\":\"fr-FR\"}]}<\/script>\n<!-- \/ Yoast SEO plugin. -->","yoast_head_json":{"title":"Enseignement et apprentissage des langues dans les syst\u00e8mes d\u2019\u00e9ducation et de formation\u00a0: \u00e9tat des lieux et perspectives - Conseil sup\u00e9rieur de l\u2019\u00e9ducation, de la formation et de la recherche scientifique","robots":{"index":"noindex","follow":"follow","max-snippet":"max-snippet:-1","max-image-preview":"max-image-preview:large","max-video-preview":"max-video-preview:-1"},"og_locale":"fr_FR","og_type":"article","og_title":"Enseignement et apprentissage des langues dans les syst\u00e8mes d\u2019\u00e9ducation et de formation\u00a0: \u00e9tat des lieux et perspectives - Conseil sup\u00e9rieur de l\u2019\u00e9ducation, de la formation et de la recherche scientifique","og_description":"Le Conseil Sup\u00e9rieur de l\u2019Enseignement organise un colloque scientifique national autour du th\u00e8me \u00ab Enseignement et apprentissage des langues dans les syst\u00e8mes d\u2019\u00e9ducation et de formation : \u00e9tat des lieux et perspectives \u00bb les 20 et 21 octobre \u00e0 l\u2019Ecole Mohammedia des Ing\u00e9nieurs \u00e0 Rabat. L\u2019organisation de ce colloque s\u2019inscrit dans le cadre d\u2019une s\u00e9rie&hellip;","og_url":"https:\/\/csefrs.lifemoz.com\/fr\/publications\/enseignement-et-apprentissage-des-langues-dans-les-systemes-deducation-et-de-formation-etat-des-lieux-et-perspectives\/","og_site_name":"Conseil sup\u00e9rieur de l\u2019\u00e9ducation, de la formation et de la recherche scientifique","article_modified_time":"2026-02-08T13:08:40+00:00","og_image":[{"width":738,"height":1024,"url":"https:\/\/csefrs.lifemoz.com\/wp-content\/uploads\/2025\/12\/Acte_Langues-236.jpg","type":"image\/jpeg"}],"twitter_card":"summary_large_image","twitter_misc":{"Dur\u00e9e de lecture estim\u00e9e":"1 minute"},"schema":{"@context":"https:\/\/schema.org","@graph":[{"@type":"WebPage","@id":"https:\/\/csefrs.lifemoz.com\/fr\/publications\/enseignement-et-apprentissage-des-langues-dans-les-systemes-deducation-et-de-formation-etat-des-lieux-et-perspectives\/","url":"https:\/\/csefrs.lifemoz.com\/fr\/publications\/enseignement-et-apprentissage-des-langues-dans-les-systemes-deducation-et-de-formation-etat-des-lieux-et-perspectives\/","name":"Enseignement et apprentissage des langues dans les syst\u00e8mes d\u2019\u00e9ducation et de formation\u00a0: \u00e9tat des lieux et perspectives - Conseil sup\u00e9rieur de l\u2019\u00e9ducation, de la formation et de la recherche scientifique","isPartOf":{"@id":"https:\/\/csefrs.lifemoz.com\/#website"},"primaryImageOfPage":{"@id":"https:\/\/csefrs.lifemoz.com\/fr\/publications\/enseignement-et-apprentissage-des-langues-dans-les-systemes-deducation-et-de-formation-etat-des-lieux-et-perspectives\/#primaryimage"},"image":{"@id":"https:\/\/csefrs.lifemoz.com\/fr\/publications\/enseignement-et-apprentissage-des-langues-dans-les-systemes-deducation-et-de-formation-etat-des-lieux-et-perspectives\/#primaryimage"},"thumbnailUrl":"https:\/\/csefrs.lifemoz.com\/wp-content\/uploads\/2025\/12\/Acte_Langues-236.jpg","datePublished":"2009-10-20T00:00:00+00:00","dateModified":"2026-02-08T13:08:40+00:00","breadcrumb":{"@id":"https:\/\/csefrs.lifemoz.com\/fr\/publications\/enseignement-et-apprentissage-des-langues-dans-les-systemes-deducation-et-de-formation-etat-des-lieux-et-perspectives\/#breadcrumb"},"inLanguage":"fr-FR","potentialAction":[{"@type":"ReadAction","target":["https:\/\/csefrs.lifemoz.com\/fr\/publications\/enseignement-et-apprentissage-des-langues-dans-les-systemes-deducation-et-de-formation-etat-des-lieux-et-perspectives\/"]}]},{"@type":"ImageObject","inLanguage":"fr-FR","@id":"https:\/\/csefrs.lifemoz.com\/fr\/publications\/enseignement-et-apprentissage-des-langues-dans-les-systemes-deducation-et-de-formation-etat-des-lieux-et-perspectives\/#primaryimage","url":"https:\/\/csefrs.lifemoz.com\/wp-content\/uploads\/2025\/12\/Acte_Langues-236.jpg","contentUrl":"https:\/\/csefrs.lifemoz.com\/wp-content\/uploads\/2025\/12\/Acte_Langues-236.jpg","width":738,"height":1024},{"@type":"BreadcrumbList","@id":"https:\/\/csefrs.lifemoz.com\/fr\/publications\/enseignement-et-apprentissage-des-langues-dans-les-systemes-deducation-et-de-formation-etat-des-lieux-et-perspectives\/#breadcrumb","itemListElement":[{"@type":"ListItem","position":1,"name":"Accueil","item":"https:\/\/csefrs.lifemoz.com\/fr\/"},{"@type":"ListItem","position":2,"name":"Publications","item":"https:\/\/csefrs.lifemoz.com\/\u0627\u0644\u0645\u0646\u0634\u0648\u0631\u0627\u062a\/"},{"@type":"ListItem","position":3,"name":"Enseignement et apprentissage des langues dans les syst\u00e8mes d\u2019\u00e9ducation et de formation\u00a0: \u00e9tat des lieux et perspectives"}]},{"@type":"WebSite","@id":"https:\/\/csefrs.lifemoz.com\/#website","url":"https:\/\/csefrs.lifemoz.com\/","name":"Conseil sup\u00e9rieur de l\u2019\u00e9ducation, de la formation et de la recherche scientifique","description":"","potentialAction":[{"@type":"SearchAction","target":{"@type":"EntryPoint","urlTemplate":"https:\/\/csefrs.lifemoz.com\/?s={search_term_string}"},"query-input":{"@type":"PropertyValueSpecification","valueRequired":true,"valueName":"search_term_string"}}],"inLanguage":"fr-FR"}]}},"_links":{"self":[{"href":"https:\/\/csefrs.lifemoz.com\/fr\/wp-json\/wp\/v2\/product\/37515","targetHints":{"allow":["GET"]}}],"collection":[{"href":"https:\/\/csefrs.lifemoz.com\/fr\/wp-json\/wp\/v2\/product"}],"about":[{"href":"https:\/\/csefrs.lifemoz.com\/fr\/wp-json\/wp\/v2\/types\/product"}],"wp:featuredmedia":[{"embeddable":true,"href":"https:\/\/csefrs.lifemoz.com\/fr\/wp-json\/wp\/v2\/media\/37120"}],"wp:attachment":[{"href":"https:\/\/csefrs.lifemoz.com\/fr\/wp-json\/wp\/v2\/media?parent=37515"}],"wp:term":[{"taxonomy":"product_brand","embeddable":true,"href":"https:\/\/csefrs.lifemoz.com\/fr\/wp-json\/wp\/v2\/product_brand?post=37515"},{"taxonomy":"product_cat","embeddable":true,"href":"https:\/\/csefrs.lifemoz.com\/fr\/wp-json\/wp\/v2\/product_cat?post=37515"},{"taxonomy":"product_tag","embeddable":true,"href":"https:\/\/csefrs.lifemoz.com\/fr\/wp-json\/wp\/v2\/product_tag?post=37515"}],"curies":[{"name":"wp","href":"https:\/\/api.w.org\/{rel}","templated":true}]}}