{"id":37513,"date":"2011-10-26T00:00:00","date_gmt":"2011-10-26T00:00:00","guid":{"rendered":"https:\/\/csefrs.lifemoz.com\/\u0627\u0644\u0645\u0646\u0634\u0648\u0631\u0627\u062a\/vers-un-systeme-dinformation-national-de-leducation-de-la-formation-et-de-la-recherche-scientifique\/"},"modified":"2026-02-08T14:08:39","modified_gmt":"2026-02-08T13:08:39","slug":"vers-un-systeme-dinformation-national-de-leducation-de-la-formation-et-de-la-recherche-scientifique","status":"publish","type":"product","link":"https:\/\/csefrs.lifemoz.com\/fr\/publications\/vers-un-systeme-dinformation-national-de-leducation-de-la-formation-et-de-la-recherche-scientifique\/","title":{"rendered":"Vers un syst\u00e8me d\u2019information national de l\u2019\u00e9ducation, de la formation et de la recherche scientifique"},"content":{"rendered":"<p style=\"text-align: justify;\">Le Conseil Sup\u00e9rieur de l\u2019Enseignement, le Minist\u00e8re de l\u2019Education nationale, de l\u2019Enseignement sup\u00e9rieur, de la Formation des cadres et de la recherche scientifique et le Minist\u00e8re de l\u2019Emploi et de la Formation professionnelle ont organis\u00e9 deux journ\u00e9es d\u2019\u00e9tude sur le th\u00e8me : \u00ab Vers un syst\u00e8me d\u2019information national int\u00e9gr\u00e9 de l\u2019\u00e9ducation, de la formation et de la recherche scientifique : SINEFOR \u00bb, les 26 et 27 octobre 2011 au Centre des Formations et des rencontres nationales \u00e0 Hay Ennahda, \u00e0 Rabat.<\/p>\n<p style=\"text-align: justify;\">Ces journ\u00e9es d\u2019\u00e9tude furent l\u2019occasion d\u2019engager la r\u00e9flexion sur les approches \u00e0 m\u00eame de permettre l\u2019\u00e9laboration d\u2019une plateforme fonctionnelle commune pour la mise en place d\u2019un syst\u00e8me d\u2019information national int\u00e9gr\u00e9 de l\u2019\u00e9ducation, de la formation et de la recherche scientifique qui soit coordonn\u00e9, actualis\u00e9 et assurant une bonne couverture en indicateurs, qualitatifs et quantitatifs li\u00e9s \u00e0 l\u2019\u00e9ducation, la formation et la recherche scientifique.<\/p>\n<p style=\"text-align: justify;\">Un tel syst\u00e8me devrait constituer une r\u00e9f\u00e9rence et r\u00e9pondre de mani\u00e8re fiable et efficace aux besoins des acteurs du syst\u00e8me d\u2019\u00e9ducation, de formation et de recherche scientifique et autres experts nationaux et internationaux en indicateurs et donn\u00e9es n\u00e9cessaires \u00e0 la gestion, au pilotage et \u00e0 l\u2019\u00e9valuation de ce syst\u00e8me. Il permettra ainsi de dresser des diagnostics globaux du syst\u00e8me, de d\u00e9tecter les dysfonctionnements et de contribuer \u00e0 \u00e9clairer les d\u00e9cideurs publics dans l\u2019\u00e9laboration de programmes de r\u00e9forme et leur r\u00e9ajustement si n\u00e9cessaire.<\/p>\n<p style=\"text-align: justify;\">Les travaux de ces journ\u00e9es d\u2019\u00e9tude se sont articul\u00e9s autour de deux axes : un \u00e9tat des lieux qui comprendra notamment des \u00e9tudes comparatives de quelques exp\u00e9riences internationales et un axe qui propose des pistes d\u2019action et de mesures op\u00e9rationnelles n\u00e9cessaires \u00e0 la mise en place progressive de ce syst\u00e8me d\u2019information, qui constitue un chantier essentiel pour la mise en place d\u2019une bonne gouvernance du syst\u00e8me national d\u2019\u00e9ducation, de formation et de recherche scientifique.<\/p>\n<p>&nbsp;<\/p>\n<p><a class=\"download-button-intern-fr\" href=\"https:\/\/csefrs.lifemoz.com\/wp-content\/uploads\/2011\/10\/Sinefor.pdf\" target=\"_blank\" rel=\"noopener\">T\u00e9l\u00e9charger les actes du colloque<\/a><\/p>\n","protected":false},"excerpt":{"rendered":"<p>Le Conseil Sup\u00e9rieur de l\u2019Enseignement, le Minist\u00e8re de l\u2019Education nationale, de l\u2019Enseignement sup\u00e9rieur, de la Formation des cadres et de la recherche scientifique et le Minist\u00e8re de l\u2019Emploi et de la Formation professionnelle ont organis\u00e9 deux journ\u00e9es d\u2019\u00e9tude sur le th\u00e8me : \u00ab Vers un syst\u00e8me d\u2019information national int\u00e9gr\u00e9 de l\u2019\u00e9ducation, de la formation et&hellip;<\/p>\n","protected":false},"featured_media":37119,"template":"","meta":[],"product_brand":[],"product_cat":[511],"product_tag":[],"class_list":{"0":"post-37513","1":"product","2":"type-product","3":"status-publish","4":"has-post-thumbnail","6":"product_cat-actes-des-colloques-et-rencontres","7":"description-off","9":"first","10":"instock","11":"downloadable","12":"virtual","13":"sold-individually","14":"purchasable","15":"product-type-simple"},"yoast_head":"<!-- This site is optimized with the Yoast SEO plugin v27.5 - https:\/\/yoast.com\/product\/yoast-seo-wordpress\/ -->\n<title>Vers un syst\u00e8me d\u2019information national de l\u2019\u00e9ducation, de la formation et de la recherche scientifique - Conseil sup\u00e9rieur de l\u2019\u00e9ducation, de la formation et de la recherche scientifique<\/title>\n<meta name=\"robots\" content=\"noindex, follow, max-snippet:-1, max-image-preview:large, max-video-preview:-1\" \/>\n<meta property=\"og:locale\" content=\"fr_FR\" \/>\n<meta property=\"og:type\" content=\"article\" \/>\n<meta property=\"og:title\" content=\"Vers un syst\u00e8me d\u2019information national de l\u2019\u00e9ducation, de la formation et de la recherche scientifique - Conseil sup\u00e9rieur de l\u2019\u00e9ducation, de la formation et de la recherche scientifique\" \/>\n<meta property=\"og:description\" content=\"Le Conseil Sup\u00e9rieur de l\u2019Enseignement, le Minist\u00e8re de l\u2019Education nationale, de l\u2019Enseignement sup\u00e9rieur, de la Formation des cadres et de la recherche scientifique et le Minist\u00e8re de l\u2019Emploi et de la Formation professionnelle ont organis\u00e9 deux journ\u00e9es d\u2019\u00e9tude sur le th\u00e8me : \u00ab Vers un syst\u00e8me d\u2019information national int\u00e9gr\u00e9 de l\u2019\u00e9ducation, de la formation et&hellip;\" \/>\n<meta property=\"og:url\" content=\"https:\/\/csefrs.lifemoz.com\/fr\/publications\/vers-un-systeme-dinformation-national-de-leducation-de-la-formation-et-de-la-recherche-scientifique\/\" \/>\n<meta property=\"og:site_name\" content=\"Conseil sup\u00e9rieur de l\u2019\u00e9ducation, de la formation et de la recherche scientifique\" \/>\n<meta property=\"article:modified_time\" content=\"2026-02-08T13:08:39+00:00\" \/>\n<meta property=\"og:image\" content=\"https:\/\/csefrs.lifemoz.com\/wp-content\/uploads\/2025\/12\/Sinefor-1.png\" \/>\n\t<meta property=\"og:image:width\" content=\"1200\" \/>\n\t<meta property=\"og:image:height\" content=\"1665\" \/>\n\t<meta property=\"og:image:type\" content=\"image\/png\" \/>\n<meta name=\"twitter:card\" content=\"summary_large_image\" \/>\n<meta name=\"twitter:label1\" content=\"Dur\u00e9e de lecture estim\u00e9e\" \/>\n\t<meta name=\"twitter:data1\" content=\"2 minutes\" \/>\n<script type=\"application\/ld+json\" class=\"yoast-schema-graph\">{\"@context\":\"https:\\\/\\\/schema.org\",\"@graph\":[{\"@type\":\"WebPage\",\"@id\":\"https:\\\/\\\/csefrs.lifemoz.com\\\/fr\\\/publications\\\/vers-un-systeme-dinformation-national-de-leducation-de-la-formation-et-de-la-recherche-scientifique\\\/\",\"url\":\"https:\\\/\\\/csefrs.lifemoz.com\\\/fr\\\/publications\\\/vers-un-systeme-dinformation-national-de-leducation-de-la-formation-et-de-la-recherche-scientifique\\\/\",\"name\":\"Vers un syst\u00e8me d\u2019information national de l\u2019\u00e9ducation, de la formation et de la recherche scientifique - Conseil sup\u00e9rieur de l\u2019\u00e9ducation, de la formation et de la recherche scientifique\",\"isPartOf\":{\"@id\":\"https:\\\/\\\/csefrs.lifemoz.com\\\/#website\"},\"primaryImageOfPage\":{\"@id\":\"https:\\\/\\\/csefrs.lifemoz.com\\\/fr\\\/publications\\\/vers-un-systeme-dinformation-national-de-leducation-de-la-formation-et-de-la-recherche-scientifique\\\/#primaryimage\"},\"image\":{\"@id\":\"https:\\\/\\\/csefrs.lifemoz.com\\\/fr\\\/publications\\\/vers-un-systeme-dinformation-national-de-leducation-de-la-formation-et-de-la-recherche-scientifique\\\/#primaryimage\"},\"thumbnailUrl\":\"https:\\\/\\\/csefrs.lifemoz.com\\\/wp-content\\\/uploads\\\/2025\\\/12\\\/Sinefor-1.png\",\"datePublished\":\"2011-10-26T00:00:00+00:00\",\"dateModified\":\"2026-02-08T13:08:39+00:00\",\"breadcrumb\":{\"@id\":\"https:\\\/\\\/csefrs.lifemoz.com\\\/fr\\\/publications\\\/vers-un-systeme-dinformation-national-de-leducation-de-la-formation-et-de-la-recherche-scientifique\\\/#breadcrumb\"},\"inLanguage\":\"fr-FR\",\"potentialAction\":[{\"@type\":\"ReadAction\",\"target\":[\"https:\\\/\\\/csefrs.lifemoz.com\\\/fr\\\/publications\\\/vers-un-systeme-dinformation-national-de-leducation-de-la-formation-et-de-la-recherche-scientifique\\\/\"]}]},{\"@type\":\"ImageObject\",\"inLanguage\":\"fr-FR\",\"@id\":\"https:\\\/\\\/csefrs.lifemoz.com\\\/fr\\\/publications\\\/vers-un-systeme-dinformation-national-de-leducation-de-la-formation-et-de-la-recherche-scientifique\\\/#primaryimage\",\"url\":\"https:\\\/\\\/csefrs.lifemoz.com\\\/wp-content\\\/uploads\\\/2025\\\/12\\\/Sinefor-1.png\",\"contentUrl\":\"https:\\\/\\\/csefrs.lifemoz.com\\\/wp-content\\\/uploads\\\/2025\\\/12\\\/Sinefor-1.png\",\"width\":1200,\"height\":1665},{\"@type\":\"BreadcrumbList\",\"@id\":\"https:\\\/\\\/csefrs.lifemoz.com\\\/fr\\\/publications\\\/vers-un-systeme-dinformation-national-de-leducation-de-la-formation-et-de-la-recherche-scientifique\\\/#breadcrumb\",\"itemListElement\":[{\"@type\":\"ListItem\",\"position\":1,\"name\":\"Accueil\",\"item\":\"https:\\\/\\\/csefrs.lifemoz.com\\\/fr\\\/\"},{\"@type\":\"ListItem\",\"position\":2,\"name\":\"Publications\",\"item\":\"https:\\\/\\\/csefrs.lifemoz.com\\\/\u0627\u0644\u0645\u0646\u0634\u0648\u0631\u0627\u062a\\\/\"},{\"@type\":\"ListItem\",\"position\":3,\"name\":\"Vers un syst\u00e8me d\u2019information national de l\u2019\u00e9ducation, de la formation et de la recherche scientifique\"}]},{\"@type\":\"WebSite\",\"@id\":\"https:\\\/\\\/csefrs.lifemoz.com\\\/#website\",\"url\":\"https:\\\/\\\/csefrs.lifemoz.com\\\/\",\"name\":\"Conseil sup\u00e9rieur de l\u2019\u00e9ducation, de la formation et de la recherche scientifique\",\"description\":\"\",\"potentialAction\":[{\"@type\":\"SearchAction\",\"target\":{\"@type\":\"EntryPoint\",\"urlTemplate\":\"https:\\\/\\\/csefrs.lifemoz.com\\\/?s={search_term_string}\"},\"query-input\":{\"@type\":\"PropertyValueSpecification\",\"valueRequired\":true,\"valueName\":\"search_term_string\"}}],\"inLanguage\":\"fr-FR\"}]}<\/script>\n<!-- \/ Yoast SEO plugin. -->","yoast_head_json":{"title":"Vers un syst\u00e8me d\u2019information national de l\u2019\u00e9ducation, de la formation et de la recherche scientifique - Conseil sup\u00e9rieur de l\u2019\u00e9ducation, de la formation et de la recherche scientifique","robots":{"index":"noindex","follow":"follow","max-snippet":"max-snippet:-1","max-image-preview":"max-image-preview:large","max-video-preview":"max-video-preview:-1"},"og_locale":"fr_FR","og_type":"article","og_title":"Vers un syst\u00e8me d\u2019information national de l\u2019\u00e9ducation, de la formation et de la recherche scientifique - Conseil sup\u00e9rieur de l\u2019\u00e9ducation, de la formation et de la recherche scientifique","og_description":"Le Conseil Sup\u00e9rieur de l\u2019Enseignement, le Minist\u00e8re de l\u2019Education nationale, de l\u2019Enseignement sup\u00e9rieur, de la Formation des cadres et de la recherche scientifique et le Minist\u00e8re de l\u2019Emploi et de la Formation professionnelle ont organis\u00e9 deux journ\u00e9es d\u2019\u00e9tude sur le th\u00e8me : \u00ab Vers un syst\u00e8me d\u2019information national int\u00e9gr\u00e9 de l\u2019\u00e9ducation, de la formation et&hellip;","og_url":"https:\/\/csefrs.lifemoz.com\/fr\/publications\/vers-un-systeme-dinformation-national-de-leducation-de-la-formation-et-de-la-recherche-scientifique\/","og_site_name":"Conseil sup\u00e9rieur de l\u2019\u00e9ducation, de la formation et de la recherche scientifique","article_modified_time":"2026-02-08T13:08:39+00:00","og_image":[{"width":1200,"height":1665,"url":"https:\/\/csefrs.lifemoz.com\/wp-content\/uploads\/2025\/12\/Sinefor-1.png","type":"image\/png"}],"twitter_card":"summary_large_image","twitter_misc":{"Dur\u00e9e de lecture estim\u00e9e":"2 minutes"},"schema":{"@context":"https:\/\/schema.org","@graph":[{"@type":"WebPage","@id":"https:\/\/csefrs.lifemoz.com\/fr\/publications\/vers-un-systeme-dinformation-national-de-leducation-de-la-formation-et-de-la-recherche-scientifique\/","url":"https:\/\/csefrs.lifemoz.com\/fr\/publications\/vers-un-systeme-dinformation-national-de-leducation-de-la-formation-et-de-la-recherche-scientifique\/","name":"Vers un syst\u00e8me d\u2019information national de l\u2019\u00e9ducation, de la formation et de la recherche scientifique - Conseil sup\u00e9rieur de l\u2019\u00e9ducation, de la formation et de la recherche scientifique","isPartOf":{"@id":"https:\/\/csefrs.lifemoz.com\/#website"},"primaryImageOfPage":{"@id":"https:\/\/csefrs.lifemoz.com\/fr\/publications\/vers-un-systeme-dinformation-national-de-leducation-de-la-formation-et-de-la-recherche-scientifique\/#primaryimage"},"image":{"@id":"https:\/\/csefrs.lifemoz.com\/fr\/publications\/vers-un-systeme-dinformation-national-de-leducation-de-la-formation-et-de-la-recherche-scientifique\/#primaryimage"},"thumbnailUrl":"https:\/\/csefrs.lifemoz.com\/wp-content\/uploads\/2025\/12\/Sinefor-1.png","datePublished":"2011-10-26T00:00:00+00:00","dateModified":"2026-02-08T13:08:39+00:00","breadcrumb":{"@id":"https:\/\/csefrs.lifemoz.com\/fr\/publications\/vers-un-systeme-dinformation-national-de-leducation-de-la-formation-et-de-la-recherche-scientifique\/#breadcrumb"},"inLanguage":"fr-FR","potentialAction":[{"@type":"ReadAction","target":["https:\/\/csefrs.lifemoz.com\/fr\/publications\/vers-un-systeme-dinformation-national-de-leducation-de-la-formation-et-de-la-recherche-scientifique\/"]}]},{"@type":"ImageObject","inLanguage":"fr-FR","@id":"https:\/\/csefrs.lifemoz.com\/fr\/publications\/vers-un-systeme-dinformation-national-de-leducation-de-la-formation-et-de-la-recherche-scientifique\/#primaryimage","url":"https:\/\/csefrs.lifemoz.com\/wp-content\/uploads\/2025\/12\/Sinefor-1.png","contentUrl":"https:\/\/csefrs.lifemoz.com\/wp-content\/uploads\/2025\/12\/Sinefor-1.png","width":1200,"height":1665},{"@type":"BreadcrumbList","@id":"https:\/\/csefrs.lifemoz.com\/fr\/publications\/vers-un-systeme-dinformation-national-de-leducation-de-la-formation-et-de-la-recherche-scientifique\/#breadcrumb","itemListElement":[{"@type":"ListItem","position":1,"name":"Accueil","item":"https:\/\/csefrs.lifemoz.com\/fr\/"},{"@type":"ListItem","position":2,"name":"Publications","item":"https:\/\/csefrs.lifemoz.com\/\u0627\u0644\u0645\u0646\u0634\u0648\u0631\u0627\u062a\/"},{"@type":"ListItem","position":3,"name":"Vers un syst\u00e8me d\u2019information national de l\u2019\u00e9ducation, de la formation et de la recherche scientifique"}]},{"@type":"WebSite","@id":"https:\/\/csefrs.lifemoz.com\/#website","url":"https:\/\/csefrs.lifemoz.com\/","name":"Conseil sup\u00e9rieur de l\u2019\u00e9ducation, de la formation et de la recherche scientifique","description":"","potentialAction":[{"@type":"SearchAction","target":{"@type":"EntryPoint","urlTemplate":"https:\/\/csefrs.lifemoz.com\/?s={search_term_string}"},"query-input":{"@type":"PropertyValueSpecification","valueRequired":true,"valueName":"search_term_string"}}],"inLanguage":"fr-FR"}]}},"_links":{"self":[{"href":"https:\/\/csefrs.lifemoz.com\/fr\/wp-json\/wp\/v2\/product\/37513","targetHints":{"allow":["GET"]}}],"collection":[{"href":"https:\/\/csefrs.lifemoz.com\/fr\/wp-json\/wp\/v2\/product"}],"about":[{"href":"https:\/\/csefrs.lifemoz.com\/fr\/wp-json\/wp\/v2\/types\/product"}],"wp:featuredmedia":[{"embeddable":true,"href":"https:\/\/csefrs.lifemoz.com\/fr\/wp-json\/wp\/v2\/media\/37119"}],"wp:attachment":[{"href":"https:\/\/csefrs.lifemoz.com\/fr\/wp-json\/wp\/v2\/media?parent=37513"}],"wp:term":[{"taxonomy":"product_brand","embeddable":true,"href":"https:\/\/csefrs.lifemoz.com\/fr\/wp-json\/wp\/v2\/product_brand?post=37513"},{"taxonomy":"product_cat","embeddable":true,"href":"https:\/\/csefrs.lifemoz.com\/fr\/wp-json\/wp\/v2\/product_cat?post=37513"},{"taxonomy":"product_tag","embeddable":true,"href":"https:\/\/csefrs.lifemoz.com\/fr\/wp-json\/wp\/v2\/product_tag?post=37513"}],"curies":[{"name":"wp","href":"https:\/\/api.w.org\/{rel}","templated":true}]}}