{"id":37511,"date":"2015-11-22T00:00:00","date_gmt":"2015-11-22T00:00:00","guid":{"rendered":"https:\/\/csefrs.lifemoz.com\/\u0627\u0644\u0645\u0646\u0634\u0648\u0631\u0627\u062a\/levaluation-en-education-formation-approches-enjeux-defis\/"},"modified":"2026-02-08T14:08:37","modified_gmt":"2026-02-08T13:08:37","slug":"levaluation-en-education-formation-approches-enjeux-defis","status":"publish","type":"product","link":"https:\/\/csefrs.lifemoz.com\/fr\/publications\/levaluation-en-education-formation-approches-enjeux-defis\/","title":{"rendered":"L\u2019\u00e9valuation en \u00e9ducation-formation: approches, enjeux, d\u00e9fis"},"content":{"rendered":"<p style=\"text-align: justify;\">L\u2019Instance Nationale d\u2019Evaluation aupr\u00e8s du Conseil Sup\u00e9rieur de l&rsquo;Education, de la Formation et de la Recherche Scientifique a organis\u00e9 un colloque international sur \u00a0\u00bb L\u2019\u00e9valuation en \u00e9ducation-formation : Approches, Enjeux et D\u00e9fis\u00a0\u00bb les 22 et 23 octobre 2015, au Centres de Conf\u00e9rences de la Fondation Mohammed VI pour la Promotion des \u0152uvres Sociales d&rsquo;Education-Formation.<\/p>\n<p>&nbsp;<\/p>\n<p><a class=\"download-button-intern-fr\" href=\"https:\/\/csefrs.lifemoz.com\/wp-content\/uploads\/2017\/11\/Actes-du-Colloque-10-01-2017-V11.pdf\" target=\"_blank\" rel=\"noopener\">T\u00e9l\u00e9charger les actes du colloque<\/a><\/p>\n","protected":false},"excerpt":{"rendered":"<p>L\u2019Instance Nationale d\u2019Evaluation aupr\u00e8s du Conseil Sup\u00e9rieur de l&rsquo;Education, de la Formation et de la Recherche Scientifique a organis\u00e9 un colloque international sur \u00a0\u00bb L\u2019\u00e9valuation en \u00e9ducation-formation : Approches, Enjeux et D\u00e9fis\u00a0\u00bb les 22 et 23 octobre 2015, au Centres de Conf\u00e9rences de la Fondation Mohammed VI pour la Promotion des \u0152uvres Sociales d&rsquo;Education-Formation. &nbsp;&hellip;<\/p>\n","protected":false},"featured_media":37118,"template":"","meta":[],"product_brand":[],"product_cat":[511],"product_tag":[],"class_list":{"0":"post-37511","1":"product","2":"type-product","3":"status-publish","4":"has-post-thumbnail","6":"product_cat-actes-des-colloques-et-rencontres","7":"description-off","9":"first","10":"instock","11":"downloadable","12":"virtual","13":"sold-individually","14":"purchasable","15":"product-type-simple"},"yoast_head":"<!-- This site is optimized with the Yoast SEO plugin v27.5 - https:\/\/yoast.com\/product\/yoast-seo-wordpress\/ -->\n<title>L\u2019\u00e9valuation en \u00e9ducation-formation: approches, enjeux, d\u00e9fis - Conseil sup\u00e9rieur de l\u2019\u00e9ducation, de la formation et de la recherche scientifique<\/title>\n<meta name=\"robots\" content=\"noindex, follow, max-snippet:-1, max-image-preview:large, max-video-preview:-1\" \/>\n<meta property=\"og:locale\" content=\"fr_FR\" \/>\n<meta property=\"og:type\" content=\"article\" \/>\n<meta property=\"og:title\" content=\"L\u2019\u00e9valuation en \u00e9ducation-formation: approches, enjeux, d\u00e9fis - Conseil sup\u00e9rieur de l\u2019\u00e9ducation, de la formation et de la recherche scientifique\" \/>\n<meta property=\"og:description\" content=\"L\u2019Instance Nationale d\u2019Evaluation aupr\u00e8s du Conseil Sup\u00e9rieur de l&rsquo;Education, de la Formation et de la Recherche Scientifique a organis\u00e9 un colloque international sur \u00a0\u00bb L\u2019\u00e9valuation en \u00e9ducation-formation : Approches, Enjeux et D\u00e9fis\u00a0\u00bb les 22 et 23 octobre 2015, au Centres de Conf\u00e9rences de la Fondation Mohammed VI pour la Promotion des \u0152uvres Sociales d&rsquo;Education-Formation. &nbsp;&hellip;\" \/>\n<meta property=\"og:url\" content=\"https:\/\/csefrs.lifemoz.com\/fr\/publications\/levaluation-en-education-formation-approches-enjeux-defis\/\" \/>\n<meta property=\"og:site_name\" content=\"Conseil sup\u00e9rieur de l\u2019\u00e9ducation, de la formation et de la recherche scientifique\" \/>\n<meta property=\"article:modified_time\" content=\"2026-02-08T13:08:37+00:00\" \/>\n<meta property=\"og:image\" content=\"https:\/\/csefrs.lifemoz.com\/wp-content\/uploads\/2025\/12\/Actes-du-Colloque-10-01-2017-V11-fr-1-1.jpg\" \/>\n\t<meta property=\"og:image:width\" content=\"724\" \/>\n\t<meta property=\"og:image:height\" content=\"1024\" \/>\n\t<meta property=\"og:image:type\" content=\"image\/jpeg\" \/>\n<meta name=\"twitter:card\" content=\"summary_large_image\" \/>\n<script type=\"application\/ld+json\" class=\"yoast-schema-graph\">{\"@context\":\"https:\\\/\\\/schema.org\",\"@graph\":[{\"@type\":\"WebPage\",\"@id\":\"https:\\\/\\\/csefrs.lifemoz.com\\\/fr\\\/publications\\\/levaluation-en-education-formation-approches-enjeux-defis\\\/\",\"url\":\"https:\\\/\\\/csefrs.lifemoz.com\\\/fr\\\/publications\\\/levaluation-en-education-formation-approches-enjeux-defis\\\/\",\"name\":\"L\u2019\u00e9valuation en \u00e9ducation-formation: approches, enjeux, d\u00e9fis - Conseil sup\u00e9rieur de l\u2019\u00e9ducation, de la formation et de la recherche scientifique\",\"isPartOf\":{\"@id\":\"https:\\\/\\\/csefrs.lifemoz.com\\\/#website\"},\"primaryImageOfPage\":{\"@id\":\"https:\\\/\\\/csefrs.lifemoz.com\\\/fr\\\/publications\\\/levaluation-en-education-formation-approches-enjeux-defis\\\/#primaryimage\"},\"image\":{\"@id\":\"https:\\\/\\\/csefrs.lifemoz.com\\\/fr\\\/publications\\\/levaluation-en-education-formation-approches-enjeux-defis\\\/#primaryimage\"},\"thumbnailUrl\":\"https:\\\/\\\/csefrs.lifemoz.com\\\/wp-content\\\/uploads\\\/2025\\\/12\\\/Actes-du-Colloque-10-01-2017-V11-fr-1-1.jpg\",\"datePublished\":\"2015-11-22T00:00:00+00:00\",\"dateModified\":\"2026-02-08T13:08:37+00:00\",\"breadcrumb\":{\"@id\":\"https:\\\/\\\/csefrs.lifemoz.com\\\/fr\\\/publications\\\/levaluation-en-education-formation-approches-enjeux-defis\\\/#breadcrumb\"},\"inLanguage\":\"fr-FR\",\"potentialAction\":[{\"@type\":\"ReadAction\",\"target\":[\"https:\\\/\\\/csefrs.lifemoz.com\\\/fr\\\/publications\\\/levaluation-en-education-formation-approches-enjeux-defis\\\/\"]}]},{\"@type\":\"ImageObject\",\"inLanguage\":\"fr-FR\",\"@id\":\"https:\\\/\\\/csefrs.lifemoz.com\\\/fr\\\/publications\\\/levaluation-en-education-formation-approches-enjeux-defis\\\/#primaryimage\",\"url\":\"https:\\\/\\\/csefrs.lifemoz.com\\\/wp-content\\\/uploads\\\/2025\\\/12\\\/Actes-du-Colloque-10-01-2017-V11-fr-1-1.jpg\",\"contentUrl\":\"https:\\\/\\\/csefrs.lifemoz.com\\\/wp-content\\\/uploads\\\/2025\\\/12\\\/Actes-du-Colloque-10-01-2017-V11-fr-1-1.jpg\",\"width\":724,\"height\":1024},{\"@type\":\"BreadcrumbList\",\"@id\":\"https:\\\/\\\/csefrs.lifemoz.com\\\/fr\\\/publications\\\/levaluation-en-education-formation-approches-enjeux-defis\\\/#breadcrumb\",\"itemListElement\":[{\"@type\":\"ListItem\",\"position\":1,\"name\":\"Accueil\",\"item\":\"https:\\\/\\\/csefrs.lifemoz.com\\\/fr\\\/\"},{\"@type\":\"ListItem\",\"position\":2,\"name\":\"Publications\",\"item\":\"https:\\\/\\\/csefrs.lifemoz.com\\\/\u0627\u0644\u0645\u0646\u0634\u0648\u0631\u0627\u062a\\\/\"},{\"@type\":\"ListItem\",\"position\":3,\"name\":\"L\u2019\u00e9valuation en \u00e9ducation-formation: approches, enjeux, d\u00e9fis\"}]},{\"@type\":\"WebSite\",\"@id\":\"https:\\\/\\\/csefrs.lifemoz.com\\\/#website\",\"url\":\"https:\\\/\\\/csefrs.lifemoz.com\\\/\",\"name\":\"Conseil sup\u00e9rieur de l\u2019\u00e9ducation, de la formation et de la recherche scientifique\",\"description\":\"\",\"potentialAction\":[{\"@type\":\"SearchAction\",\"target\":{\"@type\":\"EntryPoint\",\"urlTemplate\":\"https:\\\/\\\/csefrs.lifemoz.com\\\/?s={search_term_string}\"},\"query-input\":{\"@type\":\"PropertyValueSpecification\",\"valueRequired\":true,\"valueName\":\"search_term_string\"}}],\"inLanguage\":\"fr-FR\"}]}<\/script>\n<!-- \/ Yoast SEO plugin. -->","yoast_head_json":{"title":"L\u2019\u00e9valuation en \u00e9ducation-formation: approches, enjeux, d\u00e9fis - Conseil sup\u00e9rieur de l\u2019\u00e9ducation, de la formation et de la recherche scientifique","robots":{"index":"noindex","follow":"follow","max-snippet":"max-snippet:-1","max-image-preview":"max-image-preview:large","max-video-preview":"max-video-preview:-1"},"og_locale":"fr_FR","og_type":"article","og_title":"L\u2019\u00e9valuation en \u00e9ducation-formation: approches, enjeux, d\u00e9fis - Conseil sup\u00e9rieur de l\u2019\u00e9ducation, de la formation et de la recherche scientifique","og_description":"L\u2019Instance Nationale d\u2019Evaluation aupr\u00e8s du Conseil Sup\u00e9rieur de l&rsquo;Education, de la Formation et de la Recherche Scientifique a organis\u00e9 un colloque international sur \u00a0\u00bb L\u2019\u00e9valuation en \u00e9ducation-formation : Approches, Enjeux et D\u00e9fis\u00a0\u00bb les 22 et 23 octobre 2015, au Centres de Conf\u00e9rences de la Fondation Mohammed VI pour la Promotion des \u0152uvres Sociales d&rsquo;Education-Formation. &nbsp;&hellip;","og_url":"https:\/\/csefrs.lifemoz.com\/fr\/publications\/levaluation-en-education-formation-approches-enjeux-defis\/","og_site_name":"Conseil sup\u00e9rieur de l\u2019\u00e9ducation, de la formation et de la recherche scientifique","article_modified_time":"2026-02-08T13:08:37+00:00","og_image":[{"width":724,"height":1024,"url":"https:\/\/csefrs.lifemoz.com\/wp-content\/uploads\/2025\/12\/Actes-du-Colloque-10-01-2017-V11-fr-1-1.jpg","type":"image\/jpeg"}],"twitter_card":"summary_large_image","schema":{"@context":"https:\/\/schema.org","@graph":[{"@type":"WebPage","@id":"https:\/\/csefrs.lifemoz.com\/fr\/publications\/levaluation-en-education-formation-approches-enjeux-defis\/","url":"https:\/\/csefrs.lifemoz.com\/fr\/publications\/levaluation-en-education-formation-approches-enjeux-defis\/","name":"L\u2019\u00e9valuation en \u00e9ducation-formation: approches, enjeux, d\u00e9fis - Conseil sup\u00e9rieur de l\u2019\u00e9ducation, de la formation et de la recherche scientifique","isPartOf":{"@id":"https:\/\/csefrs.lifemoz.com\/#website"},"primaryImageOfPage":{"@id":"https:\/\/csefrs.lifemoz.com\/fr\/publications\/levaluation-en-education-formation-approches-enjeux-defis\/#primaryimage"},"image":{"@id":"https:\/\/csefrs.lifemoz.com\/fr\/publications\/levaluation-en-education-formation-approches-enjeux-defis\/#primaryimage"},"thumbnailUrl":"https:\/\/csefrs.lifemoz.com\/wp-content\/uploads\/2025\/12\/Actes-du-Colloque-10-01-2017-V11-fr-1-1.jpg","datePublished":"2015-11-22T00:00:00+00:00","dateModified":"2026-02-08T13:08:37+00:00","breadcrumb":{"@id":"https:\/\/csefrs.lifemoz.com\/fr\/publications\/levaluation-en-education-formation-approches-enjeux-defis\/#breadcrumb"},"inLanguage":"fr-FR","potentialAction":[{"@type":"ReadAction","target":["https:\/\/csefrs.lifemoz.com\/fr\/publications\/levaluation-en-education-formation-approches-enjeux-defis\/"]}]},{"@type":"ImageObject","inLanguage":"fr-FR","@id":"https:\/\/csefrs.lifemoz.com\/fr\/publications\/levaluation-en-education-formation-approches-enjeux-defis\/#primaryimage","url":"https:\/\/csefrs.lifemoz.com\/wp-content\/uploads\/2025\/12\/Actes-du-Colloque-10-01-2017-V11-fr-1-1.jpg","contentUrl":"https:\/\/csefrs.lifemoz.com\/wp-content\/uploads\/2025\/12\/Actes-du-Colloque-10-01-2017-V11-fr-1-1.jpg","width":724,"height":1024},{"@type":"BreadcrumbList","@id":"https:\/\/csefrs.lifemoz.com\/fr\/publications\/levaluation-en-education-formation-approches-enjeux-defis\/#breadcrumb","itemListElement":[{"@type":"ListItem","position":1,"name":"Accueil","item":"https:\/\/csefrs.lifemoz.com\/fr\/"},{"@type":"ListItem","position":2,"name":"Publications","item":"https:\/\/csefrs.lifemoz.com\/\u0627\u0644\u0645\u0646\u0634\u0648\u0631\u0627\u062a\/"},{"@type":"ListItem","position":3,"name":"L\u2019\u00e9valuation en \u00e9ducation-formation: approches, enjeux, d\u00e9fis"}]},{"@type":"WebSite","@id":"https:\/\/csefrs.lifemoz.com\/#website","url":"https:\/\/csefrs.lifemoz.com\/","name":"Conseil sup\u00e9rieur de l\u2019\u00e9ducation, de la formation et de la recherche scientifique","description":"","potentialAction":[{"@type":"SearchAction","target":{"@type":"EntryPoint","urlTemplate":"https:\/\/csefrs.lifemoz.com\/?s={search_term_string}"},"query-input":{"@type":"PropertyValueSpecification","valueRequired":true,"valueName":"search_term_string"}}],"inLanguage":"fr-FR"}]}},"_links":{"self":[{"href":"https:\/\/csefrs.lifemoz.com\/fr\/wp-json\/wp\/v2\/product\/37511","targetHints":{"allow":["GET"]}}],"collection":[{"href":"https:\/\/csefrs.lifemoz.com\/fr\/wp-json\/wp\/v2\/product"}],"about":[{"href":"https:\/\/csefrs.lifemoz.com\/fr\/wp-json\/wp\/v2\/types\/product"}],"wp:featuredmedia":[{"embeddable":true,"href":"https:\/\/csefrs.lifemoz.com\/fr\/wp-json\/wp\/v2\/media\/37118"}],"wp:attachment":[{"href":"https:\/\/csefrs.lifemoz.com\/fr\/wp-json\/wp\/v2\/media?parent=37511"}],"wp:term":[{"taxonomy":"product_brand","embeddable":true,"href":"https:\/\/csefrs.lifemoz.com\/fr\/wp-json\/wp\/v2\/product_brand?post=37511"},{"taxonomy":"product_cat","embeddable":true,"href":"https:\/\/csefrs.lifemoz.com\/fr\/wp-json\/wp\/v2\/product_cat?post=37511"},{"taxonomy":"product_tag","embeddable":true,"href":"https:\/\/csefrs.lifemoz.com\/fr\/wp-json\/wp\/v2\/product_tag?post=37511"}],"curies":[{"name":"wp","href":"https:\/\/api.w.org\/{rel}","templated":true}]}}