{"id":37509,"date":"2008-12-02T00:00:00","date_gmt":"2008-12-02T00:00:00","guid":{"rendered":"https:\/\/csefrs.lifemoz.com\/\u0627\u0644\u0645\u0646\u0634\u0648\u0631\u0627\u062a\/diagnostic-strategique-du-partenariat-pour-lecole-marocaine-benchmarking-des-systemes-de-partenariat\/"},"modified":"2026-02-08T14:08:44","modified_gmt":"2026-02-08T13:08:44","slug":"diagnostic-strategique-du-partenariat-pour-lecole-marocaine-benchmarking-des-systemes-de-partenariat","status":"publish","type":"product","link":"https:\/\/csefrs.lifemoz.com\/fr\/publications\/diagnostic-strategique-du-partenariat-pour-lecole-marocaine-benchmarking-des-systemes-de-partenariat\/","title":{"rendered":"Diagnostic strat\u00e9gique du partenariat pour l\u2019\u00e9cole marocaine\u00a0: benchmarking des syst\u00e8mes de partenariat"},"content":{"rendered":"<p style=\"text-align: justify;\">Cette \u00e9tude comparative vise \u00e0 pr\u00e9senter les syst\u00e8mes \u00e9ducatifs objet de la comparaison en d\u00e9gageant leurs articulations et leurs principales options en mati\u00e8re de partenariat pour l\u2019\u00e9cole marocaine. L\u2019\u00e9tude s\u2019est \u00e9galement attach\u00e9e \u00e0 identifier les diff\u00e9rentes modalit\u00e9s d\u2019implication de ces partenariats, le profil des partenaires, les bonnes pratiques et les possibilit\u00e9s de s\u2019en inspirer au plan national. L\u2019\u00e9chantillon sur lequel a port\u00e9 cette \u00e9tude comprend les pays suivants\u00a0: Jordanie, Canada, France, Tunisie, Malaisie, Colombie et USA.<\/p>\n<p>&nbsp;<br \/>\n<a class=\"download-button-intern-fr\" href=\"https:\/\/csefrs.lifemoz.com\/wp-content\/uploads\/2017\/10\/Etude-9-benchmark.pdf\" target=\"_blank\" rel=\"noopener\">T\u00e9l\u00e9charger l&rsquo;\u00e9tude<\/a><\/p>\n","protected":false},"excerpt":{"rendered":"<p>Cette \u00e9tude comparative vise \u00e0 pr\u00e9senter les syst\u00e8mes \u00e9ducatifs objet de la comparaison en d\u00e9gageant leurs articulations et leurs principales options en mati\u00e8re de partenariat pour l\u2019\u00e9cole marocaine. L\u2019\u00e9tude s\u2019est \u00e9galement attach\u00e9e \u00e0 identifier les diff\u00e9rentes modalit\u00e9s d\u2019implication de ces partenariats, le profil des partenaires, les bonnes pratiques et les possibilit\u00e9s de s\u2019en inspirer au&hellip;<\/p>\n","protected":false},"featured_media":36362,"template":"","meta":[],"product_brand":[],"product_cat":[509],"product_tag":[],"class_list":{"0":"post-37509","1":"product","2":"type-product","3":"status-publish","4":"has-post-thumbnail","6":"product_cat-etudes-et-recherches","7":"description-off","9":"first","10":"instock","11":"downloadable","12":"virtual","13":"sold-individually","14":"purchasable","15":"product-type-simple"},"yoast_head":"<!-- This site is optimized with the Yoast SEO plugin v27.5 - https:\/\/yoast.com\/product\/yoast-seo-wordpress\/ -->\n<title>Diagnostic strat\u00e9gique du partenariat pour l\u2019\u00e9cole marocaine\u00a0: benchmarking des syst\u00e8mes de partenariat - Conseil sup\u00e9rieur de l\u2019\u00e9ducation, de la formation et de la recherche scientifique<\/title>\n<meta name=\"robots\" content=\"noindex, follow, max-snippet:-1, max-image-preview:large, max-video-preview:-1\" \/>\n<meta property=\"og:locale\" content=\"fr_FR\" \/>\n<meta property=\"og:type\" content=\"article\" \/>\n<meta property=\"og:title\" content=\"Diagnostic strat\u00e9gique du partenariat pour l\u2019\u00e9cole marocaine\u00a0: benchmarking des syst\u00e8mes de partenariat - Conseil sup\u00e9rieur de l\u2019\u00e9ducation, de la formation et de la recherche scientifique\" \/>\n<meta property=\"og:description\" content=\"Cette \u00e9tude comparative vise \u00e0 pr\u00e9senter les syst\u00e8mes \u00e9ducatifs objet de la comparaison en d\u00e9gageant leurs articulations et leurs principales options en mati\u00e8re de partenariat pour l\u2019\u00e9cole marocaine. L\u2019\u00e9tude s\u2019est \u00e9galement attach\u00e9e \u00e0 identifier les diff\u00e9rentes modalit\u00e9s d\u2019implication de ces partenariats, le profil des partenaires, les bonnes pratiques et les possibilit\u00e9s de s\u2019en inspirer au&hellip;\" \/>\n<meta property=\"og:url\" content=\"https:\/\/csefrs.lifemoz.com\/fr\/publications\/diagnostic-strategique-du-partenariat-pour-lecole-marocaine-benchmarking-des-systemes-de-partenariat\/\" \/>\n<meta property=\"og:site_name\" content=\"Conseil sup\u00e9rieur de l\u2019\u00e9ducation, de la formation et de la recherche scientifique\" \/>\n<meta property=\"article:modified_time\" content=\"2026-02-08T13:08:44+00:00\" \/>\n<meta property=\"og:image\" content=\"https:\/\/csefrs.lifemoz.com\/wp-content\/uploads\/2025\/12\/Etude-9-benchmark.png\" \/>\n\t<meta property=\"og:image:width\" content=\"679\" \/>\n\t<meta property=\"og:image:height\" content=\"942\" \/>\n\t<meta property=\"og:image:type\" content=\"image\/png\" \/>\n<meta name=\"twitter:card\" content=\"summary_large_image\" \/>\n<script type=\"application\/ld+json\" class=\"yoast-schema-graph\">{\"@context\":\"https:\\\/\\\/schema.org\",\"@graph\":[{\"@type\":\"WebPage\",\"@id\":\"https:\\\/\\\/csefrs.lifemoz.com\\\/fr\\\/publications\\\/diagnostic-strategique-du-partenariat-pour-lecole-marocaine-benchmarking-des-systemes-de-partenariat\\\/\",\"url\":\"https:\\\/\\\/csefrs.lifemoz.com\\\/fr\\\/publications\\\/diagnostic-strategique-du-partenariat-pour-lecole-marocaine-benchmarking-des-systemes-de-partenariat\\\/\",\"name\":\"Diagnostic strat\u00e9gique du partenariat pour l\u2019\u00e9cole marocaine\u00a0: benchmarking des syst\u00e8mes de partenariat - Conseil sup\u00e9rieur de l\u2019\u00e9ducation, de la formation et de la recherche scientifique\",\"isPartOf\":{\"@id\":\"https:\\\/\\\/csefrs.lifemoz.com\\\/#website\"},\"primaryImageOfPage\":{\"@id\":\"https:\\\/\\\/csefrs.lifemoz.com\\\/fr\\\/publications\\\/diagnostic-strategique-du-partenariat-pour-lecole-marocaine-benchmarking-des-systemes-de-partenariat\\\/#primaryimage\"},\"image\":{\"@id\":\"https:\\\/\\\/csefrs.lifemoz.com\\\/fr\\\/publications\\\/diagnostic-strategique-du-partenariat-pour-lecole-marocaine-benchmarking-des-systemes-de-partenariat\\\/#primaryimage\"},\"thumbnailUrl\":\"https:\\\/\\\/csefrs.lifemoz.com\\\/wp-content\\\/uploads\\\/2025\\\/12\\\/Etude-9-benchmark.png\",\"datePublished\":\"2008-12-02T00:00:00+00:00\",\"dateModified\":\"2026-02-08T13:08:44+00:00\",\"breadcrumb\":{\"@id\":\"https:\\\/\\\/csefrs.lifemoz.com\\\/fr\\\/publications\\\/diagnostic-strategique-du-partenariat-pour-lecole-marocaine-benchmarking-des-systemes-de-partenariat\\\/#breadcrumb\"},\"inLanguage\":\"fr-FR\",\"potentialAction\":[{\"@type\":\"ReadAction\",\"target\":[\"https:\\\/\\\/csefrs.lifemoz.com\\\/fr\\\/publications\\\/diagnostic-strategique-du-partenariat-pour-lecole-marocaine-benchmarking-des-systemes-de-partenariat\\\/\"]}]},{\"@type\":\"ImageObject\",\"inLanguage\":\"fr-FR\",\"@id\":\"https:\\\/\\\/csefrs.lifemoz.com\\\/fr\\\/publications\\\/diagnostic-strategique-du-partenariat-pour-lecole-marocaine-benchmarking-des-systemes-de-partenariat\\\/#primaryimage\",\"url\":\"https:\\\/\\\/csefrs.lifemoz.com\\\/wp-content\\\/uploads\\\/2025\\\/12\\\/Etude-9-benchmark.png\",\"contentUrl\":\"https:\\\/\\\/csefrs.lifemoz.com\\\/wp-content\\\/uploads\\\/2025\\\/12\\\/Etude-9-benchmark.png\",\"width\":679,\"height\":942},{\"@type\":\"BreadcrumbList\",\"@id\":\"https:\\\/\\\/csefrs.lifemoz.com\\\/fr\\\/publications\\\/diagnostic-strategique-du-partenariat-pour-lecole-marocaine-benchmarking-des-systemes-de-partenariat\\\/#breadcrumb\",\"itemListElement\":[{\"@type\":\"ListItem\",\"position\":1,\"name\":\"Accueil\",\"item\":\"https:\\\/\\\/csefrs.lifemoz.com\\\/fr\\\/\"},{\"@type\":\"ListItem\",\"position\":2,\"name\":\"Publications\",\"item\":\"https:\\\/\\\/csefrs.lifemoz.com\\\/\u0627\u0644\u0645\u0646\u0634\u0648\u0631\u0627\u062a\\\/\"},{\"@type\":\"ListItem\",\"position\":3,\"name\":\"Diagnostic strat\u00e9gique du partenariat pour l\u2019\u00e9cole marocaine\u00a0: benchmarking des syst\u00e8mes de partenariat\"}]},{\"@type\":\"WebSite\",\"@id\":\"https:\\\/\\\/csefrs.lifemoz.com\\\/#website\",\"url\":\"https:\\\/\\\/csefrs.lifemoz.com\\\/\",\"name\":\"Conseil sup\u00e9rieur de l\u2019\u00e9ducation, de la formation et de la recherche scientifique\",\"description\":\"\",\"potentialAction\":[{\"@type\":\"SearchAction\",\"target\":{\"@type\":\"EntryPoint\",\"urlTemplate\":\"https:\\\/\\\/csefrs.lifemoz.com\\\/?s={search_term_string}\"},\"query-input\":{\"@type\":\"PropertyValueSpecification\",\"valueRequired\":true,\"valueName\":\"search_term_string\"}}],\"inLanguage\":\"fr-FR\"}]}<\/script>\n<!-- \/ Yoast SEO plugin. -->","yoast_head_json":{"title":"Diagnostic strat\u00e9gique du partenariat pour l\u2019\u00e9cole marocaine\u00a0: benchmarking des syst\u00e8mes de partenariat - Conseil sup\u00e9rieur de l\u2019\u00e9ducation, de la formation et de la recherche scientifique","robots":{"index":"noindex","follow":"follow","max-snippet":"max-snippet:-1","max-image-preview":"max-image-preview:large","max-video-preview":"max-video-preview:-1"},"og_locale":"fr_FR","og_type":"article","og_title":"Diagnostic strat\u00e9gique du partenariat pour l\u2019\u00e9cole marocaine\u00a0: benchmarking des syst\u00e8mes de partenariat - Conseil sup\u00e9rieur de l\u2019\u00e9ducation, de la formation et de la recherche scientifique","og_description":"Cette \u00e9tude comparative vise \u00e0 pr\u00e9senter les syst\u00e8mes \u00e9ducatifs objet de la comparaison en d\u00e9gageant leurs articulations et leurs principales options en mati\u00e8re de partenariat pour l\u2019\u00e9cole marocaine. L\u2019\u00e9tude s\u2019est \u00e9galement attach\u00e9e \u00e0 identifier les diff\u00e9rentes modalit\u00e9s d\u2019implication de ces partenariats, le profil des partenaires, les bonnes pratiques et les possibilit\u00e9s de s\u2019en inspirer au&hellip;","og_url":"https:\/\/csefrs.lifemoz.com\/fr\/publications\/diagnostic-strategique-du-partenariat-pour-lecole-marocaine-benchmarking-des-systemes-de-partenariat\/","og_site_name":"Conseil sup\u00e9rieur de l\u2019\u00e9ducation, de la formation et de la recherche scientifique","article_modified_time":"2026-02-08T13:08:44+00:00","og_image":[{"width":679,"height":942,"url":"https:\/\/csefrs.lifemoz.com\/wp-content\/uploads\/2025\/12\/Etude-9-benchmark.png","type":"image\/png"}],"twitter_card":"summary_large_image","schema":{"@context":"https:\/\/schema.org","@graph":[{"@type":"WebPage","@id":"https:\/\/csefrs.lifemoz.com\/fr\/publications\/diagnostic-strategique-du-partenariat-pour-lecole-marocaine-benchmarking-des-systemes-de-partenariat\/","url":"https:\/\/csefrs.lifemoz.com\/fr\/publications\/diagnostic-strategique-du-partenariat-pour-lecole-marocaine-benchmarking-des-systemes-de-partenariat\/","name":"Diagnostic strat\u00e9gique du partenariat pour l\u2019\u00e9cole marocaine\u00a0: benchmarking des syst\u00e8mes de partenariat - Conseil sup\u00e9rieur de l\u2019\u00e9ducation, de la formation et de la recherche scientifique","isPartOf":{"@id":"https:\/\/csefrs.lifemoz.com\/#website"},"primaryImageOfPage":{"@id":"https:\/\/csefrs.lifemoz.com\/fr\/publications\/diagnostic-strategique-du-partenariat-pour-lecole-marocaine-benchmarking-des-systemes-de-partenariat\/#primaryimage"},"image":{"@id":"https:\/\/csefrs.lifemoz.com\/fr\/publications\/diagnostic-strategique-du-partenariat-pour-lecole-marocaine-benchmarking-des-systemes-de-partenariat\/#primaryimage"},"thumbnailUrl":"https:\/\/csefrs.lifemoz.com\/wp-content\/uploads\/2025\/12\/Etude-9-benchmark.png","datePublished":"2008-12-02T00:00:00+00:00","dateModified":"2026-02-08T13:08:44+00:00","breadcrumb":{"@id":"https:\/\/csefrs.lifemoz.com\/fr\/publications\/diagnostic-strategique-du-partenariat-pour-lecole-marocaine-benchmarking-des-systemes-de-partenariat\/#breadcrumb"},"inLanguage":"fr-FR","potentialAction":[{"@type":"ReadAction","target":["https:\/\/csefrs.lifemoz.com\/fr\/publications\/diagnostic-strategique-du-partenariat-pour-lecole-marocaine-benchmarking-des-systemes-de-partenariat\/"]}]},{"@type":"ImageObject","inLanguage":"fr-FR","@id":"https:\/\/csefrs.lifemoz.com\/fr\/publications\/diagnostic-strategique-du-partenariat-pour-lecole-marocaine-benchmarking-des-systemes-de-partenariat\/#primaryimage","url":"https:\/\/csefrs.lifemoz.com\/wp-content\/uploads\/2025\/12\/Etude-9-benchmark.png","contentUrl":"https:\/\/csefrs.lifemoz.com\/wp-content\/uploads\/2025\/12\/Etude-9-benchmark.png","width":679,"height":942},{"@type":"BreadcrumbList","@id":"https:\/\/csefrs.lifemoz.com\/fr\/publications\/diagnostic-strategique-du-partenariat-pour-lecole-marocaine-benchmarking-des-systemes-de-partenariat\/#breadcrumb","itemListElement":[{"@type":"ListItem","position":1,"name":"Accueil","item":"https:\/\/csefrs.lifemoz.com\/fr\/"},{"@type":"ListItem","position":2,"name":"Publications","item":"https:\/\/csefrs.lifemoz.com\/\u0627\u0644\u0645\u0646\u0634\u0648\u0631\u0627\u062a\/"},{"@type":"ListItem","position":3,"name":"Diagnostic strat\u00e9gique du partenariat pour l\u2019\u00e9cole marocaine\u00a0: benchmarking des syst\u00e8mes de partenariat"}]},{"@type":"WebSite","@id":"https:\/\/csefrs.lifemoz.com\/#website","url":"https:\/\/csefrs.lifemoz.com\/","name":"Conseil sup\u00e9rieur de l\u2019\u00e9ducation, de la formation et de la recherche scientifique","description":"","potentialAction":[{"@type":"SearchAction","target":{"@type":"EntryPoint","urlTemplate":"https:\/\/csefrs.lifemoz.com\/?s={search_term_string}"},"query-input":{"@type":"PropertyValueSpecification","valueRequired":true,"valueName":"search_term_string"}}],"inLanguage":"fr-FR"}]}},"_links":{"self":[{"href":"https:\/\/csefrs.lifemoz.com\/fr\/wp-json\/wp\/v2\/product\/37509","targetHints":{"allow":["GET"]}}],"collection":[{"href":"https:\/\/csefrs.lifemoz.com\/fr\/wp-json\/wp\/v2\/product"}],"about":[{"href":"https:\/\/csefrs.lifemoz.com\/fr\/wp-json\/wp\/v2\/types\/product"}],"wp:featuredmedia":[{"embeddable":true,"href":"https:\/\/csefrs.lifemoz.com\/fr\/wp-json\/wp\/v2\/media\/36362"}],"wp:attachment":[{"href":"https:\/\/csefrs.lifemoz.com\/fr\/wp-json\/wp\/v2\/media?parent=37509"}],"wp:term":[{"taxonomy":"product_brand","embeddable":true,"href":"https:\/\/csefrs.lifemoz.com\/fr\/wp-json\/wp\/v2\/product_brand?post=37509"},{"taxonomy":"product_cat","embeddable":true,"href":"https:\/\/csefrs.lifemoz.com\/fr\/wp-json\/wp\/v2\/product_cat?post=37509"},{"taxonomy":"product_tag","embeddable":true,"href":"https:\/\/csefrs.lifemoz.com\/fr\/wp-json\/wp\/v2\/product_tag?post=37509"}],"curies":[{"name":"wp","href":"https:\/\/api.w.org\/{rel}","templated":true}]}}