{"id":37507,"date":"2014-12-02T00:00:00","date_gmt":"2014-12-02T00:00:00","guid":{"rendered":"https:\/\/csefrs.lifemoz.com\/\u0627\u0644\u0645\u0646\u0634\u0648\u0631\u0627\u062a\/mise-en-oeuvre-de-la-charte-nationale-deducation-et-de-formation-2000-2013-acquis-deficits-et-defis\/"},"modified":"2026-02-08T14:08:38","modified_gmt":"2026-02-08T13:08:38","slug":"mise-en-oeuvre-de-la-charte-nationale-deducation-et-de-formation-2000-2013-acquis-deficits-et-defis","status":"publish","type":"product","link":"https:\/\/csefrs.lifemoz.com\/fr\/publications\/mise-en-oeuvre-de-la-charte-nationale-deducation-et-de-formation-2000-2013-acquis-deficits-et-defis\/","title":{"rendered":"Mise en \u0153uvre de la Charte nationale d\u2019\u00e9ducation et de formation 2000-2013\u00a0: acquis, d\u00e9ficits et d\u00e9fis"},"content":{"rendered":"<p style=\"text-align: justify;\">Ce rapport proc\u00e8de de la n\u00e9cessit\u00e9 d\u2019effectuer une \u00e9valuation globale et exhaustive de la mise en \u0153uvre de la Charte nationale d\u2019\u00e9ducation et de formation sur une p\u00e9riode allant de 2000 \u00e0 2013, en vue de refonder le syst\u00e8me d\u2019\u00e9ducation, de formation et de recherche scientifique. Ce chantier a notamment pris en consid\u00e9ration les transformations soci\u00e9tales majeures qui sont intervenues au plan national, les mutations qu\u2019ont connues les syst\u00e8mes d\u2019\u00e9ducation, de formation et de recherche scientifique au niveau mondial ainsi que les exigences de l\u2019\u00e9ducation au XXI\u00e8me si\u00e8cle.<\/p>\n<p>&nbsp;<\/p>\n<p><a class=\"download-button-intern-fr\" href=\"https:\/\/csefrs.lifemoz.com\/wp-content\/uploads\/2017\/10\/Rapport-analytique.pdf\" target=\"_blank\" rel=\"noopener\">T\u00e9l\u00e9charger le rapport analytique<\/a><br \/>\n<a class=\"download-button-intern-fr\" href=\"https:\/\/csefrs.lifemoz.com\/wp-content\/uploads\/2017\/10\/Re\u0301sume\u0301-du-rapport-analytique.pdf\" target=\"_blank\" rel=\"noopener\">T\u00e9l\u00e9charger le r\u00e9sum\u00e9 du rapport analytique<\/a><br \/>\n<a class=\"download-button-intern-fr\" href=\"https:\/\/csefrs.lifemoz.com\/wp-content\/uploads\/2017\/10\/ATLAS_Graphique.pdf\" target=\"_blank\" rel=\"noopener\">T\u00e9l\u00e9charger l&rsquo;atlas graphique et cartographique<\/a><\/p>\n","protected":false},"excerpt":{"rendered":"<p>Ce rapport proc\u00e8de de la n\u00e9cessit\u00e9 d\u2019effectuer une \u00e9valuation globale et exhaustive de la mise en \u0153uvre de la Charte nationale d\u2019\u00e9ducation et de formation sur une p\u00e9riode allant de 2000 \u00e0 2013, en vue de refonder le syst\u00e8me d\u2019\u00e9ducation, de formation et de recherche scientifique. Ce chantier a notamment pris en consid\u00e9ration les transformations&hellip;<\/p>\n","protected":false},"featured_media":37117,"template":"","meta":[],"product_brand":[],"product_cat":[505,506],"product_tag":[],"class_list":{"0":"post-37507","1":"product","2":"type-product","3":"status-publish","4":"has-post-thumbnail","6":"product_cat-rapports","7":"product_cat-rapports-devaluation-etudes","8":"description-off","10":"first","11":"instock","12":"downloadable","13":"virtual","14":"sold-individually","15":"purchasable","16":"product-type-simple"},"yoast_head":"<!-- This site is optimized with the Yoast SEO plugin v27.5 - https:\/\/yoast.com\/product\/yoast-seo-wordpress\/ -->\n<title>Mise en \u0153uvre de la Charte nationale d\u2019\u00e9ducation et de formation 2000-2013\u00a0: acquis, d\u00e9ficits et d\u00e9fis - Conseil sup\u00e9rieur de l\u2019\u00e9ducation, de la formation et de la recherche scientifique<\/title>\n<meta name=\"robots\" content=\"noindex, follow, max-snippet:-1, max-image-preview:large, max-video-preview:-1\" \/>\n<meta property=\"og:locale\" content=\"fr_FR\" \/>\n<meta property=\"og:type\" content=\"article\" \/>\n<meta property=\"og:title\" content=\"Mise en \u0153uvre de la Charte nationale d\u2019\u00e9ducation et de formation 2000-2013\u00a0: acquis, d\u00e9ficits et d\u00e9fis - Conseil sup\u00e9rieur de l\u2019\u00e9ducation, de la formation et de la recherche scientifique\" \/>\n<meta property=\"og:description\" content=\"Ce rapport proc\u00e8de de la n\u00e9cessit\u00e9 d\u2019effectuer une \u00e9valuation globale et exhaustive de la mise en \u0153uvre de la Charte nationale d\u2019\u00e9ducation et de formation sur une p\u00e9riode allant de 2000 \u00e0 2013, en vue de refonder le syst\u00e8me d\u2019\u00e9ducation, de formation et de recherche scientifique. Ce chantier a notamment pris en consid\u00e9ration les transformations&hellip;\" \/>\n<meta property=\"og:url\" content=\"https:\/\/csefrs.lifemoz.com\/fr\/publications\/mise-en-oeuvre-de-la-charte-nationale-deducation-et-de-formation-2000-2013-acquis-deficits-et-defis\/\" \/>\n<meta property=\"og:site_name\" content=\"Conseil sup\u00e9rieur de l\u2019\u00e9ducation, de la formation et de la recherche scientifique\" \/>\n<meta property=\"article:modified_time\" content=\"2026-02-08T13:08:38+00:00\" \/>\n<meta property=\"og:image\" content=\"https:\/\/csefrs.lifemoz.com\/wp-content\/uploads\/2025\/12\/Rapport-analytique-1.jpg\" \/>\n\t<meta property=\"og:image:width\" content=\"212\" \/>\n\t<meta property=\"og:image:height\" content=\"300\" \/>\n\t<meta property=\"og:image:type\" content=\"image\/jpeg\" \/>\n<meta name=\"twitter:card\" content=\"summary_large_image\" \/>\n<meta name=\"twitter:label1\" content=\"Dur\u00e9e de lecture estim\u00e9e\" \/>\n\t<meta name=\"twitter:data1\" content=\"1 minute\" \/>\n<script type=\"application\/ld+json\" class=\"yoast-schema-graph\">{\"@context\":\"https:\\\/\\\/schema.org\",\"@graph\":[{\"@type\":\"WebPage\",\"@id\":\"https:\\\/\\\/csefrs.lifemoz.com\\\/fr\\\/publications\\\/mise-en-oeuvre-de-la-charte-nationale-deducation-et-de-formation-2000-2013-acquis-deficits-et-defis\\\/\",\"url\":\"https:\\\/\\\/csefrs.lifemoz.com\\\/fr\\\/publications\\\/mise-en-oeuvre-de-la-charte-nationale-deducation-et-de-formation-2000-2013-acquis-deficits-et-defis\\\/\",\"name\":\"Mise en \u0153uvre de la Charte nationale d\u2019\u00e9ducation et de formation 2000-2013\u00a0: acquis, d\u00e9ficits et d\u00e9fis - Conseil sup\u00e9rieur de l\u2019\u00e9ducation, de la formation et de la recherche scientifique\",\"isPartOf\":{\"@id\":\"https:\\\/\\\/csefrs.lifemoz.com\\\/#website\"},\"primaryImageOfPage\":{\"@id\":\"https:\\\/\\\/csefrs.lifemoz.com\\\/fr\\\/publications\\\/mise-en-oeuvre-de-la-charte-nationale-deducation-et-de-formation-2000-2013-acquis-deficits-et-defis\\\/#primaryimage\"},\"image\":{\"@id\":\"https:\\\/\\\/csefrs.lifemoz.com\\\/fr\\\/publications\\\/mise-en-oeuvre-de-la-charte-nationale-deducation-et-de-formation-2000-2013-acquis-deficits-et-defis\\\/#primaryimage\"},\"thumbnailUrl\":\"https:\\\/\\\/csefrs.lifemoz.com\\\/wp-content\\\/uploads\\\/2025\\\/12\\\/Rapport-analytique-1.jpg\",\"datePublished\":\"2014-12-02T00:00:00+00:00\",\"dateModified\":\"2026-02-08T13:08:38+00:00\",\"breadcrumb\":{\"@id\":\"https:\\\/\\\/csefrs.lifemoz.com\\\/fr\\\/publications\\\/mise-en-oeuvre-de-la-charte-nationale-deducation-et-de-formation-2000-2013-acquis-deficits-et-defis\\\/#breadcrumb\"},\"inLanguage\":\"fr-FR\",\"potentialAction\":[{\"@type\":\"ReadAction\",\"target\":[\"https:\\\/\\\/csefrs.lifemoz.com\\\/fr\\\/publications\\\/mise-en-oeuvre-de-la-charte-nationale-deducation-et-de-formation-2000-2013-acquis-deficits-et-defis\\\/\"]}]},{\"@type\":\"ImageObject\",\"inLanguage\":\"fr-FR\",\"@id\":\"https:\\\/\\\/csefrs.lifemoz.com\\\/fr\\\/publications\\\/mise-en-oeuvre-de-la-charte-nationale-deducation-et-de-formation-2000-2013-acquis-deficits-et-defis\\\/#primaryimage\",\"url\":\"https:\\\/\\\/csefrs.lifemoz.com\\\/wp-content\\\/uploads\\\/2025\\\/12\\\/Rapport-analytique-1.jpg\",\"contentUrl\":\"https:\\\/\\\/csefrs.lifemoz.com\\\/wp-content\\\/uploads\\\/2025\\\/12\\\/Rapport-analytique-1.jpg\",\"width\":212,\"height\":300},{\"@type\":\"BreadcrumbList\",\"@id\":\"https:\\\/\\\/csefrs.lifemoz.com\\\/fr\\\/publications\\\/mise-en-oeuvre-de-la-charte-nationale-deducation-et-de-formation-2000-2013-acquis-deficits-et-defis\\\/#breadcrumb\",\"itemListElement\":[{\"@type\":\"ListItem\",\"position\":1,\"name\":\"Accueil\",\"item\":\"https:\\\/\\\/csefrs.lifemoz.com\\\/fr\\\/\"},{\"@type\":\"ListItem\",\"position\":2,\"name\":\"Publications\",\"item\":\"https:\\\/\\\/csefrs.lifemoz.com\\\/\u0627\u0644\u0645\u0646\u0634\u0648\u0631\u0627\u062a\\\/\"},{\"@type\":\"ListItem\",\"position\":3,\"name\":\"Mise en \u0153uvre de la Charte nationale d\u2019\u00e9ducation et de formation 2000-2013\u00a0: acquis, d\u00e9ficits et d\u00e9fis\"}]},{\"@type\":\"WebSite\",\"@id\":\"https:\\\/\\\/csefrs.lifemoz.com\\\/#website\",\"url\":\"https:\\\/\\\/csefrs.lifemoz.com\\\/\",\"name\":\"Conseil sup\u00e9rieur de l\u2019\u00e9ducation, de la formation et de la recherche scientifique\",\"description\":\"\",\"potentialAction\":[{\"@type\":\"SearchAction\",\"target\":{\"@type\":\"EntryPoint\",\"urlTemplate\":\"https:\\\/\\\/csefrs.lifemoz.com\\\/?s={search_term_string}\"},\"query-input\":{\"@type\":\"PropertyValueSpecification\",\"valueRequired\":true,\"valueName\":\"search_term_string\"}}],\"inLanguage\":\"fr-FR\"}]}<\/script>\n<!-- \/ Yoast SEO plugin. -->","yoast_head_json":{"title":"Mise en \u0153uvre de la Charte nationale d\u2019\u00e9ducation et de formation 2000-2013\u00a0: acquis, d\u00e9ficits et d\u00e9fis - Conseil sup\u00e9rieur de l\u2019\u00e9ducation, de la formation et de la recherche scientifique","robots":{"index":"noindex","follow":"follow","max-snippet":"max-snippet:-1","max-image-preview":"max-image-preview:large","max-video-preview":"max-video-preview:-1"},"og_locale":"fr_FR","og_type":"article","og_title":"Mise en \u0153uvre de la Charte nationale d\u2019\u00e9ducation et de formation 2000-2013\u00a0: acquis, d\u00e9ficits et d\u00e9fis - Conseil sup\u00e9rieur de l\u2019\u00e9ducation, de la formation et de la recherche scientifique","og_description":"Ce rapport proc\u00e8de de la n\u00e9cessit\u00e9 d\u2019effectuer une \u00e9valuation globale et exhaustive de la mise en \u0153uvre de la Charte nationale d\u2019\u00e9ducation et de formation sur une p\u00e9riode allant de 2000 \u00e0 2013, en vue de refonder le syst\u00e8me d\u2019\u00e9ducation, de formation et de recherche scientifique. Ce chantier a notamment pris en consid\u00e9ration les transformations&hellip;","og_url":"https:\/\/csefrs.lifemoz.com\/fr\/publications\/mise-en-oeuvre-de-la-charte-nationale-deducation-et-de-formation-2000-2013-acquis-deficits-et-defis\/","og_site_name":"Conseil sup\u00e9rieur de l\u2019\u00e9ducation, de la formation et de la recherche scientifique","article_modified_time":"2026-02-08T13:08:38+00:00","og_image":[{"width":212,"height":300,"url":"https:\/\/csefrs.lifemoz.com\/wp-content\/uploads\/2025\/12\/Rapport-analytique-1.jpg","type":"image\/jpeg"}],"twitter_card":"summary_large_image","twitter_misc":{"Dur\u00e9e de lecture estim\u00e9e":"1 minute"},"schema":{"@context":"https:\/\/schema.org","@graph":[{"@type":"WebPage","@id":"https:\/\/csefrs.lifemoz.com\/fr\/publications\/mise-en-oeuvre-de-la-charte-nationale-deducation-et-de-formation-2000-2013-acquis-deficits-et-defis\/","url":"https:\/\/csefrs.lifemoz.com\/fr\/publications\/mise-en-oeuvre-de-la-charte-nationale-deducation-et-de-formation-2000-2013-acquis-deficits-et-defis\/","name":"Mise en \u0153uvre de la Charte nationale d\u2019\u00e9ducation et de formation 2000-2013\u00a0: acquis, d\u00e9ficits et d\u00e9fis - Conseil sup\u00e9rieur de l\u2019\u00e9ducation, de la formation et de la recherche scientifique","isPartOf":{"@id":"https:\/\/csefrs.lifemoz.com\/#website"},"primaryImageOfPage":{"@id":"https:\/\/csefrs.lifemoz.com\/fr\/publications\/mise-en-oeuvre-de-la-charte-nationale-deducation-et-de-formation-2000-2013-acquis-deficits-et-defis\/#primaryimage"},"image":{"@id":"https:\/\/csefrs.lifemoz.com\/fr\/publications\/mise-en-oeuvre-de-la-charte-nationale-deducation-et-de-formation-2000-2013-acquis-deficits-et-defis\/#primaryimage"},"thumbnailUrl":"https:\/\/csefrs.lifemoz.com\/wp-content\/uploads\/2025\/12\/Rapport-analytique-1.jpg","datePublished":"2014-12-02T00:00:00+00:00","dateModified":"2026-02-08T13:08:38+00:00","breadcrumb":{"@id":"https:\/\/csefrs.lifemoz.com\/fr\/publications\/mise-en-oeuvre-de-la-charte-nationale-deducation-et-de-formation-2000-2013-acquis-deficits-et-defis\/#breadcrumb"},"inLanguage":"fr-FR","potentialAction":[{"@type":"ReadAction","target":["https:\/\/csefrs.lifemoz.com\/fr\/publications\/mise-en-oeuvre-de-la-charte-nationale-deducation-et-de-formation-2000-2013-acquis-deficits-et-defis\/"]}]},{"@type":"ImageObject","inLanguage":"fr-FR","@id":"https:\/\/csefrs.lifemoz.com\/fr\/publications\/mise-en-oeuvre-de-la-charte-nationale-deducation-et-de-formation-2000-2013-acquis-deficits-et-defis\/#primaryimage","url":"https:\/\/csefrs.lifemoz.com\/wp-content\/uploads\/2025\/12\/Rapport-analytique-1.jpg","contentUrl":"https:\/\/csefrs.lifemoz.com\/wp-content\/uploads\/2025\/12\/Rapport-analytique-1.jpg","width":212,"height":300},{"@type":"BreadcrumbList","@id":"https:\/\/csefrs.lifemoz.com\/fr\/publications\/mise-en-oeuvre-de-la-charte-nationale-deducation-et-de-formation-2000-2013-acquis-deficits-et-defis\/#breadcrumb","itemListElement":[{"@type":"ListItem","position":1,"name":"Accueil","item":"https:\/\/csefrs.lifemoz.com\/fr\/"},{"@type":"ListItem","position":2,"name":"Publications","item":"https:\/\/csefrs.lifemoz.com\/\u0627\u0644\u0645\u0646\u0634\u0648\u0631\u0627\u062a\/"},{"@type":"ListItem","position":3,"name":"Mise en \u0153uvre de la Charte nationale d\u2019\u00e9ducation et de formation 2000-2013\u00a0: acquis, d\u00e9ficits et d\u00e9fis"}]},{"@type":"WebSite","@id":"https:\/\/csefrs.lifemoz.com\/#website","url":"https:\/\/csefrs.lifemoz.com\/","name":"Conseil sup\u00e9rieur de l\u2019\u00e9ducation, de la formation et de la recherche scientifique","description":"","potentialAction":[{"@type":"SearchAction","target":{"@type":"EntryPoint","urlTemplate":"https:\/\/csefrs.lifemoz.com\/?s={search_term_string}"},"query-input":{"@type":"PropertyValueSpecification","valueRequired":true,"valueName":"search_term_string"}}],"inLanguage":"fr-FR"}]}},"_links":{"self":[{"href":"https:\/\/csefrs.lifemoz.com\/fr\/wp-json\/wp\/v2\/product\/37507","targetHints":{"allow":["GET"]}}],"collection":[{"href":"https:\/\/csefrs.lifemoz.com\/fr\/wp-json\/wp\/v2\/product"}],"about":[{"href":"https:\/\/csefrs.lifemoz.com\/fr\/wp-json\/wp\/v2\/types\/product"}],"wp:featuredmedia":[{"embeddable":true,"href":"https:\/\/csefrs.lifemoz.com\/fr\/wp-json\/wp\/v2\/media\/37117"}],"wp:attachment":[{"href":"https:\/\/csefrs.lifemoz.com\/fr\/wp-json\/wp\/v2\/media?parent=37507"}],"wp:term":[{"taxonomy":"product_brand","embeddable":true,"href":"https:\/\/csefrs.lifemoz.com\/fr\/wp-json\/wp\/v2\/product_brand?post=37507"},{"taxonomy":"product_cat","embeddable":true,"href":"https:\/\/csefrs.lifemoz.com\/fr\/wp-json\/wp\/v2\/product_cat?post=37507"},{"taxonomy":"product_tag","embeddable":true,"href":"https:\/\/csefrs.lifemoz.com\/fr\/wp-json\/wp\/v2\/product_tag?post=37507"}],"curies":[{"name":"wp","href":"https:\/\/api.w.org\/{rel}","templated":true}]}}