{"id":37505,"date":"2014-07-03T00:00:00","date_gmt":"2014-07-03T00:00:00","guid":{"rendered":"https:\/\/csefrs.lifemoz.com\/\u0627\u0644\u0645\u0646\u0634\u0648\u0631\u0627\u062a\/revue-les-cahiers-de-leducation-et-de-la-formation\/"},"modified":"2026-02-08T14:08:39","modified_gmt":"2026-02-08T13:08:39","slug":"revue-les-cahiers-de-leducation-et-de-la-formation","status":"publish","type":"product","link":"https:\/\/csefrs.lifemoz.com\/fr\/publications\/revue-les-cahiers-de-leducation-et-de-la-formation\/","title":{"rendered":"Revue \u00ab Les Cahiers de l\u2019\u00e9ducation et de la formation \u00bb"},"content":{"rendered":"<p style=\"text-align: justify;\">Publication p\u00e9riodique \u00e0 comit\u00e9 de lecture, \u00ab Les Cahiers de l\u2019\u00e9ducation et de la formation \u00bb s\u2019int\u00e9ressent \u00e0 des th\u00e9matiques \u00e0 caract\u00e8re \u00e9ducatif, p\u00e9dagogique, didactique et \u00e0 des questions relatives \u00e0 la gouvernance du syst\u00e8me \u00e9ducatif et \u00e0 son rendement interne et externe. Cette revue se r\u00e9f\u00e8re \u00e9galement dans sa ligne \u00e9ditoriale aux dispositions constitutionnelles et aux options nationales de r\u00e9forme que s\u2019est fix\u00e9 le Maroc, tout en s\u2019ouvrant sur les exp\u00e9riences universelles et sur les syst\u00e8mes \u00e9ducatifs des diff\u00e9rents pays \u00e0 travers le monde. La revue para\u00eet trois fois par an : en octobre, janvier et mai.<\/p>\n<p>&nbsp;<\/p>\n<p><a class=\"download-button-intern-fr\" href=\"https:\/\/csefrs.lifemoz.com\/wp-content\/uploads\/2019\/02\/Cahiers-de-le--ducation-et-de-la-formation-N12-fr.pdf\" target=\"_blank\" rel=\"noopener\">Cahiers de l\u2019Education et de la Formation num\u00e9ro 12<\/a><br \/>\n<a class=\"download-button-intern-fr\" href=\"https:\/\/csefrs.lifemoz.com\/wp-content\/uploads\/2018\/11\/cahiers-11.pdf\" target=\"_blank\" rel=\"noopener\">Cahiers de l\u2019Education et de la Formation num\u00e9ro 11<\/a><br \/>\n<a class=\"download-button-intern-fr\" href=\"https:\/\/csefrs.lifemoz.com\/wp-content\/uploads\/2014\/07\/10-complet.pdf\" target=\"_blank\" rel=\"noopener\">Cahiers de l\u2019Education et de la Formation num\u00e9ro 10<\/a><br \/>\n<a class=\"download-button-intern-fr\" href=\"https:\/\/csefrs.lifemoz.com\/wp-content\/uploads\/2017\/10\/Cahiers_8-9.pdf\" target=\"_blank\" rel=\"noopener\">Cahiers de l\u2019Education et de la Formation num\u00e9ro 8-9<\/a><br \/>\n<a class=\"download-button-intern-fr\" href=\"https:\/\/csefrs.lifemoz.com\/wp-content\/uploads\/2017\/10\/CahiersEF6-7.pdf\" target=\"_blank\" rel=\"noopener\">Cahiers de l\u2019Education et de la Formation num\u00e9ro 6-7<\/a><br \/>\n<a class=\"download-button-intern-fr\" href=\"https:\/\/csefrs.lifemoz.com\/wp-content\/uploads\/2017\/10\/CahiersEF5.pdf\" target=\"_blank\" rel=\"noopener\">Cahiers de l\u2019Education et de la Formation num\u00e9ro 5<\/a><br \/>\n<a class=\"download-button-intern-fr\" href=\"https:\/\/csefrs.lifemoz.com\/wp-content\/uploads\/2017\/10\/CahiersEF4.pdf\" target=\"_blank\" rel=\"noopener\">Cahiers de l\u2019Education et de la Formation num\u00e9ro 4<\/a><br \/>\n<a class=\"download-button-intern-fr\" href=\"https:\/\/csefrs.lifemoz.com\/wp-content\/uploads\/2017\/10\/CahiersEF3.pdf\" target=\"_blank\" rel=\"noopener\">Cahiers de l\u2019Education et de la Formation num\u00e9ro 3<\/a><br \/>\n<a class=\"download-button-intern-fr\" href=\"https:\/\/csefrs.lifemoz.com\/wp-content\/uploads\/2017\/10\/CahiersEF2.pdf\" target=\"_blank\" rel=\"noopener\">Cahiers de l\u2019Education et de la Formation num\u00e9ro 2<\/a><br \/>\n<a class=\"download-button-intern-fr\" href=\"https:\/\/csefrs.lifemoz.com\/wp-content\/uploads\/2017\/10\/CahiersEF1.pdf\" target=\"_blank\" rel=\"noopener\">Cahiers de l\u2019Education et de la Formation num\u00e9ro 1<\/a><\/p>\n","protected":false},"excerpt":{"rendered":"<p>Publication p\u00e9riodique \u00e0 comit\u00e9 de lecture, \u00ab Les Cahiers de l\u2019\u00e9ducation et de la formation \u00bb s\u2019int\u00e9ressent \u00e0 des th\u00e9matiques \u00e0 caract\u00e8re \u00e9ducatif, p\u00e9dagogique, didactique et \u00e0 des questions relatives \u00e0 la gouvernance du syst\u00e8me \u00e9ducatif et \u00e0 son rendement interne et externe. Cette revue se r\u00e9f\u00e8re \u00e9galement dans sa ligne \u00e9ditoriale aux dispositions constitutionnelles&hellip;<\/p>\n","protected":false},"featured_media":37116,"template":"","meta":[],"product_brand":[],"product_cat":[510],"product_tag":[],"class_list":{"0":"post-37505","1":"product","2":"type-product","3":"status-publish","4":"has-post-thumbnail","6":"product_cat-revues-et-periodiques","7":"description-off","9":"first","10":"instock","11":"downloadable","12":"virtual","13":"sold-individually","14":"purchasable","15":"product-type-simple"},"yoast_head":"<!-- This site is optimized with the Yoast SEO plugin v27.5 - https:\/\/yoast.com\/product\/yoast-seo-wordpress\/ -->\n<title>Revue \u00ab Les Cahiers de l\u2019\u00e9ducation et de la formation \u00bb - Conseil sup\u00e9rieur de l\u2019\u00e9ducation, de la formation et de la recherche scientifique<\/title>\n<meta name=\"robots\" content=\"noindex, follow, max-snippet:-1, max-image-preview:large, max-video-preview:-1\" \/>\n<meta property=\"og:locale\" content=\"fr_FR\" \/>\n<meta property=\"og:type\" content=\"article\" \/>\n<meta property=\"og:title\" content=\"Revue \u00ab Les Cahiers de l\u2019\u00e9ducation et de la formation \u00bb - Conseil sup\u00e9rieur de l\u2019\u00e9ducation, de la formation et de la recherche scientifique\" \/>\n<meta property=\"og:description\" content=\"Publication p\u00e9riodique \u00e0 comit\u00e9 de lecture, \u00ab Les Cahiers de l\u2019\u00e9ducation et de la formation \u00bb s\u2019int\u00e9ressent \u00e0 des th\u00e9matiques \u00e0 caract\u00e8re \u00e9ducatif, p\u00e9dagogique, didactique et \u00e0 des questions relatives \u00e0 la gouvernance du syst\u00e8me \u00e9ducatif et \u00e0 son rendement interne et externe. Cette revue se r\u00e9f\u00e8re \u00e9galement dans sa ligne \u00e9ditoriale aux dispositions constitutionnelles&hellip;\" \/>\n<meta property=\"og:url\" content=\"https:\/\/csefrs.lifemoz.com\/fr\/publications\/revue-les-cahiers-de-leducation-et-de-la-formation\/\" \/>\n<meta property=\"og:site_name\" content=\"Conseil sup\u00e9rieur de l\u2019\u00e9ducation, de la formation et de la recherche scientifique\" \/>\n<meta property=\"article:modified_time\" content=\"2026-02-08T13:08:39+00:00\" \/>\n<meta property=\"og:image\" content=\"https:\/\/csefrs.lifemoz.com\/wp-content\/uploads\/2025\/12\/Cahiers-de-le-ducation-et-de-la-formation-N12-fr-1.jpg\" \/>\n\t<meta property=\"og:image:width\" content=\"797\" \/>\n\t<meta property=\"og:image:height\" content=\"1024\" \/>\n\t<meta property=\"og:image:type\" content=\"image\/jpeg\" \/>\n<meta name=\"twitter:card\" content=\"summary_large_image\" \/>\n<meta name=\"twitter:label1\" content=\"Dur\u00e9e de lecture estim\u00e9e\" \/>\n\t<meta name=\"twitter:data1\" content=\"1 minute\" \/>\n<script type=\"application\/ld+json\" class=\"yoast-schema-graph\">{\"@context\":\"https:\\\/\\\/schema.org\",\"@graph\":[{\"@type\":\"WebPage\",\"@id\":\"https:\\\/\\\/csefrs.lifemoz.com\\\/fr\\\/publications\\\/revue-les-cahiers-de-leducation-et-de-la-formation\\\/\",\"url\":\"https:\\\/\\\/csefrs.lifemoz.com\\\/fr\\\/publications\\\/revue-les-cahiers-de-leducation-et-de-la-formation\\\/\",\"name\":\"Revue \u00ab Les Cahiers de l\u2019\u00e9ducation et de la formation \u00bb - Conseil sup\u00e9rieur de l\u2019\u00e9ducation, de la formation et de la recherche scientifique\",\"isPartOf\":{\"@id\":\"https:\\\/\\\/csefrs.lifemoz.com\\\/#website\"},\"primaryImageOfPage\":{\"@id\":\"https:\\\/\\\/csefrs.lifemoz.com\\\/fr\\\/publications\\\/revue-les-cahiers-de-leducation-et-de-la-formation\\\/#primaryimage\"},\"image\":{\"@id\":\"https:\\\/\\\/csefrs.lifemoz.com\\\/fr\\\/publications\\\/revue-les-cahiers-de-leducation-et-de-la-formation\\\/#primaryimage\"},\"thumbnailUrl\":\"https:\\\/\\\/csefrs.lifemoz.com\\\/wp-content\\\/uploads\\\/2025\\\/12\\\/Cahiers-de-le-ducation-et-de-la-formation-N12-fr-1.jpg\",\"datePublished\":\"2014-07-03T00:00:00+00:00\",\"dateModified\":\"2026-02-08T13:08:39+00:00\",\"breadcrumb\":{\"@id\":\"https:\\\/\\\/csefrs.lifemoz.com\\\/fr\\\/publications\\\/revue-les-cahiers-de-leducation-et-de-la-formation\\\/#breadcrumb\"},\"inLanguage\":\"fr-FR\",\"potentialAction\":[{\"@type\":\"ReadAction\",\"target\":[\"https:\\\/\\\/csefrs.lifemoz.com\\\/fr\\\/publications\\\/revue-les-cahiers-de-leducation-et-de-la-formation\\\/\"]}]},{\"@type\":\"ImageObject\",\"inLanguage\":\"fr-FR\",\"@id\":\"https:\\\/\\\/csefrs.lifemoz.com\\\/fr\\\/publications\\\/revue-les-cahiers-de-leducation-et-de-la-formation\\\/#primaryimage\",\"url\":\"https:\\\/\\\/csefrs.lifemoz.com\\\/wp-content\\\/uploads\\\/2025\\\/12\\\/Cahiers-de-le-ducation-et-de-la-formation-N12-fr-1.jpg\",\"contentUrl\":\"https:\\\/\\\/csefrs.lifemoz.com\\\/wp-content\\\/uploads\\\/2025\\\/12\\\/Cahiers-de-le-ducation-et-de-la-formation-N12-fr-1.jpg\",\"width\":797,\"height\":1024},{\"@type\":\"BreadcrumbList\",\"@id\":\"https:\\\/\\\/csefrs.lifemoz.com\\\/fr\\\/publications\\\/revue-les-cahiers-de-leducation-et-de-la-formation\\\/#breadcrumb\",\"itemListElement\":[{\"@type\":\"ListItem\",\"position\":1,\"name\":\"Accueil\",\"item\":\"https:\\\/\\\/csefrs.lifemoz.com\\\/fr\\\/\"},{\"@type\":\"ListItem\",\"position\":2,\"name\":\"Publications\",\"item\":\"https:\\\/\\\/csefrs.lifemoz.com\\\/\u0627\u0644\u0645\u0646\u0634\u0648\u0631\u0627\u062a\\\/\"},{\"@type\":\"ListItem\",\"position\":3,\"name\":\"Revue \u00ab Les Cahiers de l\u2019\u00e9ducation et de la formation \u00bb\"}]},{\"@type\":\"WebSite\",\"@id\":\"https:\\\/\\\/csefrs.lifemoz.com\\\/#website\",\"url\":\"https:\\\/\\\/csefrs.lifemoz.com\\\/\",\"name\":\"Conseil sup\u00e9rieur de l\u2019\u00e9ducation, de la formation et de la recherche scientifique\",\"description\":\"\",\"potentialAction\":[{\"@type\":\"SearchAction\",\"target\":{\"@type\":\"EntryPoint\",\"urlTemplate\":\"https:\\\/\\\/csefrs.lifemoz.com\\\/?s={search_term_string}\"},\"query-input\":{\"@type\":\"PropertyValueSpecification\",\"valueRequired\":true,\"valueName\":\"search_term_string\"}}],\"inLanguage\":\"fr-FR\"}]}<\/script>\n<!-- \/ Yoast SEO plugin. -->","yoast_head_json":{"title":"Revue \u00ab Les Cahiers de l\u2019\u00e9ducation et de la formation \u00bb - Conseil sup\u00e9rieur de l\u2019\u00e9ducation, de la formation et de la recherche scientifique","robots":{"index":"noindex","follow":"follow","max-snippet":"max-snippet:-1","max-image-preview":"max-image-preview:large","max-video-preview":"max-video-preview:-1"},"og_locale":"fr_FR","og_type":"article","og_title":"Revue \u00ab Les Cahiers de l\u2019\u00e9ducation et de la formation \u00bb - Conseil sup\u00e9rieur de l\u2019\u00e9ducation, de la formation et de la recherche scientifique","og_description":"Publication p\u00e9riodique \u00e0 comit\u00e9 de lecture, \u00ab Les Cahiers de l\u2019\u00e9ducation et de la formation \u00bb s\u2019int\u00e9ressent \u00e0 des th\u00e9matiques \u00e0 caract\u00e8re \u00e9ducatif, p\u00e9dagogique, didactique et \u00e0 des questions relatives \u00e0 la gouvernance du syst\u00e8me \u00e9ducatif et \u00e0 son rendement interne et externe. Cette revue se r\u00e9f\u00e8re \u00e9galement dans sa ligne \u00e9ditoriale aux dispositions constitutionnelles&hellip;","og_url":"https:\/\/csefrs.lifemoz.com\/fr\/publications\/revue-les-cahiers-de-leducation-et-de-la-formation\/","og_site_name":"Conseil sup\u00e9rieur de l\u2019\u00e9ducation, de la formation et de la recherche scientifique","article_modified_time":"2026-02-08T13:08:39+00:00","og_image":[{"width":797,"height":1024,"url":"https:\/\/csefrs.lifemoz.com\/wp-content\/uploads\/2025\/12\/Cahiers-de-le-ducation-et-de-la-formation-N12-fr-1.jpg","type":"image\/jpeg"}],"twitter_card":"summary_large_image","twitter_misc":{"Dur\u00e9e de lecture estim\u00e9e":"1 minute"},"schema":{"@context":"https:\/\/schema.org","@graph":[{"@type":"WebPage","@id":"https:\/\/csefrs.lifemoz.com\/fr\/publications\/revue-les-cahiers-de-leducation-et-de-la-formation\/","url":"https:\/\/csefrs.lifemoz.com\/fr\/publications\/revue-les-cahiers-de-leducation-et-de-la-formation\/","name":"Revue \u00ab Les Cahiers de l\u2019\u00e9ducation et de la formation \u00bb - Conseil sup\u00e9rieur de l\u2019\u00e9ducation, de la formation et de la recherche scientifique","isPartOf":{"@id":"https:\/\/csefrs.lifemoz.com\/#website"},"primaryImageOfPage":{"@id":"https:\/\/csefrs.lifemoz.com\/fr\/publications\/revue-les-cahiers-de-leducation-et-de-la-formation\/#primaryimage"},"image":{"@id":"https:\/\/csefrs.lifemoz.com\/fr\/publications\/revue-les-cahiers-de-leducation-et-de-la-formation\/#primaryimage"},"thumbnailUrl":"https:\/\/csefrs.lifemoz.com\/wp-content\/uploads\/2025\/12\/Cahiers-de-le-ducation-et-de-la-formation-N12-fr-1.jpg","datePublished":"2014-07-03T00:00:00+00:00","dateModified":"2026-02-08T13:08:39+00:00","breadcrumb":{"@id":"https:\/\/csefrs.lifemoz.com\/fr\/publications\/revue-les-cahiers-de-leducation-et-de-la-formation\/#breadcrumb"},"inLanguage":"fr-FR","potentialAction":[{"@type":"ReadAction","target":["https:\/\/csefrs.lifemoz.com\/fr\/publications\/revue-les-cahiers-de-leducation-et-de-la-formation\/"]}]},{"@type":"ImageObject","inLanguage":"fr-FR","@id":"https:\/\/csefrs.lifemoz.com\/fr\/publications\/revue-les-cahiers-de-leducation-et-de-la-formation\/#primaryimage","url":"https:\/\/csefrs.lifemoz.com\/wp-content\/uploads\/2025\/12\/Cahiers-de-le-ducation-et-de-la-formation-N12-fr-1.jpg","contentUrl":"https:\/\/csefrs.lifemoz.com\/wp-content\/uploads\/2025\/12\/Cahiers-de-le-ducation-et-de-la-formation-N12-fr-1.jpg","width":797,"height":1024},{"@type":"BreadcrumbList","@id":"https:\/\/csefrs.lifemoz.com\/fr\/publications\/revue-les-cahiers-de-leducation-et-de-la-formation\/#breadcrumb","itemListElement":[{"@type":"ListItem","position":1,"name":"Accueil","item":"https:\/\/csefrs.lifemoz.com\/fr\/"},{"@type":"ListItem","position":2,"name":"Publications","item":"https:\/\/csefrs.lifemoz.com\/\u0627\u0644\u0645\u0646\u0634\u0648\u0631\u0627\u062a\/"},{"@type":"ListItem","position":3,"name":"Revue \u00ab Les Cahiers de l\u2019\u00e9ducation et de la formation \u00bb"}]},{"@type":"WebSite","@id":"https:\/\/csefrs.lifemoz.com\/#website","url":"https:\/\/csefrs.lifemoz.com\/","name":"Conseil sup\u00e9rieur de l\u2019\u00e9ducation, de la formation et de la recherche scientifique","description":"","potentialAction":[{"@type":"SearchAction","target":{"@type":"EntryPoint","urlTemplate":"https:\/\/csefrs.lifemoz.com\/?s={search_term_string}"},"query-input":{"@type":"PropertyValueSpecification","valueRequired":true,"valueName":"search_term_string"}}],"inLanguage":"fr-FR"}]}},"_links":{"self":[{"href":"https:\/\/csefrs.lifemoz.com\/fr\/wp-json\/wp\/v2\/product\/37505","targetHints":{"allow":["GET"]}}],"collection":[{"href":"https:\/\/csefrs.lifemoz.com\/fr\/wp-json\/wp\/v2\/product"}],"about":[{"href":"https:\/\/csefrs.lifemoz.com\/fr\/wp-json\/wp\/v2\/types\/product"}],"wp:featuredmedia":[{"embeddable":true,"href":"https:\/\/csefrs.lifemoz.com\/fr\/wp-json\/wp\/v2\/media\/37116"}],"wp:attachment":[{"href":"https:\/\/csefrs.lifemoz.com\/fr\/wp-json\/wp\/v2\/media?parent=37505"}],"wp:term":[{"taxonomy":"product_brand","embeddable":true,"href":"https:\/\/csefrs.lifemoz.com\/fr\/wp-json\/wp\/v2\/product_brand?post=37505"},{"taxonomy":"product_cat","embeddable":true,"href":"https:\/\/csefrs.lifemoz.com\/fr\/wp-json\/wp\/v2\/product_cat?post=37505"},{"taxonomy":"product_tag","embeddable":true,"href":"https:\/\/csefrs.lifemoz.com\/fr\/wp-json\/wp\/v2\/product_tag?post=37505"}],"curies":[{"name":"wp","href":"https:\/\/api.w.org\/{rel}","templated":true}]}}